{"id":189531,"date":"2025-04-30T12:07:52","date_gmt":"2025-04-30T10:07:52","guid":{"rendered":"https:\/\/ueberlebenskunst.at\/survivalshop\/?post_type=product&#038;p=189531"},"modified":"2026-04-20T08:44:00","modified_gmt":"2026-04-20T06:44:00","slug":"survival-kit-bundle","status":"publish","type":"product","link":"https:\/\/ueberlebenskunst.at\/survivalshop\/shop\/survival-kit-bundle\/","title":{"rendered":"Survival Kit Bundle"},"content":{"rendered":"<p>Limitiert auf 50 St\u00fcck! Dieses wasserdichte Survival Kit Bundle gibt dir die M\u00f6glichkeit dein eigenes Set zusammenzustellen und gleichzeitig auf einer sinnvollen Konzept aufzubauen. Bestehend aus einem wasserdichten Aluminium-Container (mit den Au\u00dfenabmessungen: 30 x 130 mm, Innenabmessung: 28 x 128 mm, ca. 60 ml Volumen) und einem einfachen Anglerset mit Angelschnur, Angelhaken und weiterem Zubeh\u00f6r bist du gut ger\u00fcstet, um in langfristigen \u00dcberlebenssituationen besser improvisieren zu k\u00f6nnen.<\/p>\n<p><strong>Produktdetails Survival Container:<\/strong><\/p>\n<p>Mit diesem wasserdichten Container kannst du kleinere Ausr\u00fcstungsgegenst\u00e4nde wie z. B. Zundermaterial sicher verstauen. Wenn du den Container direkt an deinem Messer befestigen m\u00f6chtest, kannst du das mit unserem <a href=\"https:\/\/ueberlebenskunst.at\/survivalshop\/shop\/k4-universalhalter-fuer-survival-container\/\">K4 Universalhalter f\u00fcr Survival Container<\/a> tun. Dank der gro\u00dfen \u00d6se am oberen Deckel kannst du den Container auch mittels Karabiner befestigen. Der Container hat 2 schraubbare Deckel, damit du von beiden Seiten her Zugriff zu deiner Ausr\u00fcstung bekommst.<\/p>\n<ul>\n<li>Au\u00dfenabmessungen: 30 x 130 mm<\/li>\n<li>Innenabmessung: 28 x 128 mm, ca. 60 ml Volumen<\/li>\n<li>Material: Aluminium<\/li>\n<li>Gewicht: ca. 68 g<\/li>\n<\/ul>\n<p><strong>Produktdetails Survival Angler Mini Set:<\/strong><\/p>\n<p>Erweitere deine Ausr\u00fcstung mit unserem umfassenden Survival Angler Mini Set, perfekt f\u00fcr Survival- und Outdoorsituationen. Dieses Fischer Zubeh\u00f6rset enth\u00e4lt ausreichend Schnur, verschiedene Haken und Gewichte, die dir das Angeln in schwierigen Lagen \u00fcberhaupt erm\u00f6glichen. Das Zubeh\u00f6r \u00fcberzeugt durch ein kleines Packma\u00df und leichtes Gewicht, wodurch es sich ideal f\u00fcr unterwegs eignet. Mit diesem Set bist du stets bestens ausger\u00fcstet.<\/p>\n<p>&nbsp;<\/p>\n<h3>Passende Erg\u00e4nzungen (extra erh\u00e4ltlich):<\/h3>\n<ul>\n<li><a href=\"https:\/\/ueberlebenskunst.at\/survivalshop\/shop\/k4-adc-lampen-bic-halterung-inkl-edc-k4-lampe-mini\/\" target=\"_blank\" rel=\"noopener\">K4 ADC Lampen<\/a><\/li>\n<li><a href=\"https:\/\/ueberlebenskunst.at\/survivalshop\/shop\/k4-all-day-carry-feuerzeug-huelle-kopie\/\" target=\"_blank\" rel=\"noopener\">K4 All Day Carry Feuerzeug H\u00fclle f\u00fcr BIC\u00ae<\/a><\/li>\n<li><a href=\"https:\/\/ueberlebenskunst.at\/survivalshop\/shop\/k4-adc-feuerstahlhalter\/\" target=\"_blank\" rel=\"noopener\">Survival EDC Feuerstahlhalter inkl. Feuerstahl<\/a><\/li>\n<li><a href=\"https:\/\/ueberlebenskunst.at\/survivalshop\/shop\/feuermach-brennlupe\/\" target=\"_blank\" rel=\"noopener\">Feuermach Brennlupe<\/a><\/li>\n<li><a href=\"https:\/\/ueberlebenskunst.at\/survivalshop\/shop\/rettungsdecke-in-profi-qualitaet\/\" target=\"_blank\" rel=\"noopener\">Rettungsdecke in Profi-Qualit\u00e4t gold<\/a><\/li>\n<li><a href=\"https:\/\/ueberlebenskunst.at\/survivalshop\/shop\/k4-universalhalter-fuer-survival-container\/\" target=\"_blank\" rel=\"noopener\">K4 Universalhalter f\u00fcr Survival Container<\/a><\/li>\n<\/ul>\n","protected":false},"excerpt":{"rendered":"<p>Limitiert auf 50 St\u00fcck! Dieses wasserdichte Survival Kit Bundle gibt dir die M\u00f6glichkeit dein eigenes Set zusammenzustellen und gleichzeitig auf einer sinnvollen Konzept aufzubauen. Bestehend aus einem wasserdichten Aluminium-Container (mit den Au\u00dfenabmessungen: 30 x 130 mm, Innenabmessung: 28 x 128 mm, ca. 60 ml Volumen) und einem einfachen Anglerset mit Angelschnur, Angelhaken und weiterem Zubeh\u00f6r [&hellip;]<\/p>\n","protected":false},"featured_media":189534,"comment_status":"open","ping_status":"closed","template":"","meta":{"_acf_changed":false},"product_brand":[],"product_cat":[1101,1945],"product_tag":[],"class_list":{"0":"post-189531","1":"product","2":"type-product","3":"status-publish","4":"has-post-thumbnail","6":"product_cat-ausruestung","7":"product_cat-survivalausruestung","9":"first","10":"instock","11":"taxable","12":"shipping-taxable","13":"purchasable","14":"product-type-simple"},"acf":[],"yoast_head":"<!-- This site is optimized with the Yoast SEO plugin v27.1.1 - https:\/\/yoast.com\/product\/yoast-seo-wordpress\/ -->\n<title>Survival Kit Bundle - Reini Rossmann - Survival Shop<\/title>\n<meta name=\"description\" content=\"Limitiert auf 50 St\u00fcck! Dieses wasserdichte Survival Kit Bundle gibt dir die M\u00f6glichkeit dein eigenes Set zusammenzustellen und gleichzeitig auf einer sinnvollen Konzept aufzubauen.\" \/>\n<meta name=\"robots\" content=\"index, follow, max-snippet:-1, max-image-preview:large, max-video-preview:-1\" \/>\n<link rel=\"canonical\" href=\"https:\/\/ueberlebenskunst.at\/survivalshop\/shop\/survival-kit-bundle\/\" \/>\n<meta property=\"og:locale\" content=\"de_DE\" \/>\n<meta property=\"og:type\" content=\"article\" \/>\n<meta property=\"og:title\" content=\"Survival Kit Bundle - Reini Rossmann - Survival Shop\" \/>\n<meta property=\"og:description\" content=\"Limitiert auf 50 St\u00fcck! Dieses wasserdichte Survival Kit Bundle gibt dir die M\u00f6glichkeit dein eigenes Set zusammenzustellen und gleichzeitig auf einer sinnvollen Konzept aufzubauen.\" \/>\n<meta property=\"og:url\" content=\"https:\/\/ueberlebenskunst.at\/survivalshop\/shop\/survival-kit-bundle\/\" \/>\n<meta property=\"og:site_name\" content=\"Reini Rossmann - Survival Shop\" \/>\n<meta property=\"article:publisher\" content=\"https:\/\/www.facebook.com\/survival24.org\/\" \/>\n<meta property=\"article:modified_time\" content=\"2026-04-20T06:44:00+00:00\" \/>\n<meta property=\"og:image\" content=\"https:\/\/ueberlebenskunst.at\/survivalshop\/wp-content\/uploads\/2025\/04\/survivalkitbundle.jpg\" \/>\n\t<meta property=\"og:image:width\" content=\"400\" \/>\n\t<meta property=\"og:image:height\" content=\"400\" \/>\n\t<meta property=\"og:image:type\" content=\"image\/jpeg\" \/>\n<meta name=\"twitter:card\" content=\"summary_large_image\" \/>\n<meta name=\"twitter:label1\" content=\"Gesch\u00e4tzte Lesezeit\" \/>\n\t<meta name=\"twitter:data1\" content=\"2\u00a0Minuten\" \/>\n<script type=\"application\/ld+json\" class=\"yoast-schema-graph\">{\"@context\":\"https:\/\/schema.org\",\"@graph\":[{\"@type\":\"WebPage\",\"@id\":\"https:\/\/ueberlebenskunst.at\/survivalshop\/shop\/survival-kit-bundle\/\",\"url\":\"https:\/\/ueberlebenskunst.at\/survivalshop\/shop\/survival-kit-bundle\/\",\"name\":\"Survival Kit Bundle - Reini Rossmann - Survival Shop\",\"isPartOf\":{\"@id\":\"https:\/\/ueberlebenskunst.at\/survivalshop\/#website\"},\"primaryImageOfPage\":{\"@id\":\"https:\/\/ueberlebenskunst.at\/survivalshop\/shop\/survival-kit-bundle\/#primaryimage\"},\"image\":{\"@id\":\"https:\/\/ueberlebenskunst.at\/survivalshop\/shop\/survival-kit-bundle\/#primaryimage\"},\"thumbnailUrl\":\"https:\/\/ueberlebenskunst.at\/survivalshop\/wp-content\/uploads\/2025\/04\/survivalkitbundle.jpg\",\"datePublished\":\"2025-04-30T10:07:52+00:00\",\"dateModified\":\"2026-04-20T06:44:00+00:00\",\"description\":\"Limitiert auf 50 St\u00fcck! Dieses wasserdichte Survival Kit Bundle gibt dir die M\u00f6glichkeit dein eigenes Set zusammenzustellen und gleichzeitig auf einer sinnvollen Konzept aufzubauen.\",\"breadcrumb\":{\"@id\":\"https:\/\/ueberlebenskunst.at\/survivalshop\/shop\/survival-kit-bundle\/#breadcrumb\"},\"inLanguage\":\"de\",\"potentialAction\":[{\"@type\":\"ReadAction\",\"target\":[\"https:\/\/ueberlebenskunst.at\/survivalshop\/shop\/survival-kit-bundle\/\"]}]},{\"@type\":\"ImageObject\",\"inLanguage\":\"de\",\"@id\":\"https:\/\/ueberlebenskunst.at\/survivalshop\/shop\/survival-kit-bundle\/#primaryimage\",\"url\":\"https:\/\/ueberlebenskunst.at\/survivalshop\/wp-content\/uploads\/2025\/04\/survivalkitbundle.jpg\",\"contentUrl\":\"https:\/\/ueberlebenskunst.at\/survivalshop\/wp-content\/uploads\/2025\/04\/survivalkitbundle.jpg\",\"width\":400,\"height\":400},{\"@type\":\"BreadcrumbList\",\"@id\":\"https:\/\/ueberlebenskunst.at\/survivalshop\/shop\/survival-kit-bundle\/#breadcrumb\",\"itemListElement\":[{\"@type\":\"ListItem\",\"position\":1,\"name\":\"Startseite\",\"item\":\"https:\/\/ueberlebenskunst.at\/survivalshop\/\"},{\"@type\":\"ListItem\",\"position\":2,\"name\":\"Shop\",\"item\":\"https:\/\/ueberlebenskunst.at\/survivalshop\/shop\/\"},{\"@type\":\"ListItem\",\"position\":3,\"name\":\"Survival Kit Bundle\"}]},{\"@type\":\"WebSite\",\"@id\":\"https:\/\/ueberlebenskunst.at\/survivalshop\/#website\",\"url\":\"https:\/\/ueberlebenskunst.at\/survivalshop\/\",\"name\":\"Reini Rossmann - Survival Shop\",\"description\":\"Survival Shop f\u00fcr Survival, Bushcraft und Prepper\",\"potentialAction\":[{\"@type\":\"SearchAction\",\"target\":{\"@type\":\"EntryPoint\",\"urlTemplate\":\"https:\/\/ueberlebenskunst.at\/survivalshop\/?s={search_term_string}\"},\"query-input\":{\"@type\":\"PropertyValueSpecification\",\"valueRequired\":true,\"valueName\":\"search_term_string\"}}],\"inLanguage\":\"de\"}]}<\/script>\n<!-- \/ Yoast SEO plugin. -->","yoast_head_json":{"title":"Survival Kit Bundle - Reini Rossmann - Survival Shop","description":"Limitiert auf 50 St\u00fcck! Dieses wasserdichte Survival Kit Bundle gibt dir die M\u00f6glichkeit dein eigenes Set zusammenzustellen und gleichzeitig auf einer sinnvollen Konzept aufzubauen.","robots":{"index":"index","follow":"follow","max-snippet":"max-snippet:-1","max-image-preview":"max-image-preview:large","max-video-preview":"max-video-preview:-1"},"canonical":"https:\/\/ueberlebenskunst.at\/survivalshop\/shop\/survival-kit-bundle\/","og_locale":"de_DE","og_type":"article","og_title":"Survival Kit Bundle - Reini Rossmann - Survival Shop","og_description":"Limitiert auf 50 St\u00fcck! Dieses wasserdichte Survival Kit Bundle gibt dir die M\u00f6glichkeit dein eigenes Set zusammenzustellen und gleichzeitig auf einer sinnvollen Konzept aufzubauen.","og_url":"https:\/\/ueberlebenskunst.at\/survivalshop\/shop\/survival-kit-bundle\/","og_site_name":"Reini Rossmann - Survival Shop","article_publisher":"https:\/\/www.facebook.com\/survival24.org\/","article_modified_time":"2026-04-20T06:44:00+00:00","og_image":[{"width":400,"height":400,"url":"https:\/\/ueberlebenskunst.at\/survivalshop\/wp-content\/uploads\/2025\/04\/survivalkitbundle.jpg","type":"image\/jpeg"}],"twitter_card":"summary_large_image","twitter_misc":{"Gesch\u00e4tzte Lesezeit":"2\u00a0Minuten"},"schema":{"@context":"https:\/\/schema.org","@graph":[{"@type":"WebPage","@id":"https:\/\/ueberlebenskunst.at\/survivalshop\/shop\/survival-kit-bundle\/","url":"https:\/\/ueberlebenskunst.at\/survivalshop\/shop\/survival-kit-bundle\/","name":"Survival Kit Bundle - Reini Rossmann - Survival Shop","isPartOf":{"@id":"https:\/\/ueberlebenskunst.at\/survivalshop\/#website"},"primaryImageOfPage":{"@id":"https:\/\/ueberlebenskunst.at\/survivalshop\/shop\/survival-kit-bundle\/#primaryimage"},"image":{"@id":"https:\/\/ueberlebenskunst.at\/survivalshop\/shop\/survival-kit-bundle\/#primaryimage"},"thumbnailUrl":"https:\/\/ueberlebenskunst.at\/survivalshop\/wp-content\/uploads\/2025\/04\/survivalkitbundle.jpg","datePublished":"2025-04-30T10:07:52+00:00","dateModified":"2026-04-20T06:44:00+00:00","description":"Limitiert auf 50 St\u00fcck! Dieses wasserdichte Survival Kit Bundle gibt dir die M\u00f6glichkeit dein eigenes Set zusammenzustellen und gleichzeitig auf einer sinnvollen Konzept aufzubauen.","breadcrumb":{"@id":"https:\/\/ueberlebenskunst.at\/survivalshop\/shop\/survival-kit-bundle\/#breadcrumb"},"inLanguage":"de","potentialAction":[{"@type":"ReadAction","target":["https:\/\/ueberlebenskunst.at\/survivalshop\/shop\/survival-kit-bundle\/"]}]},{"@type":"ImageObject","inLanguage":"de","@id":"https:\/\/ueberlebenskunst.at\/survivalshop\/shop\/survival-kit-bundle\/#primaryimage","url":"https:\/\/ueberlebenskunst.at\/survivalshop\/wp-content\/uploads\/2025\/04\/survivalkitbundle.jpg","contentUrl":"https:\/\/ueberlebenskunst.at\/survivalshop\/wp-content\/uploads\/2025\/04\/survivalkitbundle.jpg","width":400,"height":400},{"@type":"BreadcrumbList","@id":"https:\/\/ueberlebenskunst.at\/survivalshop\/shop\/survival-kit-bundle\/#breadcrumb","itemListElement":[{"@type":"ListItem","position":1,"name":"Startseite","item":"https:\/\/ueberlebenskunst.at\/survivalshop\/"},{"@type":"ListItem","position":2,"name":"Shop","item":"https:\/\/ueberlebenskunst.at\/survivalshop\/shop\/"},{"@type":"ListItem","position":3,"name":"Survival Kit Bundle"}]},{"@type":"WebSite","@id":"https:\/\/ueberlebenskunst.at\/survivalshop\/#website","url":"https:\/\/ueberlebenskunst.at\/survivalshop\/","name":"Reini Rossmann - Survival Shop","description":"Survival Shop f\u00fcr Survival, Bushcraft und Prepper","potentialAction":[{"@type":"SearchAction","target":{"@type":"EntryPoint","urlTemplate":"https:\/\/ueberlebenskunst.at\/survivalshop\/?s={search_term_string}"},"query-input":{"@type":"PropertyValueSpecification","valueRequired":true,"valueName":"search_term_string"}}],"inLanguage":"de"}]}},"_links":{"self":[{"href":"https:\/\/ueberlebenskunst.at\/survivalshop\/wp-json\/wp\/v2\/product\/189531","targetHints":{"allow":["GET"]}}],"collection":[{"href":"https:\/\/ueberlebenskunst.at\/survivalshop\/wp-json\/wp\/v2\/product"}],"about":[{"href":"https:\/\/ueberlebenskunst.at\/survivalshop\/wp-json\/wp\/v2\/types\/product"}],"replies":[{"embeddable":true,"href":"https:\/\/ueberlebenskunst.at\/survivalshop\/wp-json\/wp\/v2\/comments?post=189531"}],"wp:featuredmedia":[{"embeddable":true,"href":"https:\/\/ueberlebenskunst.at\/survivalshop\/wp-json\/wp\/v2\/media\/189534"}],"wp:attachment":[{"href":"https:\/\/ueberlebenskunst.at\/survivalshop\/wp-json\/wp\/v2\/media?parent=189531"}],"wp:term":[{"taxonomy":"product_brand","embeddable":true,"href":"https:\/\/ueberlebenskunst.at\/survivalshop\/wp-json\/wp\/v2\/product_brand?post=189531"},{"taxonomy":"product_cat","embeddable":true,"href":"https:\/\/ueberlebenskunst.at\/survivalshop\/wp-json\/wp\/v2\/product_cat?post=189531"},{"taxonomy":"product_tag","embeddable":true,"href":"https:\/\/ueberlebenskunst.at\/survivalshop\/wp-json\/wp\/v2\/product_tag?post=189531"}],"curies":[{"name":"wp","href":"https:\/\/api.w.org\/{rel}","templated":true}]}}