{"id":18800,"date":"2020-11-03T00:13:47","date_gmt":"2020-11-02T22:13:47","guid":{"rendered":"https:\/\/ueberlebenskunst.at\/survivalshop\/survivalshop\/?post_type=product&#038;p=18800"},"modified":"2024-03-21T07:34:53","modified_gmt":"2024-03-21T06:34:53","slug":"batterie-set-cr123a","status":"seo-produkt","type":"product","link":"https:\/\/ueberlebenskunst.at\/survivalshop\/shop\/batterie-set-cr123a\/","title":{"rendered":"Batterie-Set CR123A"},"content":{"rendered":"<p>Im\u00a0 Batterie-Set CR123A sind zwei Lithium Batterien enthalten. Diese wirklich hochwertigen Batterien mit 3V Spannung und 1550mAh sind f\u00fcr die <a href=\"https:\/\/ueberlebenskunst.at\/survivalshop\/shop\/sure-fire-aviator-red\/\" target=\"_blank\" rel=\"noopener noreferrer\">Sure Fire Taschenlampen<\/a> konzipiert. K\u00f6nnen jedoch auch bei anderen Ger\u00e4ten zum Einsatz kommen. Die Batterien haben laut Hersteller eine Lagerf\u00e4higkeit von bis zu 10 Jahren.<\/p>\n<p>2 Stk CR123A Batterien<\/p>\n<p>&nbsp;<\/p>\n<p>passend auch f\u00fcr z.B.:\u00a0 <a href=\"https:\/\/ueberlebenskunst.at\/survivalshop\/shop\/waermebild-zielfernrohrsecutor-ts25-384\/\" target=\"_blank\" rel=\"noopener noreferrer\">W\u00e4rmebild ZielfernrohrSecutor TS25-384\u00a0 <\/a>sowie <a href=\"http:\/\/Blackout Lampe Walther PRO GL 1500r\" target=\"_blank\" rel=\"noopener noreferrer\">Blackout Lampe Walther PRO GL 1500r<\/a><\/p>\n","protected":false},"excerpt":{"rendered":"<p>Laut Hersteller 10 Jahre Lagerf\u00e4hig<\/p>\n","protected":false},"featured_media":18778,"comment_status":"open","ping_status":"closed","template":"","meta":{"_acf_changed":false},"product_brand":[],"product_cat":[426],"product_tag":[],"class_list":{"0":"post-18800","1":"product","2":"type-product","3":"status-seo-produkt","4":"has-post-thumbnail","6":"product_cat-unkategorisiert","8":"first","9":"outofstock","10":"taxable","11":"shipping-taxable","12":"product-type-simple"},"acf":[],"yoast_head":"<!-- This site is optimized with the Yoast SEO plugin v27.1.1 - https:\/\/yoast.com\/product\/yoast-seo-wordpress\/ -->\n<title>Batterie-Set CR123A konzipiert f\u00fcr die Sure Fire Taschenlampen<\/title>\n<meta name=\"description\" content=\"In dem Batterie-Set CR123A sind zwei hochwertige bis zu zehn Jahre lang lagerf\u00e4hige Lithium Batterien enthalten .\" \/>\n<meta name=\"robots\" content=\"index, follow, max-snippet:-1, max-image-preview:large, max-video-preview:-1\" \/>\n<link rel=\"canonical\" href=\"https:\/\/ueberlebenskunst.at\/survivalshop\/shop\/batterie-set-cr123a\/\" \/>\n<meta property=\"og:locale\" content=\"de_DE\" \/>\n<meta property=\"og:type\" content=\"article\" \/>\n<meta property=\"og:title\" content=\"Batterie-Set CR123A konzipiert f\u00fcr die Sure Fire Taschenlampen\" \/>\n<meta property=\"og:description\" content=\"In dem Batterie-Set CR123A sind zwei hochwertige bis zu zehn Jahre lang lagerf\u00e4hige Lithium Batterien enthalten .\" \/>\n<meta property=\"og:url\" content=\"https:\/\/ueberlebenskunst.at\/survivalshop\/shop\/batterie-set-cr123a\/\" \/>\n<meta property=\"og:site_name\" content=\"Reini Rossmann - Survival Shop\" \/>\n<meta property=\"article:publisher\" content=\"https:\/\/www.facebook.com\/survival24.org\/\" \/>\n<meta property=\"article:modified_time\" content=\"2024-03-21T06:34:53+00:00\" \/>\n<meta property=\"og:image\" content=\"https:\/\/ueberlebenskunst.at\/survivalshop\/wp-content\/uploads\/2020\/11\/AB02-09SF058.jpg\" \/>\n\t<meta property=\"og:image:width\" content=\"600\" \/>\n\t<meta property=\"og:image:height\" content=\"447\" \/>\n\t<meta property=\"og:image:type\" content=\"image\/jpeg\" \/>\n<meta name=\"twitter:card\" content=\"summary_large_image\" \/>\n<meta name=\"twitter:label1\" content=\"Gesch\u00e4tzte Lesezeit\" \/>\n\t<meta name=\"twitter:data1\" content=\"1\u00a0Minute\" \/>\n<script type=\"application\/ld+json\" class=\"yoast-schema-graph\">{\"@context\":\"https:\/\/schema.org\",\"@graph\":[{\"@type\":\"WebPage\",\"@id\":\"https:\/\/ueberlebenskunst.at\/survivalshop\/shop\/batterie-set-cr123a\/\",\"url\":\"https:\/\/ueberlebenskunst.at\/survivalshop\/shop\/batterie-set-cr123a\/\",\"name\":\"Batterie-Set CR123A konzipiert f\u00fcr die Sure Fire Taschenlampen\",\"isPartOf\":{\"@id\":\"https:\/\/ueberlebenskunst.at\/survivalshop\/#website\"},\"primaryImageOfPage\":{\"@id\":\"https:\/\/ueberlebenskunst.at\/survivalshop\/shop\/batterie-set-cr123a\/#primaryimage\"},\"image\":{\"@id\":\"https:\/\/ueberlebenskunst.at\/survivalshop\/shop\/batterie-set-cr123a\/#primaryimage\"},\"thumbnailUrl\":\"https:\/\/ueberlebenskunst.at\/survivalshop\/wp-content\/uploads\/2020\/11\/AB02-09SF058.jpg\",\"datePublished\":\"2020-11-02T22:13:47+00:00\",\"dateModified\":\"2024-03-21T06:34:53+00:00\",\"description\":\"In dem Batterie-Set CR123A sind zwei hochwertige bis zu zehn Jahre lang lagerf\u00e4hige Lithium Batterien enthalten .\",\"breadcrumb\":{\"@id\":\"https:\/\/ueberlebenskunst.at\/survivalshop\/shop\/batterie-set-cr123a\/#breadcrumb\"},\"inLanguage\":\"de\",\"potentialAction\":[{\"@type\":\"ReadAction\",\"target\":[\"https:\/\/ueberlebenskunst.at\/survivalshop\/shop\/batterie-set-cr123a\/\"]}]},{\"@type\":\"ImageObject\",\"inLanguage\":\"de\",\"@id\":\"https:\/\/ueberlebenskunst.at\/survivalshop\/shop\/batterie-set-cr123a\/#primaryimage\",\"url\":\"https:\/\/ueberlebenskunst.at\/survivalshop\/wp-content\/uploads\/2020\/11\/AB02-09SF058.jpg\",\"contentUrl\":\"https:\/\/ueberlebenskunst.at\/survivalshop\/wp-content\/uploads\/2020\/11\/AB02-09SF058.jpg\",\"width\":600,\"height\":447},{\"@type\":\"BreadcrumbList\",\"@id\":\"https:\/\/ueberlebenskunst.at\/survivalshop\/shop\/batterie-set-cr123a\/#breadcrumb\",\"itemListElement\":[{\"@type\":\"ListItem\",\"position\":1,\"name\":\"Startseite\",\"item\":\"https:\/\/ueberlebenskunst.at\/survivalshop\/\"},{\"@type\":\"ListItem\",\"position\":2,\"name\":\"Shop\",\"item\":\"https:\/\/ueberlebenskunst.at\/survivalshop\/shop\/\"},{\"@type\":\"ListItem\",\"position\":3,\"name\":\"Batterie-Set CR123A\"}]},{\"@type\":\"WebSite\",\"@id\":\"https:\/\/ueberlebenskunst.at\/survivalshop\/#website\",\"url\":\"https:\/\/ueberlebenskunst.at\/survivalshop\/\",\"name\":\"Reini Rossmann - Survival Shop\",\"description\":\"Survival Shop f\u00fcr Survival, Bushcraft und Prepper\",\"potentialAction\":[{\"@type\":\"SearchAction\",\"target\":{\"@type\":\"EntryPoint\",\"urlTemplate\":\"https:\/\/ueberlebenskunst.at\/survivalshop\/?s={search_term_string}\"},\"query-input\":{\"@type\":\"PropertyValueSpecification\",\"valueRequired\":true,\"valueName\":\"search_term_string\"}}],\"inLanguage\":\"de\"}]}<\/script>\n<!-- \/ Yoast SEO plugin. -->","yoast_head_json":{"title":"Batterie-Set CR123A konzipiert f\u00fcr die Sure Fire Taschenlampen","description":"In dem Batterie-Set CR123A sind zwei hochwertige bis zu zehn Jahre lang lagerf\u00e4hige Lithium Batterien enthalten .","robots":{"index":"index","follow":"follow","max-snippet":"max-snippet:-1","max-image-preview":"max-image-preview:large","max-video-preview":"max-video-preview:-1"},"canonical":"https:\/\/ueberlebenskunst.at\/survivalshop\/shop\/batterie-set-cr123a\/","og_locale":"de_DE","og_type":"article","og_title":"Batterie-Set CR123A konzipiert f\u00fcr die Sure Fire Taschenlampen","og_description":"In dem Batterie-Set CR123A sind zwei hochwertige bis zu zehn Jahre lang lagerf\u00e4hige Lithium Batterien enthalten .","og_url":"https:\/\/ueberlebenskunst.at\/survivalshop\/shop\/batterie-set-cr123a\/","og_site_name":"Reini Rossmann - Survival Shop","article_publisher":"https:\/\/www.facebook.com\/survival24.org\/","article_modified_time":"2024-03-21T06:34:53+00:00","og_image":[{"width":600,"height":447,"url":"https:\/\/ueberlebenskunst.at\/survivalshop\/wp-content\/uploads\/2020\/11\/AB02-09SF058.jpg","type":"image\/jpeg"}],"twitter_card":"summary_large_image","twitter_misc":{"Gesch\u00e4tzte Lesezeit":"1\u00a0Minute"},"schema":{"@context":"https:\/\/schema.org","@graph":[{"@type":"WebPage","@id":"https:\/\/ueberlebenskunst.at\/survivalshop\/shop\/batterie-set-cr123a\/","url":"https:\/\/ueberlebenskunst.at\/survivalshop\/shop\/batterie-set-cr123a\/","name":"Batterie-Set CR123A konzipiert f\u00fcr die Sure Fire Taschenlampen","isPartOf":{"@id":"https:\/\/ueberlebenskunst.at\/survivalshop\/#website"},"primaryImageOfPage":{"@id":"https:\/\/ueberlebenskunst.at\/survivalshop\/shop\/batterie-set-cr123a\/#primaryimage"},"image":{"@id":"https:\/\/ueberlebenskunst.at\/survivalshop\/shop\/batterie-set-cr123a\/#primaryimage"},"thumbnailUrl":"https:\/\/ueberlebenskunst.at\/survivalshop\/wp-content\/uploads\/2020\/11\/AB02-09SF058.jpg","datePublished":"2020-11-02T22:13:47+00:00","dateModified":"2024-03-21T06:34:53+00:00","description":"In dem Batterie-Set CR123A sind zwei hochwertige bis zu zehn Jahre lang lagerf\u00e4hige Lithium Batterien enthalten .","breadcrumb":{"@id":"https:\/\/ueberlebenskunst.at\/survivalshop\/shop\/batterie-set-cr123a\/#breadcrumb"},"inLanguage":"de","potentialAction":[{"@type":"ReadAction","target":["https:\/\/ueberlebenskunst.at\/survivalshop\/shop\/batterie-set-cr123a\/"]}]},{"@type":"ImageObject","inLanguage":"de","@id":"https:\/\/ueberlebenskunst.at\/survivalshop\/shop\/batterie-set-cr123a\/#primaryimage","url":"https:\/\/ueberlebenskunst.at\/survivalshop\/wp-content\/uploads\/2020\/11\/AB02-09SF058.jpg","contentUrl":"https:\/\/ueberlebenskunst.at\/survivalshop\/wp-content\/uploads\/2020\/11\/AB02-09SF058.jpg","width":600,"height":447},{"@type":"BreadcrumbList","@id":"https:\/\/ueberlebenskunst.at\/survivalshop\/shop\/batterie-set-cr123a\/#breadcrumb","itemListElement":[{"@type":"ListItem","position":1,"name":"Startseite","item":"https:\/\/ueberlebenskunst.at\/survivalshop\/"},{"@type":"ListItem","position":2,"name":"Shop","item":"https:\/\/ueberlebenskunst.at\/survivalshop\/shop\/"},{"@type":"ListItem","position":3,"name":"Batterie-Set CR123A"}]},{"@type":"WebSite","@id":"https:\/\/ueberlebenskunst.at\/survivalshop\/#website","url":"https:\/\/ueberlebenskunst.at\/survivalshop\/","name":"Reini Rossmann - Survival Shop","description":"Survival Shop f\u00fcr Survival, Bushcraft und Prepper","potentialAction":[{"@type":"SearchAction","target":{"@type":"EntryPoint","urlTemplate":"https:\/\/ueberlebenskunst.at\/survivalshop\/?s={search_term_string}"},"query-input":{"@type":"PropertyValueSpecification","valueRequired":true,"valueName":"search_term_string"}}],"inLanguage":"de"}]}},"_links":{"self":[{"href":"https:\/\/ueberlebenskunst.at\/survivalshop\/wp-json\/wp\/v2\/product\/18800","targetHints":{"allow":["GET"]}}],"collection":[{"href":"https:\/\/ueberlebenskunst.at\/survivalshop\/wp-json\/wp\/v2\/product"}],"about":[{"href":"https:\/\/ueberlebenskunst.at\/survivalshop\/wp-json\/wp\/v2\/types\/product"}],"replies":[{"embeddable":true,"href":"https:\/\/ueberlebenskunst.at\/survivalshop\/wp-json\/wp\/v2\/comments?post=18800"}],"wp:featuredmedia":[{"embeddable":true,"href":"https:\/\/ueberlebenskunst.at\/survivalshop\/wp-json\/wp\/v2\/media\/18778"}],"wp:attachment":[{"href":"https:\/\/ueberlebenskunst.at\/survivalshop\/wp-json\/wp\/v2\/media?parent=18800"}],"wp:term":[{"taxonomy":"product_brand","embeddable":true,"href":"https:\/\/ueberlebenskunst.at\/survivalshop\/wp-json\/wp\/v2\/product_brand?post=18800"},{"taxonomy":"product_cat","embeddable":true,"href":"https:\/\/ueberlebenskunst.at\/survivalshop\/wp-json\/wp\/v2\/product_cat?post=18800"},{"taxonomy":"product_tag","embeddable":true,"href":"https:\/\/ueberlebenskunst.at\/survivalshop\/wp-json\/wp\/v2\/product_tag?post=18800"}],"curies":[{"name":"wp","href":"https:\/\/api.w.org\/{rel}","templated":true}]}}