{"id":18785,"date":"2020-11-02T21:23:03","date_gmt":"2020-11-02T19:23:03","guid":{"rendered":"https:\/\/ueberlebenskunst.at\/survivalshop\/survivalshop\/?post_type=product&#038;p=18785"},"modified":"2024-03-21T07:35:25","modified_gmt":"2024-03-21T06:35:25","slug":"pivot-knife-sharpener","status":"seo-produkt","type":"product","link":"https:\/\/ueberlebenskunst.at\/survivalshop\/shop\/pivot-knife-sharpener\/","title":{"rendered":"Pivot Knife Sharpener"},"content":{"rendered":"<p>Mit dem Work Sharp Pivot Knife Sharpener hast du 3 Elemente zum sch\u00e4rfen. Eine Seite ist geeignet um dem Messer\/Werkzeug eine Grundsch\u00e4rfe zu verapassen und die andere Seite sorgt f\u00fcr den idealen Feinschliff. F\u00fcr den Grundschliff sorgen zwei Karbidelemente und der Feinschliff erfolgt mittels zwei Keramikst\u00e4ben. Zus\u00e4tzlich ist noch eine Diamentschleifscheibe mit einer mittleren K\u00f6rnung angebracht. Mit ihr kannst du Messer undWerkzeuge nachbearbeiten. Durch die Federrungen bei den Karbidelemente folgen diese dem Messer ideal und gleichm\u00e4\u00dfig, was ein &#8220;verschleifen&#8221; des Messers fast unm\u00f6glich macht. Grunds\u00e4tzlich ist der Pivot Knife Sharpener so klein, dass er in jede Tasche passt. Trotzdem bietet der Fangriemen im Eck eine zus\u00e4tzliche Befestigungsm\u00f6glichkeit.<\/p>\n<p>Eine \u00e4hnliche Ausf\u00fchrung und einfache Handhabung bietet dir der <a href=\"https:\/\/ueberlebenskunst.at\/survivalshop\/shop\/knife-sharpener-block-oliv\/\" target=\"_blank\" rel=\"noopener noreferrer\">Knife Sharpener Block<\/a><br \/>\nWenn du ein sehr exaktes Sch\u00e4rfeger\u00e4t haben m\u00f6chtest w\u00e4re vielleicht der <a href=\"https:\/\/ueberlebenskunst.at\/survivalshop\/shop\/belgischer-brocken-coticule\/\" target=\"_blank\" rel=\"noopener noreferrer\">Belgischer Brocken Coticule <\/a>etwas f\u00fcr dich.<\/p>\n<p>L\u00e4nge: <span class=\"entry--content\">7 cm<br \/>\nGewicht: 68g<br \/>\nFarbe: Schwarz\/Gelb<\/span><\/p>\n","protected":false},"excerpt":{"rendered":"<p>3 Schleifelemente in einem<\/p>\n","protected":false},"featured_media":18765,"comment_status":"open","ping_status":"closed","template":"","meta":{"_acf_changed":false},"product_brand":[],"product_cat":[426],"product_tag":[634,635],"class_list":{"0":"post-18785","1":"product","2":"type-product","3":"status-seo-produkt","4":"has-post-thumbnail","6":"product_cat-unkategorisiert","7":"product_tag-diamantschaerfflaeche","8":"product_tag-keramikschaerfflaeche","10":"first","11":"outofstock","12":"taxable","13":"shipping-taxable","14":"product-type-simple"},"acf":[],"yoast_head":"<!-- This site is optimized with the Yoast SEO plugin v27.1.1 - https:\/\/yoast.com\/product\/yoast-seo-wordpress\/ -->\n<title>Pivot Knife Sharpener mit 3 Schleifelementen in einem<\/title>\n<meta name=\"description\" content=\"Der Pivot Knife Sharpener passt in jede Hosentasche und kann mit seinen 68g auch bei leichterem Gep\u00e4ck mit dabei sein.\" \/>\n<meta name=\"robots\" content=\"index, follow, max-snippet:-1, max-image-preview:large, max-video-preview:-1\" \/>\n<link rel=\"canonical\" href=\"https:\/\/ueberlebenskunst.at\/survivalshop\/shop\/pivot-knife-sharpener\/\" \/>\n<meta property=\"og:locale\" content=\"de_DE\" \/>\n<meta property=\"og:type\" content=\"article\" \/>\n<meta property=\"og:title\" content=\"Pivot Knife Sharpener mit 3 Schleifelementen in einem\" \/>\n<meta property=\"og:description\" content=\"Der Pivot Knife Sharpener passt in jede Hosentasche und kann mit seinen 68g auch bei leichterem Gep\u00e4ck mit dabei sein.\" \/>\n<meta property=\"og:url\" content=\"https:\/\/ueberlebenskunst.at\/survivalshop\/shop\/pivot-knife-sharpener\/\" \/>\n<meta property=\"og:site_name\" content=\"Reini Rossmann - Survival Shop\" \/>\n<meta property=\"article:publisher\" content=\"https:\/\/www.facebook.com\/survival24.org\/\" \/>\n<meta property=\"article:modified_time\" content=\"2024-03-21T06:35:25+00:00\" \/>\n<meta property=\"og:image\" content=\"https:\/\/ueberlebenskunst.at\/survivalshop\/wp-content\/uploads\/2020\/11\/AB02-09DX155.jpg\" \/>\n\t<meta property=\"og:image:width\" content=\"1280\" \/>\n\t<meta property=\"og:image:height\" content=\"953\" \/>\n\t<meta property=\"og:image:type\" content=\"image\/jpeg\" \/>\n<meta name=\"twitter:card\" content=\"summary_large_image\" \/>\n<meta name=\"twitter:label1\" content=\"Gesch\u00e4tzte Lesezeit\" \/>\n\t<meta name=\"twitter:data1\" content=\"1\u00a0Minute\" \/>\n<script type=\"application\/ld+json\" class=\"yoast-schema-graph\">{\"@context\":\"https:\/\/schema.org\",\"@graph\":[{\"@type\":\"WebPage\",\"@id\":\"https:\/\/ueberlebenskunst.at\/survivalshop\/shop\/pivot-knife-sharpener\/\",\"url\":\"https:\/\/ueberlebenskunst.at\/survivalshop\/shop\/pivot-knife-sharpener\/\",\"name\":\"Pivot Knife Sharpener mit 3 Schleifelementen in einem\",\"isPartOf\":{\"@id\":\"https:\/\/ueberlebenskunst.at\/survivalshop\/#website\"},\"primaryImageOfPage\":{\"@id\":\"https:\/\/ueberlebenskunst.at\/survivalshop\/shop\/pivot-knife-sharpener\/#primaryimage\"},\"image\":{\"@id\":\"https:\/\/ueberlebenskunst.at\/survivalshop\/shop\/pivot-knife-sharpener\/#primaryimage\"},\"thumbnailUrl\":\"https:\/\/ueberlebenskunst.at\/survivalshop\/wp-content\/uploads\/2020\/11\/AB02-09DX155.jpg\",\"datePublished\":\"2020-11-02T19:23:03+00:00\",\"dateModified\":\"2024-03-21T06:35:25+00:00\",\"description\":\"Der Pivot Knife Sharpener passt in jede Hosentasche und kann mit seinen 68g auch bei leichterem Gep\u00e4ck mit dabei sein.\",\"breadcrumb\":{\"@id\":\"https:\/\/ueberlebenskunst.at\/survivalshop\/shop\/pivot-knife-sharpener\/#breadcrumb\"},\"inLanguage\":\"de\",\"potentialAction\":[{\"@type\":\"ReadAction\",\"target\":[\"https:\/\/ueberlebenskunst.at\/survivalshop\/shop\/pivot-knife-sharpener\/\"]}]},{\"@type\":\"ImageObject\",\"inLanguage\":\"de\",\"@id\":\"https:\/\/ueberlebenskunst.at\/survivalshop\/shop\/pivot-knife-sharpener\/#primaryimage\",\"url\":\"https:\/\/ueberlebenskunst.at\/survivalshop\/wp-content\/uploads\/2020\/11\/AB02-09DX155.jpg\",\"contentUrl\":\"https:\/\/ueberlebenskunst.at\/survivalshop\/wp-content\/uploads\/2020\/11\/AB02-09DX155.jpg\",\"width\":1280,\"height\":953},{\"@type\":\"BreadcrumbList\",\"@id\":\"https:\/\/ueberlebenskunst.at\/survivalshop\/shop\/pivot-knife-sharpener\/#breadcrumb\",\"itemListElement\":[{\"@type\":\"ListItem\",\"position\":1,\"name\":\"Startseite\",\"item\":\"https:\/\/ueberlebenskunst.at\/survivalshop\/\"},{\"@type\":\"ListItem\",\"position\":2,\"name\":\"Shop\",\"item\":\"https:\/\/ueberlebenskunst.at\/survivalshop\/shop\/\"},{\"@type\":\"ListItem\",\"position\":3,\"name\":\"Pivot Knife Sharpener\"}]},{\"@type\":\"WebSite\",\"@id\":\"https:\/\/ueberlebenskunst.at\/survivalshop\/#website\",\"url\":\"https:\/\/ueberlebenskunst.at\/survivalshop\/\",\"name\":\"Reini Rossmann - Survival Shop\",\"description\":\"Survival Shop f\u00fcr Survival, Bushcraft und Prepper\",\"potentialAction\":[{\"@type\":\"SearchAction\",\"target\":{\"@type\":\"EntryPoint\",\"urlTemplate\":\"https:\/\/ueberlebenskunst.at\/survivalshop\/?s={search_term_string}\"},\"query-input\":{\"@type\":\"PropertyValueSpecification\",\"valueRequired\":true,\"valueName\":\"search_term_string\"}}],\"inLanguage\":\"de\"}]}<\/script>\n<!-- \/ Yoast SEO plugin. -->","yoast_head_json":{"title":"Pivot Knife Sharpener mit 3 Schleifelementen in einem","description":"Der Pivot Knife Sharpener passt in jede Hosentasche und kann mit seinen 68g auch bei leichterem Gep\u00e4ck mit dabei sein.","robots":{"index":"index","follow":"follow","max-snippet":"max-snippet:-1","max-image-preview":"max-image-preview:large","max-video-preview":"max-video-preview:-1"},"canonical":"https:\/\/ueberlebenskunst.at\/survivalshop\/shop\/pivot-knife-sharpener\/","og_locale":"de_DE","og_type":"article","og_title":"Pivot Knife Sharpener mit 3 Schleifelementen in einem","og_description":"Der Pivot Knife Sharpener passt in jede Hosentasche und kann mit seinen 68g auch bei leichterem Gep\u00e4ck mit dabei sein.","og_url":"https:\/\/ueberlebenskunst.at\/survivalshop\/shop\/pivot-knife-sharpener\/","og_site_name":"Reini Rossmann - Survival Shop","article_publisher":"https:\/\/www.facebook.com\/survival24.org\/","article_modified_time":"2024-03-21T06:35:25+00:00","og_image":[{"width":1280,"height":953,"url":"https:\/\/ueberlebenskunst.at\/survivalshop\/wp-content\/uploads\/2020\/11\/AB02-09DX155.jpg","type":"image\/jpeg"}],"twitter_card":"summary_large_image","twitter_misc":{"Gesch\u00e4tzte Lesezeit":"1\u00a0Minute"},"schema":{"@context":"https:\/\/schema.org","@graph":[{"@type":"WebPage","@id":"https:\/\/ueberlebenskunst.at\/survivalshop\/shop\/pivot-knife-sharpener\/","url":"https:\/\/ueberlebenskunst.at\/survivalshop\/shop\/pivot-knife-sharpener\/","name":"Pivot Knife Sharpener mit 3 Schleifelementen in einem","isPartOf":{"@id":"https:\/\/ueberlebenskunst.at\/survivalshop\/#website"},"primaryImageOfPage":{"@id":"https:\/\/ueberlebenskunst.at\/survivalshop\/shop\/pivot-knife-sharpener\/#primaryimage"},"image":{"@id":"https:\/\/ueberlebenskunst.at\/survivalshop\/shop\/pivot-knife-sharpener\/#primaryimage"},"thumbnailUrl":"https:\/\/ueberlebenskunst.at\/survivalshop\/wp-content\/uploads\/2020\/11\/AB02-09DX155.jpg","datePublished":"2020-11-02T19:23:03+00:00","dateModified":"2024-03-21T06:35:25+00:00","description":"Der Pivot Knife Sharpener passt in jede Hosentasche und kann mit seinen 68g auch bei leichterem Gep\u00e4ck mit dabei sein.","breadcrumb":{"@id":"https:\/\/ueberlebenskunst.at\/survivalshop\/shop\/pivot-knife-sharpener\/#breadcrumb"},"inLanguage":"de","potentialAction":[{"@type":"ReadAction","target":["https:\/\/ueberlebenskunst.at\/survivalshop\/shop\/pivot-knife-sharpener\/"]}]},{"@type":"ImageObject","inLanguage":"de","@id":"https:\/\/ueberlebenskunst.at\/survivalshop\/shop\/pivot-knife-sharpener\/#primaryimage","url":"https:\/\/ueberlebenskunst.at\/survivalshop\/wp-content\/uploads\/2020\/11\/AB02-09DX155.jpg","contentUrl":"https:\/\/ueberlebenskunst.at\/survivalshop\/wp-content\/uploads\/2020\/11\/AB02-09DX155.jpg","width":1280,"height":953},{"@type":"BreadcrumbList","@id":"https:\/\/ueberlebenskunst.at\/survivalshop\/shop\/pivot-knife-sharpener\/#breadcrumb","itemListElement":[{"@type":"ListItem","position":1,"name":"Startseite","item":"https:\/\/ueberlebenskunst.at\/survivalshop\/"},{"@type":"ListItem","position":2,"name":"Shop","item":"https:\/\/ueberlebenskunst.at\/survivalshop\/shop\/"},{"@type":"ListItem","position":3,"name":"Pivot Knife Sharpener"}]},{"@type":"WebSite","@id":"https:\/\/ueberlebenskunst.at\/survivalshop\/#website","url":"https:\/\/ueberlebenskunst.at\/survivalshop\/","name":"Reini Rossmann - Survival Shop","description":"Survival Shop f\u00fcr Survival, Bushcraft und Prepper","potentialAction":[{"@type":"SearchAction","target":{"@type":"EntryPoint","urlTemplate":"https:\/\/ueberlebenskunst.at\/survivalshop\/?s={search_term_string}"},"query-input":{"@type":"PropertyValueSpecification","valueRequired":true,"valueName":"search_term_string"}}],"inLanguage":"de"}]}},"_links":{"self":[{"href":"https:\/\/ueberlebenskunst.at\/survivalshop\/wp-json\/wp\/v2\/product\/18785","targetHints":{"allow":["GET"]}}],"collection":[{"href":"https:\/\/ueberlebenskunst.at\/survivalshop\/wp-json\/wp\/v2\/product"}],"about":[{"href":"https:\/\/ueberlebenskunst.at\/survivalshop\/wp-json\/wp\/v2\/types\/product"}],"replies":[{"embeddable":true,"href":"https:\/\/ueberlebenskunst.at\/survivalshop\/wp-json\/wp\/v2\/comments?post=18785"}],"wp:featuredmedia":[{"embeddable":true,"href":"https:\/\/ueberlebenskunst.at\/survivalshop\/wp-json\/wp\/v2\/media\/18765"}],"wp:attachment":[{"href":"https:\/\/ueberlebenskunst.at\/survivalshop\/wp-json\/wp\/v2\/media?parent=18785"}],"wp:term":[{"taxonomy":"product_brand","embeddable":true,"href":"https:\/\/ueberlebenskunst.at\/survivalshop\/wp-json\/wp\/v2\/product_brand?post=18785"},{"taxonomy":"product_cat","embeddable":true,"href":"https:\/\/ueberlebenskunst.at\/survivalshop\/wp-json\/wp\/v2\/product_cat?post=18785"},{"taxonomy":"product_tag","embeddable":true,"href":"https:\/\/ueberlebenskunst.at\/survivalshop\/wp-json\/wp\/v2\/product_tag?post=18785"}],"curies":[{"name":"wp","href":"https:\/\/api.w.org\/{rel}","templated":true}]}}