{"id":18637,"date":"2020-10-30T16:40:14","date_gmt":"2020-10-30T14:40:14","guid":{"rendered":"https:\/\/ueberlebenskunst.at\/survivalshop\/survivalshop\/?post_type=product&#038;p=18637"},"modified":"2024-03-21T07:37:20","modified_gmt":"2024-03-21T06:37:20","slug":"waermebild-zielfernrohrsecutor-ts25-384","status":"seo-produkt","type":"product","link":"https:\/\/ueberlebenskunst.at\/survivalshop\/shop\/waermebild-zielfernrohrsecutor-ts25-384\/","title":{"rendered":"W\u00e4rmebild ZielfernrohrSecutor TS25-384"},"content":{"rendered":"<p>Mit dem W\u00e4rmebild ZielfernrohrSecutor TS25-384 hast du ein W\u00e4rmebildger\u00e4t das bei jeder Wetterlage zum Einsatz kommen kann.\u00a0 Die 25mm Linse ist ideal f\u00fcr das kurze Reichweiten-Schie\u00dfen ausgelegt.<\/p>\n<h3>Funktionsumfang<\/h3>\n<ul>\n<li>leicht in de Bedienung und kompakt in der Ausf\u00fchrung<\/li>\n<li>Wasserdicht und Sto\u00dffest<\/li>\n<li>Hochaufl\u00f6sendes OLED Display<\/li>\n<li>Hot Spot Markierung<\/li>\n<li>Digitalzoom 2fach und 4fach<\/li>\n<li>Unterschideliche Fadenkreuze als Option<\/li>\n<li>5 Nullungprofile<\/li>\n<li>Bild in Bild Modus<\/li>\n<li>2fach Digitalzomm bei Bild in Bild Option<\/li>\n<li>Automatische Kalibrierung<\/li>\n<li>Manuelle (stille) Kalibrierung<\/li>\n<li>Entferungsmesser stadometrisch<\/li>\n<li><a href=\"https:\/\/ueberlebenskunst.at\/survivalshop\/shop\/batterie-set-cr123a\/\" target=\"_blank\" rel=\"noopener noreferrer\">Stromversorgung \u00fcber 2 CR123A Batterien<\/a><\/li>\n<li>externe Stromversorgung \u00fcber Micro USB m\u00f6glich<\/li>\n<li>MIL-STD-1913 Schiene zur Montage<\/li>\n<\/ul>\n<h3>Technische Daten:<\/h3>\n<p>Detektortyp: 17ym Uncooled Microbolometer<br \/>\nAufl\u00f6sung: 384&#215;288 Pixel<br \/>\nBildfrequenz: 50Hz<br \/>\nLinse: 25mm F\/1.0<br \/>\nSehfeld: 15\u00b0 x 11.2\u00b0<br \/>\nVergr\u00f6\u00dferung: 1,5fach<br \/>\nZoom digital: 1fach \/ 2fach \/ 4fach \/ PIP<br \/>\nAugenabstand: 60mm<br \/>\nDioptrieeinstellung: -5 bis +5 dpt<br \/>\nFokusierbereich: 10Meter to Infinity<br \/>\nDisplay: HD 1024&#215;768<br \/>\nFarben: Black- White Hot und andere<br \/>\nDateiformat: AVI \/ JPEG<br \/>\nAnschl\u00fcsse: Micro USB \/ S620 Connector<br \/>\nBetriebstemperatur: -40C &#8211; 70\u00b0C<br \/>\nSchutz IP: IP67<br \/>\nAbmessungen: L250mm x B70mm x H82mm<br \/>\nGewicht: 650g<br \/>\nBatteriebetrieb: bis zu 5 Stunden<\/p>\n<p>&nbsp;<\/p>\n<p>&nbsp;<\/p>\n","protected":false},"excerpt":{"rendered":"<p>F\u00fcr die Anspruchsvolleren Eins\u00e4tze<\/p>\n","protected":false},"featured_media":18639,"comment_status":"open","ping_status":"closed","template":"","meta":{"_acf_changed":false},"product_brand":[],"product_cat":[426],"product_tag":[],"class_list":{"0":"post-18637","1":"product","2":"type-product","3":"status-seo-produkt","4":"has-post-thumbnail","6":"product_cat-unkategorisiert","8":"first","9":"outofstock","10":"taxable","11":"shipping-taxable","12":"product-type-simple"},"acf":[],"yoast_head":"<!-- This site is optimized with the Yoast SEO plugin v27.1.1 - https:\/\/yoast.com\/product\/yoast-seo-wordpress\/ -->\n<title>W\u00e4rmebild ZielfernrohrSecutor TS25-384 - f\u00fcr den Advanced Einsatz<\/title>\n<meta name=\"description\" content=\"Das W\u00e4rmebild ZielfernrohrSecutor TS25-384 bietet so einiges an Funktionen, Adaptionen und somit auch Einsatzm\u00f6glichkeiten an.\" \/>\n<meta name=\"robots\" content=\"index, follow, max-snippet:-1, max-image-preview:large, max-video-preview:-1\" \/>\n<link rel=\"canonical\" href=\"https:\/\/ueberlebenskunst.at\/survivalshop\/shop\/waermebild-zielfernrohrsecutor-ts25-384\/\" \/>\n<meta property=\"og:locale\" content=\"de_DE\" \/>\n<meta property=\"og:type\" content=\"article\" \/>\n<meta property=\"og:title\" content=\"W\u00e4rmebild ZielfernrohrSecutor TS25-384 - f\u00fcr den Advanced Einsatz\" \/>\n<meta property=\"og:description\" content=\"Das W\u00e4rmebild ZielfernrohrSecutor TS25-384 bietet so einiges an Funktionen, Adaptionen und somit auch Einsatzm\u00f6glichkeiten an.\" \/>\n<meta property=\"og:url\" content=\"https:\/\/ueberlebenskunst.at\/survivalshop\/shop\/waermebild-zielfernrohrsecutor-ts25-384\/\" \/>\n<meta property=\"og:site_name\" content=\"Reini Rossmann - Survival Shop\" \/>\n<meta property=\"article:publisher\" content=\"https:\/\/www.facebook.com\/survival24.org\/\" \/>\n<meta property=\"article:modified_time\" content=\"2024-03-21T06:37:20+00:00\" \/>\n<meta property=\"og:image\" content=\"https:\/\/ueberlebenskunst.at\/survivalshop\/wp-content\/uploads\/2020\/10\/AB01-40.207_02.jpg\" \/>\n\t<meta property=\"og:image:width\" content=\"563\" \/>\n\t<meta property=\"og:image:height\" content=\"388\" \/>\n\t<meta property=\"og:image:type\" content=\"image\/jpeg\" \/>\n<meta name=\"twitter:card\" content=\"summary_large_image\" \/>\n<meta name=\"twitter:label1\" content=\"Gesch\u00e4tzte Lesezeit\" \/>\n\t<meta name=\"twitter:data1\" content=\"2\u00a0Minuten\" \/>\n<script type=\"application\/ld+json\" class=\"yoast-schema-graph\">{\"@context\":\"https:\/\/schema.org\",\"@graph\":[{\"@type\":\"WebPage\",\"@id\":\"https:\/\/ueberlebenskunst.at\/survivalshop\/shop\/waermebild-zielfernrohrsecutor-ts25-384\/\",\"url\":\"https:\/\/ueberlebenskunst.at\/survivalshop\/shop\/waermebild-zielfernrohrsecutor-ts25-384\/\",\"name\":\"W\u00e4rmebild ZielfernrohrSecutor TS25-384 - f\u00fcr den Advanced Einsatz\",\"isPartOf\":{\"@id\":\"https:\/\/ueberlebenskunst.at\/survivalshop\/#website\"},\"primaryImageOfPage\":{\"@id\":\"https:\/\/ueberlebenskunst.at\/survivalshop\/shop\/waermebild-zielfernrohrsecutor-ts25-384\/#primaryimage\"},\"image\":{\"@id\":\"https:\/\/ueberlebenskunst.at\/survivalshop\/shop\/waermebild-zielfernrohrsecutor-ts25-384\/#primaryimage\"},\"thumbnailUrl\":\"https:\/\/ueberlebenskunst.at\/survivalshop\/wp-content\/uploads\/2020\/10\/AB01-40.207_02.jpg\",\"datePublished\":\"2020-10-30T14:40:14+00:00\",\"dateModified\":\"2024-03-21T06:37:20+00:00\",\"description\":\"Das W\u00e4rmebild ZielfernrohrSecutor TS25-384 bietet so einiges an Funktionen, Adaptionen und somit auch Einsatzm\u00f6glichkeiten an.\",\"breadcrumb\":{\"@id\":\"https:\/\/ueberlebenskunst.at\/survivalshop\/shop\/waermebild-zielfernrohrsecutor-ts25-384\/#breadcrumb\"},\"inLanguage\":\"de\",\"potentialAction\":[{\"@type\":\"ReadAction\",\"target\":[\"https:\/\/ueberlebenskunst.at\/survivalshop\/shop\/waermebild-zielfernrohrsecutor-ts25-384\/\"]}]},{\"@type\":\"ImageObject\",\"inLanguage\":\"de\",\"@id\":\"https:\/\/ueberlebenskunst.at\/survivalshop\/shop\/waermebild-zielfernrohrsecutor-ts25-384\/#primaryimage\",\"url\":\"https:\/\/ueberlebenskunst.at\/survivalshop\/wp-content\/uploads\/2020\/10\/AB01-40.207_02.jpg\",\"contentUrl\":\"https:\/\/ueberlebenskunst.at\/survivalshop\/wp-content\/uploads\/2020\/10\/AB01-40.207_02.jpg\",\"width\":563,\"height\":388},{\"@type\":\"BreadcrumbList\",\"@id\":\"https:\/\/ueberlebenskunst.at\/survivalshop\/shop\/waermebild-zielfernrohrsecutor-ts25-384\/#breadcrumb\",\"itemListElement\":[{\"@type\":\"ListItem\",\"position\":1,\"name\":\"Startseite\",\"item\":\"https:\/\/ueberlebenskunst.at\/survivalshop\/\"},{\"@type\":\"ListItem\",\"position\":2,\"name\":\"Shop\",\"item\":\"https:\/\/ueberlebenskunst.at\/survivalshop\/shop\/\"},{\"@type\":\"ListItem\",\"position\":3,\"name\":\"W\u00e4rmebild ZielfernrohrSecutor TS25-384\"}]},{\"@type\":\"WebSite\",\"@id\":\"https:\/\/ueberlebenskunst.at\/survivalshop\/#website\",\"url\":\"https:\/\/ueberlebenskunst.at\/survivalshop\/\",\"name\":\"Reini Rossmann - Survival Shop\",\"description\":\"Survival Shop f\u00fcr Survival, Bushcraft und Prepper\",\"potentialAction\":[{\"@type\":\"SearchAction\",\"target\":{\"@type\":\"EntryPoint\",\"urlTemplate\":\"https:\/\/ueberlebenskunst.at\/survivalshop\/?s={search_term_string}\"},\"query-input\":{\"@type\":\"PropertyValueSpecification\",\"valueRequired\":true,\"valueName\":\"search_term_string\"}}],\"inLanguage\":\"de\"}]}<\/script>\n<!-- \/ Yoast SEO plugin. -->","yoast_head_json":{"title":"W\u00e4rmebild ZielfernrohrSecutor TS25-384 - f\u00fcr den Advanced Einsatz","description":"Das W\u00e4rmebild ZielfernrohrSecutor TS25-384 bietet so einiges an Funktionen, Adaptionen und somit auch Einsatzm\u00f6glichkeiten an.","robots":{"index":"index","follow":"follow","max-snippet":"max-snippet:-1","max-image-preview":"max-image-preview:large","max-video-preview":"max-video-preview:-1"},"canonical":"https:\/\/ueberlebenskunst.at\/survivalshop\/shop\/waermebild-zielfernrohrsecutor-ts25-384\/","og_locale":"de_DE","og_type":"article","og_title":"W\u00e4rmebild ZielfernrohrSecutor TS25-384 - f\u00fcr den Advanced Einsatz","og_description":"Das W\u00e4rmebild ZielfernrohrSecutor TS25-384 bietet so einiges an Funktionen, Adaptionen und somit auch Einsatzm\u00f6glichkeiten an.","og_url":"https:\/\/ueberlebenskunst.at\/survivalshop\/shop\/waermebild-zielfernrohrsecutor-ts25-384\/","og_site_name":"Reini Rossmann - Survival Shop","article_publisher":"https:\/\/www.facebook.com\/survival24.org\/","article_modified_time":"2024-03-21T06:37:20+00:00","og_image":[{"width":563,"height":388,"url":"https:\/\/ueberlebenskunst.at\/survivalshop\/wp-content\/uploads\/2020\/10\/AB01-40.207_02.jpg","type":"image\/jpeg"}],"twitter_card":"summary_large_image","twitter_misc":{"Gesch\u00e4tzte Lesezeit":"2\u00a0Minuten"},"schema":{"@context":"https:\/\/schema.org","@graph":[{"@type":"WebPage","@id":"https:\/\/ueberlebenskunst.at\/survivalshop\/shop\/waermebild-zielfernrohrsecutor-ts25-384\/","url":"https:\/\/ueberlebenskunst.at\/survivalshop\/shop\/waermebild-zielfernrohrsecutor-ts25-384\/","name":"W\u00e4rmebild ZielfernrohrSecutor TS25-384 - f\u00fcr den Advanced Einsatz","isPartOf":{"@id":"https:\/\/ueberlebenskunst.at\/survivalshop\/#website"},"primaryImageOfPage":{"@id":"https:\/\/ueberlebenskunst.at\/survivalshop\/shop\/waermebild-zielfernrohrsecutor-ts25-384\/#primaryimage"},"image":{"@id":"https:\/\/ueberlebenskunst.at\/survivalshop\/shop\/waermebild-zielfernrohrsecutor-ts25-384\/#primaryimage"},"thumbnailUrl":"https:\/\/ueberlebenskunst.at\/survivalshop\/wp-content\/uploads\/2020\/10\/AB01-40.207_02.jpg","datePublished":"2020-10-30T14:40:14+00:00","dateModified":"2024-03-21T06:37:20+00:00","description":"Das W\u00e4rmebild ZielfernrohrSecutor TS25-384 bietet so einiges an Funktionen, Adaptionen und somit auch Einsatzm\u00f6glichkeiten an.","breadcrumb":{"@id":"https:\/\/ueberlebenskunst.at\/survivalshop\/shop\/waermebild-zielfernrohrsecutor-ts25-384\/#breadcrumb"},"inLanguage":"de","potentialAction":[{"@type":"ReadAction","target":["https:\/\/ueberlebenskunst.at\/survivalshop\/shop\/waermebild-zielfernrohrsecutor-ts25-384\/"]}]},{"@type":"ImageObject","inLanguage":"de","@id":"https:\/\/ueberlebenskunst.at\/survivalshop\/shop\/waermebild-zielfernrohrsecutor-ts25-384\/#primaryimage","url":"https:\/\/ueberlebenskunst.at\/survivalshop\/wp-content\/uploads\/2020\/10\/AB01-40.207_02.jpg","contentUrl":"https:\/\/ueberlebenskunst.at\/survivalshop\/wp-content\/uploads\/2020\/10\/AB01-40.207_02.jpg","width":563,"height":388},{"@type":"BreadcrumbList","@id":"https:\/\/ueberlebenskunst.at\/survivalshop\/shop\/waermebild-zielfernrohrsecutor-ts25-384\/#breadcrumb","itemListElement":[{"@type":"ListItem","position":1,"name":"Startseite","item":"https:\/\/ueberlebenskunst.at\/survivalshop\/"},{"@type":"ListItem","position":2,"name":"Shop","item":"https:\/\/ueberlebenskunst.at\/survivalshop\/shop\/"},{"@type":"ListItem","position":3,"name":"W\u00e4rmebild ZielfernrohrSecutor TS25-384"}]},{"@type":"WebSite","@id":"https:\/\/ueberlebenskunst.at\/survivalshop\/#website","url":"https:\/\/ueberlebenskunst.at\/survivalshop\/","name":"Reini Rossmann - Survival Shop","description":"Survival Shop f\u00fcr Survival, Bushcraft und Prepper","potentialAction":[{"@type":"SearchAction","target":{"@type":"EntryPoint","urlTemplate":"https:\/\/ueberlebenskunst.at\/survivalshop\/?s={search_term_string}"},"query-input":{"@type":"PropertyValueSpecification","valueRequired":true,"valueName":"search_term_string"}}],"inLanguage":"de"}]}},"_links":{"self":[{"href":"https:\/\/ueberlebenskunst.at\/survivalshop\/wp-json\/wp\/v2\/product\/18637","targetHints":{"allow":["GET"]}}],"collection":[{"href":"https:\/\/ueberlebenskunst.at\/survivalshop\/wp-json\/wp\/v2\/product"}],"about":[{"href":"https:\/\/ueberlebenskunst.at\/survivalshop\/wp-json\/wp\/v2\/types\/product"}],"replies":[{"embeddable":true,"href":"https:\/\/ueberlebenskunst.at\/survivalshop\/wp-json\/wp\/v2\/comments?post=18637"}],"wp:featuredmedia":[{"embeddable":true,"href":"https:\/\/ueberlebenskunst.at\/survivalshop\/wp-json\/wp\/v2\/media\/18639"}],"wp:attachment":[{"href":"https:\/\/ueberlebenskunst.at\/survivalshop\/wp-json\/wp\/v2\/media?parent=18637"}],"wp:term":[{"taxonomy":"product_brand","embeddable":true,"href":"https:\/\/ueberlebenskunst.at\/survivalshop\/wp-json\/wp\/v2\/product_brand?post=18637"},{"taxonomy":"product_cat","embeddable":true,"href":"https:\/\/ueberlebenskunst.at\/survivalshop\/wp-json\/wp\/v2\/product_cat?post=18637"},{"taxonomy":"product_tag","embeddable":true,"href":"https:\/\/ueberlebenskunst.at\/survivalshop\/wp-json\/wp\/v2\/product_tag?post=18637"}],"curies":[{"name":"wp","href":"https:\/\/api.w.org\/{rel}","templated":true}]}}