{"id":185018,"date":"2025-02-25T07:30:31","date_gmt":"2025-02-25T06:30:31","guid":{"rendered":"https:\/\/ueberlebenskunst.at\/survivalshop\/?post_type=product&#038;p=185018"},"modified":"2026-04-28T18:14:05","modified_gmt":"2026-04-28T16:14:05","slug":"urschneid-fpk1-fixed-pocket-knife-by-reini-rossmann-edc","status":"publish","type":"product","link":"https:\/\/ueberlebenskunst.at\/survivalshop\/shop\/urschneid-fpk1-fixed-pocket-knife-by-reini-rossmann-edc\/","title":{"rendered":"Urschneid FPK1 &#8211; Fixed Pocket Knife by Reini Rossmann EDC"},"content":{"rendered":"<p data-start=\"101\" data-end=\"551\">Dieses Messer der Marke Urschneid wurde von Reini Rossmann entworfen. Die Idee dahinter war, ein kleines, leichtes und dennoch stabiles, feststehendes Messer zu kreieren, das mit 12,2 cm noch immer gro\u00df genug ist, um allt\u00e4gliche Arbeiten zu erledigen, aber nicht als gef\u00e4hrlich wahrgenommen wird. Gleichzeitig sollte ein Messer entstehen, das mit einem unschlagbaren Preis-Leistungs-Verh\u00e4ltnis f\u00fcr wirklich jedermann leistbar und damit nutzbar ist.<\/p>\n<p data-start=\"553\" data-end=\"840\">Die Klinge besteht aus bew\u00e4hrtem 440C-Stahl und weist einen scharfen Klingenr\u00fccken auf, der Outdoor-Enthusiasten beim Feuermachen und Aufbereiten von Zunder unterst\u00fctzt, aber auch im EDC-Bereich seine Berechtigung hat. Die abgerundeten G10-Griffschalen liegen hervorragend in der Hand.<\/p>\n<h3>Produktdaten:<\/h3>\n<ul>\n<li>Gewicht Messer: ca. 48,5 g<\/li>\n<li>Gewicht gesamt: ca. 80,5 g<\/li>\n<li>Klingenl\u00e4nge: ca. 5,5 cm<\/li>\n<li>Griffl\u00e4nge: ca. 6,8 cm<\/li>\n<li>Gesamtl\u00e4nge: \u00a0ca. 12,2 cm<\/li>\n<\/ul>\n<h3>Empfohlenes, optionales (separat erh\u00e4ltliches) Zubeh\u00f6r:<\/h3>\n<ul>\n<li><a href=\"https:\/\/ueberlebenskunst.at\/survivalshop\/shop\/k4-universal-feuerstahl-halterung-small\/\" target=\"_blank\" rel=\"noopener\">K4 Universal-Feuerstahl-Halterung SMALL<\/a><\/li>\n<li><a href=\"https:\/\/ueberlebenskunst.at\/survivalshop\/shop\/guertelriemen\/\" target=\"_blank\" rel=\"noopener\">G\u00fcrtelriemen<\/a><\/li>\n<li><a href=\"https:\/\/ueberlebenskunst.at\/survivalshop\/shop\/ulticlip-slim-2-2-fuer-knives4-messer\/\" target=\"_blank\" rel=\"noopener\">Ulticlip<\/a><\/li>\n<\/ul>\n<p><a href=\"https:\/\/ueberlebenskunst.at\/survivalshop\/Datenblatt_Messer\" target=\"_blank\" rel=\"noopener\"><strong>&gt;&gt; Download Sicherheitsdatenblatt &lt;&lt;<\/strong><\/a><\/p>\n<p><a href=\"https:\/\/ueberlebenskunst.at\/survivalshop\/wp-content\/uploads\/2021\/11\/Logo_Messer.png\"><img decoding=\"async\" class=\"alignnone wp-image-179575\" src=\"https:\/\/ueberlebenskunst.at\/survivalshop\/wp-content\/uploads\/2021\/11\/Logo_Messer-300x85.png\" sizes=\"(max-width: 281px) 100vw, 281px\" srcset=\"https:\/\/ueberlebenskunst.at\/survivalshop\/wp-content\/uploads\/2021\/11\/Logo_Messer-300x85.png 300w, https:\/\/ueberlebenskunst.at\/survivalshop\/wp-content\/uploads\/2021\/11\/Logo_Messer-64x18.png 64w, https:\/\/ueberlebenskunst.at\/survivalshop\/wp-content\/uploads\/2021\/11\/Logo_Messer.png 365w\" alt=\"\" width=\"281\" height=\"80\" \/><\/a><\/p>\n","protected":false},"excerpt":{"rendered":"<p>Dieses Messer der Marke Urschneid wurde von Reini Rossmann entworfen. Die Idee dahinter war, ein kleines, leichtes und dennoch stabiles, feststehendes Messer zu kreieren, das mit 12,2 cm noch immer gro\u00df genug ist, um allt\u00e4gliche Arbeiten zu erledigen, aber nicht als gef\u00e4hrlich wahrgenommen wird. Gleichzeitig sollte ein Messer entstehen, das mit einem unschlagbaren Preis-Leistungs-Verh\u00e4ltnis f\u00fcr [&hellip;]<\/p>\n","protected":false},"featured_media":185020,"comment_status":"open","ping_status":"closed","template":"","meta":{"_acf_changed":false},"product_brand":[],"product_cat":[1805,2478],"product_tag":[2528,1245],"class_list":{"0":"post-185018","1":"product","2":"type-product","3":"status-publish","4":"has-post-thumbnail","6":"product_cat-messer-messer-tools","7":"product_cat-urschneid","8":"product_tag-fpk-serie","9":"product_tag-urschneid","11":"first","12":"instock","13":"taxable","14":"shipping-taxable","15":"purchasable","16":"product-type-simple"},"acf":[],"yoast_head":"<!-- This site is optimized with the Yoast SEO plugin v27.1.1 - https:\/\/yoast.com\/product\/yoast-seo-wordpress\/ -->\n<title>Urschneid FPK1 - Fixed Pocket Knife by Reini Rossmann EDC - Reini Rossmann - Survival Shop<\/title>\n<meta name=\"description\" content=\"Dieses Messer der Marke Urschneid wurde von Reini Rossmann entworfen. Die Idee dahinter war, ein kleines, leichtes und dennoch stabiles, feststehendes Messer zu kreieren, das mit 12,2 cm noch immer gro\u00df genug ist, um allt\u00e4gliche Arbeiten zu erledigen, aber nicht als gef\u00e4hrlich wahrgenommen wird.\" \/>\n<meta name=\"robots\" content=\"index, follow, max-snippet:-1, max-image-preview:large, max-video-preview:-1\" \/>\n<link rel=\"canonical\" href=\"https:\/\/ueberlebenskunst.at\/survivalshop\/shop\/urschneid-fpk1-fixed-pocket-knife-by-reini-rossmann-edc\/\" \/>\n<meta property=\"og:locale\" content=\"de_DE\" \/>\n<meta property=\"og:type\" content=\"article\" \/>\n<meta property=\"og:title\" content=\"Urschneid FPK1 - Fixed Pocket Knife by Reini Rossmann EDC - Reini Rossmann - Survival Shop\" \/>\n<meta property=\"og:description\" content=\"Dieses Messer der Marke Urschneid wurde von Reini Rossmann entworfen. Die Idee dahinter war, ein kleines, leichtes und dennoch stabiles, feststehendes Messer zu kreieren, das mit 12,2 cm noch immer gro\u00df genug ist, um allt\u00e4gliche Arbeiten zu erledigen, aber nicht als gef\u00e4hrlich wahrgenommen wird.\" \/>\n<meta property=\"og:url\" content=\"https:\/\/ueberlebenskunst.at\/survivalshop\/shop\/urschneid-fpk1-fixed-pocket-knife-by-reini-rossmann-edc\/\" \/>\n<meta property=\"og:site_name\" content=\"Reini Rossmann - Survival Shop\" \/>\n<meta property=\"article:publisher\" content=\"https:\/\/www.facebook.com\/survival24.org\/\" \/>\n<meta property=\"article:modified_time\" content=\"2026-04-28T16:14:05+00:00\" \/>\n<meta property=\"og:image\" content=\"https:\/\/ueberlebenskunst.at\/survivalshop\/wp-content\/uploads\/2025\/02\/Urschneid_FPK1_sk.jpg\" \/>\n\t<meta property=\"og:image:width\" content=\"400\" \/>\n\t<meta property=\"og:image:height\" content=\"400\" \/>\n\t<meta property=\"og:image:type\" content=\"image\/jpeg\" \/>\n<meta name=\"twitter:card\" content=\"summary_large_image\" \/>\n<meta name=\"twitter:label1\" content=\"Gesch\u00e4tzte Lesezeit\" \/>\n\t<meta name=\"twitter:data1\" content=\"2\u00a0Minuten\" \/>\n<script type=\"application\/ld+json\" class=\"yoast-schema-graph\">{\"@context\":\"https:\/\/schema.org\",\"@graph\":[{\"@type\":\"WebPage\",\"@id\":\"https:\/\/ueberlebenskunst.at\/survivalshop\/shop\/urschneid-fpk1-fixed-pocket-knife-by-reini-rossmann-edc\/\",\"url\":\"https:\/\/ueberlebenskunst.at\/survivalshop\/shop\/urschneid-fpk1-fixed-pocket-knife-by-reini-rossmann-edc\/\",\"name\":\"Urschneid FPK1 - Fixed Pocket Knife by Reini Rossmann EDC - Reini Rossmann - Survival Shop\",\"isPartOf\":{\"@id\":\"https:\/\/ueberlebenskunst.at\/survivalshop\/#website\"},\"primaryImageOfPage\":{\"@id\":\"https:\/\/ueberlebenskunst.at\/survivalshop\/shop\/urschneid-fpk1-fixed-pocket-knife-by-reini-rossmann-edc\/#primaryimage\"},\"image\":{\"@id\":\"https:\/\/ueberlebenskunst.at\/survivalshop\/shop\/urschneid-fpk1-fixed-pocket-knife-by-reini-rossmann-edc\/#primaryimage\"},\"thumbnailUrl\":\"https:\/\/ueberlebenskunst.at\/survivalshop\/wp-content\/uploads\/2025\/02\/Urschneid_FPK1_sk.jpg\",\"datePublished\":\"2025-02-25T06:30:31+00:00\",\"dateModified\":\"2026-04-28T16:14:05+00:00\",\"description\":\"Dieses Messer der Marke Urschneid wurde von Reini Rossmann entworfen. Die Idee dahinter war, ein kleines, leichtes und dennoch stabiles, feststehendes Messer zu kreieren, das mit 12,2 cm noch immer gro\u00df genug ist, um allt\u00e4gliche Arbeiten zu erledigen, aber nicht als gef\u00e4hrlich wahrgenommen wird.\",\"breadcrumb\":{\"@id\":\"https:\/\/ueberlebenskunst.at\/survivalshop\/shop\/urschneid-fpk1-fixed-pocket-knife-by-reini-rossmann-edc\/#breadcrumb\"},\"inLanguage\":\"de\",\"potentialAction\":[{\"@type\":\"ReadAction\",\"target\":[\"https:\/\/ueberlebenskunst.at\/survivalshop\/shop\/urschneid-fpk1-fixed-pocket-knife-by-reini-rossmann-edc\/\"]}]},{\"@type\":\"ImageObject\",\"inLanguage\":\"de\",\"@id\":\"https:\/\/ueberlebenskunst.at\/survivalshop\/shop\/urschneid-fpk1-fixed-pocket-knife-by-reini-rossmann-edc\/#primaryimage\",\"url\":\"https:\/\/ueberlebenskunst.at\/survivalshop\/wp-content\/uploads\/2025\/02\/Urschneid_FPK1_sk.jpg\",\"contentUrl\":\"https:\/\/ueberlebenskunst.at\/survivalshop\/wp-content\/uploads\/2025\/02\/Urschneid_FPK1_sk.jpg\",\"width\":400,\"height\":400},{\"@type\":\"BreadcrumbList\",\"@id\":\"https:\/\/ueberlebenskunst.at\/survivalshop\/shop\/urschneid-fpk1-fixed-pocket-knife-by-reini-rossmann-edc\/#breadcrumb\",\"itemListElement\":[{\"@type\":\"ListItem\",\"position\":1,\"name\":\"Startseite\",\"item\":\"https:\/\/ueberlebenskunst.at\/survivalshop\/\"},{\"@type\":\"ListItem\",\"position\":2,\"name\":\"Shop\",\"item\":\"https:\/\/ueberlebenskunst.at\/survivalshop\/shop\/\"},{\"@type\":\"ListItem\",\"position\":3,\"name\":\"Urschneid FPK1 &#8211; Fixed Pocket Knife by Reini Rossmann EDC\"}]},{\"@type\":\"WebSite\",\"@id\":\"https:\/\/ueberlebenskunst.at\/survivalshop\/#website\",\"url\":\"https:\/\/ueberlebenskunst.at\/survivalshop\/\",\"name\":\"Reini Rossmann - Survival Shop\",\"description\":\"Survival Shop f\u00fcr Survival, Bushcraft und Prepper\",\"potentialAction\":[{\"@type\":\"SearchAction\",\"target\":{\"@type\":\"EntryPoint\",\"urlTemplate\":\"https:\/\/ueberlebenskunst.at\/survivalshop\/?s={search_term_string}\"},\"query-input\":{\"@type\":\"PropertyValueSpecification\",\"valueRequired\":true,\"valueName\":\"search_term_string\"}}],\"inLanguage\":\"de\"}]}<\/script>\n<!-- \/ Yoast SEO plugin. -->","yoast_head_json":{"title":"Urschneid FPK1 - Fixed Pocket Knife by Reini Rossmann EDC - Reini Rossmann - Survival Shop","description":"Dieses Messer der Marke Urschneid wurde von Reini Rossmann entworfen. Die Idee dahinter war, ein kleines, leichtes und dennoch stabiles, feststehendes Messer zu kreieren, das mit 12,2 cm noch immer gro\u00df genug ist, um allt\u00e4gliche Arbeiten zu erledigen, aber nicht als gef\u00e4hrlich wahrgenommen wird.","robots":{"index":"index","follow":"follow","max-snippet":"max-snippet:-1","max-image-preview":"max-image-preview:large","max-video-preview":"max-video-preview:-1"},"canonical":"https:\/\/ueberlebenskunst.at\/survivalshop\/shop\/urschneid-fpk1-fixed-pocket-knife-by-reini-rossmann-edc\/","og_locale":"de_DE","og_type":"article","og_title":"Urschneid FPK1 - Fixed Pocket Knife by Reini Rossmann EDC - Reini Rossmann - Survival Shop","og_description":"Dieses Messer der Marke Urschneid wurde von Reini Rossmann entworfen. Die Idee dahinter war, ein kleines, leichtes und dennoch stabiles, feststehendes Messer zu kreieren, das mit 12,2 cm noch immer gro\u00df genug ist, um allt\u00e4gliche Arbeiten zu erledigen, aber nicht als gef\u00e4hrlich wahrgenommen wird.","og_url":"https:\/\/ueberlebenskunst.at\/survivalshop\/shop\/urschneid-fpk1-fixed-pocket-knife-by-reini-rossmann-edc\/","og_site_name":"Reini Rossmann - Survival Shop","article_publisher":"https:\/\/www.facebook.com\/survival24.org\/","article_modified_time":"2026-04-28T16:14:05+00:00","og_image":[{"width":400,"height":400,"url":"https:\/\/ueberlebenskunst.at\/survivalshop\/wp-content\/uploads\/2025\/02\/Urschneid_FPK1_sk.jpg","type":"image\/jpeg"}],"twitter_card":"summary_large_image","twitter_misc":{"Gesch\u00e4tzte Lesezeit":"2\u00a0Minuten"},"schema":{"@context":"https:\/\/schema.org","@graph":[{"@type":"WebPage","@id":"https:\/\/ueberlebenskunst.at\/survivalshop\/shop\/urschneid-fpk1-fixed-pocket-knife-by-reini-rossmann-edc\/","url":"https:\/\/ueberlebenskunst.at\/survivalshop\/shop\/urschneid-fpk1-fixed-pocket-knife-by-reini-rossmann-edc\/","name":"Urschneid FPK1 - Fixed Pocket Knife by Reini Rossmann EDC - Reini Rossmann - Survival Shop","isPartOf":{"@id":"https:\/\/ueberlebenskunst.at\/survivalshop\/#website"},"primaryImageOfPage":{"@id":"https:\/\/ueberlebenskunst.at\/survivalshop\/shop\/urschneid-fpk1-fixed-pocket-knife-by-reini-rossmann-edc\/#primaryimage"},"image":{"@id":"https:\/\/ueberlebenskunst.at\/survivalshop\/shop\/urschneid-fpk1-fixed-pocket-knife-by-reini-rossmann-edc\/#primaryimage"},"thumbnailUrl":"https:\/\/ueberlebenskunst.at\/survivalshop\/wp-content\/uploads\/2025\/02\/Urschneid_FPK1_sk.jpg","datePublished":"2025-02-25T06:30:31+00:00","dateModified":"2026-04-28T16:14:05+00:00","description":"Dieses Messer der Marke Urschneid wurde von Reini Rossmann entworfen. Die Idee dahinter war, ein kleines, leichtes und dennoch stabiles, feststehendes Messer zu kreieren, das mit 12,2 cm noch immer gro\u00df genug ist, um allt\u00e4gliche Arbeiten zu erledigen, aber nicht als gef\u00e4hrlich wahrgenommen wird.","breadcrumb":{"@id":"https:\/\/ueberlebenskunst.at\/survivalshop\/shop\/urschneid-fpk1-fixed-pocket-knife-by-reini-rossmann-edc\/#breadcrumb"},"inLanguage":"de","potentialAction":[{"@type":"ReadAction","target":["https:\/\/ueberlebenskunst.at\/survivalshop\/shop\/urschneid-fpk1-fixed-pocket-knife-by-reini-rossmann-edc\/"]}]},{"@type":"ImageObject","inLanguage":"de","@id":"https:\/\/ueberlebenskunst.at\/survivalshop\/shop\/urschneid-fpk1-fixed-pocket-knife-by-reini-rossmann-edc\/#primaryimage","url":"https:\/\/ueberlebenskunst.at\/survivalshop\/wp-content\/uploads\/2025\/02\/Urschneid_FPK1_sk.jpg","contentUrl":"https:\/\/ueberlebenskunst.at\/survivalshop\/wp-content\/uploads\/2025\/02\/Urschneid_FPK1_sk.jpg","width":400,"height":400},{"@type":"BreadcrumbList","@id":"https:\/\/ueberlebenskunst.at\/survivalshop\/shop\/urschneid-fpk1-fixed-pocket-knife-by-reini-rossmann-edc\/#breadcrumb","itemListElement":[{"@type":"ListItem","position":1,"name":"Startseite","item":"https:\/\/ueberlebenskunst.at\/survivalshop\/"},{"@type":"ListItem","position":2,"name":"Shop","item":"https:\/\/ueberlebenskunst.at\/survivalshop\/shop\/"},{"@type":"ListItem","position":3,"name":"Urschneid FPK1 &#8211; Fixed Pocket Knife by Reini Rossmann EDC"}]},{"@type":"WebSite","@id":"https:\/\/ueberlebenskunst.at\/survivalshop\/#website","url":"https:\/\/ueberlebenskunst.at\/survivalshop\/","name":"Reini Rossmann - Survival Shop","description":"Survival Shop f\u00fcr Survival, Bushcraft und Prepper","potentialAction":[{"@type":"SearchAction","target":{"@type":"EntryPoint","urlTemplate":"https:\/\/ueberlebenskunst.at\/survivalshop\/?s={search_term_string}"},"query-input":{"@type":"PropertyValueSpecification","valueRequired":true,"valueName":"search_term_string"}}],"inLanguage":"de"}]}},"_links":{"self":[{"href":"https:\/\/ueberlebenskunst.at\/survivalshop\/wp-json\/wp\/v2\/product\/185018","targetHints":{"allow":["GET"]}}],"collection":[{"href":"https:\/\/ueberlebenskunst.at\/survivalshop\/wp-json\/wp\/v2\/product"}],"about":[{"href":"https:\/\/ueberlebenskunst.at\/survivalshop\/wp-json\/wp\/v2\/types\/product"}],"replies":[{"embeddable":true,"href":"https:\/\/ueberlebenskunst.at\/survivalshop\/wp-json\/wp\/v2\/comments?post=185018"}],"wp:featuredmedia":[{"embeddable":true,"href":"https:\/\/ueberlebenskunst.at\/survivalshop\/wp-json\/wp\/v2\/media\/185020"}],"wp:attachment":[{"href":"https:\/\/ueberlebenskunst.at\/survivalshop\/wp-json\/wp\/v2\/media?parent=185018"}],"wp:term":[{"taxonomy":"product_brand","embeddable":true,"href":"https:\/\/ueberlebenskunst.at\/survivalshop\/wp-json\/wp\/v2\/product_brand?post=185018"},{"taxonomy":"product_cat","embeddable":true,"href":"https:\/\/ueberlebenskunst.at\/survivalshop\/wp-json\/wp\/v2\/product_cat?post=185018"},{"taxonomy":"product_tag","embeddable":true,"href":"https:\/\/ueberlebenskunst.at\/survivalshop\/wp-json\/wp\/v2\/product_tag?post=185018"}],"curies":[{"name":"wp","href":"https:\/\/api.w.org\/{rel}","templated":true}]}}