{"id":185014,"date":"2025-02-24T11:16:47","date_gmt":"2025-02-24T10:16:47","guid":{"rendered":"https:\/\/ueberlebenskunst.at\/survivalshop\/?post_type=product&#038;p=185014"},"modified":"2026-04-26T21:00:56","modified_gmt":"2026-04-26T19:00:56","slug":"k4-universal-feuerstahl-halterung-small","status":"publish","type":"product","link":"https:\/\/ueberlebenskunst.at\/survivalshop\/shop\/k4-universal-feuerstahl-halterung-small\/","title":{"rendered":"K4 Universal Feuerstahl Halterung SMALL"},"content":{"rendered":"<p>Nach dem gro\u00dfen Erfolg unserer Universal Halterung f\u00fcr Kydexscheiden mit Feuerstahl haben wir aufgrund vieler Kundenanfragen eine kleinere Version der Universal Halterung erstellt. Was bietet dir dieser Kydex-Mount-Kit? Mit den k\u00fcrzeren Abmessungen ist diese perfekt f\u00fcr Messer der <a href=\"https:\/\/ueberlebenskunst.at\/survivalshop\/?s=fpk&amp;post_type=product&amp;dgwt_wcas=1\" target=\"_blank\" rel=\"noopener\">Urschneid FPK Serie<\/a>. Auch f\u00fcr Messer wie den <a href=\"https:\/\/ueberlebenskunst.at\/survivalshop\/shop\/k4edc-serie\/\" target=\"_blank\" rel=\"noopener\">Stich, Hawk oder Raptor<\/a> bzw. das <a href=\"https:\/\/ueberlebenskunst.at\/survivalshop\/shop\/civivi-baby-banter-nitro-v-g10-all-black\/\" target=\"_blank\" rel=\"noopener\">CIVIVI Banter<\/a> ist diese Montage perfekt geeignet. Die Montage ist wie beim gro\u00dfen Bruder durch die mitgelieferten Schrauben m\u00f6glich.<\/p>\n<p>Erh\u00e4ltlich im Fuzzy-Stil in Schwarz und Glow in the Dark.<\/p>\n<h3>Lieferumfang:<\/h3>\n<ul>\n<li>1 Stk. einfacher Feuerstahl mit Loch, D= 8 mm \/ L= 60 mm, Lochdurchmesser: 4,2 mm<\/li>\n<li>1 Stk. elastisches Cord<\/li>\n<li>1 Stk. Schl\u00fcsselbundring<\/li>\n<li>1 Stk. Feuerstahlhalter aus TPU mit\u00a0 L= 52 mm \/ B= 12 mm\/ H= 29 mm<\/li>\n<li><a href=\"https:\/\/ueberlebenskunst.at\/survivalshop\/shop\/k4-2er-schraubenset-9mm\/\" target=\"_blank\" rel=\"noopener\">2er Set Schrauben mit Gummischeibe<\/a><\/li>\n<\/ul>\n<p>Verlierst du gerne Schrauben? Dann bestell dir doch gleich ein <a href=\"https:\/\/ueberlebenskunst.at\/survivalshop\/shop\/k4-2er-schraubenset-9mm\/\" target=\"_blank\" rel=\"noopener\">2er Schraubenset<\/a> mit.<\/p>\n<h3>Bedienungs- &amp; Pflegeanleitung:<\/h3>\n<ul>\n<li>Die Reinigung mit Wasser und Seife ist m\u00f6glich.<\/li>\n<li>Du solltest die Steckscheide nicht direkt in die N\u00e4he von Feuer oder anderen Hitzequellen legen!<\/li>\n<li>Wird deine Steckscheide \u00fcber l\u00e4ngere Zeit sehr kalten Temperaturen unter 0 \u00b0C ausgesetzt, solltest du<br \/>\nin dem Moment darauf achten, dass keine starken Belastungen darauf einwirken.<\/li>\n<\/ul>\n<p>Unsere Produkte sind nicht f\u00fcr Kinder unter 3 Jahren geeignet. Es besteht Verschluckungsgefahr.<\/p>\n<p><a href=\"https:\/\/ueberlebenskunst.at\/survivalshop\/wp-content\/uploads\/2021\/11\/Logo_Kinder.png\"><img decoding=\"async\" class=\"alignnone size-medium wp-image-179571\" src=\"https:\/\/ueberlebenskunst.at\/survivalshop\/wp-content\/uploads\/2021\/11\/Logo_Kinder-300x126.png\" alt=\"\" width=\"300\" height=\"126\" srcset=\"https:\/\/ueberlebenskunst.at\/survivalshop\/wp-content\/uploads\/2021\/11\/Logo_Kinder-300x126.png 300w, https:\/\/ueberlebenskunst.at\/survivalshop\/wp-content\/uploads\/2021\/11\/Logo_Kinder-64x27.png 64w, https:\/\/ueberlebenskunst.at\/survivalshop\/wp-content\/uploads\/2021\/11\/Logo_Kinder.png 401w\" sizes=\"(max-width: 300px) 100vw, 300px\" \/><\/a><\/p>\n","protected":false},"excerpt":{"rendered":"<p>Nach dem gro\u00dfen Erfolg unserer Universal Halterung f\u00fcr Kydexscheiden mit Feuerstahl haben wir aufgrund vieler Kundenanfragen eine kleinere Version der Universal Halterung erstellt. Was bietet dir dieser Kydex-Mount-Kit? Mit den k\u00fcrzeren Abmessungen ist diese perfekt f\u00fcr Messer der Urschneid FPK Serie. Auch f\u00fcr Messer wie den Stich, Hawk oder Raptor bzw. das CIVIVI Banter ist [&hellip;]<\/p>\n","protected":false},"featured_media":185099,"comment_status":"open","ping_status":"closed","template":"","meta":{"_acf_changed":false},"product_brand":[],"product_cat":[1101,1945],"product_tag":[1256],"class_list":{"0":"post-185014","1":"product","2":"type-product","3":"status-publish","4":"has-post-thumbnail","6":"product_cat-ausruestung","7":"product_cat-survivalausruestung","8":"product_tag-k4","9":"pa_farbe-glow-in-the-dark","10":"pa_farbe-schwarz","12":"first","13":"instock","14":"taxable","15":"shipping-taxable","16":"purchasable","17":"product-type-variable","18":"has-default-attributes"},"acf":[],"yoast_head":"<!-- This site is optimized with the Yoast SEO plugin v27.1.1 - https:\/\/yoast.com\/product\/yoast-seo-wordpress\/ -->\n<title>K4 Universal Feuerstahl Halterung SMALL - Reini Rossmann - Survival Shop<\/title>\n<meta name=\"robots\" content=\"index, follow, max-snippet:-1, max-image-preview:large, max-video-preview:-1\" \/>\n<link rel=\"canonical\" href=\"https:\/\/ueberlebenskunst.at\/survivalshop\/shop\/k4-universal-feuerstahl-halterung-small\/\" \/>\n<meta property=\"og:locale\" content=\"de_DE\" \/>\n<meta property=\"og:type\" content=\"article\" \/>\n<meta property=\"og:title\" content=\"K4 Universal Feuerstahl Halterung SMALL - Reini Rossmann - Survival Shop\" \/>\n<meta property=\"og:description\" content=\"Nach dem gro\u00dfen Erfolg unserer Universal Halterung f\u00fcr Kydexscheiden mit Feuerstahl haben wir aufgrund vieler Kundenanfragen eine kleinere Version der Universal Halterung erstellt. Was bietet dir dieser Kydex-Mount-Kit? Mit den k\u00fcrzeren Abmessungen ist diese perfekt f\u00fcr Messer der Urschneid FPK Serie. Auch f\u00fcr Messer wie den Stich, Hawk oder Raptor bzw. das CIVIVI Banter ist [&hellip;]\" \/>\n<meta property=\"og:url\" content=\"https:\/\/ueberlebenskunst.at\/survivalshop\/shop\/k4-universal-feuerstahl-halterung-small\/\" \/>\n<meta property=\"og:site_name\" content=\"Reini Rossmann - Survival Shop\" \/>\n<meta property=\"article:publisher\" content=\"https:\/\/www.facebook.com\/survival24.org\/\" \/>\n<meta property=\"article:modified_time\" content=\"2026-04-26T19:00:56+00:00\" \/>\n<meta property=\"og:image\" content=\"https:\/\/ueberlebenskunst.at\/survivalshop\/wp-content\/uploads\/2025\/02\/K4_Universal_Feuerstahl_Halterung_SMALL_S_FHUNI_lose_sk.jpg\" \/>\n\t<meta property=\"og:image:width\" content=\"400\" \/>\n\t<meta property=\"og:image:height\" content=\"400\" \/>\n\t<meta property=\"og:image:type\" content=\"image\/jpeg\" \/>\n<meta name=\"twitter:card\" content=\"summary_large_image\" \/>\n<meta name=\"twitter:label1\" content=\"Gesch\u00e4tzte Lesezeit\" \/>\n\t<meta name=\"twitter:data1\" content=\"2\u00a0Minuten\" \/>\n<script type=\"application\/ld+json\" class=\"yoast-schema-graph\">{\"@context\":\"https:\/\/schema.org\",\"@graph\":[{\"@type\":\"WebPage\",\"@id\":\"https:\/\/ueberlebenskunst.at\/survivalshop\/shop\/k4-universal-feuerstahl-halterung-small\/\",\"url\":\"https:\/\/ueberlebenskunst.at\/survivalshop\/shop\/k4-universal-feuerstahl-halterung-small\/\",\"name\":\"K4 Universal Feuerstahl Halterung SMALL - Reini Rossmann - Survival Shop\",\"isPartOf\":{\"@id\":\"https:\/\/ueberlebenskunst.at\/survivalshop\/#website\"},\"primaryImageOfPage\":{\"@id\":\"https:\/\/ueberlebenskunst.at\/survivalshop\/shop\/k4-universal-feuerstahl-halterung-small\/#primaryimage\"},\"image\":{\"@id\":\"https:\/\/ueberlebenskunst.at\/survivalshop\/shop\/k4-universal-feuerstahl-halterung-small\/#primaryimage\"},\"thumbnailUrl\":\"https:\/\/ueberlebenskunst.at\/survivalshop\/wp-content\/uploads\/2025\/02\/K4_Universal_Feuerstahl_Halterung_SMALL_S_FHUNI_lose_sk.jpg\",\"datePublished\":\"2025-02-24T10:16:47+00:00\",\"dateModified\":\"2026-04-26T19:00:56+00:00\",\"breadcrumb\":{\"@id\":\"https:\/\/ueberlebenskunst.at\/survivalshop\/shop\/k4-universal-feuerstahl-halterung-small\/#breadcrumb\"},\"inLanguage\":\"de\",\"potentialAction\":[{\"@type\":\"ReadAction\",\"target\":[\"https:\/\/ueberlebenskunst.at\/survivalshop\/shop\/k4-universal-feuerstahl-halterung-small\/\"]}]},{\"@type\":\"ImageObject\",\"inLanguage\":\"de\",\"@id\":\"https:\/\/ueberlebenskunst.at\/survivalshop\/shop\/k4-universal-feuerstahl-halterung-small\/#primaryimage\",\"url\":\"https:\/\/ueberlebenskunst.at\/survivalshop\/wp-content\/uploads\/2025\/02\/K4_Universal_Feuerstahl_Halterung_SMALL_S_FHUNI_lose_sk.jpg\",\"contentUrl\":\"https:\/\/ueberlebenskunst.at\/survivalshop\/wp-content\/uploads\/2025\/02\/K4_Universal_Feuerstahl_Halterung_SMALL_S_FHUNI_lose_sk.jpg\",\"width\":400,\"height\":400},{\"@type\":\"BreadcrumbList\",\"@id\":\"https:\/\/ueberlebenskunst.at\/survivalshop\/shop\/k4-universal-feuerstahl-halterung-small\/#breadcrumb\",\"itemListElement\":[{\"@type\":\"ListItem\",\"position\":1,\"name\":\"Startseite\",\"item\":\"https:\/\/ueberlebenskunst.at\/survivalshop\/\"},{\"@type\":\"ListItem\",\"position\":2,\"name\":\"Shop\",\"item\":\"https:\/\/ueberlebenskunst.at\/survivalshop\/shop\/\"},{\"@type\":\"ListItem\",\"position\":3,\"name\":\"K4 Universal Feuerstahl Halterung SMALL\"}]},{\"@type\":\"WebSite\",\"@id\":\"https:\/\/ueberlebenskunst.at\/survivalshop\/#website\",\"url\":\"https:\/\/ueberlebenskunst.at\/survivalshop\/\",\"name\":\"Reini Rossmann - Survival Shop\",\"description\":\"Survival Shop f\u00fcr Survival, Bushcraft und Prepper\",\"potentialAction\":[{\"@type\":\"SearchAction\",\"target\":{\"@type\":\"EntryPoint\",\"urlTemplate\":\"https:\/\/ueberlebenskunst.at\/survivalshop\/?s={search_term_string}\"},\"query-input\":{\"@type\":\"PropertyValueSpecification\",\"valueRequired\":true,\"valueName\":\"search_term_string\"}}],\"inLanguage\":\"de\"}]}<\/script>\n<!-- \/ Yoast SEO plugin. -->","yoast_head_json":{"title":"K4 Universal Feuerstahl Halterung SMALL - Reini Rossmann - Survival Shop","robots":{"index":"index","follow":"follow","max-snippet":"max-snippet:-1","max-image-preview":"max-image-preview:large","max-video-preview":"max-video-preview:-1"},"canonical":"https:\/\/ueberlebenskunst.at\/survivalshop\/shop\/k4-universal-feuerstahl-halterung-small\/","og_locale":"de_DE","og_type":"article","og_title":"K4 Universal Feuerstahl Halterung SMALL - Reini Rossmann - Survival Shop","og_description":"Nach dem gro\u00dfen Erfolg unserer Universal Halterung f\u00fcr Kydexscheiden mit Feuerstahl haben wir aufgrund vieler Kundenanfragen eine kleinere Version der Universal Halterung erstellt. Was bietet dir dieser Kydex-Mount-Kit? Mit den k\u00fcrzeren Abmessungen ist diese perfekt f\u00fcr Messer der Urschneid FPK Serie. Auch f\u00fcr Messer wie den Stich, Hawk oder Raptor bzw. das CIVIVI Banter ist [&hellip;]","og_url":"https:\/\/ueberlebenskunst.at\/survivalshop\/shop\/k4-universal-feuerstahl-halterung-small\/","og_site_name":"Reini Rossmann - Survival Shop","article_publisher":"https:\/\/www.facebook.com\/survival24.org\/","article_modified_time":"2026-04-26T19:00:56+00:00","og_image":[{"width":400,"height":400,"url":"https:\/\/ueberlebenskunst.at\/survivalshop\/wp-content\/uploads\/2025\/02\/K4_Universal_Feuerstahl_Halterung_SMALL_S_FHUNI_lose_sk.jpg","type":"image\/jpeg"}],"twitter_card":"summary_large_image","twitter_misc":{"Gesch\u00e4tzte Lesezeit":"2\u00a0Minuten"},"schema":{"@context":"https:\/\/schema.org","@graph":[{"@type":"WebPage","@id":"https:\/\/ueberlebenskunst.at\/survivalshop\/shop\/k4-universal-feuerstahl-halterung-small\/","url":"https:\/\/ueberlebenskunst.at\/survivalshop\/shop\/k4-universal-feuerstahl-halterung-small\/","name":"K4 Universal Feuerstahl Halterung SMALL - Reini Rossmann - Survival Shop","isPartOf":{"@id":"https:\/\/ueberlebenskunst.at\/survivalshop\/#website"},"primaryImageOfPage":{"@id":"https:\/\/ueberlebenskunst.at\/survivalshop\/shop\/k4-universal-feuerstahl-halterung-small\/#primaryimage"},"image":{"@id":"https:\/\/ueberlebenskunst.at\/survivalshop\/shop\/k4-universal-feuerstahl-halterung-small\/#primaryimage"},"thumbnailUrl":"https:\/\/ueberlebenskunst.at\/survivalshop\/wp-content\/uploads\/2025\/02\/K4_Universal_Feuerstahl_Halterung_SMALL_S_FHUNI_lose_sk.jpg","datePublished":"2025-02-24T10:16:47+00:00","dateModified":"2026-04-26T19:00:56+00:00","breadcrumb":{"@id":"https:\/\/ueberlebenskunst.at\/survivalshop\/shop\/k4-universal-feuerstahl-halterung-small\/#breadcrumb"},"inLanguage":"de","potentialAction":[{"@type":"ReadAction","target":["https:\/\/ueberlebenskunst.at\/survivalshop\/shop\/k4-universal-feuerstahl-halterung-small\/"]}]},{"@type":"ImageObject","inLanguage":"de","@id":"https:\/\/ueberlebenskunst.at\/survivalshop\/shop\/k4-universal-feuerstahl-halterung-small\/#primaryimage","url":"https:\/\/ueberlebenskunst.at\/survivalshop\/wp-content\/uploads\/2025\/02\/K4_Universal_Feuerstahl_Halterung_SMALL_S_FHUNI_lose_sk.jpg","contentUrl":"https:\/\/ueberlebenskunst.at\/survivalshop\/wp-content\/uploads\/2025\/02\/K4_Universal_Feuerstahl_Halterung_SMALL_S_FHUNI_lose_sk.jpg","width":400,"height":400},{"@type":"BreadcrumbList","@id":"https:\/\/ueberlebenskunst.at\/survivalshop\/shop\/k4-universal-feuerstahl-halterung-small\/#breadcrumb","itemListElement":[{"@type":"ListItem","position":1,"name":"Startseite","item":"https:\/\/ueberlebenskunst.at\/survivalshop\/"},{"@type":"ListItem","position":2,"name":"Shop","item":"https:\/\/ueberlebenskunst.at\/survivalshop\/shop\/"},{"@type":"ListItem","position":3,"name":"K4 Universal Feuerstahl Halterung SMALL"}]},{"@type":"WebSite","@id":"https:\/\/ueberlebenskunst.at\/survivalshop\/#website","url":"https:\/\/ueberlebenskunst.at\/survivalshop\/","name":"Reini Rossmann - Survival Shop","description":"Survival Shop f\u00fcr Survival, Bushcraft und Prepper","potentialAction":[{"@type":"SearchAction","target":{"@type":"EntryPoint","urlTemplate":"https:\/\/ueberlebenskunst.at\/survivalshop\/?s={search_term_string}"},"query-input":{"@type":"PropertyValueSpecification","valueRequired":true,"valueName":"search_term_string"}}],"inLanguage":"de"}]}},"_links":{"self":[{"href":"https:\/\/ueberlebenskunst.at\/survivalshop\/wp-json\/wp\/v2\/product\/185014","targetHints":{"allow":["GET"]}}],"collection":[{"href":"https:\/\/ueberlebenskunst.at\/survivalshop\/wp-json\/wp\/v2\/product"}],"about":[{"href":"https:\/\/ueberlebenskunst.at\/survivalshop\/wp-json\/wp\/v2\/types\/product"}],"replies":[{"embeddable":true,"href":"https:\/\/ueberlebenskunst.at\/survivalshop\/wp-json\/wp\/v2\/comments?post=185014"}],"wp:featuredmedia":[{"embeddable":true,"href":"https:\/\/ueberlebenskunst.at\/survivalshop\/wp-json\/wp\/v2\/media\/185099"}],"wp:attachment":[{"href":"https:\/\/ueberlebenskunst.at\/survivalshop\/wp-json\/wp\/v2\/media?parent=185014"}],"wp:term":[{"taxonomy":"product_brand","embeddable":true,"href":"https:\/\/ueberlebenskunst.at\/survivalshop\/wp-json\/wp\/v2\/product_brand?post=185014"},{"taxonomy":"product_cat","embeddable":true,"href":"https:\/\/ueberlebenskunst.at\/survivalshop\/wp-json\/wp\/v2\/product_cat?post=185014"},{"taxonomy":"product_tag","embeddable":true,"href":"https:\/\/ueberlebenskunst.at\/survivalshop\/wp-json\/wp\/v2\/product_tag?post=185014"}],"curies":[{"name":"wp","href":"https:\/\/api.w.org\/{rel}","templated":true}]}}