{"id":185005,"date":"2025-02-24T09:37:33","date_gmt":"2025-02-24T08:37:33","guid":{"rendered":"https:\/\/ueberlebenskunst.at\/survivalshop\/?post_type=product&#038;p=185005"},"modified":"2026-02-17T07:31:54","modified_gmt":"2026-02-17T06:31:54","slug":"tops-knives-ivie","status":"publish","type":"product","link":"https:\/\/ueberlebenskunst.at\/survivalshop\/shop\/tops-knives-ivie\/","title":{"rendered":"TOPS Knives Ivie"},"content":{"rendered":"<p>Das Ivie wurde von Cody Ivie entworfen \u2013 einem begeisterten Brazilian Jiu-Jitsu-Praktizierenden und Messerliebhaber. Sein fundiertes Wissen \u00fcber Messer verschafft ihm einen Vorteil. Das Ivie erweist sich als herausragendes kleines EDC-Messer. Es besticht durch eine robuste, kraftvolle Wharncliffe-Klinge aus 1095 Kohlenstoffstahl. Der Zweifinger-Griff, umh\u00fcllt von schwarzen Micarta-Schalen, liegt sicher in der Hand. Dank seiner bequemen und kompakten Bauweise l\u00e4sst es sich m\u00fchelos offen oder verdeckt tragen \u2013 ob als Neck Knife, in der Tasche, am G\u00fcrtel oder auf andere Weise. Abgerundet wird das Konzept durch eine passgenaue Kydex-Scheide.<\/p>\n<h3>Produktdaten:<\/h3>\n<ul>\n<li>Gesamtl\u00e4nge: 12,7 cm<\/li>\n<li>Klingenl\u00e4nge: 6,4 cm<\/li>\n<li>Gewicht: 73 g<\/li>\n<li>Klingenst\u00e4rke: 4,8 mm<\/li>\n<li>Klingenmaterial: 1095<\/li>\n<li>Griffmaterial: Micarta<\/li>\n<\/ul>\n","protected":false},"excerpt":{"rendered":"<p>Das Ivie wurde von Cody Ivie entworfen \u2013 einem begeisterten Brazilian Jiu-Jitsu-Praktizierenden und Messerliebhaber. Sein fundiertes Wissen \u00fcber Messer verschafft ihm einen Vorteil. Das Ivie erweist sich als herausragendes kleines EDC-Messer. Es besticht durch eine robuste, kraftvolle Wharncliffe-Klinge aus 1095 Kohlenstoffstahl. Der Zweifinger-Griff, umh\u00fcllt von schwarzen Micarta-Schalen, liegt sicher in der Hand. Dank seiner bequemen [&hellip;]<\/p>\n","protected":false},"featured_media":185006,"comment_status":"open","ping_status":"closed","template":"","meta":{"_acf_changed":false},"product_brand":[],"product_cat":[1805],"product_tag":[899],"class_list":{"0":"post-185005","1":"product","2":"type-product","3":"status-publish","4":"has-post-thumbnail","6":"product_cat-messer-messer-tools","7":"product_tag-tops-knives","9":"first","10":"instock","11":"taxable","12":"shipping-taxable","13":"purchasable","14":"product-type-simple"},"acf":[],"yoast_head":"<!-- This site is optimized with the Yoast SEO plugin v27.1.1 - https:\/\/yoast.com\/product\/yoast-seo-wordpress\/ -->\n<title>TOPS Knives Ivie - Reini Rossmann - Survival Shop<\/title>\n<meta name=\"description\" content=\"Das Ivie ist ein ausgezeichnetes kleines EDC-Messer. Es hat eine robuste und kraftvolle Wharncliffe-Klinge aus 1095 Kohlenstoffstahl. Der 2-Finger-Griff hat schwarze Micarta Schalen.\" \/>\n<meta name=\"robots\" content=\"index, follow, max-snippet:-1, max-image-preview:large, max-video-preview:-1\" \/>\n<link rel=\"canonical\" href=\"https:\/\/ueberlebenskunst.at\/survivalshop\/shop\/tops-knives-ivie\/\" \/>\n<meta property=\"og:locale\" content=\"de_DE\" \/>\n<meta property=\"og:type\" content=\"article\" \/>\n<meta property=\"og:title\" content=\"TOPS Knives Ivie - Reini Rossmann - Survival Shop\" \/>\n<meta property=\"og:description\" content=\"Das Ivie ist ein ausgezeichnetes kleines EDC-Messer. Es hat eine robuste und kraftvolle Wharncliffe-Klinge aus 1095 Kohlenstoffstahl. Der 2-Finger-Griff hat schwarze Micarta Schalen.\" \/>\n<meta property=\"og:url\" content=\"https:\/\/ueberlebenskunst.at\/survivalshop\/shop\/tops-knives-ivie\/\" \/>\n<meta property=\"og:site_name\" content=\"Reini Rossmann - Survival Shop\" \/>\n<meta property=\"article:publisher\" content=\"https:\/\/www.facebook.com\/survival24.org\/\" \/>\n<meta property=\"article:modified_time\" content=\"2026-02-17T06:31:54+00:00\" \/>\n<meta property=\"og:image\" content=\"https:\/\/ueberlebenskunst.at\/survivalshop\/wp-content\/uploads\/2025\/02\/02TP263.jpg\" \/>\n\t<meta property=\"og:image:width\" content=\"400\" \/>\n\t<meta property=\"og:image:height\" content=\"401\" \/>\n\t<meta property=\"og:image:type\" content=\"image\/jpeg\" \/>\n<meta name=\"twitter:card\" content=\"summary_large_image\" \/>\n<meta name=\"twitter:label1\" content=\"Gesch\u00e4tzte Lesezeit\" \/>\n\t<meta name=\"twitter:data1\" content=\"1\u00a0Minute\" \/>\n<script type=\"application\/ld+json\" class=\"yoast-schema-graph\">{\"@context\":\"https:\/\/schema.org\",\"@graph\":[{\"@type\":\"WebPage\",\"@id\":\"https:\/\/ueberlebenskunst.at\/survivalshop\/shop\/tops-knives-ivie\/\",\"url\":\"https:\/\/ueberlebenskunst.at\/survivalshop\/shop\/tops-knives-ivie\/\",\"name\":\"TOPS Knives Ivie - Reini Rossmann - Survival Shop\",\"isPartOf\":{\"@id\":\"https:\/\/ueberlebenskunst.at\/survivalshop\/#website\"},\"primaryImageOfPage\":{\"@id\":\"https:\/\/ueberlebenskunst.at\/survivalshop\/shop\/tops-knives-ivie\/#primaryimage\"},\"image\":{\"@id\":\"https:\/\/ueberlebenskunst.at\/survivalshop\/shop\/tops-knives-ivie\/#primaryimage\"},\"thumbnailUrl\":\"https:\/\/ueberlebenskunst.at\/survivalshop\/wp-content\/uploads\/2025\/02\/02TP263.jpg\",\"datePublished\":\"2025-02-24T08:37:33+00:00\",\"dateModified\":\"2026-02-17T06:31:54+00:00\",\"description\":\"Das Ivie ist ein ausgezeichnetes kleines EDC-Messer. Es hat eine robuste und kraftvolle Wharncliffe-Klinge aus 1095 Kohlenstoffstahl. Der 2-Finger-Griff hat schwarze Micarta Schalen.\",\"breadcrumb\":{\"@id\":\"https:\/\/ueberlebenskunst.at\/survivalshop\/shop\/tops-knives-ivie\/#breadcrumb\"},\"inLanguage\":\"de\",\"potentialAction\":[{\"@type\":\"ReadAction\",\"target\":[\"https:\/\/ueberlebenskunst.at\/survivalshop\/shop\/tops-knives-ivie\/\"]}]},{\"@type\":\"ImageObject\",\"inLanguage\":\"de\",\"@id\":\"https:\/\/ueberlebenskunst.at\/survivalshop\/shop\/tops-knives-ivie\/#primaryimage\",\"url\":\"https:\/\/ueberlebenskunst.at\/survivalshop\/wp-content\/uploads\/2025\/02\/02TP263.jpg\",\"contentUrl\":\"https:\/\/ueberlebenskunst.at\/survivalshop\/wp-content\/uploads\/2025\/02\/02TP263.jpg\",\"width\":400,\"height\":401},{\"@type\":\"BreadcrumbList\",\"@id\":\"https:\/\/ueberlebenskunst.at\/survivalshop\/shop\/tops-knives-ivie\/#breadcrumb\",\"itemListElement\":[{\"@type\":\"ListItem\",\"position\":1,\"name\":\"Startseite\",\"item\":\"https:\/\/ueberlebenskunst.at\/survivalshop\/\"},{\"@type\":\"ListItem\",\"position\":2,\"name\":\"Shop\",\"item\":\"https:\/\/ueberlebenskunst.at\/survivalshop\/shop\/\"},{\"@type\":\"ListItem\",\"position\":3,\"name\":\"TOPS Knives Ivie\"}]},{\"@type\":\"WebSite\",\"@id\":\"https:\/\/ueberlebenskunst.at\/survivalshop\/#website\",\"url\":\"https:\/\/ueberlebenskunst.at\/survivalshop\/\",\"name\":\"Reini Rossmann - Survival Shop\",\"description\":\"Survival Shop f\u00fcr Survival, Bushcraft und Prepper\",\"potentialAction\":[{\"@type\":\"SearchAction\",\"target\":{\"@type\":\"EntryPoint\",\"urlTemplate\":\"https:\/\/ueberlebenskunst.at\/survivalshop\/?s={search_term_string}\"},\"query-input\":{\"@type\":\"PropertyValueSpecification\",\"valueRequired\":true,\"valueName\":\"search_term_string\"}}],\"inLanguage\":\"de\"}]}<\/script>\n<!-- \/ Yoast SEO plugin. -->","yoast_head_json":{"title":"TOPS Knives Ivie - Reini Rossmann - Survival Shop","description":"Das Ivie ist ein ausgezeichnetes kleines EDC-Messer. Es hat eine robuste und kraftvolle Wharncliffe-Klinge aus 1095 Kohlenstoffstahl. Der 2-Finger-Griff hat schwarze Micarta Schalen.","robots":{"index":"index","follow":"follow","max-snippet":"max-snippet:-1","max-image-preview":"max-image-preview:large","max-video-preview":"max-video-preview:-1"},"canonical":"https:\/\/ueberlebenskunst.at\/survivalshop\/shop\/tops-knives-ivie\/","og_locale":"de_DE","og_type":"article","og_title":"TOPS Knives Ivie - Reini Rossmann - Survival Shop","og_description":"Das Ivie ist ein ausgezeichnetes kleines EDC-Messer. Es hat eine robuste und kraftvolle Wharncliffe-Klinge aus 1095 Kohlenstoffstahl. Der 2-Finger-Griff hat schwarze Micarta Schalen.","og_url":"https:\/\/ueberlebenskunst.at\/survivalshop\/shop\/tops-knives-ivie\/","og_site_name":"Reini Rossmann - Survival Shop","article_publisher":"https:\/\/www.facebook.com\/survival24.org\/","article_modified_time":"2026-02-17T06:31:54+00:00","og_image":[{"width":400,"height":401,"url":"https:\/\/ueberlebenskunst.at\/survivalshop\/wp-content\/uploads\/2025\/02\/02TP263.jpg","type":"image\/jpeg"}],"twitter_card":"summary_large_image","twitter_misc":{"Gesch\u00e4tzte Lesezeit":"1\u00a0Minute"},"schema":{"@context":"https:\/\/schema.org","@graph":[{"@type":"WebPage","@id":"https:\/\/ueberlebenskunst.at\/survivalshop\/shop\/tops-knives-ivie\/","url":"https:\/\/ueberlebenskunst.at\/survivalshop\/shop\/tops-knives-ivie\/","name":"TOPS Knives Ivie - Reini Rossmann - Survival Shop","isPartOf":{"@id":"https:\/\/ueberlebenskunst.at\/survivalshop\/#website"},"primaryImageOfPage":{"@id":"https:\/\/ueberlebenskunst.at\/survivalshop\/shop\/tops-knives-ivie\/#primaryimage"},"image":{"@id":"https:\/\/ueberlebenskunst.at\/survivalshop\/shop\/tops-knives-ivie\/#primaryimage"},"thumbnailUrl":"https:\/\/ueberlebenskunst.at\/survivalshop\/wp-content\/uploads\/2025\/02\/02TP263.jpg","datePublished":"2025-02-24T08:37:33+00:00","dateModified":"2026-02-17T06:31:54+00:00","description":"Das Ivie ist ein ausgezeichnetes kleines EDC-Messer. Es hat eine robuste und kraftvolle Wharncliffe-Klinge aus 1095 Kohlenstoffstahl. Der 2-Finger-Griff hat schwarze Micarta Schalen.","breadcrumb":{"@id":"https:\/\/ueberlebenskunst.at\/survivalshop\/shop\/tops-knives-ivie\/#breadcrumb"},"inLanguage":"de","potentialAction":[{"@type":"ReadAction","target":["https:\/\/ueberlebenskunst.at\/survivalshop\/shop\/tops-knives-ivie\/"]}]},{"@type":"ImageObject","inLanguage":"de","@id":"https:\/\/ueberlebenskunst.at\/survivalshop\/shop\/tops-knives-ivie\/#primaryimage","url":"https:\/\/ueberlebenskunst.at\/survivalshop\/wp-content\/uploads\/2025\/02\/02TP263.jpg","contentUrl":"https:\/\/ueberlebenskunst.at\/survivalshop\/wp-content\/uploads\/2025\/02\/02TP263.jpg","width":400,"height":401},{"@type":"BreadcrumbList","@id":"https:\/\/ueberlebenskunst.at\/survivalshop\/shop\/tops-knives-ivie\/#breadcrumb","itemListElement":[{"@type":"ListItem","position":1,"name":"Startseite","item":"https:\/\/ueberlebenskunst.at\/survivalshop\/"},{"@type":"ListItem","position":2,"name":"Shop","item":"https:\/\/ueberlebenskunst.at\/survivalshop\/shop\/"},{"@type":"ListItem","position":3,"name":"TOPS Knives Ivie"}]},{"@type":"WebSite","@id":"https:\/\/ueberlebenskunst.at\/survivalshop\/#website","url":"https:\/\/ueberlebenskunst.at\/survivalshop\/","name":"Reini Rossmann - Survival Shop","description":"Survival Shop f\u00fcr Survival, Bushcraft und Prepper","potentialAction":[{"@type":"SearchAction","target":{"@type":"EntryPoint","urlTemplate":"https:\/\/ueberlebenskunst.at\/survivalshop\/?s={search_term_string}"},"query-input":{"@type":"PropertyValueSpecification","valueRequired":true,"valueName":"search_term_string"}}],"inLanguage":"de"}]}},"_links":{"self":[{"href":"https:\/\/ueberlebenskunst.at\/survivalshop\/wp-json\/wp\/v2\/product\/185005","targetHints":{"allow":["GET"]}}],"collection":[{"href":"https:\/\/ueberlebenskunst.at\/survivalshop\/wp-json\/wp\/v2\/product"}],"about":[{"href":"https:\/\/ueberlebenskunst.at\/survivalshop\/wp-json\/wp\/v2\/types\/product"}],"replies":[{"embeddable":true,"href":"https:\/\/ueberlebenskunst.at\/survivalshop\/wp-json\/wp\/v2\/comments?post=185005"}],"wp:featuredmedia":[{"embeddable":true,"href":"https:\/\/ueberlebenskunst.at\/survivalshop\/wp-json\/wp\/v2\/media\/185006"}],"wp:attachment":[{"href":"https:\/\/ueberlebenskunst.at\/survivalshop\/wp-json\/wp\/v2\/media?parent=185005"}],"wp:term":[{"taxonomy":"product_brand","embeddable":true,"href":"https:\/\/ueberlebenskunst.at\/survivalshop\/wp-json\/wp\/v2\/product_brand?post=185005"},{"taxonomy":"product_cat","embeddable":true,"href":"https:\/\/ueberlebenskunst.at\/survivalshop\/wp-json\/wp\/v2\/product_cat?post=185005"},{"taxonomy":"product_tag","embeddable":true,"href":"https:\/\/ueberlebenskunst.at\/survivalshop\/wp-json\/wp\/v2\/product_tag?post=185005"}],"curies":[{"name":"wp","href":"https:\/\/api.w.org\/{rel}","templated":true}]}}