{"id":18433,"date":"2020-10-26T19:39:51","date_gmt":"2020-10-26T17:39:51","guid":{"rendered":"https:\/\/ueberlebenskunst.at\/survivalshop\/survivalshop\/?post_type=product&#038;p=18433"},"modified":"2024-03-21T07:40:51","modified_gmt":"2024-03-21T06:40:51","slug":"steripen-ersatzkartusche-40mic","status":"seo-produkt","type":"product","link":"https:\/\/ueberlebenskunst.at\/survivalshop\/shop\/steripen-ersatzkartusche-40mic\/","title":{"rendered":"Steripen Ersatzkartusche 40Mic"},"content":{"rendered":"<p>Die Steripen Ersatzkartusche\u00a0 mit 40Mikron- Filter ist geeignet f\u00fcr den <a href=\"https:\/\/ueberlebenskunst.at\/survivalshop\/shop\/steripen-fitsall-filter-aufsatz\/\" target=\"_blank\" rel=\"noopener noreferrer\">Steripen FitsAll\u2122 Filter-Aufsatz\u00a0 <\/a>oder auch als Direktfilter f\u00fcr Flaschen mit gro\u00dfer \u00d6ffnung wie der <a href=\"https:\/\/ueberlebenskunst.at\/survivalshop\/shop\/nalgene-flasche-weithals-1-liter\/\" target=\"_blank\" rel=\"noopener noreferrer\">Nalgene Flasche Weithals 1 Liter<\/a>.<br \/>\nMit dem Filter werden zuverl\u00e4ssig Schwebestoffe aus dem Wasser gefiltert. Das Wasser wird dabei nicht im eigentlichen Sinn gereinigt. Nach dem Filtern ist eine weitere Aufbereitung notwendig. Stark verschmutzes Wasser ist erst nach dem Filtern klar genug, um mit den <a href=\"https:\/\/ueberlebenskunst.at\/survivalshop\/shop\/steripen-classic-3\/\" target=\"_blank\" rel=\"noopener noreferrer\">Steripen UV-Licht<\/a> trinkfertig aufbereitet zu werden.<\/p>\n","protected":false},"excerpt":{"rendered":"<p>Zum Vorabfiltern um gr\u00f6\u00dfere Partikel zu entfernen um das klare Wasser anschlie\u00dfend zum trinken aufzubereiten<\/p>\n","protected":false},"featured_media":37523,"comment_status":"open","ping_status":"closed","template":"","meta":{"_acf_changed":false},"product_brand":[],"product_cat":[426],"product_tag":[631],"class_list":{"0":"post-18433","1":"product","2":"type-product","3":"status-seo-produkt","4":"has-post-thumbnail","6":"product_cat-unkategorisiert","7":"product_tag-steripen","9":"first","10":"outofstock","11":"taxable","12":"shipping-taxable","13":"product-type-simple"},"acf":[],"yoast_head":"<!-- This site is optimized with the Yoast SEO plugin v27.1.1 - https:\/\/yoast.com\/product\/yoast-seo-wordpress\/ -->\n<title>Steripen Ersatzkartusche 40Mic zum Vorfiltern von Schwebestoffen<\/title>\n<meta name=\"description\" content=\"Die Steripen Ersatzkartusche kann auch zum Einsatz kommen bevor das Waseer aufbereitet wird um Mikrooranismen zu entfernen.\" \/>\n<meta name=\"robots\" content=\"index, follow, max-snippet:-1, max-image-preview:large, max-video-preview:-1\" \/>\n<link rel=\"canonical\" href=\"https:\/\/ueberlebenskunst.at\/survivalshop\/shop\/steripen-ersatzkartusche-40mic\/\" \/>\n<meta property=\"og:locale\" content=\"de_DE\" \/>\n<meta property=\"og:type\" content=\"article\" \/>\n<meta property=\"og:title\" content=\"Steripen Ersatzkartusche 40Mic zum Vorfiltern von Schwebestoffen\" \/>\n<meta property=\"og:description\" content=\"Die Steripen Ersatzkartusche kann auch zum Einsatz kommen bevor das Waseer aufbereitet wird um Mikrooranismen zu entfernen.\" \/>\n<meta property=\"og:url\" content=\"https:\/\/ueberlebenskunst.at\/survivalshop\/shop\/steripen-ersatzkartusche-40mic\/\" \/>\n<meta property=\"og:site_name\" content=\"Reini Rossmann - Survival Shop\" \/>\n<meta property=\"article:publisher\" content=\"https:\/\/www.facebook.com\/survival24.org\/\" \/>\n<meta property=\"article:modified_time\" content=\"2024-03-21T06:40:51+00:00\" \/>\n<meta property=\"og:image\" content=\"https:\/\/ueberlebenskunst.at\/survivalshop\/wp-content\/uploads\/2020\/10\/Steripen-40-micron_32864.jpg\" \/>\n\t<meta property=\"og:image:width\" content=\"279\" \/>\n\t<meta property=\"og:image:height\" content=\"380\" \/>\n\t<meta property=\"og:image:type\" content=\"image\/jpeg\" \/>\n<meta name=\"twitter:card\" content=\"summary_large_image\" \/>\n<meta name=\"twitter:label1\" content=\"Gesch\u00e4tzte Lesezeit\" \/>\n\t<meta name=\"twitter:data1\" content=\"1\u00a0Minute\" \/>\n<script type=\"application\/ld+json\" class=\"yoast-schema-graph\">{\"@context\":\"https:\/\/schema.org\",\"@graph\":[{\"@type\":\"WebPage\",\"@id\":\"https:\/\/ueberlebenskunst.at\/survivalshop\/shop\/steripen-ersatzkartusche-40mic\/\",\"url\":\"https:\/\/ueberlebenskunst.at\/survivalshop\/shop\/steripen-ersatzkartusche-40mic\/\",\"name\":\"Steripen Ersatzkartusche 40Mic zum Vorfiltern von Schwebestoffen\",\"isPartOf\":{\"@id\":\"https:\/\/ueberlebenskunst.at\/survivalshop\/#website\"},\"primaryImageOfPage\":{\"@id\":\"https:\/\/ueberlebenskunst.at\/survivalshop\/shop\/steripen-ersatzkartusche-40mic\/#primaryimage\"},\"image\":{\"@id\":\"https:\/\/ueberlebenskunst.at\/survivalshop\/shop\/steripen-ersatzkartusche-40mic\/#primaryimage\"},\"thumbnailUrl\":\"https:\/\/ueberlebenskunst.at\/survivalshop\/wp-content\/uploads\/2020\/10\/Steripen-40-micron_32864.jpg\",\"datePublished\":\"2020-10-26T17:39:51+00:00\",\"dateModified\":\"2024-03-21T06:40:51+00:00\",\"description\":\"Die Steripen Ersatzkartusche kann auch zum Einsatz kommen bevor das Waseer aufbereitet wird um Mikrooranismen zu entfernen.\",\"breadcrumb\":{\"@id\":\"https:\/\/ueberlebenskunst.at\/survivalshop\/shop\/steripen-ersatzkartusche-40mic\/#breadcrumb\"},\"inLanguage\":\"de\",\"potentialAction\":[{\"@type\":\"ReadAction\",\"target\":[\"https:\/\/ueberlebenskunst.at\/survivalshop\/shop\/steripen-ersatzkartusche-40mic\/\"]}]},{\"@type\":\"ImageObject\",\"inLanguage\":\"de\",\"@id\":\"https:\/\/ueberlebenskunst.at\/survivalshop\/shop\/steripen-ersatzkartusche-40mic\/#primaryimage\",\"url\":\"https:\/\/ueberlebenskunst.at\/survivalshop\/wp-content\/uploads\/2020\/10\/Steripen-40-micron_32864.jpg\",\"contentUrl\":\"https:\/\/ueberlebenskunst.at\/survivalshop\/wp-content\/uploads\/2020\/10\/Steripen-40-micron_32864.jpg\",\"width\":279,\"height\":380},{\"@type\":\"BreadcrumbList\",\"@id\":\"https:\/\/ueberlebenskunst.at\/survivalshop\/shop\/steripen-ersatzkartusche-40mic\/#breadcrumb\",\"itemListElement\":[{\"@type\":\"ListItem\",\"position\":1,\"name\":\"Startseite\",\"item\":\"https:\/\/ueberlebenskunst.at\/survivalshop\/\"},{\"@type\":\"ListItem\",\"position\":2,\"name\":\"Shop\",\"item\":\"https:\/\/ueberlebenskunst.at\/survivalshop\/shop\/\"},{\"@type\":\"ListItem\",\"position\":3,\"name\":\"Steripen Ersatzkartusche 40Mic\"}]},{\"@type\":\"WebSite\",\"@id\":\"https:\/\/ueberlebenskunst.at\/survivalshop\/#website\",\"url\":\"https:\/\/ueberlebenskunst.at\/survivalshop\/\",\"name\":\"Reini Rossmann - Survival Shop\",\"description\":\"Survival Shop f\u00fcr Survival, Bushcraft und Prepper\",\"potentialAction\":[{\"@type\":\"SearchAction\",\"target\":{\"@type\":\"EntryPoint\",\"urlTemplate\":\"https:\/\/ueberlebenskunst.at\/survivalshop\/?s={search_term_string}\"},\"query-input\":{\"@type\":\"PropertyValueSpecification\",\"valueRequired\":true,\"valueName\":\"search_term_string\"}}],\"inLanguage\":\"de\"}]}<\/script>\n<!-- \/ Yoast SEO plugin. -->","yoast_head_json":{"title":"Steripen Ersatzkartusche 40Mic zum Vorfiltern von Schwebestoffen","description":"Die Steripen Ersatzkartusche kann auch zum Einsatz kommen bevor das Waseer aufbereitet wird um Mikrooranismen zu entfernen.","robots":{"index":"index","follow":"follow","max-snippet":"max-snippet:-1","max-image-preview":"max-image-preview:large","max-video-preview":"max-video-preview:-1"},"canonical":"https:\/\/ueberlebenskunst.at\/survivalshop\/shop\/steripen-ersatzkartusche-40mic\/","og_locale":"de_DE","og_type":"article","og_title":"Steripen Ersatzkartusche 40Mic zum Vorfiltern von Schwebestoffen","og_description":"Die Steripen Ersatzkartusche kann auch zum Einsatz kommen bevor das Waseer aufbereitet wird um Mikrooranismen zu entfernen.","og_url":"https:\/\/ueberlebenskunst.at\/survivalshop\/shop\/steripen-ersatzkartusche-40mic\/","og_site_name":"Reini Rossmann - Survival Shop","article_publisher":"https:\/\/www.facebook.com\/survival24.org\/","article_modified_time":"2024-03-21T06:40:51+00:00","og_image":[{"width":279,"height":380,"url":"https:\/\/ueberlebenskunst.at\/survivalshop\/wp-content\/uploads\/2020\/10\/Steripen-40-micron_32864.jpg","type":"image\/jpeg"}],"twitter_card":"summary_large_image","twitter_misc":{"Gesch\u00e4tzte Lesezeit":"1\u00a0Minute"},"schema":{"@context":"https:\/\/schema.org","@graph":[{"@type":"WebPage","@id":"https:\/\/ueberlebenskunst.at\/survivalshop\/shop\/steripen-ersatzkartusche-40mic\/","url":"https:\/\/ueberlebenskunst.at\/survivalshop\/shop\/steripen-ersatzkartusche-40mic\/","name":"Steripen Ersatzkartusche 40Mic zum Vorfiltern von Schwebestoffen","isPartOf":{"@id":"https:\/\/ueberlebenskunst.at\/survivalshop\/#website"},"primaryImageOfPage":{"@id":"https:\/\/ueberlebenskunst.at\/survivalshop\/shop\/steripen-ersatzkartusche-40mic\/#primaryimage"},"image":{"@id":"https:\/\/ueberlebenskunst.at\/survivalshop\/shop\/steripen-ersatzkartusche-40mic\/#primaryimage"},"thumbnailUrl":"https:\/\/ueberlebenskunst.at\/survivalshop\/wp-content\/uploads\/2020\/10\/Steripen-40-micron_32864.jpg","datePublished":"2020-10-26T17:39:51+00:00","dateModified":"2024-03-21T06:40:51+00:00","description":"Die Steripen Ersatzkartusche kann auch zum Einsatz kommen bevor das Waseer aufbereitet wird um Mikrooranismen zu entfernen.","breadcrumb":{"@id":"https:\/\/ueberlebenskunst.at\/survivalshop\/shop\/steripen-ersatzkartusche-40mic\/#breadcrumb"},"inLanguage":"de","potentialAction":[{"@type":"ReadAction","target":["https:\/\/ueberlebenskunst.at\/survivalshop\/shop\/steripen-ersatzkartusche-40mic\/"]}]},{"@type":"ImageObject","inLanguage":"de","@id":"https:\/\/ueberlebenskunst.at\/survivalshop\/shop\/steripen-ersatzkartusche-40mic\/#primaryimage","url":"https:\/\/ueberlebenskunst.at\/survivalshop\/wp-content\/uploads\/2020\/10\/Steripen-40-micron_32864.jpg","contentUrl":"https:\/\/ueberlebenskunst.at\/survivalshop\/wp-content\/uploads\/2020\/10\/Steripen-40-micron_32864.jpg","width":279,"height":380},{"@type":"BreadcrumbList","@id":"https:\/\/ueberlebenskunst.at\/survivalshop\/shop\/steripen-ersatzkartusche-40mic\/#breadcrumb","itemListElement":[{"@type":"ListItem","position":1,"name":"Startseite","item":"https:\/\/ueberlebenskunst.at\/survivalshop\/"},{"@type":"ListItem","position":2,"name":"Shop","item":"https:\/\/ueberlebenskunst.at\/survivalshop\/shop\/"},{"@type":"ListItem","position":3,"name":"Steripen Ersatzkartusche 40Mic"}]},{"@type":"WebSite","@id":"https:\/\/ueberlebenskunst.at\/survivalshop\/#website","url":"https:\/\/ueberlebenskunst.at\/survivalshop\/","name":"Reini Rossmann - Survival Shop","description":"Survival Shop f\u00fcr Survival, Bushcraft und Prepper","potentialAction":[{"@type":"SearchAction","target":{"@type":"EntryPoint","urlTemplate":"https:\/\/ueberlebenskunst.at\/survivalshop\/?s={search_term_string}"},"query-input":{"@type":"PropertyValueSpecification","valueRequired":true,"valueName":"search_term_string"}}],"inLanguage":"de"}]}},"_links":{"self":[{"href":"https:\/\/ueberlebenskunst.at\/survivalshop\/wp-json\/wp\/v2\/product\/18433","targetHints":{"allow":["GET"]}}],"collection":[{"href":"https:\/\/ueberlebenskunst.at\/survivalshop\/wp-json\/wp\/v2\/product"}],"about":[{"href":"https:\/\/ueberlebenskunst.at\/survivalshop\/wp-json\/wp\/v2\/types\/product"}],"replies":[{"embeddable":true,"href":"https:\/\/ueberlebenskunst.at\/survivalshop\/wp-json\/wp\/v2\/comments?post=18433"}],"wp:featuredmedia":[{"embeddable":true,"href":"https:\/\/ueberlebenskunst.at\/survivalshop\/wp-json\/wp\/v2\/media\/37523"}],"wp:attachment":[{"href":"https:\/\/ueberlebenskunst.at\/survivalshop\/wp-json\/wp\/v2\/media?parent=18433"}],"wp:term":[{"taxonomy":"product_brand","embeddable":true,"href":"https:\/\/ueberlebenskunst.at\/survivalshop\/wp-json\/wp\/v2\/product_brand?post=18433"},{"taxonomy":"product_cat","embeddable":true,"href":"https:\/\/ueberlebenskunst.at\/survivalshop\/wp-json\/wp\/v2\/product_cat?post=18433"},{"taxonomy":"product_tag","embeddable":true,"href":"https:\/\/ueberlebenskunst.at\/survivalshop\/wp-json\/wp\/v2\/product_tag?post=18433"}],"curies":[{"name":"wp","href":"https:\/\/api.w.org\/{rel}","templated":true}]}}