{"id":18405,"date":"2020-10-25T18:23:02","date_gmt":"2020-10-25T16:23:02","guid":{"rendered":"https:\/\/ueberlebenskunst.at\/survivalshop\/survivalshop\/?post_type=product&#038;p=18405"},"modified":"2025-10-02T10:29:48","modified_gmt":"2025-10-02T08:29:48","slug":"ek-guillotine-x-armbrust","status":"seo-produkt","type":"product","link":"https:\/\/ueberlebenskunst.at\/survivalshop\/shop\/ek-guillotine-x-armbrust\/","title":{"rendered":"EK Guillotine X Armbrust"},"content":{"rendered":"<p>Die EK Guillotine X Armbrust liefert bei einer Schusskraft von 185 lbs eine Geschwindigkeit bis zu 440 km\/h und eine Zielgenauigkeit von 100 m. Die zus\u00e4tzliche Gummischaftkappe verhindert das Abrutschen von der Schulter und reduziert den R\u00fccksto\u00df um einiges.<br \/>\nGeliefert wird die Guillotine X mit einer Abzugs- und Leerschusssicherung. Dank des Compundsystems mit Rollen\u00fcbertragung wird das Zuggewicht um ca. 75 % reduziert.<\/p>\n<p>Durch die robuste Konstruktion, die pr\u00e4zise Mechanik und die solide Fertigung hinterl\u00e4sst die Guillotine-X einen sehr hochwertigen Eindruck. Die markante &#8220;Fu\u00dfst\u00fctze&#8221; (St\u00fctzelement) verleiht dem Design nicht nur Stil, sondern auch bessere Handhabung und Stabilit\u00e4t beim Schie\u00dfen.<\/p>\n<p>Die Guillotine X ist eine kompromisslose Wahl f\u00fcr Anwender, die eine leistungsstarke Armbrust mit vollst\u00e4ndiger Ausstattung suchen. Dank ihrer hohen Geschossgeschwindigkeit und der ausgezeichneten Zielgenauigkeit eignet sie sich f\u00fcr pr\u00e4zises Schie\u00dfen auf gro\u00dfe Distanzen. Die integrierten Sicherungen minimieren das Risiko unbeabsichtigter Ausl\u00f6sungen.<\/p>\n<p>Trotz der wuchtigen Leistung liegt sie mit 3,9 kg erstaunlich ausgewogen in der Hand. Die Montage des mitgelieferten Zielfernrohrs ist dank der Picatinny-Schiene flexibel m\u00f6glich \u2014 auch andere Zieloptiken k\u00f6nnen nachger\u00fcstet werden.<\/p>\n<h3>Lieferumfang :<\/h3>\n<ul>\n<li>EK Guillotine X Armbrust<\/li>\n<li>4 x 32 Zielfernrohr<\/li>\n<li>Spannhilfe<\/li>\n<li>gut gepolster Trageriemen<\/li>\n<li>Anbauk\u00f6cher f\u00fcr 6 Pfeile<\/li>\n<li>3 Stk. 20&#8243; Carbon-Pfeile<\/li>\n<li>Sehnenwachs<\/li>\n<li>Schutzbrille<\/li>\n<\/ul>\n<h3>Technische Daten:<\/h3>\n<ul>\n<li>Geschwindigkeit: bis zu 440 km\/h<\/li>\n<li>Zuggewicht: 185 lbs (84 kg)<\/li>\n<li>Achsenl\u00e4nge ungespannt:\u00a0 17,5&#8243; = 45 m<\/li>\n<li>Gewicht: 3,9 kg<\/li>\n<li>Gesamtl\u00e4nge: 95 cm<\/li>\n<li>Gesamtbreite: 45 cm<\/li>\n<\/ul>\n<h3>Passendes Zubeh\u00f6r, extra erh\u00e4ltlich:<\/h3>\n<ul>\n<li><a href=\"https:\/\/ueberlebenskunst.at\/survivalshop\/shop\/ek-ersatzkabel-fuer-ek-guillotine-x\/\" target=\"_blank\" rel=\"noopener noreferrer\">EK Ersatzkabel f\u00fcr EK Guillotine X<br \/>\n<\/a><a href=\"https:\/\/ueberlebenskunst.at\/survivalshop\/shop\/ek-ersatzsehne-ek-guilliotine\/\" target=\"_blank\" rel=\"noopener noreferrer\">EK Ersatzsehne f\u00fcr EK Guillotine X<\/a><\/li>\n<li><a href=\"https:\/\/ueberlebenskunst.at\/survivalshop\/shop\/ek-carbon-pfeile-88mm\/\" target=\"_blank\" rel=\"noopener\">EK Carbon Pfeile 8,8 mm<\/a><\/li>\n<\/ul>\n<p><strong>WICHTIG!<\/strong> Der Verkauf kann erst ab 18 Jahren erfolgen. Bitte lade beim Bestellabschluss deine Ausweiskopie hoch. Ohne Ausweiskopie erfolgt kein Versand!<\/p>\n","protected":false},"excerpt":{"rendered":"<p>Die EK Guillotine X Armbrust liefert bei einer Schusskraft von 185 lbs eine Geschwindigkeit bis zu 440 km\/h und eine Zielgenauigkeit von 100 m. Die zus\u00e4tzliche Gummischaftkappe verhindert das Abrutschen von der Schulter und reduziert den R\u00fccksto\u00df um einiges. Geliefert wird die Guillotine X mit einer Abzugs- und Leerschusssicherung. Dank des Compundsystems mit Rollen\u00fcbertragung wird [&hellip;]<\/p>\n","protected":false},"featured_media":18406,"comment_status":"open","ping_status":"closed","template":"","meta":{"_acf_changed":false},"product_brand":[],"product_cat":[1892],"product_tag":[405],"class_list":{"0":"post-18405","1":"product","2":"type-product","3":"status-seo-produkt","4":"has-post-thumbnail","6":"product_cat-bogensport-pfeil-kugel","7":"product_tag-armbrust","9":"first","10":"outofstock","11":"sale","12":"taxable","13":"shipping-taxable","14":"product-type-simple"},"acf":[],"yoast_head":"<!-- This site is optimized with the Yoast SEO plugin v27.1.1 - https:\/\/yoast.com\/product\/yoast-seo-wordpress\/ -->\n<title>EK Guillotine X Armbrust - mit Abzugs und Leerschusssicherung<\/title>\n<meta name=\"description\" content=\"Die EK Guillotine X mit 84kg Zugkraft erreicht bei einer Zielgenauigkeit von 100m eine beeindruckende Geschwindidkeit bis zu 440km\/h\" \/>\n<meta name=\"robots\" content=\"index, follow, max-snippet:-1, max-image-preview:large, max-video-preview:-1\" \/>\n<link rel=\"canonical\" href=\"https:\/\/ueberlebenskunst.at\/survivalshop\/shop\/ek-guillotine-x-armbrust\/\" \/>\n<meta property=\"og:locale\" content=\"de_DE\" \/>\n<meta property=\"og:type\" content=\"article\" \/>\n<meta property=\"og:title\" content=\"EK Guillotine X Armbrust - mit Abzugs und Leerschusssicherung\" \/>\n<meta property=\"og:description\" content=\"Die EK Guillotine X mit 84kg Zugkraft erreicht bei einer Zielgenauigkeit von 100m eine beeindruckende Geschwindidkeit bis zu 440km\/h\" \/>\n<meta property=\"og:url\" content=\"https:\/\/ueberlebenskunst.at\/survivalshop\/shop\/ek-guillotine-x-armbrust\/\" \/>\n<meta property=\"og:site_name\" content=\"Reini Rossmann - Survival Shop\" \/>\n<meta property=\"article:publisher\" content=\"https:\/\/www.facebook.com\/survival24.org\/\" \/>\n<meta property=\"article:modified_time\" content=\"2025-10-02T08:29:48+00:00\" \/>\n<meta property=\"og:image\" content=\"https:\/\/ueberlebenskunst.at\/survivalshop\/wp-content\/uploads\/2020\/10\/CR-062BP.png\" \/>\n\t<meta property=\"og:image:width\" content=\"750\" \/>\n\t<meta property=\"og:image:height\" content=\"750\" \/>\n\t<meta property=\"og:image:type\" content=\"image\/png\" \/>\n<meta name=\"twitter:card\" content=\"summary_large_image\" \/>\n<meta name=\"twitter:label1\" content=\"Gesch\u00e4tzte Lesezeit\" \/>\n\t<meta name=\"twitter:data1\" content=\"2\u00a0Minuten\" \/>\n<script type=\"application\/ld+json\" class=\"yoast-schema-graph\">{\"@context\":\"https:\/\/schema.org\",\"@graph\":[{\"@type\":\"WebPage\",\"@id\":\"https:\/\/ueberlebenskunst.at\/survivalshop\/shop\/ek-guillotine-x-armbrust\/\",\"url\":\"https:\/\/ueberlebenskunst.at\/survivalshop\/shop\/ek-guillotine-x-armbrust\/\",\"name\":\"EK Guillotine X Armbrust - mit Abzugs und Leerschusssicherung\",\"isPartOf\":{\"@id\":\"https:\/\/ueberlebenskunst.at\/survivalshop\/#website\"},\"primaryImageOfPage\":{\"@id\":\"https:\/\/ueberlebenskunst.at\/survivalshop\/shop\/ek-guillotine-x-armbrust\/#primaryimage\"},\"image\":{\"@id\":\"https:\/\/ueberlebenskunst.at\/survivalshop\/shop\/ek-guillotine-x-armbrust\/#primaryimage\"},\"thumbnailUrl\":\"https:\/\/ueberlebenskunst.at\/survivalshop\/wp-content\/uploads\/2020\/10\/CR-062BP.png\",\"datePublished\":\"2020-10-25T16:23:02+00:00\",\"dateModified\":\"2025-10-02T08:29:48+00:00\",\"description\":\"Die EK Guillotine X mit 84kg Zugkraft erreicht bei einer Zielgenauigkeit von 100m eine beeindruckende Geschwindidkeit bis zu 440km\/h\",\"breadcrumb\":{\"@id\":\"https:\/\/ueberlebenskunst.at\/survivalshop\/shop\/ek-guillotine-x-armbrust\/#breadcrumb\"},\"inLanguage\":\"de\",\"potentialAction\":[{\"@type\":\"ReadAction\",\"target\":[\"https:\/\/ueberlebenskunst.at\/survivalshop\/shop\/ek-guillotine-x-armbrust\/\"]}]},{\"@type\":\"ImageObject\",\"inLanguage\":\"de\",\"@id\":\"https:\/\/ueberlebenskunst.at\/survivalshop\/shop\/ek-guillotine-x-armbrust\/#primaryimage\",\"url\":\"https:\/\/ueberlebenskunst.at\/survivalshop\/wp-content\/uploads\/2020\/10\/CR-062BP.png\",\"contentUrl\":\"https:\/\/ueberlebenskunst.at\/survivalshop\/wp-content\/uploads\/2020\/10\/CR-062BP.png\",\"width\":750,\"height\":750},{\"@type\":\"BreadcrumbList\",\"@id\":\"https:\/\/ueberlebenskunst.at\/survivalshop\/shop\/ek-guillotine-x-armbrust\/#breadcrumb\",\"itemListElement\":[{\"@type\":\"ListItem\",\"position\":1,\"name\":\"Startseite\",\"item\":\"https:\/\/ueberlebenskunst.at\/survivalshop\/\"},{\"@type\":\"ListItem\",\"position\":2,\"name\":\"Shop\",\"item\":\"https:\/\/ueberlebenskunst.at\/survivalshop\/shop\/\"},{\"@type\":\"ListItem\",\"position\":3,\"name\":\"EK Guillotine X Armbrust\"}]},{\"@type\":\"WebSite\",\"@id\":\"https:\/\/ueberlebenskunst.at\/survivalshop\/#website\",\"url\":\"https:\/\/ueberlebenskunst.at\/survivalshop\/\",\"name\":\"Reini Rossmann - Survival Shop\",\"description\":\"Survival Shop f\u00fcr Survival, Bushcraft und Prepper\",\"potentialAction\":[{\"@type\":\"SearchAction\",\"target\":{\"@type\":\"EntryPoint\",\"urlTemplate\":\"https:\/\/ueberlebenskunst.at\/survivalshop\/?s={search_term_string}\"},\"query-input\":{\"@type\":\"PropertyValueSpecification\",\"valueRequired\":true,\"valueName\":\"search_term_string\"}}],\"inLanguage\":\"de\"}]}<\/script>\n<!-- \/ Yoast SEO plugin. -->","yoast_head_json":{"title":"EK Guillotine X Armbrust - mit Abzugs und Leerschusssicherung","description":"Die EK Guillotine X mit 84kg Zugkraft erreicht bei einer Zielgenauigkeit von 100m eine beeindruckende Geschwindidkeit bis zu 440km\/h","robots":{"index":"index","follow":"follow","max-snippet":"max-snippet:-1","max-image-preview":"max-image-preview:large","max-video-preview":"max-video-preview:-1"},"canonical":"https:\/\/ueberlebenskunst.at\/survivalshop\/shop\/ek-guillotine-x-armbrust\/","og_locale":"de_DE","og_type":"article","og_title":"EK Guillotine X Armbrust - mit Abzugs und Leerschusssicherung","og_description":"Die EK Guillotine X mit 84kg Zugkraft erreicht bei einer Zielgenauigkeit von 100m eine beeindruckende Geschwindidkeit bis zu 440km\/h","og_url":"https:\/\/ueberlebenskunst.at\/survivalshop\/shop\/ek-guillotine-x-armbrust\/","og_site_name":"Reini Rossmann - Survival Shop","article_publisher":"https:\/\/www.facebook.com\/survival24.org\/","article_modified_time":"2025-10-02T08:29:48+00:00","og_image":[{"width":750,"height":750,"url":"https:\/\/ueberlebenskunst.at\/survivalshop\/wp-content\/uploads\/2020\/10\/CR-062BP.png","type":"image\/png"}],"twitter_card":"summary_large_image","twitter_misc":{"Gesch\u00e4tzte Lesezeit":"2\u00a0Minuten"},"schema":{"@context":"https:\/\/schema.org","@graph":[{"@type":"WebPage","@id":"https:\/\/ueberlebenskunst.at\/survivalshop\/shop\/ek-guillotine-x-armbrust\/","url":"https:\/\/ueberlebenskunst.at\/survivalshop\/shop\/ek-guillotine-x-armbrust\/","name":"EK Guillotine X Armbrust - mit Abzugs und Leerschusssicherung","isPartOf":{"@id":"https:\/\/ueberlebenskunst.at\/survivalshop\/#website"},"primaryImageOfPage":{"@id":"https:\/\/ueberlebenskunst.at\/survivalshop\/shop\/ek-guillotine-x-armbrust\/#primaryimage"},"image":{"@id":"https:\/\/ueberlebenskunst.at\/survivalshop\/shop\/ek-guillotine-x-armbrust\/#primaryimage"},"thumbnailUrl":"https:\/\/ueberlebenskunst.at\/survivalshop\/wp-content\/uploads\/2020\/10\/CR-062BP.png","datePublished":"2020-10-25T16:23:02+00:00","dateModified":"2025-10-02T08:29:48+00:00","description":"Die EK Guillotine X mit 84kg Zugkraft erreicht bei einer Zielgenauigkeit von 100m eine beeindruckende Geschwindidkeit bis zu 440km\/h","breadcrumb":{"@id":"https:\/\/ueberlebenskunst.at\/survivalshop\/shop\/ek-guillotine-x-armbrust\/#breadcrumb"},"inLanguage":"de","potentialAction":[{"@type":"ReadAction","target":["https:\/\/ueberlebenskunst.at\/survivalshop\/shop\/ek-guillotine-x-armbrust\/"]}]},{"@type":"ImageObject","inLanguage":"de","@id":"https:\/\/ueberlebenskunst.at\/survivalshop\/shop\/ek-guillotine-x-armbrust\/#primaryimage","url":"https:\/\/ueberlebenskunst.at\/survivalshop\/wp-content\/uploads\/2020\/10\/CR-062BP.png","contentUrl":"https:\/\/ueberlebenskunst.at\/survivalshop\/wp-content\/uploads\/2020\/10\/CR-062BP.png","width":750,"height":750},{"@type":"BreadcrumbList","@id":"https:\/\/ueberlebenskunst.at\/survivalshop\/shop\/ek-guillotine-x-armbrust\/#breadcrumb","itemListElement":[{"@type":"ListItem","position":1,"name":"Startseite","item":"https:\/\/ueberlebenskunst.at\/survivalshop\/"},{"@type":"ListItem","position":2,"name":"Shop","item":"https:\/\/ueberlebenskunst.at\/survivalshop\/shop\/"},{"@type":"ListItem","position":3,"name":"EK Guillotine X Armbrust"}]},{"@type":"WebSite","@id":"https:\/\/ueberlebenskunst.at\/survivalshop\/#website","url":"https:\/\/ueberlebenskunst.at\/survivalshop\/","name":"Reini Rossmann - Survival Shop","description":"Survival Shop f\u00fcr Survival, Bushcraft und Prepper","potentialAction":[{"@type":"SearchAction","target":{"@type":"EntryPoint","urlTemplate":"https:\/\/ueberlebenskunst.at\/survivalshop\/?s={search_term_string}"},"query-input":{"@type":"PropertyValueSpecification","valueRequired":true,"valueName":"search_term_string"}}],"inLanguage":"de"}]}},"_links":{"self":[{"href":"https:\/\/ueberlebenskunst.at\/survivalshop\/wp-json\/wp\/v2\/product\/18405","targetHints":{"allow":["GET"]}}],"collection":[{"href":"https:\/\/ueberlebenskunst.at\/survivalshop\/wp-json\/wp\/v2\/product"}],"about":[{"href":"https:\/\/ueberlebenskunst.at\/survivalshop\/wp-json\/wp\/v2\/types\/product"}],"replies":[{"embeddable":true,"href":"https:\/\/ueberlebenskunst.at\/survivalshop\/wp-json\/wp\/v2\/comments?post=18405"}],"wp:featuredmedia":[{"embeddable":true,"href":"https:\/\/ueberlebenskunst.at\/survivalshop\/wp-json\/wp\/v2\/media\/18406"}],"wp:attachment":[{"href":"https:\/\/ueberlebenskunst.at\/survivalshop\/wp-json\/wp\/v2\/media?parent=18405"}],"wp:term":[{"taxonomy":"product_brand","embeddable":true,"href":"https:\/\/ueberlebenskunst.at\/survivalshop\/wp-json\/wp\/v2\/product_brand?post=18405"},{"taxonomy":"product_cat","embeddable":true,"href":"https:\/\/ueberlebenskunst.at\/survivalshop\/wp-json\/wp\/v2\/product_cat?post=18405"},{"taxonomy":"product_tag","embeddable":true,"href":"https:\/\/ueberlebenskunst.at\/survivalshop\/wp-json\/wp\/v2\/product_tag?post=18405"}],"curies":[{"name":"wp","href":"https:\/\/api.w.org\/{rel}","templated":true}]}}