{"id":184013,"date":"2025-02-11T11:44:28","date_gmt":"2025-02-11T10:44:28","guid":{"rendered":"https:\/\/ueberlebenskunst.at\/survivalshop\/?post_type=product&#038;p=184013"},"modified":"2026-01-26T13:59:14","modified_gmt":"2026-01-26T12:59:14","slug":"boeker-plus-fire-ant","status":"seo-produkt","type":"product","link":"https:\/\/ueberlebenskunst.at\/survivalshop\/shop\/boeker-plus-fire-ant\/","title":{"rendered":"B\u00f6ker Plus Fire Ant"},"content":{"rendered":"<p>Das B\u00f6ker Plus Fire Ant verk\u00f6rpert die charakteristischen Eigenschaften seines Namensgebers, der Feuerameise: ausdauernd, bissig, effizient. Bekannt f\u00fcr ihre brennenden Stiche und ihren unerm\u00fcdlichen Flei\u00df, findet sich ihr Wesen nun in einem kompakten EDC-Messer wieder. Die robuste Droppoint-Klinge aus korrosionsbest\u00e4ndigem 1.4116 Stahl beeindruckt mit einem markanten Satin-Finish und ist bereit f\u00fcr pr\u00e4zise Schneidaufgaben.<br \/>\nDer Flipper sorgt f\u00fcr den kraftvollen \u201eBiss\u201c, w\u00e4hrend der Double Detent Ball-Mechanismus das Messer sicher in der ge\u00f6ffneten Position h\u00e4lt. Zwei Kugeln pressen sich gegen die ausgeklappte Klinge und lassen sich mit leichtem Widerstand m\u00fchelos \u00fcberwinden, um das Messer zu schlie\u00dfen.<br \/>\nF\u00fcr optimalen Grip sorgen die Griffschalen aus Polypropylen. Erg\u00e4nzt wird das Design durch einen stabilisierenden schwarzen Backspacer, eine integrierte Pinzette sowie einen umsetzbaren Tip-Up-Clip. Fire Ant \u2013 klein, aber mit maximalem Biss f\u00fcr den EDC-Alltag!<br \/>\nIn diesen Farb-Varianten erh\u00e4ltlich: Green, Feuerrot, Schwarz.<\/p>\n<h3>Produktdaten:<\/h3>\n<ul>\n<li>Gesamtl\u00e4nge: 17 cm<\/li>\n<li>Klingenl\u00e4nge: 7,5 cm<\/li>\n<li>Gewicht: 53 g<\/li>\n<li>Klingenst\u00e4rke: 2,5 mm<\/li>\n<li>Klingenmaterial: 14116<\/li>\n<li>Griffmaterial: Polypropylen<\/li>\n<li>Double Detent Ball<\/li>\n<\/ul>\n","protected":false},"excerpt":{"rendered":"<p>Das B\u00f6ker Plus Fire Ant verk\u00f6rpert die charakteristischen Eigenschaften seines Namensgebers, der Feuerameise: ausdauernd, bissig, effizient. Bekannt f\u00fcr ihre brennenden Stiche und ihren unerm\u00fcdlichen Flei\u00df, findet sich ihr Wesen nun in einem kompakten EDC-Messer wieder. Die robuste Droppoint-Klinge aus korrosionsbest\u00e4ndigem 1.4116 Stahl beeindruckt mit einem markanten Satin-Finish und ist bereit f\u00fcr pr\u00e4zise Schneidaufgaben. Der Flipper [&hellip;]<\/p>\n","protected":false},"featured_media":184020,"comment_status":"open","ping_status":"closed","template":"","meta":{"_acf_changed":false},"product_brand":[],"product_cat":[426],"product_tag":[270],"class_list":{"0":"post-184013","1":"product","2":"type-product","3":"status-seo-produkt","4":"has-post-thumbnail","6":"product_cat-unkategorisiert","7":"product_tag-edc","8":"pa_farbe-feuerrot","9":"pa_farbe-green","10":"pa_farbe-schwarz","12":"first","13":"outofstock","14":"taxable","15":"shipping-taxable","16":"product-type-variable","17":"has-default-attributes"},"acf":[],"yoast_head":"<!-- This site is optimized with the Yoast SEO plugin v27.1.1 - https:\/\/yoast.com\/product\/yoast-seo-wordpress\/ -->\n<title>B\u00f6ker Plus Fire Ant - Reini Rossmann - Survival Shop<\/title>\n<meta name=\"description\" content=\"Das B\u00f6ker Plus Fire Ant verk\u00f6rpert die charakteristischen Eigenschaften seines Namensgebers, der Feuerameise: ausdauernd, bissig, effizient.\" \/>\n<meta name=\"robots\" content=\"index, follow, max-snippet:-1, max-image-preview:large, max-video-preview:-1\" \/>\n<link rel=\"canonical\" href=\"https:\/\/ueberlebenskunst.at\/survivalshop\/shop\/boeker-plus-fire-ant\/\" \/>\n<meta property=\"og:locale\" content=\"de_DE\" \/>\n<meta property=\"og:type\" content=\"article\" \/>\n<meta property=\"og:title\" content=\"B\u00f6ker Plus Fire Ant - Reini Rossmann - Survival Shop\" \/>\n<meta property=\"og:description\" content=\"Das B\u00f6ker Plus Fire Ant verk\u00f6rpert die charakteristischen Eigenschaften seines Namensgebers, der Feuerameise: ausdauernd, bissig, effizient.\" \/>\n<meta property=\"og:url\" content=\"https:\/\/ueberlebenskunst.at\/survivalshop\/shop\/boeker-plus-fire-ant\/\" \/>\n<meta property=\"og:site_name\" content=\"Reini Rossmann - Survival Shop\" \/>\n<meta property=\"article:publisher\" content=\"https:\/\/www.facebook.com\/survival24.org\/\" \/>\n<meta property=\"article:modified_time\" content=\"2026-01-26T12:59:14+00:00\" \/>\n<meta property=\"og:image\" content=\"https:\/\/ueberlebenskunst.at\/survivalshop\/wp-content\/uploads\/2025\/02\/01BP0026.jpg\" \/>\n\t<meta property=\"og:image:width\" content=\"400\" \/>\n\t<meta property=\"og:image:height\" content=\"396\" \/>\n\t<meta property=\"og:image:type\" content=\"image\/jpeg\" \/>\n<meta name=\"twitter:card\" content=\"summary_large_image\" \/>\n<meta name=\"twitter:label1\" content=\"Gesch\u00e4tzte Lesezeit\" \/>\n\t<meta name=\"twitter:data1\" content=\"2\u00a0Minuten\" \/>\n<script type=\"application\/ld+json\" class=\"yoast-schema-graph\">{\"@context\":\"https:\/\/schema.org\",\"@graph\":[{\"@type\":\"WebPage\",\"@id\":\"https:\/\/ueberlebenskunst.at\/survivalshop\/shop\/boeker-plus-fire-ant\/\",\"url\":\"https:\/\/ueberlebenskunst.at\/survivalshop\/shop\/boeker-plus-fire-ant\/\",\"name\":\"B\u00f6ker Plus Fire Ant - Reini Rossmann - Survival Shop\",\"isPartOf\":{\"@id\":\"https:\/\/ueberlebenskunst.at\/survivalshop\/#website\"},\"primaryImageOfPage\":{\"@id\":\"https:\/\/ueberlebenskunst.at\/survivalshop\/shop\/boeker-plus-fire-ant\/#primaryimage\"},\"image\":{\"@id\":\"https:\/\/ueberlebenskunst.at\/survivalshop\/shop\/boeker-plus-fire-ant\/#primaryimage\"},\"thumbnailUrl\":\"https:\/\/ueberlebenskunst.at\/survivalshop\/wp-content\/uploads\/2025\/02\/01BP0026.jpg\",\"datePublished\":\"2025-02-11T10:44:28+00:00\",\"dateModified\":\"2026-01-26T12:59:14+00:00\",\"description\":\"Das B\u00f6ker Plus Fire Ant verk\u00f6rpert die charakteristischen Eigenschaften seines Namensgebers, der Feuerameise: ausdauernd, bissig, effizient.\",\"breadcrumb\":{\"@id\":\"https:\/\/ueberlebenskunst.at\/survivalshop\/shop\/boeker-plus-fire-ant\/#breadcrumb\"},\"inLanguage\":\"de\",\"potentialAction\":[{\"@type\":\"ReadAction\",\"target\":[\"https:\/\/ueberlebenskunst.at\/survivalshop\/shop\/boeker-plus-fire-ant\/\"]}]},{\"@type\":\"ImageObject\",\"inLanguage\":\"de\",\"@id\":\"https:\/\/ueberlebenskunst.at\/survivalshop\/shop\/boeker-plus-fire-ant\/#primaryimage\",\"url\":\"https:\/\/ueberlebenskunst.at\/survivalshop\/wp-content\/uploads\/2025\/02\/01BP0026.jpg\",\"contentUrl\":\"https:\/\/ueberlebenskunst.at\/survivalshop\/wp-content\/uploads\/2025\/02\/01BP0026.jpg\",\"width\":400,\"height\":396},{\"@type\":\"BreadcrumbList\",\"@id\":\"https:\/\/ueberlebenskunst.at\/survivalshop\/shop\/boeker-plus-fire-ant\/#breadcrumb\",\"itemListElement\":[{\"@type\":\"ListItem\",\"position\":1,\"name\":\"Startseite\",\"item\":\"https:\/\/ueberlebenskunst.at\/survivalshop\/\"},{\"@type\":\"ListItem\",\"position\":2,\"name\":\"Shop\",\"item\":\"https:\/\/ueberlebenskunst.at\/survivalshop\/shop\/\"},{\"@type\":\"ListItem\",\"position\":3,\"name\":\"B\u00f6ker Plus Fire Ant\"}]},{\"@type\":\"WebSite\",\"@id\":\"https:\/\/ueberlebenskunst.at\/survivalshop\/#website\",\"url\":\"https:\/\/ueberlebenskunst.at\/survivalshop\/\",\"name\":\"Reini Rossmann - Survival Shop\",\"description\":\"Survival Shop f\u00fcr Survival, Bushcraft und Prepper\",\"potentialAction\":[{\"@type\":\"SearchAction\",\"target\":{\"@type\":\"EntryPoint\",\"urlTemplate\":\"https:\/\/ueberlebenskunst.at\/survivalshop\/?s={search_term_string}\"},\"query-input\":{\"@type\":\"PropertyValueSpecification\",\"valueRequired\":true,\"valueName\":\"search_term_string\"}}],\"inLanguage\":\"de\"}]}<\/script>\n<!-- \/ Yoast SEO plugin. -->","yoast_head_json":{"title":"B\u00f6ker Plus Fire Ant - Reini Rossmann - Survival Shop","description":"Das B\u00f6ker Plus Fire Ant verk\u00f6rpert die charakteristischen Eigenschaften seines Namensgebers, der Feuerameise: ausdauernd, bissig, effizient.","robots":{"index":"index","follow":"follow","max-snippet":"max-snippet:-1","max-image-preview":"max-image-preview:large","max-video-preview":"max-video-preview:-1"},"canonical":"https:\/\/ueberlebenskunst.at\/survivalshop\/shop\/boeker-plus-fire-ant\/","og_locale":"de_DE","og_type":"article","og_title":"B\u00f6ker Plus Fire Ant - Reini Rossmann - Survival Shop","og_description":"Das B\u00f6ker Plus Fire Ant verk\u00f6rpert die charakteristischen Eigenschaften seines Namensgebers, der Feuerameise: ausdauernd, bissig, effizient.","og_url":"https:\/\/ueberlebenskunst.at\/survivalshop\/shop\/boeker-plus-fire-ant\/","og_site_name":"Reini Rossmann - Survival Shop","article_publisher":"https:\/\/www.facebook.com\/survival24.org\/","article_modified_time":"2026-01-26T12:59:14+00:00","og_image":[{"width":400,"height":396,"url":"https:\/\/ueberlebenskunst.at\/survivalshop\/wp-content\/uploads\/2025\/02\/01BP0026.jpg","type":"image\/jpeg"}],"twitter_card":"summary_large_image","twitter_misc":{"Gesch\u00e4tzte Lesezeit":"2\u00a0Minuten"},"schema":{"@context":"https:\/\/schema.org","@graph":[{"@type":"WebPage","@id":"https:\/\/ueberlebenskunst.at\/survivalshop\/shop\/boeker-plus-fire-ant\/","url":"https:\/\/ueberlebenskunst.at\/survivalshop\/shop\/boeker-plus-fire-ant\/","name":"B\u00f6ker Plus Fire Ant - Reini Rossmann - Survival Shop","isPartOf":{"@id":"https:\/\/ueberlebenskunst.at\/survivalshop\/#website"},"primaryImageOfPage":{"@id":"https:\/\/ueberlebenskunst.at\/survivalshop\/shop\/boeker-plus-fire-ant\/#primaryimage"},"image":{"@id":"https:\/\/ueberlebenskunst.at\/survivalshop\/shop\/boeker-plus-fire-ant\/#primaryimage"},"thumbnailUrl":"https:\/\/ueberlebenskunst.at\/survivalshop\/wp-content\/uploads\/2025\/02\/01BP0026.jpg","datePublished":"2025-02-11T10:44:28+00:00","dateModified":"2026-01-26T12:59:14+00:00","description":"Das B\u00f6ker Plus Fire Ant verk\u00f6rpert die charakteristischen Eigenschaften seines Namensgebers, der Feuerameise: ausdauernd, bissig, effizient.","breadcrumb":{"@id":"https:\/\/ueberlebenskunst.at\/survivalshop\/shop\/boeker-plus-fire-ant\/#breadcrumb"},"inLanguage":"de","potentialAction":[{"@type":"ReadAction","target":["https:\/\/ueberlebenskunst.at\/survivalshop\/shop\/boeker-plus-fire-ant\/"]}]},{"@type":"ImageObject","inLanguage":"de","@id":"https:\/\/ueberlebenskunst.at\/survivalshop\/shop\/boeker-plus-fire-ant\/#primaryimage","url":"https:\/\/ueberlebenskunst.at\/survivalshop\/wp-content\/uploads\/2025\/02\/01BP0026.jpg","contentUrl":"https:\/\/ueberlebenskunst.at\/survivalshop\/wp-content\/uploads\/2025\/02\/01BP0026.jpg","width":400,"height":396},{"@type":"BreadcrumbList","@id":"https:\/\/ueberlebenskunst.at\/survivalshop\/shop\/boeker-plus-fire-ant\/#breadcrumb","itemListElement":[{"@type":"ListItem","position":1,"name":"Startseite","item":"https:\/\/ueberlebenskunst.at\/survivalshop\/"},{"@type":"ListItem","position":2,"name":"Shop","item":"https:\/\/ueberlebenskunst.at\/survivalshop\/shop\/"},{"@type":"ListItem","position":3,"name":"B\u00f6ker Plus Fire Ant"}]},{"@type":"WebSite","@id":"https:\/\/ueberlebenskunst.at\/survivalshop\/#website","url":"https:\/\/ueberlebenskunst.at\/survivalshop\/","name":"Reini Rossmann - Survival Shop","description":"Survival Shop f\u00fcr Survival, Bushcraft und Prepper","potentialAction":[{"@type":"SearchAction","target":{"@type":"EntryPoint","urlTemplate":"https:\/\/ueberlebenskunst.at\/survivalshop\/?s={search_term_string}"},"query-input":{"@type":"PropertyValueSpecification","valueRequired":true,"valueName":"search_term_string"}}],"inLanguage":"de"}]}},"_links":{"self":[{"href":"https:\/\/ueberlebenskunst.at\/survivalshop\/wp-json\/wp\/v2\/product\/184013","targetHints":{"allow":["GET"]}}],"collection":[{"href":"https:\/\/ueberlebenskunst.at\/survivalshop\/wp-json\/wp\/v2\/product"}],"about":[{"href":"https:\/\/ueberlebenskunst.at\/survivalshop\/wp-json\/wp\/v2\/types\/product"}],"replies":[{"embeddable":true,"href":"https:\/\/ueberlebenskunst.at\/survivalshop\/wp-json\/wp\/v2\/comments?post=184013"}],"wp:featuredmedia":[{"embeddable":true,"href":"https:\/\/ueberlebenskunst.at\/survivalshop\/wp-json\/wp\/v2\/media\/184020"}],"wp:attachment":[{"href":"https:\/\/ueberlebenskunst.at\/survivalshop\/wp-json\/wp\/v2\/media?parent=184013"}],"wp:term":[{"taxonomy":"product_brand","embeddable":true,"href":"https:\/\/ueberlebenskunst.at\/survivalshop\/wp-json\/wp\/v2\/product_brand?post=184013"},{"taxonomy":"product_cat","embeddable":true,"href":"https:\/\/ueberlebenskunst.at\/survivalshop\/wp-json\/wp\/v2\/product_cat?post=184013"},{"taxonomy":"product_tag","embeddable":true,"href":"https:\/\/ueberlebenskunst.at\/survivalshop\/wp-json\/wp\/v2\/product_tag?post=184013"}],"curies":[{"name":"wp","href":"https:\/\/api.w.org\/{rel}","templated":true}]}}