{"id":18382,"date":"2020-10-24T18:56:53","date_gmt":"2020-10-24T16:56:53","guid":{"rendered":"https:\/\/ueberlebenskunst.at\/survivalshop\/survivalshop\/?post_type=product&#038;p=18382"},"modified":"2024-03-21T07:41:32","modified_gmt":"2024-03-21T06:41:32","slug":"trekn-eat-volleipulver","status":"seo-produkt","type":"product","link":"https:\/\/ueberlebenskunst.at\/survivalshop\/shop\/trekn-eat-volleipulver\/","title":{"rendered":"Trek\u00b4n Eat Volleipulver"},"content":{"rendered":"<p>Das Trek\u00b4n Eat Volleipulver mit 135g entspricht 10 frischen Eiern.\u00a0 Egal ob R\u00fchrei, Palatschinken oder als Bindemitel, das Trek\u00b4n Eat Volleipulver kann \u00fcberall dort eingesetzt werden, wo ein Vollei notwendig ist. Laut Hersteller ist es mindestens 3 Jahre Haltbar und somit um zig vielfaches l\u00e4nger haltbar als frische Eier und somit auch ideal f\u00fcr einen Krisenvorrat.<\/p>\n<p>F\u00fcr den Krisenvorrat bedeutet das: Ein Produkt was Daueraft gelagert werden kann und was nicht regelm\u00e4\u00dfig verbraucht und wieder aufgef\u00fcllt werden muss.<\/p>\n<p>Alle\u00a0 <a href=\"https:\/\/ueberlebenskunst.at\/survivalshop\/survivalshop\/?s=Trek%C2%B4n+Eat&amp;post_type=product\" target=\"_blank\" rel=\"noopener noreferrer\">Trek\u00b4n Eat Beutel<\/a> k\u00f6nnen dank Perforation auch mit Handschuhen ge\u00f6ffnet werden und sind auch wieder Verschlie\u00dfbar. Das erm\u00f6glicht eine Entnahme einer Teilmenge.<\/p>\n<h3>Produktdaten:<\/h3>\n<p>Inhalt Beutel: 135g<br \/>\nFertigprodukt: entspricht 10 Eiern<br \/>\nZutaten: 100% H\u00fchnervollei<br \/>\nAllergene: Eier<br \/>\nKalorien: 573 kcal pro 100g Trockenpulver<br \/>\nFett: 42g<br \/>\nKolenhydrate: 3g<br \/>\ndavon Zukcer: 3g<br \/>\nEiweiss: 46g<br \/>\nSalz: 1,2g<\/p>\n<p><a href=\"https:\/\/ueberlebenskunst.at\/survivalshop\/survivalshop\/wp-content\/uploads\/2020\/10\/30101010.jpeg\" target=\"_blank\" rel=\"noopener noreferrer\"><img decoding=\"async\" class=\"alignnone wp-image-18383\" title=\"Trek\u00b4n Eat Volleipulver\" src=\"https:\/\/ueberlebenskunst.at\/survivalshop\/survivalshop\/wp-content\/uploads\/2020\/10\/30101010-300x227.jpeg\" alt=\"\" width=\"254\" height=\"192\" srcset=\"https:\/\/ueberlebenskunst.at\/survivalshop\/wp-content\/uploads\/2020\/10\/30101010-300x227.jpeg 300w, https:\/\/ueberlebenskunst.at\/survivalshop\/wp-content\/uploads\/2020\/10\/30101010.jpeg 555w\" sizes=\"(max-width: 254px) 100vw, 254px\" \/><\/a><\/p>\n","protected":false},"excerpt":{"rendered":"<p>Das Ei f\u00fcr den Krisenvorrat<\/p>\n","protected":false},"featured_media":18379,"comment_status":"open","ping_status":"closed","template":"","meta":{"_acf_changed":false},"product_brand":[],"product_cat":[426],"product_tag":[158,210],"class_list":{"0":"post-18382","1":"product","2":"type-product","3":"status-seo-produkt","4":"has-post-thumbnail","6":"product_cat-unkategorisiert","7":"product_tag-krisenvorbereitung","8":"product_tag-notnahrung","10":"first","11":"outofstock","12":"taxable","13":"shipping-taxable","14":"product-type-simple"},"acf":[],"yoast_head":"<!-- This site is optimized with the Yoast SEO plugin v27.1.1 - https:\/\/yoast.com\/product\/yoast-seo-wordpress\/ -->\n<title>Trek\u00b4n Eat Volleipulver entspricht 10H\u00fchnervolleiern<\/title>\n<meta name=\"description\" content=\"Das Trek\u00b4n Eat Volleipulver kann \u00fcberall dort eingesetz werden wo ein Vollei notwendig ist. z.B.: R\u00fchrei, Palatschinken usw.\" \/>\n<meta name=\"robots\" content=\"index, follow, max-snippet:-1, max-image-preview:large, max-video-preview:-1\" \/>\n<link rel=\"canonical\" href=\"https:\/\/ueberlebenskunst.at\/survivalshop\/shop\/trekn-eat-volleipulver\/\" \/>\n<meta property=\"og:locale\" content=\"de_DE\" \/>\n<meta property=\"og:type\" content=\"article\" \/>\n<meta property=\"og:title\" content=\"Trek\u00b4n Eat Volleipulver entspricht 10H\u00fchnervolleiern\" \/>\n<meta property=\"og:description\" content=\"Das Trek\u00b4n Eat Volleipulver kann \u00fcberall dort eingesetz werden wo ein Vollei notwendig ist. z.B.: R\u00fchrei, Palatschinken usw.\" \/>\n<meta property=\"og:url\" content=\"https:\/\/ueberlebenskunst.at\/survivalshop\/shop\/trekn-eat-volleipulver\/\" \/>\n<meta property=\"og:site_name\" content=\"Reini Rossmann - Survival Shop\" \/>\n<meta property=\"article:publisher\" content=\"https:\/\/www.facebook.com\/survival24.org\/\" \/>\n<meta property=\"article:modified_time\" content=\"2024-03-21T06:41:32+00:00\" \/>\n<meta property=\"og:image\" content=\"https:\/\/ueberlebenskunst.at\/survivalshop\/wp-content\/uploads\/2020\/10\/3-D-Tuete.jpg\" \/>\n\t<meta property=\"og:image:width\" content=\"466\" \/>\n\t<meta property=\"og:image:height\" content=\"484\" \/>\n\t<meta property=\"og:image:type\" content=\"image\/jpeg\" \/>\n<meta name=\"twitter:card\" content=\"summary_large_image\" \/>\n<meta name=\"twitter:label1\" content=\"Gesch\u00e4tzte Lesezeit\" \/>\n\t<meta name=\"twitter:data1\" content=\"2\u00a0Minuten\" \/>\n<script type=\"application\/ld+json\" class=\"yoast-schema-graph\">{\"@context\":\"https:\/\/schema.org\",\"@graph\":[{\"@type\":\"WebPage\",\"@id\":\"https:\/\/ueberlebenskunst.at\/survivalshop\/shop\/trekn-eat-volleipulver\/\",\"url\":\"https:\/\/ueberlebenskunst.at\/survivalshop\/shop\/trekn-eat-volleipulver\/\",\"name\":\"Trek\u00b4n Eat Volleipulver entspricht 10H\u00fchnervolleiern\",\"isPartOf\":{\"@id\":\"https:\/\/ueberlebenskunst.at\/survivalshop\/#website\"},\"primaryImageOfPage\":{\"@id\":\"https:\/\/ueberlebenskunst.at\/survivalshop\/shop\/trekn-eat-volleipulver\/#primaryimage\"},\"image\":{\"@id\":\"https:\/\/ueberlebenskunst.at\/survivalshop\/shop\/trekn-eat-volleipulver\/#primaryimage\"},\"thumbnailUrl\":\"https:\/\/ueberlebenskunst.at\/survivalshop\/wp-content\/uploads\/2020\/10\/3-D-Tuete.jpg\",\"datePublished\":\"2020-10-24T16:56:53+00:00\",\"dateModified\":\"2024-03-21T06:41:32+00:00\",\"description\":\"Das Trek\u00b4n Eat Volleipulver kann \u00fcberall dort eingesetz werden wo ein Vollei notwendig ist. z.B.: R\u00fchrei, Palatschinken usw.\",\"breadcrumb\":{\"@id\":\"https:\/\/ueberlebenskunst.at\/survivalshop\/shop\/trekn-eat-volleipulver\/#breadcrumb\"},\"inLanguage\":\"de\",\"potentialAction\":[{\"@type\":\"ReadAction\",\"target\":[\"https:\/\/ueberlebenskunst.at\/survivalshop\/shop\/trekn-eat-volleipulver\/\"]}]},{\"@type\":\"ImageObject\",\"inLanguage\":\"de\",\"@id\":\"https:\/\/ueberlebenskunst.at\/survivalshop\/shop\/trekn-eat-volleipulver\/#primaryimage\",\"url\":\"https:\/\/ueberlebenskunst.at\/survivalshop\/wp-content\/uploads\/2020\/10\/3-D-Tuete.jpg\",\"contentUrl\":\"https:\/\/ueberlebenskunst.at\/survivalshop\/wp-content\/uploads\/2020\/10\/3-D-Tuete.jpg\",\"width\":466,\"height\":484},{\"@type\":\"BreadcrumbList\",\"@id\":\"https:\/\/ueberlebenskunst.at\/survivalshop\/shop\/trekn-eat-volleipulver\/#breadcrumb\",\"itemListElement\":[{\"@type\":\"ListItem\",\"position\":1,\"name\":\"Startseite\",\"item\":\"https:\/\/ueberlebenskunst.at\/survivalshop\/\"},{\"@type\":\"ListItem\",\"position\":2,\"name\":\"Shop\",\"item\":\"https:\/\/ueberlebenskunst.at\/survivalshop\/shop\/\"},{\"@type\":\"ListItem\",\"position\":3,\"name\":\"Trek\u00b4n Eat Volleipulver\"}]},{\"@type\":\"WebSite\",\"@id\":\"https:\/\/ueberlebenskunst.at\/survivalshop\/#website\",\"url\":\"https:\/\/ueberlebenskunst.at\/survivalshop\/\",\"name\":\"Reini Rossmann - Survival Shop\",\"description\":\"Survival Shop f\u00fcr Survival, Bushcraft und Prepper\",\"potentialAction\":[{\"@type\":\"SearchAction\",\"target\":{\"@type\":\"EntryPoint\",\"urlTemplate\":\"https:\/\/ueberlebenskunst.at\/survivalshop\/?s={search_term_string}\"},\"query-input\":{\"@type\":\"PropertyValueSpecification\",\"valueRequired\":true,\"valueName\":\"search_term_string\"}}],\"inLanguage\":\"de\"}]}<\/script>\n<!-- \/ Yoast SEO plugin. -->","yoast_head_json":{"title":"Trek\u00b4n Eat Volleipulver entspricht 10H\u00fchnervolleiern","description":"Das Trek\u00b4n Eat Volleipulver kann \u00fcberall dort eingesetz werden wo ein Vollei notwendig ist. z.B.: R\u00fchrei, Palatschinken usw.","robots":{"index":"index","follow":"follow","max-snippet":"max-snippet:-1","max-image-preview":"max-image-preview:large","max-video-preview":"max-video-preview:-1"},"canonical":"https:\/\/ueberlebenskunst.at\/survivalshop\/shop\/trekn-eat-volleipulver\/","og_locale":"de_DE","og_type":"article","og_title":"Trek\u00b4n Eat Volleipulver entspricht 10H\u00fchnervolleiern","og_description":"Das Trek\u00b4n Eat Volleipulver kann \u00fcberall dort eingesetz werden wo ein Vollei notwendig ist. z.B.: R\u00fchrei, Palatschinken usw.","og_url":"https:\/\/ueberlebenskunst.at\/survivalshop\/shop\/trekn-eat-volleipulver\/","og_site_name":"Reini Rossmann - Survival Shop","article_publisher":"https:\/\/www.facebook.com\/survival24.org\/","article_modified_time":"2024-03-21T06:41:32+00:00","og_image":[{"width":466,"height":484,"url":"https:\/\/ueberlebenskunst.at\/survivalshop\/wp-content\/uploads\/2020\/10\/3-D-Tuete.jpg","type":"image\/jpeg"}],"twitter_card":"summary_large_image","twitter_misc":{"Gesch\u00e4tzte Lesezeit":"2\u00a0Minuten"},"schema":{"@context":"https:\/\/schema.org","@graph":[{"@type":"WebPage","@id":"https:\/\/ueberlebenskunst.at\/survivalshop\/shop\/trekn-eat-volleipulver\/","url":"https:\/\/ueberlebenskunst.at\/survivalshop\/shop\/trekn-eat-volleipulver\/","name":"Trek\u00b4n Eat Volleipulver entspricht 10H\u00fchnervolleiern","isPartOf":{"@id":"https:\/\/ueberlebenskunst.at\/survivalshop\/#website"},"primaryImageOfPage":{"@id":"https:\/\/ueberlebenskunst.at\/survivalshop\/shop\/trekn-eat-volleipulver\/#primaryimage"},"image":{"@id":"https:\/\/ueberlebenskunst.at\/survivalshop\/shop\/trekn-eat-volleipulver\/#primaryimage"},"thumbnailUrl":"https:\/\/ueberlebenskunst.at\/survivalshop\/wp-content\/uploads\/2020\/10\/3-D-Tuete.jpg","datePublished":"2020-10-24T16:56:53+00:00","dateModified":"2024-03-21T06:41:32+00:00","description":"Das Trek\u00b4n Eat Volleipulver kann \u00fcberall dort eingesetz werden wo ein Vollei notwendig ist. z.B.: R\u00fchrei, Palatschinken usw.","breadcrumb":{"@id":"https:\/\/ueberlebenskunst.at\/survivalshop\/shop\/trekn-eat-volleipulver\/#breadcrumb"},"inLanguage":"de","potentialAction":[{"@type":"ReadAction","target":["https:\/\/ueberlebenskunst.at\/survivalshop\/shop\/trekn-eat-volleipulver\/"]}]},{"@type":"ImageObject","inLanguage":"de","@id":"https:\/\/ueberlebenskunst.at\/survivalshop\/shop\/trekn-eat-volleipulver\/#primaryimage","url":"https:\/\/ueberlebenskunst.at\/survivalshop\/wp-content\/uploads\/2020\/10\/3-D-Tuete.jpg","contentUrl":"https:\/\/ueberlebenskunst.at\/survivalshop\/wp-content\/uploads\/2020\/10\/3-D-Tuete.jpg","width":466,"height":484},{"@type":"BreadcrumbList","@id":"https:\/\/ueberlebenskunst.at\/survivalshop\/shop\/trekn-eat-volleipulver\/#breadcrumb","itemListElement":[{"@type":"ListItem","position":1,"name":"Startseite","item":"https:\/\/ueberlebenskunst.at\/survivalshop\/"},{"@type":"ListItem","position":2,"name":"Shop","item":"https:\/\/ueberlebenskunst.at\/survivalshop\/shop\/"},{"@type":"ListItem","position":3,"name":"Trek\u00b4n Eat Volleipulver"}]},{"@type":"WebSite","@id":"https:\/\/ueberlebenskunst.at\/survivalshop\/#website","url":"https:\/\/ueberlebenskunst.at\/survivalshop\/","name":"Reini Rossmann - Survival Shop","description":"Survival Shop f\u00fcr Survival, Bushcraft und Prepper","potentialAction":[{"@type":"SearchAction","target":{"@type":"EntryPoint","urlTemplate":"https:\/\/ueberlebenskunst.at\/survivalshop\/?s={search_term_string}"},"query-input":{"@type":"PropertyValueSpecification","valueRequired":true,"valueName":"search_term_string"}}],"inLanguage":"de"}]}},"_links":{"self":[{"href":"https:\/\/ueberlebenskunst.at\/survivalshop\/wp-json\/wp\/v2\/product\/18382","targetHints":{"allow":["GET"]}}],"collection":[{"href":"https:\/\/ueberlebenskunst.at\/survivalshop\/wp-json\/wp\/v2\/product"}],"about":[{"href":"https:\/\/ueberlebenskunst.at\/survivalshop\/wp-json\/wp\/v2\/types\/product"}],"replies":[{"embeddable":true,"href":"https:\/\/ueberlebenskunst.at\/survivalshop\/wp-json\/wp\/v2\/comments?post=18382"}],"wp:featuredmedia":[{"embeddable":true,"href":"https:\/\/ueberlebenskunst.at\/survivalshop\/wp-json\/wp\/v2\/media\/18379"}],"wp:attachment":[{"href":"https:\/\/ueberlebenskunst.at\/survivalshop\/wp-json\/wp\/v2\/media?parent=18382"}],"wp:term":[{"taxonomy":"product_brand","embeddable":true,"href":"https:\/\/ueberlebenskunst.at\/survivalshop\/wp-json\/wp\/v2\/product_brand?post=18382"},{"taxonomy":"product_cat","embeddable":true,"href":"https:\/\/ueberlebenskunst.at\/survivalshop\/wp-json\/wp\/v2\/product_cat?post=18382"},{"taxonomy":"product_tag","embeddable":true,"href":"https:\/\/ueberlebenskunst.at\/survivalshop\/wp-json\/wp\/v2\/product_tag?post=18382"}],"curies":[{"name":"wp","href":"https:\/\/api.w.org\/{rel}","templated":true}]}}