{"id":183734,"date":"2025-02-06T14:31:29","date_gmt":"2025-02-06T13:31:29","guid":{"rendered":"https:\/\/ueberlebenskunst.at\/survivalshop\/?post_type=product&#038;p=183734"},"modified":"2026-04-28T12:41:18","modified_gmt":"2026-04-28T10:41:18","slug":"fan-bead-wasp-edition","status":"publish","type":"product","link":"https:\/\/ueberlebenskunst.at\/survivalshop\/shop\/fan-bead-wasp-edition\/","title":{"rendered":"Fan Bead &#8211; Wasp Edition"},"content":{"rendered":"<p>Erg\u00e4nze dein <a href=\"https:\/\/ueberlebenskunst.at\/survivalshop\/shop\/k4-wasp-edc-messer\/\" target=\"_blank\" rel=\"noopener\">K4 EDC Wasp Messer<\/a> oder deinen Schl\u00fcsselbund mit einem einzigartigen Fan Bead im Wasp Design. Dank dem gro\u00dfz\u00fcgigen 5 mm Loch kannst du das Bead mit einem handels\u00fcblichen Paracord montieren und hast so immer einen Mini Feuerstahl mit am Messer.<\/p>\n<h3><strong>Warum ein Lanyard Bead?<\/strong><\/h3>\n<ol>\n<li><strong>Viel mehr als nur Deko<\/strong>: Neben der optischen Aufwertung bietet dir dieses Bead einen integrierten <a href=\"https:\/\/ueberlebenskunst.at\/survivalshop\/shop\/einschraubbarer-feuerstahl-klein\/\" target=\"_blank\" rel=\"noopener\">Mini-Feuerstahl.<\/a><br \/>\nIdeal f\u00fcr spontane Outdoor-Eins\u00e4tze, Survival-Situationen oder als Notfall-Tool.<\/li>\n<li><strong>Verbesserte Griffigkeit<\/strong>: Besonders bei kleinen oder kompakten Messern bietet ein Lanyard mit Bead zus\u00e4tzlichen Halt.<br \/>\nDas macht dein Messer leichter zug\u00e4nglich, vor allem bei kaltem oder nassem Wetter.<\/li>\n<li><strong>Praktische Nutzung<\/strong>: Befestige einen Lanyard Bead und erleichtere dir das Auffinden deines Messers in der Tasche,<br \/>\nim Rucksack oder beim Campen. Kein Suchen mehr \u2013 der Bead hilft dir, dein Messer sofort zu greifen.<\/li>\n<li><strong>Sicherer Einsatz<\/strong>: Ein Bead am Lanyard erleichtert das Ziehen des Messers aus der Scheide oder dem Clip.<\/li>\n<li><strong>Feuer, wann du es brauchst<\/strong>: Der eingebaute Mini-Feuerstahl kann f\u00fcr Zunder oder ein kleines Lagerfeuer genutzt werden<br \/>\n\u2013 ein echter Lebensretter in kritischen Momenten.<\/li>\n<\/ol>\n<p><strong>Qualit\u00e4t, die \u00fcberzeugt<\/strong><\/p>\n<p>Unsere Lanyard Beads sind aus langlebigen Materialien gefertigt und passen perfekt zu jedem EDC-Setup. Egal, ob f\u00fcr Survival-Abenteuer, den t\u00e4glichen Gebrauch oder als Sammlerst\u00fcck. Alle Beads werden bei uns in der Reini Rossmann Werkstatt gefertigt.<\/p>\n<h3><strong>Details:<\/strong><\/h3>\n<ul>\n<li>Kunststoff \/ Feuerstahl<\/li>\n<li>Ma\u00dfe Bead : 14 x 20 x 24 mm<\/li>\n<li>Gewicht gesamt: 5 g<\/li>\n<\/ul>\n<h3>Erh\u00e4ltlich in folgenden Farben:<\/h3>\n<ul>\n<li>Schwarz<\/li>\n<\/ul>\n<h3>Lieferumfang:<\/h3>\n<ul>\n<li>Je 1 Stk. Lenyard Bead<\/li>\n<\/ul>\n<p>Lenyard oder andere abgebildete Gegenst\u00e4nde sind nicht im Lieferumfang enthalten.<\/p>\n<h3>Bedienungs- &amp; Pflegeanleitung:<\/h3>\n<ul>\n<li>Die Reinigung der TPU Halterung mit Wasser und Seife ist m\u00f6glich.<\/li>\n<li>Du solltest die Steckscheide nicht direkt in die N\u00e4he von Feuer oder anderen Hitzequellen legen!<\/li>\n<li>Wird deine Steckscheide \u00fcber l\u00e4ngere Zeit sehr kalten Temperaturen unter 0 \u00b0C ausgesetzt, solltest du in dem Moment darauf achten, dass keine starken Belastungen darauf einwirken.<\/li>\n<\/ul>\n<p>Unsere Produkte sind nicht f\u00fcr Kinder unter 3 Jahren geeignet. Es besteht Verschluckungsgefahr.<\/p>\n<p><a href=\"https:\/\/ueberlebenskunst.at\/survivalshop\/wp-content\/uploads\/2021\/11\/Logo_Kinder.png\"><img decoding=\"async\" class=\"alignnone wp-image-179571\" src=\"https:\/\/ueberlebenskunst.at\/survivalshop\/wp-content\/uploads\/2021\/11\/Logo_Kinder-300x126.png\" alt=\"\" width=\"191\" height=\"80\" srcset=\"https:\/\/ueberlebenskunst.at\/survivalshop\/wp-content\/uploads\/2021\/11\/Logo_Kinder-300x126.png 300w, https:\/\/ueberlebenskunst.at\/survivalshop\/wp-content\/uploads\/2021\/11\/Logo_Kinder-64x27.png 64w, https:\/\/ueberlebenskunst.at\/survivalshop\/wp-content\/uploads\/2021\/11\/Logo_Kinder.png 401w\" sizes=\"(max-width: 191px) 100vw, 191px\" \/><\/a><\/p>\n","protected":false},"excerpt":{"rendered":"<p>Erg\u00e4nze dein K4 EDC Wasp Messer oder deinen Schl\u00fcsselbund mit einem einzigartigen Fan Bead im Wasp Design. Dank dem gro\u00dfz\u00fcgigen 5 mm Loch kannst du das Bead mit einem handels\u00fcblichen Paracord montieren und hast so immer einen Mini Feuerstahl mit am Messer. Warum ein Lanyard Bead? Viel mehr als nur Deko: Neben der optischen Aufwertung [&hellip;]<\/p>\n","protected":false},"featured_media":184084,"comment_status":"open","ping_status":"closed","template":"","meta":{"_acf_changed":false},"product_brand":[],"product_cat":[1790,1945],"product_tag":[2415,270,236,849,613,757,2051,2457],"class_list":{"0":"post-183734","1":"product","2":"type-product","3":"status-publish","4":"has-post-thumbnail","6":"product_cat-knives-4","7":"product_cat-survivalausruestung","8":"product_tag-beads","9":"product_tag-edc","10":"product_tag-feuerstahl","11":"product_tag-notfall","12":"product_tag-notfallausruestung","13":"product_tag-schluesselbund","14":"product_tag-schluesselbund-edc","15":"product_tag-wasp","17":"first","18":"instock","19":"taxable","20":"shipping-taxable","21":"purchasable","22":"product-type-simple"},"acf":[],"yoast_head":"<!-- This site is optimized with the Yoast SEO plugin v27.1.1 - https:\/\/yoast.com\/product\/yoast-seo-wordpress\/ -->\n<title>Fan Bead - Wasp Edition<\/title>\n<meta name=\"robots\" content=\"index, follow, max-snippet:-1, max-image-preview:large, max-video-preview:-1\" \/>\n<link rel=\"canonical\" href=\"https:\/\/ueberlebenskunst.at\/survivalshop\/shop\/fan-bead-wasp-edition\/\" \/>\n<meta property=\"og:locale\" content=\"de_DE\" \/>\n<meta property=\"og:type\" content=\"article\" \/>\n<meta property=\"og:title\" content=\"Fan Bead - Wasp Edition\" \/>\n<meta property=\"og:description\" content=\"Erg\u00e4nze dein K4 EDC Wasp Messer oder deinen Schl\u00fcsselbund mit einem einzigartigen Fan Bead im Wasp Design. Dank dem gro\u00dfz\u00fcgigen 5 mm Loch kannst du das Bead mit einem handels\u00fcblichen Paracord montieren und hast so immer einen Mini Feuerstahl mit am Messer. Warum ein Lanyard Bead? Viel mehr als nur Deko: Neben der optischen Aufwertung [&hellip;]\" \/>\n<meta property=\"og:url\" content=\"https:\/\/ueberlebenskunst.at\/survivalshop\/shop\/fan-bead-wasp-edition\/\" \/>\n<meta property=\"og:site_name\" content=\"Reini Rossmann - Survival Shop\" \/>\n<meta property=\"article:publisher\" content=\"https:\/\/www.facebook.com\/survival24.org\/\" \/>\n<meta property=\"article:modified_time\" content=\"2026-04-28T10:41:18+00:00\" \/>\n<meta property=\"og:image\" content=\"https:\/\/ueberlebenskunst.at\/survivalshop\/wp-content\/uploads\/2025\/02\/Fan_Bead_Wasp_Edition_sk.jpg\" \/>\n\t<meta property=\"og:image:width\" content=\"400\" \/>\n\t<meta property=\"og:image:height\" content=\"400\" \/>\n\t<meta property=\"og:image:type\" content=\"image\/jpeg\" \/>\n<meta name=\"twitter:card\" content=\"summary_large_image\" \/>\n<meta name=\"twitter:label1\" content=\"Gesch\u00e4tzte Lesezeit\" \/>\n\t<meta name=\"twitter:data1\" content=\"3\u00a0Minuten\" \/>\n<script type=\"application\/ld+json\" class=\"yoast-schema-graph\">{\"@context\":\"https:\/\/schema.org\",\"@graph\":[{\"@type\":\"WebPage\",\"@id\":\"https:\/\/ueberlebenskunst.at\/survivalshop\/shop\/fan-bead-wasp-edition\/\",\"url\":\"https:\/\/ueberlebenskunst.at\/survivalshop\/shop\/fan-bead-wasp-edition\/\",\"name\":\"Fan Bead - Wasp Edition\",\"isPartOf\":{\"@id\":\"https:\/\/ueberlebenskunst.at\/survivalshop\/#website\"},\"primaryImageOfPage\":{\"@id\":\"https:\/\/ueberlebenskunst.at\/survivalshop\/shop\/fan-bead-wasp-edition\/#primaryimage\"},\"image\":{\"@id\":\"https:\/\/ueberlebenskunst.at\/survivalshop\/shop\/fan-bead-wasp-edition\/#primaryimage\"},\"thumbnailUrl\":\"https:\/\/ueberlebenskunst.at\/survivalshop\/wp-content\/uploads\/2025\/02\/Fan_Bead_Wasp_Edition_sk.jpg\",\"datePublished\":\"2025-02-06T13:31:29+00:00\",\"dateModified\":\"2026-04-28T10:41:18+00:00\",\"breadcrumb\":{\"@id\":\"https:\/\/ueberlebenskunst.at\/survivalshop\/shop\/fan-bead-wasp-edition\/#breadcrumb\"},\"inLanguage\":\"de\",\"potentialAction\":[{\"@type\":\"ReadAction\",\"target\":[\"https:\/\/ueberlebenskunst.at\/survivalshop\/shop\/fan-bead-wasp-edition\/\"]}]},{\"@type\":\"ImageObject\",\"inLanguage\":\"de\",\"@id\":\"https:\/\/ueberlebenskunst.at\/survivalshop\/shop\/fan-bead-wasp-edition\/#primaryimage\",\"url\":\"https:\/\/ueberlebenskunst.at\/survivalshop\/wp-content\/uploads\/2025\/02\/Fan_Bead_Wasp_Edition_sk.jpg\",\"contentUrl\":\"https:\/\/ueberlebenskunst.at\/survivalshop\/wp-content\/uploads\/2025\/02\/Fan_Bead_Wasp_Edition_sk.jpg\",\"width\":400,\"height\":400},{\"@type\":\"BreadcrumbList\",\"@id\":\"https:\/\/ueberlebenskunst.at\/survivalshop\/shop\/fan-bead-wasp-edition\/#breadcrumb\",\"itemListElement\":[{\"@type\":\"ListItem\",\"position\":1,\"name\":\"Startseite\",\"item\":\"https:\/\/ueberlebenskunst.at\/survivalshop\/\"},{\"@type\":\"ListItem\",\"position\":2,\"name\":\"Shop\",\"item\":\"https:\/\/ueberlebenskunst.at\/survivalshop\/shop\/\"},{\"@type\":\"ListItem\",\"position\":3,\"name\":\"Fan Bead &#8211; Wasp Edition\"}]},{\"@type\":\"WebSite\",\"@id\":\"https:\/\/ueberlebenskunst.at\/survivalshop\/#website\",\"url\":\"https:\/\/ueberlebenskunst.at\/survivalshop\/\",\"name\":\"Reini Rossmann - Survival Shop\",\"description\":\"Survival Shop f\u00fcr Survival, Bushcraft und Prepper\",\"potentialAction\":[{\"@type\":\"SearchAction\",\"target\":{\"@type\":\"EntryPoint\",\"urlTemplate\":\"https:\/\/ueberlebenskunst.at\/survivalshop\/?s={search_term_string}\"},\"query-input\":{\"@type\":\"PropertyValueSpecification\",\"valueRequired\":true,\"valueName\":\"search_term_string\"}}],\"inLanguage\":\"de\"}]}<\/script>\n<!-- \/ Yoast SEO plugin. -->","yoast_head_json":{"title":"Fan Bead - Wasp Edition","robots":{"index":"index","follow":"follow","max-snippet":"max-snippet:-1","max-image-preview":"max-image-preview:large","max-video-preview":"max-video-preview:-1"},"canonical":"https:\/\/ueberlebenskunst.at\/survivalshop\/shop\/fan-bead-wasp-edition\/","og_locale":"de_DE","og_type":"article","og_title":"Fan Bead - Wasp Edition","og_description":"Erg\u00e4nze dein K4 EDC Wasp Messer oder deinen Schl\u00fcsselbund mit einem einzigartigen Fan Bead im Wasp Design. Dank dem gro\u00dfz\u00fcgigen 5 mm Loch kannst du das Bead mit einem handels\u00fcblichen Paracord montieren und hast so immer einen Mini Feuerstahl mit am Messer. Warum ein Lanyard Bead? Viel mehr als nur Deko: Neben der optischen Aufwertung [&hellip;]","og_url":"https:\/\/ueberlebenskunst.at\/survivalshop\/shop\/fan-bead-wasp-edition\/","og_site_name":"Reini Rossmann - Survival Shop","article_publisher":"https:\/\/www.facebook.com\/survival24.org\/","article_modified_time":"2026-04-28T10:41:18+00:00","og_image":[{"width":400,"height":400,"url":"https:\/\/ueberlebenskunst.at\/survivalshop\/wp-content\/uploads\/2025\/02\/Fan_Bead_Wasp_Edition_sk.jpg","type":"image\/jpeg"}],"twitter_card":"summary_large_image","twitter_misc":{"Gesch\u00e4tzte Lesezeit":"3\u00a0Minuten"},"schema":{"@context":"https:\/\/schema.org","@graph":[{"@type":"WebPage","@id":"https:\/\/ueberlebenskunst.at\/survivalshop\/shop\/fan-bead-wasp-edition\/","url":"https:\/\/ueberlebenskunst.at\/survivalshop\/shop\/fan-bead-wasp-edition\/","name":"Fan Bead - Wasp Edition","isPartOf":{"@id":"https:\/\/ueberlebenskunst.at\/survivalshop\/#website"},"primaryImageOfPage":{"@id":"https:\/\/ueberlebenskunst.at\/survivalshop\/shop\/fan-bead-wasp-edition\/#primaryimage"},"image":{"@id":"https:\/\/ueberlebenskunst.at\/survivalshop\/shop\/fan-bead-wasp-edition\/#primaryimage"},"thumbnailUrl":"https:\/\/ueberlebenskunst.at\/survivalshop\/wp-content\/uploads\/2025\/02\/Fan_Bead_Wasp_Edition_sk.jpg","datePublished":"2025-02-06T13:31:29+00:00","dateModified":"2026-04-28T10:41:18+00:00","breadcrumb":{"@id":"https:\/\/ueberlebenskunst.at\/survivalshop\/shop\/fan-bead-wasp-edition\/#breadcrumb"},"inLanguage":"de","potentialAction":[{"@type":"ReadAction","target":["https:\/\/ueberlebenskunst.at\/survivalshop\/shop\/fan-bead-wasp-edition\/"]}]},{"@type":"ImageObject","inLanguage":"de","@id":"https:\/\/ueberlebenskunst.at\/survivalshop\/shop\/fan-bead-wasp-edition\/#primaryimage","url":"https:\/\/ueberlebenskunst.at\/survivalshop\/wp-content\/uploads\/2025\/02\/Fan_Bead_Wasp_Edition_sk.jpg","contentUrl":"https:\/\/ueberlebenskunst.at\/survivalshop\/wp-content\/uploads\/2025\/02\/Fan_Bead_Wasp_Edition_sk.jpg","width":400,"height":400},{"@type":"BreadcrumbList","@id":"https:\/\/ueberlebenskunst.at\/survivalshop\/shop\/fan-bead-wasp-edition\/#breadcrumb","itemListElement":[{"@type":"ListItem","position":1,"name":"Startseite","item":"https:\/\/ueberlebenskunst.at\/survivalshop\/"},{"@type":"ListItem","position":2,"name":"Shop","item":"https:\/\/ueberlebenskunst.at\/survivalshop\/shop\/"},{"@type":"ListItem","position":3,"name":"Fan Bead &#8211; Wasp Edition"}]},{"@type":"WebSite","@id":"https:\/\/ueberlebenskunst.at\/survivalshop\/#website","url":"https:\/\/ueberlebenskunst.at\/survivalshop\/","name":"Reini Rossmann - Survival Shop","description":"Survival Shop f\u00fcr Survival, Bushcraft und Prepper","potentialAction":[{"@type":"SearchAction","target":{"@type":"EntryPoint","urlTemplate":"https:\/\/ueberlebenskunst.at\/survivalshop\/?s={search_term_string}"},"query-input":{"@type":"PropertyValueSpecification","valueRequired":true,"valueName":"search_term_string"}}],"inLanguage":"de"}]}},"_links":{"self":[{"href":"https:\/\/ueberlebenskunst.at\/survivalshop\/wp-json\/wp\/v2\/product\/183734","targetHints":{"allow":["GET"]}}],"collection":[{"href":"https:\/\/ueberlebenskunst.at\/survivalshop\/wp-json\/wp\/v2\/product"}],"about":[{"href":"https:\/\/ueberlebenskunst.at\/survivalshop\/wp-json\/wp\/v2\/types\/product"}],"replies":[{"embeddable":true,"href":"https:\/\/ueberlebenskunst.at\/survivalshop\/wp-json\/wp\/v2\/comments?post=183734"}],"wp:featuredmedia":[{"embeddable":true,"href":"https:\/\/ueberlebenskunst.at\/survivalshop\/wp-json\/wp\/v2\/media\/184084"}],"wp:attachment":[{"href":"https:\/\/ueberlebenskunst.at\/survivalshop\/wp-json\/wp\/v2\/media?parent=183734"}],"wp:term":[{"taxonomy":"product_brand","embeddable":true,"href":"https:\/\/ueberlebenskunst.at\/survivalshop\/wp-json\/wp\/v2\/product_brand?post=183734"},{"taxonomy":"product_cat","embeddable":true,"href":"https:\/\/ueberlebenskunst.at\/survivalshop\/wp-json\/wp\/v2\/product_cat?post=183734"},{"taxonomy":"product_tag","embeddable":true,"href":"https:\/\/ueberlebenskunst.at\/survivalshop\/wp-json\/wp\/v2\/product_tag?post=183734"}],"curies":[{"name":"wp","href":"https:\/\/api.w.org\/{rel}","templated":true}]}}