{"id":183726,"date":"2025-02-06T14:08:59","date_gmt":"2025-02-06T13:08:59","guid":{"rendered":"https:\/\/ueberlebenskunst.at\/survivalshop\/?post_type=product&#038;p=183726"},"modified":"2026-04-28T00:40:38","modified_gmt":"2026-04-27T22:40:38","slug":"quick-draw-messerscheide-fuer-k4-wasp-edc-messer","status":"publish","type":"product","link":"https:\/\/ueberlebenskunst.at\/survivalshop\/shop\/quick-draw-messerscheide-fuer-k4-wasp-edc-messer\/","title":{"rendered":"Quick Draw Messerscheide f\u00fcr K4 Wasp EDC Messer"},"content":{"rendered":"<p>Diese passgenaue Messerscheide wurde speziell f\u00fcr das <a href=\"https:\/\/ueberlebenskunst.at\/survivalshop\/shop\/k4-wasp-edc-messer\/\" target=\"_blank\" rel=\"noopener\">K4 Wasp EDC Messer<\/a> entwickelt und vereint durchdachte Funktionen mit hochwertiger Handwerkskunst. Gefertigt in \u00d6sterreich, \u00fcberzeugt sie mit perfekter Passform und robuster Qualit\u00e4t.<\/p>\n<p><strong>Highlights:<\/strong><\/p>\n<ul>\n<li><strong>Innovativer Quick-Draw-Haken:<\/strong> Mit dem praktischen Quick-Draw-Haken ziehst du dein K4 Wasp blitzschnell aus der Hosentasche, w\u00e4hrend die Scheide sicher an Ort und Stelle bleibt. Perfekt f\u00fcr den Einsatz als Pocket Knife, wenn es auf jede Sekunde ankommt.<\/li>\n<li><strong>Passgenau f\u00fcr dein Messer:<\/strong> Die Scheide ist exakt auf das K4 Wasp EDC Messer abgestimmt und bietet sicheren Halt sowie optimalen Schutz \u2013 funktional und zuverl\u00e4ssig.<\/li>\n<li><strong>Hochwertige Handarbeit:<\/strong> Jedes Exemplar wird mit gr\u00f6\u00dfter Pr\u00e4zision von Hand gefertigt, direkt in der Reini Rossmann Werkstatt.<\/li>\n<li><strong>Extrem robust:<\/strong> Aus widerstandsf\u00e4higen, flexiblen Materialien hergestellt, h\u00e4lt diese Scheide den Belastungen im Outdoor-Einsatz problemlos stand.<\/li>\n<\/ul>\n<h3><strong>In diesen Varianten erh\u00e4ltlich:<\/strong><\/h3>\n<ul>\n<li>Quick Draw Scheide Standard<\/li>\n<li>Quick Draw Scheide Advanced mit kleinem Loch damit du die Scheide noch zus\u00e4tzlich z. B. am Hosenbund sichern kannst.<\/li>\n<li>Quick Draw Scheide Advanced Glow (=nachtleuchtend)<\/li>\n<\/ul>\n<p><strong>Produktdaten Variante &#8211; Standard:<\/strong><\/p>\n<ul>\n<li>Abmessung: 17 x 32 x 93 mm<\/li>\n<li>Gewicht: 15 g<\/li>\n<\/ul>\n<p><strong>Produktdaten Variante &#8211; Advanced:<\/strong><\/p>\n<ul>\n<li>Abmessung: 17 x 32 x 100 mm<\/li>\n<li>Gewicht: 16 g<\/li>\n<\/ul>\n<h3><strong>Lieferumfang:<\/strong><\/h3>\n<ul>\n<li>Messerscheide<\/li>\n<li><strong>ACHTUNG:<\/strong> Das Messer ist im Lieferumfang nicht enthalten, auf den Produktbildern befindet sich optionales Zubeh\u00f6r, das im Lieferumfang NICHT enthalten ist.<\/li>\n<\/ul>\n<h3><strong>Passend f\u00fcr:<\/strong><\/h3>\n<ul>\n<li><a href=\"https:\/\/ueberlebenskunst.at\/survivalshop\/shop\/k4-wasp-edc-messer\/\" target=\"_blank\" rel=\"noopener\">K4 Wasp EDC Messer<\/a><\/li>\n<\/ul>\n<h3><strong>Passendes Zubeh\u00f6r (extra erh\u00e4ltlich):<\/strong><\/h3>\n<ul>\n<li><a href=\"https:\/\/ueberlebenskunst.at\/survivalshop\/shop\/spark-bead-mit-mini-feuerstahl-wasp-edition\/\" target=\"_blank\" rel=\"noopener\">Spark Bead mit Mini Feuerstahl &#8211; Wasp Edition<\/a><\/li>\n<li><a href=\"https:\/\/ueberlebenskunst.at\/survivalshop\/shop\/fan-bead-wasp-edition\/\" target=\"_blank\" rel=\"noopener\">Fan Bead &#8211; Wasp Edition<\/a><\/li>\n<\/ul>\n<h3><strong>Bedienungs- &amp; Pflegeanleitung:<\/strong><\/h3>\n<ul>\n<li>Die Reinigung mit Wasser und Seife\u00a0 ist m\u00f6glich.<\/li>\n<li>Du solltest das Produkt nicht direkt in die N\u00e4he von Feuer oder anderen Hitzequellen legen!<\/li>\n<li>Wird dieses Produkt \u00fcber l\u00e4ngere Zeit sehr kalten Temperaturen unter 0 \u00b0C ausgesetzt, solltest du<br \/>\nin dem Moment darauf achten, dass keine starken Belastungen darauf einwirken.<\/li>\n<\/ul>\n<p><strong>Unsere Produkte sind nicht f\u00fcr Kinder unter 3 Jahren geeignet. Es besteht Verschluckungsgefahr.<\/strong><\/p>\n<p><a href=\"https:\/\/ueberlebenskunst.at\/survivalshop\/wp-content\/uploads\/2021\/11\/Logo_Kinder.png\"><img decoding=\"async\" class=\"alignnone size-medium wp-image-179571\" src=\"https:\/\/ueberlebenskunst.at\/survivalshop\/wp-content\/uploads\/2021\/11\/Logo_Kinder-300x126.png\" alt=\"\" width=\"300\" height=\"126\" srcset=\"https:\/\/ueberlebenskunst.at\/survivalshop\/wp-content\/uploads\/2021\/11\/Logo_Kinder-300x126.png 300w, https:\/\/ueberlebenskunst.at\/survivalshop\/wp-content\/uploads\/2021\/11\/Logo_Kinder-64x27.png 64w, https:\/\/ueberlebenskunst.at\/survivalshop\/wp-content\/uploads\/2021\/11\/Logo_Kinder.png 401w\" sizes=\"(max-width: 300px) 100vw, 300px\" \/><\/a><\/p>\n","protected":false},"excerpt":{"rendered":"<p>Diese passgenaue Messerscheide wurde speziell f\u00fcr das K4 Wasp EDC Messer entwickelt und vereint durchdachte Funktionen mit hochwertiger Handwerkskunst. Gefertigt in \u00d6sterreich, \u00fcberzeugt sie mit perfekter Passform und robuster Qualit\u00e4t. Highlights: Innovativer Quick-Draw-Haken: Mit dem praktischen Quick-Draw-Haken ziehst du dein K4 Wasp blitzschnell aus der Hosentasche, w\u00e4hrend die Scheide sicher an Ort und Stelle bleibt. [&hellip;]<\/p>\n","protected":false},"featured_media":184082,"comment_status":"open","ping_status":"closed","template":"","meta":{"_acf_changed":false},"product_brand":[],"product_cat":[1790],"product_tag":[1256,2452,2457],"class_list":{"0":"post-183726","1":"product","2":"type-product","3":"status-publish","4":"has-post-thumbnail","6":"product_cat-knives-4","7":"product_tag-k4","8":"product_tag-quick-draw","9":"product_tag-wasp","11":"first","12":"instock","13":"taxable","14":"shipping-taxable","15":"purchasable","16":"product-type-variable"},"acf":[],"yoast_head":"<!-- This site is optimized with the Yoast SEO plugin v27.1.1 - https:\/\/yoast.com\/product\/yoast-seo-wordpress\/ -->\n<title>Quick Draw Messerscheide f\u00fcr K4 Wasp EDC Messer - Reini Rossmann - Survival Shop<\/title>\n<meta name=\"robots\" content=\"index, follow, max-snippet:-1, max-image-preview:large, max-video-preview:-1\" \/>\n<link rel=\"canonical\" href=\"https:\/\/ueberlebenskunst.at\/survivalshop\/shop\/quick-draw-messerscheide-fuer-k4-wasp-edc-messer\/\" \/>\n<meta property=\"og:locale\" content=\"de_DE\" \/>\n<meta property=\"og:type\" content=\"article\" \/>\n<meta property=\"og:title\" content=\"Quick Draw Messerscheide f\u00fcr K4 Wasp EDC Messer - Reini Rossmann - Survival Shop\" \/>\n<meta property=\"og:description\" content=\"Diese passgenaue Messerscheide wurde speziell f\u00fcr das K4 Wasp EDC Messer entwickelt und vereint durchdachte Funktionen mit hochwertiger Handwerkskunst. Gefertigt in \u00d6sterreich, \u00fcberzeugt sie mit perfekter Passform und robuster Qualit\u00e4t. Highlights: Innovativer Quick-Draw-Haken: Mit dem praktischen Quick-Draw-Haken ziehst du dein K4 Wasp blitzschnell aus der Hosentasche, w\u00e4hrend die Scheide sicher an Ort und Stelle bleibt. [&hellip;]\" \/>\n<meta property=\"og:url\" content=\"https:\/\/ueberlebenskunst.at\/survivalshop\/shop\/quick-draw-messerscheide-fuer-k4-wasp-edc-messer\/\" \/>\n<meta property=\"og:site_name\" content=\"Reini Rossmann - Survival Shop\" \/>\n<meta property=\"article:publisher\" content=\"https:\/\/www.facebook.com\/survival24.org\/\" \/>\n<meta property=\"article:modified_time\" content=\"2026-04-27T22:40:38+00:00\" \/>\n<meta property=\"og:image\" content=\"https:\/\/ueberlebenskunst.at\/survivalshop\/wp-content\/uploads\/2025\/02\/Quick_Draw_Messerscheide_K4_Wasp_EDC_Messer_lose_sk.jpg\" \/>\n\t<meta property=\"og:image:width\" content=\"400\" \/>\n\t<meta property=\"og:image:height\" content=\"400\" \/>\n\t<meta property=\"og:image:type\" content=\"image\/jpeg\" \/>\n<meta name=\"twitter:card\" content=\"summary_large_image\" \/>\n<meta name=\"twitter:label1\" content=\"Gesch\u00e4tzte Lesezeit\" \/>\n\t<meta name=\"twitter:data1\" content=\"3\u00a0Minuten\" \/>\n<script type=\"application\/ld+json\" class=\"yoast-schema-graph\">{\"@context\":\"https:\/\/schema.org\",\"@graph\":[{\"@type\":\"WebPage\",\"@id\":\"https:\/\/ueberlebenskunst.at\/survivalshop\/shop\/quick-draw-messerscheide-fuer-k4-wasp-edc-messer\/\",\"url\":\"https:\/\/ueberlebenskunst.at\/survivalshop\/shop\/quick-draw-messerscheide-fuer-k4-wasp-edc-messer\/\",\"name\":\"Quick Draw Messerscheide f\u00fcr K4 Wasp EDC Messer - Reini Rossmann - Survival Shop\",\"isPartOf\":{\"@id\":\"https:\/\/ueberlebenskunst.at\/survivalshop\/#website\"},\"primaryImageOfPage\":{\"@id\":\"https:\/\/ueberlebenskunst.at\/survivalshop\/shop\/quick-draw-messerscheide-fuer-k4-wasp-edc-messer\/#primaryimage\"},\"image\":{\"@id\":\"https:\/\/ueberlebenskunst.at\/survivalshop\/shop\/quick-draw-messerscheide-fuer-k4-wasp-edc-messer\/#primaryimage\"},\"thumbnailUrl\":\"https:\/\/ueberlebenskunst.at\/survivalshop\/wp-content\/uploads\/2025\/02\/Quick_Draw_Messerscheide_K4_Wasp_EDC_Messer_lose_sk.jpg\",\"datePublished\":\"2025-02-06T13:08:59+00:00\",\"dateModified\":\"2026-04-27T22:40:38+00:00\",\"breadcrumb\":{\"@id\":\"https:\/\/ueberlebenskunst.at\/survivalshop\/shop\/quick-draw-messerscheide-fuer-k4-wasp-edc-messer\/#breadcrumb\"},\"inLanguage\":\"de\",\"potentialAction\":[{\"@type\":\"ReadAction\",\"target\":[\"https:\/\/ueberlebenskunst.at\/survivalshop\/shop\/quick-draw-messerscheide-fuer-k4-wasp-edc-messer\/\"]}]},{\"@type\":\"ImageObject\",\"inLanguage\":\"de\",\"@id\":\"https:\/\/ueberlebenskunst.at\/survivalshop\/shop\/quick-draw-messerscheide-fuer-k4-wasp-edc-messer\/#primaryimage\",\"url\":\"https:\/\/ueberlebenskunst.at\/survivalshop\/wp-content\/uploads\/2025\/02\/Quick_Draw_Messerscheide_K4_Wasp_EDC_Messer_lose_sk.jpg\",\"contentUrl\":\"https:\/\/ueberlebenskunst.at\/survivalshop\/wp-content\/uploads\/2025\/02\/Quick_Draw_Messerscheide_K4_Wasp_EDC_Messer_lose_sk.jpg\",\"width\":400,\"height\":400},{\"@type\":\"BreadcrumbList\",\"@id\":\"https:\/\/ueberlebenskunst.at\/survivalshop\/shop\/quick-draw-messerscheide-fuer-k4-wasp-edc-messer\/#breadcrumb\",\"itemListElement\":[{\"@type\":\"ListItem\",\"position\":1,\"name\":\"Startseite\",\"item\":\"https:\/\/ueberlebenskunst.at\/survivalshop\/\"},{\"@type\":\"ListItem\",\"position\":2,\"name\":\"Shop\",\"item\":\"https:\/\/ueberlebenskunst.at\/survivalshop\/shop\/\"},{\"@type\":\"ListItem\",\"position\":3,\"name\":\"Quick Draw Messerscheide f\u00fcr K4 Wasp EDC Messer\"}]},{\"@type\":\"WebSite\",\"@id\":\"https:\/\/ueberlebenskunst.at\/survivalshop\/#website\",\"url\":\"https:\/\/ueberlebenskunst.at\/survivalshop\/\",\"name\":\"Reini Rossmann - Survival Shop\",\"description\":\"Survival Shop f\u00fcr Survival, Bushcraft und Prepper\",\"potentialAction\":[{\"@type\":\"SearchAction\",\"target\":{\"@type\":\"EntryPoint\",\"urlTemplate\":\"https:\/\/ueberlebenskunst.at\/survivalshop\/?s={search_term_string}\"},\"query-input\":{\"@type\":\"PropertyValueSpecification\",\"valueRequired\":true,\"valueName\":\"search_term_string\"}}],\"inLanguage\":\"de\"}]}<\/script>\n<!-- \/ Yoast SEO plugin. -->","yoast_head_json":{"title":"Quick Draw Messerscheide f\u00fcr K4 Wasp EDC Messer - Reini Rossmann - Survival Shop","robots":{"index":"index","follow":"follow","max-snippet":"max-snippet:-1","max-image-preview":"max-image-preview:large","max-video-preview":"max-video-preview:-1"},"canonical":"https:\/\/ueberlebenskunst.at\/survivalshop\/shop\/quick-draw-messerscheide-fuer-k4-wasp-edc-messer\/","og_locale":"de_DE","og_type":"article","og_title":"Quick Draw Messerscheide f\u00fcr K4 Wasp EDC Messer - Reini Rossmann - Survival Shop","og_description":"Diese passgenaue Messerscheide wurde speziell f\u00fcr das K4 Wasp EDC Messer entwickelt und vereint durchdachte Funktionen mit hochwertiger Handwerkskunst. Gefertigt in \u00d6sterreich, \u00fcberzeugt sie mit perfekter Passform und robuster Qualit\u00e4t. Highlights: Innovativer Quick-Draw-Haken: Mit dem praktischen Quick-Draw-Haken ziehst du dein K4 Wasp blitzschnell aus der Hosentasche, w\u00e4hrend die Scheide sicher an Ort und Stelle bleibt. [&hellip;]","og_url":"https:\/\/ueberlebenskunst.at\/survivalshop\/shop\/quick-draw-messerscheide-fuer-k4-wasp-edc-messer\/","og_site_name":"Reini Rossmann - Survival Shop","article_publisher":"https:\/\/www.facebook.com\/survival24.org\/","article_modified_time":"2026-04-27T22:40:38+00:00","og_image":[{"width":400,"height":400,"url":"https:\/\/ueberlebenskunst.at\/survivalshop\/wp-content\/uploads\/2025\/02\/Quick_Draw_Messerscheide_K4_Wasp_EDC_Messer_lose_sk.jpg","type":"image\/jpeg"}],"twitter_card":"summary_large_image","twitter_misc":{"Gesch\u00e4tzte Lesezeit":"3\u00a0Minuten"},"schema":{"@context":"https:\/\/schema.org","@graph":[{"@type":"WebPage","@id":"https:\/\/ueberlebenskunst.at\/survivalshop\/shop\/quick-draw-messerscheide-fuer-k4-wasp-edc-messer\/","url":"https:\/\/ueberlebenskunst.at\/survivalshop\/shop\/quick-draw-messerscheide-fuer-k4-wasp-edc-messer\/","name":"Quick Draw Messerscheide f\u00fcr K4 Wasp EDC Messer - Reini Rossmann - Survival Shop","isPartOf":{"@id":"https:\/\/ueberlebenskunst.at\/survivalshop\/#website"},"primaryImageOfPage":{"@id":"https:\/\/ueberlebenskunst.at\/survivalshop\/shop\/quick-draw-messerscheide-fuer-k4-wasp-edc-messer\/#primaryimage"},"image":{"@id":"https:\/\/ueberlebenskunst.at\/survivalshop\/shop\/quick-draw-messerscheide-fuer-k4-wasp-edc-messer\/#primaryimage"},"thumbnailUrl":"https:\/\/ueberlebenskunst.at\/survivalshop\/wp-content\/uploads\/2025\/02\/Quick_Draw_Messerscheide_K4_Wasp_EDC_Messer_lose_sk.jpg","datePublished":"2025-02-06T13:08:59+00:00","dateModified":"2026-04-27T22:40:38+00:00","breadcrumb":{"@id":"https:\/\/ueberlebenskunst.at\/survivalshop\/shop\/quick-draw-messerscheide-fuer-k4-wasp-edc-messer\/#breadcrumb"},"inLanguage":"de","potentialAction":[{"@type":"ReadAction","target":["https:\/\/ueberlebenskunst.at\/survivalshop\/shop\/quick-draw-messerscheide-fuer-k4-wasp-edc-messer\/"]}]},{"@type":"ImageObject","inLanguage":"de","@id":"https:\/\/ueberlebenskunst.at\/survivalshop\/shop\/quick-draw-messerscheide-fuer-k4-wasp-edc-messer\/#primaryimage","url":"https:\/\/ueberlebenskunst.at\/survivalshop\/wp-content\/uploads\/2025\/02\/Quick_Draw_Messerscheide_K4_Wasp_EDC_Messer_lose_sk.jpg","contentUrl":"https:\/\/ueberlebenskunst.at\/survivalshop\/wp-content\/uploads\/2025\/02\/Quick_Draw_Messerscheide_K4_Wasp_EDC_Messer_lose_sk.jpg","width":400,"height":400},{"@type":"BreadcrumbList","@id":"https:\/\/ueberlebenskunst.at\/survivalshop\/shop\/quick-draw-messerscheide-fuer-k4-wasp-edc-messer\/#breadcrumb","itemListElement":[{"@type":"ListItem","position":1,"name":"Startseite","item":"https:\/\/ueberlebenskunst.at\/survivalshop\/"},{"@type":"ListItem","position":2,"name":"Shop","item":"https:\/\/ueberlebenskunst.at\/survivalshop\/shop\/"},{"@type":"ListItem","position":3,"name":"Quick Draw Messerscheide f\u00fcr K4 Wasp EDC Messer"}]},{"@type":"WebSite","@id":"https:\/\/ueberlebenskunst.at\/survivalshop\/#website","url":"https:\/\/ueberlebenskunst.at\/survivalshop\/","name":"Reini Rossmann - Survival Shop","description":"Survival Shop f\u00fcr Survival, Bushcraft und Prepper","potentialAction":[{"@type":"SearchAction","target":{"@type":"EntryPoint","urlTemplate":"https:\/\/ueberlebenskunst.at\/survivalshop\/?s={search_term_string}"},"query-input":{"@type":"PropertyValueSpecification","valueRequired":true,"valueName":"search_term_string"}}],"inLanguage":"de"}]}},"_links":{"self":[{"href":"https:\/\/ueberlebenskunst.at\/survivalshop\/wp-json\/wp\/v2\/product\/183726","targetHints":{"allow":["GET"]}}],"collection":[{"href":"https:\/\/ueberlebenskunst.at\/survivalshop\/wp-json\/wp\/v2\/product"}],"about":[{"href":"https:\/\/ueberlebenskunst.at\/survivalshop\/wp-json\/wp\/v2\/types\/product"}],"replies":[{"embeddable":true,"href":"https:\/\/ueberlebenskunst.at\/survivalshop\/wp-json\/wp\/v2\/comments?post=183726"}],"wp:featuredmedia":[{"embeddable":true,"href":"https:\/\/ueberlebenskunst.at\/survivalshop\/wp-json\/wp\/v2\/media\/184082"}],"wp:attachment":[{"href":"https:\/\/ueberlebenskunst.at\/survivalshop\/wp-json\/wp\/v2\/media?parent=183726"}],"wp:term":[{"taxonomy":"product_brand","embeddable":true,"href":"https:\/\/ueberlebenskunst.at\/survivalshop\/wp-json\/wp\/v2\/product_brand?post=183726"},{"taxonomy":"product_cat","embeddable":true,"href":"https:\/\/ueberlebenskunst.at\/survivalshop\/wp-json\/wp\/v2\/product_cat?post=183726"},{"taxonomy":"product_tag","embeddable":true,"href":"https:\/\/ueberlebenskunst.at\/survivalshop\/wp-json\/wp\/v2\/product_tag?post=183726"}],"curies":[{"name":"wp","href":"https:\/\/api.w.org\/{rel}","templated":true}]}}