{"id":18325,"date":"2020-10-23T20:23:37","date_gmt":"2020-10-23T18:23:37","guid":{"rendered":"https:\/\/ueberlebenskunst.at\/survivalshop\/survivalshop\/?post_type=product&#038;p=18325"},"modified":"2024-03-21T07:44:12","modified_gmt":"2024-03-21T06:44:12","slug":"steripen-aqua-uv","status":"seo-produkt","type":"product","link":"https:\/\/ueberlebenskunst.at\/survivalshop\/shop\/steripen-aqua-uv\/","title":{"rendered":"Steripen Aqua UV"},"content":{"rendered":"<p><iframe hcb-fetch-image-from=\"https:\/\/youtu.be\/BJ6czCXaick\" title=\"Survival Wasser Aufbereitung: Warum Filter alleine nicht helfen! | Steripen Grundlagen\" width=\"640\" height=\"360\" src=\"https:\/\/www.youtube.com\/embed\/BJ6czCXaick?feature=oembed\" frameborder=\"0\" allow=\"accelerometer; autoplay; clipboard-write; encrypted-media; gyroscope; picture-in-picture; web-share\" referrerpolicy=\"strict-origin-when-cross-origin\" allowfullscreen><\/iframe><\/p>\n<p>&nbsp;<\/p>\n<p>Der Steripen Aqua UV ist daf\u00fcr ausgelegt, 3.000Liter Wasser aufzubereitetn. Wie auch die <a href=\"https:\/\/ueberlebenskunst.at\/survivalshop\/survivalshop\/?s=steripen&amp;post_type=product\" target=\"_blank\" rel=\"noopener noreferrer\">anderen Steripen\u00b4s<\/a>\u00a0 entfernt er \u00fcber 99,9% der Bakterien, Viren und Protozoen. Betrieben wird er mit 4 AA Batterien und schafft mit einem Batteriesatz bis zu 50Liter Wasser. Wenn sie Lithiumbatterien verwenden k\u00f6nnen sie sogar bis zu 150 Liter Wasser entkeimen.<\/p>\n<p>Mit dem passenden<a href=\"https:\/\/ueberlebenskunst.at\/survivalshop\/shop\/steripen-fitsall-filter-aufsatz\/\" target=\"_blank\" rel=\"noopener noreferrer\"> Vorfilter<\/a> kann auch tr\u00fcbes Wasser behandelt werden.<\/p>\n<h3>Technische Daten:<\/h3>\n<p>Abmessungen: 18,6cm x 4,3cm x 4,3cm<br \/>\nGewicht: 178g<br \/>\nTechnologie: UV-Licht<br \/>\nBehandlungsvolumen: 1\/2 oder 1 Liter<br \/>\nBehandlungsdauer: 48 oder 90 Sek.<br \/>\nLampenlebensdauer:\u00a0 ca. 3.000 Aktivierungen<br \/>\nBatterien: 4AA (nicht im Lieferumfang enthalten)<br \/>\nWasser: nur in klarem Wasser<\/p>\n<p><a href=\"https:\/\/ueberlebenskunst.at\/survivalshop\/survivalshop\/wp-content\/uploads\/2020\/10\/60110075_Bild3.jpeg\" target=\"_blank\" rel=\"noopener noreferrer\"><img decoding=\"async\" class=\"alignnone wp-image-18328\" title=\"Steripen Aqua UV\" src=\"https:\/\/ueberlebenskunst.at\/survivalshop\/survivalshop\/wp-content\/uploads\/2020\/10\/60110075_Bild3-300x227.jpeg\" alt=\"\" width=\"248\" height=\"188\" srcset=\"https:\/\/ueberlebenskunst.at\/survivalshop\/wp-content\/uploads\/2020\/10\/60110075_Bild3-300x227.jpeg 300w, https:\/\/ueberlebenskunst.at\/survivalshop\/wp-content\/uploads\/2020\/10\/60110075_Bild3.jpeg 555w\" sizes=\"(max-width: 248px) 100vw, 248px\" \/><\/a><\/p>\n","protected":false},"excerpt":{"rendered":"<p>f\u00fcr gelegentliche Eins\u00e4tze und f\u00fcr\u00b4s Notfallkit<\/p>\n","protected":false},"featured_media":18326,"comment_status":"open","ping_status":"closed","template":"","meta":{"_acf_changed":false},"product_brand":[],"product_cat":[426],"product_tag":[1266,631],"class_list":{"0":"post-18325","1":"product","2":"type-product","3":"status-seo-produkt","4":"has-post-thumbnail","6":"product_cat-unkategorisiert","7":"product_tag-krisen-ausruestung-liste","8":"product_tag-steripen","10":"first","11":"outofstock","12":"taxable","13":"shipping-taxable","14":"product-type-simple"},"acf":[],"yoast_head":"<!-- This site is optimized with the Yoast SEO plugin v27.1.1 - https:\/\/yoast.com\/product\/yoast-seo-wordpress\/ -->\n<title>Steripen Aqua UV - im Reini Rossmann Review<\/title>\n<meta name=\"description\" content=\"Der Steripen Aqua UV ist am besten geeignet f\u00fcr gelegentliche Eins\u00e4tze und geh\u00f6rt in jedes NotfallKit f\u00fcr Zuhause\" \/>\n<meta name=\"robots\" content=\"index, follow, max-snippet:-1, max-image-preview:large, max-video-preview:-1\" \/>\n<link rel=\"canonical\" href=\"https:\/\/ueberlebenskunst.at\/survivalshop\/shop\/steripen-aqua-uv\/\" \/>\n<meta property=\"og:locale\" content=\"de_DE\" \/>\n<meta property=\"og:type\" content=\"article\" \/>\n<meta property=\"og:title\" content=\"Steripen Aqua UV - im Reini Rossmann Review\" \/>\n<meta property=\"og:description\" content=\"Der Steripen Aqua UV ist am besten geeignet f\u00fcr gelegentliche Eins\u00e4tze und geh\u00f6rt in jedes NotfallKit f\u00fcr Zuhause\" \/>\n<meta property=\"og:url\" content=\"https:\/\/ueberlebenskunst.at\/survivalshop\/shop\/steripen-aqua-uv\/\" \/>\n<meta property=\"og:site_name\" content=\"Reini Rossmann - Survival Shop\" \/>\n<meta property=\"article:publisher\" content=\"https:\/\/www.facebook.com\/survival24.org\/\" \/>\n<meta property=\"article:modified_time\" content=\"2024-03-21T06:44:12+00:00\" \/>\n<meta property=\"og:image\" content=\"https:\/\/ueberlebenskunst.at\/survivalshop\/wp-content\/uploads\/2020\/10\/60110075.jpeg\" \/>\n\t<meta property=\"og:image:width\" content=\"555\" \/>\n\t<meta property=\"og:image:height\" content=\"420\" \/>\n\t<meta property=\"og:image:type\" content=\"image\/jpeg\" \/>\n<meta name=\"twitter:card\" content=\"summary_large_image\" \/>\n<meta name=\"twitter:label1\" content=\"Gesch\u00e4tzte Lesezeit\" \/>\n\t<meta name=\"twitter:data1\" content=\"1\u00a0Minute\" \/>\n<script type=\"application\/ld+json\" class=\"yoast-schema-graph\">{\"@context\":\"https:\/\/schema.org\",\"@graph\":[{\"@type\":\"WebPage\",\"@id\":\"https:\/\/ueberlebenskunst.at\/survivalshop\/shop\/steripen-aqua-uv\/\",\"url\":\"https:\/\/ueberlebenskunst.at\/survivalshop\/shop\/steripen-aqua-uv\/\",\"name\":\"Steripen Aqua UV - im Reini Rossmann Review\",\"isPartOf\":{\"@id\":\"https:\/\/ueberlebenskunst.at\/survivalshop\/#website\"},\"primaryImageOfPage\":{\"@id\":\"https:\/\/ueberlebenskunst.at\/survivalshop\/shop\/steripen-aqua-uv\/#primaryimage\"},\"image\":{\"@id\":\"https:\/\/ueberlebenskunst.at\/survivalshop\/shop\/steripen-aqua-uv\/#primaryimage\"},\"thumbnailUrl\":\"https:\/\/ueberlebenskunst.at\/survivalshop\/wp-content\/uploads\/2020\/10\/60110075.jpeg\",\"datePublished\":\"2020-10-23T18:23:37+00:00\",\"dateModified\":\"2024-03-21T06:44:12+00:00\",\"description\":\"Der Steripen Aqua UV ist am besten geeignet f\u00fcr gelegentliche Eins\u00e4tze und geh\u00f6rt in jedes NotfallKit f\u00fcr Zuhause\",\"breadcrumb\":{\"@id\":\"https:\/\/ueberlebenskunst.at\/survivalshop\/shop\/steripen-aqua-uv\/#breadcrumb\"},\"inLanguage\":\"de\",\"potentialAction\":[{\"@type\":\"ReadAction\",\"target\":[\"https:\/\/ueberlebenskunst.at\/survivalshop\/shop\/steripen-aqua-uv\/\"]}]},{\"@type\":\"ImageObject\",\"inLanguage\":\"de\",\"@id\":\"https:\/\/ueberlebenskunst.at\/survivalshop\/shop\/steripen-aqua-uv\/#primaryimage\",\"url\":\"https:\/\/ueberlebenskunst.at\/survivalshop\/wp-content\/uploads\/2020\/10\/60110075.jpeg\",\"contentUrl\":\"https:\/\/ueberlebenskunst.at\/survivalshop\/wp-content\/uploads\/2020\/10\/60110075.jpeg\",\"width\":555,\"height\":420},{\"@type\":\"BreadcrumbList\",\"@id\":\"https:\/\/ueberlebenskunst.at\/survivalshop\/shop\/steripen-aqua-uv\/#breadcrumb\",\"itemListElement\":[{\"@type\":\"ListItem\",\"position\":1,\"name\":\"Startseite\",\"item\":\"https:\/\/ueberlebenskunst.at\/survivalshop\/\"},{\"@type\":\"ListItem\",\"position\":2,\"name\":\"Shop\",\"item\":\"https:\/\/ueberlebenskunst.at\/survivalshop\/shop\/\"},{\"@type\":\"ListItem\",\"position\":3,\"name\":\"Steripen Aqua UV\"}]},{\"@type\":\"WebSite\",\"@id\":\"https:\/\/ueberlebenskunst.at\/survivalshop\/#website\",\"url\":\"https:\/\/ueberlebenskunst.at\/survivalshop\/\",\"name\":\"Reini Rossmann - Survival Shop\",\"description\":\"Survival Shop f\u00fcr Survival, Bushcraft und Prepper\",\"potentialAction\":[{\"@type\":\"SearchAction\",\"target\":{\"@type\":\"EntryPoint\",\"urlTemplate\":\"https:\/\/ueberlebenskunst.at\/survivalshop\/?s={search_term_string}\"},\"query-input\":{\"@type\":\"PropertyValueSpecification\",\"valueRequired\":true,\"valueName\":\"search_term_string\"}}],\"inLanguage\":\"de\"}]}<\/script>\n<!-- \/ Yoast SEO plugin. -->","yoast_head_json":{"title":"Steripen Aqua UV - im Reini Rossmann Review","description":"Der Steripen Aqua UV ist am besten geeignet f\u00fcr gelegentliche Eins\u00e4tze und geh\u00f6rt in jedes NotfallKit f\u00fcr Zuhause","robots":{"index":"index","follow":"follow","max-snippet":"max-snippet:-1","max-image-preview":"max-image-preview:large","max-video-preview":"max-video-preview:-1"},"canonical":"https:\/\/ueberlebenskunst.at\/survivalshop\/shop\/steripen-aqua-uv\/","og_locale":"de_DE","og_type":"article","og_title":"Steripen Aqua UV - im Reini Rossmann Review","og_description":"Der Steripen Aqua UV ist am besten geeignet f\u00fcr gelegentliche Eins\u00e4tze und geh\u00f6rt in jedes NotfallKit f\u00fcr Zuhause","og_url":"https:\/\/ueberlebenskunst.at\/survivalshop\/shop\/steripen-aqua-uv\/","og_site_name":"Reini Rossmann - Survival Shop","article_publisher":"https:\/\/www.facebook.com\/survival24.org\/","article_modified_time":"2024-03-21T06:44:12+00:00","og_image":[{"width":555,"height":420,"url":"https:\/\/ueberlebenskunst.at\/survivalshop\/wp-content\/uploads\/2020\/10\/60110075.jpeg","type":"image\/jpeg"}],"twitter_card":"summary_large_image","twitter_misc":{"Gesch\u00e4tzte Lesezeit":"1\u00a0Minute"},"schema":{"@context":"https:\/\/schema.org","@graph":[{"@type":"WebPage","@id":"https:\/\/ueberlebenskunst.at\/survivalshop\/shop\/steripen-aqua-uv\/","url":"https:\/\/ueberlebenskunst.at\/survivalshop\/shop\/steripen-aqua-uv\/","name":"Steripen Aqua UV - im Reini Rossmann Review","isPartOf":{"@id":"https:\/\/ueberlebenskunst.at\/survivalshop\/#website"},"primaryImageOfPage":{"@id":"https:\/\/ueberlebenskunst.at\/survivalshop\/shop\/steripen-aqua-uv\/#primaryimage"},"image":{"@id":"https:\/\/ueberlebenskunst.at\/survivalshop\/shop\/steripen-aqua-uv\/#primaryimage"},"thumbnailUrl":"https:\/\/ueberlebenskunst.at\/survivalshop\/wp-content\/uploads\/2020\/10\/60110075.jpeg","datePublished":"2020-10-23T18:23:37+00:00","dateModified":"2024-03-21T06:44:12+00:00","description":"Der Steripen Aqua UV ist am besten geeignet f\u00fcr gelegentliche Eins\u00e4tze und geh\u00f6rt in jedes NotfallKit f\u00fcr Zuhause","breadcrumb":{"@id":"https:\/\/ueberlebenskunst.at\/survivalshop\/shop\/steripen-aqua-uv\/#breadcrumb"},"inLanguage":"de","potentialAction":[{"@type":"ReadAction","target":["https:\/\/ueberlebenskunst.at\/survivalshop\/shop\/steripen-aqua-uv\/"]}]},{"@type":"ImageObject","inLanguage":"de","@id":"https:\/\/ueberlebenskunst.at\/survivalshop\/shop\/steripen-aqua-uv\/#primaryimage","url":"https:\/\/ueberlebenskunst.at\/survivalshop\/wp-content\/uploads\/2020\/10\/60110075.jpeg","contentUrl":"https:\/\/ueberlebenskunst.at\/survivalshop\/wp-content\/uploads\/2020\/10\/60110075.jpeg","width":555,"height":420},{"@type":"BreadcrumbList","@id":"https:\/\/ueberlebenskunst.at\/survivalshop\/shop\/steripen-aqua-uv\/#breadcrumb","itemListElement":[{"@type":"ListItem","position":1,"name":"Startseite","item":"https:\/\/ueberlebenskunst.at\/survivalshop\/"},{"@type":"ListItem","position":2,"name":"Shop","item":"https:\/\/ueberlebenskunst.at\/survivalshop\/shop\/"},{"@type":"ListItem","position":3,"name":"Steripen Aqua UV"}]},{"@type":"WebSite","@id":"https:\/\/ueberlebenskunst.at\/survivalshop\/#website","url":"https:\/\/ueberlebenskunst.at\/survivalshop\/","name":"Reini Rossmann - Survival Shop","description":"Survival Shop f\u00fcr Survival, Bushcraft und Prepper","potentialAction":[{"@type":"SearchAction","target":{"@type":"EntryPoint","urlTemplate":"https:\/\/ueberlebenskunst.at\/survivalshop\/?s={search_term_string}"},"query-input":{"@type":"PropertyValueSpecification","valueRequired":true,"valueName":"search_term_string"}}],"inLanguage":"de"}]}},"_links":{"self":[{"href":"https:\/\/ueberlebenskunst.at\/survivalshop\/wp-json\/wp\/v2\/product\/18325","targetHints":{"allow":["GET"]}}],"collection":[{"href":"https:\/\/ueberlebenskunst.at\/survivalshop\/wp-json\/wp\/v2\/product"}],"about":[{"href":"https:\/\/ueberlebenskunst.at\/survivalshop\/wp-json\/wp\/v2\/types\/product"}],"replies":[{"embeddable":true,"href":"https:\/\/ueberlebenskunst.at\/survivalshop\/wp-json\/wp\/v2\/comments?post=18325"}],"wp:featuredmedia":[{"embeddable":true,"href":"https:\/\/ueberlebenskunst.at\/survivalshop\/wp-json\/wp\/v2\/media\/18326"}],"wp:attachment":[{"href":"https:\/\/ueberlebenskunst.at\/survivalshop\/wp-json\/wp\/v2\/media?parent=18325"}],"wp:term":[{"taxonomy":"product_brand","embeddable":true,"href":"https:\/\/ueberlebenskunst.at\/survivalshop\/wp-json\/wp\/v2\/product_brand?post=18325"},{"taxonomy":"product_cat","embeddable":true,"href":"https:\/\/ueberlebenskunst.at\/survivalshop\/wp-json\/wp\/v2\/product_cat?post=18325"},{"taxonomy":"product_tag","embeddable":true,"href":"https:\/\/ueberlebenskunst.at\/survivalshop\/wp-json\/wp\/v2\/product_tag?post=18325"}],"curies":[{"name":"wp","href":"https:\/\/api.w.org\/{rel}","templated":true}]}}