{"id":18105,"date":"2020-10-20T16:29:14","date_gmt":"2020-10-20T14:29:14","guid":{"rendered":"https:\/\/ueberlebenskunst.at\/survivalshop\/survivalshop\/?post_type=product&#038;p=18105"},"modified":"2024-03-21T07:55:12","modified_gmt":"2024-03-21T06:55:12","slug":"boeker-plus-mini-tracker","status":"seo-produkt","type":"product","link":"https:\/\/ueberlebenskunst.at\/survivalshop\/shop\/boeker-plus-mini-tracker\/","title":{"rendered":"B\u00f6ker Plus Mini Tracker"},"content":{"rendered":"<p><iframe hcb-fetch-image-from=\"https:\/\/youtu.be\/RAKlYeqUDnk\" title=\"Das bessere Tracker Knife | B\u00f6ker Mini Tracker\" width=\"640\" height=\"360\" src=\"https:\/\/www.youtube.com\/embed\/RAKlYeqUDnk?feature=oembed\" frameborder=\"0\" allow=\"accelerometer; autoplay; clipboard-write; encrypted-media; gyroscope; picture-in-picture; web-share\" referrerpolicy=\"strict-origin-when-cross-origin\" allowfullscreen><\/iframe><\/p>\n<p>&nbsp;<\/p>\n<p>Beim B\u00f6ker Plus Mini Tracker handelt es sich um ein \u00e4u\u00dferst stabiles und feststehendes Messer f\u00fcr den Outdoorbereich. Die Klinge ist aus 1095er Kohlenstoffstahl gefertigt und ist dank der Pulverbeschichtung best\u00e4ndig gegen Korrosion. Zwei unterschiedliche Schliffebenen machen das Messer ideal f\u00fcr mehrere Anwendungen wie schneiden, hacken, schaben, hebeln und graben.<br \/>\nMit diesem Messer hast du einen idealen Allrounder im Rucksack.<\/p>\n<p>Die L\u00e4nge und St\u00e4rke der Klinge ist aufeinander abgestimmt konstruiert und erm\u00f6glicht in Kombination mit der Griffschale aus Micarte langes Arbeiten ohne dabei zu erm\u00fcden.<\/p>\n<p>Geliefert wird mit einer passgenauen Scheide aus Kydex samt Adapter f\u00fcr die Befestigung am G\u00fcrtel oder an <a href=\"https:\/\/ueberlebenskunst.at\/survivalshop\/shop\/der-molle-guertel-tt-hyp-belt-30\/\" target=\"_blank\" rel=\"noopener noreferrer\">MOLLE Systemen<\/a>.<br \/>\nIm Griff ist Messingniete eingelassen, die zus\u00e4tzlich als \u00d6se dient f\u00fcr weitere Befestigungsm\u00f6glichkeiten.<\/p>\n<ul>\n<li>L\u00e4nge Gesamt: 25 cm<\/li>\n<li>L\u00e4nge Klinge:\u00a0 13,5 cm<\/li>\n<li>St\u00e4rke Klinge: 5 mm<\/li>\n<li>Gesamtgewicht: 270 g<\/li>\n<li>Material Klinge: 1095Kohlenstoffstahl<\/li>\n<li>Material Griff: Micarta<\/li>\n<li>Material Scheide: Kydex<\/li>\n<li>Farbe Griff: grau<\/li>\n<li>Farbe Klinge: schwarz<\/li>\n<\/ul>\n<p><a href=\"https:\/\/ueberlebenskunst.at\/survivalshop\/survivalshop\/wp-content\/uploads\/2020\/10\/Bo\u0308ker-Mini-Tracker-Lieferumfang-rotated.jpg\" target=\"_blank\" rel=\"noopener noreferrer\"><img decoding=\"async\" class=\"alignnone wp-image-18676\" src=\"https:\/\/ueberlebenskunst.at\/survivalshop\/survivalshop\/wp-content\/uploads\/2020\/10\/Bo\u0308ker-Mini-Tracker-Lieferumfang-rotated.jpg\" alt=\"B\u00f6ker Mini Tracker\" width=\"404\" height=\"539\" srcset=\"https:\/\/ueberlebenskunst.at\/survivalshop\/wp-content\/uploads\/2020\/10\/Bo\u0308ker-Mini-Tracker-Lieferumfang-rotated.jpg 480w, https:\/\/ueberlebenskunst.at\/survivalshop\/wp-content\/uploads\/2020\/10\/Bo\u0308ker-Mini-Tracker-Lieferumfang-rotated-300x400.jpg 300w, https:\/\/ueberlebenskunst.at\/survivalshop\/wp-content\/uploads\/2020\/10\/Bo\u0308ker-Mini-Tracker-Lieferumfang-225x300.jpg 225w\" sizes=\"(max-width: 404px) 100vw, 404px\" \/><\/a><\/p>\n","protected":false},"excerpt":{"rendered":"<p>Der Allrounder unter den Messern<\/p>\n","protected":false},"featured_media":18111,"comment_status":"open","ping_status":"closed","template":"","meta":{"_acf_changed":false},"product_brand":[],"product_cat":[426],"product_tag":[251,484],"class_list":{"0":"post-18105","1":"product","2":"type-product","3":"status-seo-produkt","4":"has-post-thumbnail","6":"product_cat-unkategorisiert","7":"product_tag-boeker","8":"product_tag-tracker-knife","10":"first","11":"outofstock","12":"taxable","13":"shipping-taxable","14":"product-type-simple"},"acf":[],"yoast_head":"<!-- This site is optimized with the Yoast SEO plugin v27.1.1 - https:\/\/yoast.com\/product\/yoast-seo-wordpress\/ -->\n<title>B\u00f6ker Plus Mini Tracker ist ein stabiles, vielseitig Einsetzbares Messer<\/title>\n<meta name=\"description\" content=\"Sie k\u00f6nnen mit dem B\u00f6ker Plus Mini Tracker, durch seine unterschiedlichen Klingenschliffebenen Schneiden, Hacken, Schaben und vieles mehr.\" \/>\n<meta name=\"robots\" content=\"index, follow, max-snippet:-1, max-image-preview:large, max-video-preview:-1\" \/>\n<link rel=\"canonical\" href=\"https:\/\/ueberlebenskunst.at\/survivalshop\/shop\/boeker-plus-mini-tracker\/\" \/>\n<meta property=\"og:locale\" content=\"de_DE\" \/>\n<meta property=\"og:type\" content=\"article\" \/>\n<meta property=\"og:title\" content=\"B\u00f6ker Plus Mini Tracker ist ein stabiles, vielseitig Einsetzbares Messer\" \/>\n<meta property=\"og:description\" content=\"Sie k\u00f6nnen mit dem B\u00f6ker Plus Mini Tracker, durch seine unterschiedlichen Klingenschliffebenen Schneiden, Hacken, Schaben und vieles mehr.\" \/>\n<meta property=\"og:url\" content=\"https:\/\/ueberlebenskunst.at\/survivalshop\/shop\/boeker-plus-mini-tracker\/\" \/>\n<meta property=\"og:site_name\" content=\"Reini Rossmann - Survival Shop\" \/>\n<meta property=\"article:publisher\" content=\"https:\/\/www.facebook.com\/survival24.org\/\" \/>\n<meta property=\"article:modified_time\" content=\"2024-03-21T06:55:12+00:00\" \/>\n<meta property=\"og:image\" content=\"https:\/\/ueberlebenskunst.at\/survivalshop\/wp-content\/uploads\/2020\/10\/AB02-02bo027_Bild1.jpg\" \/>\n\t<meta property=\"og:image:width\" content=\"1280\" \/>\n\t<meta property=\"og:image:height\" content=\"953\" \/>\n\t<meta property=\"og:image:type\" content=\"image\/jpeg\" \/>\n<meta name=\"twitter:card\" content=\"summary_large_image\" \/>\n<meta name=\"twitter:label1\" content=\"Gesch\u00e4tzte Lesezeit\" \/>\n\t<meta name=\"twitter:data1\" content=\"2\u00a0Minuten\" \/>\n<script type=\"application\/ld+json\" class=\"yoast-schema-graph\">{\"@context\":\"https:\/\/schema.org\",\"@graph\":[{\"@type\":\"WebPage\",\"@id\":\"https:\/\/ueberlebenskunst.at\/survivalshop\/shop\/boeker-plus-mini-tracker\/\",\"url\":\"https:\/\/ueberlebenskunst.at\/survivalshop\/shop\/boeker-plus-mini-tracker\/\",\"name\":\"B\u00f6ker Plus Mini Tracker ist ein stabiles, vielseitig Einsetzbares Messer\",\"isPartOf\":{\"@id\":\"https:\/\/ueberlebenskunst.at\/survivalshop\/#website\"},\"primaryImageOfPage\":{\"@id\":\"https:\/\/ueberlebenskunst.at\/survivalshop\/shop\/boeker-plus-mini-tracker\/#primaryimage\"},\"image\":{\"@id\":\"https:\/\/ueberlebenskunst.at\/survivalshop\/shop\/boeker-plus-mini-tracker\/#primaryimage\"},\"thumbnailUrl\":\"https:\/\/ueberlebenskunst.at\/survivalshop\/wp-content\/uploads\/2020\/10\/AB02-02bo027_Bild1.jpg\",\"datePublished\":\"2020-10-20T14:29:14+00:00\",\"dateModified\":\"2024-03-21T06:55:12+00:00\",\"description\":\"Sie k\u00f6nnen mit dem B\u00f6ker Plus Mini Tracker, durch seine unterschiedlichen Klingenschliffebenen Schneiden, Hacken, Schaben und vieles mehr.\",\"breadcrumb\":{\"@id\":\"https:\/\/ueberlebenskunst.at\/survivalshop\/shop\/boeker-plus-mini-tracker\/#breadcrumb\"},\"inLanguage\":\"de\",\"potentialAction\":[{\"@type\":\"ReadAction\",\"target\":[\"https:\/\/ueberlebenskunst.at\/survivalshop\/shop\/boeker-plus-mini-tracker\/\"]}]},{\"@type\":\"ImageObject\",\"inLanguage\":\"de\",\"@id\":\"https:\/\/ueberlebenskunst.at\/survivalshop\/shop\/boeker-plus-mini-tracker\/#primaryimage\",\"url\":\"https:\/\/ueberlebenskunst.at\/survivalshop\/wp-content\/uploads\/2020\/10\/AB02-02bo027_Bild1.jpg\",\"contentUrl\":\"https:\/\/ueberlebenskunst.at\/survivalshop\/wp-content\/uploads\/2020\/10\/AB02-02bo027_Bild1.jpg\",\"width\":1280,\"height\":953},{\"@type\":\"BreadcrumbList\",\"@id\":\"https:\/\/ueberlebenskunst.at\/survivalshop\/shop\/boeker-plus-mini-tracker\/#breadcrumb\",\"itemListElement\":[{\"@type\":\"ListItem\",\"position\":1,\"name\":\"Startseite\",\"item\":\"https:\/\/ueberlebenskunst.at\/survivalshop\/\"},{\"@type\":\"ListItem\",\"position\":2,\"name\":\"Shop\",\"item\":\"https:\/\/ueberlebenskunst.at\/survivalshop\/shop\/\"},{\"@type\":\"ListItem\",\"position\":3,\"name\":\"B\u00f6ker Plus Mini Tracker\"}]},{\"@type\":\"WebSite\",\"@id\":\"https:\/\/ueberlebenskunst.at\/survivalshop\/#website\",\"url\":\"https:\/\/ueberlebenskunst.at\/survivalshop\/\",\"name\":\"Reini Rossmann - Survival Shop\",\"description\":\"Survival Shop f\u00fcr Survival, Bushcraft und Prepper\",\"potentialAction\":[{\"@type\":\"SearchAction\",\"target\":{\"@type\":\"EntryPoint\",\"urlTemplate\":\"https:\/\/ueberlebenskunst.at\/survivalshop\/?s={search_term_string}\"},\"query-input\":{\"@type\":\"PropertyValueSpecification\",\"valueRequired\":true,\"valueName\":\"search_term_string\"}}],\"inLanguage\":\"de\"}]}<\/script>\n<!-- \/ Yoast SEO plugin. -->","yoast_head_json":{"title":"B\u00f6ker Plus Mini Tracker ist ein stabiles, vielseitig Einsetzbares Messer","description":"Sie k\u00f6nnen mit dem B\u00f6ker Plus Mini Tracker, durch seine unterschiedlichen Klingenschliffebenen Schneiden, Hacken, Schaben und vieles mehr.","robots":{"index":"index","follow":"follow","max-snippet":"max-snippet:-1","max-image-preview":"max-image-preview:large","max-video-preview":"max-video-preview:-1"},"canonical":"https:\/\/ueberlebenskunst.at\/survivalshop\/shop\/boeker-plus-mini-tracker\/","og_locale":"de_DE","og_type":"article","og_title":"B\u00f6ker Plus Mini Tracker ist ein stabiles, vielseitig Einsetzbares Messer","og_description":"Sie k\u00f6nnen mit dem B\u00f6ker Plus Mini Tracker, durch seine unterschiedlichen Klingenschliffebenen Schneiden, Hacken, Schaben und vieles mehr.","og_url":"https:\/\/ueberlebenskunst.at\/survivalshop\/shop\/boeker-plus-mini-tracker\/","og_site_name":"Reini Rossmann - Survival Shop","article_publisher":"https:\/\/www.facebook.com\/survival24.org\/","article_modified_time":"2024-03-21T06:55:12+00:00","og_image":[{"width":1280,"height":953,"url":"https:\/\/ueberlebenskunst.at\/survivalshop\/wp-content\/uploads\/2020\/10\/AB02-02bo027_Bild1.jpg","type":"image\/jpeg"}],"twitter_card":"summary_large_image","twitter_misc":{"Gesch\u00e4tzte Lesezeit":"2\u00a0Minuten"},"schema":{"@context":"https:\/\/schema.org","@graph":[{"@type":"WebPage","@id":"https:\/\/ueberlebenskunst.at\/survivalshop\/shop\/boeker-plus-mini-tracker\/","url":"https:\/\/ueberlebenskunst.at\/survivalshop\/shop\/boeker-plus-mini-tracker\/","name":"B\u00f6ker Plus Mini Tracker ist ein stabiles, vielseitig Einsetzbares Messer","isPartOf":{"@id":"https:\/\/ueberlebenskunst.at\/survivalshop\/#website"},"primaryImageOfPage":{"@id":"https:\/\/ueberlebenskunst.at\/survivalshop\/shop\/boeker-plus-mini-tracker\/#primaryimage"},"image":{"@id":"https:\/\/ueberlebenskunst.at\/survivalshop\/shop\/boeker-plus-mini-tracker\/#primaryimage"},"thumbnailUrl":"https:\/\/ueberlebenskunst.at\/survivalshop\/wp-content\/uploads\/2020\/10\/AB02-02bo027_Bild1.jpg","datePublished":"2020-10-20T14:29:14+00:00","dateModified":"2024-03-21T06:55:12+00:00","description":"Sie k\u00f6nnen mit dem B\u00f6ker Plus Mini Tracker, durch seine unterschiedlichen Klingenschliffebenen Schneiden, Hacken, Schaben und vieles mehr.","breadcrumb":{"@id":"https:\/\/ueberlebenskunst.at\/survivalshop\/shop\/boeker-plus-mini-tracker\/#breadcrumb"},"inLanguage":"de","potentialAction":[{"@type":"ReadAction","target":["https:\/\/ueberlebenskunst.at\/survivalshop\/shop\/boeker-plus-mini-tracker\/"]}]},{"@type":"ImageObject","inLanguage":"de","@id":"https:\/\/ueberlebenskunst.at\/survivalshop\/shop\/boeker-plus-mini-tracker\/#primaryimage","url":"https:\/\/ueberlebenskunst.at\/survivalshop\/wp-content\/uploads\/2020\/10\/AB02-02bo027_Bild1.jpg","contentUrl":"https:\/\/ueberlebenskunst.at\/survivalshop\/wp-content\/uploads\/2020\/10\/AB02-02bo027_Bild1.jpg","width":1280,"height":953},{"@type":"BreadcrumbList","@id":"https:\/\/ueberlebenskunst.at\/survivalshop\/shop\/boeker-plus-mini-tracker\/#breadcrumb","itemListElement":[{"@type":"ListItem","position":1,"name":"Startseite","item":"https:\/\/ueberlebenskunst.at\/survivalshop\/"},{"@type":"ListItem","position":2,"name":"Shop","item":"https:\/\/ueberlebenskunst.at\/survivalshop\/shop\/"},{"@type":"ListItem","position":3,"name":"B\u00f6ker Plus Mini Tracker"}]},{"@type":"WebSite","@id":"https:\/\/ueberlebenskunst.at\/survivalshop\/#website","url":"https:\/\/ueberlebenskunst.at\/survivalshop\/","name":"Reini Rossmann - Survival Shop","description":"Survival Shop f\u00fcr Survival, Bushcraft und Prepper","potentialAction":[{"@type":"SearchAction","target":{"@type":"EntryPoint","urlTemplate":"https:\/\/ueberlebenskunst.at\/survivalshop\/?s={search_term_string}"},"query-input":{"@type":"PropertyValueSpecification","valueRequired":true,"valueName":"search_term_string"}}],"inLanguage":"de"}]}},"_links":{"self":[{"href":"https:\/\/ueberlebenskunst.at\/survivalshop\/wp-json\/wp\/v2\/product\/18105","targetHints":{"allow":["GET"]}}],"collection":[{"href":"https:\/\/ueberlebenskunst.at\/survivalshop\/wp-json\/wp\/v2\/product"}],"about":[{"href":"https:\/\/ueberlebenskunst.at\/survivalshop\/wp-json\/wp\/v2\/types\/product"}],"replies":[{"embeddable":true,"href":"https:\/\/ueberlebenskunst.at\/survivalshop\/wp-json\/wp\/v2\/comments?post=18105"}],"wp:featuredmedia":[{"embeddable":true,"href":"https:\/\/ueberlebenskunst.at\/survivalshop\/wp-json\/wp\/v2\/media\/18111"}],"wp:attachment":[{"href":"https:\/\/ueberlebenskunst.at\/survivalshop\/wp-json\/wp\/v2\/media?parent=18105"}],"wp:term":[{"taxonomy":"product_brand","embeddable":true,"href":"https:\/\/ueberlebenskunst.at\/survivalshop\/wp-json\/wp\/v2\/product_brand?post=18105"},{"taxonomy":"product_cat","embeddable":true,"href":"https:\/\/ueberlebenskunst.at\/survivalshop\/wp-json\/wp\/v2\/product_cat?post=18105"},{"taxonomy":"product_tag","embeddable":true,"href":"https:\/\/ueberlebenskunst.at\/survivalshop\/wp-json\/wp\/v2\/product_tag?post=18105"}],"curies":[{"name":"wp","href":"https:\/\/api.w.org\/{rel}","templated":true}]}}