{"id":17931,"date":"2020-10-15T17:00:04","date_gmt":"2020-10-15T15:00:04","guid":{"rendered":"https:\/\/ueberlebenskunst.at\/survivalshop\/survivalshop\/?post_type=product&#038;p=17931"},"modified":"2026-04-13T11:51:49","modified_gmt":"2026-04-13T09:51:49","slug":"haltbarmachen-fuer-selbstversorger","status":"publish","type":"product","link":"https:\/\/ueberlebenskunst.at\/survivalshop\/shop\/haltbarmachen-fuer-selbstversorger\/","title":{"rendered":"Haltbarmachen f\u00fcr Selbstversorger"},"content":{"rendered":"<p>Mit dem Buch &#8220;Haltbarmachen&#8221; f\u00fcr Selbstversorger erh\u00e4ltst du 21 Techniken, um deine Ernte lange einlagern zu k\u00f6nnen. Vom bekannten Einkochen \u00fcber Einblitzen bis hin zur Milchs\u00e4ureverg\u00e4rung oder K\u00e4se mit Wachs \u00fcberziehen, ist alles dabei. Damit du deine Lebensmittel nicht wegschmei\u00dfen musst, weil sie kaputt gegangen sind, findest du auf \u00fcber 30 Seiten zus\u00e4tzlich notwendiges Wissen zur Lebensmittelhygiene und Desinfektion.<\/p>\n<p>Das Buch beinhaltet ebenso Tipps zur idealen Lagerung von Nahrungsmitteln, die in jedem Krisenvorrat Platz finden sollten. Zus\u00e4tzlich gibt es noch einige leckere und einfache Rezepte.<\/p>\n<p>Wie du nun an eine ertragreiche Ernte kommst, erf\u00e4hrst du im <a href=\"https:\/\/ueberlebenskunst.at\/survivalshop\/shop\/kartoffelanbau-fuer-selbstversorger\/\" target=\"_blank\" rel=\"noopener noreferrer\">Kartoffelanbau f\u00fcr Selbstversorger<\/a> und in der <a href=\"https:\/\/ueberlebenskunst.at\/survivalshop\/shop\/selbstversorger-pflanzenbibel\/\" target=\"_blank\" rel=\"noopener noreferrer\">Selbstversorger Pflanzenbibel.<\/a><\/p>\n<p>Auf 316 Seiten in gebundener Hardcover A5 Ausf\u00fchrung findet sich im Haltbarmachen f\u00fcr Selbstversorger alles zu:<\/p>\n<ul>\n<li>Lebensmittelhygiene<\/li>\n<li>Reinigung und Desinfektion<\/li>\n<li>21 Haltbar-Mach-Techniken im Detail<\/li>\n<li>Tipps zur Lagerung<\/li>\n<li>Verarbeitung Selbstversorger Pflanzen<\/li>\n<li>Rezepte<\/li>\n<li>\u00dcbersichtstabelle<\/li>\n<\/ul>\n<h3><strong>Kostenloser Download:<\/strong><\/h3>\n<p>Wenn du dir das Buch &#8220;Haltbarmachen f\u00fcr Selbstversorger&#8221; kaufst, erh\u00e4ltst du jedes neue Kapitel, das wir k\u00fcnftig hinzuf\u00fcgen, kostenlos zum Download zur Verf\u00fcgung gestellt. Lade dir jetzt schon die <a href=\"https:\/\/reinirossmann.com\/haltbarmachen_aktivkohle\/\" target=\"_blank\" rel=\"noopener\">Erweiterung zum Thema Aktivkohlefilter in der Wasseraufbereitung<\/a> kostenlos herunter.<\/p>\n<p><iframe hcb-fetch-image-from=\"https:\/\/youtu.be\/ZGlGbAAAOzM\" title=\"Alles \u00fcber Aktivkohle Filter | Survival Wasser aufbereiten\" width=\"640\" height=\"360\" src=\"https:\/\/www.youtube.com\/embed\/ZGlGbAAAOzM?feature=oembed\" frameborder=\"0\" allow=\"accelerometer; autoplay; clipboard-write; encrypted-media; gyroscope; picture-in-picture; web-share\" referrerpolicy=\"strict-origin-when-cross-origin\" allowfullscreen><\/iframe><\/p>\n<p>&nbsp;<\/p>\n","protected":false},"excerpt":{"rendered":"<p>Ernten \/ Haltbarmachen und sp\u00e4ter Essen.. so einfach kann es sein.<\/p>\n","protected":false},"featured_media":17934,"comment_status":"open","ping_status":"closed","template":"","meta":{"_acf_changed":false},"product_brand":[],"product_cat":[1866],"product_tag":[646,2526],"class_list":{"0":"post-17931","1":"product","2":"type-product","3":"status-publish","4":"has-post-thumbnail","6":"product_cat-prepper-buecher","7":"product_tag-krisen-selbstversorger","8":"product_tag-reinis-buecher","9":"pa_platform-druckbuch","10":"pa_platform-ebook","11":"pa_platform-video-online-fernlehrgang","13":"first","14":"instock","15":"taxable","16":"shipping-taxable","17":"purchasable","18":"product-type-variable","19":"has-default-attributes"},"acf":[],"yoast_head":"<!-- This site is optimized with the Yoast SEO plugin v27.1.1 - https:\/\/yoast.com\/product\/yoast-seo-wordpress\/ -->\n<title>Haltbarmachen f\u00fcr Selbstversorger mit neuen und bekannten 21 Techniken<\/title>\n<meta name=\"description\" content=\"Haltbarmachen f\u00fcr Selbstversorger ist das ideale Nachschlagewerk wenn es darum geht die Ernte so lange wie m\u00f6glich Haltbar zu machen\" \/>\n<meta name=\"robots\" content=\"index, follow, max-snippet:-1, max-image-preview:large, max-video-preview:-1\" \/>\n<link rel=\"canonical\" href=\"https:\/\/ueberlebenskunst.at\/survivalshop\/shop\/haltbarmachen-fuer-selbstversorger\/\" \/>\n<meta property=\"og:locale\" content=\"de_DE\" \/>\n<meta property=\"og:type\" content=\"article\" \/>\n<meta property=\"og:title\" content=\"Haltbarmachen f\u00fcr Selbstversorger mit neuen und bekannten 21 Techniken\" \/>\n<meta property=\"og:description\" content=\"Haltbarmachen f\u00fcr Selbstversorger ist das ideale Nachschlagewerk wenn es darum geht die Ernte so lange wie m\u00f6glich Haltbar zu machen\" \/>\n<meta property=\"og:url\" content=\"https:\/\/ueberlebenskunst.at\/survivalshop\/shop\/haltbarmachen-fuer-selbstversorger\/\" \/>\n<meta property=\"og:site_name\" content=\"Reini Rossmann - Survival Shop\" \/>\n<meta property=\"article:publisher\" content=\"https:\/\/www.facebook.com\/survival24.org\/\" \/>\n<meta property=\"article:modified_time\" content=\"2026-04-13T09:51:49+00:00\" \/>\n<meta property=\"og:image\" content=\"https:\/\/ueberlebenskunst.at\/survivalshop\/wp-content\/uploads\/2020\/10\/Haltbar-Machen-Book-Standing-WEB.png\" \/>\n\t<meta property=\"og:image:width\" content=\"750\" \/>\n\t<meta property=\"og:image:height\" content=\"500\" \/>\n\t<meta property=\"og:image:type\" content=\"image\/png\" \/>\n<meta name=\"twitter:card\" content=\"summary_large_image\" \/>\n<meta name=\"twitter:label1\" content=\"Gesch\u00e4tzte Lesezeit\" \/>\n\t<meta name=\"twitter:data1\" content=\"2\u00a0Minuten\" \/>\n<script type=\"application\/ld+json\" class=\"yoast-schema-graph\">{\"@context\":\"https:\/\/schema.org\",\"@graph\":[{\"@type\":\"WebPage\",\"@id\":\"https:\/\/ueberlebenskunst.at\/survivalshop\/shop\/haltbarmachen-fuer-selbstversorger\/\",\"url\":\"https:\/\/ueberlebenskunst.at\/survivalshop\/shop\/haltbarmachen-fuer-selbstversorger\/\",\"name\":\"Haltbarmachen f\u00fcr Selbstversorger mit neuen und bekannten 21 Techniken\",\"isPartOf\":{\"@id\":\"https:\/\/ueberlebenskunst.at\/survivalshop\/#website\"},\"primaryImageOfPage\":{\"@id\":\"https:\/\/ueberlebenskunst.at\/survivalshop\/shop\/haltbarmachen-fuer-selbstversorger\/#primaryimage\"},\"image\":{\"@id\":\"https:\/\/ueberlebenskunst.at\/survivalshop\/shop\/haltbarmachen-fuer-selbstversorger\/#primaryimage\"},\"thumbnailUrl\":\"https:\/\/ueberlebenskunst.at\/survivalshop\/wp-content\/uploads\/2020\/10\/Haltbar-Machen-Book-Standing-WEB.png\",\"datePublished\":\"2020-10-15T15:00:04+00:00\",\"dateModified\":\"2026-04-13T09:51:49+00:00\",\"description\":\"Haltbarmachen f\u00fcr Selbstversorger ist das ideale Nachschlagewerk wenn es darum geht die Ernte so lange wie m\u00f6glich Haltbar zu machen\",\"breadcrumb\":{\"@id\":\"https:\/\/ueberlebenskunst.at\/survivalshop\/shop\/haltbarmachen-fuer-selbstversorger\/#breadcrumb\"},\"inLanguage\":\"de\",\"potentialAction\":[{\"@type\":\"ReadAction\",\"target\":[\"https:\/\/ueberlebenskunst.at\/survivalshop\/shop\/haltbarmachen-fuer-selbstversorger\/\"]}]},{\"@type\":\"ImageObject\",\"inLanguage\":\"de\",\"@id\":\"https:\/\/ueberlebenskunst.at\/survivalshop\/shop\/haltbarmachen-fuer-selbstversorger\/#primaryimage\",\"url\":\"https:\/\/ueberlebenskunst.at\/survivalshop\/wp-content\/uploads\/2020\/10\/Haltbar-Machen-Book-Standing-WEB.png\",\"contentUrl\":\"https:\/\/ueberlebenskunst.at\/survivalshop\/wp-content\/uploads\/2020\/10\/Haltbar-Machen-Book-Standing-WEB.png\",\"width\":750,\"height\":500},{\"@type\":\"BreadcrumbList\",\"@id\":\"https:\/\/ueberlebenskunst.at\/survivalshop\/shop\/haltbarmachen-fuer-selbstversorger\/#breadcrumb\",\"itemListElement\":[{\"@type\":\"ListItem\",\"position\":1,\"name\":\"Startseite\",\"item\":\"https:\/\/ueberlebenskunst.at\/survivalshop\/\"},{\"@type\":\"ListItem\",\"position\":2,\"name\":\"Shop\",\"item\":\"https:\/\/ueberlebenskunst.at\/survivalshop\/shop\/\"},{\"@type\":\"ListItem\",\"position\":3,\"name\":\"Haltbarmachen f\u00fcr Selbstversorger\"}]},{\"@type\":\"WebSite\",\"@id\":\"https:\/\/ueberlebenskunst.at\/survivalshop\/#website\",\"url\":\"https:\/\/ueberlebenskunst.at\/survivalshop\/\",\"name\":\"Reini Rossmann - Survival Shop\",\"description\":\"Survival Shop f\u00fcr Survival, Bushcraft und Prepper\",\"potentialAction\":[{\"@type\":\"SearchAction\",\"target\":{\"@type\":\"EntryPoint\",\"urlTemplate\":\"https:\/\/ueberlebenskunst.at\/survivalshop\/?s={search_term_string}\"},\"query-input\":{\"@type\":\"PropertyValueSpecification\",\"valueRequired\":true,\"valueName\":\"search_term_string\"}}],\"inLanguage\":\"de\"}]}<\/script>\n<!-- \/ Yoast SEO plugin. -->","yoast_head_json":{"title":"Haltbarmachen f\u00fcr Selbstversorger mit neuen und bekannten 21 Techniken","description":"Haltbarmachen f\u00fcr Selbstversorger ist das ideale Nachschlagewerk wenn es darum geht die Ernte so lange wie m\u00f6glich Haltbar zu machen","robots":{"index":"index","follow":"follow","max-snippet":"max-snippet:-1","max-image-preview":"max-image-preview:large","max-video-preview":"max-video-preview:-1"},"canonical":"https:\/\/ueberlebenskunst.at\/survivalshop\/shop\/haltbarmachen-fuer-selbstversorger\/","og_locale":"de_DE","og_type":"article","og_title":"Haltbarmachen f\u00fcr Selbstversorger mit neuen und bekannten 21 Techniken","og_description":"Haltbarmachen f\u00fcr Selbstversorger ist das ideale Nachschlagewerk wenn es darum geht die Ernte so lange wie m\u00f6glich Haltbar zu machen","og_url":"https:\/\/ueberlebenskunst.at\/survivalshop\/shop\/haltbarmachen-fuer-selbstversorger\/","og_site_name":"Reini Rossmann - Survival Shop","article_publisher":"https:\/\/www.facebook.com\/survival24.org\/","article_modified_time":"2026-04-13T09:51:49+00:00","og_image":[{"width":750,"height":500,"url":"https:\/\/ueberlebenskunst.at\/survivalshop\/wp-content\/uploads\/2020\/10\/Haltbar-Machen-Book-Standing-WEB.png","type":"image\/png"}],"twitter_card":"summary_large_image","twitter_misc":{"Gesch\u00e4tzte Lesezeit":"2\u00a0Minuten"},"schema":{"@context":"https:\/\/schema.org","@graph":[{"@type":"WebPage","@id":"https:\/\/ueberlebenskunst.at\/survivalshop\/shop\/haltbarmachen-fuer-selbstversorger\/","url":"https:\/\/ueberlebenskunst.at\/survivalshop\/shop\/haltbarmachen-fuer-selbstversorger\/","name":"Haltbarmachen f\u00fcr Selbstversorger mit neuen und bekannten 21 Techniken","isPartOf":{"@id":"https:\/\/ueberlebenskunst.at\/survivalshop\/#website"},"primaryImageOfPage":{"@id":"https:\/\/ueberlebenskunst.at\/survivalshop\/shop\/haltbarmachen-fuer-selbstversorger\/#primaryimage"},"image":{"@id":"https:\/\/ueberlebenskunst.at\/survivalshop\/shop\/haltbarmachen-fuer-selbstversorger\/#primaryimage"},"thumbnailUrl":"https:\/\/ueberlebenskunst.at\/survivalshop\/wp-content\/uploads\/2020\/10\/Haltbar-Machen-Book-Standing-WEB.png","datePublished":"2020-10-15T15:00:04+00:00","dateModified":"2026-04-13T09:51:49+00:00","description":"Haltbarmachen f\u00fcr Selbstversorger ist das ideale Nachschlagewerk wenn es darum geht die Ernte so lange wie m\u00f6glich Haltbar zu machen","breadcrumb":{"@id":"https:\/\/ueberlebenskunst.at\/survivalshop\/shop\/haltbarmachen-fuer-selbstversorger\/#breadcrumb"},"inLanguage":"de","potentialAction":[{"@type":"ReadAction","target":["https:\/\/ueberlebenskunst.at\/survivalshop\/shop\/haltbarmachen-fuer-selbstversorger\/"]}]},{"@type":"ImageObject","inLanguage":"de","@id":"https:\/\/ueberlebenskunst.at\/survivalshop\/shop\/haltbarmachen-fuer-selbstversorger\/#primaryimage","url":"https:\/\/ueberlebenskunst.at\/survivalshop\/wp-content\/uploads\/2020\/10\/Haltbar-Machen-Book-Standing-WEB.png","contentUrl":"https:\/\/ueberlebenskunst.at\/survivalshop\/wp-content\/uploads\/2020\/10\/Haltbar-Machen-Book-Standing-WEB.png","width":750,"height":500},{"@type":"BreadcrumbList","@id":"https:\/\/ueberlebenskunst.at\/survivalshop\/shop\/haltbarmachen-fuer-selbstversorger\/#breadcrumb","itemListElement":[{"@type":"ListItem","position":1,"name":"Startseite","item":"https:\/\/ueberlebenskunst.at\/survivalshop\/"},{"@type":"ListItem","position":2,"name":"Shop","item":"https:\/\/ueberlebenskunst.at\/survivalshop\/shop\/"},{"@type":"ListItem","position":3,"name":"Haltbarmachen f\u00fcr Selbstversorger"}]},{"@type":"WebSite","@id":"https:\/\/ueberlebenskunst.at\/survivalshop\/#website","url":"https:\/\/ueberlebenskunst.at\/survivalshop\/","name":"Reini Rossmann - Survival Shop","description":"Survival Shop f\u00fcr Survival, Bushcraft und Prepper","potentialAction":[{"@type":"SearchAction","target":{"@type":"EntryPoint","urlTemplate":"https:\/\/ueberlebenskunst.at\/survivalshop\/?s={search_term_string}"},"query-input":{"@type":"PropertyValueSpecification","valueRequired":true,"valueName":"search_term_string"}}],"inLanguage":"de"}]}},"_links":{"self":[{"href":"https:\/\/ueberlebenskunst.at\/survivalshop\/wp-json\/wp\/v2\/product\/17931","targetHints":{"allow":["GET"]}}],"collection":[{"href":"https:\/\/ueberlebenskunst.at\/survivalshop\/wp-json\/wp\/v2\/product"}],"about":[{"href":"https:\/\/ueberlebenskunst.at\/survivalshop\/wp-json\/wp\/v2\/types\/product"}],"replies":[{"embeddable":true,"href":"https:\/\/ueberlebenskunst.at\/survivalshop\/wp-json\/wp\/v2\/comments?post=17931"}],"wp:featuredmedia":[{"embeddable":true,"href":"https:\/\/ueberlebenskunst.at\/survivalshop\/wp-json\/wp\/v2\/media\/17934"}],"wp:attachment":[{"href":"https:\/\/ueberlebenskunst.at\/survivalshop\/wp-json\/wp\/v2\/media?parent=17931"}],"wp:term":[{"taxonomy":"product_brand","embeddable":true,"href":"https:\/\/ueberlebenskunst.at\/survivalshop\/wp-json\/wp\/v2\/product_brand?post=17931"},{"taxonomy":"product_cat","embeddable":true,"href":"https:\/\/ueberlebenskunst.at\/survivalshop\/wp-json\/wp\/v2\/product_cat?post=17931"},{"taxonomy":"product_tag","embeddable":true,"href":"https:\/\/ueberlebenskunst.at\/survivalshop\/wp-json\/wp\/v2\/product_tag?post=17931"}],"curies":[{"name":"wp","href":"https:\/\/api.w.org\/{rel}","templated":true}]}}