{"id":17917,"date":"2020-10-15T14:37:19","date_gmt":"2020-10-15T12:37:19","guid":{"rendered":"https:\/\/ueberlebenskunst.at\/survivalshop\/survivalshop\/?post_type=product&#038;p=17917"},"modified":"2026-03-03T09:39:03","modified_gmt":"2026-03-03T08:39:03","slug":"alles-ueber-leder-bearbeitung","status":"publish","type":"product","link":"https:\/\/ueberlebenskunst.at\/survivalshop\/shop\/alles-ueber-leder-bearbeitung\/","title":{"rendered":"Alles \u00fcber Leder-Bearbeitung"},"content":{"rendered":"<p>Erweitere deine Kernkompetenzen und lerne auf 98 Seiten alles Wichtige \u00fcber die Leder-Bearbeitung. Die Verarbeitung von Leder ist nicht nur ein nettes Hobby zum Ausgleich, mit dem du jederzeit nette Geschenke selber herstellen kannst. Nutze das Wissen vor allem f\u00fcr den praktischen Einsatz und f\u00fchre einfache Reparaturen z. B. an Schuhen und Kleidung selbstst\u00e4ndig durch bzw. gewinne Erfahrung, wie du im Notfall aus Leder und bedingt auch aus Kunstleder, das sonst vielleicht weggeschmissen wird, praktische Gebrauchsgegenst\u00e4nde selbst herstellen kannst.<\/p>\n<p>Hardcover &#8211; gebunden mit 128 Seiten &#8211; vielen Farbfotos &#8211; gedruckt in \u00d6sterreich.<\/p>\n<p><strong>Inhalt:<\/strong><\/p>\n<ul>\n<li>Was ist Leder<\/li>\n<li>Geschichtliche Entwicklung<\/li>\n<li>Leder Herstellung<\/li>\n<li>Aufteilung der Lederhaut<\/li>\n<li>Welches Leder brauchen wir f\u00fcrs Punzieren<\/li>\n<li>Was ist Punzieren \u00fcberhaupt?<\/li>\n<li>Werkzeuge und n\u00fctzliche Materialien<\/li>\n<li>F\u00e4rben von Leder<\/li>\n<li>N\u00e4hen von Leder<\/li>\n<li>5 Projekte mit Schrittanleitung<\/li>\n<\/ul>\n<p>&nbsp;<\/p>\n<p><strong>Projekt Messerscheide:<\/strong><\/p>\n<p><a href=\"https:\/\/ueberlebenskunst.at\/survivalshop\/survivalshop\/wp-content\/uploads\/2020\/10\/Projekt_Messerscheide.jpg\"><img decoding=\"async\" class=\"alignnone size-medium wp-image-19270\" src=\"https:\/\/ueberlebenskunst.at\/survivalshop\/survivalshop\/wp-content\/uploads\/2020\/10\/Projekt_Messerscheide-300x191.jpg\" alt=\"\" width=\"300\" height=\"191\" srcset=\"https:\/\/ueberlebenskunst.at\/survivalshop\/wp-content\/uploads\/2020\/10\/Projekt_Messerscheide-300x191.jpg 300w, https:\/\/ueberlebenskunst.at\/survivalshop\/wp-content\/uploads\/2020\/10\/Projekt_Messerscheide.jpg 505w\" sizes=\"(max-width: 300px) 100vw, 300px\" \/><\/a><\/p>\n<p>&nbsp;<\/p>\n","protected":false},"excerpt":{"rendered":"<p>Reparieren oder neues Erstellen.. Was auch immer anf\u00e4llt<\/p>\n","protected":false},"featured_media":18934,"comment_status":"open","ping_status":"closed","template":"","meta":{"_acf_changed":false},"product_brand":[],"product_cat":[1865],"product_tag":[745,646,2526],"class_list":{"0":"post-17917","1":"product","2":"type-product","3":"status-publish","4":"has-post-thumbnail","6":"product_cat-survival-buecher","7":"product_tag-alles-ueber","8":"product_tag-krisen-selbstversorger","9":"product_tag-reinis-buecher","10":"pa_platform-druckbuch","11":"pa_platform-ebook","12":"pa_platform-video-online-fernlehrgang","14":"first","15":"instock","16":"taxable","17":"shipping-taxable","18":"purchasable","19":"product-type-variable","20":"has-default-attributes"},"acf":[],"yoast_head":"<!-- This site is optimized with the Yoast SEO plugin v27.1.1 - https:\/\/yoast.com\/product\/yoast-seo-wordpress\/ -->\n<title>Alles \u00fcber Leder-Bearbeitung von der Lederherstellung zum fertigen Projekt<\/title>\n<meta name=\"description\" content=\"Erweitere deine F\u00e4higkeiten und lerne wie du Leder bearbeitest, f\u00e4rbst und vern\u00e4hst. Inklusive 5 Projekten mit Schrittanleitung\" \/>\n<meta name=\"robots\" content=\"index, follow, max-snippet:-1, max-image-preview:large, max-video-preview:-1\" \/>\n<link rel=\"canonical\" href=\"https:\/\/ueberlebenskunst.at\/survivalshop\/shop\/alles-ueber-leder-bearbeitung\/\" \/>\n<meta property=\"og:locale\" content=\"de_DE\" \/>\n<meta property=\"og:type\" content=\"article\" \/>\n<meta property=\"og:title\" content=\"Alles \u00fcber Leder-Bearbeitung von der Lederherstellung zum fertigen Projekt\" \/>\n<meta property=\"og:description\" content=\"Erweitere deine F\u00e4higkeiten und lerne wie du Leder bearbeitest, f\u00e4rbst und vern\u00e4hst. Inklusive 5 Projekten mit Schrittanleitung\" \/>\n<meta property=\"og:url\" content=\"https:\/\/ueberlebenskunst.at\/survivalshop\/shop\/alles-ueber-leder-bearbeitung\/\" \/>\n<meta property=\"og:site_name\" content=\"Reini Rossmann - Survival Shop\" \/>\n<meta property=\"article:publisher\" content=\"https:\/\/www.facebook.com\/survival24.org\/\" \/>\n<meta property=\"article:modified_time\" content=\"2026-03-03T08:39:03+00:00\" \/>\n<meta property=\"og:image\" content=\"https:\/\/ueberlebenskunst.at\/survivalshop\/wp-content\/uploads\/2020\/10\/Landscape-book-WEB.png\" \/>\n\t<meta property=\"og:image:width\" content=\"1000\" \/>\n\t<meta property=\"og:image:height\" content=\"667\" \/>\n\t<meta property=\"og:image:type\" content=\"image\/png\" \/>\n<meta name=\"twitter:card\" content=\"summary_large_image\" \/>\n<meta name=\"twitter:label1\" content=\"Gesch\u00e4tzte Lesezeit\" \/>\n\t<meta name=\"twitter:data1\" content=\"2\u00a0Minuten\" \/>\n<script type=\"application\/ld+json\" class=\"yoast-schema-graph\">{\"@context\":\"https:\/\/schema.org\",\"@graph\":[{\"@type\":\"WebPage\",\"@id\":\"https:\/\/ueberlebenskunst.at\/survivalshop\/shop\/alles-ueber-leder-bearbeitung\/\",\"url\":\"https:\/\/ueberlebenskunst.at\/survivalshop\/shop\/alles-ueber-leder-bearbeitung\/\",\"name\":\"Alles \u00fcber Leder-Bearbeitung von der Lederherstellung zum fertigen Projekt\",\"isPartOf\":{\"@id\":\"https:\/\/ueberlebenskunst.at\/survivalshop\/#website\"},\"primaryImageOfPage\":{\"@id\":\"https:\/\/ueberlebenskunst.at\/survivalshop\/shop\/alles-ueber-leder-bearbeitung\/#primaryimage\"},\"image\":{\"@id\":\"https:\/\/ueberlebenskunst.at\/survivalshop\/shop\/alles-ueber-leder-bearbeitung\/#primaryimage\"},\"thumbnailUrl\":\"https:\/\/ueberlebenskunst.at\/survivalshop\/wp-content\/uploads\/2020\/10\/Landscape-book-WEB.png\",\"datePublished\":\"2020-10-15T12:37:19+00:00\",\"dateModified\":\"2026-03-03T08:39:03+00:00\",\"description\":\"Erweitere deine F\u00e4higkeiten und lerne wie du Leder bearbeitest, f\u00e4rbst und vern\u00e4hst. Inklusive 5 Projekten mit Schrittanleitung\",\"breadcrumb\":{\"@id\":\"https:\/\/ueberlebenskunst.at\/survivalshop\/shop\/alles-ueber-leder-bearbeitung\/#breadcrumb\"},\"inLanguage\":\"de\",\"potentialAction\":[{\"@type\":\"ReadAction\",\"target\":[\"https:\/\/ueberlebenskunst.at\/survivalshop\/shop\/alles-ueber-leder-bearbeitung\/\"]}]},{\"@type\":\"ImageObject\",\"inLanguage\":\"de\",\"@id\":\"https:\/\/ueberlebenskunst.at\/survivalshop\/shop\/alles-ueber-leder-bearbeitung\/#primaryimage\",\"url\":\"https:\/\/ueberlebenskunst.at\/survivalshop\/wp-content\/uploads\/2020\/10\/Landscape-book-WEB.png\",\"contentUrl\":\"https:\/\/ueberlebenskunst.at\/survivalshop\/wp-content\/uploads\/2020\/10\/Landscape-book-WEB.png\",\"width\":1000,\"height\":667},{\"@type\":\"BreadcrumbList\",\"@id\":\"https:\/\/ueberlebenskunst.at\/survivalshop\/shop\/alles-ueber-leder-bearbeitung\/#breadcrumb\",\"itemListElement\":[{\"@type\":\"ListItem\",\"position\":1,\"name\":\"Startseite\",\"item\":\"https:\/\/ueberlebenskunst.at\/survivalshop\/\"},{\"@type\":\"ListItem\",\"position\":2,\"name\":\"Shop\",\"item\":\"https:\/\/ueberlebenskunst.at\/survivalshop\/shop\/\"},{\"@type\":\"ListItem\",\"position\":3,\"name\":\"Alles \u00fcber Leder-Bearbeitung\"}]},{\"@type\":\"WebSite\",\"@id\":\"https:\/\/ueberlebenskunst.at\/survivalshop\/#website\",\"url\":\"https:\/\/ueberlebenskunst.at\/survivalshop\/\",\"name\":\"Reini Rossmann - Survival Shop\",\"description\":\"Survival Shop f\u00fcr Survival, Bushcraft und Prepper\",\"potentialAction\":[{\"@type\":\"SearchAction\",\"target\":{\"@type\":\"EntryPoint\",\"urlTemplate\":\"https:\/\/ueberlebenskunst.at\/survivalshop\/?s={search_term_string}\"},\"query-input\":{\"@type\":\"PropertyValueSpecification\",\"valueRequired\":true,\"valueName\":\"search_term_string\"}}],\"inLanguage\":\"de\"}]}<\/script>\n<!-- \/ Yoast SEO plugin. -->","yoast_head_json":{"title":"Alles \u00fcber Leder-Bearbeitung von der Lederherstellung zum fertigen Projekt","description":"Erweitere deine F\u00e4higkeiten und lerne wie du Leder bearbeitest, f\u00e4rbst und vern\u00e4hst. Inklusive 5 Projekten mit Schrittanleitung","robots":{"index":"index","follow":"follow","max-snippet":"max-snippet:-1","max-image-preview":"max-image-preview:large","max-video-preview":"max-video-preview:-1"},"canonical":"https:\/\/ueberlebenskunst.at\/survivalshop\/shop\/alles-ueber-leder-bearbeitung\/","og_locale":"de_DE","og_type":"article","og_title":"Alles \u00fcber Leder-Bearbeitung von der Lederherstellung zum fertigen Projekt","og_description":"Erweitere deine F\u00e4higkeiten und lerne wie du Leder bearbeitest, f\u00e4rbst und vern\u00e4hst. Inklusive 5 Projekten mit Schrittanleitung","og_url":"https:\/\/ueberlebenskunst.at\/survivalshop\/shop\/alles-ueber-leder-bearbeitung\/","og_site_name":"Reini Rossmann - Survival Shop","article_publisher":"https:\/\/www.facebook.com\/survival24.org\/","article_modified_time":"2026-03-03T08:39:03+00:00","og_image":[{"width":1000,"height":667,"url":"https:\/\/ueberlebenskunst.at\/survivalshop\/wp-content\/uploads\/2020\/10\/Landscape-book-WEB.png","type":"image\/png"}],"twitter_card":"summary_large_image","twitter_misc":{"Gesch\u00e4tzte Lesezeit":"2\u00a0Minuten"},"schema":{"@context":"https:\/\/schema.org","@graph":[{"@type":"WebPage","@id":"https:\/\/ueberlebenskunst.at\/survivalshop\/shop\/alles-ueber-leder-bearbeitung\/","url":"https:\/\/ueberlebenskunst.at\/survivalshop\/shop\/alles-ueber-leder-bearbeitung\/","name":"Alles \u00fcber Leder-Bearbeitung von der Lederherstellung zum fertigen Projekt","isPartOf":{"@id":"https:\/\/ueberlebenskunst.at\/survivalshop\/#website"},"primaryImageOfPage":{"@id":"https:\/\/ueberlebenskunst.at\/survivalshop\/shop\/alles-ueber-leder-bearbeitung\/#primaryimage"},"image":{"@id":"https:\/\/ueberlebenskunst.at\/survivalshop\/shop\/alles-ueber-leder-bearbeitung\/#primaryimage"},"thumbnailUrl":"https:\/\/ueberlebenskunst.at\/survivalshop\/wp-content\/uploads\/2020\/10\/Landscape-book-WEB.png","datePublished":"2020-10-15T12:37:19+00:00","dateModified":"2026-03-03T08:39:03+00:00","description":"Erweitere deine F\u00e4higkeiten und lerne wie du Leder bearbeitest, f\u00e4rbst und vern\u00e4hst. Inklusive 5 Projekten mit Schrittanleitung","breadcrumb":{"@id":"https:\/\/ueberlebenskunst.at\/survivalshop\/shop\/alles-ueber-leder-bearbeitung\/#breadcrumb"},"inLanguage":"de","potentialAction":[{"@type":"ReadAction","target":["https:\/\/ueberlebenskunst.at\/survivalshop\/shop\/alles-ueber-leder-bearbeitung\/"]}]},{"@type":"ImageObject","inLanguage":"de","@id":"https:\/\/ueberlebenskunst.at\/survivalshop\/shop\/alles-ueber-leder-bearbeitung\/#primaryimage","url":"https:\/\/ueberlebenskunst.at\/survivalshop\/wp-content\/uploads\/2020\/10\/Landscape-book-WEB.png","contentUrl":"https:\/\/ueberlebenskunst.at\/survivalshop\/wp-content\/uploads\/2020\/10\/Landscape-book-WEB.png","width":1000,"height":667},{"@type":"BreadcrumbList","@id":"https:\/\/ueberlebenskunst.at\/survivalshop\/shop\/alles-ueber-leder-bearbeitung\/#breadcrumb","itemListElement":[{"@type":"ListItem","position":1,"name":"Startseite","item":"https:\/\/ueberlebenskunst.at\/survivalshop\/"},{"@type":"ListItem","position":2,"name":"Shop","item":"https:\/\/ueberlebenskunst.at\/survivalshop\/shop\/"},{"@type":"ListItem","position":3,"name":"Alles \u00fcber Leder-Bearbeitung"}]},{"@type":"WebSite","@id":"https:\/\/ueberlebenskunst.at\/survivalshop\/#website","url":"https:\/\/ueberlebenskunst.at\/survivalshop\/","name":"Reini Rossmann - Survival Shop","description":"Survival Shop f\u00fcr Survival, Bushcraft und Prepper","potentialAction":[{"@type":"SearchAction","target":{"@type":"EntryPoint","urlTemplate":"https:\/\/ueberlebenskunst.at\/survivalshop\/?s={search_term_string}"},"query-input":{"@type":"PropertyValueSpecification","valueRequired":true,"valueName":"search_term_string"}}],"inLanguage":"de"}]}},"_links":{"self":[{"href":"https:\/\/ueberlebenskunst.at\/survivalshop\/wp-json\/wp\/v2\/product\/17917","targetHints":{"allow":["GET"]}}],"collection":[{"href":"https:\/\/ueberlebenskunst.at\/survivalshop\/wp-json\/wp\/v2\/product"}],"about":[{"href":"https:\/\/ueberlebenskunst.at\/survivalshop\/wp-json\/wp\/v2\/types\/product"}],"replies":[{"embeddable":true,"href":"https:\/\/ueberlebenskunst.at\/survivalshop\/wp-json\/wp\/v2\/comments?post=17917"}],"wp:featuredmedia":[{"embeddable":true,"href":"https:\/\/ueberlebenskunst.at\/survivalshop\/wp-json\/wp\/v2\/media\/18934"}],"wp:attachment":[{"href":"https:\/\/ueberlebenskunst.at\/survivalshop\/wp-json\/wp\/v2\/media?parent=17917"}],"wp:term":[{"taxonomy":"product_brand","embeddable":true,"href":"https:\/\/ueberlebenskunst.at\/survivalshop\/wp-json\/wp\/v2\/product_brand?post=17917"},{"taxonomy":"product_cat","embeddable":true,"href":"https:\/\/ueberlebenskunst.at\/survivalshop\/wp-json\/wp\/v2\/product_cat?post=17917"},{"taxonomy":"product_tag","embeddable":true,"href":"https:\/\/ueberlebenskunst.at\/survivalshop\/wp-json\/wp\/v2\/product_tag?post=17917"}],"curies":[{"name":"wp","href":"https:\/\/api.w.org\/{rel}","templated":true}]}}