{"id":179064,"date":"2024-12-05T07:19:34","date_gmt":"2024-12-05T06:19:34","guid":{"rendered":"https:\/\/ueberlebenskunst.at\/survivalshop\/?post_type=product&#038;p=179064"},"modified":"2026-04-27T07:21:45","modified_gmt":"2026-04-27T05:21:45","slug":"m10-leerschuss-adapter-fuer-wechselmagazin","status":"publish","type":"product","link":"https:\/\/ueberlebenskunst.at\/survivalshop\/shop\/m10-leerschuss-adapter-fuer-wechselmagazin\/","title":{"rendered":"M10 Leerschuss Adapter f\u00fcr Wechselmagazin"},"content":{"rendered":"<p>Der Leerschuss Adapter f\u00fcr das Steambow M10 Wechselmagazin ist nun endlich verf\u00fcgbar!<\/p>\n<p>Dieser Adapter kann ohne Umbauten am Magazin durchf\u00fchren zu m\u00fcssen von jedem einfach installiert werden. Dieses Nachr\u00fcstteil aus dem Hause Steambow wurde in Italien hergestellt und so konzipiert, dass es einfach wie ein Pfeil in das Magazin eingesetzt werden kann.<\/p>\n<p>Und das Beste: du verlierst damit keine Kapazit\u00e4t. Was bedeutet das? Du kannst trotzdem 10 Bolzen in das Steambow M10 Wechselmagazin laden, auch, wenn du den Leerschuss Adapter installiert hast.<\/p>\n<p>Bitte beachte, dass im Lieferumfang nur 1 Leerschuss Adapter enthalten ist und in den Abbildungen und Produktbildern Magazine nur als Symbolbilder angedacht sind.<\/p>\n<p>Gewicht: 12 Gramm<\/p>\n<p>&nbsp;<\/p>\n","protected":false},"excerpt":{"rendered":"<p>Der Leerschuss Adapter f\u00fcr das Steambow M10 Wechselmagazin ist nun endlich verf\u00fcgbar! Dieser Adapter kann ohne Umbauten am Magazin durchf\u00fchren zu m\u00fcssen von jedem einfach installiert werden. Dieses Nachr\u00fcstteil aus dem Hause Steambow wurde in Italien hergestellt und so konzipiert, dass es einfach wie ein Pfeil in das Magazin eingesetzt werden kann. Und das Beste: [&hellip;]<\/p>\n","protected":false},"featured_media":187771,"comment_status":"open","ping_status":"closed","template":"","meta":{"_acf_changed":false},"product_brand":[],"product_cat":[1893],"product_tag":[2196,975],"class_list":{"0":"post-179064","1":"product","2":"type-product","3":"status-publish","4":"has-post-thumbnail","6":"product_cat-steambow-stinger-bogensport-pfeil-kugel","7":"product_tag-m10","8":"product_tag-stinger-2-zubehoer","10":"first","11":"instock","12":"taxable","13":"shipping-taxable","14":"purchasable","15":"product-type-simple"},"acf":[],"yoast_head":"<!-- This site is optimized with the Yoast SEO plugin v27.1.1 - https:\/\/yoast.com\/product\/yoast-seo-wordpress\/ -->\n<title>M10 Leerschuss Adapter f\u00fcr Wechselmagazin - Reini Rossmann - Survival Shop<\/title>\n<meta name=\"robots\" content=\"index, follow, max-snippet:-1, max-image-preview:large, max-video-preview:-1\" \/>\n<link rel=\"canonical\" href=\"https:\/\/ueberlebenskunst.at\/survivalshop\/shop\/m10-leerschuss-adapter-fuer-wechselmagazin\/\" \/>\n<meta property=\"og:locale\" content=\"de_DE\" \/>\n<meta property=\"og:type\" content=\"article\" \/>\n<meta property=\"og:title\" content=\"M10 Leerschuss Adapter f\u00fcr Wechselmagazin - Reini Rossmann - Survival Shop\" \/>\n<meta property=\"og:description\" content=\"Der Leerschuss Adapter f\u00fcr das Steambow M10 Wechselmagazin ist nun endlich verf\u00fcgbar! Dieser Adapter kann ohne Umbauten am Magazin durchf\u00fchren zu m\u00fcssen von jedem einfach installiert werden. Dieses Nachr\u00fcstteil aus dem Hause Steambow wurde in Italien hergestellt und so konzipiert, dass es einfach wie ein Pfeil in das Magazin eingesetzt werden kann. Und das Beste: [&hellip;]\" \/>\n<meta property=\"og:url\" content=\"https:\/\/ueberlebenskunst.at\/survivalshop\/shop\/m10-leerschuss-adapter-fuer-wechselmagazin\/\" \/>\n<meta property=\"og:site_name\" content=\"Reini Rossmann - Survival Shop\" \/>\n<meta property=\"article:publisher\" content=\"https:\/\/www.facebook.com\/survival24.org\/\" \/>\n<meta property=\"article:modified_time\" content=\"2026-04-27T05:21:45+00:00\" \/>\n<meta property=\"og:image\" content=\"https:\/\/ueberlebenskunst.at\/survivalshop\/wp-content\/uploads\/2024\/12\/Leerschussadapter.jpg\" \/>\n\t<meta property=\"og:image:width\" content=\"400\" \/>\n\t<meta property=\"og:image:height\" content=\"400\" \/>\n\t<meta property=\"og:image:type\" content=\"image\/jpeg\" \/>\n<meta name=\"twitter:card\" content=\"summary_large_image\" \/>\n<meta name=\"twitter:label1\" content=\"Gesch\u00e4tzte Lesezeit\" \/>\n\t<meta name=\"twitter:data1\" content=\"1\u00a0Minute\" \/>\n<script type=\"application\/ld+json\" class=\"yoast-schema-graph\">{\"@context\":\"https:\/\/schema.org\",\"@graph\":[{\"@type\":\"WebPage\",\"@id\":\"https:\/\/ueberlebenskunst.at\/survivalshop\/shop\/m10-leerschuss-adapter-fuer-wechselmagazin\/\",\"url\":\"https:\/\/ueberlebenskunst.at\/survivalshop\/shop\/m10-leerschuss-adapter-fuer-wechselmagazin\/\",\"name\":\"M10 Leerschuss Adapter f\u00fcr Wechselmagazin - Reini Rossmann - Survival Shop\",\"isPartOf\":{\"@id\":\"https:\/\/ueberlebenskunst.at\/survivalshop\/#website\"},\"primaryImageOfPage\":{\"@id\":\"https:\/\/ueberlebenskunst.at\/survivalshop\/shop\/m10-leerschuss-adapter-fuer-wechselmagazin\/#primaryimage\"},\"image\":{\"@id\":\"https:\/\/ueberlebenskunst.at\/survivalshop\/shop\/m10-leerschuss-adapter-fuer-wechselmagazin\/#primaryimage\"},\"thumbnailUrl\":\"https:\/\/ueberlebenskunst.at\/survivalshop\/wp-content\/uploads\/2024\/12\/Leerschussadapter.jpg\",\"datePublished\":\"2024-12-05T06:19:34+00:00\",\"dateModified\":\"2026-04-27T05:21:45+00:00\",\"breadcrumb\":{\"@id\":\"https:\/\/ueberlebenskunst.at\/survivalshop\/shop\/m10-leerschuss-adapter-fuer-wechselmagazin\/#breadcrumb\"},\"inLanguage\":\"de\",\"potentialAction\":[{\"@type\":\"ReadAction\",\"target\":[\"https:\/\/ueberlebenskunst.at\/survivalshop\/shop\/m10-leerschuss-adapter-fuer-wechselmagazin\/\"]}]},{\"@type\":\"ImageObject\",\"inLanguage\":\"de\",\"@id\":\"https:\/\/ueberlebenskunst.at\/survivalshop\/shop\/m10-leerschuss-adapter-fuer-wechselmagazin\/#primaryimage\",\"url\":\"https:\/\/ueberlebenskunst.at\/survivalshop\/wp-content\/uploads\/2024\/12\/Leerschussadapter.jpg\",\"contentUrl\":\"https:\/\/ueberlebenskunst.at\/survivalshop\/wp-content\/uploads\/2024\/12\/Leerschussadapter.jpg\",\"width\":400,\"height\":400},{\"@type\":\"BreadcrumbList\",\"@id\":\"https:\/\/ueberlebenskunst.at\/survivalshop\/shop\/m10-leerschuss-adapter-fuer-wechselmagazin\/#breadcrumb\",\"itemListElement\":[{\"@type\":\"ListItem\",\"position\":1,\"name\":\"Startseite\",\"item\":\"https:\/\/ueberlebenskunst.at\/survivalshop\/\"},{\"@type\":\"ListItem\",\"position\":2,\"name\":\"Shop\",\"item\":\"https:\/\/ueberlebenskunst.at\/survivalshop\/shop\/\"},{\"@type\":\"ListItem\",\"position\":3,\"name\":\"M10 Leerschuss Adapter f\u00fcr Wechselmagazin\"}]},{\"@type\":\"WebSite\",\"@id\":\"https:\/\/ueberlebenskunst.at\/survivalshop\/#website\",\"url\":\"https:\/\/ueberlebenskunst.at\/survivalshop\/\",\"name\":\"Reini Rossmann - Survival Shop\",\"description\":\"Survival Shop f\u00fcr Survival, Bushcraft und Prepper\",\"potentialAction\":[{\"@type\":\"SearchAction\",\"target\":{\"@type\":\"EntryPoint\",\"urlTemplate\":\"https:\/\/ueberlebenskunst.at\/survivalshop\/?s={search_term_string}\"},\"query-input\":{\"@type\":\"PropertyValueSpecification\",\"valueRequired\":true,\"valueName\":\"search_term_string\"}}],\"inLanguage\":\"de\"}]}<\/script>\n<!-- \/ Yoast SEO plugin. -->","yoast_head_json":{"title":"M10 Leerschuss Adapter f\u00fcr Wechselmagazin - Reini Rossmann - Survival Shop","robots":{"index":"index","follow":"follow","max-snippet":"max-snippet:-1","max-image-preview":"max-image-preview:large","max-video-preview":"max-video-preview:-1"},"canonical":"https:\/\/ueberlebenskunst.at\/survivalshop\/shop\/m10-leerschuss-adapter-fuer-wechselmagazin\/","og_locale":"de_DE","og_type":"article","og_title":"M10 Leerschuss Adapter f\u00fcr Wechselmagazin - Reini Rossmann - Survival Shop","og_description":"Der Leerschuss Adapter f\u00fcr das Steambow M10 Wechselmagazin ist nun endlich verf\u00fcgbar! Dieser Adapter kann ohne Umbauten am Magazin durchf\u00fchren zu m\u00fcssen von jedem einfach installiert werden. Dieses Nachr\u00fcstteil aus dem Hause Steambow wurde in Italien hergestellt und so konzipiert, dass es einfach wie ein Pfeil in das Magazin eingesetzt werden kann. Und das Beste: [&hellip;]","og_url":"https:\/\/ueberlebenskunst.at\/survivalshop\/shop\/m10-leerschuss-adapter-fuer-wechselmagazin\/","og_site_name":"Reini Rossmann - Survival Shop","article_publisher":"https:\/\/www.facebook.com\/survival24.org\/","article_modified_time":"2026-04-27T05:21:45+00:00","og_image":[{"width":400,"height":400,"url":"https:\/\/ueberlebenskunst.at\/survivalshop\/wp-content\/uploads\/2024\/12\/Leerschussadapter.jpg","type":"image\/jpeg"}],"twitter_card":"summary_large_image","twitter_misc":{"Gesch\u00e4tzte Lesezeit":"1\u00a0Minute"},"schema":{"@context":"https:\/\/schema.org","@graph":[{"@type":"WebPage","@id":"https:\/\/ueberlebenskunst.at\/survivalshop\/shop\/m10-leerschuss-adapter-fuer-wechselmagazin\/","url":"https:\/\/ueberlebenskunst.at\/survivalshop\/shop\/m10-leerschuss-adapter-fuer-wechselmagazin\/","name":"M10 Leerschuss Adapter f\u00fcr Wechselmagazin - Reini Rossmann - Survival Shop","isPartOf":{"@id":"https:\/\/ueberlebenskunst.at\/survivalshop\/#website"},"primaryImageOfPage":{"@id":"https:\/\/ueberlebenskunst.at\/survivalshop\/shop\/m10-leerschuss-adapter-fuer-wechselmagazin\/#primaryimage"},"image":{"@id":"https:\/\/ueberlebenskunst.at\/survivalshop\/shop\/m10-leerschuss-adapter-fuer-wechselmagazin\/#primaryimage"},"thumbnailUrl":"https:\/\/ueberlebenskunst.at\/survivalshop\/wp-content\/uploads\/2024\/12\/Leerschussadapter.jpg","datePublished":"2024-12-05T06:19:34+00:00","dateModified":"2026-04-27T05:21:45+00:00","breadcrumb":{"@id":"https:\/\/ueberlebenskunst.at\/survivalshop\/shop\/m10-leerschuss-adapter-fuer-wechselmagazin\/#breadcrumb"},"inLanguage":"de","potentialAction":[{"@type":"ReadAction","target":["https:\/\/ueberlebenskunst.at\/survivalshop\/shop\/m10-leerschuss-adapter-fuer-wechselmagazin\/"]}]},{"@type":"ImageObject","inLanguage":"de","@id":"https:\/\/ueberlebenskunst.at\/survivalshop\/shop\/m10-leerschuss-adapter-fuer-wechselmagazin\/#primaryimage","url":"https:\/\/ueberlebenskunst.at\/survivalshop\/wp-content\/uploads\/2024\/12\/Leerschussadapter.jpg","contentUrl":"https:\/\/ueberlebenskunst.at\/survivalshop\/wp-content\/uploads\/2024\/12\/Leerschussadapter.jpg","width":400,"height":400},{"@type":"BreadcrumbList","@id":"https:\/\/ueberlebenskunst.at\/survivalshop\/shop\/m10-leerschuss-adapter-fuer-wechselmagazin\/#breadcrumb","itemListElement":[{"@type":"ListItem","position":1,"name":"Startseite","item":"https:\/\/ueberlebenskunst.at\/survivalshop\/"},{"@type":"ListItem","position":2,"name":"Shop","item":"https:\/\/ueberlebenskunst.at\/survivalshop\/shop\/"},{"@type":"ListItem","position":3,"name":"M10 Leerschuss Adapter f\u00fcr Wechselmagazin"}]},{"@type":"WebSite","@id":"https:\/\/ueberlebenskunst.at\/survivalshop\/#website","url":"https:\/\/ueberlebenskunst.at\/survivalshop\/","name":"Reini Rossmann - Survival Shop","description":"Survival Shop f\u00fcr Survival, Bushcraft und Prepper","potentialAction":[{"@type":"SearchAction","target":{"@type":"EntryPoint","urlTemplate":"https:\/\/ueberlebenskunst.at\/survivalshop\/?s={search_term_string}"},"query-input":{"@type":"PropertyValueSpecification","valueRequired":true,"valueName":"search_term_string"}}],"inLanguage":"de"}]}},"_links":{"self":[{"href":"https:\/\/ueberlebenskunst.at\/survivalshop\/wp-json\/wp\/v2\/product\/179064","targetHints":{"allow":["GET"]}}],"collection":[{"href":"https:\/\/ueberlebenskunst.at\/survivalshop\/wp-json\/wp\/v2\/product"}],"about":[{"href":"https:\/\/ueberlebenskunst.at\/survivalshop\/wp-json\/wp\/v2\/types\/product"}],"replies":[{"embeddable":true,"href":"https:\/\/ueberlebenskunst.at\/survivalshop\/wp-json\/wp\/v2\/comments?post=179064"}],"wp:featuredmedia":[{"embeddable":true,"href":"https:\/\/ueberlebenskunst.at\/survivalshop\/wp-json\/wp\/v2\/media\/187771"}],"wp:attachment":[{"href":"https:\/\/ueberlebenskunst.at\/survivalshop\/wp-json\/wp\/v2\/media?parent=179064"}],"wp:term":[{"taxonomy":"product_brand","embeddable":true,"href":"https:\/\/ueberlebenskunst.at\/survivalshop\/wp-json\/wp\/v2\/product_brand?post=179064"},{"taxonomy":"product_cat","embeddable":true,"href":"https:\/\/ueberlebenskunst.at\/survivalshop\/wp-json\/wp\/v2\/product_cat?post=179064"},{"taxonomy":"product_tag","embeddable":true,"href":"https:\/\/ueberlebenskunst.at\/survivalshop\/wp-json\/wp\/v2\/product_tag?post=179064"}],"curies":[{"name":"wp","href":"https:\/\/api.w.org\/{rel}","templated":true}]}}