{"id":178907,"date":"2024-12-02T19:51:45","date_gmt":"2024-12-02T18:51:45","guid":{"rendered":"https:\/\/ueberlebenskunst.at\/survivalshop\/?post_type=product&#038;p=178907"},"modified":"2026-02-20T09:02:43","modified_gmt":"2026-02-20T08:02:43","slug":"lanyard-bead-mit-integriertem-mini-feuerstahl","status":"publish","type":"product","link":"https:\/\/ueberlebenskunst.at\/survivalshop\/shop\/lanyard-bead-mit-integriertem-mini-feuerstahl\/","title":{"rendered":"Spark Bead &#8211; Mini Feuerstahl"},"content":{"rendered":"<p>Erg\u00e4nze dein Messer oder deinen Schl\u00fcsselbund mit einem einzigartigen Bead samt eingeschraubten, fest sitzenden Mini Feuerstahl.<\/p>\n<h3><strong>Warum ein Lanyard Bead?<\/strong><\/h3>\n<ol>\n<li><strong>Viel mehr als nur Deko<\/strong>: Neben der optischen Aufwertung bietet dir dieses Bead einen integrierten <a href=\"https:\/\/ueberlebenskunst.at\/survivalshop\/shop\/einschraubbarer-feuerstahl-klein\/\" target=\"_blank\" rel=\"noopener\">Mini-Feuerstahl.<\/a><br \/>\nIdeal f\u00fcr spontane Outdoor-Eins\u00e4tze, Survival-Situationen oder als Notfall-Tool.<\/li>\n<li><strong>Verbesserte Griffigkeit<\/strong>: Besonders bei kleinen oder kompakten Messern bietet ein Lanyard mit Bead zus\u00e4tzlichen Halt.<br \/>\nDas macht dein Messer leichter zug\u00e4nglich, vor allem bei kaltem oder nassem Wetter.<\/li>\n<li><strong>Praktische Nutzung<\/strong>: Befestige einen Lanyard Bead und erleichtere dir das Auffinden deines Messers in der Tasche,<br \/>\nim Rucksack oder beim Campen. Kein Suchen mehr \u2013 der Bead hilft dir, dein Messer sofort zu greifen.<\/li>\n<li><strong>Sicherer Einsatz<\/strong>: Ein Bead am Lanyard erleichtert das Ziehen des Messers aus der Scheide oder dem Clip.<\/li>\n<li><strong>Feuer, wann du es brauchst<\/strong>: Der eingebaute Mini-Feuerstahl kann f\u00fcr Zunder oder ein kleines Lagerfeuer genutzt werden<br \/>\n\u2013 ein echter Lebensretter in kritischen Momenten.<\/li>\n<\/ol>\n<p><strong>Qualit\u00e4t, die \u00fcberzeugt<\/strong><\/p>\n<p>Unsere Lanyard Beads sind aus langlebigen Materialien gefertigt und passen perfekt zu jedem EDC-Setup. Egal, ob f\u00fcr Survival-Abenteuer, den t\u00e4glichen Gebrauch oder als Sammlerst\u00fcck. Alle Beads werden bei uns in der Reini Rossmann Werkstatt gefertigt.<\/p>\n<h3><strong>Details:<\/strong><\/h3>\n<ul>\n<li>Kunststoff \/ Feuerstahl<\/li>\n<li>Ma\u00dfe Bead : 14 x 20 x 24 mm<\/li>\n<li>Gewicht gesamt: 25 g<\/li>\n<\/ul>\n<h3>In zwei Varianten erh\u00e4ltlich:<\/h3>\n<ul>\n<li>Mit RR-Flammen Logo<\/li>\n<li>Mit K4 Logo<\/li>\n<\/ul>\n<h3>Erh\u00e4ltlich in folgenden Farben:<\/h3>\n<ul>\n<li>Survival Orange<\/li>\n<li>Schwarz<\/li>\n<\/ul>\n<h3>Lieferumfang:<\/h3>\n<ul>\n<li>Je 1 Stk. Lenyard Bead<\/li>\n<li>Mit eingeschraubten <a href=\"https:\/\/ueberlebenskunst.at\/survivalshop\/shop\/einschraubbarer-feuerstahl-klein\/\" target=\"_blank\" rel=\"noopener\">Mini Feuerstahl<\/a><\/li>\n<\/ul>\n<p>Lenyard oder andere abgebildete Gegenst\u00e4nde sind nicht enthalten.<\/p>\n<p>&nbsp;<\/p>\n<h3>Passendes Zubeh\u00f6r (extra erh\u00e4ltlich):<\/h3>\n<ul>\n<li><a href=\"https:\/\/ueberlebenskunst.at\/survivalshop\/shop\/striker-mit-griff-fuer-den-letzten-feuerstahl-deines-lebens\/\" target=\"_blank\" rel=\"noopener\">Striker mit Griff<\/a><\/li>\n<li><a href=\"https:\/\/ueberlebenskunst.at\/survivalshop\/shop\/feuerstahl-schaber-striker\/\" target=\"_blank\" rel=\"noopener\">Striker<\/a><\/li>\n<\/ul>\n<h3>Bedienungs- &amp; Pflegeanleitung:<\/h3>\n<ul>\n<li>Die Reinigung der TPU Halterung mit Wasser und Seife ist m\u00f6glich.<\/li>\n<li>Du solltest die Steckscheide nicht direkt in die N\u00e4he von Feuer oder anderen Hitzequellen legen!<\/li>\n<li>Wird deine Steckscheide \u00fcber l\u00e4ngere Zeit sehr kalten Temperaturen unter 0 \u00b0C ausgesetzt, solltest du in dem Moment darauf achten, dass keine starken Belastungen darauf einwirken.<\/li>\n<\/ul>\n<p>Unsere Produkte sind nicht f\u00fcr Kinder unter 3 Jahren geeignet. Es besteht Verschluckungsgefahr.<\/p>\n<p><a href=\"https:\/\/ueberlebenskunst.at\/survivalshop\/wp-content\/uploads\/2021\/11\/Logo_Kinder.png\"><img decoding=\"async\" class=\"alignnone size-medium wp-image-179571\" src=\"https:\/\/ueberlebenskunst.at\/survivalshop\/wp-content\/uploads\/2021\/11\/Logo_Kinder-300x126.png\" alt=\"\" width=\"300\" height=\"126\" srcset=\"https:\/\/ueberlebenskunst.at\/survivalshop\/wp-content\/uploads\/2021\/11\/Logo_Kinder-300x126.png 300w, https:\/\/ueberlebenskunst.at\/survivalshop\/wp-content\/uploads\/2021\/11\/Logo_Kinder-64x27.png 64w, https:\/\/ueberlebenskunst.at\/survivalshop\/wp-content\/uploads\/2021\/11\/Logo_Kinder.png 401w\" sizes=\"(max-width: 300px) 100vw, 300px\" \/><\/a><\/p>\n","protected":false},"excerpt":{"rendered":"<p>Erg\u00e4nze dein Messer oder deinen Schl\u00fcsselbund mit einem einzigartigen Bead samt eingeschraubten, fest sitzenden Mini Feuerstahl. Warum ein Lanyard Bead? Viel mehr als nur Deko: Neben der optischen Aufwertung bietet dir dieses Bead einen integrierten Mini-Feuerstahl. Ideal f\u00fcr spontane Outdoor-Eins\u00e4tze, Survival-Situationen oder als Notfall-Tool. Verbesserte Griffigkeit: Besonders bei kleinen oder kompakten Messern bietet ein Lanyard [&hellip;]<\/p>\n","protected":false},"featured_media":181523,"comment_status":"open","ping_status":"closed","template":"","meta":{"_acf_changed":false},"product_brand":[],"product_cat":[1101,1945],"product_tag":[2415,270,236,849,613,757,2051],"class_list":{"0":"post-178907","1":"product","2":"type-product","3":"status-publish","4":"has-post-thumbnail","6":"product_cat-ausruestung","7":"product_cat-survivalausruestung","8":"product_tag-beads","9":"product_tag-edc","10":"product_tag-feuerstahl","11":"product_tag-notfall","12":"product_tag-notfallausruestung","13":"product_tag-schluesselbund","14":"product_tag-schluesselbund-edc","15":"pa_farbe-glow-in-the-dark","16":"pa_farbe-schwarz","17":"pa_farbe-survival-orange","19":"first","20":"instock","21":"taxable","22":"shipping-taxable","23":"purchasable","24":"product-type-variable","25":"has-default-attributes"},"acf":[],"yoast_head":"<!-- This site is optimized with the Yoast SEO plugin v27.1.1 - https:\/\/yoast.com\/product\/yoast-seo-wordpress\/ -->\n<title>Spark Bead - Mini Feuerstahl<\/title>\n<meta name=\"robots\" content=\"index, follow, max-snippet:-1, max-image-preview:large, max-video-preview:-1\" \/>\n<link rel=\"canonical\" href=\"https:\/\/ueberlebenskunst.at\/survivalshop\/shop\/lanyard-bead-mit-integriertem-mini-feuerstahl\/\" \/>\n<meta property=\"og:locale\" content=\"de_DE\" \/>\n<meta property=\"og:type\" content=\"article\" \/>\n<meta property=\"og:title\" content=\"Spark Bead - Mini Feuerstahl\" \/>\n<meta property=\"og:description\" content=\"Erg\u00e4nze dein Messer oder deinen Schl\u00fcsselbund mit einem einzigartigen Bead samt eingeschraubten, fest sitzenden Mini Feuerstahl. Warum ein Lanyard Bead? Viel mehr als nur Deko: Neben der optischen Aufwertung bietet dir dieses Bead einen integrierten Mini-Feuerstahl. Ideal f\u00fcr spontane Outdoor-Eins\u00e4tze, Survival-Situationen oder als Notfall-Tool. Verbesserte Griffigkeit: Besonders bei kleinen oder kompakten Messern bietet ein Lanyard [&hellip;]\" \/>\n<meta property=\"og:url\" content=\"https:\/\/ueberlebenskunst.at\/survivalshop\/shop\/lanyard-bead-mit-integriertem-mini-feuerstahl\/\" \/>\n<meta property=\"og:site_name\" content=\"Reini Rossmann - Survival Shop\" \/>\n<meta property=\"article:publisher\" content=\"https:\/\/www.facebook.com\/survival24.org\/\" \/>\n<meta property=\"article:modified_time\" content=\"2026-02-20T08:02:43+00:00\" \/>\n<meta property=\"og:image\" content=\"https:\/\/ueberlebenskunst.at\/survivalshop\/wp-content\/uploads\/2024\/12\/Spark_Bead_Mini_Feuerstahl_RRFSTMini_sk.jpg\" \/>\n\t<meta property=\"og:image:width\" content=\"400\" \/>\n\t<meta property=\"og:image:height\" content=\"400\" \/>\n\t<meta property=\"og:image:type\" content=\"image\/jpeg\" \/>\n<meta name=\"twitter:card\" content=\"summary_large_image\" \/>\n<meta name=\"twitter:label1\" content=\"Gesch\u00e4tzte Lesezeit\" \/>\n\t<meta name=\"twitter:data1\" content=\"3\u00a0Minuten\" \/>\n<script type=\"application\/ld+json\" class=\"yoast-schema-graph\">{\"@context\":\"https:\/\/schema.org\",\"@graph\":[{\"@type\":\"WebPage\",\"@id\":\"https:\/\/ueberlebenskunst.at\/survivalshop\/shop\/lanyard-bead-mit-integriertem-mini-feuerstahl\/\",\"url\":\"https:\/\/ueberlebenskunst.at\/survivalshop\/shop\/lanyard-bead-mit-integriertem-mini-feuerstahl\/\",\"name\":\"Spark Bead - Mini Feuerstahl\",\"isPartOf\":{\"@id\":\"https:\/\/ueberlebenskunst.at\/survivalshop\/#website\"},\"primaryImageOfPage\":{\"@id\":\"https:\/\/ueberlebenskunst.at\/survivalshop\/shop\/lanyard-bead-mit-integriertem-mini-feuerstahl\/#primaryimage\"},\"image\":{\"@id\":\"https:\/\/ueberlebenskunst.at\/survivalshop\/shop\/lanyard-bead-mit-integriertem-mini-feuerstahl\/#primaryimage\"},\"thumbnailUrl\":\"https:\/\/ueberlebenskunst.at\/survivalshop\/wp-content\/uploads\/2024\/12\/Spark_Bead_Mini_Feuerstahl_RRFSTMini_sk.jpg\",\"datePublished\":\"2024-12-02T18:51:45+00:00\",\"dateModified\":\"2026-02-20T08:02:43+00:00\",\"breadcrumb\":{\"@id\":\"https:\/\/ueberlebenskunst.at\/survivalshop\/shop\/lanyard-bead-mit-integriertem-mini-feuerstahl\/#breadcrumb\"},\"inLanguage\":\"de\",\"potentialAction\":[{\"@type\":\"ReadAction\",\"target\":[\"https:\/\/ueberlebenskunst.at\/survivalshop\/shop\/lanyard-bead-mit-integriertem-mini-feuerstahl\/\"]}]},{\"@type\":\"ImageObject\",\"inLanguage\":\"de\",\"@id\":\"https:\/\/ueberlebenskunst.at\/survivalshop\/shop\/lanyard-bead-mit-integriertem-mini-feuerstahl\/#primaryimage\",\"url\":\"https:\/\/ueberlebenskunst.at\/survivalshop\/wp-content\/uploads\/2024\/12\/Spark_Bead_Mini_Feuerstahl_RRFSTMini_sk.jpg\",\"contentUrl\":\"https:\/\/ueberlebenskunst.at\/survivalshop\/wp-content\/uploads\/2024\/12\/Spark_Bead_Mini_Feuerstahl_RRFSTMini_sk.jpg\",\"width\":400,\"height\":400},{\"@type\":\"BreadcrumbList\",\"@id\":\"https:\/\/ueberlebenskunst.at\/survivalshop\/shop\/lanyard-bead-mit-integriertem-mini-feuerstahl\/#breadcrumb\",\"itemListElement\":[{\"@type\":\"ListItem\",\"position\":1,\"name\":\"Startseite\",\"item\":\"https:\/\/ueberlebenskunst.at\/survivalshop\/\"},{\"@type\":\"ListItem\",\"position\":2,\"name\":\"Shop\",\"item\":\"https:\/\/ueberlebenskunst.at\/survivalshop\/shop\/\"},{\"@type\":\"ListItem\",\"position\":3,\"name\":\"Spark Bead &#8211; Mini Feuerstahl\"}]},{\"@type\":\"WebSite\",\"@id\":\"https:\/\/ueberlebenskunst.at\/survivalshop\/#website\",\"url\":\"https:\/\/ueberlebenskunst.at\/survivalshop\/\",\"name\":\"Reini Rossmann - Survival Shop\",\"description\":\"Survival Shop f\u00fcr Survival, Bushcraft und Prepper\",\"potentialAction\":[{\"@type\":\"SearchAction\",\"target\":{\"@type\":\"EntryPoint\",\"urlTemplate\":\"https:\/\/ueberlebenskunst.at\/survivalshop\/?s={search_term_string}\"},\"query-input\":{\"@type\":\"PropertyValueSpecification\",\"valueRequired\":true,\"valueName\":\"search_term_string\"}}],\"inLanguage\":\"de\"}]}<\/script>\n<!-- \/ Yoast SEO plugin. -->","yoast_head_json":{"title":"Spark Bead - Mini Feuerstahl","robots":{"index":"index","follow":"follow","max-snippet":"max-snippet:-1","max-image-preview":"max-image-preview:large","max-video-preview":"max-video-preview:-1"},"canonical":"https:\/\/ueberlebenskunst.at\/survivalshop\/shop\/lanyard-bead-mit-integriertem-mini-feuerstahl\/","og_locale":"de_DE","og_type":"article","og_title":"Spark Bead - Mini Feuerstahl","og_description":"Erg\u00e4nze dein Messer oder deinen Schl\u00fcsselbund mit einem einzigartigen Bead samt eingeschraubten, fest sitzenden Mini Feuerstahl. Warum ein Lanyard Bead? Viel mehr als nur Deko: Neben der optischen Aufwertung bietet dir dieses Bead einen integrierten Mini-Feuerstahl. Ideal f\u00fcr spontane Outdoor-Eins\u00e4tze, Survival-Situationen oder als Notfall-Tool. Verbesserte Griffigkeit: Besonders bei kleinen oder kompakten Messern bietet ein Lanyard [&hellip;]","og_url":"https:\/\/ueberlebenskunst.at\/survivalshop\/shop\/lanyard-bead-mit-integriertem-mini-feuerstahl\/","og_site_name":"Reini Rossmann - Survival Shop","article_publisher":"https:\/\/www.facebook.com\/survival24.org\/","article_modified_time":"2026-02-20T08:02:43+00:00","og_image":[{"width":400,"height":400,"url":"https:\/\/ueberlebenskunst.at\/survivalshop\/wp-content\/uploads\/2024\/12\/Spark_Bead_Mini_Feuerstahl_RRFSTMini_sk.jpg","type":"image\/jpeg"}],"twitter_card":"summary_large_image","twitter_misc":{"Gesch\u00e4tzte Lesezeit":"3\u00a0Minuten"},"schema":{"@context":"https:\/\/schema.org","@graph":[{"@type":"WebPage","@id":"https:\/\/ueberlebenskunst.at\/survivalshop\/shop\/lanyard-bead-mit-integriertem-mini-feuerstahl\/","url":"https:\/\/ueberlebenskunst.at\/survivalshop\/shop\/lanyard-bead-mit-integriertem-mini-feuerstahl\/","name":"Spark Bead - Mini Feuerstahl","isPartOf":{"@id":"https:\/\/ueberlebenskunst.at\/survivalshop\/#website"},"primaryImageOfPage":{"@id":"https:\/\/ueberlebenskunst.at\/survivalshop\/shop\/lanyard-bead-mit-integriertem-mini-feuerstahl\/#primaryimage"},"image":{"@id":"https:\/\/ueberlebenskunst.at\/survivalshop\/shop\/lanyard-bead-mit-integriertem-mini-feuerstahl\/#primaryimage"},"thumbnailUrl":"https:\/\/ueberlebenskunst.at\/survivalshop\/wp-content\/uploads\/2024\/12\/Spark_Bead_Mini_Feuerstahl_RRFSTMini_sk.jpg","datePublished":"2024-12-02T18:51:45+00:00","dateModified":"2026-02-20T08:02:43+00:00","breadcrumb":{"@id":"https:\/\/ueberlebenskunst.at\/survivalshop\/shop\/lanyard-bead-mit-integriertem-mini-feuerstahl\/#breadcrumb"},"inLanguage":"de","potentialAction":[{"@type":"ReadAction","target":["https:\/\/ueberlebenskunst.at\/survivalshop\/shop\/lanyard-bead-mit-integriertem-mini-feuerstahl\/"]}]},{"@type":"ImageObject","inLanguage":"de","@id":"https:\/\/ueberlebenskunst.at\/survivalshop\/shop\/lanyard-bead-mit-integriertem-mini-feuerstahl\/#primaryimage","url":"https:\/\/ueberlebenskunst.at\/survivalshop\/wp-content\/uploads\/2024\/12\/Spark_Bead_Mini_Feuerstahl_RRFSTMini_sk.jpg","contentUrl":"https:\/\/ueberlebenskunst.at\/survivalshop\/wp-content\/uploads\/2024\/12\/Spark_Bead_Mini_Feuerstahl_RRFSTMini_sk.jpg","width":400,"height":400},{"@type":"BreadcrumbList","@id":"https:\/\/ueberlebenskunst.at\/survivalshop\/shop\/lanyard-bead-mit-integriertem-mini-feuerstahl\/#breadcrumb","itemListElement":[{"@type":"ListItem","position":1,"name":"Startseite","item":"https:\/\/ueberlebenskunst.at\/survivalshop\/"},{"@type":"ListItem","position":2,"name":"Shop","item":"https:\/\/ueberlebenskunst.at\/survivalshop\/shop\/"},{"@type":"ListItem","position":3,"name":"Spark Bead &#8211; Mini Feuerstahl"}]},{"@type":"WebSite","@id":"https:\/\/ueberlebenskunst.at\/survivalshop\/#website","url":"https:\/\/ueberlebenskunst.at\/survivalshop\/","name":"Reini Rossmann - Survival Shop","description":"Survival Shop f\u00fcr Survival, Bushcraft und Prepper","potentialAction":[{"@type":"SearchAction","target":{"@type":"EntryPoint","urlTemplate":"https:\/\/ueberlebenskunst.at\/survivalshop\/?s={search_term_string}"},"query-input":{"@type":"PropertyValueSpecification","valueRequired":true,"valueName":"search_term_string"}}],"inLanguage":"de"}]}},"_links":{"self":[{"href":"https:\/\/ueberlebenskunst.at\/survivalshop\/wp-json\/wp\/v2\/product\/178907","targetHints":{"allow":["GET"]}}],"collection":[{"href":"https:\/\/ueberlebenskunst.at\/survivalshop\/wp-json\/wp\/v2\/product"}],"about":[{"href":"https:\/\/ueberlebenskunst.at\/survivalshop\/wp-json\/wp\/v2\/types\/product"}],"replies":[{"embeddable":true,"href":"https:\/\/ueberlebenskunst.at\/survivalshop\/wp-json\/wp\/v2\/comments?post=178907"}],"wp:featuredmedia":[{"embeddable":true,"href":"https:\/\/ueberlebenskunst.at\/survivalshop\/wp-json\/wp\/v2\/media\/181523"}],"wp:attachment":[{"href":"https:\/\/ueberlebenskunst.at\/survivalshop\/wp-json\/wp\/v2\/media?parent=178907"}],"wp:term":[{"taxonomy":"product_brand","embeddable":true,"href":"https:\/\/ueberlebenskunst.at\/survivalshop\/wp-json\/wp\/v2\/product_brand?post=178907"},{"taxonomy":"product_cat","embeddable":true,"href":"https:\/\/ueberlebenskunst.at\/survivalshop\/wp-json\/wp\/v2\/product_cat?post=178907"},{"taxonomy":"product_tag","embeddable":true,"href":"https:\/\/ueberlebenskunst.at\/survivalshop\/wp-json\/wp\/v2\/product_tag?post=178907"}],"curies":[{"name":"wp","href":"https:\/\/api.w.org\/{rel}","templated":true}]}}