{"id":178899,"date":"2024-12-02T19:47:03","date_gmt":"2024-12-02T18:47:03","guid":{"rendered":"https:\/\/ueberlebenskunst.at\/survivalshop\/?post_type=product&#038;p=178899"},"modified":"2025-11-20T20:44:55","modified_gmt":"2025-11-20T19:44:55","slug":"fan-beads","status":"publish","type":"product","link":"https:\/\/ueberlebenskunst.at\/survivalshop\/shop\/fan-beads\/","title":{"rendered":"Reini Rossmann Fan Beads"},"content":{"rendered":"<p>Mach aus deinem Messer ein individuelles Highlight! Unser hochwertigen <a href=\"https:\/\/ueberlebenskunst.at\/survivalshop\/?s=Bead&amp;post_type=product&amp;dgwt_wcas=1\" target=\"_blank\" rel=\"noopener\">Lanyard Beads sind<\/a> mehr als nur ein optisches Accessoire.<br \/>\nDiese Fan Beads\u00a0 sind zudem\u00a0 auch noch gr\u00f6\u00dfer als unsere <a href=\"https:\/\/ueberlebenskunst.at\/survivalshop\/shop\/5stk-lenyard-beads\/\" target=\"_blank\" rel=\"noopener\">Standard Beads<\/a> die wir anbieten.<\/p>\n<h3><strong>Warum ein Lanyard Bead?<\/strong><\/h3>\n<ol>\n<li><strong>Einzigartiges Design<\/strong>: Mit dem Lanyard Bead kannst du deinem Messer einen pers\u00f6nlichen Touch verleihen.<\/li>\n<li><strong>Verbesserte Griffigkeit<\/strong>: Besonders bei kleinen oder kompakten Messern bietet ein Lanyard mit Bead zus\u00e4tzlichen Halt.<br \/>\nDas macht dein Messer leichter zug\u00e4nglich, vor allem bei kaltem oder nassem Wetter.<\/li>\n<li><strong>Praktische Nutzung<\/strong>: Befestige einen Lanyard Bead und erleichtere dir das Auffinden deines Messers in der Tasche,<br \/>\nim Rucksack oder beim Campen. Kein Suchen mehr \u2013 der Bead hilft dir, dein Messer sofort zu greifen.<\/li>\n<li><strong>Sicherer Einsatz<\/strong>: Ein Bead am Lanyard erleichtert das Ziehen des Messers aus der Scheide oder dem Clip.<\/li>\n<\/ol>\n<p><strong>Qualit\u00e4t, die \u00fcberzeugt<\/strong><\/p>\n<p>Unsere Lanyard Beads sind aus langlebigen Materialien gefertigt und passen perfekt zu jedem EDC-Setup. Egal, ob f\u00fcr Survival-Abenteuer, den t\u00e4glichen Gebrauch oder als Sammlerst\u00fcck.<br \/>\nAlle Beads werden bei uns in der Reini Rossmann Werkstatt gefertigt.<\/p>\n<h3><strong>Details:<\/strong><\/h3>\n<ul>\n<li>Kunststoff<\/li>\n<li>Ma\u00dfe: 14 x 20 x 24 mm<\/li>\n<li>Gewicht: 6 g<\/li>\n<\/ul>\n<h3>In zwei Varianten erh\u00e4ltlich:<\/h3>\n<ul>\n<li>mit RR-Flammen Logo<\/li>\n<li>mit K4 Logo<\/li>\n<\/ul>\n<h3>Erh\u00e4ltlich in folgenden Farben:<\/h3>\n<ul>\n<li>Survival Orange<\/li>\n<li>Schwarz<\/li>\n<\/ul>\n<h3>Lieferumfang:<\/h3>\n<ul>\n<li>Je 1 Stk. Lenyard Bead<\/li>\n<\/ul>\n<p>Lenyard oder andere abgebildete Gegenst\u00e4nde sind nicht enthalten.<\/p>\n<h3>Bedienungs- &amp; Pflegeanleitung:<\/h3>\n<ul>\n<li>Die Reinigung der TPU Halterung mit Wasser und Seife ist m\u00f6glich.<\/li>\n<li>Du solltest die Steckscheide nicht direkt in die N\u00e4he von Feuer oder anderen Hitzequellen legen!<\/li>\n<li>Wird deine Steckscheide \u00fcber l\u00e4ngere Zeit sehr kalten Temperaturen unter 0 \u00b0C ausgesetzt, solltest du in dem Moment darauf achten, dass keine starken Belastungen darauf einwirken.<\/li>\n<\/ul>\n<p><strong>Unsere Produkte sind nicht f\u00fcr Kinder unter 3 Jahren geeignet. Es besteht Verschluckungsgefahr.<\/strong><\/p>\n<p><a href=\"https:\/\/ueberlebenskunst.at\/survivalshop\/wp-content\/uploads\/2021\/11\/Logo_Kinder.png\"><img decoding=\"async\" class=\"alignnone size-medium wp-image-179571\" src=\"https:\/\/ueberlebenskunst.at\/survivalshop\/wp-content\/uploads\/2021\/11\/Logo_Kinder-300x126.png\" alt=\"\" width=\"300\" height=\"126\" srcset=\"https:\/\/ueberlebenskunst.at\/survivalshop\/wp-content\/uploads\/2021\/11\/Logo_Kinder-300x126.png 300w, https:\/\/ueberlebenskunst.at\/survivalshop\/wp-content\/uploads\/2021\/11\/Logo_Kinder-64x27.png 64w, https:\/\/ueberlebenskunst.at\/survivalshop\/wp-content\/uploads\/2021\/11\/Logo_Kinder.png 401w\" sizes=\"(max-width: 300px) 100vw, 300px\" \/><\/a><\/p>\n","protected":false},"excerpt":{"rendered":"<p>Mach aus deinem Messer ein individuelles Highlight! Unser hochwertigen Lanyard Beads sind mehr als nur ein optisches Accessoire. Diese Fan Beads\u00a0 sind zudem\u00a0 auch noch gr\u00f6\u00dfer als unsere Standard Beads die wir anbieten. Warum ein Lanyard Bead? Einzigartiges Design: Mit dem Lanyard Bead kannst du deinem Messer einen pers\u00f6nlichen Touch verleihen. Verbesserte Griffigkeit: Besonders bei [&hellip;]<\/p>\n","protected":false},"featured_media":179560,"comment_status":"open","ping_status":"closed","template":"","meta":{"_acf_changed":false},"product_brand":[],"product_cat":[1790],"product_tag":[2415],"class_list":{"0":"post-178899","1":"product","2":"type-product","3":"status-publish","4":"has-post-thumbnail","6":"product_cat-knives-4","7":"product_tag-beads","8":"pa_farbe-glow-in-the-dark","9":"pa_farbe-schwarz","10":"pa_farbe-survival-orange","12":"first","13":"instock","14":"taxable","15":"shipping-taxable","16":"purchasable","17":"product-type-variable","18":"has-default-attributes"},"acf":[],"yoast_head":"<!-- This site is optimized with the Yoast SEO plugin v27.1.1 - https:\/\/yoast.com\/product\/yoast-seo-wordpress\/ -->\n<title>Reini Rossmann Fan Beads<\/title>\n<meta name=\"robots\" content=\"index, follow, max-snippet:-1, max-image-preview:large, max-video-preview:-1\" \/>\n<link rel=\"canonical\" href=\"https:\/\/ueberlebenskunst.at\/survivalshop\/shop\/fan-beads\/\" \/>\n<meta property=\"og:locale\" content=\"de_DE\" \/>\n<meta property=\"og:type\" content=\"article\" \/>\n<meta property=\"og:title\" content=\"Reini Rossmann Fan Beads\" \/>\n<meta property=\"og:description\" content=\"Mach aus deinem Messer ein individuelles Highlight! Unser hochwertigen Lanyard Beads sind mehr als nur ein optisches Accessoire. Diese Fan Beads\u00a0 sind zudem\u00a0 auch noch gr\u00f6\u00dfer als unsere Standard Beads die wir anbieten. Warum ein Lanyard Bead? Einzigartiges Design: Mit dem Lanyard Bead kannst du deinem Messer einen pers\u00f6nlichen Touch verleihen. Verbesserte Griffigkeit: Besonders bei [&hellip;]\" \/>\n<meta property=\"og:url\" content=\"https:\/\/ueberlebenskunst.at\/survivalshop\/shop\/fan-beads\/\" \/>\n<meta property=\"og:site_name\" content=\"Reini Rossmann - Survival Shop\" \/>\n<meta property=\"article:publisher\" content=\"https:\/\/www.facebook.com\/survival24.org\/\" \/>\n<meta property=\"article:modified_time\" content=\"2025-11-20T19:44:55+00:00\" \/>\n<meta property=\"og:image\" content=\"https:\/\/ueberlebenskunst.at\/survivalshop\/wp-content\/uploads\/2024\/12\/Reini_Rossmann_Fan_Beads_RRBead_sk.jpg\" \/>\n\t<meta property=\"og:image:width\" content=\"400\" \/>\n\t<meta property=\"og:image:height\" content=\"400\" \/>\n\t<meta property=\"og:image:type\" content=\"image\/jpeg\" \/>\n<meta name=\"twitter:card\" content=\"summary_large_image\" \/>\n<meta name=\"twitter:label1\" content=\"Gesch\u00e4tzte Lesezeit\" \/>\n\t<meta name=\"twitter:data1\" content=\"2\u00a0Minuten\" \/>\n<script type=\"application\/ld+json\" class=\"yoast-schema-graph\">{\"@context\":\"https:\/\/schema.org\",\"@graph\":[{\"@type\":\"WebPage\",\"@id\":\"https:\/\/ueberlebenskunst.at\/survivalshop\/shop\/fan-beads\/\",\"url\":\"https:\/\/ueberlebenskunst.at\/survivalshop\/shop\/fan-beads\/\",\"name\":\"Reini Rossmann Fan Beads\",\"isPartOf\":{\"@id\":\"https:\/\/ueberlebenskunst.at\/survivalshop\/#website\"},\"primaryImageOfPage\":{\"@id\":\"https:\/\/ueberlebenskunst.at\/survivalshop\/shop\/fan-beads\/#primaryimage\"},\"image\":{\"@id\":\"https:\/\/ueberlebenskunst.at\/survivalshop\/shop\/fan-beads\/#primaryimage\"},\"thumbnailUrl\":\"https:\/\/ueberlebenskunst.at\/survivalshop\/wp-content\/uploads\/2024\/12\/Reini_Rossmann_Fan_Beads_RRBead_sk.jpg\",\"datePublished\":\"2024-12-02T18:47:03+00:00\",\"dateModified\":\"2025-11-20T19:44:55+00:00\",\"breadcrumb\":{\"@id\":\"https:\/\/ueberlebenskunst.at\/survivalshop\/shop\/fan-beads\/#breadcrumb\"},\"inLanguage\":\"de\",\"potentialAction\":[{\"@type\":\"ReadAction\",\"target\":[\"https:\/\/ueberlebenskunst.at\/survivalshop\/shop\/fan-beads\/\"]}]},{\"@type\":\"ImageObject\",\"inLanguage\":\"de\",\"@id\":\"https:\/\/ueberlebenskunst.at\/survivalshop\/shop\/fan-beads\/#primaryimage\",\"url\":\"https:\/\/ueberlebenskunst.at\/survivalshop\/wp-content\/uploads\/2024\/12\/Reini_Rossmann_Fan_Beads_RRBead_sk.jpg\",\"contentUrl\":\"https:\/\/ueberlebenskunst.at\/survivalshop\/wp-content\/uploads\/2024\/12\/Reini_Rossmann_Fan_Beads_RRBead_sk.jpg\",\"width\":400,\"height\":400},{\"@type\":\"BreadcrumbList\",\"@id\":\"https:\/\/ueberlebenskunst.at\/survivalshop\/shop\/fan-beads\/#breadcrumb\",\"itemListElement\":[{\"@type\":\"ListItem\",\"position\":1,\"name\":\"Startseite\",\"item\":\"https:\/\/ueberlebenskunst.at\/survivalshop\/\"},{\"@type\":\"ListItem\",\"position\":2,\"name\":\"Shop\",\"item\":\"https:\/\/ueberlebenskunst.at\/survivalshop\/shop\/\"},{\"@type\":\"ListItem\",\"position\":3,\"name\":\"Reini Rossmann Fan Beads\"}]},{\"@type\":\"WebSite\",\"@id\":\"https:\/\/ueberlebenskunst.at\/survivalshop\/#website\",\"url\":\"https:\/\/ueberlebenskunst.at\/survivalshop\/\",\"name\":\"Reini Rossmann - Survival Shop\",\"description\":\"Survival Shop f\u00fcr Survival, Bushcraft und Prepper\",\"potentialAction\":[{\"@type\":\"SearchAction\",\"target\":{\"@type\":\"EntryPoint\",\"urlTemplate\":\"https:\/\/ueberlebenskunst.at\/survivalshop\/?s={search_term_string}\"},\"query-input\":{\"@type\":\"PropertyValueSpecification\",\"valueRequired\":true,\"valueName\":\"search_term_string\"}}],\"inLanguage\":\"de\"}]}<\/script>\n<!-- \/ Yoast SEO plugin. -->","yoast_head_json":{"title":"Reini Rossmann Fan Beads","robots":{"index":"index","follow":"follow","max-snippet":"max-snippet:-1","max-image-preview":"max-image-preview:large","max-video-preview":"max-video-preview:-1"},"canonical":"https:\/\/ueberlebenskunst.at\/survivalshop\/shop\/fan-beads\/","og_locale":"de_DE","og_type":"article","og_title":"Reini Rossmann Fan Beads","og_description":"Mach aus deinem Messer ein individuelles Highlight! Unser hochwertigen Lanyard Beads sind mehr als nur ein optisches Accessoire. Diese Fan Beads\u00a0 sind zudem\u00a0 auch noch gr\u00f6\u00dfer als unsere Standard Beads die wir anbieten. Warum ein Lanyard Bead? Einzigartiges Design: Mit dem Lanyard Bead kannst du deinem Messer einen pers\u00f6nlichen Touch verleihen. Verbesserte Griffigkeit: Besonders bei [&hellip;]","og_url":"https:\/\/ueberlebenskunst.at\/survivalshop\/shop\/fan-beads\/","og_site_name":"Reini Rossmann - Survival Shop","article_publisher":"https:\/\/www.facebook.com\/survival24.org\/","article_modified_time":"2025-11-20T19:44:55+00:00","og_image":[{"width":400,"height":400,"url":"https:\/\/ueberlebenskunst.at\/survivalshop\/wp-content\/uploads\/2024\/12\/Reini_Rossmann_Fan_Beads_RRBead_sk.jpg","type":"image\/jpeg"}],"twitter_card":"summary_large_image","twitter_misc":{"Gesch\u00e4tzte Lesezeit":"2\u00a0Minuten"},"schema":{"@context":"https:\/\/schema.org","@graph":[{"@type":"WebPage","@id":"https:\/\/ueberlebenskunst.at\/survivalshop\/shop\/fan-beads\/","url":"https:\/\/ueberlebenskunst.at\/survivalshop\/shop\/fan-beads\/","name":"Reini Rossmann Fan Beads","isPartOf":{"@id":"https:\/\/ueberlebenskunst.at\/survivalshop\/#website"},"primaryImageOfPage":{"@id":"https:\/\/ueberlebenskunst.at\/survivalshop\/shop\/fan-beads\/#primaryimage"},"image":{"@id":"https:\/\/ueberlebenskunst.at\/survivalshop\/shop\/fan-beads\/#primaryimage"},"thumbnailUrl":"https:\/\/ueberlebenskunst.at\/survivalshop\/wp-content\/uploads\/2024\/12\/Reini_Rossmann_Fan_Beads_RRBead_sk.jpg","datePublished":"2024-12-02T18:47:03+00:00","dateModified":"2025-11-20T19:44:55+00:00","breadcrumb":{"@id":"https:\/\/ueberlebenskunst.at\/survivalshop\/shop\/fan-beads\/#breadcrumb"},"inLanguage":"de","potentialAction":[{"@type":"ReadAction","target":["https:\/\/ueberlebenskunst.at\/survivalshop\/shop\/fan-beads\/"]}]},{"@type":"ImageObject","inLanguage":"de","@id":"https:\/\/ueberlebenskunst.at\/survivalshop\/shop\/fan-beads\/#primaryimage","url":"https:\/\/ueberlebenskunst.at\/survivalshop\/wp-content\/uploads\/2024\/12\/Reini_Rossmann_Fan_Beads_RRBead_sk.jpg","contentUrl":"https:\/\/ueberlebenskunst.at\/survivalshop\/wp-content\/uploads\/2024\/12\/Reini_Rossmann_Fan_Beads_RRBead_sk.jpg","width":400,"height":400},{"@type":"BreadcrumbList","@id":"https:\/\/ueberlebenskunst.at\/survivalshop\/shop\/fan-beads\/#breadcrumb","itemListElement":[{"@type":"ListItem","position":1,"name":"Startseite","item":"https:\/\/ueberlebenskunst.at\/survivalshop\/"},{"@type":"ListItem","position":2,"name":"Shop","item":"https:\/\/ueberlebenskunst.at\/survivalshop\/shop\/"},{"@type":"ListItem","position":3,"name":"Reini Rossmann Fan Beads"}]},{"@type":"WebSite","@id":"https:\/\/ueberlebenskunst.at\/survivalshop\/#website","url":"https:\/\/ueberlebenskunst.at\/survivalshop\/","name":"Reini Rossmann - Survival Shop","description":"Survival Shop f\u00fcr Survival, Bushcraft und Prepper","potentialAction":[{"@type":"SearchAction","target":{"@type":"EntryPoint","urlTemplate":"https:\/\/ueberlebenskunst.at\/survivalshop\/?s={search_term_string}"},"query-input":{"@type":"PropertyValueSpecification","valueRequired":true,"valueName":"search_term_string"}}],"inLanguage":"de"}]}},"_links":{"self":[{"href":"https:\/\/ueberlebenskunst.at\/survivalshop\/wp-json\/wp\/v2\/product\/178899","targetHints":{"allow":["GET"]}}],"collection":[{"href":"https:\/\/ueberlebenskunst.at\/survivalshop\/wp-json\/wp\/v2\/product"}],"about":[{"href":"https:\/\/ueberlebenskunst.at\/survivalshop\/wp-json\/wp\/v2\/types\/product"}],"replies":[{"embeddable":true,"href":"https:\/\/ueberlebenskunst.at\/survivalshop\/wp-json\/wp\/v2\/comments?post=178899"}],"wp:featuredmedia":[{"embeddable":true,"href":"https:\/\/ueberlebenskunst.at\/survivalshop\/wp-json\/wp\/v2\/media\/179560"}],"wp:attachment":[{"href":"https:\/\/ueberlebenskunst.at\/survivalshop\/wp-json\/wp\/v2\/media?parent=178899"}],"wp:term":[{"taxonomy":"product_brand","embeddable":true,"href":"https:\/\/ueberlebenskunst.at\/survivalshop\/wp-json\/wp\/v2\/product_brand?post=178899"},{"taxonomy":"product_cat","embeddable":true,"href":"https:\/\/ueberlebenskunst.at\/survivalshop\/wp-json\/wp\/v2\/product_cat?post=178899"},{"taxonomy":"product_tag","embeddable":true,"href":"https:\/\/ueberlebenskunst.at\/survivalshop\/wp-json\/wp\/v2\/product_tag?post=178899"}],"curies":[{"name":"wp","href":"https:\/\/api.w.org\/{rel}","templated":true}]}}