{"id":17879,"date":"2020-10-14T21:31:25","date_gmt":"2020-10-14T19:31:25","guid":{"rendered":"https:\/\/ueberlebenskunst.at\/survivalshop\/survivalshop\/?post_type=product&#038;p=17879"},"modified":"2024-03-21T07:55:35","modified_gmt":"2024-03-21T06:55:35","slug":"aufbewahrungsbox-small","status":"seo-produkt","type":"product","link":"https:\/\/ueberlebenskunst.at\/survivalshop\/shop\/aufbewahrungsbox-small\/","title":{"rendered":"Aufbewahrungsbox 12x10x3,5cm small"},"content":{"rendered":"<p><span class=\"main\">Die Aufbewahrungsbox small ist ideal um kleinere Gegenst\u00e4nde zu verstauen. Die Box ist durch die Gummidichtung wasserdicht und dank des Materials Polypropylen best\u00e4ndig gegen mechanische Besch\u00e4digung. Da sie nur 67g leicht ist, erh\u00f6hst du nur minimal dein Gesamtgewicht, bringst jedoch Ordnung in deine Ausr\u00fcstung. Im Deckel befindet sich ein Spiegel, den du nat\u00fcrlich als solches verwenden kannst oder oder\u00a0 ihn zur Not auch als z.b.: Notsignalgeber nutzen kannst.<br \/>\n<\/span><\/p>\n<p>Eine Zus\u00e4tzliche \u00d6se am rechten hintern Eck, kannst die Box auch mit <a href=\"https:\/\/ueberlebenskunst.at\/survivalshop\/shop\/taktischer-karabiner-molle-2-stueck\/\" target=\"_blank\" rel=\"noopener noreferrer\">Karabiner<\/a> oder <a href=\"https:\/\/ueberlebenskunst.at\/survivalshop\/shop\/paracord-leine-30-meter\/\" target=\"_blank\" rel=\"noopener noreferrer\">Seilen<\/a> am <a href=\"https:\/\/ueberlebenskunst.at\/survivalshop\/survivalshop\/kategorie\/rucksaecke\/\" target=\"_blank\" rel=\"noopener noreferrer\">Rucksack<\/a> au\u00dfen angebracht werden oder anderwertig aufgeh\u00e4ngt werden.<\/p>\n<p>Technische Daten:<\/p>\n<p><span class=\"main\">Material: 100% Polypropylen<br \/>\nAbmessungen: 12 x 10 x 3,5 cm<br \/>\nGesamtgewicht: 76 g<\/span><\/p>\n<p><span class=\"main\">\u00a0<\/span><\/p>\n","protected":false},"excerpt":{"rendered":"<p>Die Aufbewahrungsbox small ist ideal um kleinere Gegenst\u00e4nde zu verstauen. Die Box ist durch die Gummidichtung wasserdicht und dank des Materials Polypropylen best\u00e4ndig gegen mechanische Besch\u00e4digung. Da sie nur 67g leicht ist, erh\u00f6hst du nur minimal dein Gesamtgewicht, bringst jedoch Ordnung in deine Ausr\u00fcstung. Im Deckel befindet sich ein Spiegel, den du nat\u00fcrlich als solches [&hellip;]<\/p>\n","protected":false},"featured_media":17882,"comment_status":"open","ping_status":"closed","template":"","meta":{"_acf_changed":false},"product_brand":[],"product_cat":[426],"product_tag":[],"class_list":{"0":"post-17879","1":"product","2":"type-product","3":"status-seo-produkt","4":"has-post-thumbnail","6":"product_cat-unkategorisiert","8":"first","9":"outofstock","10":"taxable","11":"shipping-taxable","12":"product-type-simple"},"acf":[],"yoast_head":"<!-- This site is optimized with the Yoast SEO plugin v27.1.1 - https:\/\/yoast.com\/product\/yoast-seo-wordpress\/ -->\n<title>Aufbewahrungsbox 12x10x3,5cm small wasserdicht und \u00e4u\u00dferst leicht<\/title>\n<meta name=\"description\" content=\"Die Aufbewahrungsbox small sch\u00fctzt den Inhalt dank Gummidichtung vor Wasser. Der Spiegel im Deckel kann als Notsignaler genutzt werden.\" \/>\n<meta name=\"robots\" content=\"index, follow, max-snippet:-1, max-image-preview:large, max-video-preview:-1\" \/>\n<link rel=\"canonical\" href=\"https:\/\/ueberlebenskunst.at\/survivalshop\/shop\/aufbewahrungsbox-small\/\" \/>\n<meta property=\"og:locale\" content=\"de_DE\" \/>\n<meta property=\"og:type\" content=\"article\" \/>\n<meta property=\"og:title\" content=\"Aufbewahrungsbox 12x10x3,5cm small wasserdicht und \u00e4u\u00dferst leicht\" \/>\n<meta property=\"og:description\" content=\"Die Aufbewahrungsbox small sch\u00fctzt den Inhalt dank Gummidichtung vor Wasser. Der Spiegel im Deckel kann als Notsignaler genutzt werden.\" \/>\n<meta property=\"og:url\" content=\"https:\/\/ueberlebenskunst.at\/survivalshop\/shop\/aufbewahrungsbox-small\/\" \/>\n<meta property=\"og:site_name\" content=\"Reini Rossmann - Survival Shop\" \/>\n<meta property=\"article:publisher\" content=\"https:\/\/www.facebook.com\/survival24.org\/\" \/>\n<meta property=\"article:modified_time\" content=\"2024-03-21T06:55:35+00:00\" \/>\n<meta property=\"og:image\" content=\"https:\/\/ueberlebenskunst.at\/survivalshop\/wp-content\/uploads\/2020\/10\/AB03_16028100_32794.jpg\" \/>\n\t<meta property=\"og:image:width\" content=\"796\" \/>\n\t<meta property=\"og:image:height\" content=\"620\" \/>\n\t<meta property=\"og:image:type\" content=\"image\/jpeg\" \/>\n<meta name=\"twitter:card\" content=\"summary_large_image\" \/>\n<meta name=\"twitter:label1\" content=\"Gesch\u00e4tzte Lesezeit\" \/>\n\t<meta name=\"twitter:data1\" content=\"1\u00a0Minute\" \/>\n<script type=\"application\/ld+json\" class=\"yoast-schema-graph\">{\"@context\":\"https:\/\/schema.org\",\"@graph\":[{\"@type\":\"WebPage\",\"@id\":\"https:\/\/ueberlebenskunst.at\/survivalshop\/shop\/aufbewahrungsbox-small\/\",\"url\":\"https:\/\/ueberlebenskunst.at\/survivalshop\/shop\/aufbewahrungsbox-small\/\",\"name\":\"Aufbewahrungsbox 12x10x3,5cm small wasserdicht und \u00e4u\u00dferst leicht\",\"isPartOf\":{\"@id\":\"https:\/\/ueberlebenskunst.at\/survivalshop\/#website\"},\"primaryImageOfPage\":{\"@id\":\"https:\/\/ueberlebenskunst.at\/survivalshop\/shop\/aufbewahrungsbox-small\/#primaryimage\"},\"image\":{\"@id\":\"https:\/\/ueberlebenskunst.at\/survivalshop\/shop\/aufbewahrungsbox-small\/#primaryimage\"},\"thumbnailUrl\":\"https:\/\/ueberlebenskunst.at\/survivalshop\/wp-content\/uploads\/2020\/10\/AB03_16028100_32794.jpg\",\"datePublished\":\"2020-10-14T19:31:25+00:00\",\"dateModified\":\"2024-03-21T06:55:35+00:00\",\"description\":\"Die Aufbewahrungsbox small sch\u00fctzt den Inhalt dank Gummidichtung vor Wasser. Der Spiegel im Deckel kann als Notsignaler genutzt werden.\",\"breadcrumb\":{\"@id\":\"https:\/\/ueberlebenskunst.at\/survivalshop\/shop\/aufbewahrungsbox-small\/#breadcrumb\"},\"inLanguage\":\"de\",\"potentialAction\":[{\"@type\":\"ReadAction\",\"target\":[\"https:\/\/ueberlebenskunst.at\/survivalshop\/shop\/aufbewahrungsbox-small\/\"]}]},{\"@type\":\"ImageObject\",\"inLanguage\":\"de\",\"@id\":\"https:\/\/ueberlebenskunst.at\/survivalshop\/shop\/aufbewahrungsbox-small\/#primaryimage\",\"url\":\"https:\/\/ueberlebenskunst.at\/survivalshop\/wp-content\/uploads\/2020\/10\/AB03_16028100_32794.jpg\",\"contentUrl\":\"https:\/\/ueberlebenskunst.at\/survivalshop\/wp-content\/uploads\/2020\/10\/AB03_16028100_32794.jpg\",\"width\":796,\"height\":620},{\"@type\":\"BreadcrumbList\",\"@id\":\"https:\/\/ueberlebenskunst.at\/survivalshop\/shop\/aufbewahrungsbox-small\/#breadcrumb\",\"itemListElement\":[{\"@type\":\"ListItem\",\"position\":1,\"name\":\"Startseite\",\"item\":\"https:\/\/ueberlebenskunst.at\/survivalshop\/\"},{\"@type\":\"ListItem\",\"position\":2,\"name\":\"Shop\",\"item\":\"https:\/\/ueberlebenskunst.at\/survivalshop\/shop\/\"},{\"@type\":\"ListItem\",\"position\":3,\"name\":\"Aufbewahrungsbox 12x10x3,5cm small\"}]},{\"@type\":\"WebSite\",\"@id\":\"https:\/\/ueberlebenskunst.at\/survivalshop\/#website\",\"url\":\"https:\/\/ueberlebenskunst.at\/survivalshop\/\",\"name\":\"Reini Rossmann - Survival Shop\",\"description\":\"Survival Shop f\u00fcr Survival, Bushcraft und Prepper\",\"potentialAction\":[{\"@type\":\"SearchAction\",\"target\":{\"@type\":\"EntryPoint\",\"urlTemplate\":\"https:\/\/ueberlebenskunst.at\/survivalshop\/?s={search_term_string}\"},\"query-input\":{\"@type\":\"PropertyValueSpecification\",\"valueRequired\":true,\"valueName\":\"search_term_string\"}}],\"inLanguage\":\"de\"}]}<\/script>\n<!-- \/ Yoast SEO plugin. -->","yoast_head_json":{"title":"Aufbewahrungsbox 12x10x3,5cm small wasserdicht und \u00e4u\u00dferst leicht","description":"Die Aufbewahrungsbox small sch\u00fctzt den Inhalt dank Gummidichtung vor Wasser. Der Spiegel im Deckel kann als Notsignaler genutzt werden.","robots":{"index":"index","follow":"follow","max-snippet":"max-snippet:-1","max-image-preview":"max-image-preview:large","max-video-preview":"max-video-preview:-1"},"canonical":"https:\/\/ueberlebenskunst.at\/survivalshop\/shop\/aufbewahrungsbox-small\/","og_locale":"de_DE","og_type":"article","og_title":"Aufbewahrungsbox 12x10x3,5cm small wasserdicht und \u00e4u\u00dferst leicht","og_description":"Die Aufbewahrungsbox small sch\u00fctzt den Inhalt dank Gummidichtung vor Wasser. Der Spiegel im Deckel kann als Notsignaler genutzt werden.","og_url":"https:\/\/ueberlebenskunst.at\/survivalshop\/shop\/aufbewahrungsbox-small\/","og_site_name":"Reini Rossmann - Survival Shop","article_publisher":"https:\/\/www.facebook.com\/survival24.org\/","article_modified_time":"2024-03-21T06:55:35+00:00","og_image":[{"width":796,"height":620,"url":"https:\/\/ueberlebenskunst.at\/survivalshop\/wp-content\/uploads\/2020\/10\/AB03_16028100_32794.jpg","type":"image\/jpeg"}],"twitter_card":"summary_large_image","twitter_misc":{"Gesch\u00e4tzte Lesezeit":"1\u00a0Minute"},"schema":{"@context":"https:\/\/schema.org","@graph":[{"@type":"WebPage","@id":"https:\/\/ueberlebenskunst.at\/survivalshop\/shop\/aufbewahrungsbox-small\/","url":"https:\/\/ueberlebenskunst.at\/survivalshop\/shop\/aufbewahrungsbox-small\/","name":"Aufbewahrungsbox 12x10x3,5cm small wasserdicht und \u00e4u\u00dferst leicht","isPartOf":{"@id":"https:\/\/ueberlebenskunst.at\/survivalshop\/#website"},"primaryImageOfPage":{"@id":"https:\/\/ueberlebenskunst.at\/survivalshop\/shop\/aufbewahrungsbox-small\/#primaryimage"},"image":{"@id":"https:\/\/ueberlebenskunst.at\/survivalshop\/shop\/aufbewahrungsbox-small\/#primaryimage"},"thumbnailUrl":"https:\/\/ueberlebenskunst.at\/survivalshop\/wp-content\/uploads\/2020\/10\/AB03_16028100_32794.jpg","datePublished":"2020-10-14T19:31:25+00:00","dateModified":"2024-03-21T06:55:35+00:00","description":"Die Aufbewahrungsbox small sch\u00fctzt den Inhalt dank Gummidichtung vor Wasser. Der Spiegel im Deckel kann als Notsignaler genutzt werden.","breadcrumb":{"@id":"https:\/\/ueberlebenskunst.at\/survivalshop\/shop\/aufbewahrungsbox-small\/#breadcrumb"},"inLanguage":"de","potentialAction":[{"@type":"ReadAction","target":["https:\/\/ueberlebenskunst.at\/survivalshop\/shop\/aufbewahrungsbox-small\/"]}]},{"@type":"ImageObject","inLanguage":"de","@id":"https:\/\/ueberlebenskunst.at\/survivalshop\/shop\/aufbewahrungsbox-small\/#primaryimage","url":"https:\/\/ueberlebenskunst.at\/survivalshop\/wp-content\/uploads\/2020\/10\/AB03_16028100_32794.jpg","contentUrl":"https:\/\/ueberlebenskunst.at\/survivalshop\/wp-content\/uploads\/2020\/10\/AB03_16028100_32794.jpg","width":796,"height":620},{"@type":"BreadcrumbList","@id":"https:\/\/ueberlebenskunst.at\/survivalshop\/shop\/aufbewahrungsbox-small\/#breadcrumb","itemListElement":[{"@type":"ListItem","position":1,"name":"Startseite","item":"https:\/\/ueberlebenskunst.at\/survivalshop\/"},{"@type":"ListItem","position":2,"name":"Shop","item":"https:\/\/ueberlebenskunst.at\/survivalshop\/shop\/"},{"@type":"ListItem","position":3,"name":"Aufbewahrungsbox 12x10x3,5cm small"}]},{"@type":"WebSite","@id":"https:\/\/ueberlebenskunst.at\/survivalshop\/#website","url":"https:\/\/ueberlebenskunst.at\/survivalshop\/","name":"Reini Rossmann - Survival Shop","description":"Survival Shop f\u00fcr Survival, Bushcraft und Prepper","potentialAction":[{"@type":"SearchAction","target":{"@type":"EntryPoint","urlTemplate":"https:\/\/ueberlebenskunst.at\/survivalshop\/?s={search_term_string}"},"query-input":{"@type":"PropertyValueSpecification","valueRequired":true,"valueName":"search_term_string"}}],"inLanguage":"de"}]}},"_links":{"self":[{"href":"https:\/\/ueberlebenskunst.at\/survivalshop\/wp-json\/wp\/v2\/product\/17879","targetHints":{"allow":["GET"]}}],"collection":[{"href":"https:\/\/ueberlebenskunst.at\/survivalshop\/wp-json\/wp\/v2\/product"}],"about":[{"href":"https:\/\/ueberlebenskunst.at\/survivalshop\/wp-json\/wp\/v2\/types\/product"}],"replies":[{"embeddable":true,"href":"https:\/\/ueberlebenskunst.at\/survivalshop\/wp-json\/wp\/v2\/comments?post=17879"}],"wp:featuredmedia":[{"embeddable":true,"href":"https:\/\/ueberlebenskunst.at\/survivalshop\/wp-json\/wp\/v2\/media\/17882"}],"wp:attachment":[{"href":"https:\/\/ueberlebenskunst.at\/survivalshop\/wp-json\/wp\/v2\/media?parent=17879"}],"wp:term":[{"taxonomy":"product_brand","embeddable":true,"href":"https:\/\/ueberlebenskunst.at\/survivalshop\/wp-json\/wp\/v2\/product_brand?post=17879"},{"taxonomy":"product_cat","embeddable":true,"href":"https:\/\/ueberlebenskunst.at\/survivalshop\/wp-json\/wp\/v2\/product_cat?post=17879"},{"taxonomy":"product_tag","embeddable":true,"href":"https:\/\/ueberlebenskunst.at\/survivalshop\/wp-json\/wp\/v2\/product_tag?post=17879"}],"curies":[{"name":"wp","href":"https:\/\/api.w.org\/{rel}","templated":true}]}}