{"id":17863,"date":"2020-10-14T20:33:56","date_gmt":"2020-10-14T18:33:56","guid":{"rendered":"https:\/\/ueberlebenskunst.at\/survivalshop\/survivalshop\/?post_type=product&#038;p=17863"},"modified":"2024-03-21T07:55:52","modified_gmt":"2024-03-21T06:55:52","slug":"first-aid-kit-waterproof","status":"seo-produkt","type":"product","link":"https:\/\/ueberlebenskunst.at\/survivalshop\/shop\/first-aid-kit-waterproof\/","title":{"rendered":"Erste Hilfe Set &#8220;Waterproof&#8221; Survivalorange"},"content":{"rendered":"<p><iframe hcb-fetch-image-from=\"https:\/\/www.youtube.com\/watch?v=d5ahJ1WIczQ\" title=\"wasserdicht, stabil und oranges EH Set? | Erste Hilfe Ausr\u00fcstung\" width=\"640\" height=\"360\" src=\"https:\/\/www.youtube.com\/embed\/d5ahJ1WIczQ?feature=oembed\" frameborder=\"0\" allow=\"accelerometer; autoplay; clipboard-write; encrypted-media; gyroscope; picture-in-picture; web-share\" referrerpolicy=\"strict-origin-when-cross-origin\" allowfullscreen><\/iframe><\/p>\n<p><span class=\"main\">Das First Aid Kit Waterproof ist nach IP68 Standard wasserdicht und bis zu 1000kg Belastbar ohne das es bricht. Der Inhalt ist dadurch vor Wasser und St\u00f6\u00dfen gesch\u00fctzt, was dazu verleitet auch andere wichtige Gegenst\u00e4nde, wie Wertsachen, Handy , Unterlagen udgl. darin zu verstauen.\u00a0<\/span><\/p>\n<p>Abmessungen: L=19cm B=12cm H= 9cm<\/p>\n<p>Die Box beinhaltet bei der Auslieferung folgende Materialien:<br \/>\n1Stk\u00a0 Schere<br \/>\n<span class=\"main\">1Stk\u00a0 Rettungsdecke<br \/>\n5Stk\u00a0 Heftpflaster<br \/>\n2Pkg 5x5cm Mullbinden<br \/>\n2Stk Mullbinden 7,5 cm x 4 m<\/span><span class=\"main\"><br \/>\n3Stk Feuchtt\u00fccher<br \/>\n3Stk sterile Feuchtt\u00fccher<br \/>\n1Stk Micropore-Tape<br \/>\n1 Paar latexfreie Handschuhe<br \/>\n1Stk Mund zu Mund Beatmungsmaske<\/span><\/p>\n","protected":false},"excerpt":{"rendered":"<p>Wasserdicht und Sto\u00dffest und Platz f\u00fcr andere wichtige Dinge<\/p>\n","protected":false},"featured_media":17864,"comment_status":"open","ping_status":"closed","template":"","meta":{"_acf_changed":false},"product_brand":[],"product_cat":[426],"product_tag":[538,754,264],"class_list":{"0":"post-17863","1":"product","2":"type-product","3":"status-seo-produkt","4":"has-post-thumbnail","6":"product_cat-unkategorisiert","7":"product_tag-survival-erste-hilfe","8":"product_tag-survivalorange","9":"product_tag-wasserdicht","11":"first","12":"outofstock","13":"taxable","14":"shipping-taxable","15":"product-type-simple"},"acf":[],"yoast_head":"<!-- This site is optimized with the Yoast SEO plugin v27.1.1 - https:\/\/yoast.com\/product\/yoast-seo-wordpress\/ -->\n<title>Erste Hilfe Set &quot;Waterproof&quot; Survivalorange wasserdicht und belastbar bis 1000kg<\/title>\n<meta name=\"description\" content=\"Mit dem First Aid Kit Waterproof istjeglicher Inhalt vor Wasser und einer Belastung von bis zu 1000kg gesch\u00fctzt.\" \/>\n<meta name=\"robots\" content=\"index, follow, max-snippet:-1, max-image-preview:large, max-video-preview:-1\" \/>\n<link rel=\"canonical\" href=\"https:\/\/ueberlebenskunst.at\/survivalshop\/shop\/first-aid-kit-waterproof\/\" \/>\n<meta property=\"og:locale\" content=\"de_DE\" \/>\n<meta property=\"og:type\" content=\"article\" \/>\n<meta property=\"og:title\" content=\"Erste Hilfe Set &quot;Waterproof&quot; Survivalorange wasserdicht und belastbar bis 1000kg\" \/>\n<meta property=\"og:description\" content=\"Mit dem First Aid Kit Waterproof istjeglicher Inhalt vor Wasser und einer Belastung von bis zu 1000kg gesch\u00fctzt.\" \/>\n<meta property=\"og:url\" content=\"https:\/\/ueberlebenskunst.at\/survivalshop\/shop\/first-aid-kit-waterproof\/\" \/>\n<meta property=\"og:site_name\" content=\"Reini Rossmann - Survival Shop\" \/>\n<meta property=\"article:publisher\" content=\"https:\/\/www.facebook.com\/survival24.org\/\" \/>\n<meta property=\"article:modified_time\" content=\"2024-03-21T06:55:52+00:00\" \/>\n<meta property=\"og:image\" content=\"https:\/\/ueberlebenskunst.at\/survivalshop\/wp-content\/uploads\/2020\/10\/AB03_16025714_32792.jpg\" \/>\n\t<meta property=\"og:image:width\" content=\"462\" \/>\n\t<meta property=\"og:image:height\" content=\"515\" \/>\n\t<meta property=\"og:image:type\" content=\"image\/jpeg\" \/>\n<meta name=\"twitter:card\" content=\"summary_large_image\" \/>\n<meta name=\"twitter:label1\" content=\"Gesch\u00e4tzte Lesezeit\" \/>\n\t<meta name=\"twitter:data1\" content=\"1\u00a0Minute\" \/>\n<script type=\"application\/ld+json\" class=\"yoast-schema-graph\">{\"@context\":\"https:\/\/schema.org\",\"@graph\":[{\"@type\":\"WebPage\",\"@id\":\"https:\/\/ueberlebenskunst.at\/survivalshop\/shop\/first-aid-kit-waterproof\/\",\"url\":\"https:\/\/ueberlebenskunst.at\/survivalshop\/shop\/first-aid-kit-waterproof\/\",\"name\":\"Erste Hilfe Set \\\"Waterproof\\\" Survivalorange wasserdicht und belastbar bis 1000kg\",\"isPartOf\":{\"@id\":\"https:\/\/ueberlebenskunst.at\/survivalshop\/#website\"},\"primaryImageOfPage\":{\"@id\":\"https:\/\/ueberlebenskunst.at\/survivalshop\/shop\/first-aid-kit-waterproof\/#primaryimage\"},\"image\":{\"@id\":\"https:\/\/ueberlebenskunst.at\/survivalshop\/shop\/first-aid-kit-waterproof\/#primaryimage\"},\"thumbnailUrl\":\"https:\/\/ueberlebenskunst.at\/survivalshop\/wp-content\/uploads\/2020\/10\/AB03_16025714_32792.jpg\",\"datePublished\":\"2020-10-14T18:33:56+00:00\",\"dateModified\":\"2024-03-21T06:55:52+00:00\",\"description\":\"Mit dem First Aid Kit Waterproof istjeglicher Inhalt vor Wasser und einer Belastung von bis zu 1000kg gesch\u00fctzt.\",\"breadcrumb\":{\"@id\":\"https:\/\/ueberlebenskunst.at\/survivalshop\/shop\/first-aid-kit-waterproof\/#breadcrumb\"},\"inLanguage\":\"de\",\"potentialAction\":[{\"@type\":\"ReadAction\",\"target\":[\"https:\/\/ueberlebenskunst.at\/survivalshop\/shop\/first-aid-kit-waterproof\/\"]}]},{\"@type\":\"ImageObject\",\"inLanguage\":\"de\",\"@id\":\"https:\/\/ueberlebenskunst.at\/survivalshop\/shop\/first-aid-kit-waterproof\/#primaryimage\",\"url\":\"https:\/\/ueberlebenskunst.at\/survivalshop\/wp-content\/uploads\/2020\/10\/AB03_16025714_32792.jpg\",\"contentUrl\":\"https:\/\/ueberlebenskunst.at\/survivalshop\/wp-content\/uploads\/2020\/10\/AB03_16025714_32792.jpg\",\"width\":462,\"height\":515},{\"@type\":\"BreadcrumbList\",\"@id\":\"https:\/\/ueberlebenskunst.at\/survivalshop\/shop\/first-aid-kit-waterproof\/#breadcrumb\",\"itemListElement\":[{\"@type\":\"ListItem\",\"position\":1,\"name\":\"Startseite\",\"item\":\"https:\/\/ueberlebenskunst.at\/survivalshop\/\"},{\"@type\":\"ListItem\",\"position\":2,\"name\":\"Shop\",\"item\":\"https:\/\/ueberlebenskunst.at\/survivalshop\/shop\/\"},{\"@type\":\"ListItem\",\"position\":3,\"name\":\"Erste Hilfe Set &#8220;Waterproof&#8221; Survivalorange\"}]},{\"@type\":\"WebSite\",\"@id\":\"https:\/\/ueberlebenskunst.at\/survivalshop\/#website\",\"url\":\"https:\/\/ueberlebenskunst.at\/survivalshop\/\",\"name\":\"Reini Rossmann - Survival Shop\",\"description\":\"Survival Shop f\u00fcr Survival, Bushcraft und Prepper\",\"potentialAction\":[{\"@type\":\"SearchAction\",\"target\":{\"@type\":\"EntryPoint\",\"urlTemplate\":\"https:\/\/ueberlebenskunst.at\/survivalshop\/?s={search_term_string}\"},\"query-input\":{\"@type\":\"PropertyValueSpecification\",\"valueRequired\":true,\"valueName\":\"search_term_string\"}}],\"inLanguage\":\"de\"}]}<\/script>\n<!-- \/ Yoast SEO plugin. -->","yoast_head_json":{"title":"Erste Hilfe Set \"Waterproof\" Survivalorange wasserdicht und belastbar bis 1000kg","description":"Mit dem First Aid Kit Waterproof istjeglicher Inhalt vor Wasser und einer Belastung von bis zu 1000kg gesch\u00fctzt.","robots":{"index":"index","follow":"follow","max-snippet":"max-snippet:-1","max-image-preview":"max-image-preview:large","max-video-preview":"max-video-preview:-1"},"canonical":"https:\/\/ueberlebenskunst.at\/survivalshop\/shop\/first-aid-kit-waterproof\/","og_locale":"de_DE","og_type":"article","og_title":"Erste Hilfe Set \"Waterproof\" Survivalorange wasserdicht und belastbar bis 1000kg","og_description":"Mit dem First Aid Kit Waterproof istjeglicher Inhalt vor Wasser und einer Belastung von bis zu 1000kg gesch\u00fctzt.","og_url":"https:\/\/ueberlebenskunst.at\/survivalshop\/shop\/first-aid-kit-waterproof\/","og_site_name":"Reini Rossmann - Survival Shop","article_publisher":"https:\/\/www.facebook.com\/survival24.org\/","article_modified_time":"2024-03-21T06:55:52+00:00","og_image":[{"width":462,"height":515,"url":"https:\/\/ueberlebenskunst.at\/survivalshop\/wp-content\/uploads\/2020\/10\/AB03_16025714_32792.jpg","type":"image\/jpeg"}],"twitter_card":"summary_large_image","twitter_misc":{"Gesch\u00e4tzte Lesezeit":"1\u00a0Minute"},"schema":{"@context":"https:\/\/schema.org","@graph":[{"@type":"WebPage","@id":"https:\/\/ueberlebenskunst.at\/survivalshop\/shop\/first-aid-kit-waterproof\/","url":"https:\/\/ueberlebenskunst.at\/survivalshop\/shop\/first-aid-kit-waterproof\/","name":"Erste Hilfe Set \"Waterproof\" Survivalorange wasserdicht und belastbar bis 1000kg","isPartOf":{"@id":"https:\/\/ueberlebenskunst.at\/survivalshop\/#website"},"primaryImageOfPage":{"@id":"https:\/\/ueberlebenskunst.at\/survivalshop\/shop\/first-aid-kit-waterproof\/#primaryimage"},"image":{"@id":"https:\/\/ueberlebenskunst.at\/survivalshop\/shop\/first-aid-kit-waterproof\/#primaryimage"},"thumbnailUrl":"https:\/\/ueberlebenskunst.at\/survivalshop\/wp-content\/uploads\/2020\/10\/AB03_16025714_32792.jpg","datePublished":"2020-10-14T18:33:56+00:00","dateModified":"2024-03-21T06:55:52+00:00","description":"Mit dem First Aid Kit Waterproof istjeglicher Inhalt vor Wasser und einer Belastung von bis zu 1000kg gesch\u00fctzt.","breadcrumb":{"@id":"https:\/\/ueberlebenskunst.at\/survivalshop\/shop\/first-aid-kit-waterproof\/#breadcrumb"},"inLanguage":"de","potentialAction":[{"@type":"ReadAction","target":["https:\/\/ueberlebenskunst.at\/survivalshop\/shop\/first-aid-kit-waterproof\/"]}]},{"@type":"ImageObject","inLanguage":"de","@id":"https:\/\/ueberlebenskunst.at\/survivalshop\/shop\/first-aid-kit-waterproof\/#primaryimage","url":"https:\/\/ueberlebenskunst.at\/survivalshop\/wp-content\/uploads\/2020\/10\/AB03_16025714_32792.jpg","contentUrl":"https:\/\/ueberlebenskunst.at\/survivalshop\/wp-content\/uploads\/2020\/10\/AB03_16025714_32792.jpg","width":462,"height":515},{"@type":"BreadcrumbList","@id":"https:\/\/ueberlebenskunst.at\/survivalshop\/shop\/first-aid-kit-waterproof\/#breadcrumb","itemListElement":[{"@type":"ListItem","position":1,"name":"Startseite","item":"https:\/\/ueberlebenskunst.at\/survivalshop\/"},{"@type":"ListItem","position":2,"name":"Shop","item":"https:\/\/ueberlebenskunst.at\/survivalshop\/shop\/"},{"@type":"ListItem","position":3,"name":"Erste Hilfe Set &#8220;Waterproof&#8221; Survivalorange"}]},{"@type":"WebSite","@id":"https:\/\/ueberlebenskunst.at\/survivalshop\/#website","url":"https:\/\/ueberlebenskunst.at\/survivalshop\/","name":"Reini Rossmann - Survival Shop","description":"Survival Shop f\u00fcr Survival, Bushcraft und Prepper","potentialAction":[{"@type":"SearchAction","target":{"@type":"EntryPoint","urlTemplate":"https:\/\/ueberlebenskunst.at\/survivalshop\/?s={search_term_string}"},"query-input":{"@type":"PropertyValueSpecification","valueRequired":true,"valueName":"search_term_string"}}],"inLanguage":"de"}]}},"_links":{"self":[{"href":"https:\/\/ueberlebenskunst.at\/survivalshop\/wp-json\/wp\/v2\/product\/17863","targetHints":{"allow":["GET"]}}],"collection":[{"href":"https:\/\/ueberlebenskunst.at\/survivalshop\/wp-json\/wp\/v2\/product"}],"about":[{"href":"https:\/\/ueberlebenskunst.at\/survivalshop\/wp-json\/wp\/v2\/types\/product"}],"replies":[{"embeddable":true,"href":"https:\/\/ueberlebenskunst.at\/survivalshop\/wp-json\/wp\/v2\/comments?post=17863"}],"wp:featuredmedia":[{"embeddable":true,"href":"https:\/\/ueberlebenskunst.at\/survivalshop\/wp-json\/wp\/v2\/media\/17864"}],"wp:attachment":[{"href":"https:\/\/ueberlebenskunst.at\/survivalshop\/wp-json\/wp\/v2\/media?parent=17863"}],"wp:term":[{"taxonomy":"product_brand","embeddable":true,"href":"https:\/\/ueberlebenskunst.at\/survivalshop\/wp-json\/wp\/v2\/product_brand?post=17863"},{"taxonomy":"product_cat","embeddable":true,"href":"https:\/\/ueberlebenskunst.at\/survivalshop\/wp-json\/wp\/v2\/product_cat?post=17863"},{"taxonomy":"product_tag","embeddable":true,"href":"https:\/\/ueberlebenskunst.at\/survivalshop\/wp-json\/wp\/v2\/product_tag?post=17863"}],"curies":[{"name":"wp","href":"https:\/\/api.w.org\/{rel}","templated":true}]}}