{"id":178546,"date":"2024-11-29T13:02:29","date_gmt":"2024-11-29T12:02:29","guid":{"rendered":"https:\/\/ueberlebenskunst.at\/survivalshop\/?post_type=product&#038;p=178546"},"modified":"2025-10-09T14:40:09","modified_gmt":"2025-10-09T12:40:09","slug":"berserk-blades-rak","status":"seo-produkt","type":"product","link":"https:\/\/ueberlebenskunst.at\/survivalshop\/shop\/berserk-blades-rak\/","title":{"rendered":"Berserk Blades RAK"},"content":{"rendered":"<p>Mit Berserk Blades bringt eine Marke frischen Wind in die Welt historischer Klingen. Inspiriert von der Epoche der Wikinger, jedoch modern interpretiert, das Neck-Knife RAK.<\/p>\n<p>Dieses kleine, robuste Messer kombiniert die klassische Sax-Klingenform mit einem modernen Sheepsfoot-Design. Dank des hoch angesetzten Flachschliffs \u00fcberzeugt es mit hervorragenden Schneideigenschaften und ist bereit, jede Herausforderung anzunehmen. Das tiefenge\u00e4tzte Berserk Blades Logo am Ricasso verleiht der Klinge zus\u00e4tzlich einen besonderen Touch.<\/p>\n<p>Das durchdacht designte Fulltang-Messer punktet mit einem gro\u00dfz\u00fcgigen Fingerchoil f\u00fcr optimale Handlage \u2013 selbst bei gr\u00f6\u00dferen H\u00e4nden. Flink und pr\u00e4zise bew\u00e4ltigt es allt\u00e4gliche Aufgaben, w\u00e4hrend das Jimping am Klingenr\u00fccken zus\u00e4tzlichen Halt bei Schneidbewegungen bietet.<\/p>\n<p>Die 3D-gefr\u00e4sten Griffschalen bestehen aus selten verwendetem, gestrahltem schwarzem Acryl, das durch seine Stabilit\u00e4t, Witterungsbest\u00e4ndigkeit und edle Optik \u00fcberzeugt. Eine \u00d6se f\u00fcr ein Lanyard bietet die M\u00f6glichkeit, den Griff nach Bedarf zu verl\u00e4ngern.<\/p>\n<p>Das RAK wird in einer robusten Kydex-Taco-Scheide geliefert, ausgestattet mit einer Daumenrampe f\u00fcr leichtes Ziehen. Die \u00d6sen erm\u00f6glichen verschiedene Trageoptionen, wie die horizontale Scout-Carry-Befestigung mit separat erh\u00e4ltlichen Belt-Loops. Alternativ kannst du es mit der beiliegenden schwarzen Gliederkette diskret um den Hals tragen. Um das minimalistische Design zu unterstreichen, wurde auf eine Laserbeschriftung der Stahlsorte bewusst verzichtet. Gefertigt aus rostfreiem 9Cr18Mov-Stahl, bietet das RAK eine ausgezeichnete Schnitthaltigkeit, \u00e4hnlich dem bew\u00e4hrten 440C-Stahl, und l\u00e4sst sich leicht nachsch\u00e4rfen.<\/p>\n<p>Das RAK ist in zwei Varianten erh\u00e4ltlich: komplett in Schwarz mit PVD-beschichteter Klinge oder in einem markanten Stonewash-Finish.<\/p>\n<h3>Produktdetails:<\/h3>\n<ul>\n<li>Klingenmaterial: rostfreier 9Cr18Mov-Stahl<\/li>\n<li>Griffmaterial: gestrahltes Acryl<\/li>\n<li>Gesamtl\u00e4nge: ca. 15 cm<\/li>\n<li>Klingenl\u00e4nge: ca. 7,5 cm<\/li>\n<li>Klingenst\u00e4rke: ca. 3 mm<\/li>\n<li>Gewicht: ca. 45 g (mit Kydex und Kette ca. 63 g)<\/li>\n<li>Lieferumfang:Aufbewahrungsbox, Halskette, Berserk Blades Sticker<\/li>\n<\/ul>\n","protected":false},"excerpt":{"rendered":"<p>Mit Berserk Blades bringt eine Marke frischen Wind in die Welt historischer Klingen. Inspiriert von der Epoche der Wikinger, jedoch modern interpretiert, das Neck-Knife RAK. Dieses kleine, robuste Messer kombiniert die klassische Sax-Klingenform mit einem modernen Sheepsfoot-Design. Dank des hoch angesetzten Flachschliffs \u00fcberzeugt es mit hervorragenden Schneideigenschaften und ist bereit, jede Herausforderung anzunehmen. Das tiefenge\u00e4tzte [&hellip;]<\/p>\n","protected":false},"featured_media":178560,"comment_status":"open","ping_status":"closed","template":"","meta":{"_acf_changed":false},"product_brand":[],"product_cat":[426],"product_tag":[2408,616,688],"class_list":{"0":"post-178546","1":"product","2":"type-product","3":"status-seo-produkt","4":"has-post-thumbnail","6":"product_cat-unkategorisiert","7":"product_tag-berserk-blades","8":"product_tag-necki","9":"product_tag-neckknife","11":"first","12":"outofstock","13":"taxable","14":"shipping-taxable","15":"product-type-variable"},"acf":[],"yoast_head":"<!-- This site is optimized with the Yoast SEO plugin v27.1.1 - https:\/\/yoast.com\/product\/yoast-seo-wordpress\/ -->\n<title>Berserk Blades RAK - Reini Rossmann - Survival Shop<\/title>\n<meta name=\"robots\" content=\"index, follow, max-snippet:-1, max-image-preview:large, max-video-preview:-1\" \/>\n<link rel=\"canonical\" href=\"https:\/\/ueberlebenskunst.at\/survivalshop\/shop\/berserk-blades-rak\/\" \/>\n<meta property=\"og:locale\" content=\"de_DE\" \/>\n<meta property=\"og:type\" content=\"article\" \/>\n<meta property=\"og:title\" content=\"Berserk Blades RAK - Reini Rossmann - Survival Shop\" \/>\n<meta property=\"og:description\" content=\"Mit Berserk Blades bringt eine Marke frischen Wind in die Welt historischer Klingen. Inspiriert von der Epoche der Wikinger, jedoch modern interpretiert, das Neck-Knife RAK. Dieses kleine, robuste Messer kombiniert die klassische Sax-Klingenform mit einem modernen Sheepsfoot-Design. Dank des hoch angesetzten Flachschliffs \u00fcberzeugt es mit hervorragenden Schneideigenschaften und ist bereit, jede Herausforderung anzunehmen. Das tiefenge\u00e4tzte [&hellip;]\" \/>\n<meta property=\"og:url\" content=\"https:\/\/ueberlebenskunst.at\/survivalshop\/shop\/berserk-blades-rak\/\" \/>\n<meta property=\"og:site_name\" content=\"Reini Rossmann - Survival Shop\" \/>\n<meta property=\"article:publisher\" content=\"https:\/\/www.facebook.com\/survival24.org\/\" \/>\n<meta property=\"article:modified_time\" content=\"2025-10-09T12:40:09+00:00\" \/>\n<meta property=\"og:image\" content=\"https:\/\/ueberlebenskunst.at\/survivalshop\/wp-content\/uploads\/2024\/11\/rakschwarz.jpg\" \/>\n\t<meta property=\"og:image:width\" content=\"400\" \/>\n\t<meta property=\"og:image:height\" content=\"538\" \/>\n\t<meta property=\"og:image:type\" content=\"image\/jpeg\" \/>\n<meta name=\"twitter:card\" content=\"summary_large_image\" \/>\n<meta name=\"twitter:label1\" content=\"Gesch\u00e4tzte Lesezeit\" \/>\n\t<meta name=\"twitter:data1\" content=\"2\u00a0Minuten\" \/>\n<script type=\"application\/ld+json\" class=\"yoast-schema-graph\">{\"@context\":\"https:\/\/schema.org\",\"@graph\":[{\"@type\":\"WebPage\",\"@id\":\"https:\/\/ueberlebenskunst.at\/survivalshop\/shop\/berserk-blades-rak\/\",\"url\":\"https:\/\/ueberlebenskunst.at\/survivalshop\/shop\/berserk-blades-rak\/\",\"name\":\"Berserk Blades RAK - Reini Rossmann - Survival Shop\",\"isPartOf\":{\"@id\":\"https:\/\/ueberlebenskunst.at\/survivalshop\/#website\"},\"primaryImageOfPage\":{\"@id\":\"https:\/\/ueberlebenskunst.at\/survivalshop\/shop\/berserk-blades-rak\/#primaryimage\"},\"image\":{\"@id\":\"https:\/\/ueberlebenskunst.at\/survivalshop\/shop\/berserk-blades-rak\/#primaryimage\"},\"thumbnailUrl\":\"https:\/\/ueberlebenskunst.at\/survivalshop\/wp-content\/uploads\/2024\/11\/rakschwarz.jpg\",\"datePublished\":\"2024-11-29T12:02:29+00:00\",\"dateModified\":\"2025-10-09T12:40:09+00:00\",\"breadcrumb\":{\"@id\":\"https:\/\/ueberlebenskunst.at\/survivalshop\/shop\/berserk-blades-rak\/#breadcrumb\"},\"inLanguage\":\"de\",\"potentialAction\":[{\"@type\":\"ReadAction\",\"target\":[\"https:\/\/ueberlebenskunst.at\/survivalshop\/shop\/berserk-blades-rak\/\"]}]},{\"@type\":\"ImageObject\",\"inLanguage\":\"de\",\"@id\":\"https:\/\/ueberlebenskunst.at\/survivalshop\/shop\/berserk-blades-rak\/#primaryimage\",\"url\":\"https:\/\/ueberlebenskunst.at\/survivalshop\/wp-content\/uploads\/2024\/11\/rakschwarz.jpg\",\"contentUrl\":\"https:\/\/ueberlebenskunst.at\/survivalshop\/wp-content\/uploads\/2024\/11\/rakschwarz.jpg\",\"width\":400,\"height\":538},{\"@type\":\"BreadcrumbList\",\"@id\":\"https:\/\/ueberlebenskunst.at\/survivalshop\/shop\/berserk-blades-rak\/#breadcrumb\",\"itemListElement\":[{\"@type\":\"ListItem\",\"position\":1,\"name\":\"Startseite\",\"item\":\"https:\/\/ueberlebenskunst.at\/survivalshop\/\"},{\"@type\":\"ListItem\",\"position\":2,\"name\":\"Shop\",\"item\":\"https:\/\/ueberlebenskunst.at\/survivalshop\/shop\/\"},{\"@type\":\"ListItem\",\"position\":3,\"name\":\"Berserk Blades RAK\"}]},{\"@type\":\"WebSite\",\"@id\":\"https:\/\/ueberlebenskunst.at\/survivalshop\/#website\",\"url\":\"https:\/\/ueberlebenskunst.at\/survivalshop\/\",\"name\":\"Reini Rossmann - Survival Shop\",\"description\":\"Survival Shop f\u00fcr Survival, Bushcraft und Prepper\",\"potentialAction\":[{\"@type\":\"SearchAction\",\"target\":{\"@type\":\"EntryPoint\",\"urlTemplate\":\"https:\/\/ueberlebenskunst.at\/survivalshop\/?s={search_term_string}\"},\"query-input\":{\"@type\":\"PropertyValueSpecification\",\"valueRequired\":true,\"valueName\":\"search_term_string\"}}],\"inLanguage\":\"de\"}]}<\/script>\n<!-- \/ Yoast SEO plugin. -->","yoast_head_json":{"title":"Berserk Blades RAK - Reini Rossmann - Survival Shop","robots":{"index":"index","follow":"follow","max-snippet":"max-snippet:-1","max-image-preview":"max-image-preview:large","max-video-preview":"max-video-preview:-1"},"canonical":"https:\/\/ueberlebenskunst.at\/survivalshop\/shop\/berserk-blades-rak\/","og_locale":"de_DE","og_type":"article","og_title":"Berserk Blades RAK - Reini Rossmann - Survival Shop","og_description":"Mit Berserk Blades bringt eine Marke frischen Wind in die Welt historischer Klingen. Inspiriert von der Epoche der Wikinger, jedoch modern interpretiert, das Neck-Knife RAK. Dieses kleine, robuste Messer kombiniert die klassische Sax-Klingenform mit einem modernen Sheepsfoot-Design. Dank des hoch angesetzten Flachschliffs \u00fcberzeugt es mit hervorragenden Schneideigenschaften und ist bereit, jede Herausforderung anzunehmen. Das tiefenge\u00e4tzte [&hellip;]","og_url":"https:\/\/ueberlebenskunst.at\/survivalshop\/shop\/berserk-blades-rak\/","og_site_name":"Reini Rossmann - Survival Shop","article_publisher":"https:\/\/www.facebook.com\/survival24.org\/","article_modified_time":"2025-10-09T12:40:09+00:00","og_image":[{"width":400,"height":538,"url":"https:\/\/ueberlebenskunst.at\/survivalshop\/wp-content\/uploads\/2024\/11\/rakschwarz.jpg","type":"image\/jpeg"}],"twitter_card":"summary_large_image","twitter_misc":{"Gesch\u00e4tzte Lesezeit":"2\u00a0Minuten"},"schema":{"@context":"https:\/\/schema.org","@graph":[{"@type":"WebPage","@id":"https:\/\/ueberlebenskunst.at\/survivalshop\/shop\/berserk-blades-rak\/","url":"https:\/\/ueberlebenskunst.at\/survivalshop\/shop\/berserk-blades-rak\/","name":"Berserk Blades RAK - Reini Rossmann - Survival Shop","isPartOf":{"@id":"https:\/\/ueberlebenskunst.at\/survivalshop\/#website"},"primaryImageOfPage":{"@id":"https:\/\/ueberlebenskunst.at\/survivalshop\/shop\/berserk-blades-rak\/#primaryimage"},"image":{"@id":"https:\/\/ueberlebenskunst.at\/survivalshop\/shop\/berserk-blades-rak\/#primaryimage"},"thumbnailUrl":"https:\/\/ueberlebenskunst.at\/survivalshop\/wp-content\/uploads\/2024\/11\/rakschwarz.jpg","datePublished":"2024-11-29T12:02:29+00:00","dateModified":"2025-10-09T12:40:09+00:00","breadcrumb":{"@id":"https:\/\/ueberlebenskunst.at\/survivalshop\/shop\/berserk-blades-rak\/#breadcrumb"},"inLanguage":"de","potentialAction":[{"@type":"ReadAction","target":["https:\/\/ueberlebenskunst.at\/survivalshop\/shop\/berserk-blades-rak\/"]}]},{"@type":"ImageObject","inLanguage":"de","@id":"https:\/\/ueberlebenskunst.at\/survivalshop\/shop\/berserk-blades-rak\/#primaryimage","url":"https:\/\/ueberlebenskunst.at\/survivalshop\/wp-content\/uploads\/2024\/11\/rakschwarz.jpg","contentUrl":"https:\/\/ueberlebenskunst.at\/survivalshop\/wp-content\/uploads\/2024\/11\/rakschwarz.jpg","width":400,"height":538},{"@type":"BreadcrumbList","@id":"https:\/\/ueberlebenskunst.at\/survivalshop\/shop\/berserk-blades-rak\/#breadcrumb","itemListElement":[{"@type":"ListItem","position":1,"name":"Startseite","item":"https:\/\/ueberlebenskunst.at\/survivalshop\/"},{"@type":"ListItem","position":2,"name":"Shop","item":"https:\/\/ueberlebenskunst.at\/survivalshop\/shop\/"},{"@type":"ListItem","position":3,"name":"Berserk Blades RAK"}]},{"@type":"WebSite","@id":"https:\/\/ueberlebenskunst.at\/survivalshop\/#website","url":"https:\/\/ueberlebenskunst.at\/survivalshop\/","name":"Reini Rossmann - Survival Shop","description":"Survival Shop f\u00fcr Survival, Bushcraft und Prepper","potentialAction":[{"@type":"SearchAction","target":{"@type":"EntryPoint","urlTemplate":"https:\/\/ueberlebenskunst.at\/survivalshop\/?s={search_term_string}"},"query-input":{"@type":"PropertyValueSpecification","valueRequired":true,"valueName":"search_term_string"}}],"inLanguage":"de"}]}},"_links":{"self":[{"href":"https:\/\/ueberlebenskunst.at\/survivalshop\/wp-json\/wp\/v2\/product\/178546","targetHints":{"allow":["GET"]}}],"collection":[{"href":"https:\/\/ueberlebenskunst.at\/survivalshop\/wp-json\/wp\/v2\/product"}],"about":[{"href":"https:\/\/ueberlebenskunst.at\/survivalshop\/wp-json\/wp\/v2\/types\/product"}],"replies":[{"embeddable":true,"href":"https:\/\/ueberlebenskunst.at\/survivalshop\/wp-json\/wp\/v2\/comments?post=178546"}],"wp:featuredmedia":[{"embeddable":true,"href":"https:\/\/ueberlebenskunst.at\/survivalshop\/wp-json\/wp\/v2\/media\/178560"}],"wp:attachment":[{"href":"https:\/\/ueberlebenskunst.at\/survivalshop\/wp-json\/wp\/v2\/media?parent=178546"}],"wp:term":[{"taxonomy":"product_brand","embeddable":true,"href":"https:\/\/ueberlebenskunst.at\/survivalshop\/wp-json\/wp\/v2\/product_brand?post=178546"},{"taxonomy":"product_cat","embeddable":true,"href":"https:\/\/ueberlebenskunst.at\/survivalshop\/wp-json\/wp\/v2\/product_cat?post=178546"},{"taxonomy":"product_tag","embeddable":true,"href":"https:\/\/ueberlebenskunst.at\/survivalshop\/wp-json\/wp\/v2\/product_tag?post=178546"}],"curies":[{"name":"wp","href":"https:\/\/api.w.org\/{rel}","templated":true}]}}