{"id":17808,"date":"2020-10-13T19:39:43","date_gmt":"2020-10-13T17:39:43","guid":{"rendered":"https:\/\/ueberlebenskunst.at\/survivalshop\/survivalshop\/?post_type=product&#038;p=17808"},"modified":"2024-03-21T07:56:26","modified_gmt":"2024-03-21T06:56:26","slug":"tablet-case-black","status":"seo-produkt","type":"product","link":"https:\/\/ueberlebenskunst.at\/survivalshop\/shop\/tablet-case-black\/","title":{"rendered":"Tablet Case black"},"content":{"rendered":"<p>Die Tablet-Tasche bietet Platz f\u00fcr ein 10 Zoll Tablet mit maximal 26 x 118 cm Au\u00dfenabmessung. An der R\u00fcckseite ist ein <a href=\"https:\/\/ueberlebenskunst.at\/survivalshop\/survivalshop\/?s=molle&amp;post_type=product\" target=\"_blank\" rel=\"noopener noreferrer\">Molle Schlaufensystem<\/a> angebracht.<br \/>\nAn diesem finden zum Beispiel Karabiner und andere n\u00fctzliche Dinge Platz. Die Tasche kann an ein bestehendes Molle-System erweitert und adaptiert werden.<\/p>\n<p>Der \u00dcberschlag mit Griff kann \u00fcber zwei Druckkn\u00f6pfe abgenommen werden. Hinter diesem \u00dcberschlag befindet sich eine n\u00fctzliche Klettl\u00e4che von 15 cm x 10 cm freizulegen.<\/p>\n<p>Zur Sicherheit des Tabletts wurde das Innenleben mit Schaumstoff weich ausgepolstert. Der Rei\u00dfverschluss ist nahtverdeckt ausgef\u00fchrt.<br \/>\nDas Tablett kann im Inneren noch mit t4 Gummib\u00e4ndern zus\u00e4tzlich fixiert werden.<br \/>\nAm Rei\u00dfverschluss selbst befindet sich eine l\u00e4ngere Schlaufe, um das \u00d6ffnen auch mit Handschuhen zu erm\u00f6glichen.<\/p>\n<h3>Technische Daten:<\/h3>\n<p><span class=\"main\">Au\u00dfenmaterial: 100 % (Oxford) Polyester und beschichtet mit Polyvinylchlorid<br \/>\nInnenstoff: 100 % Polyester<br \/>\nInnenpolsterung: 100 % Polyethylen (Schaumstoff)<br \/>\nAbmessungen: L= 26,5 cm, B= 20 cm,\u00a0 H= 2,5 cm<\/span><\/p>\n<p>&nbsp;<\/p>\n<p>&nbsp;<\/p>\n<p><a href=\"https:\/\/ueberlebenskunst.at\/survivalshop\/survivalshop\/wp-content\/uploads\/2020\/10\/AB03_15862002_32788_Bild2.jpg\" target=\"_blank\" rel=\"noopener noreferrer\"><img decoding=\"async\" class=\"alignnone wp-image-17810\" src=\"https:\/\/ueberlebenskunst.at\/survivalshop\/survivalshop\/wp-content\/uploads\/2020\/10\/AB03_15862002_32788_Bild2-223x300.jpg\" alt=\"\" width=\"219\" height=\"295\" srcset=\"https:\/\/ueberlebenskunst.at\/survivalshop\/wp-content\/uploads\/2020\/10\/AB03_15862002_32788_Bild2-223x300.jpg 223w, https:\/\/ueberlebenskunst.at\/survivalshop\/wp-content\/uploads\/2020\/10\/AB03_15862002_32788_Bild2-300x403.jpg 300w, https:\/\/ueberlebenskunst.at\/survivalshop\/wp-content\/uploads\/2020\/10\/AB03_15862002_32788_Bild2.jpg 435w\" sizes=\"(max-width: 219px) 100vw, 219px\" \/><\/a><\/p>\n","protected":false},"excerpt":{"rendered":"<p>Schutzh\u00fclle samt Molle System<\/p>\n","protected":false},"featured_media":17809,"comment_status":"open","ping_status":"closed","template":"","meta":{"_acf_changed":false},"product_brand":[],"product_cat":[1101],"product_tag":[],"class_list":{"0":"post-17808","1":"product","2":"type-product","3":"status-seo-produkt","4":"has-post-thumbnail","6":"product_cat-ausruestung","8":"first","9":"outofstock","10":"taxable","11":"shipping-taxable","12":"product-type-simple"},"acf":[],"yoast_head":"<!-- This site is optimized with the Yoast SEO plugin v27.1.1 - https:\/\/yoast.com\/product\/yoast-seo-wordpress\/ -->\n<title>Tablet Case black Schutzh\u00fclle samt Molle-Systemschlaufen<\/title>\n<meta name=\"description\" content=\"Diese Tablet case black ist eine ausgekl\u00fcgelte Schutzh\u00fclle und bietet zus\u00e4tzliche Funktionen wie Klettfl\u00e4che und Molle- Schlaufensystem\" \/>\n<meta name=\"robots\" content=\"index, follow, max-snippet:-1, max-image-preview:large, max-video-preview:-1\" \/>\n<link rel=\"canonical\" href=\"https:\/\/ueberlebenskunst.at\/survivalshop\/shop\/tablet-case-black\/\" \/>\n<meta property=\"og:locale\" content=\"de_DE\" \/>\n<meta property=\"og:type\" content=\"article\" \/>\n<meta property=\"og:title\" content=\"Tablet Case black Schutzh\u00fclle samt Molle-Systemschlaufen\" \/>\n<meta property=\"og:description\" content=\"Diese Tablet case black ist eine ausgekl\u00fcgelte Schutzh\u00fclle und bietet zus\u00e4tzliche Funktionen wie Klettfl\u00e4che und Molle- Schlaufensystem\" \/>\n<meta property=\"og:url\" content=\"https:\/\/ueberlebenskunst.at\/survivalshop\/shop\/tablet-case-black\/\" \/>\n<meta property=\"og:site_name\" content=\"Reini Rossmann - Survival Shop\" \/>\n<meta property=\"article:publisher\" content=\"https:\/\/www.facebook.com\/survival24.org\/\" \/>\n<meta property=\"article:modified_time\" content=\"2024-03-21T06:56:26+00:00\" \/>\n<meta property=\"og:image\" content=\"https:\/\/ueberlebenskunst.at\/survivalshop\/wp-content\/uploads\/2020\/10\/AB03_15862002_32788.jpg\" \/>\n\t<meta property=\"og:image:width\" content=\"750\" \/>\n\t<meta property=\"og:image:height\" content=\"730\" \/>\n\t<meta property=\"og:image:type\" content=\"image\/jpeg\" \/>\n<meta name=\"twitter:card\" content=\"summary_large_image\" \/>\n<meta name=\"twitter:label1\" content=\"Gesch\u00e4tzte Lesezeit\" \/>\n\t<meta name=\"twitter:data1\" content=\"2\u00a0Minuten\" \/>\n<script type=\"application\/ld+json\" class=\"yoast-schema-graph\">{\"@context\":\"https:\/\/schema.org\",\"@graph\":[{\"@type\":\"WebPage\",\"@id\":\"https:\/\/ueberlebenskunst.at\/survivalshop\/shop\/tablet-case-black\/\",\"url\":\"https:\/\/ueberlebenskunst.at\/survivalshop\/shop\/tablet-case-black\/\",\"name\":\"Tablet Case black Schutzh\u00fclle samt Molle-Systemschlaufen\",\"isPartOf\":{\"@id\":\"https:\/\/ueberlebenskunst.at\/survivalshop\/#website\"},\"primaryImageOfPage\":{\"@id\":\"https:\/\/ueberlebenskunst.at\/survivalshop\/shop\/tablet-case-black\/#primaryimage\"},\"image\":{\"@id\":\"https:\/\/ueberlebenskunst.at\/survivalshop\/shop\/tablet-case-black\/#primaryimage\"},\"thumbnailUrl\":\"https:\/\/ueberlebenskunst.at\/survivalshop\/wp-content\/uploads\/2020\/10\/AB03_15862002_32788.jpg\",\"datePublished\":\"2020-10-13T17:39:43+00:00\",\"dateModified\":\"2024-03-21T06:56:26+00:00\",\"description\":\"Diese Tablet case black ist eine ausgekl\u00fcgelte Schutzh\u00fclle und bietet zus\u00e4tzliche Funktionen wie Klettfl\u00e4che und Molle- Schlaufensystem\",\"breadcrumb\":{\"@id\":\"https:\/\/ueberlebenskunst.at\/survivalshop\/shop\/tablet-case-black\/#breadcrumb\"},\"inLanguage\":\"de\",\"potentialAction\":[{\"@type\":\"ReadAction\",\"target\":[\"https:\/\/ueberlebenskunst.at\/survivalshop\/shop\/tablet-case-black\/\"]}]},{\"@type\":\"ImageObject\",\"inLanguage\":\"de\",\"@id\":\"https:\/\/ueberlebenskunst.at\/survivalshop\/shop\/tablet-case-black\/#primaryimage\",\"url\":\"https:\/\/ueberlebenskunst.at\/survivalshop\/wp-content\/uploads\/2020\/10\/AB03_15862002_32788.jpg\",\"contentUrl\":\"https:\/\/ueberlebenskunst.at\/survivalshop\/wp-content\/uploads\/2020\/10\/AB03_15862002_32788.jpg\",\"width\":750,\"height\":730,\"caption\":\"Tablet case black\"},{\"@type\":\"BreadcrumbList\",\"@id\":\"https:\/\/ueberlebenskunst.at\/survivalshop\/shop\/tablet-case-black\/#breadcrumb\",\"itemListElement\":[{\"@type\":\"ListItem\",\"position\":1,\"name\":\"Startseite\",\"item\":\"https:\/\/ueberlebenskunst.at\/survivalshop\/\"},{\"@type\":\"ListItem\",\"position\":2,\"name\":\"Shop\",\"item\":\"https:\/\/ueberlebenskunst.at\/survivalshop\/shop\/\"},{\"@type\":\"ListItem\",\"position\":3,\"name\":\"Tablet Case black\"}]},{\"@type\":\"WebSite\",\"@id\":\"https:\/\/ueberlebenskunst.at\/survivalshop\/#website\",\"url\":\"https:\/\/ueberlebenskunst.at\/survivalshop\/\",\"name\":\"Reini Rossmann - Survival Shop\",\"description\":\"Survival Shop f\u00fcr Survival, Bushcraft und Prepper\",\"potentialAction\":[{\"@type\":\"SearchAction\",\"target\":{\"@type\":\"EntryPoint\",\"urlTemplate\":\"https:\/\/ueberlebenskunst.at\/survivalshop\/?s={search_term_string}\"},\"query-input\":{\"@type\":\"PropertyValueSpecification\",\"valueRequired\":true,\"valueName\":\"search_term_string\"}}],\"inLanguage\":\"de\"}]}<\/script>\n<!-- \/ Yoast SEO plugin. -->","yoast_head_json":{"title":"Tablet Case black Schutzh\u00fclle samt Molle-Systemschlaufen","description":"Diese Tablet case black ist eine ausgekl\u00fcgelte Schutzh\u00fclle und bietet zus\u00e4tzliche Funktionen wie Klettfl\u00e4che und Molle- Schlaufensystem","robots":{"index":"index","follow":"follow","max-snippet":"max-snippet:-1","max-image-preview":"max-image-preview:large","max-video-preview":"max-video-preview:-1"},"canonical":"https:\/\/ueberlebenskunst.at\/survivalshop\/shop\/tablet-case-black\/","og_locale":"de_DE","og_type":"article","og_title":"Tablet Case black Schutzh\u00fclle samt Molle-Systemschlaufen","og_description":"Diese Tablet case black ist eine ausgekl\u00fcgelte Schutzh\u00fclle und bietet zus\u00e4tzliche Funktionen wie Klettfl\u00e4che und Molle- Schlaufensystem","og_url":"https:\/\/ueberlebenskunst.at\/survivalshop\/shop\/tablet-case-black\/","og_site_name":"Reini Rossmann - Survival Shop","article_publisher":"https:\/\/www.facebook.com\/survival24.org\/","article_modified_time":"2024-03-21T06:56:26+00:00","og_image":[{"width":750,"height":730,"url":"https:\/\/ueberlebenskunst.at\/survivalshop\/wp-content\/uploads\/2020\/10\/AB03_15862002_32788.jpg","type":"image\/jpeg"}],"twitter_card":"summary_large_image","twitter_misc":{"Gesch\u00e4tzte Lesezeit":"2\u00a0Minuten"},"schema":{"@context":"https:\/\/schema.org","@graph":[{"@type":"WebPage","@id":"https:\/\/ueberlebenskunst.at\/survivalshop\/shop\/tablet-case-black\/","url":"https:\/\/ueberlebenskunst.at\/survivalshop\/shop\/tablet-case-black\/","name":"Tablet Case black Schutzh\u00fclle samt Molle-Systemschlaufen","isPartOf":{"@id":"https:\/\/ueberlebenskunst.at\/survivalshop\/#website"},"primaryImageOfPage":{"@id":"https:\/\/ueberlebenskunst.at\/survivalshop\/shop\/tablet-case-black\/#primaryimage"},"image":{"@id":"https:\/\/ueberlebenskunst.at\/survivalshop\/shop\/tablet-case-black\/#primaryimage"},"thumbnailUrl":"https:\/\/ueberlebenskunst.at\/survivalshop\/wp-content\/uploads\/2020\/10\/AB03_15862002_32788.jpg","datePublished":"2020-10-13T17:39:43+00:00","dateModified":"2024-03-21T06:56:26+00:00","description":"Diese Tablet case black ist eine ausgekl\u00fcgelte Schutzh\u00fclle und bietet zus\u00e4tzliche Funktionen wie Klettfl\u00e4che und Molle- Schlaufensystem","breadcrumb":{"@id":"https:\/\/ueberlebenskunst.at\/survivalshop\/shop\/tablet-case-black\/#breadcrumb"},"inLanguage":"de","potentialAction":[{"@type":"ReadAction","target":["https:\/\/ueberlebenskunst.at\/survivalshop\/shop\/tablet-case-black\/"]}]},{"@type":"ImageObject","inLanguage":"de","@id":"https:\/\/ueberlebenskunst.at\/survivalshop\/shop\/tablet-case-black\/#primaryimage","url":"https:\/\/ueberlebenskunst.at\/survivalshop\/wp-content\/uploads\/2020\/10\/AB03_15862002_32788.jpg","contentUrl":"https:\/\/ueberlebenskunst.at\/survivalshop\/wp-content\/uploads\/2020\/10\/AB03_15862002_32788.jpg","width":750,"height":730,"caption":"Tablet case black"},{"@type":"BreadcrumbList","@id":"https:\/\/ueberlebenskunst.at\/survivalshop\/shop\/tablet-case-black\/#breadcrumb","itemListElement":[{"@type":"ListItem","position":1,"name":"Startseite","item":"https:\/\/ueberlebenskunst.at\/survivalshop\/"},{"@type":"ListItem","position":2,"name":"Shop","item":"https:\/\/ueberlebenskunst.at\/survivalshop\/shop\/"},{"@type":"ListItem","position":3,"name":"Tablet Case black"}]},{"@type":"WebSite","@id":"https:\/\/ueberlebenskunst.at\/survivalshop\/#website","url":"https:\/\/ueberlebenskunst.at\/survivalshop\/","name":"Reini Rossmann - Survival Shop","description":"Survival Shop f\u00fcr Survival, Bushcraft und Prepper","potentialAction":[{"@type":"SearchAction","target":{"@type":"EntryPoint","urlTemplate":"https:\/\/ueberlebenskunst.at\/survivalshop\/?s={search_term_string}"},"query-input":{"@type":"PropertyValueSpecification","valueRequired":true,"valueName":"search_term_string"}}],"inLanguage":"de"}]}},"_links":{"self":[{"href":"https:\/\/ueberlebenskunst.at\/survivalshop\/wp-json\/wp\/v2\/product\/17808","targetHints":{"allow":["GET"]}}],"collection":[{"href":"https:\/\/ueberlebenskunst.at\/survivalshop\/wp-json\/wp\/v2\/product"}],"about":[{"href":"https:\/\/ueberlebenskunst.at\/survivalshop\/wp-json\/wp\/v2\/types\/product"}],"replies":[{"embeddable":true,"href":"https:\/\/ueberlebenskunst.at\/survivalshop\/wp-json\/wp\/v2\/comments?post=17808"}],"wp:featuredmedia":[{"embeddable":true,"href":"https:\/\/ueberlebenskunst.at\/survivalshop\/wp-json\/wp\/v2\/media\/17809"}],"wp:attachment":[{"href":"https:\/\/ueberlebenskunst.at\/survivalshop\/wp-json\/wp\/v2\/media?parent=17808"}],"wp:term":[{"taxonomy":"product_brand","embeddable":true,"href":"https:\/\/ueberlebenskunst.at\/survivalshop\/wp-json\/wp\/v2\/product_brand?post=17808"},{"taxonomy":"product_cat","embeddable":true,"href":"https:\/\/ueberlebenskunst.at\/survivalshop\/wp-json\/wp\/v2\/product_cat?post=17808"},{"taxonomy":"product_tag","embeddable":true,"href":"https:\/\/ueberlebenskunst.at\/survivalshop\/wp-json\/wp\/v2\/product_tag?post=17808"}],"curies":[{"name":"wp","href":"https:\/\/api.w.org\/{rel}","templated":true}]}}