{"id":177515,"date":"2024-11-21T11:56:21","date_gmt":"2024-11-21T10:56:21","guid":{"rendered":"https:\/\/ueberlebenskunst.at\/survivalshop\/?post_type=product&#038;p=177515"},"modified":"2026-04-13T00:54:55","modified_gmt":"2026-04-12T22:54:55","slug":"maengelexemplare-600-survival-tipps-zum-ueberleben-in-der-natur","status":"publish","type":"product","link":"https:\/\/ueberlebenskunst.at\/survivalshop\/shop\/maengelexemplare-600-survival-tipps-zum-ueberleben-in-der-natur\/","title":{"rendered":"M\u00e4ngelexemplare: 600 Survival Tipps zum \u00dcberleben in der Natur"},"content":{"rendered":"<div class=\"page\" title=\"Page 2\">\n<div class=\"section\">\n<div class=\"layoutArea\">\n<div class=\"column\">\n<h3><strong>Bei den vorliegenden B\u00fcchern handelt es sich um M\u00e4ngelexemplare, das bedeutet, dass der Einband bzw. die eine oder andere Seite etwas besch\u00e4digt ist. Jedoch sind Text und Inhalt einwandfrei lesbar. Es sind auch keine Seiten herausgerissen oder unleserlich, sondern es handelt sich nur um Unsch\u00f6nheiten, die das Buch nicht ganz perfekt machen.<\/strong><\/h3>\n<h3>Was kannst du von diesem Buch erwarten?<\/h3>\n<p>Diese Survival-Tipps habe ich u\u0308ber die letzten fu\u0308nf Jahre zusammengetragen. Jedes Mal, wenn ich drau\u00dfen beim Survival-Training, Bushcraften oder auch einfach nur ohne Hintergrund in der Natur war, habe ich meine Erfahrungen abends aufgeschrieben. Daraus ist eine Sammlung von Erkenntnissen geworden, die ich gerne mit dir teilen will.<\/p>\n<h3>F\u00fcr wen ist das Buch gemacht? Anf\u00e4nger oder Fortgeschrittene?<\/h3>\n<p>Mit diesen Tipps wird dir das Leben und U\u0308berleben in der Natur garantiert einfacher von der Hand gehen. Egal ob du Anfa\u0308nger oder Fortgeschrittener bist, von diesem Buch profitieren alle.<br \/>\nEs sind viele Tipps, die f\u00fcr Anf\u00e4nger gedacht sind. Aber es sind genauso viele Tricks und Erfahrungen dabei, die auch\u00a0f\u00fcr den Fortgeschrittenen neu sein werden.<\/p>\n<p>Vielleicht ist es nur wieder eine Handvoll neuer Ideen, die dich weiter bringen. Ich trage oft Fragen zu bestimmten Themen Monate oder Jahre mit mir herum. Aber dann sagt eine andere Person etwas oder zeigt einen neuen Survival Skill und schon habe ich auch f\u00fcr mich die Antwort gefunden.<br \/>\nVielleicht geht es dir ebenso? Dieses Buch wird dir vielleicht Antworten geben.<\/p>\n<h3>Wo werden die B\u00fccher gedruckt?<\/h3>\n<p>Alle B\u00fccher werden in Deutschland gedruckt.<\/p>\n<h3>Wie viele Seiten hat das Taschenbuch? Und gibt es Bilder?<\/h3>\n<p>Das A5 Taschenbuch hat 156 Seiten mit \u00fcber 252 Bildern.<\/p>\n<h3>Wer ist der Autor?<\/h3>\n<p>Reini Rossmann, hauptberuflicher Survival Trainer. \u00dcber 10 Jahre Erfahrung im Survival Bereich.<br \/>\nJedes Jahr kommen \u00fcber 1.000 Menschen zu meinen Trainings.<br \/>\n<a href=\"https:\/\/ueberlebenskunst.at\/survivalshop\/presse\/\" target=\"_blank\" rel=\"noopener noreferrer\"><img decoding=\"async\" class=\"alignnone wp-image-4874 size-full\" src=\"https:\/\/ueberlebenskunst.at\/survivalshop\/wp-content\/uploads\/2016\/02\/Reini-Rossmann-Medien.png\" alt=\"\" width=\"1808\" height=\"576\" srcset=\"https:\/\/ueberlebenskunst.at\/survivalshop\/wp-content\/uploads\/2016\/02\/Reini-Rossmann-Medien.png 1808w, https:\/\/ueberlebenskunst.at\/survivalshop\/wp-content\/uploads\/2016\/02\/Reini-Rossmann-Medien-300x96.png 300w, https:\/\/ueberlebenskunst.at\/survivalshop\/wp-content\/uploads\/2016\/02\/Reini-Rossmann-Medien-600x191.png 600w, https:\/\/ueberlebenskunst.at\/survivalshop\/wp-content\/uploads\/2016\/02\/Reini-Rossmann-Medien-768x245.png 768w, https:\/\/ueberlebenskunst.at\/survivalshop\/wp-content\/uploads\/2016\/02\/Reini-Rossmann-Medien-1024x326.png 1024w, https:\/\/ueberlebenskunst.at\/survivalshop\/wp-content\/uploads\/2016\/02\/Reini-Rossmann-Medien-745x237.png 745w\" sizes=\"(max-width: 1808px) 100vw, 1808px\" \/><\/a><\/p>\n<p>&nbsp;<\/p>\n<\/div>\n<\/div>\n<\/div>\n<\/div>\n","protected":false},"excerpt":{"rendered":"<p>Meine Survival Erfahrungen der letzten 10 Jahre in Form von 600 Survival Tipps zum \u00dcberleben in der Natur.<\/p>\n","protected":false},"featured_media":7247,"comment_status":"open","ping_status":"closed","template":"","meta":{"_acf_changed":false},"product_brand":[],"product_cat":[2389],"product_tag":[2390,2526],"class_list":{"0":"post-177515","1":"product","2":"type-product","3":"status-publish","4":"has-post-thumbnail","6":"product_cat-flohmarkt","7":"product_tag-flohmarkt","8":"product_tag-reinis-buecher","10":"first","11":"instock","12":"sale","13":"taxable","14":"shipping-taxable","15":"purchasable","16":"product-type-simple"},"acf":[],"yoast_head":"<!-- This site is optimized with the Yoast SEO plugin v27.1.1 - https:\/\/yoast.com\/product\/yoast-seo-wordpress\/ -->\n<title>M\u00e4ngelexemplare: 600 Survival Tipps zum \u00dcberleben in der Natur<\/title>\n<meta name=\"description\" content=\"600 Survival Tipps zum \u00dcberleben in der Natur von Survivaltrainer Reini Rossmann\" \/>\n<meta name=\"robots\" content=\"index, follow, max-snippet:-1, max-image-preview:large, max-video-preview:-1\" \/>\n<link rel=\"canonical\" href=\"https:\/\/ueberlebenskunst.at\/survivalshop\/shop\/maengelexemplare-600-survival-tipps-zum-ueberleben-in-der-natur\/\" \/>\n<meta property=\"og:locale\" content=\"de_DE\" \/>\n<meta property=\"og:type\" content=\"article\" \/>\n<meta property=\"og:title\" content=\"M\u00e4ngelexemplare: 600 Survival Tipps zum \u00dcberleben in der Natur\" \/>\n<meta property=\"og:description\" content=\"600 Survival Tipps zum \u00dcberleben in der Natur von Survivaltrainer Reini Rossmann\" \/>\n<meta property=\"og:url\" content=\"https:\/\/ueberlebenskunst.at\/survivalshop\/shop\/maengelexemplare-600-survival-tipps-zum-ueberleben-in-der-natur\/\" \/>\n<meta property=\"og:site_name\" content=\"Reini Rossmann - Survival Shop\" \/>\n<meta property=\"article:publisher\" content=\"https:\/\/www.facebook.com\/survival24.org\/\" \/>\n<meta property=\"article:modified_time\" content=\"2026-04-12T22:54:55+00:00\" \/>\n<meta property=\"og:image\" content=\"https:\/\/ueberlebenskunst.at\/survivalshop\/wp-content\/uploads\/2016\/02\/600-Tipps-Cover.jpg\" \/>\n\t<meta property=\"og:image:width\" content=\"1452\" \/>\n\t<meta property=\"og:image:height\" content=\"1500\" \/>\n\t<meta property=\"og:image:type\" content=\"image\/jpeg\" \/>\n<meta name=\"twitter:card\" content=\"summary_large_image\" \/>\n<meta name=\"twitter:label1\" content=\"Gesch\u00e4tzte Lesezeit\" \/>\n\t<meta name=\"twitter:data1\" content=\"3\u00a0Minuten\" \/>\n<script type=\"application\/ld+json\" class=\"yoast-schema-graph\">{\"@context\":\"https:\/\/schema.org\",\"@graph\":[{\"@type\":\"WebPage\",\"@id\":\"https:\/\/ueberlebenskunst.at\/survivalshop\/shop\/maengelexemplare-600-survival-tipps-zum-ueberleben-in-der-natur\/\",\"url\":\"https:\/\/ueberlebenskunst.at\/survivalshop\/shop\/maengelexemplare-600-survival-tipps-zum-ueberleben-in-der-natur\/\",\"name\":\"M\u00e4ngelexemplare: 600 Survival Tipps zum \u00dcberleben in der Natur\",\"isPartOf\":{\"@id\":\"https:\/\/ueberlebenskunst.at\/survivalshop\/#website\"},\"primaryImageOfPage\":{\"@id\":\"https:\/\/ueberlebenskunst.at\/survivalshop\/shop\/maengelexemplare-600-survival-tipps-zum-ueberleben-in-der-natur\/#primaryimage\"},\"image\":{\"@id\":\"https:\/\/ueberlebenskunst.at\/survivalshop\/shop\/maengelexemplare-600-survival-tipps-zum-ueberleben-in-der-natur\/#primaryimage\"},\"thumbnailUrl\":\"https:\/\/ueberlebenskunst.at\/survivalshop\/wp-content\/uploads\/2016\/02\/600-Tipps-Cover.jpg\",\"datePublished\":\"2024-11-21T10:56:21+00:00\",\"dateModified\":\"2026-04-12T22:54:55+00:00\",\"description\":\"600 Survival Tipps zum \u00dcberleben in der Natur von Survivaltrainer Reini Rossmann\",\"breadcrumb\":{\"@id\":\"https:\/\/ueberlebenskunst.at\/survivalshop\/shop\/maengelexemplare-600-survival-tipps-zum-ueberleben-in-der-natur\/#breadcrumb\"},\"inLanguage\":\"de\",\"potentialAction\":[{\"@type\":\"ReadAction\",\"target\":[\"https:\/\/ueberlebenskunst.at\/survivalshop\/shop\/maengelexemplare-600-survival-tipps-zum-ueberleben-in-der-natur\/\"]}]},{\"@type\":\"ImageObject\",\"inLanguage\":\"de\",\"@id\":\"https:\/\/ueberlebenskunst.at\/survivalshop\/shop\/maengelexemplare-600-survival-tipps-zum-ueberleben-in-der-natur\/#primaryimage\",\"url\":\"https:\/\/ueberlebenskunst.at\/survivalshop\/wp-content\/uploads\/2016\/02\/600-Tipps-Cover.jpg\",\"contentUrl\":\"https:\/\/ueberlebenskunst.at\/survivalshop\/wp-content\/uploads\/2016\/02\/600-Tipps-Cover.jpg\",\"width\":1452,\"height\":1500},{\"@type\":\"BreadcrumbList\",\"@id\":\"https:\/\/ueberlebenskunst.at\/survivalshop\/shop\/maengelexemplare-600-survival-tipps-zum-ueberleben-in-der-natur\/#breadcrumb\",\"itemListElement\":[{\"@type\":\"ListItem\",\"position\":1,\"name\":\"Startseite\",\"item\":\"https:\/\/ueberlebenskunst.at\/survivalshop\/\"},{\"@type\":\"ListItem\",\"position\":2,\"name\":\"Shop\",\"item\":\"https:\/\/ueberlebenskunst.at\/survivalshop\/shop\/\"},{\"@type\":\"ListItem\",\"position\":3,\"name\":\"M\u00e4ngelexemplare: 600 Survival Tipps zum \u00dcberleben in der Natur\"}]},{\"@type\":\"WebSite\",\"@id\":\"https:\/\/ueberlebenskunst.at\/survivalshop\/#website\",\"url\":\"https:\/\/ueberlebenskunst.at\/survivalshop\/\",\"name\":\"Reini Rossmann - Survival Shop\",\"description\":\"Survival Shop f\u00fcr Survival, Bushcraft und Prepper\",\"potentialAction\":[{\"@type\":\"SearchAction\",\"target\":{\"@type\":\"EntryPoint\",\"urlTemplate\":\"https:\/\/ueberlebenskunst.at\/survivalshop\/?s={search_term_string}\"},\"query-input\":{\"@type\":\"PropertyValueSpecification\",\"valueRequired\":true,\"valueName\":\"search_term_string\"}}],\"inLanguage\":\"de\"}]}<\/script>\n<!-- \/ Yoast SEO plugin. -->","yoast_head_json":{"title":"M\u00e4ngelexemplare: 600 Survival Tipps zum \u00dcberleben in der Natur","description":"600 Survival Tipps zum \u00dcberleben in der Natur von Survivaltrainer Reini Rossmann","robots":{"index":"index","follow":"follow","max-snippet":"max-snippet:-1","max-image-preview":"max-image-preview:large","max-video-preview":"max-video-preview:-1"},"canonical":"https:\/\/ueberlebenskunst.at\/survivalshop\/shop\/maengelexemplare-600-survival-tipps-zum-ueberleben-in-der-natur\/","og_locale":"de_DE","og_type":"article","og_title":"M\u00e4ngelexemplare: 600 Survival Tipps zum \u00dcberleben in der Natur","og_description":"600 Survival Tipps zum \u00dcberleben in der Natur von Survivaltrainer Reini Rossmann","og_url":"https:\/\/ueberlebenskunst.at\/survivalshop\/shop\/maengelexemplare-600-survival-tipps-zum-ueberleben-in-der-natur\/","og_site_name":"Reini Rossmann - Survival Shop","article_publisher":"https:\/\/www.facebook.com\/survival24.org\/","article_modified_time":"2026-04-12T22:54:55+00:00","og_image":[{"width":1452,"height":1500,"url":"https:\/\/ueberlebenskunst.at\/survivalshop\/wp-content\/uploads\/2016\/02\/600-Tipps-Cover.jpg","type":"image\/jpeg"}],"twitter_card":"summary_large_image","twitter_misc":{"Gesch\u00e4tzte Lesezeit":"3\u00a0Minuten"},"schema":{"@context":"https:\/\/schema.org","@graph":[{"@type":"WebPage","@id":"https:\/\/ueberlebenskunst.at\/survivalshop\/shop\/maengelexemplare-600-survival-tipps-zum-ueberleben-in-der-natur\/","url":"https:\/\/ueberlebenskunst.at\/survivalshop\/shop\/maengelexemplare-600-survival-tipps-zum-ueberleben-in-der-natur\/","name":"M\u00e4ngelexemplare: 600 Survival Tipps zum \u00dcberleben in der Natur","isPartOf":{"@id":"https:\/\/ueberlebenskunst.at\/survivalshop\/#website"},"primaryImageOfPage":{"@id":"https:\/\/ueberlebenskunst.at\/survivalshop\/shop\/maengelexemplare-600-survival-tipps-zum-ueberleben-in-der-natur\/#primaryimage"},"image":{"@id":"https:\/\/ueberlebenskunst.at\/survivalshop\/shop\/maengelexemplare-600-survival-tipps-zum-ueberleben-in-der-natur\/#primaryimage"},"thumbnailUrl":"https:\/\/ueberlebenskunst.at\/survivalshop\/wp-content\/uploads\/2016\/02\/600-Tipps-Cover.jpg","datePublished":"2024-11-21T10:56:21+00:00","dateModified":"2026-04-12T22:54:55+00:00","description":"600 Survival Tipps zum \u00dcberleben in der Natur von Survivaltrainer Reini Rossmann","breadcrumb":{"@id":"https:\/\/ueberlebenskunst.at\/survivalshop\/shop\/maengelexemplare-600-survival-tipps-zum-ueberleben-in-der-natur\/#breadcrumb"},"inLanguage":"de","potentialAction":[{"@type":"ReadAction","target":["https:\/\/ueberlebenskunst.at\/survivalshop\/shop\/maengelexemplare-600-survival-tipps-zum-ueberleben-in-der-natur\/"]}]},{"@type":"ImageObject","inLanguage":"de","@id":"https:\/\/ueberlebenskunst.at\/survivalshop\/shop\/maengelexemplare-600-survival-tipps-zum-ueberleben-in-der-natur\/#primaryimage","url":"https:\/\/ueberlebenskunst.at\/survivalshop\/wp-content\/uploads\/2016\/02\/600-Tipps-Cover.jpg","contentUrl":"https:\/\/ueberlebenskunst.at\/survivalshop\/wp-content\/uploads\/2016\/02\/600-Tipps-Cover.jpg","width":1452,"height":1500},{"@type":"BreadcrumbList","@id":"https:\/\/ueberlebenskunst.at\/survivalshop\/shop\/maengelexemplare-600-survival-tipps-zum-ueberleben-in-der-natur\/#breadcrumb","itemListElement":[{"@type":"ListItem","position":1,"name":"Startseite","item":"https:\/\/ueberlebenskunst.at\/survivalshop\/"},{"@type":"ListItem","position":2,"name":"Shop","item":"https:\/\/ueberlebenskunst.at\/survivalshop\/shop\/"},{"@type":"ListItem","position":3,"name":"M\u00e4ngelexemplare: 600 Survival Tipps zum \u00dcberleben in der Natur"}]},{"@type":"WebSite","@id":"https:\/\/ueberlebenskunst.at\/survivalshop\/#website","url":"https:\/\/ueberlebenskunst.at\/survivalshop\/","name":"Reini Rossmann - Survival Shop","description":"Survival Shop f\u00fcr Survival, Bushcraft und Prepper","potentialAction":[{"@type":"SearchAction","target":{"@type":"EntryPoint","urlTemplate":"https:\/\/ueberlebenskunst.at\/survivalshop\/?s={search_term_string}"},"query-input":{"@type":"PropertyValueSpecification","valueRequired":true,"valueName":"search_term_string"}}],"inLanguage":"de"}]}},"_links":{"self":[{"href":"https:\/\/ueberlebenskunst.at\/survivalshop\/wp-json\/wp\/v2\/product\/177515","targetHints":{"allow":["GET"]}}],"collection":[{"href":"https:\/\/ueberlebenskunst.at\/survivalshop\/wp-json\/wp\/v2\/product"}],"about":[{"href":"https:\/\/ueberlebenskunst.at\/survivalshop\/wp-json\/wp\/v2\/types\/product"}],"replies":[{"embeddable":true,"href":"https:\/\/ueberlebenskunst.at\/survivalshop\/wp-json\/wp\/v2\/comments?post=177515"}],"wp:featuredmedia":[{"embeddable":true,"href":"https:\/\/ueberlebenskunst.at\/survivalshop\/wp-json\/wp\/v2\/media\/7247"}],"wp:attachment":[{"href":"https:\/\/ueberlebenskunst.at\/survivalshop\/wp-json\/wp\/v2\/media?parent=177515"}],"wp:term":[{"taxonomy":"product_brand","embeddable":true,"href":"https:\/\/ueberlebenskunst.at\/survivalshop\/wp-json\/wp\/v2\/product_brand?post=177515"},{"taxonomy":"product_cat","embeddable":true,"href":"https:\/\/ueberlebenskunst.at\/survivalshop\/wp-json\/wp\/v2\/product_cat?post=177515"},{"taxonomy":"product_tag","embeddable":true,"href":"https:\/\/ueberlebenskunst.at\/survivalshop\/wp-json\/wp\/v2\/product_tag?post=177515"}],"curies":[{"name":"wp","href":"https:\/\/api.w.org\/{rel}","templated":true}]}}