{"id":177506,"date":"2024-11-21T10:54:44","date_gmt":"2024-11-21T09:54:44","guid":{"rendered":"https:\/\/ueberlebenskunst.at\/survivalshop\/?post_type=product&#038;p=177506"},"modified":"2026-04-16T16:59:59","modified_gmt":"2026-04-16T14:59:59","slug":"maengelexemplare-krisen-selbstversorger-aussaatkalender","status":"publish","type":"product","link":"https:\/\/ueberlebenskunst.at\/survivalshop\/shop\/maengelexemplare-krisen-selbstversorger-aussaatkalender\/","title":{"rendered":"M\u00e4ngelexemplare: Krisen-Selbstversorger-Aussaatkalender"},"content":{"rendered":"<h3>Bei den vorliegenden B\u00fcchern handelt es sich um M\u00e4ngelexemplare, das bedeutet, dass der Einband bzw. die eine oder andere Seite etwas besch\u00e4digt ist. Jedoch sind Text und Inhalt einwandfrei lesbar. Es sind auch keine Seiten herausgerissen oder unleserlich, sondern es handelt sich nur um Unsch\u00f6nheiten, die das Buch nicht ganz perfekt machen.<\/h3>\n<p><strong>Krisen-Selbstversorger-Aussaatkalender<\/strong><\/p>\n<p>Wenn du mit dem neuen Krisen-Selbstversorger-Aussaatkalender arbeitest, kommst du schneller an gute Ernteergebnisse mit einer maximalen Ausbeute an Kalorien. Durch kluges Anbauen der richtigen Pflanzen zum richtigen Zeitpunkt kannst du das ganze Jahr die maximal m\u00f6gliche Ernte erbringen.<\/p>\n<p>Im Buch wird beschrieben, wie der versetzte Anbau funktioniert. Das heisst, wir sorgen immer daf\u00fcr, dass sobald ein Platz im Beet frei wird, gleich wieder nachgepflanzt oder ausges\u00e4t wird.<br \/>\nDieses Wissen ist in jedem Fall dann sehr viel Wert, wenn du und die Menschen, die dir wichtig sind von einem maximalen Ertrag, wie es in Krisen m\u00f6glich sein kann, abh\u00e4ngig sind.<\/p>\n<p>Wenn du noch weitere Hilfe zur Pflanzenauswahl haben m\u00f6chtest, ist unser Buch<a href=\"https:\/\/ueberlebenskunst.at\/survivalshop\/shop\/selbstversorger-pflanzenbibel\/\" target=\"_blank\" rel=\"noopener noreferrer\">\u00a0\u201eDas gro\u00dfe Lexikon der Selbstversorger Pflanzen\u201c<\/a> ideal.<\/p>\n<p><strong>Inhalt:<\/strong> 87 Seiten Anleitung mit wertvollen Tipps und vielen Bildern zur genaueren Erkl\u00e4rung.<\/p>\n<ul>\n<li>12 Monate versetzer Anbau<\/li>\n<li>Aussaattipps und Hinweise<\/li>\n<li>Typische Probleme bei der Anzucht<\/li>\n<li>Trauerm\u00fccken<\/li>\n<li>Saatgutlagerung<\/li>\n<li>Indoor Anbau<\/li>\n<li>Fire and Forget Pflanzen<\/li>\n<li>ausges\u00e4te Pflanzen \u00fcberwintern<\/li>\n<li>Empfohlene Saatgut Anbieter<\/li>\n<\/ul>\n","protected":false},"excerpt":{"rendered":"<p>12 Monate maximale Kalorien-Ernte<\/p>\n","protected":false},"featured_media":18488,"comment_status":"open","ping_status":"closed","template":"","meta":{"_acf_changed":false},"product_brand":[],"product_cat":[2389],"product_tag":[2390,2526],"class_list":{"0":"post-177506","1":"product","2":"type-product","3":"status-publish","4":"has-post-thumbnail","6":"product_cat-flohmarkt","7":"product_tag-flohmarkt","8":"product_tag-reinis-buecher","9":"pa_platform-druckbuch","10":"pa_platform-ebook","11":"pa_platform-video-online-fernlehrgang","13":"first","14":"instock","15":"sale","16":"taxable","17":"shipping-taxable","18":"purchasable","19":"product-type-variable","20":"has-default-attributes"},"acf":[],"yoast_head":"<!-- This site is optimized with the Yoast SEO plugin v27.1.1 - https:\/\/yoast.com\/product\/yoast-seo-wordpress\/ -->\n<title>M\u00e4ngelexemplare: Krisen-Selbstversorger-Aussaatkalender f\u00fcr maximalen Kalorienertrag<\/title>\n<meta name=\"description\" content=\"Mit dem Krisen-Selbstversorger-Aussaatkalender lernst du -versetzern- Anbau, um alle 12 Monate die maximale Ernte an Kalorien rauszuholen\" \/>\n<meta name=\"robots\" content=\"index, follow, max-snippet:-1, max-image-preview:large, max-video-preview:-1\" \/>\n<link rel=\"canonical\" href=\"https:\/\/ueberlebenskunst.at\/survivalshop\/shop\/maengelexemplare-krisen-selbstversorger-aussaatkalender\/\" \/>\n<meta property=\"og:locale\" content=\"de_DE\" \/>\n<meta property=\"og:type\" content=\"article\" \/>\n<meta property=\"og:title\" content=\"M\u00e4ngelexemplare: Krisen-Selbstversorger-Aussaatkalender f\u00fcr maximalen Kalorienertrag\" \/>\n<meta property=\"og:description\" content=\"Mit dem Krisen-Selbstversorger-Aussaatkalender lernst du -versetzern- Anbau, um alle 12 Monate die maximale Ernte an Kalorien rauszuholen\" \/>\n<meta property=\"og:url\" content=\"https:\/\/ueberlebenskunst.at\/survivalshop\/shop\/maengelexemplare-krisen-selbstversorger-aussaatkalender\/\" \/>\n<meta property=\"og:site_name\" content=\"Reini Rossmann - Survival Shop\" \/>\n<meta property=\"article:publisher\" content=\"https:\/\/www.facebook.com\/survival24.org\/\" \/>\n<meta property=\"article:modified_time\" content=\"2026-04-16T14:59:59+00:00\" \/>\n<meta property=\"og:image\" content=\"https:\/\/ueberlebenskunst.at\/survivalshop\/wp-content\/uploads\/2020\/10\/Potrait-Book-WEB.png\" \/>\n\t<meta property=\"og:image:width\" content=\"750\" \/>\n\t<meta property=\"og:image:height\" content=\"500\" \/>\n\t<meta property=\"og:image:type\" content=\"image\/png\" \/>\n<meta name=\"twitter:card\" content=\"summary_large_image\" \/>\n<meta name=\"twitter:label1\" content=\"Gesch\u00e4tzte Lesezeit\" \/>\n\t<meta name=\"twitter:data1\" content=\"2\u00a0Minuten\" \/>\n<script type=\"application\/ld+json\" class=\"yoast-schema-graph\">{\"@context\":\"https:\/\/schema.org\",\"@graph\":[{\"@type\":\"WebPage\",\"@id\":\"https:\/\/ueberlebenskunst.at\/survivalshop\/shop\/maengelexemplare-krisen-selbstversorger-aussaatkalender\/\",\"url\":\"https:\/\/ueberlebenskunst.at\/survivalshop\/shop\/maengelexemplare-krisen-selbstversorger-aussaatkalender\/\",\"name\":\"M\u00e4ngelexemplare: Krisen-Selbstversorger-Aussaatkalender f\u00fcr maximalen Kalorienertrag\",\"isPartOf\":{\"@id\":\"https:\/\/ueberlebenskunst.at\/survivalshop\/#website\"},\"primaryImageOfPage\":{\"@id\":\"https:\/\/ueberlebenskunst.at\/survivalshop\/shop\/maengelexemplare-krisen-selbstversorger-aussaatkalender\/#primaryimage\"},\"image\":{\"@id\":\"https:\/\/ueberlebenskunst.at\/survivalshop\/shop\/maengelexemplare-krisen-selbstversorger-aussaatkalender\/#primaryimage\"},\"thumbnailUrl\":\"https:\/\/ueberlebenskunst.at\/survivalshop\/wp-content\/uploads\/2020\/10\/Potrait-Book-WEB.png\",\"datePublished\":\"2024-11-21T09:54:44+00:00\",\"dateModified\":\"2026-04-16T14:59:59+00:00\",\"description\":\"Mit dem Krisen-Selbstversorger-Aussaatkalender lernst du -versetzern- Anbau, um alle 12 Monate die maximale Ernte an Kalorien rauszuholen\",\"breadcrumb\":{\"@id\":\"https:\/\/ueberlebenskunst.at\/survivalshop\/shop\/maengelexemplare-krisen-selbstversorger-aussaatkalender\/#breadcrumb\"},\"inLanguage\":\"de\",\"potentialAction\":[{\"@type\":\"ReadAction\",\"target\":[\"https:\/\/ueberlebenskunst.at\/survivalshop\/shop\/maengelexemplare-krisen-selbstversorger-aussaatkalender\/\"]}]},{\"@type\":\"ImageObject\",\"inLanguage\":\"de\",\"@id\":\"https:\/\/ueberlebenskunst.at\/survivalshop\/shop\/maengelexemplare-krisen-selbstversorger-aussaatkalender\/#primaryimage\",\"url\":\"https:\/\/ueberlebenskunst.at\/survivalshop\/wp-content\/uploads\/2020\/10\/Potrait-Book-WEB.png\",\"contentUrl\":\"https:\/\/ueberlebenskunst.at\/survivalshop\/wp-content\/uploads\/2020\/10\/Potrait-Book-WEB.png\",\"width\":750,\"height\":500},{\"@type\":\"BreadcrumbList\",\"@id\":\"https:\/\/ueberlebenskunst.at\/survivalshop\/shop\/maengelexemplare-krisen-selbstversorger-aussaatkalender\/#breadcrumb\",\"itemListElement\":[{\"@type\":\"ListItem\",\"position\":1,\"name\":\"Startseite\",\"item\":\"https:\/\/ueberlebenskunst.at\/survivalshop\/\"},{\"@type\":\"ListItem\",\"position\":2,\"name\":\"Shop\",\"item\":\"https:\/\/ueberlebenskunst.at\/survivalshop\/shop\/\"},{\"@type\":\"ListItem\",\"position\":3,\"name\":\"M\u00e4ngelexemplare: Krisen-Selbstversorger-Aussaatkalender\"}]},{\"@type\":\"WebSite\",\"@id\":\"https:\/\/ueberlebenskunst.at\/survivalshop\/#website\",\"url\":\"https:\/\/ueberlebenskunst.at\/survivalshop\/\",\"name\":\"Reini Rossmann - Survival Shop\",\"description\":\"Survival Shop f\u00fcr Survival, Bushcraft und Prepper\",\"potentialAction\":[{\"@type\":\"SearchAction\",\"target\":{\"@type\":\"EntryPoint\",\"urlTemplate\":\"https:\/\/ueberlebenskunst.at\/survivalshop\/?s={search_term_string}\"},\"query-input\":{\"@type\":\"PropertyValueSpecification\",\"valueRequired\":true,\"valueName\":\"search_term_string\"}}],\"inLanguage\":\"de\"}]}<\/script>\n<!-- \/ Yoast SEO plugin. -->","yoast_head_json":{"title":"M\u00e4ngelexemplare: Krisen-Selbstversorger-Aussaatkalender f\u00fcr maximalen Kalorienertrag","description":"Mit dem Krisen-Selbstversorger-Aussaatkalender lernst du -versetzern- Anbau, um alle 12 Monate die maximale Ernte an Kalorien rauszuholen","robots":{"index":"index","follow":"follow","max-snippet":"max-snippet:-1","max-image-preview":"max-image-preview:large","max-video-preview":"max-video-preview:-1"},"canonical":"https:\/\/ueberlebenskunst.at\/survivalshop\/shop\/maengelexemplare-krisen-selbstversorger-aussaatkalender\/","og_locale":"de_DE","og_type":"article","og_title":"M\u00e4ngelexemplare: Krisen-Selbstversorger-Aussaatkalender f\u00fcr maximalen Kalorienertrag","og_description":"Mit dem Krisen-Selbstversorger-Aussaatkalender lernst du -versetzern- Anbau, um alle 12 Monate die maximale Ernte an Kalorien rauszuholen","og_url":"https:\/\/ueberlebenskunst.at\/survivalshop\/shop\/maengelexemplare-krisen-selbstversorger-aussaatkalender\/","og_site_name":"Reini Rossmann - Survival Shop","article_publisher":"https:\/\/www.facebook.com\/survival24.org\/","article_modified_time":"2026-04-16T14:59:59+00:00","og_image":[{"width":750,"height":500,"url":"https:\/\/ueberlebenskunst.at\/survivalshop\/wp-content\/uploads\/2020\/10\/Potrait-Book-WEB.png","type":"image\/png"}],"twitter_card":"summary_large_image","twitter_misc":{"Gesch\u00e4tzte Lesezeit":"2\u00a0Minuten"},"schema":{"@context":"https:\/\/schema.org","@graph":[{"@type":"WebPage","@id":"https:\/\/ueberlebenskunst.at\/survivalshop\/shop\/maengelexemplare-krisen-selbstversorger-aussaatkalender\/","url":"https:\/\/ueberlebenskunst.at\/survivalshop\/shop\/maengelexemplare-krisen-selbstversorger-aussaatkalender\/","name":"M\u00e4ngelexemplare: Krisen-Selbstversorger-Aussaatkalender f\u00fcr maximalen Kalorienertrag","isPartOf":{"@id":"https:\/\/ueberlebenskunst.at\/survivalshop\/#website"},"primaryImageOfPage":{"@id":"https:\/\/ueberlebenskunst.at\/survivalshop\/shop\/maengelexemplare-krisen-selbstversorger-aussaatkalender\/#primaryimage"},"image":{"@id":"https:\/\/ueberlebenskunst.at\/survivalshop\/shop\/maengelexemplare-krisen-selbstversorger-aussaatkalender\/#primaryimage"},"thumbnailUrl":"https:\/\/ueberlebenskunst.at\/survivalshop\/wp-content\/uploads\/2020\/10\/Potrait-Book-WEB.png","datePublished":"2024-11-21T09:54:44+00:00","dateModified":"2026-04-16T14:59:59+00:00","description":"Mit dem Krisen-Selbstversorger-Aussaatkalender lernst du -versetzern- Anbau, um alle 12 Monate die maximale Ernte an Kalorien rauszuholen","breadcrumb":{"@id":"https:\/\/ueberlebenskunst.at\/survivalshop\/shop\/maengelexemplare-krisen-selbstversorger-aussaatkalender\/#breadcrumb"},"inLanguage":"de","potentialAction":[{"@type":"ReadAction","target":["https:\/\/ueberlebenskunst.at\/survivalshop\/shop\/maengelexemplare-krisen-selbstversorger-aussaatkalender\/"]}]},{"@type":"ImageObject","inLanguage":"de","@id":"https:\/\/ueberlebenskunst.at\/survivalshop\/shop\/maengelexemplare-krisen-selbstversorger-aussaatkalender\/#primaryimage","url":"https:\/\/ueberlebenskunst.at\/survivalshop\/wp-content\/uploads\/2020\/10\/Potrait-Book-WEB.png","contentUrl":"https:\/\/ueberlebenskunst.at\/survivalshop\/wp-content\/uploads\/2020\/10\/Potrait-Book-WEB.png","width":750,"height":500},{"@type":"BreadcrumbList","@id":"https:\/\/ueberlebenskunst.at\/survivalshop\/shop\/maengelexemplare-krisen-selbstversorger-aussaatkalender\/#breadcrumb","itemListElement":[{"@type":"ListItem","position":1,"name":"Startseite","item":"https:\/\/ueberlebenskunst.at\/survivalshop\/"},{"@type":"ListItem","position":2,"name":"Shop","item":"https:\/\/ueberlebenskunst.at\/survivalshop\/shop\/"},{"@type":"ListItem","position":3,"name":"M\u00e4ngelexemplare: Krisen-Selbstversorger-Aussaatkalender"}]},{"@type":"WebSite","@id":"https:\/\/ueberlebenskunst.at\/survivalshop\/#website","url":"https:\/\/ueberlebenskunst.at\/survivalshop\/","name":"Reini Rossmann - Survival Shop","description":"Survival Shop f\u00fcr Survival, Bushcraft und Prepper","potentialAction":[{"@type":"SearchAction","target":{"@type":"EntryPoint","urlTemplate":"https:\/\/ueberlebenskunst.at\/survivalshop\/?s={search_term_string}"},"query-input":{"@type":"PropertyValueSpecification","valueRequired":true,"valueName":"search_term_string"}}],"inLanguage":"de"}]}},"_links":{"self":[{"href":"https:\/\/ueberlebenskunst.at\/survivalshop\/wp-json\/wp\/v2\/product\/177506","targetHints":{"allow":["GET"]}}],"collection":[{"href":"https:\/\/ueberlebenskunst.at\/survivalshop\/wp-json\/wp\/v2\/product"}],"about":[{"href":"https:\/\/ueberlebenskunst.at\/survivalshop\/wp-json\/wp\/v2\/types\/product"}],"replies":[{"embeddable":true,"href":"https:\/\/ueberlebenskunst.at\/survivalshop\/wp-json\/wp\/v2\/comments?post=177506"}],"wp:featuredmedia":[{"embeddable":true,"href":"https:\/\/ueberlebenskunst.at\/survivalshop\/wp-json\/wp\/v2\/media\/18488"}],"wp:attachment":[{"href":"https:\/\/ueberlebenskunst.at\/survivalshop\/wp-json\/wp\/v2\/media?parent=177506"}],"wp:term":[{"taxonomy":"product_brand","embeddable":true,"href":"https:\/\/ueberlebenskunst.at\/survivalshop\/wp-json\/wp\/v2\/product_brand?post=177506"},{"taxonomy":"product_cat","embeddable":true,"href":"https:\/\/ueberlebenskunst.at\/survivalshop\/wp-json\/wp\/v2\/product_cat?post=177506"},{"taxonomy":"product_tag","embeddable":true,"href":"https:\/\/ueberlebenskunst.at\/survivalshop\/wp-json\/wp\/v2\/product_tag?post=177506"}],"curies":[{"name":"wp","href":"https:\/\/api.w.org\/{rel}","templated":true}]}}