{"id":177406,"date":"2024-11-20T12:54:29","date_gmt":"2024-11-20T11:54:29","guid":{"rendered":"https:\/\/ueberlebenskunst.at\/survivalshop\/?post_type=product&#038;p=177406"},"modified":"2026-04-16T16:59:59","modified_gmt":"2026-04-16T14:59:59","slug":"maengelexemplare-kartoffelanbau-fuer-selbstversorger","status":"publish","type":"product","link":"https:\/\/ueberlebenskunst.at\/survivalshop\/shop\/maengelexemplare-kartoffelanbau-fuer-selbstversorger\/","title":{"rendered":"M\u00e4ngelexemplare: Kartoffelanbau f\u00fcr Selbstversorger"},"content":{"rendered":"<p><strong>Bei den vorliegenden B\u00fcchern handelt es sich um M\u00e4ngelexemplare, das bedeutet, dass der Einband bzw. die eine oder andere Seite etwas besch\u00e4digt ist. Jedoch sind Text und Inhalt einwandfrei lesbar. Es sind auch keine Seiten herausgerissen oder unleserlich, sondern es handelt sich nur um Unsch\u00f6nheiten, die das Buch nicht ganz perfekt machen.<\/strong><\/p>\n<p>Der Kartoffelanbau f\u00fcr Selbstversorger im eigenen Garten oder auch auf dem Balkon ist, wenn man ein paar Dinge beachtet, ganz einfach und die Ernteerfolge sind enorm.<br \/>\nDie Kartoffel z\u00e4hlt zwar nicht zu den Fire and Forget Pflanzen aus der <a href=\"https:\/\/ueberlebenskunst.at\/survivalshop\/shop\/selbstversorger-pflanzenbibel\/\" target=\"_blank\" rel=\"noopener noreferrer\">Pflanzenbibel f\u00fcr Selbstversorger<\/a>, ist jedoch einfach zu kultivieren und liefert ca. 73 kcal\/100 g und das bei geringem Platzbedarf.<\/p>\n<p>In meinem neuen Buch findest du alle Infos, die du wissen musst, wenn du mit dem Kartoffelanbau effizient starten willst. Lerne unterschiedliche Anbaum\u00f6glichkeiten kennen, wie und wo du deine Ernte am besten lagerst, was du gegen Krankheiten und Sch\u00e4dlinge wie z. B. Pilzerkrankungen und bakterielle Erkrankungen tun kannst. Und vor allem, wie du neues Saatgut sortenrein gewinnen kannst und daraus wieder neue Kartoffel anbauen kannst, damit du unabh\u00e4ngig \u00fcber mehrere Jahre Kartoffeln anbauen kannst.<\/p>\n<ul>\n<li>Pflanzensteckbrief<\/li>\n<li>Anbau mit Saatkartoffeln<\/li>\n<li>Aufzucht aus Samen<\/li>\n<li>Lagerung<\/li>\n<li>Fruchtwechsel<\/li>\n<li>Alternative Anbaumethoden<\/li>\n<li>Sortenreine Saatgutgewinnung<\/li>\n<li>Krankheiten und Sch\u00e4dlinge<\/li>\n<li>Rezepte und Verarbeitung<\/li>\n<li>Kartoffelanbau im Jahres\u00fcberblick<\/li>\n<\/ul>\n<p>Passend zum Buch gibt es auch unsere <a href=\"https:\/\/ueberlebenskunst.at\/produkt\/kartoffelanbau-fuer-den-krisenselbstversorger\/\" target=\"_blank\" rel=\"noopener\">Online Variante zum Kartoffelanbau im Krisenselbstversorgergarten.<\/a><\/p>\n","protected":false},"excerpt":{"rendered":"<p>Kartoffelanbau im eigenen Garten leicht gemacht<\/p>\n","protected":false},"featured_media":17924,"comment_status":"open","ping_status":"closed","template":"","meta":{"_acf_changed":false},"product_brand":[],"product_cat":[2389],"product_tag":[2390,2526],"class_list":{"0":"post-177406","1":"product","2":"type-product","3":"status-publish","4":"has-post-thumbnail","6":"product_cat-flohmarkt","7":"product_tag-flohmarkt","8":"product_tag-reinis-buecher","9":"pa_platform-druckbuch","10":"pa_platform-ebook","11":"pa_platform-video-online-fernlehrgang","13":"first","14":"instock","15":"sale","16":"taxable","17":"shipping-taxable","18":"purchasable","19":"product-type-variable","20":"has-default-attributes"},"acf":[],"yoast_head":"<!-- This site is optimized with the Yoast SEO plugin v27.1.1 - https:\/\/yoast.com\/product\/yoast-seo-wordpress\/ -->\n<title>M\u00e4ngelexemplare: Kartoffelanbau f\u00fcr Selbstversorger - alle Infos f\u00fcr eine ertragreiche Ernte<\/title>\n<meta name=\"description\" content=\"Die Kartoffel anzubauen bedeutet hoher Kalorienertrag auf geringer Fl\u00e4che, was vorallem f\u00fcr Selbstversorger und in Krisenzeiten notwendig ist\" \/>\n<meta name=\"robots\" content=\"index, follow, max-snippet:-1, max-image-preview:large, max-video-preview:-1\" \/>\n<link rel=\"canonical\" href=\"https:\/\/ueberlebenskunst.at\/survivalshop\/shop\/maengelexemplare-kartoffelanbau-fuer-selbstversorger\/\" \/>\n<meta property=\"og:locale\" content=\"de_DE\" \/>\n<meta property=\"og:type\" content=\"article\" \/>\n<meta property=\"og:title\" content=\"M\u00e4ngelexemplare: Kartoffelanbau f\u00fcr Selbstversorger - alle Infos f\u00fcr eine ertragreiche Ernte\" \/>\n<meta property=\"og:description\" content=\"Die Kartoffel anzubauen bedeutet hoher Kalorienertrag auf geringer Fl\u00e4che, was vorallem f\u00fcr Selbstversorger und in Krisenzeiten notwendig ist\" \/>\n<meta property=\"og:url\" content=\"https:\/\/ueberlebenskunst.at\/survivalshop\/shop\/maengelexemplare-kartoffelanbau-fuer-selbstversorger\/\" \/>\n<meta property=\"og:site_name\" content=\"Reini Rossmann - Survival Shop\" \/>\n<meta property=\"article:publisher\" content=\"https:\/\/www.facebook.com\/survival24.org\/\" \/>\n<meta property=\"article:modified_time\" content=\"2026-04-16T14:59:59+00:00\" \/>\n<meta property=\"og:image\" content=\"https:\/\/ueberlebenskunst.at\/survivalshop\/wp-content\/uploads\/2020\/10\/Kartoffelanbau.jpg\" \/>\n\t<meta property=\"og:image:width\" content=\"624\" \/>\n\t<meta property=\"og:image:height\" content=\"552\" \/>\n\t<meta property=\"og:image:type\" content=\"image\/jpeg\" \/>\n<meta name=\"twitter:card\" content=\"summary_large_image\" \/>\n<meta name=\"twitter:label1\" content=\"Gesch\u00e4tzte Lesezeit\" \/>\n\t<meta name=\"twitter:data1\" content=\"2\u00a0Minuten\" \/>\n<script type=\"application\/ld+json\" class=\"yoast-schema-graph\">{\"@context\":\"https:\/\/schema.org\",\"@graph\":[{\"@type\":\"WebPage\",\"@id\":\"https:\/\/ueberlebenskunst.at\/survivalshop\/shop\/maengelexemplare-kartoffelanbau-fuer-selbstversorger\/\",\"url\":\"https:\/\/ueberlebenskunst.at\/survivalshop\/shop\/maengelexemplare-kartoffelanbau-fuer-selbstversorger\/\",\"name\":\"M\u00e4ngelexemplare: Kartoffelanbau f\u00fcr Selbstversorger - alle Infos f\u00fcr eine ertragreiche Ernte\",\"isPartOf\":{\"@id\":\"https:\/\/ueberlebenskunst.at\/survivalshop\/#website\"},\"primaryImageOfPage\":{\"@id\":\"https:\/\/ueberlebenskunst.at\/survivalshop\/shop\/maengelexemplare-kartoffelanbau-fuer-selbstversorger\/#primaryimage\"},\"image\":{\"@id\":\"https:\/\/ueberlebenskunst.at\/survivalshop\/shop\/maengelexemplare-kartoffelanbau-fuer-selbstversorger\/#primaryimage\"},\"thumbnailUrl\":\"https:\/\/ueberlebenskunst.at\/survivalshop\/wp-content\/uploads\/2020\/10\/Kartoffelanbau.jpg\",\"datePublished\":\"2024-11-20T11:54:29+00:00\",\"dateModified\":\"2026-04-16T14:59:59+00:00\",\"description\":\"Die Kartoffel anzubauen bedeutet hoher Kalorienertrag auf geringer Fl\u00e4che, was vorallem f\u00fcr Selbstversorger und in Krisenzeiten notwendig ist\",\"breadcrumb\":{\"@id\":\"https:\/\/ueberlebenskunst.at\/survivalshop\/shop\/maengelexemplare-kartoffelanbau-fuer-selbstversorger\/#breadcrumb\"},\"inLanguage\":\"de\",\"potentialAction\":[{\"@type\":\"ReadAction\",\"target\":[\"https:\/\/ueberlebenskunst.at\/survivalshop\/shop\/maengelexemplare-kartoffelanbau-fuer-selbstversorger\/\"]}]},{\"@type\":\"ImageObject\",\"inLanguage\":\"de\",\"@id\":\"https:\/\/ueberlebenskunst.at\/survivalshop\/shop\/maengelexemplare-kartoffelanbau-fuer-selbstversorger\/#primaryimage\",\"url\":\"https:\/\/ueberlebenskunst.at\/survivalshop\/wp-content\/uploads\/2020\/10\/Kartoffelanbau.jpg\",\"contentUrl\":\"https:\/\/ueberlebenskunst.at\/survivalshop\/wp-content\/uploads\/2020\/10\/Kartoffelanbau.jpg\",\"width\":624,\"height\":552},{\"@type\":\"BreadcrumbList\",\"@id\":\"https:\/\/ueberlebenskunst.at\/survivalshop\/shop\/maengelexemplare-kartoffelanbau-fuer-selbstversorger\/#breadcrumb\",\"itemListElement\":[{\"@type\":\"ListItem\",\"position\":1,\"name\":\"Startseite\",\"item\":\"https:\/\/ueberlebenskunst.at\/survivalshop\/\"},{\"@type\":\"ListItem\",\"position\":2,\"name\":\"Shop\",\"item\":\"https:\/\/ueberlebenskunst.at\/survivalshop\/shop\/\"},{\"@type\":\"ListItem\",\"position\":3,\"name\":\"M\u00e4ngelexemplare: Kartoffelanbau f\u00fcr Selbstversorger\"}]},{\"@type\":\"WebSite\",\"@id\":\"https:\/\/ueberlebenskunst.at\/survivalshop\/#website\",\"url\":\"https:\/\/ueberlebenskunst.at\/survivalshop\/\",\"name\":\"Reini Rossmann - Survival Shop\",\"description\":\"Survival Shop f\u00fcr Survival, Bushcraft und Prepper\",\"potentialAction\":[{\"@type\":\"SearchAction\",\"target\":{\"@type\":\"EntryPoint\",\"urlTemplate\":\"https:\/\/ueberlebenskunst.at\/survivalshop\/?s={search_term_string}\"},\"query-input\":{\"@type\":\"PropertyValueSpecification\",\"valueRequired\":true,\"valueName\":\"search_term_string\"}}],\"inLanguage\":\"de\"}]}<\/script>\n<!-- \/ Yoast SEO plugin. -->","yoast_head_json":{"title":"M\u00e4ngelexemplare: Kartoffelanbau f\u00fcr Selbstversorger - alle Infos f\u00fcr eine ertragreiche Ernte","description":"Die Kartoffel anzubauen bedeutet hoher Kalorienertrag auf geringer Fl\u00e4che, was vorallem f\u00fcr Selbstversorger und in Krisenzeiten notwendig ist","robots":{"index":"index","follow":"follow","max-snippet":"max-snippet:-1","max-image-preview":"max-image-preview:large","max-video-preview":"max-video-preview:-1"},"canonical":"https:\/\/ueberlebenskunst.at\/survivalshop\/shop\/maengelexemplare-kartoffelanbau-fuer-selbstversorger\/","og_locale":"de_DE","og_type":"article","og_title":"M\u00e4ngelexemplare: Kartoffelanbau f\u00fcr Selbstversorger - alle Infos f\u00fcr eine ertragreiche Ernte","og_description":"Die Kartoffel anzubauen bedeutet hoher Kalorienertrag auf geringer Fl\u00e4che, was vorallem f\u00fcr Selbstversorger und in Krisenzeiten notwendig ist","og_url":"https:\/\/ueberlebenskunst.at\/survivalshop\/shop\/maengelexemplare-kartoffelanbau-fuer-selbstversorger\/","og_site_name":"Reini Rossmann - Survival Shop","article_publisher":"https:\/\/www.facebook.com\/survival24.org\/","article_modified_time":"2026-04-16T14:59:59+00:00","og_image":[{"width":624,"height":552,"url":"https:\/\/ueberlebenskunst.at\/survivalshop\/wp-content\/uploads\/2020\/10\/Kartoffelanbau.jpg","type":"image\/jpeg"}],"twitter_card":"summary_large_image","twitter_misc":{"Gesch\u00e4tzte Lesezeit":"2\u00a0Minuten"},"schema":{"@context":"https:\/\/schema.org","@graph":[{"@type":"WebPage","@id":"https:\/\/ueberlebenskunst.at\/survivalshop\/shop\/maengelexemplare-kartoffelanbau-fuer-selbstversorger\/","url":"https:\/\/ueberlebenskunst.at\/survivalshop\/shop\/maengelexemplare-kartoffelanbau-fuer-selbstversorger\/","name":"M\u00e4ngelexemplare: Kartoffelanbau f\u00fcr Selbstversorger - alle Infos f\u00fcr eine ertragreiche Ernte","isPartOf":{"@id":"https:\/\/ueberlebenskunst.at\/survivalshop\/#website"},"primaryImageOfPage":{"@id":"https:\/\/ueberlebenskunst.at\/survivalshop\/shop\/maengelexemplare-kartoffelanbau-fuer-selbstversorger\/#primaryimage"},"image":{"@id":"https:\/\/ueberlebenskunst.at\/survivalshop\/shop\/maengelexemplare-kartoffelanbau-fuer-selbstversorger\/#primaryimage"},"thumbnailUrl":"https:\/\/ueberlebenskunst.at\/survivalshop\/wp-content\/uploads\/2020\/10\/Kartoffelanbau.jpg","datePublished":"2024-11-20T11:54:29+00:00","dateModified":"2026-04-16T14:59:59+00:00","description":"Die Kartoffel anzubauen bedeutet hoher Kalorienertrag auf geringer Fl\u00e4che, was vorallem f\u00fcr Selbstversorger und in Krisenzeiten notwendig ist","breadcrumb":{"@id":"https:\/\/ueberlebenskunst.at\/survivalshop\/shop\/maengelexemplare-kartoffelanbau-fuer-selbstversorger\/#breadcrumb"},"inLanguage":"de","potentialAction":[{"@type":"ReadAction","target":["https:\/\/ueberlebenskunst.at\/survivalshop\/shop\/maengelexemplare-kartoffelanbau-fuer-selbstversorger\/"]}]},{"@type":"ImageObject","inLanguage":"de","@id":"https:\/\/ueberlebenskunst.at\/survivalshop\/shop\/maengelexemplare-kartoffelanbau-fuer-selbstversorger\/#primaryimage","url":"https:\/\/ueberlebenskunst.at\/survivalshop\/wp-content\/uploads\/2020\/10\/Kartoffelanbau.jpg","contentUrl":"https:\/\/ueberlebenskunst.at\/survivalshop\/wp-content\/uploads\/2020\/10\/Kartoffelanbau.jpg","width":624,"height":552},{"@type":"BreadcrumbList","@id":"https:\/\/ueberlebenskunst.at\/survivalshop\/shop\/maengelexemplare-kartoffelanbau-fuer-selbstversorger\/#breadcrumb","itemListElement":[{"@type":"ListItem","position":1,"name":"Startseite","item":"https:\/\/ueberlebenskunst.at\/survivalshop\/"},{"@type":"ListItem","position":2,"name":"Shop","item":"https:\/\/ueberlebenskunst.at\/survivalshop\/shop\/"},{"@type":"ListItem","position":3,"name":"M\u00e4ngelexemplare: Kartoffelanbau f\u00fcr Selbstversorger"}]},{"@type":"WebSite","@id":"https:\/\/ueberlebenskunst.at\/survivalshop\/#website","url":"https:\/\/ueberlebenskunst.at\/survivalshop\/","name":"Reini Rossmann - Survival Shop","description":"Survival Shop f\u00fcr Survival, Bushcraft und Prepper","potentialAction":[{"@type":"SearchAction","target":{"@type":"EntryPoint","urlTemplate":"https:\/\/ueberlebenskunst.at\/survivalshop\/?s={search_term_string}"},"query-input":{"@type":"PropertyValueSpecification","valueRequired":true,"valueName":"search_term_string"}}],"inLanguage":"de"}]}},"_links":{"self":[{"href":"https:\/\/ueberlebenskunst.at\/survivalshop\/wp-json\/wp\/v2\/product\/177406","targetHints":{"allow":["GET"]}}],"collection":[{"href":"https:\/\/ueberlebenskunst.at\/survivalshop\/wp-json\/wp\/v2\/product"}],"about":[{"href":"https:\/\/ueberlebenskunst.at\/survivalshop\/wp-json\/wp\/v2\/types\/product"}],"replies":[{"embeddable":true,"href":"https:\/\/ueberlebenskunst.at\/survivalshop\/wp-json\/wp\/v2\/comments?post=177406"}],"wp:featuredmedia":[{"embeddable":true,"href":"https:\/\/ueberlebenskunst.at\/survivalshop\/wp-json\/wp\/v2\/media\/17924"}],"wp:attachment":[{"href":"https:\/\/ueberlebenskunst.at\/survivalshop\/wp-json\/wp\/v2\/media?parent=177406"}],"wp:term":[{"taxonomy":"product_brand","embeddable":true,"href":"https:\/\/ueberlebenskunst.at\/survivalshop\/wp-json\/wp\/v2\/product_brand?post=177406"},{"taxonomy":"product_cat","embeddable":true,"href":"https:\/\/ueberlebenskunst.at\/survivalshop\/wp-json\/wp\/v2\/product_cat?post=177406"},{"taxonomy":"product_tag","embeddable":true,"href":"https:\/\/ueberlebenskunst.at\/survivalshop\/wp-json\/wp\/v2\/product_tag?post=177406"}],"curies":[{"name":"wp","href":"https:\/\/api.w.org\/{rel}","templated":true}]}}