{"id":177402,"date":"2024-11-20T12:19:07","date_gmt":"2024-11-20T11:19:07","guid":{"rendered":"https:\/\/ueberlebenskunst.at\/survivalshop\/?post_type=product&#038;p=177402"},"modified":"2026-04-16T17:00:00","modified_gmt":"2026-04-16T15:00:00","slug":"maengelexemplare-selbstversorger-pflanzenbibel","status":"publish","type":"product","link":"https:\/\/ueberlebenskunst.at\/survivalshop\/shop\/maengelexemplare-selbstversorger-pflanzenbibel\/","title":{"rendered":"M\u00e4ngelexemplare: Selbstversorger Pflanzenbibel"},"content":{"rendered":"<h3><strong>Bei den vorliegenden B\u00fcchern handelt es sich um M\u00e4ngelexemplare, das bedeutet, dass der Einband bzw. die eine oder andere Seite etwas besch\u00e4digt ist. Jedoch sind Text und Inhalt einwandfrei lesbar. Es sind auch keine Seiten herausgerissen oder unleserlich, sondern es handelt sich nur um Unsch\u00f6nheiten, die das Buch nicht ganz perfekt machen.<\/strong><\/h3>\n<p><strong>Die Selbstversorger Pflanzenbibel<\/strong><\/p>\n<ul>\n<li>23 Top-Selbstversorger-Pflanzen im Portrait.<\/li>\n<li>Schritt-f\u00fcr-Schritt Anleitungen f\u00fcr deinen Selbstversorgergarten, auch wenn du gar keinen Garten besitzt!<\/li>\n<li>Dieses Wissen ist eine Kernkompetenz des Menschen.<\/li>\n<li>Das ideale Buch f\u00fcr deinen Krisenvorrat.<\/li>\n<li>348 Seiten im Hardcover.<\/li>\n<\/ul>\n","protected":false},"excerpt":{"rendered":"<p>Bei den vorliegenden B\u00fcchern handelt es sich um M\u00e4ngelexemplare, das bedeutet, dass der Einband bzw. die eine oder andere Seite etwas besch\u00e4digt ist. Jedoch sind Text und Inhalt einwandfrei lesbar. Es sind auch keine Seiten herausgerissen oder unleserlich, sondern es handelt sich nur um Unsch\u00f6nheiten, die das Buch nicht ganz perfekt machen. Die Selbstversorger Pflanzenbibel [&hellip;]<\/p>\n","protected":false},"featured_media":15456,"comment_status":"open","ping_status":"closed","template":"","meta":{"_acf_changed":false},"product_brand":[],"product_cat":[2389],"product_tag":[2390,2526],"class_list":{"0":"post-177402","1":"product","2":"type-product","3":"status-publish","4":"has-post-thumbnail","6":"product_cat-flohmarkt","7":"product_tag-flohmarkt","8":"product_tag-reinis-buecher","9":"pa_platform-druckbuch","10":"pa_platform-ebook","11":"pa_platform-video-online-fernlehrgang","13":"first","14":"instock","15":"sale","16":"taxable","17":"shipping-taxable","18":"purchasable","19":"product-type-variable","20":"has-default-attributes"},"acf":[],"yoast_head":"<!-- This site is optimized with the Yoast SEO plugin v27.1.1 - https:\/\/yoast.com\/product\/yoast-seo-wordpress\/ -->\n<title>M\u00e4ngelexemplare: Selbstversorger Pflanzenbibel - Reini Rossmann - Survival Shop<\/title>\n<meta name=\"robots\" content=\"index, follow, max-snippet:-1, max-image-preview:large, max-video-preview:-1\" \/>\n<link rel=\"canonical\" href=\"https:\/\/ueberlebenskunst.at\/survivalshop\/shop\/maengelexemplare-selbstversorger-pflanzenbibel\/\" \/>\n<meta property=\"og:locale\" content=\"de_DE\" \/>\n<meta property=\"og:type\" content=\"article\" \/>\n<meta property=\"og:title\" content=\"M\u00e4ngelexemplare: Selbstversorger Pflanzenbibel - Reini Rossmann - Survival Shop\" \/>\n<meta property=\"og:description\" content=\"Bei den vorliegenden B\u00fcchern handelt es sich um M\u00e4ngelexemplare, das bedeutet, dass der Einband bzw. die eine oder andere Seite etwas besch\u00e4digt ist. Jedoch sind Text und Inhalt einwandfrei lesbar. Es sind auch keine Seiten herausgerissen oder unleserlich, sondern es handelt sich nur um Unsch\u00f6nheiten, die das Buch nicht ganz perfekt machen. Die Selbstversorger Pflanzenbibel [&hellip;]\" \/>\n<meta property=\"og:url\" content=\"https:\/\/ueberlebenskunst.at\/survivalshop\/shop\/maengelexemplare-selbstversorger-pflanzenbibel\/\" \/>\n<meta property=\"og:site_name\" content=\"Reini Rossmann - Survival Shop\" \/>\n<meta property=\"article:publisher\" content=\"https:\/\/www.facebook.com\/survival24.org\/\" \/>\n<meta property=\"article:modified_time\" content=\"2026-04-16T15:00:00+00:00\" \/>\n<meta property=\"og:image\" content=\"https:\/\/ueberlebenskunst.at\/survivalshop\/wp-content\/uploads\/2020\/05\/SVPB-montage-nur-cover-3d.png\" \/>\n\t<meta property=\"og:image:width\" content=\"1000\" \/>\n\t<meta property=\"og:image:height\" content=\"1222\" \/>\n\t<meta property=\"og:image:type\" content=\"image\/png\" \/>\n<meta name=\"twitter:card\" content=\"summary_large_image\" \/>\n<meta name=\"twitter:label1\" content=\"Gesch\u00e4tzte Lesezeit\" \/>\n\t<meta name=\"twitter:data1\" content=\"1\u00a0Minute\" \/>\n<script type=\"application\/ld+json\" class=\"yoast-schema-graph\">{\"@context\":\"https:\/\/schema.org\",\"@graph\":[{\"@type\":\"WebPage\",\"@id\":\"https:\/\/ueberlebenskunst.at\/survivalshop\/shop\/maengelexemplare-selbstversorger-pflanzenbibel\/\",\"url\":\"https:\/\/ueberlebenskunst.at\/survivalshop\/shop\/maengelexemplare-selbstversorger-pflanzenbibel\/\",\"name\":\"M\u00e4ngelexemplare: Selbstversorger Pflanzenbibel - Reini Rossmann - Survival Shop\",\"isPartOf\":{\"@id\":\"https:\/\/ueberlebenskunst.at\/survivalshop\/#website\"},\"primaryImageOfPage\":{\"@id\":\"https:\/\/ueberlebenskunst.at\/survivalshop\/shop\/maengelexemplare-selbstversorger-pflanzenbibel\/#primaryimage\"},\"image\":{\"@id\":\"https:\/\/ueberlebenskunst.at\/survivalshop\/shop\/maengelexemplare-selbstversorger-pflanzenbibel\/#primaryimage\"},\"thumbnailUrl\":\"https:\/\/ueberlebenskunst.at\/survivalshop\/wp-content\/uploads\/2020\/05\/SVPB-montage-nur-cover-3d.png\",\"datePublished\":\"2024-11-20T11:19:07+00:00\",\"dateModified\":\"2026-04-16T15:00:00+00:00\",\"breadcrumb\":{\"@id\":\"https:\/\/ueberlebenskunst.at\/survivalshop\/shop\/maengelexemplare-selbstversorger-pflanzenbibel\/#breadcrumb\"},\"inLanguage\":\"de\",\"potentialAction\":[{\"@type\":\"ReadAction\",\"target\":[\"https:\/\/ueberlebenskunst.at\/survivalshop\/shop\/maengelexemplare-selbstversorger-pflanzenbibel\/\"]}]},{\"@type\":\"ImageObject\",\"inLanguage\":\"de\",\"@id\":\"https:\/\/ueberlebenskunst.at\/survivalshop\/shop\/maengelexemplare-selbstversorger-pflanzenbibel\/#primaryimage\",\"url\":\"https:\/\/ueberlebenskunst.at\/survivalshop\/wp-content\/uploads\/2020\/05\/SVPB-montage-nur-cover-3d.png\",\"contentUrl\":\"https:\/\/ueberlebenskunst.at\/survivalshop\/wp-content\/uploads\/2020\/05\/SVPB-montage-nur-cover-3d.png\",\"width\":1000,\"height\":1222},{\"@type\":\"BreadcrumbList\",\"@id\":\"https:\/\/ueberlebenskunst.at\/survivalshop\/shop\/maengelexemplare-selbstversorger-pflanzenbibel\/#breadcrumb\",\"itemListElement\":[{\"@type\":\"ListItem\",\"position\":1,\"name\":\"Startseite\",\"item\":\"https:\/\/ueberlebenskunst.at\/survivalshop\/\"},{\"@type\":\"ListItem\",\"position\":2,\"name\":\"Shop\",\"item\":\"https:\/\/ueberlebenskunst.at\/survivalshop\/shop\/\"},{\"@type\":\"ListItem\",\"position\":3,\"name\":\"M\u00e4ngelexemplare: Selbstversorger Pflanzenbibel\"}]},{\"@type\":\"WebSite\",\"@id\":\"https:\/\/ueberlebenskunst.at\/survivalshop\/#website\",\"url\":\"https:\/\/ueberlebenskunst.at\/survivalshop\/\",\"name\":\"Reini Rossmann - Survival Shop\",\"description\":\"Survival Shop f\u00fcr Survival, Bushcraft und Prepper\",\"potentialAction\":[{\"@type\":\"SearchAction\",\"target\":{\"@type\":\"EntryPoint\",\"urlTemplate\":\"https:\/\/ueberlebenskunst.at\/survivalshop\/?s={search_term_string}\"},\"query-input\":{\"@type\":\"PropertyValueSpecification\",\"valueRequired\":true,\"valueName\":\"search_term_string\"}}],\"inLanguage\":\"de\"}]}<\/script>\n<!-- \/ Yoast SEO plugin. -->","yoast_head_json":{"title":"M\u00e4ngelexemplare: Selbstversorger Pflanzenbibel - Reini Rossmann - Survival Shop","robots":{"index":"index","follow":"follow","max-snippet":"max-snippet:-1","max-image-preview":"max-image-preview:large","max-video-preview":"max-video-preview:-1"},"canonical":"https:\/\/ueberlebenskunst.at\/survivalshop\/shop\/maengelexemplare-selbstversorger-pflanzenbibel\/","og_locale":"de_DE","og_type":"article","og_title":"M\u00e4ngelexemplare: Selbstversorger Pflanzenbibel - Reini Rossmann - Survival Shop","og_description":"Bei den vorliegenden B\u00fcchern handelt es sich um M\u00e4ngelexemplare, das bedeutet, dass der Einband bzw. die eine oder andere Seite etwas besch\u00e4digt ist. Jedoch sind Text und Inhalt einwandfrei lesbar. Es sind auch keine Seiten herausgerissen oder unleserlich, sondern es handelt sich nur um Unsch\u00f6nheiten, die das Buch nicht ganz perfekt machen. Die Selbstversorger Pflanzenbibel [&hellip;]","og_url":"https:\/\/ueberlebenskunst.at\/survivalshop\/shop\/maengelexemplare-selbstversorger-pflanzenbibel\/","og_site_name":"Reini Rossmann - Survival Shop","article_publisher":"https:\/\/www.facebook.com\/survival24.org\/","article_modified_time":"2026-04-16T15:00:00+00:00","og_image":[{"width":1000,"height":1222,"url":"https:\/\/ueberlebenskunst.at\/survivalshop\/wp-content\/uploads\/2020\/05\/SVPB-montage-nur-cover-3d.png","type":"image\/png"}],"twitter_card":"summary_large_image","twitter_misc":{"Gesch\u00e4tzte Lesezeit":"1\u00a0Minute"},"schema":{"@context":"https:\/\/schema.org","@graph":[{"@type":"WebPage","@id":"https:\/\/ueberlebenskunst.at\/survivalshop\/shop\/maengelexemplare-selbstversorger-pflanzenbibel\/","url":"https:\/\/ueberlebenskunst.at\/survivalshop\/shop\/maengelexemplare-selbstversorger-pflanzenbibel\/","name":"M\u00e4ngelexemplare: Selbstversorger Pflanzenbibel - Reini Rossmann - Survival Shop","isPartOf":{"@id":"https:\/\/ueberlebenskunst.at\/survivalshop\/#website"},"primaryImageOfPage":{"@id":"https:\/\/ueberlebenskunst.at\/survivalshop\/shop\/maengelexemplare-selbstversorger-pflanzenbibel\/#primaryimage"},"image":{"@id":"https:\/\/ueberlebenskunst.at\/survivalshop\/shop\/maengelexemplare-selbstversorger-pflanzenbibel\/#primaryimage"},"thumbnailUrl":"https:\/\/ueberlebenskunst.at\/survivalshop\/wp-content\/uploads\/2020\/05\/SVPB-montage-nur-cover-3d.png","datePublished":"2024-11-20T11:19:07+00:00","dateModified":"2026-04-16T15:00:00+00:00","breadcrumb":{"@id":"https:\/\/ueberlebenskunst.at\/survivalshop\/shop\/maengelexemplare-selbstversorger-pflanzenbibel\/#breadcrumb"},"inLanguage":"de","potentialAction":[{"@type":"ReadAction","target":["https:\/\/ueberlebenskunst.at\/survivalshop\/shop\/maengelexemplare-selbstversorger-pflanzenbibel\/"]}]},{"@type":"ImageObject","inLanguage":"de","@id":"https:\/\/ueberlebenskunst.at\/survivalshop\/shop\/maengelexemplare-selbstversorger-pflanzenbibel\/#primaryimage","url":"https:\/\/ueberlebenskunst.at\/survivalshop\/wp-content\/uploads\/2020\/05\/SVPB-montage-nur-cover-3d.png","contentUrl":"https:\/\/ueberlebenskunst.at\/survivalshop\/wp-content\/uploads\/2020\/05\/SVPB-montage-nur-cover-3d.png","width":1000,"height":1222},{"@type":"BreadcrumbList","@id":"https:\/\/ueberlebenskunst.at\/survivalshop\/shop\/maengelexemplare-selbstversorger-pflanzenbibel\/#breadcrumb","itemListElement":[{"@type":"ListItem","position":1,"name":"Startseite","item":"https:\/\/ueberlebenskunst.at\/survivalshop\/"},{"@type":"ListItem","position":2,"name":"Shop","item":"https:\/\/ueberlebenskunst.at\/survivalshop\/shop\/"},{"@type":"ListItem","position":3,"name":"M\u00e4ngelexemplare: Selbstversorger Pflanzenbibel"}]},{"@type":"WebSite","@id":"https:\/\/ueberlebenskunst.at\/survivalshop\/#website","url":"https:\/\/ueberlebenskunst.at\/survivalshop\/","name":"Reini Rossmann - Survival Shop","description":"Survival Shop f\u00fcr Survival, Bushcraft und Prepper","potentialAction":[{"@type":"SearchAction","target":{"@type":"EntryPoint","urlTemplate":"https:\/\/ueberlebenskunst.at\/survivalshop\/?s={search_term_string}"},"query-input":{"@type":"PropertyValueSpecification","valueRequired":true,"valueName":"search_term_string"}}],"inLanguage":"de"}]}},"_links":{"self":[{"href":"https:\/\/ueberlebenskunst.at\/survivalshop\/wp-json\/wp\/v2\/product\/177402","targetHints":{"allow":["GET"]}}],"collection":[{"href":"https:\/\/ueberlebenskunst.at\/survivalshop\/wp-json\/wp\/v2\/product"}],"about":[{"href":"https:\/\/ueberlebenskunst.at\/survivalshop\/wp-json\/wp\/v2\/types\/product"}],"replies":[{"embeddable":true,"href":"https:\/\/ueberlebenskunst.at\/survivalshop\/wp-json\/wp\/v2\/comments?post=177402"}],"wp:featuredmedia":[{"embeddable":true,"href":"https:\/\/ueberlebenskunst.at\/survivalshop\/wp-json\/wp\/v2\/media\/15456"}],"wp:attachment":[{"href":"https:\/\/ueberlebenskunst.at\/survivalshop\/wp-json\/wp\/v2\/media?parent=177402"}],"wp:term":[{"taxonomy":"product_brand","embeddable":true,"href":"https:\/\/ueberlebenskunst.at\/survivalshop\/wp-json\/wp\/v2\/product_brand?post=177402"},{"taxonomy":"product_cat","embeddable":true,"href":"https:\/\/ueberlebenskunst.at\/survivalshop\/wp-json\/wp\/v2\/product_cat?post=177402"},{"taxonomy":"product_tag","embeddable":true,"href":"https:\/\/ueberlebenskunst.at\/survivalshop\/wp-json\/wp\/v2\/product_tag?post=177402"}],"curies":[{"name":"wp","href":"https:\/\/api.w.org\/{rel}","templated":true}]}}