{"id":177291,"date":"2024-11-19T10:36:40","date_gmt":"2024-11-19T09:36:40","guid":{"rendered":"https:\/\/ueberlebenskunst.at\/survivalshop\/?post_type=product&#038;p=177291"},"modified":"2025-03-14T06:45:50","modified_gmt":"2025-03-14T05:45:50","slug":"civivi-baby-banter-nitro-v-g10-all-black","status":"seo-produkt","type":"product","link":"https:\/\/ueberlebenskunst.at\/survivalshop\/shop\/civivi-baby-banter-nitro-v-g10-all-black\/","title":{"rendered":"CIVIVI Baby Banter Nitro-V G10 All Black"},"content":{"rendered":"<p>Das Baby Banter von CIVIVI ist der ideale Begleiter f\u00fcr jeden, der Abenteuer und Funktionalit\u00e4t gleicherma\u00dfen sch\u00e4tzt. Dieses vollst\u00e4ndig in Schwarz gehaltene Taschenmesser, entworfen von Ben Peterson, bringt eine Extraportion Stil und Leistung in deinem Alltag und l\u00e4sst sich von keiner Herausforderung abschrecken. Statt zum Lachen in den Keller zu gehen, begleitet es dich lieber auf die n\u00e4chste Outdoor-Expedition.<\/p>\n<p>Die Klinge aus Nitro-V-Stahl \u00fcberzeugt durch au\u00dfergew\u00f6hnliche Sch\u00e4rfe, hohe Schnitthaltigkeit und beeindruckende Robustheit. Sie ist wie geschaffen f\u00fcr alle t\u00e4glichen Aufgaben, sei es beim Schneiden, Schnitzen oder anderen Eins\u00e4tzen, bei denen Pr\u00e4zision gefragt ist.<\/p>\n<p>Der Griff aus strapazierf\u00e4higem G10-Material sorgt f\u00fcr eine sichere und rutschfeste Handhabung, auch unter anspruchsvollen Bedingungen. Dank des beidseitig nutzbaren Daumenpins l\u00e4sst sich das Messer leicht und schnell \u00f6ffnen, w\u00e4hrend der zuverl\u00e4ssige Liner-Lock-Mechanismus die Klinge sicher arretiert.<\/p>\n<p>Zus\u00e4tzliche Flexibilit\u00e4t bietet die praktische Fangriemen\u00f6se sowie der umsetzbare Tip-Up-Clip, der das Tragen und Zugreifen erleichtert. Das Baby Banter ist damit nicht nur ein Werkzeug, sondern ein zuverl\u00e4ssiger Partner f\u00fcr den Alltag und jedes Abenteuer \u2013 kompakt, robust und immer einsatzbereit.<\/p>\n<h3>Produktdaten:<\/h3>\n<ul>\n<li>Gesamtl\u00e4nge: 13,9 cm<\/li>\n<li>Klingenl\u00e4nge: 5,9 cm<\/li>\n<li>Gewicht: 56 g<\/li>\n<li>Klingenst\u00e4rke: 2,3 mm<\/li>\n<li>Klingenmaterial: Nitro-V<\/li>\n<li>Griffmaterial: G10<\/li>\n<li>Linerlock<\/li>\n<\/ul>\n<p>&nbsp;<\/p>\n","protected":false},"excerpt":{"rendered":"<p>Das Baby Banter von CIVIVI ist der ideale Begleiter f\u00fcr jeden, der Abenteuer und Funktionalit\u00e4t gleicherma\u00dfen sch\u00e4tzt. Dieses vollst\u00e4ndig in Schwarz gehaltene Taschenmesser, entworfen von Ben Peterson, bringt eine Extraportion Stil und Leistung in deinem Alltag und l\u00e4sst sich von keiner Herausforderung abschrecken. Statt zum Lachen in den Keller zu gehen, begleitet es dich lieber [&hellip;]<\/p>\n","protected":false},"featured_media":177292,"comment_status":"open","ping_status":"closed","template":"","meta":{"_acf_changed":false},"product_brand":[],"product_cat":[426],"product_tag":[981,270],"class_list":{"0":"post-177291","1":"product","2":"type-product","3":"status-seo-produkt","4":"has-post-thumbnail","6":"product_cat-unkategorisiert","7":"product_tag-civivi","8":"product_tag-edc","10":"first","11":"outofstock","12":"taxable","13":"shipping-taxable","14":"product-type-simple"},"acf":[],"yoast_head":"<!-- This site is optimized with the Yoast SEO plugin v27.1.1 - https:\/\/yoast.com\/product\/yoast-seo-wordpress\/ -->\n<title>CIVIVI Baby Banter Nitro-V G10 All Black - Reini Rossmann - Survival Shop<\/title>\n<meta name=\"robots\" content=\"index, follow, max-snippet:-1, max-image-preview:large, max-video-preview:-1\" \/>\n<link rel=\"canonical\" href=\"https:\/\/ueberlebenskunst.at\/survivalshop\/shop\/civivi-baby-banter-nitro-v-g10-all-black\/\" \/>\n<meta property=\"og:locale\" content=\"de_DE\" \/>\n<meta property=\"og:type\" content=\"article\" \/>\n<meta property=\"og:title\" content=\"CIVIVI Baby Banter Nitro-V G10 All Black - Reini Rossmann - Survival Shop\" \/>\n<meta property=\"og:description\" content=\"Das Baby Banter von CIVIVI ist der ideale Begleiter f\u00fcr jeden, der Abenteuer und Funktionalit\u00e4t gleicherma\u00dfen sch\u00e4tzt. Dieses vollst\u00e4ndig in Schwarz gehaltene Taschenmesser, entworfen von Ben Peterson, bringt eine Extraportion Stil und Leistung in deinem Alltag und l\u00e4sst sich von keiner Herausforderung abschrecken. Statt zum Lachen in den Keller zu gehen, begleitet es dich lieber [&hellip;]\" \/>\n<meta property=\"og:url\" content=\"https:\/\/ueberlebenskunst.at\/survivalshop\/shop\/civivi-baby-banter-nitro-v-g10-all-black\/\" \/>\n<meta property=\"og:site_name\" content=\"Reini Rossmann - Survival Shop\" \/>\n<meta property=\"article:publisher\" content=\"https:\/\/www.facebook.com\/survival24.org\/\" \/>\n<meta property=\"article:modified_time\" content=\"2025-03-14T05:45:50+00:00\" \/>\n<meta property=\"og:image\" content=\"https:\/\/ueberlebenskunst.at\/survivalshop\/wp-content\/uploads\/2024\/11\/01WE1339.jpg\" \/>\n\t<meta property=\"og:image:width\" content=\"400\" \/>\n\t<meta property=\"og:image:height\" content=\"400\" \/>\n\t<meta property=\"og:image:type\" content=\"image\/jpeg\" \/>\n<meta name=\"twitter:card\" content=\"summary_large_image\" \/>\n<meta name=\"twitter:label1\" content=\"Gesch\u00e4tzte Lesezeit\" \/>\n\t<meta name=\"twitter:data1\" content=\"2\u00a0Minuten\" \/>\n<script type=\"application\/ld+json\" class=\"yoast-schema-graph\">{\"@context\":\"https:\/\/schema.org\",\"@graph\":[{\"@type\":\"WebPage\",\"@id\":\"https:\/\/ueberlebenskunst.at\/survivalshop\/shop\/civivi-baby-banter-nitro-v-g10-all-black\/\",\"url\":\"https:\/\/ueberlebenskunst.at\/survivalshop\/shop\/civivi-baby-banter-nitro-v-g10-all-black\/\",\"name\":\"CIVIVI Baby Banter Nitro-V G10 All Black - Reini Rossmann - Survival Shop\",\"isPartOf\":{\"@id\":\"https:\/\/ueberlebenskunst.at\/survivalshop\/#website\"},\"primaryImageOfPage\":{\"@id\":\"https:\/\/ueberlebenskunst.at\/survivalshop\/shop\/civivi-baby-banter-nitro-v-g10-all-black\/#primaryimage\"},\"image\":{\"@id\":\"https:\/\/ueberlebenskunst.at\/survivalshop\/shop\/civivi-baby-banter-nitro-v-g10-all-black\/#primaryimage\"},\"thumbnailUrl\":\"https:\/\/ueberlebenskunst.at\/survivalshop\/wp-content\/uploads\/2024\/11\/01WE1339.jpg\",\"datePublished\":\"2024-11-19T09:36:40+00:00\",\"dateModified\":\"2025-03-14T05:45:50+00:00\",\"breadcrumb\":{\"@id\":\"https:\/\/ueberlebenskunst.at\/survivalshop\/shop\/civivi-baby-banter-nitro-v-g10-all-black\/#breadcrumb\"},\"inLanguage\":\"de\",\"potentialAction\":[{\"@type\":\"ReadAction\",\"target\":[\"https:\/\/ueberlebenskunst.at\/survivalshop\/shop\/civivi-baby-banter-nitro-v-g10-all-black\/\"]}]},{\"@type\":\"ImageObject\",\"inLanguage\":\"de\",\"@id\":\"https:\/\/ueberlebenskunst.at\/survivalshop\/shop\/civivi-baby-banter-nitro-v-g10-all-black\/#primaryimage\",\"url\":\"https:\/\/ueberlebenskunst.at\/survivalshop\/wp-content\/uploads\/2024\/11\/01WE1339.jpg\",\"contentUrl\":\"https:\/\/ueberlebenskunst.at\/survivalshop\/wp-content\/uploads\/2024\/11\/01WE1339.jpg\",\"width\":400,\"height\":400},{\"@type\":\"BreadcrumbList\",\"@id\":\"https:\/\/ueberlebenskunst.at\/survivalshop\/shop\/civivi-baby-banter-nitro-v-g10-all-black\/#breadcrumb\",\"itemListElement\":[{\"@type\":\"ListItem\",\"position\":1,\"name\":\"Startseite\",\"item\":\"https:\/\/ueberlebenskunst.at\/survivalshop\/\"},{\"@type\":\"ListItem\",\"position\":2,\"name\":\"Shop\",\"item\":\"https:\/\/ueberlebenskunst.at\/survivalshop\/shop\/\"},{\"@type\":\"ListItem\",\"position\":3,\"name\":\"CIVIVI Baby Banter Nitro-V G10 All Black\"}]},{\"@type\":\"WebSite\",\"@id\":\"https:\/\/ueberlebenskunst.at\/survivalshop\/#website\",\"url\":\"https:\/\/ueberlebenskunst.at\/survivalshop\/\",\"name\":\"Reini Rossmann - Survival Shop\",\"description\":\"Survival Shop f\u00fcr Survival, Bushcraft und Prepper\",\"potentialAction\":[{\"@type\":\"SearchAction\",\"target\":{\"@type\":\"EntryPoint\",\"urlTemplate\":\"https:\/\/ueberlebenskunst.at\/survivalshop\/?s={search_term_string}\"},\"query-input\":{\"@type\":\"PropertyValueSpecification\",\"valueRequired\":true,\"valueName\":\"search_term_string\"}}],\"inLanguage\":\"de\"}]}<\/script>\n<!-- \/ Yoast SEO plugin. -->","yoast_head_json":{"title":"CIVIVI Baby Banter Nitro-V G10 All Black - Reini Rossmann - Survival Shop","robots":{"index":"index","follow":"follow","max-snippet":"max-snippet:-1","max-image-preview":"max-image-preview:large","max-video-preview":"max-video-preview:-1"},"canonical":"https:\/\/ueberlebenskunst.at\/survivalshop\/shop\/civivi-baby-banter-nitro-v-g10-all-black\/","og_locale":"de_DE","og_type":"article","og_title":"CIVIVI Baby Banter Nitro-V G10 All Black - Reini Rossmann - Survival Shop","og_description":"Das Baby Banter von CIVIVI ist der ideale Begleiter f\u00fcr jeden, der Abenteuer und Funktionalit\u00e4t gleicherma\u00dfen sch\u00e4tzt. Dieses vollst\u00e4ndig in Schwarz gehaltene Taschenmesser, entworfen von Ben Peterson, bringt eine Extraportion Stil und Leistung in deinem Alltag und l\u00e4sst sich von keiner Herausforderung abschrecken. Statt zum Lachen in den Keller zu gehen, begleitet es dich lieber [&hellip;]","og_url":"https:\/\/ueberlebenskunst.at\/survivalshop\/shop\/civivi-baby-banter-nitro-v-g10-all-black\/","og_site_name":"Reini Rossmann - Survival Shop","article_publisher":"https:\/\/www.facebook.com\/survival24.org\/","article_modified_time":"2025-03-14T05:45:50+00:00","og_image":[{"width":400,"height":400,"url":"https:\/\/ueberlebenskunst.at\/survivalshop\/wp-content\/uploads\/2024\/11\/01WE1339.jpg","type":"image\/jpeg"}],"twitter_card":"summary_large_image","twitter_misc":{"Gesch\u00e4tzte Lesezeit":"2\u00a0Minuten"},"schema":{"@context":"https:\/\/schema.org","@graph":[{"@type":"WebPage","@id":"https:\/\/ueberlebenskunst.at\/survivalshop\/shop\/civivi-baby-banter-nitro-v-g10-all-black\/","url":"https:\/\/ueberlebenskunst.at\/survivalshop\/shop\/civivi-baby-banter-nitro-v-g10-all-black\/","name":"CIVIVI Baby Banter Nitro-V G10 All Black - Reini Rossmann - Survival Shop","isPartOf":{"@id":"https:\/\/ueberlebenskunst.at\/survivalshop\/#website"},"primaryImageOfPage":{"@id":"https:\/\/ueberlebenskunst.at\/survivalshop\/shop\/civivi-baby-banter-nitro-v-g10-all-black\/#primaryimage"},"image":{"@id":"https:\/\/ueberlebenskunst.at\/survivalshop\/shop\/civivi-baby-banter-nitro-v-g10-all-black\/#primaryimage"},"thumbnailUrl":"https:\/\/ueberlebenskunst.at\/survivalshop\/wp-content\/uploads\/2024\/11\/01WE1339.jpg","datePublished":"2024-11-19T09:36:40+00:00","dateModified":"2025-03-14T05:45:50+00:00","breadcrumb":{"@id":"https:\/\/ueberlebenskunst.at\/survivalshop\/shop\/civivi-baby-banter-nitro-v-g10-all-black\/#breadcrumb"},"inLanguage":"de","potentialAction":[{"@type":"ReadAction","target":["https:\/\/ueberlebenskunst.at\/survivalshop\/shop\/civivi-baby-banter-nitro-v-g10-all-black\/"]}]},{"@type":"ImageObject","inLanguage":"de","@id":"https:\/\/ueberlebenskunst.at\/survivalshop\/shop\/civivi-baby-banter-nitro-v-g10-all-black\/#primaryimage","url":"https:\/\/ueberlebenskunst.at\/survivalshop\/wp-content\/uploads\/2024\/11\/01WE1339.jpg","contentUrl":"https:\/\/ueberlebenskunst.at\/survivalshop\/wp-content\/uploads\/2024\/11\/01WE1339.jpg","width":400,"height":400},{"@type":"BreadcrumbList","@id":"https:\/\/ueberlebenskunst.at\/survivalshop\/shop\/civivi-baby-banter-nitro-v-g10-all-black\/#breadcrumb","itemListElement":[{"@type":"ListItem","position":1,"name":"Startseite","item":"https:\/\/ueberlebenskunst.at\/survivalshop\/"},{"@type":"ListItem","position":2,"name":"Shop","item":"https:\/\/ueberlebenskunst.at\/survivalshop\/shop\/"},{"@type":"ListItem","position":3,"name":"CIVIVI Baby Banter Nitro-V G10 All Black"}]},{"@type":"WebSite","@id":"https:\/\/ueberlebenskunst.at\/survivalshop\/#website","url":"https:\/\/ueberlebenskunst.at\/survivalshop\/","name":"Reini Rossmann - Survival Shop","description":"Survival Shop f\u00fcr Survival, Bushcraft und Prepper","potentialAction":[{"@type":"SearchAction","target":{"@type":"EntryPoint","urlTemplate":"https:\/\/ueberlebenskunst.at\/survivalshop\/?s={search_term_string}"},"query-input":{"@type":"PropertyValueSpecification","valueRequired":true,"valueName":"search_term_string"}}],"inLanguage":"de"}]}},"_links":{"self":[{"href":"https:\/\/ueberlebenskunst.at\/survivalshop\/wp-json\/wp\/v2\/product\/177291","targetHints":{"allow":["GET"]}}],"collection":[{"href":"https:\/\/ueberlebenskunst.at\/survivalshop\/wp-json\/wp\/v2\/product"}],"about":[{"href":"https:\/\/ueberlebenskunst.at\/survivalshop\/wp-json\/wp\/v2\/types\/product"}],"replies":[{"embeddable":true,"href":"https:\/\/ueberlebenskunst.at\/survivalshop\/wp-json\/wp\/v2\/comments?post=177291"}],"wp:featuredmedia":[{"embeddable":true,"href":"https:\/\/ueberlebenskunst.at\/survivalshop\/wp-json\/wp\/v2\/media\/177292"}],"wp:attachment":[{"href":"https:\/\/ueberlebenskunst.at\/survivalshop\/wp-json\/wp\/v2\/media?parent=177291"}],"wp:term":[{"taxonomy":"product_brand","embeddable":true,"href":"https:\/\/ueberlebenskunst.at\/survivalshop\/wp-json\/wp\/v2\/product_brand?post=177291"},{"taxonomy":"product_cat","embeddable":true,"href":"https:\/\/ueberlebenskunst.at\/survivalshop\/wp-json\/wp\/v2\/product_cat?post=177291"},{"taxonomy":"product_tag","embeddable":true,"href":"https:\/\/ueberlebenskunst.at\/survivalshop\/wp-json\/wp\/v2\/product_tag?post=177291"}],"curies":[{"name":"wp","href":"https:\/\/api.w.org\/{rel}","templated":true}]}}