{"id":17666,"date":"2020-10-11T18:14:45","date_gmt":"2020-10-11T16:14:45","guid":{"rendered":"https:\/\/ueberlebenskunst.at\/survivalshop\/survivalshop\/?post_type=product&#038;p=17666"},"modified":"2025-09-22T05:40:59","modified_gmt":"2025-09-22T03:40:59","slug":"bw-fallschirmspringermesser","status":"seo-produkt","type":"product","link":"https:\/\/ueberlebenskunst.at\/survivalshop\/shop\/bw-fallschirmspringermesser\/","title":{"rendered":"BW Fallschirmspringermesser &#8211; Nachbau"},"content":{"rendered":"<p>Das BW Fallschirmspringermesser ist mit einer kurzen S\u00e4gezahnung und einer gerillter Auflage f\u00fcr den Daumen, f\u00fcr einen noch besseren Halt, ausgef\u00fchrt. Unterhalb hat es einen Fingerschutz, um bei gro\u00dfem Kraftaufwand ein Abrutschen und somit Verletzen zu verhindern.<\/p>\n<p>Der Griff besteht aus gemasertem Holz mit inkludierter \u00d6se am Ende des Griffs.<\/p>\n<p>Die Scheide ist aus festem Leder gefertigt, wurde vern\u00e4ht und mit mehreren Nieten versehen. Der Druckknopf am Sicherungsriemen dient zum Fixieren des Messers; eine stabil vern\u00e4hte, verstellbare Schlaufe dient zum Befestigen am G\u00fcrtel. Das BW Fallschirmspringermesser ist ideal f\u00fcr den groben Einsatz.<\/p>\n<h3>Technische Daten:<\/h3>\n<ul>\n<li>L\u00e4nge gesamt: 27,5 cm<\/li>\n<li>Klingenl\u00e4nge: 16 cm<\/li>\n<li>Gewicht: ca. 290 g<\/li>\n<li>Gewicht inkl. Scheide: ca. 370 g<\/li>\n<\/ul>\n","protected":false},"excerpt":{"rendered":"<p>Das BW Fallschirmspringermesser ist mit einer kurzen S\u00e4gezahnung und einer gerillter Auflage f\u00fcr den Daumen, f\u00fcr einen noch besseren Halt, ausgef\u00fchrt. Unterhalb hat es einen Fingerschutz, um bei gro\u00dfem Kraftaufwand ein Abrutschen und somit Verletzen zu verhindern. Der Griff besteht aus gemasertem Holz mit inkludierter \u00d6se am Ende des Griffs. Die Scheide ist aus festem [&hellip;]<\/p>\n","protected":false},"featured_media":17667,"comment_status":"open","ping_status":"closed","template":"","meta":{"_acf_changed":false},"product_brand":[],"product_cat":[426],"product_tag":[507],"class_list":{"0":"post-17666","1":"product","2":"type-product","3":"status-seo-produkt","4":"has-post-thumbnail","6":"product_cat-unkategorisiert","7":"product_tag-bundeswehr","9":"first","10":"outofstock","11":"taxable","12":"shipping-taxable","13":"product-type-simple"},"acf":[],"yoast_head":"<!-- This site is optimized with the Yoast SEO plugin v27.1.1 - https:\/\/yoast.com\/product\/yoast-seo-wordpress\/ -->\n<title>BW Fallschirmspringermesser - Nachbau inkl. Video Review<\/title>\n<meta name=\"description\" content=\"Das BW Fallschirmspringermesser ist sehr robust ausgef\u00fchr und dank Fingerschutz und geriffelter Daumenauflage sicher in der Anwendung\" \/>\n<meta name=\"robots\" content=\"index, follow, max-snippet:-1, max-image-preview:large, max-video-preview:-1\" \/>\n<link rel=\"canonical\" href=\"https:\/\/ueberlebenskunst.at\/survivalshop\/shop\/bw-fallschirmspringermesser\/\" \/>\n<meta property=\"og:locale\" content=\"de_DE\" \/>\n<meta property=\"og:type\" content=\"article\" \/>\n<meta property=\"og:title\" content=\"BW Fallschirmspringermesser - Nachbau inkl. Video Review\" \/>\n<meta property=\"og:description\" content=\"Das BW Fallschirmspringermesser ist sehr robust ausgef\u00fchr und dank Fingerschutz und geriffelter Daumenauflage sicher in der Anwendung\" \/>\n<meta property=\"og:url\" content=\"https:\/\/ueberlebenskunst.at\/survivalshop\/shop\/bw-fallschirmspringermesser\/\" \/>\n<meta property=\"og:site_name\" content=\"Reini Rossmann - Survival Shop\" \/>\n<meta property=\"article:publisher\" content=\"https:\/\/www.facebook.com\/survival24.org\/\" \/>\n<meta property=\"article:modified_time\" content=\"2025-09-22T03:40:59+00:00\" \/>\n<meta property=\"og:image\" content=\"https:\/\/ueberlebenskunst.at\/survivalshop\/wp-content\/uploads\/2020\/10\/AB06_44463_32771_Bild1.jpg\" \/>\n\t<meta property=\"og:image:width\" content=\"1200\" \/>\n\t<meta property=\"og:image:height\" content=\"1200\" \/>\n\t<meta property=\"og:image:type\" content=\"image\/jpeg\" \/>\n<meta name=\"twitter:card\" content=\"summary_large_image\" \/>\n<meta name=\"twitter:label1\" content=\"Gesch\u00e4tzte Lesezeit\" \/>\n\t<meta name=\"twitter:data1\" content=\"1\u00a0Minute\" \/>\n<script type=\"application\/ld+json\" class=\"yoast-schema-graph\">{\"@context\":\"https:\/\/schema.org\",\"@graph\":[{\"@type\":\"WebPage\",\"@id\":\"https:\/\/ueberlebenskunst.at\/survivalshop\/shop\/bw-fallschirmspringermesser\/\",\"url\":\"https:\/\/ueberlebenskunst.at\/survivalshop\/shop\/bw-fallschirmspringermesser\/\",\"name\":\"BW Fallschirmspringermesser - Nachbau inkl. Video Review\",\"isPartOf\":{\"@id\":\"https:\/\/ueberlebenskunst.at\/survivalshop\/#website\"},\"primaryImageOfPage\":{\"@id\":\"https:\/\/ueberlebenskunst.at\/survivalshop\/shop\/bw-fallschirmspringermesser\/#primaryimage\"},\"image\":{\"@id\":\"https:\/\/ueberlebenskunst.at\/survivalshop\/shop\/bw-fallschirmspringermesser\/#primaryimage\"},\"thumbnailUrl\":\"https:\/\/ueberlebenskunst.at\/survivalshop\/wp-content\/uploads\/2020\/10\/AB06_44463_32771_Bild1.jpg\",\"datePublished\":\"2020-10-11T16:14:45+00:00\",\"dateModified\":\"2025-09-22T03:40:59+00:00\",\"description\":\"Das BW Fallschirmspringermesser ist sehr robust ausgef\u00fchr und dank Fingerschutz und geriffelter Daumenauflage sicher in der Anwendung\",\"breadcrumb\":{\"@id\":\"https:\/\/ueberlebenskunst.at\/survivalshop\/shop\/bw-fallschirmspringermesser\/#breadcrumb\"},\"inLanguage\":\"de\",\"potentialAction\":[{\"@type\":\"ReadAction\",\"target\":[\"https:\/\/ueberlebenskunst.at\/survivalshop\/shop\/bw-fallschirmspringermesser\/\"]}]},{\"@type\":\"ImageObject\",\"inLanguage\":\"de\",\"@id\":\"https:\/\/ueberlebenskunst.at\/survivalshop\/shop\/bw-fallschirmspringermesser\/#primaryimage\",\"url\":\"https:\/\/ueberlebenskunst.at\/survivalshop\/wp-content\/uploads\/2020\/10\/AB06_44463_32771_Bild1.jpg\",\"contentUrl\":\"https:\/\/ueberlebenskunst.at\/survivalshop\/wp-content\/uploads\/2020\/10\/AB06_44463_32771_Bild1.jpg\",\"width\":1200,\"height\":1200},{\"@type\":\"BreadcrumbList\",\"@id\":\"https:\/\/ueberlebenskunst.at\/survivalshop\/shop\/bw-fallschirmspringermesser\/#breadcrumb\",\"itemListElement\":[{\"@type\":\"ListItem\",\"position\":1,\"name\":\"Startseite\",\"item\":\"https:\/\/ueberlebenskunst.at\/survivalshop\/\"},{\"@type\":\"ListItem\",\"position\":2,\"name\":\"Shop\",\"item\":\"https:\/\/ueberlebenskunst.at\/survivalshop\/shop\/\"},{\"@type\":\"ListItem\",\"position\":3,\"name\":\"BW Fallschirmspringermesser &#8211; Nachbau\"}]},{\"@type\":\"WebSite\",\"@id\":\"https:\/\/ueberlebenskunst.at\/survivalshop\/#website\",\"url\":\"https:\/\/ueberlebenskunst.at\/survivalshop\/\",\"name\":\"Reini Rossmann - Survival Shop\",\"description\":\"Survival Shop f\u00fcr Survival, Bushcraft und Prepper\",\"potentialAction\":[{\"@type\":\"SearchAction\",\"target\":{\"@type\":\"EntryPoint\",\"urlTemplate\":\"https:\/\/ueberlebenskunst.at\/survivalshop\/?s={search_term_string}\"},\"query-input\":{\"@type\":\"PropertyValueSpecification\",\"valueRequired\":true,\"valueName\":\"search_term_string\"}}],\"inLanguage\":\"de\"}]}<\/script>\n<!-- \/ Yoast SEO plugin. -->","yoast_head_json":{"title":"BW Fallschirmspringermesser - Nachbau inkl. Video Review","description":"Das BW Fallschirmspringermesser ist sehr robust ausgef\u00fchr und dank Fingerschutz und geriffelter Daumenauflage sicher in der Anwendung","robots":{"index":"index","follow":"follow","max-snippet":"max-snippet:-1","max-image-preview":"max-image-preview:large","max-video-preview":"max-video-preview:-1"},"canonical":"https:\/\/ueberlebenskunst.at\/survivalshop\/shop\/bw-fallschirmspringermesser\/","og_locale":"de_DE","og_type":"article","og_title":"BW Fallschirmspringermesser - Nachbau inkl. Video Review","og_description":"Das BW Fallschirmspringermesser ist sehr robust ausgef\u00fchr und dank Fingerschutz und geriffelter Daumenauflage sicher in der Anwendung","og_url":"https:\/\/ueberlebenskunst.at\/survivalshop\/shop\/bw-fallschirmspringermesser\/","og_site_name":"Reini Rossmann - Survival Shop","article_publisher":"https:\/\/www.facebook.com\/survival24.org\/","article_modified_time":"2025-09-22T03:40:59+00:00","og_image":[{"width":1200,"height":1200,"url":"https:\/\/ueberlebenskunst.at\/survivalshop\/wp-content\/uploads\/2020\/10\/AB06_44463_32771_Bild1.jpg","type":"image\/jpeg"}],"twitter_card":"summary_large_image","twitter_misc":{"Gesch\u00e4tzte Lesezeit":"1\u00a0Minute"},"schema":{"@context":"https:\/\/schema.org","@graph":[{"@type":"WebPage","@id":"https:\/\/ueberlebenskunst.at\/survivalshop\/shop\/bw-fallschirmspringermesser\/","url":"https:\/\/ueberlebenskunst.at\/survivalshop\/shop\/bw-fallschirmspringermesser\/","name":"BW Fallschirmspringermesser - Nachbau inkl. Video Review","isPartOf":{"@id":"https:\/\/ueberlebenskunst.at\/survivalshop\/#website"},"primaryImageOfPage":{"@id":"https:\/\/ueberlebenskunst.at\/survivalshop\/shop\/bw-fallschirmspringermesser\/#primaryimage"},"image":{"@id":"https:\/\/ueberlebenskunst.at\/survivalshop\/shop\/bw-fallschirmspringermesser\/#primaryimage"},"thumbnailUrl":"https:\/\/ueberlebenskunst.at\/survivalshop\/wp-content\/uploads\/2020\/10\/AB06_44463_32771_Bild1.jpg","datePublished":"2020-10-11T16:14:45+00:00","dateModified":"2025-09-22T03:40:59+00:00","description":"Das BW Fallschirmspringermesser ist sehr robust ausgef\u00fchr und dank Fingerschutz und geriffelter Daumenauflage sicher in der Anwendung","breadcrumb":{"@id":"https:\/\/ueberlebenskunst.at\/survivalshop\/shop\/bw-fallschirmspringermesser\/#breadcrumb"},"inLanguage":"de","potentialAction":[{"@type":"ReadAction","target":["https:\/\/ueberlebenskunst.at\/survivalshop\/shop\/bw-fallschirmspringermesser\/"]}]},{"@type":"ImageObject","inLanguage":"de","@id":"https:\/\/ueberlebenskunst.at\/survivalshop\/shop\/bw-fallschirmspringermesser\/#primaryimage","url":"https:\/\/ueberlebenskunst.at\/survivalshop\/wp-content\/uploads\/2020\/10\/AB06_44463_32771_Bild1.jpg","contentUrl":"https:\/\/ueberlebenskunst.at\/survivalshop\/wp-content\/uploads\/2020\/10\/AB06_44463_32771_Bild1.jpg","width":1200,"height":1200},{"@type":"BreadcrumbList","@id":"https:\/\/ueberlebenskunst.at\/survivalshop\/shop\/bw-fallschirmspringermesser\/#breadcrumb","itemListElement":[{"@type":"ListItem","position":1,"name":"Startseite","item":"https:\/\/ueberlebenskunst.at\/survivalshop\/"},{"@type":"ListItem","position":2,"name":"Shop","item":"https:\/\/ueberlebenskunst.at\/survivalshop\/shop\/"},{"@type":"ListItem","position":3,"name":"BW Fallschirmspringermesser &#8211; Nachbau"}]},{"@type":"WebSite","@id":"https:\/\/ueberlebenskunst.at\/survivalshop\/#website","url":"https:\/\/ueberlebenskunst.at\/survivalshop\/","name":"Reini Rossmann - Survival Shop","description":"Survival Shop f\u00fcr Survival, Bushcraft und Prepper","potentialAction":[{"@type":"SearchAction","target":{"@type":"EntryPoint","urlTemplate":"https:\/\/ueberlebenskunst.at\/survivalshop\/?s={search_term_string}"},"query-input":{"@type":"PropertyValueSpecification","valueRequired":true,"valueName":"search_term_string"}}],"inLanguage":"de"}]}},"_links":{"self":[{"href":"https:\/\/ueberlebenskunst.at\/survivalshop\/wp-json\/wp\/v2\/product\/17666","targetHints":{"allow":["GET"]}}],"collection":[{"href":"https:\/\/ueberlebenskunst.at\/survivalshop\/wp-json\/wp\/v2\/product"}],"about":[{"href":"https:\/\/ueberlebenskunst.at\/survivalshop\/wp-json\/wp\/v2\/types\/product"}],"replies":[{"embeddable":true,"href":"https:\/\/ueberlebenskunst.at\/survivalshop\/wp-json\/wp\/v2\/comments?post=17666"}],"wp:featuredmedia":[{"embeddable":true,"href":"https:\/\/ueberlebenskunst.at\/survivalshop\/wp-json\/wp\/v2\/media\/17667"}],"wp:attachment":[{"href":"https:\/\/ueberlebenskunst.at\/survivalshop\/wp-json\/wp\/v2\/media?parent=17666"}],"wp:term":[{"taxonomy":"product_brand","embeddable":true,"href":"https:\/\/ueberlebenskunst.at\/survivalshop\/wp-json\/wp\/v2\/product_brand?post=17666"},{"taxonomy":"product_cat","embeddable":true,"href":"https:\/\/ueberlebenskunst.at\/survivalshop\/wp-json\/wp\/v2\/product_cat?post=17666"},{"taxonomy":"product_tag","embeddable":true,"href":"https:\/\/ueberlebenskunst.at\/survivalshop\/wp-json\/wp\/v2\/product_tag?post=17666"}],"curies":[{"name":"wp","href":"https:\/\/api.w.org\/{rel}","templated":true}]}}