{"id":176005,"date":"2024-11-05T14:52:03","date_gmt":"2024-11-05T13:52:03","guid":{"rendered":"https:\/\/ueberlebenskunst.at\/survivalshop\/?post_type=product&#038;p=176005"},"modified":"2026-04-06T13:26:09","modified_gmt":"2026-04-06T11:26:09","slug":"universal-halterung-mey-interceptor-joerg-sprave-gogun","status":"publish","type":"product","link":"https:\/\/ueberlebenskunst.at\/survivalshop\/shop\/universal-halterung-mey-interceptor-joerg-sprave-gogun\/","title":{"rendered":"Universal Halterung f\u00fcr Mey Interceptor J\u00f6rg Sprave GoGun"},"content":{"rendered":"<p>Die Universal Halterung wurde speziell f\u00fcr die Mey Interceptor von J\u00f6rg Sprave GoGun entwickelt und bietet maximale Flexibilit\u00e4t f\u00fcr den taktischen Einsatz. Mit einer durchdachten Konstruktion l\u00e4sst sich die Halterung sowohl auf der linken als auch auf der rechten Seite der Armbrust montieren. Damit erweiterst du die Funktionalit\u00e4t deiner Mey Interceptor und machst sie taktisch noch vielseitiger.<\/p>\n<h3><strong>Einfache Montage:<\/strong><\/h3>\n<ul>\n<li>Die vorhandenen Picatinny-Schienen werden abgeschraubt, und die Halterung wird mit den selben Schrauben sicher befestigt.<\/li>\n<li>Wichtig: f\u00fcr die Demontage und Montage ben\u00f6tigst du einen Inbusschl\u00fcssel, der im Lieferumfang nicht enthalten ist.<\/li>\n<\/ul>\n<h3><strong>Vielseitige Anwendung:<\/strong><\/h3>\n<p>Du kannst mit einem Klemmdurchmesser von 19 mm Zubeh\u00f6r mit einem Durchmesser von 18 bis maximal 20 mm montieren. Perfekt geeignet f\u00fcr die Anbringung von unseren <a href=\"https:\/\/ueberlebenskunst.at\/survivalshop\/shop\/container-fuer-universalhalterung\/\" target=\"_blank\" rel=\"noopener\">Containern,<\/a><a href=\"https:\/\/ueberlebenskunst.at\/survivalshop\/shop\/stinger-ar-6-lampe-einzeln-ohne-montage\/\" target=\"_blank\" rel=\"noopener\"> Lampen<\/a> oder<a href=\"https:\/\/ueberlebenskunst.at\/survivalshop\/shop\/gruener-laser\/\" target=\"_blank\" rel=\"noopener\"> Lasern<\/a> und mehr.<\/p>\n<p>Mit der Klemme mit dem Durchmesser von 2 mm kannst du Zubeh\u00f6r im Durchmesser von 24-25 mm klemmen. Ideal f\u00fcr z. B. Lampen wie die <a href=\"https:\/\/ueberlebenskunst.at\/survivalshop\/shop\/walther-tactical-250\/\" target=\"_blank\" rel=\"noopener\">Walther Tactical Einsatzlampe<\/a> oder dem 25 mm <a href=\"https:\/\/ueberlebenskunst.at\/survivalshop\/shop\/container-fuer-universalhalterung\/\" target=\"_blank\" rel=\"noopener\">Containern.<\/a><\/p>\n<h3>2 Ausf\u00fchrungen erh\u00e4ltlich:<\/h3>\n<ul>\n<li>19 mm Klemmdurchmesser<\/li>\n<li>25 mm Klemmdurchmesser<\/li>\n<\/ul>\n<h3><strong>Lieferumfang:<\/strong><\/h3>\n<ul>\n<li>1 Stk. Universalhalterung (wahlweise links oder rechts montierbar)<\/li>\n<li>Schrauben f\u00fcr die Klemme<\/li>\n<\/ul>\n<p>Achtung: Notwendiges Werkzeug sowie Zubeh\u00f6r, das auf den Bildern abgebildet ist, sind nicht im Lieferumfang enthalten.<\/p>\n<h3><strong>Produktdaten 19 mm Klemmdurchmesser:<\/strong><\/h3>\n<ul>\n<li>Schwarz<\/li>\n<li>Gewicht: 29 g<\/li>\n<li>Abmessungen: 25 x 51 x 80 mm<\/li>\n<li>Klemmdurchmesser: 19 mm<\/li>\n<\/ul>\n<h3><strong>Produktdaten 25 mm Klemmdurchmesser:<\/strong><\/h3>\n<ul>\n<li>Schwarz<\/li>\n<li>Gewicht: 34 g<\/li>\n<li>Abmessungen: 30 x 54 x 80 mm<\/li>\n<li>Klemmdurchmesser: 25 mm<\/li>\n<\/ul>\n<h3><strong>Passendes Zubeh\u00f6r f\u00fcr Klemmmontage 19 mm:<\/strong><\/h3>\n<ul>\n<li><a href=\"https:\/\/ueberlebenskunst.at\/survivalshop\/shop\/gruener-laser\/\" target=\"_blank\" rel=\"noopener\">Laser gr\u00fcn f\u00fcr Bogensport Universal Halterung<\/a><\/li>\n<li><a href=\"https:\/\/ueberlebenskunst.at\/survivalshop\/shop\/stinger-ar-6-lampe-einzeln-ohne-montage\/\" target=\"_blank\" rel=\"noopener\">Lampe<\/a><\/li>\n<li><a href=\"https:\/\/ueberlebenskunst.at\/survivalshop\/shop\/wachs-container-fuer-universal-picatinnyhalterung\/\" target=\"_blank\" rel=\"noopener\">Wachscontainer<\/a><\/li>\n<li><a href=\"https:\/\/ueberlebenskunst.at\/survivalshop\/shop\/batterie-container\/\" target=\"_blank\" rel=\"noopener\">Batteriecontainer<\/a><\/li>\n<\/ul>\n<h3><strong>Passendes Zubeh\u00f6r f\u00fcr Klemmmontage 25 mm:<\/strong><\/h3>\n<ul>\n<li><a href=\"https:\/\/ueberlebenskunst.at\/survivalshop\/shop\/walther-tactical-250\/\" target=\"_blank\" rel=\"noopener\">Walther Tactical 250<\/a><\/li>\n<li><a href=\"https:\/\/ueberlebenskunst.at\/survivalshop\/shop\/container-fuer-universalhalterung\/\" target=\"_blank\" rel=\"noopener\">Container 25 mm<\/a><\/li>\n<\/ul>\n<h3><strong>Bedienungs- &amp; Pflegeanleitung:<\/strong><\/h3>\n<ul>\n<li>Die Reinigung mit Wasser ist m\u00f6glich.<\/li>\n<li>Du solltest das Produkt nicht direkt in die N\u00e4he von Feuer oder anderen Hitzequellen legen!<\/li>\n<li>Wird es \u00fcber l\u00e4ngere Zeit sehr kalten Temperaturen unter 0 \u00b0C ausgesetzt, solltest du in dem Moment darauf achten, dass keine starken Belastungen darauf einwirken.<\/li>\n<\/ul>\n<p>Unsere Produkte sind nicht f\u00fcr Kinder unter 3 Jahren geeignet. Es besteht Verschluckungsgefahr.<\/p>\n<p><a href=\"https:\/\/ueberlebenskunst.at\/survivalshop\/wp-content\/uploads\/2021\/11\/Logo_Kinder.png\"><img decoding=\"async\" class=\"alignnone size-medium wp-image-179571\" src=\"https:\/\/ueberlebenskunst.at\/survivalshop\/wp-content\/uploads\/2021\/11\/Logo_Kinder-300x126.png\" alt=\"\" width=\"300\" height=\"126\" srcset=\"https:\/\/ueberlebenskunst.at\/survivalshop\/wp-content\/uploads\/2021\/11\/Logo_Kinder-300x126.png 300w, https:\/\/ueberlebenskunst.at\/survivalshop\/wp-content\/uploads\/2021\/11\/Logo_Kinder-64x27.png 64w, https:\/\/ueberlebenskunst.at\/survivalshop\/wp-content\/uploads\/2021\/11\/Logo_Kinder.png 401w\" sizes=\"(max-width: 300px) 100vw, 300px\" \/><\/a><\/p>\n","protected":false},"excerpt":{"rendered":"<p>Die Universal Halterung wurde speziell f\u00fcr die Mey Interceptor von J\u00f6rg Sprave GoGun entwickelt und bietet maximale Flexibilit\u00e4t f\u00fcr den taktischen Einsatz. Mit einer durchdachten Konstruktion l\u00e4sst sich die Halterung sowohl auf der linken als auch auf der rechten Seite der Armbrust montieren. Damit erweiterst du die Funktionalit\u00e4t deiner Mey Interceptor und machst sie taktisch [&hellip;]<\/p>\n","protected":false},"featured_media":178393,"comment_status":"open","ping_status":"closed","template":"","meta":{"_acf_changed":false},"product_brand":[],"product_cat":[2402],"product_tag":[1331,2386],"class_list":{"0":"post-176005","1":"product","2":"type-product","3":"status-publish","4":"has-post-thumbnail","6":"product_cat-mey-interceptor","7":"product_tag-armbrust-universal-halterung","8":"product_tag-mey-interceptor","10":"first","11":"instock","12":"taxable","13":"shipping-taxable","14":"purchasable","15":"product-type-variable"},"acf":[],"yoast_head":"<!-- This site is optimized with the Yoast SEO plugin v27.1.1 - https:\/\/yoast.com\/product\/yoast-seo-wordpress\/ -->\n<title>Universal Halterung f\u00fcr Mey Interceptor J\u00f6rg Sprave GoGun - Reini Rossmann - Survival Shop<\/title>\n<meta name=\"robots\" content=\"index, follow, max-snippet:-1, max-image-preview:large, max-video-preview:-1\" \/>\n<link rel=\"canonical\" href=\"https:\/\/ueberlebenskunst.at\/survivalshop\/shop\/universal-halterung-mey-interceptor-joerg-sprave-gogun\/\" \/>\n<meta property=\"og:locale\" content=\"de_DE\" \/>\n<meta property=\"og:type\" content=\"article\" \/>\n<meta property=\"og:title\" content=\"Universal Halterung f\u00fcr Mey Interceptor J\u00f6rg Sprave GoGun - Reini Rossmann - Survival Shop\" \/>\n<meta property=\"og:description\" content=\"Die Universal Halterung wurde speziell f\u00fcr die Mey Interceptor von J\u00f6rg Sprave GoGun entwickelt und bietet maximale Flexibilit\u00e4t f\u00fcr den taktischen Einsatz. Mit einer durchdachten Konstruktion l\u00e4sst sich die Halterung sowohl auf der linken als auch auf der rechten Seite der Armbrust montieren. Damit erweiterst du die Funktionalit\u00e4t deiner Mey Interceptor und machst sie taktisch [&hellip;]\" \/>\n<meta property=\"og:url\" content=\"https:\/\/ueberlebenskunst.at\/survivalshop\/shop\/universal-halterung-mey-interceptor-joerg-sprave-gogun\/\" \/>\n<meta property=\"og:site_name\" content=\"Reini Rossmann - Survival Shop\" \/>\n<meta property=\"article:publisher\" content=\"https:\/\/www.facebook.com\/survival24.org\/\" \/>\n<meta property=\"article:modified_time\" content=\"2026-04-06T11:26:09+00:00\" \/>\n<meta property=\"og:image\" content=\"https:\/\/ueberlebenskunst.at\/survivalshop\/wp-content\/uploads\/2024\/11\/Universal_Halterung_Mey_Interceptor_MEY19_lose_sk.jpg\" \/>\n\t<meta property=\"og:image:width\" content=\"400\" \/>\n\t<meta property=\"og:image:height\" content=\"400\" \/>\n\t<meta property=\"og:image:type\" content=\"image\/jpeg\" \/>\n<meta name=\"twitter:card\" content=\"summary_large_image\" \/>\n<meta name=\"twitter:label1\" content=\"Gesch\u00e4tzte Lesezeit\" \/>\n\t<meta name=\"twitter:data1\" content=\"3\u00a0Minuten\" \/>\n<script type=\"application\/ld+json\" class=\"yoast-schema-graph\">{\"@context\":\"https:\/\/schema.org\",\"@graph\":[{\"@type\":\"WebPage\",\"@id\":\"https:\/\/ueberlebenskunst.at\/survivalshop\/shop\/universal-halterung-mey-interceptor-joerg-sprave-gogun\/\",\"url\":\"https:\/\/ueberlebenskunst.at\/survivalshop\/shop\/universal-halterung-mey-interceptor-joerg-sprave-gogun\/\",\"name\":\"Universal Halterung f\u00fcr Mey Interceptor J\u00f6rg Sprave GoGun - Reini Rossmann - Survival Shop\",\"isPartOf\":{\"@id\":\"https:\/\/ueberlebenskunst.at\/survivalshop\/#website\"},\"primaryImageOfPage\":{\"@id\":\"https:\/\/ueberlebenskunst.at\/survivalshop\/shop\/universal-halterung-mey-interceptor-joerg-sprave-gogun\/#primaryimage\"},\"image\":{\"@id\":\"https:\/\/ueberlebenskunst.at\/survivalshop\/shop\/universal-halterung-mey-interceptor-joerg-sprave-gogun\/#primaryimage\"},\"thumbnailUrl\":\"https:\/\/ueberlebenskunst.at\/survivalshop\/wp-content\/uploads\/2024\/11\/Universal_Halterung_Mey_Interceptor_MEY19_lose_sk.jpg\",\"datePublished\":\"2024-11-05T13:52:03+00:00\",\"dateModified\":\"2026-04-06T11:26:09+00:00\",\"breadcrumb\":{\"@id\":\"https:\/\/ueberlebenskunst.at\/survivalshop\/shop\/universal-halterung-mey-interceptor-joerg-sprave-gogun\/#breadcrumb\"},\"inLanguage\":\"de\",\"potentialAction\":[{\"@type\":\"ReadAction\",\"target\":[\"https:\/\/ueberlebenskunst.at\/survivalshop\/shop\/universal-halterung-mey-interceptor-joerg-sprave-gogun\/\"]}]},{\"@type\":\"ImageObject\",\"inLanguage\":\"de\",\"@id\":\"https:\/\/ueberlebenskunst.at\/survivalshop\/shop\/universal-halterung-mey-interceptor-joerg-sprave-gogun\/#primaryimage\",\"url\":\"https:\/\/ueberlebenskunst.at\/survivalshop\/wp-content\/uploads\/2024\/11\/Universal_Halterung_Mey_Interceptor_MEY19_lose_sk.jpg\",\"contentUrl\":\"https:\/\/ueberlebenskunst.at\/survivalshop\/wp-content\/uploads\/2024\/11\/Universal_Halterung_Mey_Interceptor_MEY19_lose_sk.jpg\",\"width\":400,\"height\":400},{\"@type\":\"BreadcrumbList\",\"@id\":\"https:\/\/ueberlebenskunst.at\/survivalshop\/shop\/universal-halterung-mey-interceptor-joerg-sprave-gogun\/#breadcrumb\",\"itemListElement\":[{\"@type\":\"ListItem\",\"position\":1,\"name\":\"Startseite\",\"item\":\"https:\/\/ueberlebenskunst.at\/survivalshop\/\"},{\"@type\":\"ListItem\",\"position\":2,\"name\":\"Shop\",\"item\":\"https:\/\/ueberlebenskunst.at\/survivalshop\/shop\/\"},{\"@type\":\"ListItem\",\"position\":3,\"name\":\"Universal Halterung f\u00fcr Mey Interceptor J\u00f6rg Sprave GoGun\"}]},{\"@type\":\"WebSite\",\"@id\":\"https:\/\/ueberlebenskunst.at\/survivalshop\/#website\",\"url\":\"https:\/\/ueberlebenskunst.at\/survivalshop\/\",\"name\":\"Reini Rossmann - Survival Shop\",\"description\":\"Survival Shop f\u00fcr Survival, Bushcraft und Prepper\",\"potentialAction\":[{\"@type\":\"SearchAction\",\"target\":{\"@type\":\"EntryPoint\",\"urlTemplate\":\"https:\/\/ueberlebenskunst.at\/survivalshop\/?s={search_term_string}\"},\"query-input\":{\"@type\":\"PropertyValueSpecification\",\"valueRequired\":true,\"valueName\":\"search_term_string\"}}],\"inLanguage\":\"de\"}]}<\/script>\n<!-- \/ Yoast SEO plugin. -->","yoast_head_json":{"title":"Universal Halterung f\u00fcr Mey Interceptor J\u00f6rg Sprave GoGun - Reini Rossmann - Survival Shop","robots":{"index":"index","follow":"follow","max-snippet":"max-snippet:-1","max-image-preview":"max-image-preview:large","max-video-preview":"max-video-preview:-1"},"canonical":"https:\/\/ueberlebenskunst.at\/survivalshop\/shop\/universal-halterung-mey-interceptor-joerg-sprave-gogun\/","og_locale":"de_DE","og_type":"article","og_title":"Universal Halterung f\u00fcr Mey Interceptor J\u00f6rg Sprave GoGun - Reini Rossmann - Survival Shop","og_description":"Die Universal Halterung wurde speziell f\u00fcr die Mey Interceptor von J\u00f6rg Sprave GoGun entwickelt und bietet maximale Flexibilit\u00e4t f\u00fcr den taktischen Einsatz. Mit einer durchdachten Konstruktion l\u00e4sst sich die Halterung sowohl auf der linken als auch auf der rechten Seite der Armbrust montieren. Damit erweiterst du die Funktionalit\u00e4t deiner Mey Interceptor und machst sie taktisch [&hellip;]","og_url":"https:\/\/ueberlebenskunst.at\/survivalshop\/shop\/universal-halterung-mey-interceptor-joerg-sprave-gogun\/","og_site_name":"Reini Rossmann - Survival Shop","article_publisher":"https:\/\/www.facebook.com\/survival24.org\/","article_modified_time":"2026-04-06T11:26:09+00:00","og_image":[{"width":400,"height":400,"url":"https:\/\/ueberlebenskunst.at\/survivalshop\/wp-content\/uploads\/2024\/11\/Universal_Halterung_Mey_Interceptor_MEY19_lose_sk.jpg","type":"image\/jpeg"}],"twitter_card":"summary_large_image","twitter_misc":{"Gesch\u00e4tzte Lesezeit":"3\u00a0Minuten"},"schema":{"@context":"https:\/\/schema.org","@graph":[{"@type":"WebPage","@id":"https:\/\/ueberlebenskunst.at\/survivalshop\/shop\/universal-halterung-mey-interceptor-joerg-sprave-gogun\/","url":"https:\/\/ueberlebenskunst.at\/survivalshop\/shop\/universal-halterung-mey-interceptor-joerg-sprave-gogun\/","name":"Universal Halterung f\u00fcr Mey Interceptor J\u00f6rg Sprave GoGun - Reini Rossmann - Survival Shop","isPartOf":{"@id":"https:\/\/ueberlebenskunst.at\/survivalshop\/#website"},"primaryImageOfPage":{"@id":"https:\/\/ueberlebenskunst.at\/survivalshop\/shop\/universal-halterung-mey-interceptor-joerg-sprave-gogun\/#primaryimage"},"image":{"@id":"https:\/\/ueberlebenskunst.at\/survivalshop\/shop\/universal-halterung-mey-interceptor-joerg-sprave-gogun\/#primaryimage"},"thumbnailUrl":"https:\/\/ueberlebenskunst.at\/survivalshop\/wp-content\/uploads\/2024\/11\/Universal_Halterung_Mey_Interceptor_MEY19_lose_sk.jpg","datePublished":"2024-11-05T13:52:03+00:00","dateModified":"2026-04-06T11:26:09+00:00","breadcrumb":{"@id":"https:\/\/ueberlebenskunst.at\/survivalshop\/shop\/universal-halterung-mey-interceptor-joerg-sprave-gogun\/#breadcrumb"},"inLanguage":"de","potentialAction":[{"@type":"ReadAction","target":["https:\/\/ueberlebenskunst.at\/survivalshop\/shop\/universal-halterung-mey-interceptor-joerg-sprave-gogun\/"]}]},{"@type":"ImageObject","inLanguage":"de","@id":"https:\/\/ueberlebenskunst.at\/survivalshop\/shop\/universal-halterung-mey-interceptor-joerg-sprave-gogun\/#primaryimage","url":"https:\/\/ueberlebenskunst.at\/survivalshop\/wp-content\/uploads\/2024\/11\/Universal_Halterung_Mey_Interceptor_MEY19_lose_sk.jpg","contentUrl":"https:\/\/ueberlebenskunst.at\/survivalshop\/wp-content\/uploads\/2024\/11\/Universal_Halterung_Mey_Interceptor_MEY19_lose_sk.jpg","width":400,"height":400},{"@type":"BreadcrumbList","@id":"https:\/\/ueberlebenskunst.at\/survivalshop\/shop\/universal-halterung-mey-interceptor-joerg-sprave-gogun\/#breadcrumb","itemListElement":[{"@type":"ListItem","position":1,"name":"Startseite","item":"https:\/\/ueberlebenskunst.at\/survivalshop\/"},{"@type":"ListItem","position":2,"name":"Shop","item":"https:\/\/ueberlebenskunst.at\/survivalshop\/shop\/"},{"@type":"ListItem","position":3,"name":"Universal Halterung f\u00fcr Mey Interceptor J\u00f6rg Sprave GoGun"}]},{"@type":"WebSite","@id":"https:\/\/ueberlebenskunst.at\/survivalshop\/#website","url":"https:\/\/ueberlebenskunst.at\/survivalshop\/","name":"Reini Rossmann - Survival Shop","description":"Survival Shop f\u00fcr Survival, Bushcraft und Prepper","potentialAction":[{"@type":"SearchAction","target":{"@type":"EntryPoint","urlTemplate":"https:\/\/ueberlebenskunst.at\/survivalshop\/?s={search_term_string}"},"query-input":{"@type":"PropertyValueSpecification","valueRequired":true,"valueName":"search_term_string"}}],"inLanguage":"de"}]}},"_links":{"self":[{"href":"https:\/\/ueberlebenskunst.at\/survivalshop\/wp-json\/wp\/v2\/product\/176005","targetHints":{"allow":["GET"]}}],"collection":[{"href":"https:\/\/ueberlebenskunst.at\/survivalshop\/wp-json\/wp\/v2\/product"}],"about":[{"href":"https:\/\/ueberlebenskunst.at\/survivalshop\/wp-json\/wp\/v2\/types\/product"}],"replies":[{"embeddable":true,"href":"https:\/\/ueberlebenskunst.at\/survivalshop\/wp-json\/wp\/v2\/comments?post=176005"}],"wp:featuredmedia":[{"embeddable":true,"href":"https:\/\/ueberlebenskunst.at\/survivalshop\/wp-json\/wp\/v2\/media\/178393"}],"wp:attachment":[{"href":"https:\/\/ueberlebenskunst.at\/survivalshop\/wp-json\/wp\/v2\/media?parent=176005"}],"wp:term":[{"taxonomy":"product_brand","embeddable":true,"href":"https:\/\/ueberlebenskunst.at\/survivalshop\/wp-json\/wp\/v2\/product_brand?post=176005"},{"taxonomy":"product_cat","embeddable":true,"href":"https:\/\/ueberlebenskunst.at\/survivalshop\/wp-json\/wp\/v2\/product_cat?post=176005"},{"taxonomy":"product_tag","embeddable":true,"href":"https:\/\/ueberlebenskunst.at\/survivalshop\/wp-json\/wp\/v2\/product_tag?post=176005"}],"curies":[{"name":"wp","href":"https:\/\/api.w.org\/{rel}","templated":true}]}}