{"id":175456,"date":"2024-10-28T12:20:59","date_gmt":"2024-10-28T11:20:59","guid":{"rendered":"https:\/\/ueberlebenskunst.at\/survivalshop\/?post_type=product&#038;p=175456"},"modified":"2025-12-22T06:34:26","modified_gmt":"2025-12-22T05:34:26","slug":"tops-knives-lite-trekker","status":"publish","type":"product","link":"https:\/\/ueberlebenskunst.at\/survivalshop\/shop\/tops-knives-lite-trekker\/","title":{"rendered":"TOPS Knives Lite Trekker"},"content":{"rendered":"<p>Das Lite Trekker wurde\u00a0 f\u00fcr den anspruchsvollen Einsatz in der Wildnis entwickelt. Die 3,3 mm starke Klinge aus 1095-Kohlenstoffstahl ist robust und durch den hohen Flachschliff besonders scharf und schnittfreudig. Dank der universellen Klingenform eignet sich das Messer ideal f\u00fcr vielseitige Outdoor-Aufgaben \u2013 sei es f\u00fcr jagdliche T\u00e4tigkeiten, die Zubereitung von Mahlzeiten, die Verarbeitung von Lebensmitteln oder den Bau eines provisorischen Unterstands.<\/p>\n<p>Ein besonderes Detail ist der beiliegende Magnesium-Feuerstarter, der sicher in einer eigenen Halterung auf der Kydexscheide befestigt ist. Der drehbare Clip an der Scheide erm\u00f6glicht verschiedene Trageoptionen, sodass das Messer stets bequem und griffbereit ist. F\u00fcr bessere Sichtbarkeit in schlechten Lichtverh\u00e4ltnissen sind die Fr\u00e4sungen am Griff mit signalgr\u00fcner Farbe versehen, was gut mit dem leuchtend gr\u00fcnen Fangriemen harmoniert. Damit ist das Lite Trekker ein perfekter Begleiter f\u00fcr alle, die Wert auf zuverl\u00e4ssiges, durchdachtes Equipment f\u00fcr den Outdoor-Einsatz legen.<\/p>\n<p><strong>Bitte beachte: Der mitgelieferte Feuerstahl ist nicht ganz gerade.<br \/>\n<\/strong><\/p>\n<h3>Produktdaten:<\/h3>\n<ul>\n<li>Gesamtl\u00e4nge: 22 cm<\/li>\n<li>Klingenl\u00e4nge: 11,3 cm<\/li>\n<li>Gewicht: 146 g<\/li>\n<li>Klingenst\u00e4rke: 3,3 mm<\/li>\n<li>Klingenmaterial: 1095<\/li>\n<li>Griffmaterial: Micarta<\/li>\n<li>Feststehend<\/li>\n<\/ul>\n","protected":false},"excerpt":{"rendered":"<p>Das Lite Trekker wurde\u00a0 f\u00fcr den anspruchsvollen Einsatz in der Wildnis entwickelt. Die 3,3 mm starke Klinge aus 1095-Kohlenstoffstahl ist robust und durch den hohen Flachschliff besonders scharf und schnittfreudig. Dank der universellen Klingenform eignet sich das Messer ideal f\u00fcr vielseitige Outdoor-Aufgaben \u2013 sei es f\u00fcr jagdliche T\u00e4tigkeiten, die Zubereitung von Mahlzeiten, die Verarbeitung von [&hellip;]<\/p>\n","protected":false},"featured_media":175457,"comment_status":"open","ping_status":"closed","template":"","meta":{"_acf_changed":false},"product_brand":[],"product_cat":[1805],"product_tag":[899],"class_list":{"0":"post-175456","1":"product","2":"type-product","3":"status-publish","4":"has-post-thumbnail","6":"product_cat-messer-messer-tools","7":"product_tag-tops-knives","9":"first","10":"instock","11":"taxable","12":"shipping-taxable","13":"purchasable","14":"product-type-simple"},"acf":[],"yoast_head":"<!-- This site is optimized with the Yoast SEO plugin v27.1.1 - https:\/\/yoast.com\/product\/yoast-seo-wordpress\/ -->\n<title>TOPS Knives Lite Trekker - Reini Rossmann - Survival Shop<\/title>\n<meta name=\"description\" content=\"Dank der universellen Klingenform eignet sich das Messer ideal f\u00fcr vielseitige Outdoor-Aufgaben \u2013 sei es f\u00fcr jagdliche T\u00e4tigkeiten, die Zubereitung von Mahlzeiten, die Verarbeitung von Lebensmitteln oder den Bau eines provisorischen Unterstands.\" \/>\n<meta name=\"robots\" content=\"index, follow, max-snippet:-1, max-image-preview:large, max-video-preview:-1\" \/>\n<link rel=\"canonical\" href=\"https:\/\/ueberlebenskunst.at\/survivalshop\/shop\/tops-knives-lite-trekker\/\" \/>\n<meta property=\"og:locale\" content=\"de_DE\" \/>\n<meta property=\"og:type\" content=\"article\" \/>\n<meta property=\"og:title\" content=\"TOPS Knives Lite Trekker - Reini Rossmann - Survival Shop\" \/>\n<meta property=\"og:description\" content=\"Dank der universellen Klingenform eignet sich das Messer ideal f\u00fcr vielseitige Outdoor-Aufgaben \u2013 sei es f\u00fcr jagdliche T\u00e4tigkeiten, die Zubereitung von Mahlzeiten, die Verarbeitung von Lebensmitteln oder den Bau eines provisorischen Unterstands.\" \/>\n<meta property=\"og:url\" content=\"https:\/\/ueberlebenskunst.at\/survivalshop\/shop\/tops-knives-lite-trekker\/\" \/>\n<meta property=\"og:site_name\" content=\"Reini Rossmann - Survival Shop\" \/>\n<meta property=\"article:publisher\" content=\"https:\/\/www.facebook.com\/survival24.org\/\" \/>\n<meta property=\"article:modified_time\" content=\"2025-12-22T05:34:26+00:00\" \/>\n<meta property=\"og:image\" content=\"https:\/\/ueberlebenskunst.at\/survivalshop\/wp-content\/uploads\/2024\/10\/02TPTLT01.jpg\" \/>\n\t<meta property=\"og:image:width\" content=\"400\" \/>\n\t<meta property=\"og:image:height\" content=\"403\" \/>\n\t<meta property=\"og:image:type\" content=\"image\/jpeg\" \/>\n<meta name=\"twitter:card\" content=\"summary_large_image\" \/>\n<meta name=\"twitter:label1\" content=\"Gesch\u00e4tzte Lesezeit\" \/>\n\t<meta name=\"twitter:data1\" content=\"2\u00a0Minuten\" \/>\n<script type=\"application\/ld+json\" class=\"yoast-schema-graph\">{\"@context\":\"https:\/\/schema.org\",\"@graph\":[{\"@type\":\"WebPage\",\"@id\":\"https:\/\/ueberlebenskunst.at\/survivalshop\/shop\/tops-knives-lite-trekker\/\",\"url\":\"https:\/\/ueberlebenskunst.at\/survivalshop\/shop\/tops-knives-lite-trekker\/\",\"name\":\"TOPS Knives Lite Trekker - Reini Rossmann - Survival Shop\",\"isPartOf\":{\"@id\":\"https:\/\/ueberlebenskunst.at\/survivalshop\/#website\"},\"primaryImageOfPage\":{\"@id\":\"https:\/\/ueberlebenskunst.at\/survivalshop\/shop\/tops-knives-lite-trekker\/#primaryimage\"},\"image\":{\"@id\":\"https:\/\/ueberlebenskunst.at\/survivalshop\/shop\/tops-knives-lite-trekker\/#primaryimage\"},\"thumbnailUrl\":\"https:\/\/ueberlebenskunst.at\/survivalshop\/wp-content\/uploads\/2024\/10\/02TPTLT01.jpg\",\"datePublished\":\"2024-10-28T11:20:59+00:00\",\"dateModified\":\"2025-12-22T05:34:26+00:00\",\"description\":\"Dank der universellen Klingenform eignet sich das Messer ideal f\u00fcr vielseitige Outdoor-Aufgaben \u2013 sei es f\u00fcr jagdliche T\u00e4tigkeiten, die Zubereitung von Mahlzeiten, die Verarbeitung von Lebensmitteln oder den Bau eines provisorischen Unterstands.\",\"breadcrumb\":{\"@id\":\"https:\/\/ueberlebenskunst.at\/survivalshop\/shop\/tops-knives-lite-trekker\/#breadcrumb\"},\"inLanguage\":\"de\",\"potentialAction\":[{\"@type\":\"ReadAction\",\"target\":[\"https:\/\/ueberlebenskunst.at\/survivalshop\/shop\/tops-knives-lite-trekker\/\"]}]},{\"@type\":\"ImageObject\",\"inLanguage\":\"de\",\"@id\":\"https:\/\/ueberlebenskunst.at\/survivalshop\/shop\/tops-knives-lite-trekker\/#primaryimage\",\"url\":\"https:\/\/ueberlebenskunst.at\/survivalshop\/wp-content\/uploads\/2024\/10\/02TPTLT01.jpg\",\"contentUrl\":\"https:\/\/ueberlebenskunst.at\/survivalshop\/wp-content\/uploads\/2024\/10\/02TPTLT01.jpg\",\"width\":400,\"height\":403},{\"@type\":\"BreadcrumbList\",\"@id\":\"https:\/\/ueberlebenskunst.at\/survivalshop\/shop\/tops-knives-lite-trekker\/#breadcrumb\",\"itemListElement\":[{\"@type\":\"ListItem\",\"position\":1,\"name\":\"Startseite\",\"item\":\"https:\/\/ueberlebenskunst.at\/survivalshop\/\"},{\"@type\":\"ListItem\",\"position\":2,\"name\":\"Shop\",\"item\":\"https:\/\/ueberlebenskunst.at\/survivalshop\/shop\/\"},{\"@type\":\"ListItem\",\"position\":3,\"name\":\"TOPS Knives Lite Trekker\"}]},{\"@type\":\"WebSite\",\"@id\":\"https:\/\/ueberlebenskunst.at\/survivalshop\/#website\",\"url\":\"https:\/\/ueberlebenskunst.at\/survivalshop\/\",\"name\":\"Reini Rossmann - Survival Shop\",\"description\":\"Survival Shop f\u00fcr Survival, Bushcraft und Prepper\",\"potentialAction\":[{\"@type\":\"SearchAction\",\"target\":{\"@type\":\"EntryPoint\",\"urlTemplate\":\"https:\/\/ueberlebenskunst.at\/survivalshop\/?s={search_term_string}\"},\"query-input\":{\"@type\":\"PropertyValueSpecification\",\"valueRequired\":true,\"valueName\":\"search_term_string\"}}],\"inLanguage\":\"de\"}]}<\/script>\n<!-- \/ Yoast SEO plugin. -->","yoast_head_json":{"title":"TOPS Knives Lite Trekker - Reini Rossmann - Survival Shop","description":"Dank der universellen Klingenform eignet sich das Messer ideal f\u00fcr vielseitige Outdoor-Aufgaben \u2013 sei es f\u00fcr jagdliche T\u00e4tigkeiten, die Zubereitung von Mahlzeiten, die Verarbeitung von Lebensmitteln oder den Bau eines provisorischen Unterstands.","robots":{"index":"index","follow":"follow","max-snippet":"max-snippet:-1","max-image-preview":"max-image-preview:large","max-video-preview":"max-video-preview:-1"},"canonical":"https:\/\/ueberlebenskunst.at\/survivalshop\/shop\/tops-knives-lite-trekker\/","og_locale":"de_DE","og_type":"article","og_title":"TOPS Knives Lite Trekker - Reini Rossmann - Survival Shop","og_description":"Dank der universellen Klingenform eignet sich das Messer ideal f\u00fcr vielseitige Outdoor-Aufgaben \u2013 sei es f\u00fcr jagdliche T\u00e4tigkeiten, die Zubereitung von Mahlzeiten, die Verarbeitung von Lebensmitteln oder den Bau eines provisorischen Unterstands.","og_url":"https:\/\/ueberlebenskunst.at\/survivalshop\/shop\/tops-knives-lite-trekker\/","og_site_name":"Reini Rossmann - Survival Shop","article_publisher":"https:\/\/www.facebook.com\/survival24.org\/","article_modified_time":"2025-12-22T05:34:26+00:00","og_image":[{"width":400,"height":403,"url":"https:\/\/ueberlebenskunst.at\/survivalshop\/wp-content\/uploads\/2024\/10\/02TPTLT01.jpg","type":"image\/jpeg"}],"twitter_card":"summary_large_image","twitter_misc":{"Gesch\u00e4tzte Lesezeit":"2\u00a0Minuten"},"schema":{"@context":"https:\/\/schema.org","@graph":[{"@type":"WebPage","@id":"https:\/\/ueberlebenskunst.at\/survivalshop\/shop\/tops-knives-lite-trekker\/","url":"https:\/\/ueberlebenskunst.at\/survivalshop\/shop\/tops-knives-lite-trekker\/","name":"TOPS Knives Lite Trekker - Reini Rossmann - Survival Shop","isPartOf":{"@id":"https:\/\/ueberlebenskunst.at\/survivalshop\/#website"},"primaryImageOfPage":{"@id":"https:\/\/ueberlebenskunst.at\/survivalshop\/shop\/tops-knives-lite-trekker\/#primaryimage"},"image":{"@id":"https:\/\/ueberlebenskunst.at\/survivalshop\/shop\/tops-knives-lite-trekker\/#primaryimage"},"thumbnailUrl":"https:\/\/ueberlebenskunst.at\/survivalshop\/wp-content\/uploads\/2024\/10\/02TPTLT01.jpg","datePublished":"2024-10-28T11:20:59+00:00","dateModified":"2025-12-22T05:34:26+00:00","description":"Dank der universellen Klingenform eignet sich das Messer ideal f\u00fcr vielseitige Outdoor-Aufgaben \u2013 sei es f\u00fcr jagdliche T\u00e4tigkeiten, die Zubereitung von Mahlzeiten, die Verarbeitung von Lebensmitteln oder den Bau eines provisorischen Unterstands.","breadcrumb":{"@id":"https:\/\/ueberlebenskunst.at\/survivalshop\/shop\/tops-knives-lite-trekker\/#breadcrumb"},"inLanguage":"de","potentialAction":[{"@type":"ReadAction","target":["https:\/\/ueberlebenskunst.at\/survivalshop\/shop\/tops-knives-lite-trekker\/"]}]},{"@type":"ImageObject","inLanguage":"de","@id":"https:\/\/ueberlebenskunst.at\/survivalshop\/shop\/tops-knives-lite-trekker\/#primaryimage","url":"https:\/\/ueberlebenskunst.at\/survivalshop\/wp-content\/uploads\/2024\/10\/02TPTLT01.jpg","contentUrl":"https:\/\/ueberlebenskunst.at\/survivalshop\/wp-content\/uploads\/2024\/10\/02TPTLT01.jpg","width":400,"height":403},{"@type":"BreadcrumbList","@id":"https:\/\/ueberlebenskunst.at\/survivalshop\/shop\/tops-knives-lite-trekker\/#breadcrumb","itemListElement":[{"@type":"ListItem","position":1,"name":"Startseite","item":"https:\/\/ueberlebenskunst.at\/survivalshop\/"},{"@type":"ListItem","position":2,"name":"Shop","item":"https:\/\/ueberlebenskunst.at\/survivalshop\/shop\/"},{"@type":"ListItem","position":3,"name":"TOPS Knives Lite Trekker"}]},{"@type":"WebSite","@id":"https:\/\/ueberlebenskunst.at\/survivalshop\/#website","url":"https:\/\/ueberlebenskunst.at\/survivalshop\/","name":"Reini Rossmann - Survival Shop","description":"Survival Shop f\u00fcr Survival, Bushcraft und Prepper","potentialAction":[{"@type":"SearchAction","target":{"@type":"EntryPoint","urlTemplate":"https:\/\/ueberlebenskunst.at\/survivalshop\/?s={search_term_string}"},"query-input":{"@type":"PropertyValueSpecification","valueRequired":true,"valueName":"search_term_string"}}],"inLanguage":"de"}]}},"_links":{"self":[{"href":"https:\/\/ueberlebenskunst.at\/survivalshop\/wp-json\/wp\/v2\/product\/175456","targetHints":{"allow":["GET"]}}],"collection":[{"href":"https:\/\/ueberlebenskunst.at\/survivalshop\/wp-json\/wp\/v2\/product"}],"about":[{"href":"https:\/\/ueberlebenskunst.at\/survivalshop\/wp-json\/wp\/v2\/types\/product"}],"replies":[{"embeddable":true,"href":"https:\/\/ueberlebenskunst.at\/survivalshop\/wp-json\/wp\/v2\/comments?post=175456"}],"wp:featuredmedia":[{"embeddable":true,"href":"https:\/\/ueberlebenskunst.at\/survivalshop\/wp-json\/wp\/v2\/media\/175457"}],"wp:attachment":[{"href":"https:\/\/ueberlebenskunst.at\/survivalshop\/wp-json\/wp\/v2\/media?parent=175456"}],"wp:term":[{"taxonomy":"product_brand","embeddable":true,"href":"https:\/\/ueberlebenskunst.at\/survivalshop\/wp-json\/wp\/v2\/product_brand?post=175456"},{"taxonomy":"product_cat","embeddable":true,"href":"https:\/\/ueberlebenskunst.at\/survivalshop\/wp-json\/wp\/v2\/product_cat?post=175456"},{"taxonomy":"product_tag","embeddable":true,"href":"https:\/\/ueberlebenskunst.at\/survivalshop\/wp-json\/wp\/v2\/product_tag?post=175456"}],"curies":[{"name":"wp","href":"https:\/\/api.w.org\/{rel}","templated":true}]}}