{"id":174944,"date":"2024-10-21T12:54:03","date_gmt":"2024-10-21T10:54:03","guid":{"rendered":"https:\/\/ueberlebenskunst.at\/survivalshop\/?post_type=product&#038;p=174944"},"modified":"2025-03-26T11:15:32","modified_gmt":"2025-03-26T10:15:32","slug":"ar-series-messer-k2","status":"seo-produkt","type":"product","link":"https:\/\/ueberlebenskunst.at\/survivalshop\/shop\/ar-series-messer-k2\/","title":{"rendered":"AR-Series \u2013 Messer K2"},"content":{"rendered":"<h3><strong>Das Allroundmesser f\u00fcr Jagd und Bushcraft&#8230;<\/strong><\/h3>\n<p>Das K2 Messer repr\u00e4sentiert eine markante Evolution unseres urspr\u00fcnglichen Designs. Mit zahlreichen Verbesserungen in den Details bietet das K2 einen entscheidenden Vorteil. Dank des Erfolgs k\u00f6nnen gr\u00f6\u00dfere Mengen produziert werden, was sich positiv auf den Preis auswirkt. Das Ergebnis: ein hervorragendes Preis-Leistungs-Verh\u00e4ltnis, das \u00fcberzeugt.<\/p>\n<p>Bei der Weiterentwicklung lag der Fokus auf der Funktionalit\u00e4t in der Wildnis. F\u00fcr Bushcraft-Fans, die beim Feuer machen auf Feuerstahl setzen, wurde der Klingenr\u00fccken mit scharfen Kanten ausgestattet \u2013 ideal f\u00fcr den Funkenflug. Zudem sorgt das \u00fcberarbeitete, sanftere Chimping f\u00fcr mehr Komfort bei l\u00e4ngeren Schnitzarbeiten und entlastet die H\u00e4nde sp\u00fcrbar. Auch als Jagdmesser wurde das K2 weiter verfeinert: Durch die leicht verk\u00fcrzte Klinge und die angepasste R\u00fcckengeometrie ist es perfekt geeignet, um Wild aufzubrechen und zu verarbeiten. Die abnehmbaren Nylon-Griffschalen erleichtern die Reinigung, was das Messer besonders hygienisch macht.<\/p>\n<p>F\u00fcr die Wahl des Stahls waren drei Faktoren entscheidend: eine hohe Schnitthaltigkeit, einfaches Nachsch\u00e4rfen in der Wildnis und Korrosionsbest\u00e4ndigkeit. Daher fiel die Entscheidung auf den bew\u00e4hrten japanischen AUS-8 Stahl.<\/p>\n<p>In 2 Ausf\u00fchrungen erh\u00e4ltlich: Stonewash hell und Titanbeschichtet dunkel.<\/p>\n<h3>Technische Daten:<\/h3>\n<ul>\n<li>Gesamtl\u00e4nge: 242 mm<\/li>\n<li>Klingenl\u00e4nge: 100 mm<\/li>\n<li>Klingenst\u00e4rke: 4 mm<\/li>\n<li>Gewicht: 193 g<\/li>\n<li>Material: Japanischer AUS-8 Stahl, Griffschalen: schwarzes Polymer<\/li>\n<\/ul>\n<h3>Lieferumfang:<\/h3>\n<ul>\n<li>1 Steambow Messer K2<\/li>\n<li>2 Messerscheiden aus Polymer (1 links und 1 rechts)<\/li>\n<li>1 Block f\u00fcr die Montage an einer Picatinny-Schiene<\/li>\n<li>1 G\u00fcrtelclip (auch M.O.L.L.E. geeignet)<\/li>\n<li>Montagematerial<\/li>\n<\/ul>\n","protected":false},"excerpt":{"rendered":"<p>Das Allroundmesser f\u00fcr Jagd und Bushcraft&#8230; Das K2 Messer repr\u00e4sentiert eine markante Evolution unseres urspr\u00fcnglichen Designs. Mit zahlreichen Verbesserungen in den Details bietet das K2 einen entscheidenden Vorteil. Dank des Erfolgs k\u00f6nnen gr\u00f6\u00dfere Mengen produziert werden, was sich positiv auf den Preis auswirkt. Das Ergebnis: ein hervorragendes Preis-Leistungs-Verh\u00e4ltnis, das \u00fcberzeugt. Bei der Weiterentwicklung lag der [&hellip;]<\/p>\n","protected":false},"featured_media":174948,"comment_status":"open","ping_status":"closed","template":"","meta":{"_acf_changed":false},"product_brand":[],"product_cat":[426],"product_tag":[1385,2372,763,975],"class_list":{"0":"post-174944","1":"product","2":"type-product","3":"status-seo-produkt","4":"has-post-thumbnail","6":"product_cat-unkategorisiert","7":"product_tag-armbrust-messer","8":"product_tag-k2","9":"product_tag-messer","10":"product_tag-stinger-2-zubehoer","12":"first","13":"outofstock","14":"taxable","15":"shipping-taxable","16":"product-type-variable"},"acf":[],"yoast_head":"<!-- This site is optimized with the Yoast SEO plugin v27.1.1 - https:\/\/yoast.com\/product\/yoast-seo-wordpress\/ -->\n<title>AR-Series \u2013 Messer K2 - Reini Rossmann - Survival Shop<\/title>\n<meta name=\"robots\" content=\"index, follow, max-snippet:-1, max-image-preview:large, max-video-preview:-1\" \/>\n<link rel=\"canonical\" href=\"https:\/\/ueberlebenskunst.at\/survivalshop\/shop\/ar-series-messer-k2\/\" \/>\n<meta property=\"og:locale\" content=\"de_DE\" \/>\n<meta property=\"og:type\" content=\"article\" \/>\n<meta property=\"og:title\" content=\"AR-Series \u2013 Messer K2 - Reini Rossmann - Survival Shop\" \/>\n<meta property=\"og:description\" content=\"Das Allroundmesser f\u00fcr Jagd und Bushcraft&#8230; Das K2 Messer repr\u00e4sentiert eine markante Evolution unseres urspr\u00fcnglichen Designs. Mit zahlreichen Verbesserungen in den Details bietet das K2 einen entscheidenden Vorteil. Dank des Erfolgs k\u00f6nnen gr\u00f6\u00dfere Mengen produziert werden, was sich positiv auf den Preis auswirkt. Das Ergebnis: ein hervorragendes Preis-Leistungs-Verh\u00e4ltnis, das \u00fcberzeugt. Bei der Weiterentwicklung lag der [&hellip;]\" \/>\n<meta property=\"og:url\" content=\"https:\/\/ueberlebenskunst.at\/survivalshop\/shop\/ar-series-messer-k2\/\" \/>\n<meta property=\"og:site_name\" content=\"Reini Rossmann - Survival Shop\" \/>\n<meta property=\"article:publisher\" content=\"https:\/\/www.facebook.com\/survival24.org\/\" \/>\n<meta property=\"article:modified_time\" content=\"2025-03-26T10:15:32+00:00\" \/>\n<meta property=\"og:image\" content=\"https:\/\/ueberlebenskunst.at\/survivalshop\/wp-content\/uploads\/2024\/10\/0000756.jpg\" \/>\n\t<meta property=\"og:image:width\" content=\"400\" \/>\n\t<meta property=\"og:image:height\" content=\"399\" \/>\n\t<meta property=\"og:image:type\" content=\"image\/jpeg\" \/>\n<meta name=\"twitter:card\" content=\"summary_large_image\" \/>\n<meta name=\"twitter:label1\" content=\"Gesch\u00e4tzte Lesezeit\" \/>\n\t<meta name=\"twitter:data1\" content=\"2\u00a0Minuten\" \/>\n<script type=\"application\/ld+json\" class=\"yoast-schema-graph\">{\"@context\":\"https:\/\/schema.org\",\"@graph\":[{\"@type\":\"WebPage\",\"@id\":\"https:\/\/ueberlebenskunst.at\/survivalshop\/shop\/ar-series-messer-k2\/\",\"url\":\"https:\/\/ueberlebenskunst.at\/survivalshop\/shop\/ar-series-messer-k2\/\",\"name\":\"AR-Series \u2013 Messer K2 - Reini Rossmann - Survival Shop\",\"isPartOf\":{\"@id\":\"https:\/\/ueberlebenskunst.at\/survivalshop\/#website\"},\"primaryImageOfPage\":{\"@id\":\"https:\/\/ueberlebenskunst.at\/survivalshop\/shop\/ar-series-messer-k2\/#primaryimage\"},\"image\":{\"@id\":\"https:\/\/ueberlebenskunst.at\/survivalshop\/shop\/ar-series-messer-k2\/#primaryimage\"},\"thumbnailUrl\":\"https:\/\/ueberlebenskunst.at\/survivalshop\/wp-content\/uploads\/2024\/10\/0000756.jpg\",\"datePublished\":\"2024-10-21T10:54:03+00:00\",\"dateModified\":\"2025-03-26T10:15:32+00:00\",\"breadcrumb\":{\"@id\":\"https:\/\/ueberlebenskunst.at\/survivalshop\/shop\/ar-series-messer-k2\/#breadcrumb\"},\"inLanguage\":\"de\",\"potentialAction\":[{\"@type\":\"ReadAction\",\"target\":[\"https:\/\/ueberlebenskunst.at\/survivalshop\/shop\/ar-series-messer-k2\/\"]}]},{\"@type\":\"ImageObject\",\"inLanguage\":\"de\",\"@id\":\"https:\/\/ueberlebenskunst.at\/survivalshop\/shop\/ar-series-messer-k2\/#primaryimage\",\"url\":\"https:\/\/ueberlebenskunst.at\/survivalshop\/wp-content\/uploads\/2024\/10\/0000756.jpg\",\"contentUrl\":\"https:\/\/ueberlebenskunst.at\/survivalshop\/wp-content\/uploads\/2024\/10\/0000756.jpg\",\"width\":400,\"height\":399},{\"@type\":\"BreadcrumbList\",\"@id\":\"https:\/\/ueberlebenskunst.at\/survivalshop\/shop\/ar-series-messer-k2\/#breadcrumb\",\"itemListElement\":[{\"@type\":\"ListItem\",\"position\":1,\"name\":\"Startseite\",\"item\":\"https:\/\/ueberlebenskunst.at\/survivalshop\/\"},{\"@type\":\"ListItem\",\"position\":2,\"name\":\"Shop\",\"item\":\"https:\/\/ueberlebenskunst.at\/survivalshop\/shop\/\"},{\"@type\":\"ListItem\",\"position\":3,\"name\":\"AR-Series \u2013 Messer K2\"}]},{\"@type\":\"WebSite\",\"@id\":\"https:\/\/ueberlebenskunst.at\/survivalshop\/#website\",\"url\":\"https:\/\/ueberlebenskunst.at\/survivalshop\/\",\"name\":\"Reini Rossmann - Survival Shop\",\"description\":\"Survival Shop f\u00fcr Survival, Bushcraft und Prepper\",\"potentialAction\":[{\"@type\":\"SearchAction\",\"target\":{\"@type\":\"EntryPoint\",\"urlTemplate\":\"https:\/\/ueberlebenskunst.at\/survivalshop\/?s={search_term_string}\"},\"query-input\":{\"@type\":\"PropertyValueSpecification\",\"valueRequired\":true,\"valueName\":\"search_term_string\"}}],\"inLanguage\":\"de\"}]}<\/script>\n<!-- \/ Yoast SEO plugin. -->","yoast_head_json":{"title":"AR-Series \u2013 Messer K2 - Reini Rossmann - Survival Shop","robots":{"index":"index","follow":"follow","max-snippet":"max-snippet:-1","max-image-preview":"max-image-preview:large","max-video-preview":"max-video-preview:-1"},"canonical":"https:\/\/ueberlebenskunst.at\/survivalshop\/shop\/ar-series-messer-k2\/","og_locale":"de_DE","og_type":"article","og_title":"AR-Series \u2013 Messer K2 - Reini Rossmann - Survival Shop","og_description":"Das Allroundmesser f\u00fcr Jagd und Bushcraft&#8230; Das K2 Messer repr\u00e4sentiert eine markante Evolution unseres urspr\u00fcnglichen Designs. Mit zahlreichen Verbesserungen in den Details bietet das K2 einen entscheidenden Vorteil. Dank des Erfolgs k\u00f6nnen gr\u00f6\u00dfere Mengen produziert werden, was sich positiv auf den Preis auswirkt. Das Ergebnis: ein hervorragendes Preis-Leistungs-Verh\u00e4ltnis, das \u00fcberzeugt. Bei der Weiterentwicklung lag der [&hellip;]","og_url":"https:\/\/ueberlebenskunst.at\/survivalshop\/shop\/ar-series-messer-k2\/","og_site_name":"Reini Rossmann - Survival Shop","article_publisher":"https:\/\/www.facebook.com\/survival24.org\/","article_modified_time":"2025-03-26T10:15:32+00:00","og_image":[{"width":400,"height":399,"url":"https:\/\/ueberlebenskunst.at\/survivalshop\/wp-content\/uploads\/2024\/10\/0000756.jpg","type":"image\/jpeg"}],"twitter_card":"summary_large_image","twitter_misc":{"Gesch\u00e4tzte Lesezeit":"2\u00a0Minuten"},"schema":{"@context":"https:\/\/schema.org","@graph":[{"@type":"WebPage","@id":"https:\/\/ueberlebenskunst.at\/survivalshop\/shop\/ar-series-messer-k2\/","url":"https:\/\/ueberlebenskunst.at\/survivalshop\/shop\/ar-series-messer-k2\/","name":"AR-Series \u2013 Messer K2 - Reini Rossmann - Survival Shop","isPartOf":{"@id":"https:\/\/ueberlebenskunst.at\/survivalshop\/#website"},"primaryImageOfPage":{"@id":"https:\/\/ueberlebenskunst.at\/survivalshop\/shop\/ar-series-messer-k2\/#primaryimage"},"image":{"@id":"https:\/\/ueberlebenskunst.at\/survivalshop\/shop\/ar-series-messer-k2\/#primaryimage"},"thumbnailUrl":"https:\/\/ueberlebenskunst.at\/survivalshop\/wp-content\/uploads\/2024\/10\/0000756.jpg","datePublished":"2024-10-21T10:54:03+00:00","dateModified":"2025-03-26T10:15:32+00:00","breadcrumb":{"@id":"https:\/\/ueberlebenskunst.at\/survivalshop\/shop\/ar-series-messer-k2\/#breadcrumb"},"inLanguage":"de","potentialAction":[{"@type":"ReadAction","target":["https:\/\/ueberlebenskunst.at\/survivalshop\/shop\/ar-series-messer-k2\/"]}]},{"@type":"ImageObject","inLanguage":"de","@id":"https:\/\/ueberlebenskunst.at\/survivalshop\/shop\/ar-series-messer-k2\/#primaryimage","url":"https:\/\/ueberlebenskunst.at\/survivalshop\/wp-content\/uploads\/2024\/10\/0000756.jpg","contentUrl":"https:\/\/ueberlebenskunst.at\/survivalshop\/wp-content\/uploads\/2024\/10\/0000756.jpg","width":400,"height":399},{"@type":"BreadcrumbList","@id":"https:\/\/ueberlebenskunst.at\/survivalshop\/shop\/ar-series-messer-k2\/#breadcrumb","itemListElement":[{"@type":"ListItem","position":1,"name":"Startseite","item":"https:\/\/ueberlebenskunst.at\/survivalshop\/"},{"@type":"ListItem","position":2,"name":"Shop","item":"https:\/\/ueberlebenskunst.at\/survivalshop\/shop\/"},{"@type":"ListItem","position":3,"name":"AR-Series \u2013 Messer K2"}]},{"@type":"WebSite","@id":"https:\/\/ueberlebenskunst.at\/survivalshop\/#website","url":"https:\/\/ueberlebenskunst.at\/survivalshop\/","name":"Reini Rossmann - Survival Shop","description":"Survival Shop f\u00fcr Survival, Bushcraft und Prepper","potentialAction":[{"@type":"SearchAction","target":{"@type":"EntryPoint","urlTemplate":"https:\/\/ueberlebenskunst.at\/survivalshop\/?s={search_term_string}"},"query-input":{"@type":"PropertyValueSpecification","valueRequired":true,"valueName":"search_term_string"}}],"inLanguage":"de"}]}},"_links":{"self":[{"href":"https:\/\/ueberlebenskunst.at\/survivalshop\/wp-json\/wp\/v2\/product\/174944","targetHints":{"allow":["GET"]}}],"collection":[{"href":"https:\/\/ueberlebenskunst.at\/survivalshop\/wp-json\/wp\/v2\/product"}],"about":[{"href":"https:\/\/ueberlebenskunst.at\/survivalshop\/wp-json\/wp\/v2\/types\/product"}],"replies":[{"embeddable":true,"href":"https:\/\/ueberlebenskunst.at\/survivalshop\/wp-json\/wp\/v2\/comments?post=174944"}],"wp:featuredmedia":[{"embeddable":true,"href":"https:\/\/ueberlebenskunst.at\/survivalshop\/wp-json\/wp\/v2\/media\/174948"}],"wp:attachment":[{"href":"https:\/\/ueberlebenskunst.at\/survivalshop\/wp-json\/wp\/v2\/media?parent=174944"}],"wp:term":[{"taxonomy":"product_brand","embeddable":true,"href":"https:\/\/ueberlebenskunst.at\/survivalshop\/wp-json\/wp\/v2\/product_brand?post=174944"},{"taxonomy":"product_cat","embeddable":true,"href":"https:\/\/ueberlebenskunst.at\/survivalshop\/wp-json\/wp\/v2\/product_cat?post=174944"},{"taxonomy":"product_tag","embeddable":true,"href":"https:\/\/ueberlebenskunst.at\/survivalshop\/wp-json\/wp\/v2\/product_tag?post=174944"}],"curies":[{"name":"wp","href":"https:\/\/api.w.org\/{rel}","templated":true}]}}