{"id":174940,"date":"2024-10-21T12:28:52","date_gmt":"2024-10-21T10:28:52","guid":{"rendered":"https:\/\/ueberlebenskunst.at\/survivalshop\/?post_type=product&#038;p=174940"},"modified":"2026-05-11T15:07:31","modified_gmt":"2026-05-11T13:07:31","slug":"ek-archery-aluminium-red-dot-leuchtpunktvisier-fuer-armbrust","status":"publish","type":"product","link":"https:\/\/ueberlebenskunst.at\/survivalshop\/shop\/ek-archery-aluminium-red-dot-leuchtpunktvisier-fuer-armbrust\/","title":{"rendered":"EK Archery Aluminium Red Dot Leuchtpunktvisier f\u00fcr Armbrust"},"content":{"rendered":"<p>Das EK Archery Leuchtpunktvisier ist auf das Schie\u00dfen mit Armbrust und Bogen konzipiert und gemacht. Es gibt 2 Rotpunkt Zust\u00e4nde, die sich in der Intensit\u00e4t der Helligkeit unterscheiden.<\/p>\n<p>Das Produkt ist aus hochwertigem Aluminium gefertigt um die beim Armbrustschie\u00dfen typischen Vibrationen gut auffangen zu k\u00f6nnen und gleichzeitig den Rotpunkt am Ziel zu belassen. Der Betrieb erfolgt mit einer <a href=\"https:\/\/ueberlebenskunst.at\/survivalshop\/shop\/batterie-cr2032\/\" target=\"_blank\" rel=\"noopener\">CR2032<\/a> Batterie, die auch jederzeit g\u00fcnstig nachbestellt werden kann.<\/p>\n<p>F\u00fcr RX, Adder, Whipshot.<\/p>\n<p>Produktdaten: ein einzelner roter Punkt, low oder high (hellere bzw. d\u00fcnklere Stufe).<\/p>\n","protected":false},"excerpt":{"rendered":"<p>Das EK Archery Leuchtpunktvisier ist auf das Schie\u00dfen mit Armbrust und Bogen konzipiert und gemacht. Es gibt 2 Rotpunkt Zust\u00e4nde, die sich in der Intensit\u00e4t der Helligkeit unterscheiden. Das Produkt ist aus hochwertigem Aluminium gefertigt um die beim Armbrustschie\u00dfen typischen Vibrationen gut auffangen zu k\u00f6nnen und gleichzeitig den Rotpunkt am Ziel zu belassen. Der Betrieb [&hellip;]<\/p>\n","protected":false},"featured_media":174941,"comment_status":"open","ping_status":"closed","template":"","meta":{"_acf_changed":false},"product_brand":[],"product_cat":[1929],"product_tag":[],"class_list":{"0":"post-174940","1":"product","2":"type-product","3":"status-publish","4":"has-post-thumbnail","6":"product_cat-zielvorrichtung","8":"first","9":"instock","10":"taxable","11":"shipping-taxable","12":"purchasable","13":"product-type-simple"},"acf":[],"yoast_head":"<!-- This site is optimized with the Yoast SEO plugin v27.1.1 - https:\/\/yoast.com\/product\/yoast-seo-wordpress\/ -->\n<title>EK Archery Aluminium Red Dot Leuchtpunktvisier f\u00fcr Armbrust - Reini Rossmann - Survival Shop<\/title>\n<meta name=\"robots\" content=\"index, follow, max-snippet:-1, max-image-preview:large, max-video-preview:-1\" \/>\n<link rel=\"canonical\" href=\"https:\/\/ueberlebenskunst.at\/survivalshop\/shop\/ek-archery-aluminium-red-dot-leuchtpunktvisier-fuer-armbrust\/\" \/>\n<meta property=\"og:locale\" content=\"de_DE\" \/>\n<meta property=\"og:type\" content=\"article\" \/>\n<meta property=\"og:title\" content=\"EK Archery Aluminium Red Dot Leuchtpunktvisier f\u00fcr Armbrust - Reini Rossmann - Survival Shop\" \/>\n<meta property=\"og:description\" content=\"Das EK Archery Leuchtpunktvisier ist auf das Schie\u00dfen mit Armbrust und Bogen konzipiert und gemacht. Es gibt 2 Rotpunkt Zust\u00e4nde, die sich in der Intensit\u00e4t der Helligkeit unterscheiden. Das Produkt ist aus hochwertigem Aluminium gefertigt um die beim Armbrustschie\u00dfen typischen Vibrationen gut auffangen zu k\u00f6nnen und gleichzeitig den Rotpunkt am Ziel zu belassen. Der Betrieb [&hellip;]\" \/>\n<meta property=\"og:url\" content=\"https:\/\/ueberlebenskunst.at\/survivalshop\/shop\/ek-archery-aluminium-red-dot-leuchtpunktvisier-fuer-armbrust\/\" \/>\n<meta property=\"og:site_name\" content=\"Reini Rossmann - Survival Shop\" \/>\n<meta property=\"article:publisher\" content=\"https:\/\/www.facebook.com\/survival24.org\/\" \/>\n<meta property=\"article:modified_time\" content=\"2026-05-11T13:07:31+00:00\" \/>\n<meta property=\"og:image\" content=\"https:\/\/ueberlebenskunst.at\/survivalshop\/wp-content\/uploads\/2024\/10\/b10029.jpg\" \/>\n\t<meta property=\"og:image:width\" content=\"400\" \/>\n\t<meta property=\"og:image:height\" content=\"393\" \/>\n\t<meta property=\"og:image:type\" content=\"image\/jpeg\" \/>\n<meta name=\"twitter:card\" content=\"summary_large_image\" \/>\n<meta name=\"twitter:label1\" content=\"Gesch\u00e4tzte Lesezeit\" \/>\n\t<meta name=\"twitter:data1\" content=\"1\u00a0Minute\" \/>\n<script type=\"application\/ld+json\" class=\"yoast-schema-graph\">{\"@context\":\"https:\/\/schema.org\",\"@graph\":[{\"@type\":\"WebPage\",\"@id\":\"https:\/\/ueberlebenskunst.at\/survivalshop\/shop\/ek-archery-aluminium-red-dot-leuchtpunktvisier-fuer-armbrust\/\",\"url\":\"https:\/\/ueberlebenskunst.at\/survivalshop\/shop\/ek-archery-aluminium-red-dot-leuchtpunktvisier-fuer-armbrust\/\",\"name\":\"EK Archery Aluminium Red Dot Leuchtpunktvisier f\u00fcr Armbrust - Reini Rossmann - Survival Shop\",\"isPartOf\":{\"@id\":\"https:\/\/ueberlebenskunst.at\/survivalshop\/#website\"},\"primaryImageOfPage\":{\"@id\":\"https:\/\/ueberlebenskunst.at\/survivalshop\/shop\/ek-archery-aluminium-red-dot-leuchtpunktvisier-fuer-armbrust\/#primaryimage\"},\"image\":{\"@id\":\"https:\/\/ueberlebenskunst.at\/survivalshop\/shop\/ek-archery-aluminium-red-dot-leuchtpunktvisier-fuer-armbrust\/#primaryimage\"},\"thumbnailUrl\":\"https:\/\/ueberlebenskunst.at\/survivalshop\/wp-content\/uploads\/2024\/10\/b10029.jpg\",\"datePublished\":\"2024-10-21T10:28:52+00:00\",\"dateModified\":\"2026-05-11T13:07:31+00:00\",\"breadcrumb\":{\"@id\":\"https:\/\/ueberlebenskunst.at\/survivalshop\/shop\/ek-archery-aluminium-red-dot-leuchtpunktvisier-fuer-armbrust\/#breadcrumb\"},\"inLanguage\":\"de\",\"potentialAction\":[{\"@type\":\"ReadAction\",\"target\":[\"https:\/\/ueberlebenskunst.at\/survivalshop\/shop\/ek-archery-aluminium-red-dot-leuchtpunktvisier-fuer-armbrust\/\"]}]},{\"@type\":\"ImageObject\",\"inLanguage\":\"de\",\"@id\":\"https:\/\/ueberlebenskunst.at\/survivalshop\/shop\/ek-archery-aluminium-red-dot-leuchtpunktvisier-fuer-armbrust\/#primaryimage\",\"url\":\"https:\/\/ueberlebenskunst.at\/survivalshop\/wp-content\/uploads\/2024\/10\/b10029.jpg\",\"contentUrl\":\"https:\/\/ueberlebenskunst.at\/survivalshop\/wp-content\/uploads\/2024\/10\/b10029.jpg\",\"width\":400,\"height\":393},{\"@type\":\"BreadcrumbList\",\"@id\":\"https:\/\/ueberlebenskunst.at\/survivalshop\/shop\/ek-archery-aluminium-red-dot-leuchtpunktvisier-fuer-armbrust\/#breadcrumb\",\"itemListElement\":[{\"@type\":\"ListItem\",\"position\":1,\"name\":\"Startseite\",\"item\":\"https:\/\/ueberlebenskunst.at\/survivalshop\/\"},{\"@type\":\"ListItem\",\"position\":2,\"name\":\"Shop\",\"item\":\"https:\/\/ueberlebenskunst.at\/survivalshop\/shop\/\"},{\"@type\":\"ListItem\",\"position\":3,\"name\":\"EK Archery Aluminium Red Dot Leuchtpunktvisier f\u00fcr Armbrust\"}]},{\"@type\":\"WebSite\",\"@id\":\"https:\/\/ueberlebenskunst.at\/survivalshop\/#website\",\"url\":\"https:\/\/ueberlebenskunst.at\/survivalshop\/\",\"name\":\"Reini Rossmann - Survival Shop\",\"description\":\"Survival Shop f\u00fcr Survival, Bushcraft und Prepper\",\"potentialAction\":[{\"@type\":\"SearchAction\",\"target\":{\"@type\":\"EntryPoint\",\"urlTemplate\":\"https:\/\/ueberlebenskunst.at\/survivalshop\/?s={search_term_string}\"},\"query-input\":{\"@type\":\"PropertyValueSpecification\",\"valueRequired\":true,\"valueName\":\"search_term_string\"}}],\"inLanguage\":\"de\"}]}<\/script>\n<!-- \/ Yoast SEO plugin. -->","yoast_head_json":{"title":"EK Archery Aluminium Red Dot Leuchtpunktvisier f\u00fcr Armbrust - Reini Rossmann - Survival Shop","robots":{"index":"index","follow":"follow","max-snippet":"max-snippet:-1","max-image-preview":"max-image-preview:large","max-video-preview":"max-video-preview:-1"},"canonical":"https:\/\/ueberlebenskunst.at\/survivalshop\/shop\/ek-archery-aluminium-red-dot-leuchtpunktvisier-fuer-armbrust\/","og_locale":"de_DE","og_type":"article","og_title":"EK Archery Aluminium Red Dot Leuchtpunktvisier f\u00fcr Armbrust - Reini Rossmann - Survival Shop","og_description":"Das EK Archery Leuchtpunktvisier ist auf das Schie\u00dfen mit Armbrust und Bogen konzipiert und gemacht. Es gibt 2 Rotpunkt Zust\u00e4nde, die sich in der Intensit\u00e4t der Helligkeit unterscheiden. Das Produkt ist aus hochwertigem Aluminium gefertigt um die beim Armbrustschie\u00dfen typischen Vibrationen gut auffangen zu k\u00f6nnen und gleichzeitig den Rotpunkt am Ziel zu belassen. Der Betrieb [&hellip;]","og_url":"https:\/\/ueberlebenskunst.at\/survivalshop\/shop\/ek-archery-aluminium-red-dot-leuchtpunktvisier-fuer-armbrust\/","og_site_name":"Reini Rossmann - Survival Shop","article_publisher":"https:\/\/www.facebook.com\/survival24.org\/","article_modified_time":"2026-05-11T13:07:31+00:00","og_image":[{"width":400,"height":393,"url":"https:\/\/ueberlebenskunst.at\/survivalshop\/wp-content\/uploads\/2024\/10\/b10029.jpg","type":"image\/jpeg"}],"twitter_card":"summary_large_image","twitter_misc":{"Gesch\u00e4tzte Lesezeit":"1\u00a0Minute"},"schema":{"@context":"https:\/\/schema.org","@graph":[{"@type":"WebPage","@id":"https:\/\/ueberlebenskunst.at\/survivalshop\/shop\/ek-archery-aluminium-red-dot-leuchtpunktvisier-fuer-armbrust\/","url":"https:\/\/ueberlebenskunst.at\/survivalshop\/shop\/ek-archery-aluminium-red-dot-leuchtpunktvisier-fuer-armbrust\/","name":"EK Archery Aluminium Red Dot Leuchtpunktvisier f\u00fcr Armbrust - Reini Rossmann - Survival Shop","isPartOf":{"@id":"https:\/\/ueberlebenskunst.at\/survivalshop\/#website"},"primaryImageOfPage":{"@id":"https:\/\/ueberlebenskunst.at\/survivalshop\/shop\/ek-archery-aluminium-red-dot-leuchtpunktvisier-fuer-armbrust\/#primaryimage"},"image":{"@id":"https:\/\/ueberlebenskunst.at\/survivalshop\/shop\/ek-archery-aluminium-red-dot-leuchtpunktvisier-fuer-armbrust\/#primaryimage"},"thumbnailUrl":"https:\/\/ueberlebenskunst.at\/survivalshop\/wp-content\/uploads\/2024\/10\/b10029.jpg","datePublished":"2024-10-21T10:28:52+00:00","dateModified":"2026-05-11T13:07:31+00:00","breadcrumb":{"@id":"https:\/\/ueberlebenskunst.at\/survivalshop\/shop\/ek-archery-aluminium-red-dot-leuchtpunktvisier-fuer-armbrust\/#breadcrumb"},"inLanguage":"de","potentialAction":[{"@type":"ReadAction","target":["https:\/\/ueberlebenskunst.at\/survivalshop\/shop\/ek-archery-aluminium-red-dot-leuchtpunktvisier-fuer-armbrust\/"]}]},{"@type":"ImageObject","inLanguage":"de","@id":"https:\/\/ueberlebenskunst.at\/survivalshop\/shop\/ek-archery-aluminium-red-dot-leuchtpunktvisier-fuer-armbrust\/#primaryimage","url":"https:\/\/ueberlebenskunst.at\/survivalshop\/wp-content\/uploads\/2024\/10\/b10029.jpg","contentUrl":"https:\/\/ueberlebenskunst.at\/survivalshop\/wp-content\/uploads\/2024\/10\/b10029.jpg","width":400,"height":393},{"@type":"BreadcrumbList","@id":"https:\/\/ueberlebenskunst.at\/survivalshop\/shop\/ek-archery-aluminium-red-dot-leuchtpunktvisier-fuer-armbrust\/#breadcrumb","itemListElement":[{"@type":"ListItem","position":1,"name":"Startseite","item":"https:\/\/ueberlebenskunst.at\/survivalshop\/"},{"@type":"ListItem","position":2,"name":"Shop","item":"https:\/\/ueberlebenskunst.at\/survivalshop\/shop\/"},{"@type":"ListItem","position":3,"name":"EK Archery Aluminium Red Dot Leuchtpunktvisier f\u00fcr Armbrust"}]},{"@type":"WebSite","@id":"https:\/\/ueberlebenskunst.at\/survivalshop\/#website","url":"https:\/\/ueberlebenskunst.at\/survivalshop\/","name":"Reini Rossmann - Survival Shop","description":"Survival Shop f\u00fcr Survival, Bushcraft und Prepper","potentialAction":[{"@type":"SearchAction","target":{"@type":"EntryPoint","urlTemplate":"https:\/\/ueberlebenskunst.at\/survivalshop\/?s={search_term_string}"},"query-input":{"@type":"PropertyValueSpecification","valueRequired":true,"valueName":"search_term_string"}}],"inLanguage":"de"}]}},"_links":{"self":[{"href":"https:\/\/ueberlebenskunst.at\/survivalshop\/wp-json\/wp\/v2\/product\/174940","targetHints":{"allow":["GET"]}}],"collection":[{"href":"https:\/\/ueberlebenskunst.at\/survivalshop\/wp-json\/wp\/v2\/product"}],"about":[{"href":"https:\/\/ueberlebenskunst.at\/survivalshop\/wp-json\/wp\/v2\/types\/product"}],"replies":[{"embeddable":true,"href":"https:\/\/ueberlebenskunst.at\/survivalshop\/wp-json\/wp\/v2\/comments?post=174940"}],"wp:featuredmedia":[{"embeddable":true,"href":"https:\/\/ueberlebenskunst.at\/survivalshop\/wp-json\/wp\/v2\/media\/174941"}],"wp:attachment":[{"href":"https:\/\/ueberlebenskunst.at\/survivalshop\/wp-json\/wp\/v2\/media?parent=174940"}],"wp:term":[{"taxonomy":"product_brand","embeddable":true,"href":"https:\/\/ueberlebenskunst.at\/survivalshop\/wp-json\/wp\/v2\/product_brand?post=174940"},{"taxonomy":"product_cat","embeddable":true,"href":"https:\/\/ueberlebenskunst.at\/survivalshop\/wp-json\/wp\/v2\/product_cat?post=174940"},{"taxonomy":"product_tag","embeddable":true,"href":"https:\/\/ueberlebenskunst.at\/survivalshop\/wp-json\/wp\/v2\/product_tag?post=174940"}],"curies":[{"name":"wp","href":"https:\/\/api.w.org\/{rel}","templated":true}]}}