{"id":174668,"date":"2024-10-15T14:47:43","date_gmt":"2024-10-15T12:47:43","guid":{"rendered":"https:\/\/ueberlebenskunst.at\/survivalshop\/?post_type=product&#038;p=174668"},"modified":"2026-04-06T19:20:50","modified_gmt":"2026-04-06T17:20:50","slug":"universal-halterung-fuer-revo7-19mm-klemmdurchmesser","status":"publish","type":"product","link":"https:\/\/ueberlebenskunst.at\/survivalshop\/shop\/universal-halterung-fuer-revo7-19mm-klemmdurchmesser\/","title":{"rendered":"REVO Universal Halterung 2.0 19 mm Klemmdurchmesser"},"content":{"rendered":"<p>Die <a href=\"https:\/\/ueberlebenskunst.at\/survivalshop\/shop\/ek-archery-revo-7-pistolenarmbrust\/\" target=\"_blank\" rel=\"noopener\">EK Archery REVO 7<\/a> Armbrust ist neu auf dem Markt, und passend dazu haben wir in der Reini Rossmann Werkstatt (Made in Austria) unsere beliebte Universalhalterung entwickelt. Diese Halterung ist mit verschiedensten Ausr\u00fcstungsgegenst\u00e4nden kompatibel, wie etwa Lampen mit einem Durchmesser von ca. 19 mm <a href=\"https:\/\/ueberlebenskunst.at\/survivalshop\/shop\/stinger-ar-6-lampe-einzeln-ohne-montage\/\" target=\"_blank\" rel=\"noopener\">(z. B. Steambow-Lampe)<\/a>, einem <a href=\"https:\/\/ueberlebenskunst.at\/survivalshop\/shop\/gruener-laser\/\" target=\"_blank\" rel=\"noopener\">gr\u00fcnen Laser<\/a> oder einem <a href=\"https:\/\/ueberlebenskunst.at\/survivalshop\/shop\/container-fuer-universalhalterung\/\" target=\"_blank\" rel=\"noopener\">Wachs-Container<\/a> mit 19 mm Durchmesser.<\/p>\n<p>Das Ziel unserer Universalhalterung ist es, deine Armbrust noch vielseitiger und einsatzbereiter zu machen. Sie kann entweder links oder rechts, anstelle der Picatinny-Schiene, montiert werden und wird mit den Originalschrauben der EK Archery REVO7 befestigt.<\/p>\n<p>Alle Produkte werden von Reini Rossmann entworfen und in seiner Werkstatt speziell f\u00fcr dich gefertigt.<\/p>\n<h3>Lieferumfang:<\/h3>\n<ul>\n<li>1 St\u00fcck Universalhalterung<\/li>\n<li>3 St\u00fcck 4 x 25 Senkkopfschrauben f\u00fcr beidseitige Montage<\/li>\n<\/ul>\n<h3>Passendes, extra erh\u00e4ltliches Zubeh\u00f6r:<\/h3>\n<ul>\n<li><a href=\"https:\/\/ueberlebenskunst.at\/survivalshop\/shop\/gruener-laser\/\" target=\"_blank\" rel=\"noopener\">Laser gr\u00fcn f\u00fcr Bogensport Universal Halterungen<\/a><\/li>\n<li><a href=\"https:\/\/ueberlebenskunst.at\/survivalshop\/shop\/stinger-ar-6-lampe-einzeln-ohne-montage\/\" target=\"_blank\" rel=\"noopener\">AR-6 Lampe f\u00fcr Steambow Stinger<\/a><\/li>\n<li><a href=\"https:\/\/ueberlebenskunst.at\/survivalshop\/shop\/container-fuer-universalhalterung\/\" target=\"_blank\" rel=\"noopener\">Container f\u00fcr Universal Halterung<\/a><\/li>\n<\/ul>\n<h3>Bedienungs- &amp; Pflegeanleitung:<\/h3>\n<ul>\n<li>Die Reinigung mit Wasser ist m\u00f6glich.<\/li>\n<li>Du solltest das Produkt nicht direkt in die N\u00e4he von Feuer oder anderen Hitzequellen legen!<\/li>\n<li>Wird es \u00fcber l\u00e4ngere Zeit sehr kalten Temperaturen unter 0 \u00b0C ausgesetzt, solltest du in dem Moment darauf achten, dass keine starken Belastungen darauf einwirken.<\/li>\n<\/ul>\n<p>Bitte informiere dich \u00fcber die gesetzlichen Regelungen in deinem Land, welche Ausr\u00fcstung auf deine Halterung montiert werden darf.<\/p>\n<p><a href=\"https:\/\/ueberlebenskunst.at\/survivalshop\/wp-content\/uploads\/2021\/11\/Logo_Kinder.png\"><img decoding=\"async\" class=\"alignnone size-medium wp-image-179571\" src=\"https:\/\/ueberlebenskunst.at\/survivalshop\/wp-content\/uploads\/2021\/11\/Logo_Kinder-300x126.png\" alt=\"\" width=\"300\" height=\"126\" srcset=\"https:\/\/ueberlebenskunst.at\/survivalshop\/wp-content\/uploads\/2021\/11\/Logo_Kinder-300x126.png 300w, https:\/\/ueberlebenskunst.at\/survivalshop\/wp-content\/uploads\/2021\/11\/Logo_Kinder-64x27.png 64w, https:\/\/ueberlebenskunst.at\/survivalshop\/wp-content\/uploads\/2021\/11\/Logo_Kinder.png 401w\" sizes=\"(max-width: 300px) 100vw, 300px\" \/><\/a><\/p>\n<p><span style=\"color: #99cc00;\">\u00a0<\/span><\/p>\n","protected":false},"excerpt":{"rendered":"<p>Die EK Archery REVO 7 Armbrust ist neu auf dem Markt, und passend dazu haben wir in der Reini Rossmann Werkstatt (Made in Austria) unsere beliebte Universalhalterung entwickelt. Diese Halterung ist mit verschiedensten Ausr\u00fcstungsgegenst\u00e4nden kompatibel, wie etwa Lampen mit einem Durchmesser von ca. 19 mm (z. B. Steambow-Lampe), einem gr\u00fcnen Laser oder einem Wachs-Container mit [&hellip;]<\/p>\n","protected":false},"featured_media":174699,"comment_status":"open","ping_status":"closed","template":"","meta":{"_acf_changed":false},"product_brand":[],"product_cat":[2332,2374],"product_tag":[1331,2333,2558],"class_list":{"0":"post-174668","1":"product","2":"type-product","3":"status-publish","4":"has-post-thumbnail","6":"product_cat-ek-archery-revo-7","7":"product_cat-ek-archery-revo-7-bogensport-zubehoer","8":"product_tag-armbrust-universal-halterung","9":"product_tag-revo-7","10":"product_tag-revo-universal-halterung","11":"pa_platform-durchmesser-19mm","13":"first","14":"instock","15":"taxable","16":"shipping-taxable","17":"purchasable","18":"product-type-variable","19":"has-default-attributes"},"acf":[],"yoast_head":"<!-- This site is optimized with the Yoast SEO plugin v27.1.1 - https:\/\/yoast.com\/product\/yoast-seo-wordpress\/ -->\n<title>REVO Universal Halterung 2.0 19 mm Klemmdurchmesser<\/title>\n<meta name=\"robots\" content=\"index, follow, max-snippet:-1, max-image-preview:large, max-video-preview:-1\" \/>\n<link rel=\"canonical\" href=\"https:\/\/ueberlebenskunst.at\/survivalshop\/shop\/universal-halterung-fuer-revo7-19mm-klemmdurchmesser\/\" \/>\n<meta property=\"og:locale\" content=\"de_DE\" \/>\n<meta property=\"og:type\" content=\"article\" \/>\n<meta property=\"og:title\" content=\"REVO Universal Halterung 2.0 19 mm Klemmdurchmesser\" \/>\n<meta property=\"og:description\" content=\"Die EK Archery REVO 7 Armbrust ist neu auf dem Markt, und passend dazu haben wir in der Reini Rossmann Werkstatt (Made in Austria) unsere beliebte Universalhalterung entwickelt. Diese Halterung ist mit verschiedensten Ausr\u00fcstungsgegenst\u00e4nden kompatibel, wie etwa Lampen mit einem Durchmesser von ca. 19 mm (z. B. Steambow-Lampe), einem gr\u00fcnen Laser oder einem Wachs-Container mit [&hellip;]\" \/>\n<meta property=\"og:url\" content=\"https:\/\/ueberlebenskunst.at\/survivalshop\/shop\/universal-halterung-fuer-revo7-19mm-klemmdurchmesser\/\" \/>\n<meta property=\"og:site_name\" content=\"Reini Rossmann - Survival Shop\" \/>\n<meta property=\"article:publisher\" content=\"https:\/\/www.facebook.com\/survival24.org\/\" \/>\n<meta property=\"article:modified_time\" content=\"2026-04-06T17:20:50+00:00\" \/>\n<meta property=\"og:image\" content=\"https:\/\/ueberlebenskunst.at\/survivalshop\/wp-content\/uploads\/2024\/10\/Universal_Halterung_REVO7_19mm_REV019_lose_sk.jpg\" \/>\n\t<meta property=\"og:image:width\" content=\"400\" \/>\n\t<meta property=\"og:image:height\" content=\"400\" \/>\n\t<meta property=\"og:image:type\" content=\"image\/jpeg\" \/>\n<meta name=\"twitter:card\" content=\"summary_large_image\" \/>\n<meta name=\"twitter:label1\" content=\"Gesch\u00e4tzte Lesezeit\" \/>\n\t<meta name=\"twitter:data1\" content=\"2\u00a0Minuten\" \/>\n<script type=\"application\/ld+json\" class=\"yoast-schema-graph\">{\"@context\":\"https:\/\/schema.org\",\"@graph\":[{\"@type\":\"WebPage\",\"@id\":\"https:\/\/ueberlebenskunst.at\/survivalshop\/shop\/universal-halterung-fuer-revo7-19mm-klemmdurchmesser\/\",\"url\":\"https:\/\/ueberlebenskunst.at\/survivalshop\/shop\/universal-halterung-fuer-revo7-19mm-klemmdurchmesser\/\",\"name\":\"REVO Universal Halterung 2.0 19 mm Klemmdurchmesser\",\"isPartOf\":{\"@id\":\"https:\/\/ueberlebenskunst.at\/survivalshop\/#website\"},\"primaryImageOfPage\":{\"@id\":\"https:\/\/ueberlebenskunst.at\/survivalshop\/shop\/universal-halterung-fuer-revo7-19mm-klemmdurchmesser\/#primaryimage\"},\"image\":{\"@id\":\"https:\/\/ueberlebenskunst.at\/survivalshop\/shop\/universal-halterung-fuer-revo7-19mm-klemmdurchmesser\/#primaryimage\"},\"thumbnailUrl\":\"https:\/\/ueberlebenskunst.at\/survivalshop\/wp-content\/uploads\/2024\/10\/Universal_Halterung_REVO7_19mm_REV019_lose_sk.jpg\",\"datePublished\":\"2024-10-15T12:47:43+00:00\",\"dateModified\":\"2026-04-06T17:20:50+00:00\",\"breadcrumb\":{\"@id\":\"https:\/\/ueberlebenskunst.at\/survivalshop\/shop\/universal-halterung-fuer-revo7-19mm-klemmdurchmesser\/#breadcrumb\"},\"inLanguage\":\"de\",\"potentialAction\":[{\"@type\":\"ReadAction\",\"target\":[\"https:\/\/ueberlebenskunst.at\/survivalshop\/shop\/universal-halterung-fuer-revo7-19mm-klemmdurchmesser\/\"]}]},{\"@type\":\"ImageObject\",\"inLanguage\":\"de\",\"@id\":\"https:\/\/ueberlebenskunst.at\/survivalshop\/shop\/universal-halterung-fuer-revo7-19mm-klemmdurchmesser\/#primaryimage\",\"url\":\"https:\/\/ueberlebenskunst.at\/survivalshop\/wp-content\/uploads\/2024\/10\/Universal_Halterung_REVO7_19mm_REV019_lose_sk.jpg\",\"contentUrl\":\"https:\/\/ueberlebenskunst.at\/survivalshop\/wp-content\/uploads\/2024\/10\/Universal_Halterung_REVO7_19mm_REV019_lose_sk.jpg\",\"width\":400,\"height\":400},{\"@type\":\"BreadcrumbList\",\"@id\":\"https:\/\/ueberlebenskunst.at\/survivalshop\/shop\/universal-halterung-fuer-revo7-19mm-klemmdurchmesser\/#breadcrumb\",\"itemListElement\":[{\"@type\":\"ListItem\",\"position\":1,\"name\":\"Startseite\",\"item\":\"https:\/\/ueberlebenskunst.at\/survivalshop\/\"},{\"@type\":\"ListItem\",\"position\":2,\"name\":\"Shop\",\"item\":\"https:\/\/ueberlebenskunst.at\/survivalshop\/shop\/\"},{\"@type\":\"ListItem\",\"position\":3,\"name\":\"REVO Universal Halterung 2.0 19 mm Klemmdurchmesser\"}]},{\"@type\":\"WebSite\",\"@id\":\"https:\/\/ueberlebenskunst.at\/survivalshop\/#website\",\"url\":\"https:\/\/ueberlebenskunst.at\/survivalshop\/\",\"name\":\"Reini Rossmann - Survival Shop\",\"description\":\"Survival Shop f\u00fcr Survival, Bushcraft und Prepper\",\"potentialAction\":[{\"@type\":\"SearchAction\",\"target\":{\"@type\":\"EntryPoint\",\"urlTemplate\":\"https:\/\/ueberlebenskunst.at\/survivalshop\/?s={search_term_string}\"},\"query-input\":{\"@type\":\"PropertyValueSpecification\",\"valueRequired\":true,\"valueName\":\"search_term_string\"}}],\"inLanguage\":\"de\"}]}<\/script>\n<!-- \/ Yoast SEO plugin. -->","yoast_head_json":{"title":"REVO Universal Halterung 2.0 19 mm Klemmdurchmesser","robots":{"index":"index","follow":"follow","max-snippet":"max-snippet:-1","max-image-preview":"max-image-preview:large","max-video-preview":"max-video-preview:-1"},"canonical":"https:\/\/ueberlebenskunst.at\/survivalshop\/shop\/universal-halterung-fuer-revo7-19mm-klemmdurchmesser\/","og_locale":"de_DE","og_type":"article","og_title":"REVO Universal Halterung 2.0 19 mm Klemmdurchmesser","og_description":"Die EK Archery REVO 7 Armbrust ist neu auf dem Markt, und passend dazu haben wir in der Reini Rossmann Werkstatt (Made in Austria) unsere beliebte Universalhalterung entwickelt. Diese Halterung ist mit verschiedensten Ausr\u00fcstungsgegenst\u00e4nden kompatibel, wie etwa Lampen mit einem Durchmesser von ca. 19 mm (z. B. Steambow-Lampe), einem gr\u00fcnen Laser oder einem Wachs-Container mit [&hellip;]","og_url":"https:\/\/ueberlebenskunst.at\/survivalshop\/shop\/universal-halterung-fuer-revo7-19mm-klemmdurchmesser\/","og_site_name":"Reini Rossmann - Survival Shop","article_publisher":"https:\/\/www.facebook.com\/survival24.org\/","article_modified_time":"2026-04-06T17:20:50+00:00","og_image":[{"width":400,"height":400,"url":"https:\/\/ueberlebenskunst.at\/survivalshop\/wp-content\/uploads\/2024\/10\/Universal_Halterung_REVO7_19mm_REV019_lose_sk.jpg","type":"image\/jpeg"}],"twitter_card":"summary_large_image","twitter_misc":{"Gesch\u00e4tzte Lesezeit":"2\u00a0Minuten"},"schema":{"@context":"https:\/\/schema.org","@graph":[{"@type":"WebPage","@id":"https:\/\/ueberlebenskunst.at\/survivalshop\/shop\/universal-halterung-fuer-revo7-19mm-klemmdurchmesser\/","url":"https:\/\/ueberlebenskunst.at\/survivalshop\/shop\/universal-halterung-fuer-revo7-19mm-klemmdurchmesser\/","name":"REVO Universal Halterung 2.0 19 mm Klemmdurchmesser","isPartOf":{"@id":"https:\/\/ueberlebenskunst.at\/survivalshop\/#website"},"primaryImageOfPage":{"@id":"https:\/\/ueberlebenskunst.at\/survivalshop\/shop\/universal-halterung-fuer-revo7-19mm-klemmdurchmesser\/#primaryimage"},"image":{"@id":"https:\/\/ueberlebenskunst.at\/survivalshop\/shop\/universal-halterung-fuer-revo7-19mm-klemmdurchmesser\/#primaryimage"},"thumbnailUrl":"https:\/\/ueberlebenskunst.at\/survivalshop\/wp-content\/uploads\/2024\/10\/Universal_Halterung_REVO7_19mm_REV019_lose_sk.jpg","datePublished":"2024-10-15T12:47:43+00:00","dateModified":"2026-04-06T17:20:50+00:00","breadcrumb":{"@id":"https:\/\/ueberlebenskunst.at\/survivalshop\/shop\/universal-halterung-fuer-revo7-19mm-klemmdurchmesser\/#breadcrumb"},"inLanguage":"de","potentialAction":[{"@type":"ReadAction","target":["https:\/\/ueberlebenskunst.at\/survivalshop\/shop\/universal-halterung-fuer-revo7-19mm-klemmdurchmesser\/"]}]},{"@type":"ImageObject","inLanguage":"de","@id":"https:\/\/ueberlebenskunst.at\/survivalshop\/shop\/universal-halterung-fuer-revo7-19mm-klemmdurchmesser\/#primaryimage","url":"https:\/\/ueberlebenskunst.at\/survivalshop\/wp-content\/uploads\/2024\/10\/Universal_Halterung_REVO7_19mm_REV019_lose_sk.jpg","contentUrl":"https:\/\/ueberlebenskunst.at\/survivalshop\/wp-content\/uploads\/2024\/10\/Universal_Halterung_REVO7_19mm_REV019_lose_sk.jpg","width":400,"height":400},{"@type":"BreadcrumbList","@id":"https:\/\/ueberlebenskunst.at\/survivalshop\/shop\/universal-halterung-fuer-revo7-19mm-klemmdurchmesser\/#breadcrumb","itemListElement":[{"@type":"ListItem","position":1,"name":"Startseite","item":"https:\/\/ueberlebenskunst.at\/survivalshop\/"},{"@type":"ListItem","position":2,"name":"Shop","item":"https:\/\/ueberlebenskunst.at\/survivalshop\/shop\/"},{"@type":"ListItem","position":3,"name":"REVO Universal Halterung 2.0 19 mm Klemmdurchmesser"}]},{"@type":"WebSite","@id":"https:\/\/ueberlebenskunst.at\/survivalshop\/#website","url":"https:\/\/ueberlebenskunst.at\/survivalshop\/","name":"Reini Rossmann - Survival Shop","description":"Survival Shop f\u00fcr Survival, Bushcraft und Prepper","potentialAction":[{"@type":"SearchAction","target":{"@type":"EntryPoint","urlTemplate":"https:\/\/ueberlebenskunst.at\/survivalshop\/?s={search_term_string}"},"query-input":{"@type":"PropertyValueSpecification","valueRequired":true,"valueName":"search_term_string"}}],"inLanguage":"de"}]}},"_links":{"self":[{"href":"https:\/\/ueberlebenskunst.at\/survivalshop\/wp-json\/wp\/v2\/product\/174668","targetHints":{"allow":["GET"]}}],"collection":[{"href":"https:\/\/ueberlebenskunst.at\/survivalshop\/wp-json\/wp\/v2\/product"}],"about":[{"href":"https:\/\/ueberlebenskunst.at\/survivalshop\/wp-json\/wp\/v2\/types\/product"}],"replies":[{"embeddable":true,"href":"https:\/\/ueberlebenskunst.at\/survivalshop\/wp-json\/wp\/v2\/comments?post=174668"}],"wp:featuredmedia":[{"embeddable":true,"href":"https:\/\/ueberlebenskunst.at\/survivalshop\/wp-json\/wp\/v2\/media\/174699"}],"wp:attachment":[{"href":"https:\/\/ueberlebenskunst.at\/survivalshop\/wp-json\/wp\/v2\/media?parent=174668"}],"wp:term":[{"taxonomy":"product_brand","embeddable":true,"href":"https:\/\/ueberlebenskunst.at\/survivalshop\/wp-json\/wp\/v2\/product_brand?post=174668"},{"taxonomy":"product_cat","embeddable":true,"href":"https:\/\/ueberlebenskunst.at\/survivalshop\/wp-json\/wp\/v2\/product_cat?post=174668"},{"taxonomy":"product_tag","embeddable":true,"href":"https:\/\/ueberlebenskunst.at\/survivalshop\/wp-json\/wp\/v2\/product_tag?post=174668"}],"curies":[{"name":"wp","href":"https:\/\/api.w.org\/{rel}","templated":true}]}}