{"id":172968,"date":"2024-09-26T11:37:33","date_gmt":"2024-09-26T09:37:33","guid":{"rendered":"https:\/\/ueberlebenskunst.at\/survivalshop\/?post_type=product&#038;p=172968"},"modified":"2025-09-11T16:45:27","modified_gmt":"2025-09-11T14:45:27","slug":"reini-unikat-messer-otter-matrosenmesser","status":"seo-produkt","type":"product","link":"https:\/\/ueberlebenskunst.at\/survivalshop\/shop\/reini-unikat-messer-otter-matrosenmesser\/","title":{"rendered":"Reini Unikat Messer: Otter Matrosenmesser aus Reinis Video"},"content":{"rendered":"<p><strong>Das hier angebotene Messer ist ein Unikat und wurde von Reini Rossmann in dem Youtube Video \u00fcber dieses Messer benutzt. Das bedeutet es ist keine Neuware, aber du kaufst genau das Messer aus diesem Video. Es handelt sich hierbei um einen Artikel mit Gebrauchsspuren. Wenn du dich f\u00fcr dieses Unikat interessierst, dann schlag zu. Wenn du ein neues, ungebrauchtes Messer suchst, dann bitte nicht bestellen.<\/strong><\/p>\n<p>Das robuste Matrosenmesser der Marke Otter \u00fcberzeugt durch seine erstklassige Verarbeitung und die widerstandsf\u00e4hige Klinge, die aus hochwertigem Kohlenstoffstahl C75 gefertigt ist. Dieser nicht rostfreie Stahl sorgt f\u00fcr besondere Sch\u00e4rfe und Schnitthaltigkeit, wodurch das Messer auch bei anspruchsvollen Arbeiten auf See oder im Outdoor-Bereich stets zuverl\u00e4ssig ist. Die Griffschalen des Messers bestehen aus edler, dunkel gebeizter R\u00e4uchereiche, die nicht nur \u00e4sthetisch ansprechend, sondern auch besonders strapazierf\u00e4hig ist. Die zwei stabilen Messingnieten, die die Holzschalen sicher mit der Klinge verbinden, garantieren eine langlebige und sichere Handhabung. Zus\u00e4tzlich ist das Messer mit einer praktischen Messing\u00f6se ausgestattet, an der es befestigt werden kann, um es stets griffbereit zu haben. Der edle Lederk\u00f6cher, der das Gesamtbild abrundet, sch\u00fctzt das feststehende Messer zuverl\u00e4ssig und sorgt f\u00fcr einen sicheren Transport. Dieses vielseitige und robuste Bootsmesser ist somit der ideale Begleiter f\u00fcr Segler, Outdoor-Enthusiasten und Handwerker, die Wert auf Qualit\u00e4t und Langlebigkeit legen.<\/p>\n<h3>Produktdaten:<\/h3>\n<ul>\n<li>Gesamtl\u00e4nge: 24 cm<\/li>\n<li>Klingenl\u00e4nge: 13 cm<\/li>\n<li>Klingenst\u00e4rke: 2,5 mm<\/li>\n<li>Gewicht: 110 g<\/li>\n<li>Messing\u00f6se<\/li>\n<\/ul>\n","protected":false},"excerpt":{"rendered":"<p>Das hier angebotene Messer ist ein Unikat und wurde von Reini Rossmann in dem Youtube Video \u00fcber dieses Messer benutzt. Das bedeutet es ist keine Neuware, aber du kaufst genau das Messer aus diesem Video. Es handelt sich hierbei um einen Artikel mit Gebrauchsspuren. Wenn du dich f\u00fcr dieses Unikat interessierst, dann schlag zu. Wenn [&hellip;]<\/p>\n","protected":false},"featured_media":32414,"comment_status":"open","ping_status":"closed","template":"","meta":{"_acf_changed":false},"product_brand":[],"product_cat":[2244],"product_tag":[2251,2247],"class_list":{"0":"post-172968","1":"product","2":"type-product","3":"status-seo-produkt","4":"has-post-thumbnail","6":"product_cat-reini-rossmann-unikat-messer","7":"product_tag-reini-rossmann-unikat","8":"product_tag-reini-rossmann-unikat-messer","10":"first","11":"outofstock","12":"taxable","13":"shipping-taxable","14":"product-type-simple"},"acf":[],"yoast_head":"<!-- This site is optimized with the Yoast SEO plugin v27.1.1 - https:\/\/yoast.com\/product\/yoast-seo-wordpress\/ -->\n<title>Reini Unikat Messer: Otter Matrosenmesser aus Reinis Video Griffschalen aus R\u00e4uchereiche<\/title>\n<meta name=\"description\" content=\"Das zuverl\u00e4ssige Bootsmesser wird mit einem hochwertigen Lederk\u00f6cher geliefert. Das Klingenmaterial ist aus C75.\" \/>\n<meta name=\"robots\" content=\"index, follow, max-snippet:-1, max-image-preview:large, max-video-preview:-1\" \/>\n<link rel=\"canonical\" href=\"https:\/\/ueberlebenskunst.at\/survivalshop\/shop\/reini-unikat-messer-otter-matrosenmesser\/\" \/>\n<meta property=\"og:locale\" content=\"de_DE\" \/>\n<meta property=\"og:type\" content=\"article\" \/>\n<meta property=\"og:title\" content=\"Reini Unikat Messer: Otter Matrosenmesser aus Reinis Video Griffschalen aus R\u00e4uchereiche\" \/>\n<meta property=\"og:description\" content=\"Das zuverl\u00e4ssige Bootsmesser wird mit einem hochwertigen Lederk\u00f6cher geliefert. Das Klingenmaterial ist aus C75.\" \/>\n<meta property=\"og:url\" content=\"https:\/\/ueberlebenskunst.at\/survivalshop\/shop\/reini-unikat-messer-otter-matrosenmesser\/\" \/>\n<meta property=\"og:site_name\" content=\"Reini Rossmann - Survival Shop\" \/>\n<meta property=\"article:publisher\" content=\"https:\/\/www.facebook.com\/survival24.org\/\" \/>\n<meta property=\"article:modified_time\" content=\"2025-09-11T14:45:27+00:00\" \/>\n<meta property=\"og:image\" content=\"https:\/\/ueberlebenskunst.at\/survivalshop\/wp-content\/uploads\/2021\/06\/Otter-Matrosenmesser_02OT006.jpg\" \/>\n\t<meta property=\"og:image:width\" content=\"598\" \/>\n\t<meta property=\"og:image:height\" content=\"400\" \/>\n\t<meta property=\"og:image:type\" content=\"image\/jpeg\" \/>\n<meta name=\"twitter:card\" content=\"summary_large_image\" \/>\n<meta name=\"twitter:label1\" content=\"Gesch\u00e4tzte Lesezeit\" \/>\n\t<meta name=\"twitter:data1\" content=\"2\u00a0Minuten\" \/>\n<script type=\"application\/ld+json\" class=\"yoast-schema-graph\">{\"@context\":\"https:\/\/schema.org\",\"@graph\":[{\"@type\":\"WebPage\",\"@id\":\"https:\/\/ueberlebenskunst.at\/survivalshop\/shop\/reini-unikat-messer-otter-matrosenmesser\/\",\"url\":\"https:\/\/ueberlebenskunst.at\/survivalshop\/shop\/reini-unikat-messer-otter-matrosenmesser\/\",\"name\":\"Reini Unikat Messer: Otter Matrosenmesser aus Reinis Video Griffschalen aus R\u00e4uchereiche\",\"isPartOf\":{\"@id\":\"https:\/\/ueberlebenskunst.at\/survivalshop\/#website\"},\"primaryImageOfPage\":{\"@id\":\"https:\/\/ueberlebenskunst.at\/survivalshop\/shop\/reini-unikat-messer-otter-matrosenmesser\/#primaryimage\"},\"image\":{\"@id\":\"https:\/\/ueberlebenskunst.at\/survivalshop\/shop\/reini-unikat-messer-otter-matrosenmesser\/#primaryimage\"},\"thumbnailUrl\":\"https:\/\/ueberlebenskunst.at\/survivalshop\/wp-content\/uploads\/2021\/06\/Otter-Matrosenmesser_02OT006.jpg\",\"datePublished\":\"2024-09-26T09:37:33+00:00\",\"dateModified\":\"2025-09-11T14:45:27+00:00\",\"description\":\"Das zuverl\u00e4ssige Bootsmesser wird mit einem hochwertigen Lederk\u00f6cher geliefert. Das Klingenmaterial ist aus C75.\",\"breadcrumb\":{\"@id\":\"https:\/\/ueberlebenskunst.at\/survivalshop\/shop\/reini-unikat-messer-otter-matrosenmesser\/#breadcrumb\"},\"inLanguage\":\"de\",\"potentialAction\":[{\"@type\":\"ReadAction\",\"target\":[\"https:\/\/ueberlebenskunst.at\/survivalshop\/shop\/reini-unikat-messer-otter-matrosenmesser\/\"]}]},{\"@type\":\"ImageObject\",\"inLanguage\":\"de\",\"@id\":\"https:\/\/ueberlebenskunst.at\/survivalshop\/shop\/reini-unikat-messer-otter-matrosenmesser\/#primaryimage\",\"url\":\"https:\/\/ueberlebenskunst.at\/survivalshop\/wp-content\/uploads\/2021\/06\/Otter-Matrosenmesser_02OT006.jpg\",\"contentUrl\":\"https:\/\/ueberlebenskunst.at\/survivalshop\/wp-content\/uploads\/2021\/06\/Otter-Matrosenmesser_02OT006.jpg\",\"width\":598,\"height\":400},{\"@type\":\"BreadcrumbList\",\"@id\":\"https:\/\/ueberlebenskunst.at\/survivalshop\/shop\/reini-unikat-messer-otter-matrosenmesser\/#breadcrumb\",\"itemListElement\":[{\"@type\":\"ListItem\",\"position\":1,\"name\":\"Startseite\",\"item\":\"https:\/\/ueberlebenskunst.at\/survivalshop\/\"},{\"@type\":\"ListItem\",\"position\":2,\"name\":\"Shop\",\"item\":\"https:\/\/ueberlebenskunst.at\/survivalshop\/shop\/\"},{\"@type\":\"ListItem\",\"position\":3,\"name\":\"Reini Unikat Messer: Otter Matrosenmesser aus Reinis Video\"}]},{\"@type\":\"WebSite\",\"@id\":\"https:\/\/ueberlebenskunst.at\/survivalshop\/#website\",\"url\":\"https:\/\/ueberlebenskunst.at\/survivalshop\/\",\"name\":\"Reini Rossmann - Survival Shop\",\"description\":\"Survival Shop f\u00fcr Survival, Bushcraft und Prepper\",\"potentialAction\":[{\"@type\":\"SearchAction\",\"target\":{\"@type\":\"EntryPoint\",\"urlTemplate\":\"https:\/\/ueberlebenskunst.at\/survivalshop\/?s={search_term_string}\"},\"query-input\":{\"@type\":\"PropertyValueSpecification\",\"valueRequired\":true,\"valueName\":\"search_term_string\"}}],\"inLanguage\":\"de\"}]}<\/script>\n<!-- \/ Yoast SEO plugin. -->","yoast_head_json":{"title":"Reini Unikat Messer: Otter Matrosenmesser aus Reinis Video Griffschalen aus R\u00e4uchereiche","description":"Das zuverl\u00e4ssige Bootsmesser wird mit einem hochwertigen Lederk\u00f6cher geliefert. Das Klingenmaterial ist aus C75.","robots":{"index":"index","follow":"follow","max-snippet":"max-snippet:-1","max-image-preview":"max-image-preview:large","max-video-preview":"max-video-preview:-1"},"canonical":"https:\/\/ueberlebenskunst.at\/survivalshop\/shop\/reini-unikat-messer-otter-matrosenmesser\/","og_locale":"de_DE","og_type":"article","og_title":"Reini Unikat Messer: Otter Matrosenmesser aus Reinis Video Griffschalen aus R\u00e4uchereiche","og_description":"Das zuverl\u00e4ssige Bootsmesser wird mit einem hochwertigen Lederk\u00f6cher geliefert. Das Klingenmaterial ist aus C75.","og_url":"https:\/\/ueberlebenskunst.at\/survivalshop\/shop\/reini-unikat-messer-otter-matrosenmesser\/","og_site_name":"Reini Rossmann - Survival Shop","article_publisher":"https:\/\/www.facebook.com\/survival24.org\/","article_modified_time":"2025-09-11T14:45:27+00:00","og_image":[{"width":598,"height":400,"url":"https:\/\/ueberlebenskunst.at\/survivalshop\/wp-content\/uploads\/2021\/06\/Otter-Matrosenmesser_02OT006.jpg","type":"image\/jpeg"}],"twitter_card":"summary_large_image","twitter_misc":{"Gesch\u00e4tzte Lesezeit":"2\u00a0Minuten"},"schema":{"@context":"https:\/\/schema.org","@graph":[{"@type":"WebPage","@id":"https:\/\/ueberlebenskunst.at\/survivalshop\/shop\/reini-unikat-messer-otter-matrosenmesser\/","url":"https:\/\/ueberlebenskunst.at\/survivalshop\/shop\/reini-unikat-messer-otter-matrosenmesser\/","name":"Reini Unikat Messer: Otter Matrosenmesser aus Reinis Video Griffschalen aus R\u00e4uchereiche","isPartOf":{"@id":"https:\/\/ueberlebenskunst.at\/survivalshop\/#website"},"primaryImageOfPage":{"@id":"https:\/\/ueberlebenskunst.at\/survivalshop\/shop\/reini-unikat-messer-otter-matrosenmesser\/#primaryimage"},"image":{"@id":"https:\/\/ueberlebenskunst.at\/survivalshop\/shop\/reini-unikat-messer-otter-matrosenmesser\/#primaryimage"},"thumbnailUrl":"https:\/\/ueberlebenskunst.at\/survivalshop\/wp-content\/uploads\/2021\/06\/Otter-Matrosenmesser_02OT006.jpg","datePublished":"2024-09-26T09:37:33+00:00","dateModified":"2025-09-11T14:45:27+00:00","description":"Das zuverl\u00e4ssige Bootsmesser wird mit einem hochwertigen Lederk\u00f6cher geliefert. Das Klingenmaterial ist aus C75.","breadcrumb":{"@id":"https:\/\/ueberlebenskunst.at\/survivalshop\/shop\/reini-unikat-messer-otter-matrosenmesser\/#breadcrumb"},"inLanguage":"de","potentialAction":[{"@type":"ReadAction","target":["https:\/\/ueberlebenskunst.at\/survivalshop\/shop\/reini-unikat-messer-otter-matrosenmesser\/"]}]},{"@type":"ImageObject","inLanguage":"de","@id":"https:\/\/ueberlebenskunst.at\/survivalshop\/shop\/reini-unikat-messer-otter-matrosenmesser\/#primaryimage","url":"https:\/\/ueberlebenskunst.at\/survivalshop\/wp-content\/uploads\/2021\/06\/Otter-Matrosenmesser_02OT006.jpg","contentUrl":"https:\/\/ueberlebenskunst.at\/survivalshop\/wp-content\/uploads\/2021\/06\/Otter-Matrosenmesser_02OT006.jpg","width":598,"height":400},{"@type":"BreadcrumbList","@id":"https:\/\/ueberlebenskunst.at\/survivalshop\/shop\/reini-unikat-messer-otter-matrosenmesser\/#breadcrumb","itemListElement":[{"@type":"ListItem","position":1,"name":"Startseite","item":"https:\/\/ueberlebenskunst.at\/survivalshop\/"},{"@type":"ListItem","position":2,"name":"Shop","item":"https:\/\/ueberlebenskunst.at\/survivalshop\/shop\/"},{"@type":"ListItem","position":3,"name":"Reini Unikat Messer: Otter Matrosenmesser aus Reinis Video"}]},{"@type":"WebSite","@id":"https:\/\/ueberlebenskunst.at\/survivalshop\/#website","url":"https:\/\/ueberlebenskunst.at\/survivalshop\/","name":"Reini Rossmann - Survival Shop","description":"Survival Shop f\u00fcr Survival, Bushcraft und Prepper","potentialAction":[{"@type":"SearchAction","target":{"@type":"EntryPoint","urlTemplate":"https:\/\/ueberlebenskunst.at\/survivalshop\/?s={search_term_string}"},"query-input":{"@type":"PropertyValueSpecification","valueRequired":true,"valueName":"search_term_string"}}],"inLanguage":"de"}]}},"_links":{"self":[{"href":"https:\/\/ueberlebenskunst.at\/survivalshop\/wp-json\/wp\/v2\/product\/172968","targetHints":{"allow":["GET"]}}],"collection":[{"href":"https:\/\/ueberlebenskunst.at\/survivalshop\/wp-json\/wp\/v2\/product"}],"about":[{"href":"https:\/\/ueberlebenskunst.at\/survivalshop\/wp-json\/wp\/v2\/types\/product"}],"replies":[{"embeddable":true,"href":"https:\/\/ueberlebenskunst.at\/survivalshop\/wp-json\/wp\/v2\/comments?post=172968"}],"wp:featuredmedia":[{"embeddable":true,"href":"https:\/\/ueberlebenskunst.at\/survivalshop\/wp-json\/wp\/v2\/media\/32414"}],"wp:attachment":[{"href":"https:\/\/ueberlebenskunst.at\/survivalshop\/wp-json\/wp\/v2\/media?parent=172968"}],"wp:term":[{"taxonomy":"product_brand","embeddable":true,"href":"https:\/\/ueberlebenskunst.at\/survivalshop\/wp-json\/wp\/v2\/product_brand?post=172968"},{"taxonomy":"product_cat","embeddable":true,"href":"https:\/\/ueberlebenskunst.at\/survivalshop\/wp-json\/wp\/v2\/product_cat?post=172968"},{"taxonomy":"product_tag","embeddable":true,"href":"https:\/\/ueberlebenskunst.at\/survivalshop\/wp-json\/wp\/v2\/product_tag?post=172968"}],"curies":[{"name":"wp","href":"https:\/\/api.w.org\/{rel}","templated":true}]}}