{"id":172908,"date":"2024-09-25T07:48:19","date_gmt":"2024-09-25T05:48:19","guid":{"rendered":"https:\/\/ueberlebenskunst.at\/survivalshop\/?post_type=product&#038;p=172908"},"modified":"2024-10-10T18:30:37","modified_gmt":"2024-10-10T16:30:37","slug":"daily-knives-ak2","status":"seo-produkt","type":"product","link":"https:\/\/ueberlebenskunst.at\/survivalshop\/shop\/daily-knives-ak2\/","title":{"rendered":"Daily Knives AK2"},"content":{"rendered":"<p>Das AK2 stellt das neueste Meisterwerk des renommierten Messermachers Alex Kremer dar und ist zugleich das erste Messer, das vollst\u00e4ndig aus der Daily Knives Produktion hervorgegangen ist. Es kombiniert elegantes, funktionales Design mit kompromissloser Robustheit, die sowohl anspruchsvolle Nutzer als auch Liebhaber des minimalistisch-schlichten Designs begeistern wird.<\/p>\n<p>Die Drop-Point-Klinge, die sich seit Jahren gro\u00dfer Beliebtheit in der Messerwelt erfreut, besticht durch ihre schlichte und doch leistungsf\u00e4hige Form. Mit ihrer unauff\u00e4lligen, vielseitigen Spitze eignet sich diese Klingenform perfekt f\u00fcr den t\u00e4glichen Gebrauch und EDC (Everyday Carry). Das AK2 verbindet dabei die klassische Drop-Point-Form mit einem innovativen und modernen Design. Durch seine skelettierte Konstruktion reduziert sich das Gewicht erheblich, was das AK2 zu einem besonders leichten und gleichzeitig robusten Begleiter macht. Es kann bequem als Neck-Knife getragen oder unauff\u00e4llig in der Hosentasche verstaut werden, was seine Flexibilit\u00e4t und Praktikabilit\u00e4t noch weiter erh\u00f6ht. Das Stonewash-Finish sorgt daf\u00fcr, dass Gebrauchsspuren nahezu unsichtbar bleiben und sich harmonisch in die matte Oberfl\u00e4che einf\u00fcgen, selbst bei intensiver Nutzung.<\/p>\n<p>Ein Highlight des AK2 ist der Klingenstahl: Hergestellt aus dem bew\u00e4hrten RWL34-Stahl der schwedischen Firma Damasteel, bietet das Messer eine au\u00dfergew\u00f6hnliche Kombination aus hoher Korrosionsbest\u00e4ndigkeit, exzellenter Schnitthaltigkeit und beeindruckender Z\u00e4higkeit. Dieser Stahl ist ein Favorit unter Kennern, da er nicht nur eine hohe H\u00e4rte aufweist, sondern auch \u00fcber einen hervorragenden Widerstand gegen\u00fcber Abnutzung verf\u00fcgt. Mit einer Rockwellh\u00e4rte von 62 bis 63 HRC garantiert das AK2 eine langlebige, scharfe Schneide, die auch unter anspruchsvollen Bedingungen ihre Sch\u00e4rfe beh\u00e4lt.<\/p>\n<p>Zu jedem AK2 geh\u00f6rt eine passgenaue Kydex-Scheide, die sicheren Schutz und einfaches Handling bietet.<\/p>\n<h3>Produktdaten:<\/h3>\n<ul>\n<li>Klingenform:\u00a0 Drop Point<\/li>\n<li>Klingenstahl: RWL34 von Damasteel<\/li>\n<li>Klingenfinish: Stonewash-Finish f\u00fcr minimal sichtbare Gebrauchsspuren<\/li>\n<li>H\u00e4rte des Stahls: 62-63 HRC<\/li>\n<li>Klingenl\u00e4nge:\u00a0 6,7 cm<\/li>\n<li>Klingenst\u00e4rke: 3,3 mm<\/li>\n<li>Gesamtl\u00e4nge: 15 cm<\/li>\n<li>Gewicht: ca. 39,5 g<\/li>\n<\/ul>\n","protected":false},"excerpt":{"rendered":"<p>Das AK2 stellt das neueste Meisterwerk des renommierten Messermachers Alex Kremer dar und ist zugleich das erste Messer, das vollst\u00e4ndig aus der Daily Knives Produktion hervorgegangen ist. Es kombiniert elegantes, funktionales Design mit kompromissloser Robustheit, die sowohl anspruchsvolle Nutzer als auch Liebhaber des minimalistisch-schlichten Designs begeistern wird. Die Drop-Point-Klinge, die sich seit Jahren gro\u00dfer Beliebtheit [&hellip;]<\/p>\n","protected":false},"featured_media":172999,"comment_status":"open","ping_status":"closed","template":"","meta":{"_acf_changed":false},"product_brand":[],"product_cat":[426],"product_tag":[270,2349,616,2360],"class_list":{"0":"post-172908","1":"product","2":"type-product","3":"status-seo-produkt","4":"has-post-thumbnail","6":"product_cat-unkategorisiert","7":"product_tag-edc","8":"product_tag-neck-knife","9":"product_tag-necki","10":"product_tag-rwl34","12":"first","13":"outofstock","14":"taxable","15":"shipping-taxable","16":"product-type-simple"},"acf":[],"yoast_head":"<!-- This site is optimized with the Yoast SEO plugin v27.1.1 - https:\/\/yoast.com\/product\/yoast-seo-wordpress\/ -->\n<title>Daily Knives AK2 - Reini Rossmann - Survival Shop<\/title>\n<meta name=\"description\" content=\"Das AK2 stellt das neueste Meisterwerk des renommierten Messermachers Alex Kremer dar und ist zugleich das erste Messer, das vollst\u00e4ndig aus der Daily Knives Produktion hervorgegangen ist. Es kombiniert elegantes, funktionales Design mit kompromissloser Robustheit.\" \/>\n<meta name=\"robots\" content=\"index, follow, max-snippet:-1, max-image-preview:large, max-video-preview:-1\" \/>\n<link rel=\"canonical\" href=\"https:\/\/ueberlebenskunst.at\/survivalshop\/shop\/daily-knives-ak2\/\" \/>\n<meta property=\"og:locale\" content=\"de_DE\" \/>\n<meta property=\"og:type\" content=\"article\" \/>\n<meta property=\"og:title\" content=\"Daily Knives AK2 - Reini Rossmann - Survival Shop\" \/>\n<meta property=\"og:description\" content=\"Das AK2 stellt das neueste Meisterwerk des renommierten Messermachers Alex Kremer dar und ist zugleich das erste Messer, das vollst\u00e4ndig aus der Daily Knives Produktion hervorgegangen ist. Es kombiniert elegantes, funktionales Design mit kompromissloser Robustheit.\" \/>\n<meta property=\"og:url\" content=\"https:\/\/ueberlebenskunst.at\/survivalshop\/shop\/daily-knives-ak2\/\" \/>\n<meta property=\"og:site_name\" content=\"Reini Rossmann - Survival Shop\" \/>\n<meta property=\"article:publisher\" content=\"https:\/\/www.facebook.com\/survival24.org\/\" \/>\n<meta property=\"article:modified_time\" content=\"2024-10-10T16:30:37+00:00\" \/>\n<meta property=\"og:image\" content=\"https:\/\/ueberlebenskunst.at\/survivalshop\/wp-content\/uploads\/2024\/09\/AK2.jpg\" \/>\n\t<meta property=\"og:image:width\" content=\"400\" \/>\n\t<meta property=\"og:image:height\" content=\"400\" \/>\n\t<meta property=\"og:image:type\" content=\"image\/jpeg\" \/>\n<meta name=\"twitter:card\" content=\"summary_large_image\" \/>\n<meta name=\"twitter:label1\" content=\"Gesch\u00e4tzte Lesezeit\" \/>\n\t<meta name=\"twitter:data1\" content=\"2\u00a0Minuten\" \/>\n<script type=\"application\/ld+json\" class=\"yoast-schema-graph\">{\"@context\":\"https:\/\/schema.org\",\"@graph\":[{\"@type\":\"WebPage\",\"@id\":\"https:\/\/ueberlebenskunst.at\/survivalshop\/shop\/daily-knives-ak2\/\",\"url\":\"https:\/\/ueberlebenskunst.at\/survivalshop\/shop\/daily-knives-ak2\/\",\"name\":\"Daily Knives AK2 - Reini Rossmann - Survival Shop\",\"isPartOf\":{\"@id\":\"https:\/\/ueberlebenskunst.at\/survivalshop\/#website\"},\"primaryImageOfPage\":{\"@id\":\"https:\/\/ueberlebenskunst.at\/survivalshop\/shop\/daily-knives-ak2\/#primaryimage\"},\"image\":{\"@id\":\"https:\/\/ueberlebenskunst.at\/survivalshop\/shop\/daily-knives-ak2\/#primaryimage\"},\"thumbnailUrl\":\"https:\/\/ueberlebenskunst.at\/survivalshop\/wp-content\/uploads\/2024\/09\/AK2.jpg\",\"datePublished\":\"2024-09-25T05:48:19+00:00\",\"dateModified\":\"2024-10-10T16:30:37+00:00\",\"description\":\"Das AK2 stellt das neueste Meisterwerk des renommierten Messermachers Alex Kremer dar und ist zugleich das erste Messer, das vollst\u00e4ndig aus der Daily Knives Produktion hervorgegangen ist. Es kombiniert elegantes, funktionales Design mit kompromissloser Robustheit.\",\"breadcrumb\":{\"@id\":\"https:\/\/ueberlebenskunst.at\/survivalshop\/shop\/daily-knives-ak2\/#breadcrumb\"},\"inLanguage\":\"de\",\"potentialAction\":[{\"@type\":\"ReadAction\",\"target\":[\"https:\/\/ueberlebenskunst.at\/survivalshop\/shop\/daily-knives-ak2\/\"]}]},{\"@type\":\"ImageObject\",\"inLanguage\":\"de\",\"@id\":\"https:\/\/ueberlebenskunst.at\/survivalshop\/shop\/daily-knives-ak2\/#primaryimage\",\"url\":\"https:\/\/ueberlebenskunst.at\/survivalshop\/wp-content\/uploads\/2024\/09\/AK2.jpg\",\"contentUrl\":\"https:\/\/ueberlebenskunst.at\/survivalshop\/wp-content\/uploads\/2024\/09\/AK2.jpg\",\"width\":400,\"height\":400},{\"@type\":\"BreadcrumbList\",\"@id\":\"https:\/\/ueberlebenskunst.at\/survivalshop\/shop\/daily-knives-ak2\/#breadcrumb\",\"itemListElement\":[{\"@type\":\"ListItem\",\"position\":1,\"name\":\"Startseite\",\"item\":\"https:\/\/ueberlebenskunst.at\/survivalshop\/\"},{\"@type\":\"ListItem\",\"position\":2,\"name\":\"Shop\",\"item\":\"https:\/\/ueberlebenskunst.at\/survivalshop\/shop\/\"},{\"@type\":\"ListItem\",\"position\":3,\"name\":\"Daily Knives AK2\"}]},{\"@type\":\"WebSite\",\"@id\":\"https:\/\/ueberlebenskunst.at\/survivalshop\/#website\",\"url\":\"https:\/\/ueberlebenskunst.at\/survivalshop\/\",\"name\":\"Reini Rossmann - Survival Shop\",\"description\":\"Survival Shop f\u00fcr Survival, Bushcraft und Prepper\",\"potentialAction\":[{\"@type\":\"SearchAction\",\"target\":{\"@type\":\"EntryPoint\",\"urlTemplate\":\"https:\/\/ueberlebenskunst.at\/survivalshop\/?s={search_term_string}\"},\"query-input\":{\"@type\":\"PropertyValueSpecification\",\"valueRequired\":true,\"valueName\":\"search_term_string\"}}],\"inLanguage\":\"de\"}]}<\/script>\n<!-- \/ Yoast SEO plugin. -->","yoast_head_json":{"title":"Daily Knives AK2 - Reini Rossmann - Survival Shop","description":"Das AK2 stellt das neueste Meisterwerk des renommierten Messermachers Alex Kremer dar und ist zugleich das erste Messer, das vollst\u00e4ndig aus der Daily Knives Produktion hervorgegangen ist. Es kombiniert elegantes, funktionales Design mit kompromissloser Robustheit.","robots":{"index":"index","follow":"follow","max-snippet":"max-snippet:-1","max-image-preview":"max-image-preview:large","max-video-preview":"max-video-preview:-1"},"canonical":"https:\/\/ueberlebenskunst.at\/survivalshop\/shop\/daily-knives-ak2\/","og_locale":"de_DE","og_type":"article","og_title":"Daily Knives AK2 - Reini Rossmann - Survival Shop","og_description":"Das AK2 stellt das neueste Meisterwerk des renommierten Messermachers Alex Kremer dar und ist zugleich das erste Messer, das vollst\u00e4ndig aus der Daily Knives Produktion hervorgegangen ist. Es kombiniert elegantes, funktionales Design mit kompromissloser Robustheit.","og_url":"https:\/\/ueberlebenskunst.at\/survivalshop\/shop\/daily-knives-ak2\/","og_site_name":"Reini Rossmann - Survival Shop","article_publisher":"https:\/\/www.facebook.com\/survival24.org\/","article_modified_time":"2024-10-10T16:30:37+00:00","og_image":[{"width":400,"height":400,"url":"https:\/\/ueberlebenskunst.at\/survivalshop\/wp-content\/uploads\/2024\/09\/AK2.jpg","type":"image\/jpeg"}],"twitter_card":"summary_large_image","twitter_misc":{"Gesch\u00e4tzte Lesezeit":"2\u00a0Minuten"},"schema":{"@context":"https:\/\/schema.org","@graph":[{"@type":"WebPage","@id":"https:\/\/ueberlebenskunst.at\/survivalshop\/shop\/daily-knives-ak2\/","url":"https:\/\/ueberlebenskunst.at\/survivalshop\/shop\/daily-knives-ak2\/","name":"Daily Knives AK2 - Reini Rossmann - Survival Shop","isPartOf":{"@id":"https:\/\/ueberlebenskunst.at\/survivalshop\/#website"},"primaryImageOfPage":{"@id":"https:\/\/ueberlebenskunst.at\/survivalshop\/shop\/daily-knives-ak2\/#primaryimage"},"image":{"@id":"https:\/\/ueberlebenskunst.at\/survivalshop\/shop\/daily-knives-ak2\/#primaryimage"},"thumbnailUrl":"https:\/\/ueberlebenskunst.at\/survivalshop\/wp-content\/uploads\/2024\/09\/AK2.jpg","datePublished":"2024-09-25T05:48:19+00:00","dateModified":"2024-10-10T16:30:37+00:00","description":"Das AK2 stellt das neueste Meisterwerk des renommierten Messermachers Alex Kremer dar und ist zugleich das erste Messer, das vollst\u00e4ndig aus der Daily Knives Produktion hervorgegangen ist. Es kombiniert elegantes, funktionales Design mit kompromissloser Robustheit.","breadcrumb":{"@id":"https:\/\/ueberlebenskunst.at\/survivalshop\/shop\/daily-knives-ak2\/#breadcrumb"},"inLanguage":"de","potentialAction":[{"@type":"ReadAction","target":["https:\/\/ueberlebenskunst.at\/survivalshop\/shop\/daily-knives-ak2\/"]}]},{"@type":"ImageObject","inLanguage":"de","@id":"https:\/\/ueberlebenskunst.at\/survivalshop\/shop\/daily-knives-ak2\/#primaryimage","url":"https:\/\/ueberlebenskunst.at\/survivalshop\/wp-content\/uploads\/2024\/09\/AK2.jpg","contentUrl":"https:\/\/ueberlebenskunst.at\/survivalshop\/wp-content\/uploads\/2024\/09\/AK2.jpg","width":400,"height":400},{"@type":"BreadcrumbList","@id":"https:\/\/ueberlebenskunst.at\/survivalshop\/shop\/daily-knives-ak2\/#breadcrumb","itemListElement":[{"@type":"ListItem","position":1,"name":"Startseite","item":"https:\/\/ueberlebenskunst.at\/survivalshop\/"},{"@type":"ListItem","position":2,"name":"Shop","item":"https:\/\/ueberlebenskunst.at\/survivalshop\/shop\/"},{"@type":"ListItem","position":3,"name":"Daily Knives AK2"}]},{"@type":"WebSite","@id":"https:\/\/ueberlebenskunst.at\/survivalshop\/#website","url":"https:\/\/ueberlebenskunst.at\/survivalshop\/","name":"Reini Rossmann - Survival Shop","description":"Survival Shop f\u00fcr Survival, Bushcraft und Prepper","potentialAction":[{"@type":"SearchAction","target":{"@type":"EntryPoint","urlTemplate":"https:\/\/ueberlebenskunst.at\/survivalshop\/?s={search_term_string}"},"query-input":{"@type":"PropertyValueSpecification","valueRequired":true,"valueName":"search_term_string"}}],"inLanguage":"de"}]}},"_links":{"self":[{"href":"https:\/\/ueberlebenskunst.at\/survivalshop\/wp-json\/wp\/v2\/product\/172908","targetHints":{"allow":["GET"]}}],"collection":[{"href":"https:\/\/ueberlebenskunst.at\/survivalshop\/wp-json\/wp\/v2\/product"}],"about":[{"href":"https:\/\/ueberlebenskunst.at\/survivalshop\/wp-json\/wp\/v2\/types\/product"}],"replies":[{"embeddable":true,"href":"https:\/\/ueberlebenskunst.at\/survivalshop\/wp-json\/wp\/v2\/comments?post=172908"}],"wp:featuredmedia":[{"embeddable":true,"href":"https:\/\/ueberlebenskunst.at\/survivalshop\/wp-json\/wp\/v2\/media\/172999"}],"wp:attachment":[{"href":"https:\/\/ueberlebenskunst.at\/survivalshop\/wp-json\/wp\/v2\/media?parent=172908"}],"wp:term":[{"taxonomy":"product_brand","embeddable":true,"href":"https:\/\/ueberlebenskunst.at\/survivalshop\/wp-json\/wp\/v2\/product_brand?post=172908"},{"taxonomy":"product_cat","embeddable":true,"href":"https:\/\/ueberlebenskunst.at\/survivalshop\/wp-json\/wp\/v2\/product_cat?post=172908"},{"taxonomy":"product_tag","embeddable":true,"href":"https:\/\/ueberlebenskunst.at\/survivalshop\/wp-json\/wp\/v2\/product_tag?post=172908"}],"curies":[{"name":"wp","href":"https:\/\/api.w.org\/{rel}","templated":true}]}}