{"id":172778,"date":"2024-09-23T10:30:48","date_gmt":"2024-09-23T08:30:48","guid":{"rendered":"https:\/\/ueberlebenskunst.at\/survivalshop\/?post_type=product&#038;p=172778"},"modified":"2026-04-24T09:25:15","modified_gmt":"2026-04-24T07:25:15","slug":"m10-picatinny-verlaengerung","status":"publish","type":"product","link":"https:\/\/ueberlebenskunst.at\/survivalshop\/shop\/m10-picatinny-verlaengerung\/","title":{"rendered":"M10 Picatinny Verl\u00e4ngerung"},"content":{"rendered":"<p>Dieses Produkt von Reini Rossmann ist die ideale Erweiterung f\u00fcr Armbrustsch\u00fctzen, die ihren M10 Upper oder die M10 Armbrust mit einem Leuchtpunktvisier f\u00fcr pr\u00e4zise Sch\u00fcsse auf gr\u00f6\u00dfere Distanzen ausstatten m\u00f6chten. Warum ist diese Picatinny- Verl\u00e4ngerung unverzichtbar? Dank der integrierten Neigung von 2,3 bzw. 3 Grad lassen sich weiter entfernte Ziele leichter treffen. Zudem erm\u00f6glicht die verl\u00e4ngerte Picatinny-Schiene die Montage auch gr\u00f6\u00dferer Reflexvisiere. Die Schiene hat eine L\u00e4nge von ca. 102 mm.<\/p>\n<p>Die M10 Picatinny Verl\u00e4ngerung wird mit den im Lieferumfang des M10 Upper enthaltenen Originalschrauben montiert.<\/p>\n<h3>Lieferumfang Ausf\u00fchrung &#8211; 2,3 Grad:<\/h3>\n<ul>\n<li>1 Stk. Picatinny Schienen &#8211; Verl\u00e4ngerung\u00a0 mit 2,3 Grad<\/li>\n<\/ul>\n<h3>Lieferumfang Ausf\u00fchrung &#8211; 3 Grad:<\/h3>\n<ul>\n<li>1 Stk. Picatinny Schienen &#8211; Verl\u00e4ngerung mit 3,0 Grad<\/li>\n<\/ul>\n<h3>Bedienungs- &amp; Pflegeanleitung:<\/h3>\n<ul>\n<li>Die Reinigung mit Wasser und Seife ist m\u00f6glich.<\/li>\n<li>Du solltest die Steckscheide nicht direkt in die N\u00e4he von Feuer oder anderen Hitzequellen legen!<\/li>\n<li>Wird deine Steckscheide \u00fcber l\u00e4ngere Zeit sehr kalten Temperaturen unter 0 \u00b0C ausgesetzt, solltest du<br \/>\nin dem Moment darauf achten, dass keine starken Belastungen darauf einwirken.<\/li>\n<\/ul>\n<p>Unsere Produkte sind nicht f\u00fcr Kinder unter 3 Jahren geeignet. Es besteht Verschluckungsgefahr.<\/p>\n<p><a href=\"https:\/\/ueberlebenskunst.at\/survivalshop\/wp-content\/uploads\/2021\/11\/Logo_Kinder.png\"><img decoding=\"async\" class=\"alignnone wp-image-179571\" src=\"https:\/\/ueberlebenskunst.at\/survivalshop\/wp-content\/uploads\/2021\/11\/Logo_Kinder-300x126.png\" alt=\"\" width=\"236\" height=\"99\" srcset=\"https:\/\/ueberlebenskunst.at\/survivalshop\/wp-content\/uploads\/2021\/11\/Logo_Kinder-300x126.png 300w, https:\/\/ueberlebenskunst.at\/survivalshop\/wp-content\/uploads\/2021\/11\/Logo_Kinder-64x27.png 64w, https:\/\/ueberlebenskunst.at\/survivalshop\/wp-content\/uploads\/2021\/11\/Logo_Kinder.png 401w\" sizes=\"(max-width: 236px) 100vw, 236px\" \/><\/a><\/p>\n<p>Du willst das Produkt in einer anderen Farbe? Schick uns eine E-Mail an shop@ueberlebenskunst.at und wir pr\u00fcfen, ob dein Farbwunsch m\u00f6glich ist.<\/p>\n","protected":false},"excerpt":{"rendered":"<p>Dieses Produkt von Reini Rossmann ist die ideale Erweiterung f\u00fcr Armbrustsch\u00fctzen, die ihren M10 Upper oder die M10 Armbrust mit einem Leuchtpunktvisier f\u00fcr pr\u00e4zise Sch\u00fcsse auf gr\u00f6\u00dfere Distanzen ausstatten m\u00f6chten. Warum ist diese Picatinny- Verl\u00e4ngerung unverzichtbar? Dank der integrierten Neigung von 2,3 bzw. 3 Grad lassen sich weiter entfernte Ziele leichter treffen. Zudem erm\u00f6glicht die [&hellip;]<\/p>\n","protected":false},"featured_media":176103,"comment_status":"open","ping_status":"closed","template":"","meta":{"_acf_changed":false},"product_brand":[],"product_cat":[1768],"product_tag":[2196,2305],"class_list":{"0":"post-172778","1":"product","2":"type-product","3":"status-publish","4":"has-post-thumbnail","6":"product_cat-steambow-stinger","7":"product_tag-m10","8":"product_tag-m10-upgrade-kit","10":"first","11":"instock","12":"taxable","13":"shipping-taxable","14":"purchasable","15":"product-type-variable","16":"has-default-attributes"},"acf":[],"yoast_head":"<!-- This site is optimized with the Yoast SEO plugin v27.1.1 - https:\/\/yoast.com\/product\/yoast-seo-wordpress\/ -->\n<title>M10 Picatinny Verl\u00e4ngerung<\/title>\n<meta name=\"description\" content=\"Das M10 Upper Kit von Reini Rossmann erm\u00f6glicht mit 2,3 bzw. 3 Grad Neigung pr\u00e4zise Sch\u00fcsse mit Viesier auf weite Distanzen.\" \/>\n<meta name=\"robots\" content=\"index, follow, max-snippet:-1, max-image-preview:large, max-video-preview:-1\" \/>\n<link rel=\"canonical\" href=\"https:\/\/ueberlebenskunst.at\/survivalshop\/shop\/m10-picatinny-verlaengerung\/\" \/>\n<meta property=\"og:locale\" content=\"de_DE\" \/>\n<meta property=\"og:type\" content=\"article\" \/>\n<meta property=\"og:title\" content=\"M10 Picatinny Verl\u00e4ngerung\" \/>\n<meta property=\"og:description\" content=\"Das M10 Upper Kit von Reini Rossmann erm\u00f6glicht mit 2,3 bzw. 3 Grad Neigung pr\u00e4zise Sch\u00fcsse mit Viesier auf weite Distanzen.\" \/>\n<meta property=\"og:url\" content=\"https:\/\/ueberlebenskunst.at\/survivalshop\/shop\/m10-picatinny-verlaengerung\/\" \/>\n<meta property=\"og:site_name\" content=\"Reini Rossmann - Survival Shop\" \/>\n<meta property=\"article:publisher\" content=\"https:\/\/www.facebook.com\/survival24.org\/\" \/>\n<meta property=\"article:modified_time\" content=\"2026-04-24T07:25:15+00:00\" \/>\n<meta property=\"og:image\" content=\"https:\/\/ueberlebenskunst.at\/survivalshop\/wp-content\/uploads\/2024\/09\/M10_Picatinny_Verlaengerung_M10_PicVer2_sk.jpg\" \/>\n\t<meta property=\"og:image:width\" content=\"400\" \/>\n\t<meta property=\"og:image:height\" content=\"400\" \/>\n\t<meta property=\"og:image:type\" content=\"image\/jpeg\" \/>\n<meta name=\"twitter:card\" content=\"summary_large_image\" \/>\n<meta name=\"twitter:label1\" content=\"Gesch\u00e4tzte Lesezeit\" \/>\n\t<meta name=\"twitter:data1\" content=\"2\u00a0Minuten\" \/>\n<script type=\"application\/ld+json\" class=\"yoast-schema-graph\">{\"@context\":\"https:\/\/schema.org\",\"@graph\":[{\"@type\":\"WebPage\",\"@id\":\"https:\/\/ueberlebenskunst.at\/survivalshop\/shop\/m10-picatinny-verlaengerung\/\",\"url\":\"https:\/\/ueberlebenskunst.at\/survivalshop\/shop\/m10-picatinny-verlaengerung\/\",\"name\":\"M10 Picatinny Verl\u00e4ngerung\",\"isPartOf\":{\"@id\":\"https:\/\/ueberlebenskunst.at\/survivalshop\/#website\"},\"primaryImageOfPage\":{\"@id\":\"https:\/\/ueberlebenskunst.at\/survivalshop\/shop\/m10-picatinny-verlaengerung\/#primaryimage\"},\"image\":{\"@id\":\"https:\/\/ueberlebenskunst.at\/survivalshop\/shop\/m10-picatinny-verlaengerung\/#primaryimage\"},\"thumbnailUrl\":\"https:\/\/ueberlebenskunst.at\/survivalshop\/wp-content\/uploads\/2024\/09\/M10_Picatinny_Verlaengerung_M10_PicVer2_sk.jpg\",\"datePublished\":\"2024-09-23T08:30:48+00:00\",\"dateModified\":\"2026-04-24T07:25:15+00:00\",\"description\":\"Das M10 Upper Kit von Reini Rossmann erm\u00f6glicht mit 2,3 bzw. 3 Grad Neigung pr\u00e4zise Sch\u00fcsse mit Viesier auf weite Distanzen.\",\"breadcrumb\":{\"@id\":\"https:\/\/ueberlebenskunst.at\/survivalshop\/shop\/m10-picatinny-verlaengerung\/#breadcrumb\"},\"inLanguage\":\"de\",\"potentialAction\":[{\"@type\":\"ReadAction\",\"target\":[\"https:\/\/ueberlebenskunst.at\/survivalshop\/shop\/m10-picatinny-verlaengerung\/\"]}]},{\"@type\":\"ImageObject\",\"inLanguage\":\"de\",\"@id\":\"https:\/\/ueberlebenskunst.at\/survivalshop\/shop\/m10-picatinny-verlaengerung\/#primaryimage\",\"url\":\"https:\/\/ueberlebenskunst.at\/survivalshop\/wp-content\/uploads\/2024\/09\/M10_Picatinny_Verlaengerung_M10_PicVer2_sk.jpg\",\"contentUrl\":\"https:\/\/ueberlebenskunst.at\/survivalshop\/wp-content\/uploads\/2024\/09\/M10_Picatinny_Verlaengerung_M10_PicVer2_sk.jpg\",\"width\":400,\"height\":400},{\"@type\":\"BreadcrumbList\",\"@id\":\"https:\/\/ueberlebenskunst.at\/survivalshop\/shop\/m10-picatinny-verlaengerung\/#breadcrumb\",\"itemListElement\":[{\"@type\":\"ListItem\",\"position\":1,\"name\":\"Startseite\",\"item\":\"https:\/\/ueberlebenskunst.at\/survivalshop\/\"},{\"@type\":\"ListItem\",\"position\":2,\"name\":\"Shop\",\"item\":\"https:\/\/ueberlebenskunst.at\/survivalshop\/shop\/\"},{\"@type\":\"ListItem\",\"position\":3,\"name\":\"M10 Picatinny Verl\u00e4ngerung\"}]},{\"@type\":\"WebSite\",\"@id\":\"https:\/\/ueberlebenskunst.at\/survivalshop\/#website\",\"url\":\"https:\/\/ueberlebenskunst.at\/survivalshop\/\",\"name\":\"Reini Rossmann - Survival Shop\",\"description\":\"Survival Shop f\u00fcr Survival, Bushcraft und Prepper\",\"potentialAction\":[{\"@type\":\"SearchAction\",\"target\":{\"@type\":\"EntryPoint\",\"urlTemplate\":\"https:\/\/ueberlebenskunst.at\/survivalshop\/?s={search_term_string}\"},\"query-input\":{\"@type\":\"PropertyValueSpecification\",\"valueRequired\":true,\"valueName\":\"search_term_string\"}}],\"inLanguage\":\"de\"}]}<\/script>\n<!-- \/ Yoast SEO plugin. -->","yoast_head_json":{"title":"M10 Picatinny Verl\u00e4ngerung","description":"Das M10 Upper Kit von Reini Rossmann erm\u00f6glicht mit 2,3 bzw. 3 Grad Neigung pr\u00e4zise Sch\u00fcsse mit Viesier auf weite Distanzen.","robots":{"index":"index","follow":"follow","max-snippet":"max-snippet:-1","max-image-preview":"max-image-preview:large","max-video-preview":"max-video-preview:-1"},"canonical":"https:\/\/ueberlebenskunst.at\/survivalshop\/shop\/m10-picatinny-verlaengerung\/","og_locale":"de_DE","og_type":"article","og_title":"M10 Picatinny Verl\u00e4ngerung","og_description":"Das M10 Upper Kit von Reini Rossmann erm\u00f6glicht mit 2,3 bzw. 3 Grad Neigung pr\u00e4zise Sch\u00fcsse mit Viesier auf weite Distanzen.","og_url":"https:\/\/ueberlebenskunst.at\/survivalshop\/shop\/m10-picatinny-verlaengerung\/","og_site_name":"Reini Rossmann - Survival Shop","article_publisher":"https:\/\/www.facebook.com\/survival24.org\/","article_modified_time":"2026-04-24T07:25:15+00:00","og_image":[{"width":400,"height":400,"url":"https:\/\/ueberlebenskunst.at\/survivalshop\/wp-content\/uploads\/2024\/09\/M10_Picatinny_Verlaengerung_M10_PicVer2_sk.jpg","type":"image\/jpeg"}],"twitter_card":"summary_large_image","twitter_misc":{"Gesch\u00e4tzte Lesezeit":"2\u00a0Minuten"},"schema":{"@context":"https:\/\/schema.org","@graph":[{"@type":"WebPage","@id":"https:\/\/ueberlebenskunst.at\/survivalshop\/shop\/m10-picatinny-verlaengerung\/","url":"https:\/\/ueberlebenskunst.at\/survivalshop\/shop\/m10-picatinny-verlaengerung\/","name":"M10 Picatinny Verl\u00e4ngerung","isPartOf":{"@id":"https:\/\/ueberlebenskunst.at\/survivalshop\/#website"},"primaryImageOfPage":{"@id":"https:\/\/ueberlebenskunst.at\/survivalshop\/shop\/m10-picatinny-verlaengerung\/#primaryimage"},"image":{"@id":"https:\/\/ueberlebenskunst.at\/survivalshop\/shop\/m10-picatinny-verlaengerung\/#primaryimage"},"thumbnailUrl":"https:\/\/ueberlebenskunst.at\/survivalshop\/wp-content\/uploads\/2024\/09\/M10_Picatinny_Verlaengerung_M10_PicVer2_sk.jpg","datePublished":"2024-09-23T08:30:48+00:00","dateModified":"2026-04-24T07:25:15+00:00","description":"Das M10 Upper Kit von Reini Rossmann erm\u00f6glicht mit 2,3 bzw. 3 Grad Neigung pr\u00e4zise Sch\u00fcsse mit Viesier auf weite Distanzen.","breadcrumb":{"@id":"https:\/\/ueberlebenskunst.at\/survivalshop\/shop\/m10-picatinny-verlaengerung\/#breadcrumb"},"inLanguage":"de","potentialAction":[{"@type":"ReadAction","target":["https:\/\/ueberlebenskunst.at\/survivalshop\/shop\/m10-picatinny-verlaengerung\/"]}]},{"@type":"ImageObject","inLanguage":"de","@id":"https:\/\/ueberlebenskunst.at\/survivalshop\/shop\/m10-picatinny-verlaengerung\/#primaryimage","url":"https:\/\/ueberlebenskunst.at\/survivalshop\/wp-content\/uploads\/2024\/09\/M10_Picatinny_Verlaengerung_M10_PicVer2_sk.jpg","contentUrl":"https:\/\/ueberlebenskunst.at\/survivalshop\/wp-content\/uploads\/2024\/09\/M10_Picatinny_Verlaengerung_M10_PicVer2_sk.jpg","width":400,"height":400},{"@type":"BreadcrumbList","@id":"https:\/\/ueberlebenskunst.at\/survivalshop\/shop\/m10-picatinny-verlaengerung\/#breadcrumb","itemListElement":[{"@type":"ListItem","position":1,"name":"Startseite","item":"https:\/\/ueberlebenskunst.at\/survivalshop\/"},{"@type":"ListItem","position":2,"name":"Shop","item":"https:\/\/ueberlebenskunst.at\/survivalshop\/shop\/"},{"@type":"ListItem","position":3,"name":"M10 Picatinny Verl\u00e4ngerung"}]},{"@type":"WebSite","@id":"https:\/\/ueberlebenskunst.at\/survivalshop\/#website","url":"https:\/\/ueberlebenskunst.at\/survivalshop\/","name":"Reini Rossmann - Survival Shop","description":"Survival Shop f\u00fcr Survival, Bushcraft und Prepper","potentialAction":[{"@type":"SearchAction","target":{"@type":"EntryPoint","urlTemplate":"https:\/\/ueberlebenskunst.at\/survivalshop\/?s={search_term_string}"},"query-input":{"@type":"PropertyValueSpecification","valueRequired":true,"valueName":"search_term_string"}}],"inLanguage":"de"}]}},"_links":{"self":[{"href":"https:\/\/ueberlebenskunst.at\/survivalshop\/wp-json\/wp\/v2\/product\/172778","targetHints":{"allow":["GET"]}}],"collection":[{"href":"https:\/\/ueberlebenskunst.at\/survivalshop\/wp-json\/wp\/v2\/product"}],"about":[{"href":"https:\/\/ueberlebenskunst.at\/survivalshop\/wp-json\/wp\/v2\/types\/product"}],"replies":[{"embeddable":true,"href":"https:\/\/ueberlebenskunst.at\/survivalshop\/wp-json\/wp\/v2\/comments?post=172778"}],"wp:featuredmedia":[{"embeddable":true,"href":"https:\/\/ueberlebenskunst.at\/survivalshop\/wp-json\/wp\/v2\/media\/176103"}],"wp:attachment":[{"href":"https:\/\/ueberlebenskunst.at\/survivalshop\/wp-json\/wp\/v2\/media?parent=172778"}],"wp:term":[{"taxonomy":"product_brand","embeddable":true,"href":"https:\/\/ueberlebenskunst.at\/survivalshop\/wp-json\/wp\/v2\/product_brand?post=172778"},{"taxonomy":"product_cat","embeddable":true,"href":"https:\/\/ueberlebenskunst.at\/survivalshop\/wp-json\/wp\/v2\/product_cat?post=172778"},{"taxonomy":"product_tag","embeddable":true,"href":"https:\/\/ueberlebenskunst.at\/survivalshop\/wp-json\/wp\/v2\/product_tag?post=172778"}],"curies":[{"name":"wp","href":"https:\/\/api.w.org\/{rel}","templated":true}]}}