{"id":172311,"date":"2024-09-12T10:12:59","date_gmt":"2024-09-12T08:12:59","guid":{"rendered":"https:\/\/ueberlebenskunst.at\/survivalshop\/?post_type=product&#038;p=172311"},"modified":"2026-04-17T16:47:24","modified_gmt":"2026-04-17T14:47:24","slug":"ek-archery-ersatzsehne-fuer-revo-7-wurfarm-120-lbs","status":"publish","type":"product","link":"https:\/\/ueberlebenskunst.at\/survivalshop\/shop\/ek-archery-ersatzsehne-fuer-revo-7-wurfarm-120-lbs\/","title":{"rendered":"EK Archery Ersatzsehne f\u00fcr REVO 7 Wurfarm 120 lbs"},"content":{"rendered":"<p>Diese Sehne ist f\u00fcr den REVO 7 Wurfarm 120 lbs konzipiert worden.<\/p>\n<p><strong>Lieferumfang:<\/strong> 1 St\u00fcck Sehne<\/p>\n<p>(Bei dem Foto handelt es sich um ein Symbolfoto. Die Ware, die du erh\u00e4ltst, kann optisch abweichen.)<\/p>\n<h3>Produktempfehlung (extra zu ordern):<\/h3>\n<ul>\n<li><a href=\"https:\/\/ueberlebenskunst.at\/survivalshop\/shop\/ek-archery-revo-7-pistolenarmbrust\/\" target=\"_blank\" rel=\"noopener\">EK Archery REVO 7 Pistolenarmbrust<\/a><\/li>\n<li><a href=\"https:\/\/ueberlebenskunst.at\/survivalshop\/shop\/ek-archery-revo-7-wurfarm\/\" target=\"_blank\" rel=\"noopener\">Wurfarm 120 lbs<\/a><\/li>\n<li><a href=\"https:\/\/ueberlebenskunst.at\/survivalshop\/shop\/ek-archery-revo-7-pfeile\/\" target=\"_blank\" rel=\"noopener\">Pfeile f\u00fcr REVO 7<\/a><\/li>\n<li><a href=\"https:\/\/ueberlebenskunst.at\/survivalshop\/shop\/ek-target-set-revo-7\/\" target=\"_blank\" rel=\"noopener\">EK Target Set REVO 7<\/a><\/li>\n<li><a href=\"https:\/\/ueberlebenskunst.at\/survivalshop\/shop\/ek-archery-revo-7-transport-tasche\/\" target=\"_blank\" rel=\"noopener\">EK Archery REVO 7 Transport-Tasche<\/a><\/li>\n<\/ul>\n","protected":false},"excerpt":{"rendered":"<p>Diese Sehne ist f\u00fcr den REVO 7 Wurfarm 120 lbs konzipiert worden. Lieferumfang: 1 St\u00fcck Sehne (Bei dem Foto handelt es sich um ein Symbolfoto. Die Ware, die du erh\u00e4ltst, kann optisch abweichen.) Produktempfehlung (extra zu ordern): EK Archery REVO 7 Pistolenarmbrust Wurfarm 120 lbs Pfeile f\u00fcr REVO 7 EK Target Set REVO 7 EK [&hellip;]<\/p>\n","protected":false},"featured_media":172313,"comment_status":"open","ping_status":"closed","template":"","meta":{"_acf_changed":false},"product_brand":[],"product_cat":[2332,1925],"product_tag":[2333],"class_list":{"0":"post-172311","1":"product","2":"type-product","3":"status-publish","4":"has-post-thumbnail","6":"product_cat-ek-archery-revo-7","7":"product_cat-sehne","8":"product_tag-revo-7","10":"first","11":"instock","12":"taxable","13":"shipping-taxable","14":"purchasable","15":"product-type-variable","16":"has-default-attributes"},"acf":[],"yoast_head":"<!-- This site is optimized with the Yoast SEO plugin v27.1.1 - https:\/\/yoast.com\/product\/yoast-seo-wordpress\/ -->\n<title>EK Archery Ersatzsehne f\u00fcr REVO 7 Wurfarm 120 lbs - Reini Rossmann - Survival Shop<\/title>\n<meta name=\"robots\" content=\"index, follow, max-snippet:-1, max-image-preview:large, max-video-preview:-1\" \/>\n<link rel=\"canonical\" href=\"https:\/\/ueberlebenskunst.at\/survivalshop\/shop\/ek-archery-ersatzsehne-fuer-revo-7-wurfarm-120-lbs\/\" \/>\n<meta property=\"og:locale\" content=\"de_DE\" \/>\n<meta property=\"og:type\" content=\"article\" \/>\n<meta property=\"og:title\" content=\"EK Archery Ersatzsehne f\u00fcr REVO 7 Wurfarm 120 lbs - Reini Rossmann - Survival Shop\" \/>\n<meta property=\"og:description\" content=\"Diese Sehne ist f\u00fcr den REVO 7 Wurfarm 120 lbs konzipiert worden. Lieferumfang: 1 St\u00fcck Sehne (Bei dem Foto handelt es sich um ein Symbolfoto. Die Ware, die du erh\u00e4ltst, kann optisch abweichen.) Produktempfehlung (extra zu ordern): EK Archery REVO 7 Pistolenarmbrust Wurfarm 120 lbs Pfeile f\u00fcr REVO 7 EK Target Set REVO 7 EK [&hellip;]\" \/>\n<meta property=\"og:url\" content=\"https:\/\/ueberlebenskunst.at\/survivalshop\/shop\/ek-archery-ersatzsehne-fuer-revo-7-wurfarm-120-lbs\/\" \/>\n<meta property=\"og:site_name\" content=\"Reini Rossmann - Survival Shop\" \/>\n<meta property=\"article:publisher\" content=\"https:\/\/www.facebook.com\/survival24.org\/\" \/>\n<meta property=\"article:modified_time\" content=\"2026-04-17T14:47:24+00:00\" \/>\n<meta property=\"og:image\" content=\"https:\/\/ueberlebenskunst.at\/survivalshop\/wp-content\/uploads\/2024\/09\/String.jpg\" \/>\n\t<meta property=\"og:image:width\" content=\"400\" \/>\n\t<meta property=\"og:image:height\" content=\"396\" \/>\n\t<meta property=\"og:image:type\" content=\"image\/jpeg\" \/>\n<meta name=\"twitter:card\" content=\"summary_large_image\" \/>\n<meta name=\"twitter:label1\" content=\"Gesch\u00e4tzte Lesezeit\" \/>\n\t<meta name=\"twitter:data1\" content=\"1\u00a0Minute\" \/>\n<script type=\"application\/ld+json\" class=\"yoast-schema-graph\">{\"@context\":\"https:\/\/schema.org\",\"@graph\":[{\"@type\":\"WebPage\",\"@id\":\"https:\/\/ueberlebenskunst.at\/survivalshop\/shop\/ek-archery-ersatzsehne-fuer-revo-7-wurfarm-120-lbs\/\",\"url\":\"https:\/\/ueberlebenskunst.at\/survivalshop\/shop\/ek-archery-ersatzsehne-fuer-revo-7-wurfarm-120-lbs\/\",\"name\":\"EK Archery Ersatzsehne f\u00fcr REVO 7 Wurfarm 120 lbs - Reini Rossmann - Survival Shop\",\"isPartOf\":{\"@id\":\"https:\/\/ueberlebenskunst.at\/survivalshop\/#website\"},\"primaryImageOfPage\":{\"@id\":\"https:\/\/ueberlebenskunst.at\/survivalshop\/shop\/ek-archery-ersatzsehne-fuer-revo-7-wurfarm-120-lbs\/#primaryimage\"},\"image\":{\"@id\":\"https:\/\/ueberlebenskunst.at\/survivalshop\/shop\/ek-archery-ersatzsehne-fuer-revo-7-wurfarm-120-lbs\/#primaryimage\"},\"thumbnailUrl\":\"https:\/\/ueberlebenskunst.at\/survivalshop\/wp-content\/uploads\/2024\/09\/String.jpg\",\"datePublished\":\"2024-09-12T08:12:59+00:00\",\"dateModified\":\"2026-04-17T14:47:24+00:00\",\"breadcrumb\":{\"@id\":\"https:\/\/ueberlebenskunst.at\/survivalshop\/shop\/ek-archery-ersatzsehne-fuer-revo-7-wurfarm-120-lbs\/#breadcrumb\"},\"inLanguage\":\"de\",\"potentialAction\":[{\"@type\":\"ReadAction\",\"target\":[\"https:\/\/ueberlebenskunst.at\/survivalshop\/shop\/ek-archery-ersatzsehne-fuer-revo-7-wurfarm-120-lbs\/\"]}]},{\"@type\":\"ImageObject\",\"inLanguage\":\"de\",\"@id\":\"https:\/\/ueberlebenskunst.at\/survivalshop\/shop\/ek-archery-ersatzsehne-fuer-revo-7-wurfarm-120-lbs\/#primaryimage\",\"url\":\"https:\/\/ueberlebenskunst.at\/survivalshop\/wp-content\/uploads\/2024\/09\/String.jpg\",\"contentUrl\":\"https:\/\/ueberlebenskunst.at\/survivalshop\/wp-content\/uploads\/2024\/09\/String.jpg\",\"width\":400,\"height\":396},{\"@type\":\"BreadcrumbList\",\"@id\":\"https:\/\/ueberlebenskunst.at\/survivalshop\/shop\/ek-archery-ersatzsehne-fuer-revo-7-wurfarm-120-lbs\/#breadcrumb\",\"itemListElement\":[{\"@type\":\"ListItem\",\"position\":1,\"name\":\"Startseite\",\"item\":\"https:\/\/ueberlebenskunst.at\/survivalshop\/\"},{\"@type\":\"ListItem\",\"position\":2,\"name\":\"Shop\",\"item\":\"https:\/\/ueberlebenskunst.at\/survivalshop\/shop\/\"},{\"@type\":\"ListItem\",\"position\":3,\"name\":\"EK Archery Ersatzsehne f\u00fcr REVO 7 Wurfarm 120 lbs\"}]},{\"@type\":\"WebSite\",\"@id\":\"https:\/\/ueberlebenskunst.at\/survivalshop\/#website\",\"url\":\"https:\/\/ueberlebenskunst.at\/survivalshop\/\",\"name\":\"Reini Rossmann - Survival Shop\",\"description\":\"Survival Shop f\u00fcr Survival, Bushcraft und Prepper\",\"potentialAction\":[{\"@type\":\"SearchAction\",\"target\":{\"@type\":\"EntryPoint\",\"urlTemplate\":\"https:\/\/ueberlebenskunst.at\/survivalshop\/?s={search_term_string}\"},\"query-input\":{\"@type\":\"PropertyValueSpecification\",\"valueRequired\":true,\"valueName\":\"search_term_string\"}}],\"inLanguage\":\"de\"}]}<\/script>\n<!-- \/ Yoast SEO plugin. -->","yoast_head_json":{"title":"EK Archery Ersatzsehne f\u00fcr REVO 7 Wurfarm 120 lbs - Reini Rossmann - Survival Shop","robots":{"index":"index","follow":"follow","max-snippet":"max-snippet:-1","max-image-preview":"max-image-preview:large","max-video-preview":"max-video-preview:-1"},"canonical":"https:\/\/ueberlebenskunst.at\/survivalshop\/shop\/ek-archery-ersatzsehne-fuer-revo-7-wurfarm-120-lbs\/","og_locale":"de_DE","og_type":"article","og_title":"EK Archery Ersatzsehne f\u00fcr REVO 7 Wurfarm 120 lbs - Reini Rossmann - Survival Shop","og_description":"Diese Sehne ist f\u00fcr den REVO 7 Wurfarm 120 lbs konzipiert worden. Lieferumfang: 1 St\u00fcck Sehne (Bei dem Foto handelt es sich um ein Symbolfoto. Die Ware, die du erh\u00e4ltst, kann optisch abweichen.) Produktempfehlung (extra zu ordern): EK Archery REVO 7 Pistolenarmbrust Wurfarm 120 lbs Pfeile f\u00fcr REVO 7 EK Target Set REVO 7 EK [&hellip;]","og_url":"https:\/\/ueberlebenskunst.at\/survivalshop\/shop\/ek-archery-ersatzsehne-fuer-revo-7-wurfarm-120-lbs\/","og_site_name":"Reini Rossmann - Survival Shop","article_publisher":"https:\/\/www.facebook.com\/survival24.org\/","article_modified_time":"2026-04-17T14:47:24+00:00","og_image":[{"width":400,"height":396,"url":"https:\/\/ueberlebenskunst.at\/survivalshop\/wp-content\/uploads\/2024\/09\/String.jpg","type":"image\/jpeg"}],"twitter_card":"summary_large_image","twitter_misc":{"Gesch\u00e4tzte Lesezeit":"1\u00a0Minute"},"schema":{"@context":"https:\/\/schema.org","@graph":[{"@type":"WebPage","@id":"https:\/\/ueberlebenskunst.at\/survivalshop\/shop\/ek-archery-ersatzsehne-fuer-revo-7-wurfarm-120-lbs\/","url":"https:\/\/ueberlebenskunst.at\/survivalshop\/shop\/ek-archery-ersatzsehne-fuer-revo-7-wurfarm-120-lbs\/","name":"EK Archery Ersatzsehne f\u00fcr REVO 7 Wurfarm 120 lbs - Reini Rossmann - Survival Shop","isPartOf":{"@id":"https:\/\/ueberlebenskunst.at\/survivalshop\/#website"},"primaryImageOfPage":{"@id":"https:\/\/ueberlebenskunst.at\/survivalshop\/shop\/ek-archery-ersatzsehne-fuer-revo-7-wurfarm-120-lbs\/#primaryimage"},"image":{"@id":"https:\/\/ueberlebenskunst.at\/survivalshop\/shop\/ek-archery-ersatzsehne-fuer-revo-7-wurfarm-120-lbs\/#primaryimage"},"thumbnailUrl":"https:\/\/ueberlebenskunst.at\/survivalshop\/wp-content\/uploads\/2024\/09\/String.jpg","datePublished":"2024-09-12T08:12:59+00:00","dateModified":"2026-04-17T14:47:24+00:00","breadcrumb":{"@id":"https:\/\/ueberlebenskunst.at\/survivalshop\/shop\/ek-archery-ersatzsehne-fuer-revo-7-wurfarm-120-lbs\/#breadcrumb"},"inLanguage":"de","potentialAction":[{"@type":"ReadAction","target":["https:\/\/ueberlebenskunst.at\/survivalshop\/shop\/ek-archery-ersatzsehne-fuer-revo-7-wurfarm-120-lbs\/"]}]},{"@type":"ImageObject","inLanguage":"de","@id":"https:\/\/ueberlebenskunst.at\/survivalshop\/shop\/ek-archery-ersatzsehne-fuer-revo-7-wurfarm-120-lbs\/#primaryimage","url":"https:\/\/ueberlebenskunst.at\/survivalshop\/wp-content\/uploads\/2024\/09\/String.jpg","contentUrl":"https:\/\/ueberlebenskunst.at\/survivalshop\/wp-content\/uploads\/2024\/09\/String.jpg","width":400,"height":396},{"@type":"BreadcrumbList","@id":"https:\/\/ueberlebenskunst.at\/survivalshop\/shop\/ek-archery-ersatzsehne-fuer-revo-7-wurfarm-120-lbs\/#breadcrumb","itemListElement":[{"@type":"ListItem","position":1,"name":"Startseite","item":"https:\/\/ueberlebenskunst.at\/survivalshop\/"},{"@type":"ListItem","position":2,"name":"Shop","item":"https:\/\/ueberlebenskunst.at\/survivalshop\/shop\/"},{"@type":"ListItem","position":3,"name":"EK Archery Ersatzsehne f\u00fcr REVO 7 Wurfarm 120 lbs"}]},{"@type":"WebSite","@id":"https:\/\/ueberlebenskunst.at\/survivalshop\/#website","url":"https:\/\/ueberlebenskunst.at\/survivalshop\/","name":"Reini Rossmann - Survival Shop","description":"Survival Shop f\u00fcr Survival, Bushcraft und Prepper","potentialAction":[{"@type":"SearchAction","target":{"@type":"EntryPoint","urlTemplate":"https:\/\/ueberlebenskunst.at\/survivalshop\/?s={search_term_string}"},"query-input":{"@type":"PropertyValueSpecification","valueRequired":true,"valueName":"search_term_string"}}],"inLanguage":"de"}]}},"_links":{"self":[{"href":"https:\/\/ueberlebenskunst.at\/survivalshop\/wp-json\/wp\/v2\/product\/172311","targetHints":{"allow":["GET"]}}],"collection":[{"href":"https:\/\/ueberlebenskunst.at\/survivalshop\/wp-json\/wp\/v2\/product"}],"about":[{"href":"https:\/\/ueberlebenskunst.at\/survivalshop\/wp-json\/wp\/v2\/types\/product"}],"replies":[{"embeddable":true,"href":"https:\/\/ueberlebenskunst.at\/survivalshop\/wp-json\/wp\/v2\/comments?post=172311"}],"wp:featuredmedia":[{"embeddable":true,"href":"https:\/\/ueberlebenskunst.at\/survivalshop\/wp-json\/wp\/v2\/media\/172313"}],"wp:attachment":[{"href":"https:\/\/ueberlebenskunst.at\/survivalshop\/wp-json\/wp\/v2\/media?parent=172311"}],"wp:term":[{"taxonomy":"product_brand","embeddable":true,"href":"https:\/\/ueberlebenskunst.at\/survivalshop\/wp-json\/wp\/v2\/product_brand?post=172311"},{"taxonomy":"product_cat","embeddable":true,"href":"https:\/\/ueberlebenskunst.at\/survivalshop\/wp-json\/wp\/v2\/product_cat?post=172311"},{"taxonomy":"product_tag","embeddable":true,"href":"https:\/\/ueberlebenskunst.at\/survivalshop\/wp-json\/wp\/v2\/product_tag?post=172311"}],"curies":[{"name":"wp","href":"https:\/\/api.w.org\/{rel}","templated":true}]}}