{"id":172237,"date":"2024-09-11T07:24:08","date_gmt":"2024-09-11T05:24:08","guid":{"rendered":"https:\/\/ueberlebenskunst.at\/survivalshop\/?post_type=product&#038;p=172237"},"modified":"2026-03-03T20:57:54","modified_gmt":"2026-03-03T19:57:54","slug":"civivi-quick-snip-abs-rubber-black","status":"publish","type":"product","link":"https:\/\/ueberlebenskunst.at\/survivalshop\/shop\/civivi-quick-snip-abs-rubber-black\/","title":{"rendered":"CIVIVI Quick Snip ABS Rubber Black"},"content":{"rendered":"<p>CIVIVI hebt das Konzept des Alltagsmessers auf ein neues Level und bietet mit dem federleichten Quick Snip ein praktisches Mini Neck Knife, das sich ideal f\u00fcr kleinere Aufgaben des t\u00e4glichen Lebens eignet. Das beste Messer ist immer das, welches man griffbereit hat. Dieses kompakte Werkzeug besticht durch seine Vielseitigkeit und Benutzerfreundlichkeit: Die Klinge aus 6Cr13-Stahl l\u00e4sst sich m\u00fchelos austauschen, wodurch das Messer stets scharf und einsatzbereit bleibt. Der ergonomische, ringf\u00f6rmige Griff aus rutschfestem, gummierten ABS-Kunststoff sorgt f\u00fcr sicheren Halt auch bei pr\u00e4zisen Arbeiten. Komplettiert wird das Set durch einen passenden Klingenschutz, eine robuste Kugelkette f\u00fcr bequemes Tragen sowie drei austauschbare Klingen, die im Lieferumfang enthalten sind. Mit dem Quick Snip ist man f\u00fcr jede kleine Herausforderung im Alltag bestens ger\u00fcstet.<\/p>\n<h3>Produktdaten:<\/h3>\n<ul>\n<li>Gesamtl\u00e4nge: 6,5 cm<\/li>\n<li>Klingenl\u00e4nge: 1,7 cm<\/li>\n<li>Gewicht: 4 g<\/li>\n<li>Klingenst\u00e4rke: 5,5 mm<\/li>\n<li>Klingenmaterial: Edelstahl<\/li>\n<li>Griffmaterial: ABS, Gummi<\/li>\n<\/ul>\n<p><strong>Wichtig: Der Versand erfolgt nur innerhalb \u00d6sterreichs.<\/strong><\/p>\n","protected":false},"excerpt":{"rendered":"<p>CIVIVI hebt das Konzept des Alltagsmessers auf ein neues Level und bietet mit dem federleichten Quick Snip ein praktisches Mini Neck Knife, das sich ideal f\u00fcr kleinere Aufgaben des t\u00e4glichen Lebens eignet. Das beste Messer ist immer das, welches man griffbereit hat. Dieses kompakte Werkzeug besticht durch seine Vielseitigkeit und Benutzerfreundlichkeit: Die Klinge aus 6Cr13-Stahl [&hellip;]<\/p>\n","protected":false},"featured_media":172238,"comment_status":"open","ping_status":"closed","template":"","meta":{"_acf_changed":false},"product_brand":[],"product_cat":[1805],"product_tag":[981,270,2502],"class_list":{"0":"post-172237","1":"product","2":"type-product","3":"status-publish","4":"has-post-thumbnail","6":"product_cat-messer-messer-tools","7":"product_tag-civivi","8":"product_tag-edc","9":"product_tag-fruehjahrsmesseraktion25","11":"first","12":"instock","13":"taxable","14":"shipping-taxable","15":"product-type-simple"},"acf":[],"yoast_head":"<!-- This site is optimized with the Yoast SEO plugin v27.1.1 - https:\/\/yoast.com\/product\/yoast-seo-wordpress\/ -->\n<title>CIVIVI Quick Snip ABS Rubber Black - Reini Rossmann - Survival Shop<\/title>\n<meta name=\"description\" content=\"Das beste Messer ist immer das, welches man griffbereit hat. Dieses kompakte Werkzeug besticht durch seine Vielseitigkeit.\" \/>\n<meta name=\"robots\" content=\"index, follow, max-snippet:-1, max-image-preview:large, max-video-preview:-1\" \/>\n<link rel=\"canonical\" href=\"https:\/\/ueberlebenskunst.at\/survivalshop\/shop\/civivi-quick-snip-abs-rubber-black\/\" \/>\n<meta property=\"og:locale\" content=\"de_DE\" \/>\n<meta property=\"og:type\" content=\"article\" \/>\n<meta property=\"og:title\" content=\"CIVIVI Quick Snip ABS Rubber Black - Reini Rossmann - Survival Shop\" \/>\n<meta property=\"og:description\" content=\"Das beste Messer ist immer das, welches man griffbereit hat. Dieses kompakte Werkzeug besticht durch seine Vielseitigkeit.\" \/>\n<meta property=\"og:url\" content=\"https:\/\/ueberlebenskunst.at\/survivalshop\/shop\/civivi-quick-snip-abs-rubber-black\/\" \/>\n<meta property=\"og:site_name\" content=\"Reini Rossmann - Survival Shop\" \/>\n<meta property=\"article:publisher\" content=\"https:\/\/www.facebook.com\/survival24.org\/\" \/>\n<meta property=\"article:modified_time\" content=\"2026-03-03T19:57:54+00:00\" \/>\n<meta property=\"og:image\" content=\"https:\/\/ueberlebenskunst.at\/survivalshop\/wp-content\/uploads\/2024\/09\/06WE016.jpg\" \/>\n\t<meta property=\"og:image:width\" content=\"400\" \/>\n\t<meta property=\"og:image:height\" content=\"399\" \/>\n\t<meta property=\"og:image:type\" content=\"image\/jpeg\" \/>\n<meta name=\"twitter:card\" content=\"summary_large_image\" \/>\n<meta name=\"twitter:label1\" content=\"Gesch\u00e4tzte Lesezeit\" \/>\n\t<meta name=\"twitter:data1\" content=\"2\u00a0Minuten\" \/>\n<script type=\"application\/ld+json\" class=\"yoast-schema-graph\">{\"@context\":\"https:\/\/schema.org\",\"@graph\":[{\"@type\":\"WebPage\",\"@id\":\"https:\/\/ueberlebenskunst.at\/survivalshop\/shop\/civivi-quick-snip-abs-rubber-black\/\",\"url\":\"https:\/\/ueberlebenskunst.at\/survivalshop\/shop\/civivi-quick-snip-abs-rubber-black\/\",\"name\":\"CIVIVI Quick Snip ABS Rubber Black - Reini Rossmann - Survival Shop\",\"isPartOf\":{\"@id\":\"https:\/\/ueberlebenskunst.at\/survivalshop\/#website\"},\"primaryImageOfPage\":{\"@id\":\"https:\/\/ueberlebenskunst.at\/survivalshop\/shop\/civivi-quick-snip-abs-rubber-black\/#primaryimage\"},\"image\":{\"@id\":\"https:\/\/ueberlebenskunst.at\/survivalshop\/shop\/civivi-quick-snip-abs-rubber-black\/#primaryimage\"},\"thumbnailUrl\":\"https:\/\/ueberlebenskunst.at\/survivalshop\/wp-content\/uploads\/2024\/09\/06WE016.jpg\",\"datePublished\":\"2024-09-11T05:24:08+00:00\",\"dateModified\":\"2026-03-03T19:57:54+00:00\",\"description\":\"Das beste Messer ist immer das, welches man griffbereit hat. Dieses kompakte Werkzeug besticht durch seine Vielseitigkeit.\",\"breadcrumb\":{\"@id\":\"https:\/\/ueberlebenskunst.at\/survivalshop\/shop\/civivi-quick-snip-abs-rubber-black\/#breadcrumb\"},\"inLanguage\":\"de\",\"potentialAction\":[{\"@type\":\"ReadAction\",\"target\":[\"https:\/\/ueberlebenskunst.at\/survivalshop\/shop\/civivi-quick-snip-abs-rubber-black\/\"]}]},{\"@type\":\"ImageObject\",\"inLanguage\":\"de\",\"@id\":\"https:\/\/ueberlebenskunst.at\/survivalshop\/shop\/civivi-quick-snip-abs-rubber-black\/#primaryimage\",\"url\":\"https:\/\/ueberlebenskunst.at\/survivalshop\/wp-content\/uploads\/2024\/09\/06WE016.jpg\",\"contentUrl\":\"https:\/\/ueberlebenskunst.at\/survivalshop\/wp-content\/uploads\/2024\/09\/06WE016.jpg\",\"width\":400,\"height\":399},{\"@type\":\"BreadcrumbList\",\"@id\":\"https:\/\/ueberlebenskunst.at\/survivalshop\/shop\/civivi-quick-snip-abs-rubber-black\/#breadcrumb\",\"itemListElement\":[{\"@type\":\"ListItem\",\"position\":1,\"name\":\"Startseite\",\"item\":\"https:\/\/ueberlebenskunst.at\/survivalshop\/\"},{\"@type\":\"ListItem\",\"position\":2,\"name\":\"Shop\",\"item\":\"https:\/\/ueberlebenskunst.at\/survivalshop\/shop\/\"},{\"@type\":\"ListItem\",\"position\":3,\"name\":\"CIVIVI Quick Snip ABS Rubber Black\"}]},{\"@type\":\"WebSite\",\"@id\":\"https:\/\/ueberlebenskunst.at\/survivalshop\/#website\",\"url\":\"https:\/\/ueberlebenskunst.at\/survivalshop\/\",\"name\":\"Reini Rossmann - Survival Shop\",\"description\":\"Survival Shop f\u00fcr Survival, Bushcraft und Prepper\",\"potentialAction\":[{\"@type\":\"SearchAction\",\"target\":{\"@type\":\"EntryPoint\",\"urlTemplate\":\"https:\/\/ueberlebenskunst.at\/survivalshop\/?s={search_term_string}\"},\"query-input\":{\"@type\":\"PropertyValueSpecification\",\"valueRequired\":true,\"valueName\":\"search_term_string\"}}],\"inLanguage\":\"de\"}]}<\/script>\n<!-- \/ Yoast SEO plugin. -->","yoast_head_json":{"title":"CIVIVI Quick Snip ABS Rubber Black - Reini Rossmann - Survival Shop","description":"Das beste Messer ist immer das, welches man griffbereit hat. Dieses kompakte Werkzeug besticht durch seine Vielseitigkeit.","robots":{"index":"index","follow":"follow","max-snippet":"max-snippet:-1","max-image-preview":"max-image-preview:large","max-video-preview":"max-video-preview:-1"},"canonical":"https:\/\/ueberlebenskunst.at\/survivalshop\/shop\/civivi-quick-snip-abs-rubber-black\/","og_locale":"de_DE","og_type":"article","og_title":"CIVIVI Quick Snip ABS Rubber Black - Reini Rossmann - Survival Shop","og_description":"Das beste Messer ist immer das, welches man griffbereit hat. Dieses kompakte Werkzeug besticht durch seine Vielseitigkeit.","og_url":"https:\/\/ueberlebenskunst.at\/survivalshop\/shop\/civivi-quick-snip-abs-rubber-black\/","og_site_name":"Reini Rossmann - Survival Shop","article_publisher":"https:\/\/www.facebook.com\/survival24.org\/","article_modified_time":"2026-03-03T19:57:54+00:00","og_image":[{"width":400,"height":399,"url":"https:\/\/ueberlebenskunst.at\/survivalshop\/wp-content\/uploads\/2024\/09\/06WE016.jpg","type":"image\/jpeg"}],"twitter_card":"summary_large_image","twitter_misc":{"Gesch\u00e4tzte Lesezeit":"2\u00a0Minuten"},"schema":{"@context":"https:\/\/schema.org","@graph":[{"@type":"WebPage","@id":"https:\/\/ueberlebenskunst.at\/survivalshop\/shop\/civivi-quick-snip-abs-rubber-black\/","url":"https:\/\/ueberlebenskunst.at\/survivalshop\/shop\/civivi-quick-snip-abs-rubber-black\/","name":"CIVIVI Quick Snip ABS Rubber Black - Reini Rossmann - Survival Shop","isPartOf":{"@id":"https:\/\/ueberlebenskunst.at\/survivalshop\/#website"},"primaryImageOfPage":{"@id":"https:\/\/ueberlebenskunst.at\/survivalshop\/shop\/civivi-quick-snip-abs-rubber-black\/#primaryimage"},"image":{"@id":"https:\/\/ueberlebenskunst.at\/survivalshop\/shop\/civivi-quick-snip-abs-rubber-black\/#primaryimage"},"thumbnailUrl":"https:\/\/ueberlebenskunst.at\/survivalshop\/wp-content\/uploads\/2024\/09\/06WE016.jpg","datePublished":"2024-09-11T05:24:08+00:00","dateModified":"2026-03-03T19:57:54+00:00","description":"Das beste Messer ist immer das, welches man griffbereit hat. Dieses kompakte Werkzeug besticht durch seine Vielseitigkeit.","breadcrumb":{"@id":"https:\/\/ueberlebenskunst.at\/survivalshop\/shop\/civivi-quick-snip-abs-rubber-black\/#breadcrumb"},"inLanguage":"de","potentialAction":[{"@type":"ReadAction","target":["https:\/\/ueberlebenskunst.at\/survivalshop\/shop\/civivi-quick-snip-abs-rubber-black\/"]}]},{"@type":"ImageObject","inLanguage":"de","@id":"https:\/\/ueberlebenskunst.at\/survivalshop\/shop\/civivi-quick-snip-abs-rubber-black\/#primaryimage","url":"https:\/\/ueberlebenskunst.at\/survivalshop\/wp-content\/uploads\/2024\/09\/06WE016.jpg","contentUrl":"https:\/\/ueberlebenskunst.at\/survivalshop\/wp-content\/uploads\/2024\/09\/06WE016.jpg","width":400,"height":399},{"@type":"BreadcrumbList","@id":"https:\/\/ueberlebenskunst.at\/survivalshop\/shop\/civivi-quick-snip-abs-rubber-black\/#breadcrumb","itemListElement":[{"@type":"ListItem","position":1,"name":"Startseite","item":"https:\/\/ueberlebenskunst.at\/survivalshop\/"},{"@type":"ListItem","position":2,"name":"Shop","item":"https:\/\/ueberlebenskunst.at\/survivalshop\/shop\/"},{"@type":"ListItem","position":3,"name":"CIVIVI Quick Snip ABS Rubber Black"}]},{"@type":"WebSite","@id":"https:\/\/ueberlebenskunst.at\/survivalshop\/#website","url":"https:\/\/ueberlebenskunst.at\/survivalshop\/","name":"Reini Rossmann - Survival Shop","description":"Survival Shop f\u00fcr Survival, Bushcraft und Prepper","potentialAction":[{"@type":"SearchAction","target":{"@type":"EntryPoint","urlTemplate":"https:\/\/ueberlebenskunst.at\/survivalshop\/?s={search_term_string}"},"query-input":{"@type":"PropertyValueSpecification","valueRequired":true,"valueName":"search_term_string"}}],"inLanguage":"de"}]}},"_links":{"self":[{"href":"https:\/\/ueberlebenskunst.at\/survivalshop\/wp-json\/wp\/v2\/product\/172237","targetHints":{"allow":["GET"]}}],"collection":[{"href":"https:\/\/ueberlebenskunst.at\/survivalshop\/wp-json\/wp\/v2\/product"}],"about":[{"href":"https:\/\/ueberlebenskunst.at\/survivalshop\/wp-json\/wp\/v2\/types\/product"}],"replies":[{"embeddable":true,"href":"https:\/\/ueberlebenskunst.at\/survivalshop\/wp-json\/wp\/v2\/comments?post=172237"}],"wp:featuredmedia":[{"embeddable":true,"href":"https:\/\/ueberlebenskunst.at\/survivalshop\/wp-json\/wp\/v2\/media\/172238"}],"wp:attachment":[{"href":"https:\/\/ueberlebenskunst.at\/survivalshop\/wp-json\/wp\/v2\/media?parent=172237"}],"wp:term":[{"taxonomy":"product_brand","embeddable":true,"href":"https:\/\/ueberlebenskunst.at\/survivalshop\/wp-json\/wp\/v2\/product_brand?post=172237"},{"taxonomy":"product_cat","embeddable":true,"href":"https:\/\/ueberlebenskunst.at\/survivalshop\/wp-json\/wp\/v2\/product_cat?post=172237"},{"taxonomy":"product_tag","embeddable":true,"href":"https:\/\/ueberlebenskunst.at\/survivalshop\/wp-json\/wp\/v2\/product_tag?post=172237"}],"curies":[{"name":"wp","href":"https:\/\/api.w.org\/{rel}","templated":true}]}}