{"id":172195,"date":"2024-09-10T11:23:48","date_gmt":"2024-09-10T09:23:48","guid":{"rendered":"https:\/\/ueberlebenskunst.at\/survivalshop\/?post_type=product&#038;p=172195"},"modified":"2026-02-27T10:32:10","modified_gmt":"2026-02-27T09:32:10","slug":"k4-universal-feuerstahl-halterung-feuerstahl-signal-gelb-b-ware","status":"publish","type":"product","link":"https:\/\/ueberlebenskunst.at\/survivalshop\/shop\/k4-universal-feuerstahl-halterung-feuerstahl-signal-gelb-b-ware\/","title":{"rendered":"B-Ware K4 Universal Feuerstahl Halterung + Feuerstahl"},"content":{"rendered":"<p>B-Ware bedeutet, dass das Produkt kleinere Unsch\u00f6nheiten, kleine Besch\u00e4digungen am Feuerstahl aufweist oder nicht immer ganz perfekt ist. Diese Unsch\u00f6nheiten w\u00fcrdest du aber nach mehrmaligen Benutzen des Feuerstahls ohnehin nicht mehr merken. Bitte nur dann kaufen, wenn dir bewusst ist, dass du keine 100%ige A-Ware bekommst.<\/p>\n<p>Mit dem Universal &#8211; Feuerstahlhalter hast du deinen Feuerstahl immer direkt am Messer mit dabei. Dank der ausgekl\u00fcgelten Langl\u00f6cher ist er f\u00fcr so gut wie jede Messerscheide mit Bohrungen von 5,2 mm Durchmesser geeignet.<br \/>\nWo ein <a href=\"https:\/\/ueberlebenskunst.at\/survivalshop\/shop\/ulticlip-slim-2-2-fuer-knives4-messer\/\" target=\"_blank\" rel=\"noopener\">UltiClip<\/a> oder <a href=\"https:\/\/ueberlebenskunst.at\/survivalshop\/shop\/reini-rossmann-messer-bushcraft-beaver\/\" target=\"_blank\" rel=\"noopener\">Tek Lok (wie der beim Bushcraft Beaver)<\/a> auf die Messerscheide passt, dort ist in jedem Fall auch unser neuer Universal Feuerstahlhalter kompatibel! Ideal f\u00fcr Messerscheiden mit einer Dicke von ca. 4 mm. Durch das flexible Material passt er sich aber auch anderen Dicken sehr gut an.<\/p>\n<p>Mit den mitgelieferten <a href=\"https:\/\/ueberlebenskunst.at\/survivalshop\/shop\/2er-schraubenset\/\" target=\"_blank\" rel=\"noopener\">Schrauben-Sets<\/a> wird der Halter an der Messerscheide montiert. Dank der Kreuzschlitzschrauben ist die Montage mit einfachem Werkzeug m\u00f6glich.<br \/>\nDie Gummischeibe dient zum Ausgleich solltest du den Halter einmal an einer d\u00fcnnen Messerscheide anbringen wollen.<\/p>\n<h3>Lieferumfang:<\/h3>\n<ul>\n<li>1 Stk. einfacher Feuerstahl mit Kunststoffgriff <strong>B-Ware<\/strong> im Fuzzy Stil D= 8 mm \/ L= 100 mm \/ B= 17 mm<\/li>\n<li>1 Stk. elastisches Cord<\/li>\n<li>1 Stk. Feuerstahlhalter aus TPU mit\u00a0 L= 68 mm \/ B= 30 mm\/ H= 13 mm<\/li>\n<li><a href=\"https:\/\/ueberlebenskunst.at\/survivalshop\/shop\/k4-2er-schraubenset-9mm\/\" target=\"_blank\" rel=\"noopener\">2er Set Schrauben mit Gummischeibe<\/a><\/li>\n<\/ul>\n<p>Verlierst du gerne Schrauben? Dann bestell dir doch gleich ein <a href=\"https:\/\/ueberlebenskunst.at\/survivalshop\/shop\/k4-2er-schraubenset-9mm\/\" target=\"_blank\" rel=\"noopener\">2er Schraubenset<\/a> mit.<\/p>\n<h3>Bedienungs- &amp; Pflegeanleitung:<\/h3>\n<ul>\n<li>Die Reinigung mit Wasser und Seife ist m\u00f6glich.<\/li>\n<li>Du solltest die Steckscheide nicht direkt in die N\u00e4he von Feuer oder anderen Hitzequellen legen!<\/li>\n<li>Wird deine Steckscheide \u00fcber l\u00e4ngere Zeit sehr kalten Temperaturen unter 0 \u00b0C ausgesetzt, solltest du<br \/>\nin dem Moment darauf achten, dass keine starken Belastungen darauf einwirken.<\/li>\n<\/ul>\n<p>Unsere Produkte sind nicht f\u00fcr Kinder unter 3 Jahren geeignet. Es besteht Verschluckungsgefahr.<\/p>\n<p><a href=\"https:\/\/ueberlebenskunst.at\/survivalshop\/wp-content\/uploads\/2021\/11\/Logo_Kinder.png\"><img decoding=\"async\" class=\"alignnone size-medium wp-image-179571\" src=\"https:\/\/ueberlebenskunst.at\/survivalshop\/wp-content\/uploads\/2021\/11\/Logo_Kinder-300x126.png\" alt=\"\" width=\"300\" height=\"126\" srcset=\"https:\/\/ueberlebenskunst.at\/survivalshop\/wp-content\/uploads\/2021\/11\/Logo_Kinder-300x126.png 300w, https:\/\/ueberlebenskunst.at\/survivalshop\/wp-content\/uploads\/2021\/11\/Logo_Kinder-64x27.png 64w, https:\/\/ueberlebenskunst.at\/survivalshop\/wp-content\/uploads\/2021\/11\/Logo_Kinder.png 401w\" sizes=\"(max-width: 300px) 100vw, 300px\" \/><\/a><\/p>\n","protected":false},"excerpt":{"rendered":"<p>B-Ware: Das Produkt weist kleine Unsch\u00f6nheiten auf.<\/p>\n","protected":false},"featured_media":166112,"comment_status":"open","ping_status":"closed","template":"","meta":{"_acf_changed":false},"product_brand":[],"product_cat":[2352],"product_tag":[2557,236,2135,1256,1409],"class_list":{"0":"post-172195","1":"product","2":"type-product","3":"status-publish","4":"has-post-thumbnail","6":"product_cat-b-ware","7":"product_tag-bf2025","8":"product_tag-feuerstahl","9":"product_tag-glow-in-the-dark","10":"product_tag-k4","11":"product_tag-universal-halterung","12":"pa_farbe-glow-in-the-dark-fuzzy-stil","13":"pa_farbe-orange","14":"pa_farbe-signalgelb","16":"first","17":"instock","18":"sale","19":"taxable","20":"shipping-taxable","21":"purchasable","22":"product-type-variable","23":"has-default-attributes"},"acf":[],"yoast_head":"<!-- This site is optimized with the Yoast SEO plugin v27.1.1 - https:\/\/yoast.com\/product\/yoast-seo-wordpress\/ -->\n<title>B-Ware K4 Universal Feuerstahl Halterung + Feuerstahl - Reini Rossmann - Survival Shop<\/title>\n<meta name=\"robots\" content=\"index, follow, max-snippet:-1, max-image-preview:large, max-video-preview:-1\" \/>\n<link rel=\"canonical\" href=\"https:\/\/ueberlebenskunst.at\/survivalshop\/shop\/k4-universal-feuerstahl-halterung-feuerstahl-signal-gelb-b-ware\/\" \/>\n<meta property=\"og:locale\" content=\"de_DE\" \/>\n<meta property=\"og:type\" content=\"article\" \/>\n<meta property=\"og:title\" content=\"B-Ware K4 Universal Feuerstahl Halterung + Feuerstahl - Reini Rossmann - Survival Shop\" \/>\n<meta property=\"og:description\" content=\"B-Ware: Das Produkt weist kleine Unsch\u00f6nheiten auf.\" \/>\n<meta property=\"og:url\" content=\"https:\/\/ueberlebenskunst.at\/survivalshop\/shop\/k4-universal-feuerstahl-halterung-feuerstahl-signal-gelb-b-ware\/\" \/>\n<meta property=\"og:site_name\" content=\"Reini Rossmann - Survival Shop\" \/>\n<meta property=\"article:publisher\" content=\"https:\/\/www.facebook.com\/survival24.org\/\" \/>\n<meta property=\"article:modified_time\" content=\"2026-02-27T09:32:10+00:00\" \/>\n<meta property=\"og:image\" content=\"https:\/\/ueberlebenskunst.at\/survivalshop\/wp-content\/uploads\/2024\/06\/K4_Universal-Feuerstahl-Halterung_Feuerstahl_FUNHI_gelb.jpg\" \/>\n\t<meta property=\"og:image:width\" content=\"400\" \/>\n\t<meta property=\"og:image:height\" content=\"400\" \/>\n\t<meta property=\"og:image:type\" content=\"image\/jpeg\" \/>\n<meta name=\"twitter:card\" content=\"summary_large_image\" \/>\n<meta name=\"twitter:label1\" content=\"Gesch\u00e4tzte Lesezeit\" \/>\n\t<meta name=\"twitter:data1\" content=\"3\u00a0Minuten\" \/>\n<script type=\"application\/ld+json\" class=\"yoast-schema-graph\">{\"@context\":\"https:\/\/schema.org\",\"@graph\":[{\"@type\":\"WebPage\",\"@id\":\"https:\/\/ueberlebenskunst.at\/survivalshop\/shop\/k4-universal-feuerstahl-halterung-feuerstahl-signal-gelb-b-ware\/\",\"url\":\"https:\/\/ueberlebenskunst.at\/survivalshop\/shop\/k4-universal-feuerstahl-halterung-feuerstahl-signal-gelb-b-ware\/\",\"name\":\"B-Ware K4 Universal Feuerstahl Halterung + Feuerstahl - Reini Rossmann - Survival Shop\",\"isPartOf\":{\"@id\":\"https:\/\/ueberlebenskunst.at\/survivalshop\/#website\"},\"primaryImageOfPage\":{\"@id\":\"https:\/\/ueberlebenskunst.at\/survivalshop\/shop\/k4-universal-feuerstahl-halterung-feuerstahl-signal-gelb-b-ware\/#primaryimage\"},\"image\":{\"@id\":\"https:\/\/ueberlebenskunst.at\/survivalshop\/shop\/k4-universal-feuerstahl-halterung-feuerstahl-signal-gelb-b-ware\/#primaryimage\"},\"thumbnailUrl\":\"https:\/\/ueberlebenskunst.at\/survivalshop\/wp-content\/uploads\/2024\/06\/K4_Universal-Feuerstahl-Halterung_Feuerstahl_FUNHI_gelb.jpg\",\"datePublished\":\"2024-09-10T09:23:48+00:00\",\"dateModified\":\"2026-02-27T09:32:10+00:00\",\"breadcrumb\":{\"@id\":\"https:\/\/ueberlebenskunst.at\/survivalshop\/shop\/k4-universal-feuerstahl-halterung-feuerstahl-signal-gelb-b-ware\/#breadcrumb\"},\"inLanguage\":\"de\",\"potentialAction\":[{\"@type\":\"ReadAction\",\"target\":[\"https:\/\/ueberlebenskunst.at\/survivalshop\/shop\/k4-universal-feuerstahl-halterung-feuerstahl-signal-gelb-b-ware\/\"]}]},{\"@type\":\"ImageObject\",\"inLanguage\":\"de\",\"@id\":\"https:\/\/ueberlebenskunst.at\/survivalshop\/shop\/k4-universal-feuerstahl-halterung-feuerstahl-signal-gelb-b-ware\/#primaryimage\",\"url\":\"https:\/\/ueberlebenskunst.at\/survivalshop\/wp-content\/uploads\/2024\/06\/K4_Universal-Feuerstahl-Halterung_Feuerstahl_FUNHI_gelb.jpg\",\"contentUrl\":\"https:\/\/ueberlebenskunst.at\/survivalshop\/wp-content\/uploads\/2024\/06\/K4_Universal-Feuerstahl-Halterung_Feuerstahl_FUNHI_gelb.jpg\",\"width\":400,\"height\":400},{\"@type\":\"BreadcrumbList\",\"@id\":\"https:\/\/ueberlebenskunst.at\/survivalshop\/shop\/k4-universal-feuerstahl-halterung-feuerstahl-signal-gelb-b-ware\/#breadcrumb\",\"itemListElement\":[{\"@type\":\"ListItem\",\"position\":1,\"name\":\"Startseite\",\"item\":\"https:\/\/ueberlebenskunst.at\/survivalshop\/\"},{\"@type\":\"ListItem\",\"position\":2,\"name\":\"Shop\",\"item\":\"https:\/\/ueberlebenskunst.at\/survivalshop\/shop\/\"},{\"@type\":\"ListItem\",\"position\":3,\"name\":\"B-Ware K4 Universal Feuerstahl Halterung + Feuerstahl\"}]},{\"@type\":\"WebSite\",\"@id\":\"https:\/\/ueberlebenskunst.at\/survivalshop\/#website\",\"url\":\"https:\/\/ueberlebenskunst.at\/survivalshop\/\",\"name\":\"Reini Rossmann - Survival Shop\",\"description\":\"Survival Shop f\u00fcr Survival, Bushcraft und Prepper\",\"potentialAction\":[{\"@type\":\"SearchAction\",\"target\":{\"@type\":\"EntryPoint\",\"urlTemplate\":\"https:\/\/ueberlebenskunst.at\/survivalshop\/?s={search_term_string}\"},\"query-input\":{\"@type\":\"PropertyValueSpecification\",\"valueRequired\":true,\"valueName\":\"search_term_string\"}}],\"inLanguage\":\"de\"}]}<\/script>\n<!-- \/ Yoast SEO plugin. -->","yoast_head_json":{"title":"B-Ware K4 Universal Feuerstahl Halterung + Feuerstahl - Reini Rossmann - Survival Shop","robots":{"index":"index","follow":"follow","max-snippet":"max-snippet:-1","max-image-preview":"max-image-preview:large","max-video-preview":"max-video-preview:-1"},"canonical":"https:\/\/ueberlebenskunst.at\/survivalshop\/shop\/k4-universal-feuerstahl-halterung-feuerstahl-signal-gelb-b-ware\/","og_locale":"de_DE","og_type":"article","og_title":"B-Ware K4 Universal Feuerstahl Halterung + Feuerstahl - Reini Rossmann - Survival Shop","og_description":"B-Ware: Das Produkt weist kleine Unsch\u00f6nheiten auf.","og_url":"https:\/\/ueberlebenskunst.at\/survivalshop\/shop\/k4-universal-feuerstahl-halterung-feuerstahl-signal-gelb-b-ware\/","og_site_name":"Reini Rossmann - Survival Shop","article_publisher":"https:\/\/www.facebook.com\/survival24.org\/","article_modified_time":"2026-02-27T09:32:10+00:00","og_image":[{"width":400,"height":400,"url":"https:\/\/ueberlebenskunst.at\/survivalshop\/wp-content\/uploads\/2024\/06\/K4_Universal-Feuerstahl-Halterung_Feuerstahl_FUNHI_gelb.jpg","type":"image\/jpeg"}],"twitter_card":"summary_large_image","twitter_misc":{"Gesch\u00e4tzte Lesezeit":"3\u00a0Minuten"},"schema":{"@context":"https:\/\/schema.org","@graph":[{"@type":"WebPage","@id":"https:\/\/ueberlebenskunst.at\/survivalshop\/shop\/k4-universal-feuerstahl-halterung-feuerstahl-signal-gelb-b-ware\/","url":"https:\/\/ueberlebenskunst.at\/survivalshop\/shop\/k4-universal-feuerstahl-halterung-feuerstahl-signal-gelb-b-ware\/","name":"B-Ware K4 Universal Feuerstahl Halterung + Feuerstahl - Reini Rossmann - Survival Shop","isPartOf":{"@id":"https:\/\/ueberlebenskunst.at\/survivalshop\/#website"},"primaryImageOfPage":{"@id":"https:\/\/ueberlebenskunst.at\/survivalshop\/shop\/k4-universal-feuerstahl-halterung-feuerstahl-signal-gelb-b-ware\/#primaryimage"},"image":{"@id":"https:\/\/ueberlebenskunst.at\/survivalshop\/shop\/k4-universal-feuerstahl-halterung-feuerstahl-signal-gelb-b-ware\/#primaryimage"},"thumbnailUrl":"https:\/\/ueberlebenskunst.at\/survivalshop\/wp-content\/uploads\/2024\/06\/K4_Universal-Feuerstahl-Halterung_Feuerstahl_FUNHI_gelb.jpg","datePublished":"2024-09-10T09:23:48+00:00","dateModified":"2026-02-27T09:32:10+00:00","breadcrumb":{"@id":"https:\/\/ueberlebenskunst.at\/survivalshop\/shop\/k4-universal-feuerstahl-halterung-feuerstahl-signal-gelb-b-ware\/#breadcrumb"},"inLanguage":"de","potentialAction":[{"@type":"ReadAction","target":["https:\/\/ueberlebenskunst.at\/survivalshop\/shop\/k4-universal-feuerstahl-halterung-feuerstahl-signal-gelb-b-ware\/"]}]},{"@type":"ImageObject","inLanguage":"de","@id":"https:\/\/ueberlebenskunst.at\/survivalshop\/shop\/k4-universal-feuerstahl-halterung-feuerstahl-signal-gelb-b-ware\/#primaryimage","url":"https:\/\/ueberlebenskunst.at\/survivalshop\/wp-content\/uploads\/2024\/06\/K4_Universal-Feuerstahl-Halterung_Feuerstahl_FUNHI_gelb.jpg","contentUrl":"https:\/\/ueberlebenskunst.at\/survivalshop\/wp-content\/uploads\/2024\/06\/K4_Universal-Feuerstahl-Halterung_Feuerstahl_FUNHI_gelb.jpg","width":400,"height":400},{"@type":"BreadcrumbList","@id":"https:\/\/ueberlebenskunst.at\/survivalshop\/shop\/k4-universal-feuerstahl-halterung-feuerstahl-signal-gelb-b-ware\/#breadcrumb","itemListElement":[{"@type":"ListItem","position":1,"name":"Startseite","item":"https:\/\/ueberlebenskunst.at\/survivalshop\/"},{"@type":"ListItem","position":2,"name":"Shop","item":"https:\/\/ueberlebenskunst.at\/survivalshop\/shop\/"},{"@type":"ListItem","position":3,"name":"B-Ware K4 Universal Feuerstahl Halterung + Feuerstahl"}]},{"@type":"WebSite","@id":"https:\/\/ueberlebenskunst.at\/survivalshop\/#website","url":"https:\/\/ueberlebenskunst.at\/survivalshop\/","name":"Reini Rossmann - Survival Shop","description":"Survival Shop f\u00fcr Survival, Bushcraft und Prepper","potentialAction":[{"@type":"SearchAction","target":{"@type":"EntryPoint","urlTemplate":"https:\/\/ueberlebenskunst.at\/survivalshop\/?s={search_term_string}"},"query-input":{"@type":"PropertyValueSpecification","valueRequired":true,"valueName":"search_term_string"}}],"inLanguage":"de"}]}},"_links":{"self":[{"href":"https:\/\/ueberlebenskunst.at\/survivalshop\/wp-json\/wp\/v2\/product\/172195","targetHints":{"allow":["GET"]}}],"collection":[{"href":"https:\/\/ueberlebenskunst.at\/survivalshop\/wp-json\/wp\/v2\/product"}],"about":[{"href":"https:\/\/ueberlebenskunst.at\/survivalshop\/wp-json\/wp\/v2\/types\/product"}],"replies":[{"embeddable":true,"href":"https:\/\/ueberlebenskunst.at\/survivalshop\/wp-json\/wp\/v2\/comments?post=172195"}],"wp:featuredmedia":[{"embeddable":true,"href":"https:\/\/ueberlebenskunst.at\/survivalshop\/wp-json\/wp\/v2\/media\/166112"}],"wp:attachment":[{"href":"https:\/\/ueberlebenskunst.at\/survivalshop\/wp-json\/wp\/v2\/media?parent=172195"}],"wp:term":[{"taxonomy":"product_brand","embeddable":true,"href":"https:\/\/ueberlebenskunst.at\/survivalshop\/wp-json\/wp\/v2\/product_brand?post=172195"},{"taxonomy":"product_cat","embeddable":true,"href":"https:\/\/ueberlebenskunst.at\/survivalshop\/wp-json\/wp\/v2\/product_cat?post=172195"},{"taxonomy":"product_tag","embeddable":true,"href":"https:\/\/ueberlebenskunst.at\/survivalshop\/wp-json\/wp\/v2\/product_tag?post=172195"}],"curies":[{"name":"wp","href":"https:\/\/api.w.org\/{rel}","templated":true}]}}