{"id":171904,"date":"2024-09-05T13:37:20","date_gmt":"2024-09-05T11:37:20","guid":{"rendered":"https:\/\/ueberlebenskunst.at\/survivalshop\/?post_type=product&#038;p=171904"},"modified":"2026-02-09T09:07:50","modified_gmt":"2026-02-09T08:07:50","slug":"boeker-plus-utility-otf","status":"seo-produkt","type":"product","link":"https:\/\/ueberlebenskunst.at\/survivalshop\/shop\/boeker-plus-utility-otf\/","title":{"rendered":"B\u00f6ker Plus Utility OTF"},"content":{"rendered":"<p>Das B\u00f6ker Plus Utility OTF Rettungswerkzeug bleibt selbst in brenzligen Momenten zuverl\u00e4ssig und sorgt daf\u00fcr, dass man jederzeit die Kontrolle beh\u00e4lt. Basierend auf den bew\u00e4hrten Rettungsmessern von B\u00f6ker Plus und Magnum, kombiniert dieses Notfalltool wie kein anderes Vielseitigkeit mit Anpassungsf\u00e4higkeit, Verl\u00e4sslichkeit und intuitiver Handhabung. Der bekannte OTF-Mechanismus (Out the Front), der auch bei Springmessern Anwendung findet, sorgt daf\u00fcr, dass der Klingenhalter mit einem dynamischen Ger\u00e4usch durch Bet\u00e4tigung des rutschfesten Daumenschiebers an der Oberseite aus der Frontseite des Griffs schnellt \u2013 und bei erneutem Druck ebenso schnell wieder verschwindet. Die verwendete Hakenklinge ist an der Spitze abgerundet und auf der Innenseite gesch\u00e4rft, sodass Kleidung und Gurte bei Unf\u00e4llen sicher durchtrennt werden k\u00f6nnen, ohne die verungl\u00fcckte Person zu verletzen. Sollte die Klinge stumpf oder besch\u00e4digt sein, kann sie m\u00fchelos ausgetauscht und sicher fixiert werden. Der schwarze Griff aus hochfestem Aluminium garantiert maximale Stabilit\u00e4t und vereint eine klare Optik mit kompromissloser Funktionalit\u00e4t. Zus\u00e4tzliche Riffelungen an den entscheidenden Stellen bieten hervorragenden Halt, w\u00e4hrend der Glasbrecher am Griffende im Notfall Leben retten kann. Das Bundeskriminalamt (BKA) hat das B\u00f6ker Plus Utility OTF als freiverk\u00e4ufliches und \u00f6ffentlich f\u00fchrbares Rettungswerkzeug eingestuft, da es gem\u00e4\u00df Feststellungsbescheid (Aktenzeichen SO13-5164.01-Z-558) nicht den \u00fcblichen Waffen- und Verbotstatbest\u00e4nden des Deutschen Waffengesetzes (WaffG) unterliegt. Ausgestattet mit einem Tip-Up-Clip\u00ae f\u00fcr diskretes Tragen und einer Edelstahl-Wechselklinge mit Rettungshaken ist das B\u00f6ker Plus Utility OTF die perfekte Kombination aus Funktionalit\u00e4t und Sicherheit \u2013 Rettung auf den Punkt gebracht.<\/p>\n<p>Freie Besitz- und F\u00fchrungserlaubnis gem\u00e4\u00df Feststellungsbescheid des BKA (SO13-5164.01-Z-558) im Sinne des Deutschen Waffengesetzes (WaffG):<br \/>\n<a href=\"https:\/\/ueberlebenskunst.at\/survivalshop\/wp-content\/uploads\/2024\/09\/Feststellungsbeschei_Utility_OTF.pdf\" target=\"_blank\" rel=\"noopener\">Feststellungsbescheid_Utility_OTF<\/a><\/p>\n<h3>Produktdaten:<\/h3>\n<ul>\n<li>Gesamtl\u00e4nge: 13,5 cm<\/li>\n<li>Gewicht: 90 g<\/li>\n<li>Klingenmaterial: Edelstahl<\/li>\n<li>Griffmaterial: Aluminium<\/li>\n<li>OTF<\/li>\n<\/ul>\n<h3>Passendes, extra erh\u00e4ltliches Zubeh\u00f6r:<\/h3>\n<ul>\n<li><a href=\"https:\/\/ueberlebenskunst.at\/survivalshop\/shop\/ersatz-hakenklinge-fuer-boeker-otf-utility\/\" target=\"_blank\" rel=\"noopener\">Ersatz Hakenklinge f\u00fcr B\u00f6ker OTF\u00a0Utility<\/a><\/li>\n<\/ul>\n","protected":false},"excerpt":{"rendered":"<p>Das B\u00f6ker Plus Utility OTF Rettungswerkzeug bleibt selbst in brenzligen Momenten zuverl\u00e4ssig und sorgt daf\u00fcr, dass man jederzeit die Kontrolle beh\u00e4lt. Basierend auf den bew\u00e4hrten Rettungsmessern von B\u00f6ker Plus und Magnum, kombiniert dieses Notfalltool wie kein anderes Vielseitigkeit mit Anpassungsf\u00e4higkeit, Verl\u00e4sslichkeit und intuitiver Handhabung. Der bekannte OTF-Mechanismus (Out the Front), der auch bei Springmessern Anwendung [&hellip;]<\/p>\n","protected":false},"featured_media":171907,"comment_status":"open","ping_status":"closed","template":"","meta":{"_acf_changed":false},"product_brand":[],"product_cat":[1805],"product_tag":[2458,2502,1610,1611],"class_list":{"0":"post-171904","1":"product","2":"type-product","3":"status-seo-produkt","4":"has-post-thumbnail","6":"product_cat-messer-messer-tools","7":"product_tag-boeker-plus-utility-otf","8":"product_tag-fruehjahrsmesseraktion25","9":"product_tag-otf","10":"product_tag-outofthefront","12":"first","13":"outofstock","14":"sale","15":"taxable","16":"shipping-taxable","17":"product-type-simple"},"acf":[],"yoast_head":"<!-- This site is optimized with the Yoast SEO plugin v27.1.1 - https:\/\/yoast.com\/product\/yoast-seo-wordpress\/ -->\n<title>B\u00f6ker Plus Utility OTF - Reini Rossmann - Survival Shop<\/title>\n<meta name=\"description\" content=\"Das B\u00f6ker Plus Utility OTF Rettungswerkzeug bleibt selbst in brenzligen Momenten zuverl\u00e4ssig und sorgt daf\u00fcr, dass man jederzeit die Kontrolle beh\u00e4lt. Basierend auf den bew\u00e4hrten Rettungsmessern von B\u00f6ker Plus und Magnum.\" \/>\n<meta name=\"robots\" content=\"index, follow, max-snippet:-1, max-image-preview:large, max-video-preview:-1\" \/>\n<link rel=\"canonical\" href=\"https:\/\/ueberlebenskunst.at\/survivalshop\/shop\/boeker-plus-utility-otf\/\" \/>\n<meta property=\"og:locale\" content=\"de_DE\" \/>\n<meta property=\"og:type\" content=\"article\" \/>\n<meta property=\"og:title\" content=\"B\u00f6ker Plus Utility OTF - Reini Rossmann - Survival Shop\" \/>\n<meta property=\"og:description\" content=\"Das B\u00f6ker Plus Utility OTF Rettungswerkzeug bleibt selbst in brenzligen Momenten zuverl\u00e4ssig und sorgt daf\u00fcr, dass man jederzeit die Kontrolle beh\u00e4lt. Basierend auf den bew\u00e4hrten Rettungsmessern von B\u00f6ker Plus und Magnum.\" \/>\n<meta property=\"og:url\" content=\"https:\/\/ueberlebenskunst.at\/survivalshop\/shop\/boeker-plus-utility-otf\/\" \/>\n<meta property=\"og:site_name\" content=\"Reini Rossmann - Survival Shop\" \/>\n<meta property=\"article:publisher\" content=\"https:\/\/www.facebook.com\/survival24.org\/\" \/>\n<meta property=\"article:modified_time\" content=\"2026-02-09T08:07:50+00:00\" \/>\n<meta property=\"og:image\" content=\"https:\/\/ueberlebenskunst.at\/survivalshop\/wp-content\/uploads\/2024\/09\/01BP0018.jpg\" \/>\n\t<meta property=\"og:image:width\" content=\"400\" \/>\n\t<meta property=\"og:image:height\" content=\"400\" \/>\n\t<meta property=\"og:image:type\" content=\"image\/jpeg\" \/>\n<meta name=\"twitter:card\" content=\"summary_large_image\" \/>\n<meta name=\"twitter:label1\" content=\"Gesch\u00e4tzte Lesezeit\" \/>\n\t<meta name=\"twitter:data1\" content=\"2\u00a0Minuten\" \/>\n<script type=\"application\/ld+json\" class=\"yoast-schema-graph\">{\"@context\":\"https:\/\/schema.org\",\"@graph\":[{\"@type\":\"WebPage\",\"@id\":\"https:\/\/ueberlebenskunst.at\/survivalshop\/shop\/boeker-plus-utility-otf\/\",\"url\":\"https:\/\/ueberlebenskunst.at\/survivalshop\/shop\/boeker-plus-utility-otf\/\",\"name\":\"B\u00f6ker Plus Utility OTF - Reini Rossmann - Survival Shop\",\"isPartOf\":{\"@id\":\"https:\/\/ueberlebenskunst.at\/survivalshop\/#website\"},\"primaryImageOfPage\":{\"@id\":\"https:\/\/ueberlebenskunst.at\/survivalshop\/shop\/boeker-plus-utility-otf\/#primaryimage\"},\"image\":{\"@id\":\"https:\/\/ueberlebenskunst.at\/survivalshop\/shop\/boeker-plus-utility-otf\/#primaryimage\"},\"thumbnailUrl\":\"https:\/\/ueberlebenskunst.at\/survivalshop\/wp-content\/uploads\/2024\/09\/01BP0018.jpg\",\"datePublished\":\"2024-09-05T11:37:20+00:00\",\"dateModified\":\"2026-02-09T08:07:50+00:00\",\"description\":\"Das B\u00f6ker Plus Utility OTF Rettungswerkzeug bleibt selbst in brenzligen Momenten zuverl\u00e4ssig und sorgt daf\u00fcr, dass man jederzeit die Kontrolle beh\u00e4lt. Basierend auf den bew\u00e4hrten Rettungsmessern von B\u00f6ker Plus und Magnum.\",\"breadcrumb\":{\"@id\":\"https:\/\/ueberlebenskunst.at\/survivalshop\/shop\/boeker-plus-utility-otf\/#breadcrumb\"},\"inLanguage\":\"de\",\"potentialAction\":[{\"@type\":\"ReadAction\",\"target\":[\"https:\/\/ueberlebenskunst.at\/survivalshop\/shop\/boeker-plus-utility-otf\/\"]}]},{\"@type\":\"ImageObject\",\"inLanguage\":\"de\",\"@id\":\"https:\/\/ueberlebenskunst.at\/survivalshop\/shop\/boeker-plus-utility-otf\/#primaryimage\",\"url\":\"https:\/\/ueberlebenskunst.at\/survivalshop\/wp-content\/uploads\/2024\/09\/01BP0018.jpg\",\"contentUrl\":\"https:\/\/ueberlebenskunst.at\/survivalshop\/wp-content\/uploads\/2024\/09\/01BP0018.jpg\",\"width\":400,\"height\":400},{\"@type\":\"BreadcrumbList\",\"@id\":\"https:\/\/ueberlebenskunst.at\/survivalshop\/shop\/boeker-plus-utility-otf\/#breadcrumb\",\"itemListElement\":[{\"@type\":\"ListItem\",\"position\":1,\"name\":\"Startseite\",\"item\":\"https:\/\/ueberlebenskunst.at\/survivalshop\/\"},{\"@type\":\"ListItem\",\"position\":2,\"name\":\"Shop\",\"item\":\"https:\/\/ueberlebenskunst.at\/survivalshop\/shop\/\"},{\"@type\":\"ListItem\",\"position\":3,\"name\":\"B\u00f6ker Plus Utility OTF\"}]},{\"@type\":\"WebSite\",\"@id\":\"https:\/\/ueberlebenskunst.at\/survivalshop\/#website\",\"url\":\"https:\/\/ueberlebenskunst.at\/survivalshop\/\",\"name\":\"Reini Rossmann - Survival Shop\",\"description\":\"Survival Shop f\u00fcr Survival, Bushcraft und Prepper\",\"potentialAction\":[{\"@type\":\"SearchAction\",\"target\":{\"@type\":\"EntryPoint\",\"urlTemplate\":\"https:\/\/ueberlebenskunst.at\/survivalshop\/?s={search_term_string}\"},\"query-input\":{\"@type\":\"PropertyValueSpecification\",\"valueRequired\":true,\"valueName\":\"search_term_string\"}}],\"inLanguage\":\"de\"}]}<\/script>\n<!-- \/ Yoast SEO plugin. -->","yoast_head_json":{"title":"B\u00f6ker Plus Utility OTF - Reini Rossmann - Survival Shop","description":"Das B\u00f6ker Plus Utility OTF Rettungswerkzeug bleibt selbst in brenzligen Momenten zuverl\u00e4ssig und sorgt daf\u00fcr, dass man jederzeit die Kontrolle beh\u00e4lt. Basierend auf den bew\u00e4hrten Rettungsmessern von B\u00f6ker Plus und Magnum.","robots":{"index":"index","follow":"follow","max-snippet":"max-snippet:-1","max-image-preview":"max-image-preview:large","max-video-preview":"max-video-preview:-1"},"canonical":"https:\/\/ueberlebenskunst.at\/survivalshop\/shop\/boeker-plus-utility-otf\/","og_locale":"de_DE","og_type":"article","og_title":"B\u00f6ker Plus Utility OTF - Reini Rossmann - Survival Shop","og_description":"Das B\u00f6ker Plus Utility OTF Rettungswerkzeug bleibt selbst in brenzligen Momenten zuverl\u00e4ssig und sorgt daf\u00fcr, dass man jederzeit die Kontrolle beh\u00e4lt. Basierend auf den bew\u00e4hrten Rettungsmessern von B\u00f6ker Plus und Magnum.","og_url":"https:\/\/ueberlebenskunst.at\/survivalshop\/shop\/boeker-plus-utility-otf\/","og_site_name":"Reini Rossmann - Survival Shop","article_publisher":"https:\/\/www.facebook.com\/survival24.org\/","article_modified_time":"2026-02-09T08:07:50+00:00","og_image":[{"width":400,"height":400,"url":"https:\/\/ueberlebenskunst.at\/survivalshop\/wp-content\/uploads\/2024\/09\/01BP0018.jpg","type":"image\/jpeg"}],"twitter_card":"summary_large_image","twitter_misc":{"Gesch\u00e4tzte Lesezeit":"2\u00a0Minuten"},"schema":{"@context":"https:\/\/schema.org","@graph":[{"@type":"WebPage","@id":"https:\/\/ueberlebenskunst.at\/survivalshop\/shop\/boeker-plus-utility-otf\/","url":"https:\/\/ueberlebenskunst.at\/survivalshop\/shop\/boeker-plus-utility-otf\/","name":"B\u00f6ker Plus Utility OTF - Reini Rossmann - Survival Shop","isPartOf":{"@id":"https:\/\/ueberlebenskunst.at\/survivalshop\/#website"},"primaryImageOfPage":{"@id":"https:\/\/ueberlebenskunst.at\/survivalshop\/shop\/boeker-plus-utility-otf\/#primaryimage"},"image":{"@id":"https:\/\/ueberlebenskunst.at\/survivalshop\/shop\/boeker-plus-utility-otf\/#primaryimage"},"thumbnailUrl":"https:\/\/ueberlebenskunst.at\/survivalshop\/wp-content\/uploads\/2024\/09\/01BP0018.jpg","datePublished":"2024-09-05T11:37:20+00:00","dateModified":"2026-02-09T08:07:50+00:00","description":"Das B\u00f6ker Plus Utility OTF Rettungswerkzeug bleibt selbst in brenzligen Momenten zuverl\u00e4ssig und sorgt daf\u00fcr, dass man jederzeit die Kontrolle beh\u00e4lt. Basierend auf den bew\u00e4hrten Rettungsmessern von B\u00f6ker Plus und Magnum.","breadcrumb":{"@id":"https:\/\/ueberlebenskunst.at\/survivalshop\/shop\/boeker-plus-utility-otf\/#breadcrumb"},"inLanguage":"de","potentialAction":[{"@type":"ReadAction","target":["https:\/\/ueberlebenskunst.at\/survivalshop\/shop\/boeker-plus-utility-otf\/"]}]},{"@type":"ImageObject","inLanguage":"de","@id":"https:\/\/ueberlebenskunst.at\/survivalshop\/shop\/boeker-plus-utility-otf\/#primaryimage","url":"https:\/\/ueberlebenskunst.at\/survivalshop\/wp-content\/uploads\/2024\/09\/01BP0018.jpg","contentUrl":"https:\/\/ueberlebenskunst.at\/survivalshop\/wp-content\/uploads\/2024\/09\/01BP0018.jpg","width":400,"height":400},{"@type":"BreadcrumbList","@id":"https:\/\/ueberlebenskunst.at\/survivalshop\/shop\/boeker-plus-utility-otf\/#breadcrumb","itemListElement":[{"@type":"ListItem","position":1,"name":"Startseite","item":"https:\/\/ueberlebenskunst.at\/survivalshop\/"},{"@type":"ListItem","position":2,"name":"Shop","item":"https:\/\/ueberlebenskunst.at\/survivalshop\/shop\/"},{"@type":"ListItem","position":3,"name":"B\u00f6ker Plus Utility OTF"}]},{"@type":"WebSite","@id":"https:\/\/ueberlebenskunst.at\/survivalshop\/#website","url":"https:\/\/ueberlebenskunst.at\/survivalshop\/","name":"Reini Rossmann - Survival Shop","description":"Survival Shop f\u00fcr Survival, Bushcraft und Prepper","potentialAction":[{"@type":"SearchAction","target":{"@type":"EntryPoint","urlTemplate":"https:\/\/ueberlebenskunst.at\/survivalshop\/?s={search_term_string}"},"query-input":{"@type":"PropertyValueSpecification","valueRequired":true,"valueName":"search_term_string"}}],"inLanguage":"de"}]}},"_links":{"self":[{"href":"https:\/\/ueberlebenskunst.at\/survivalshop\/wp-json\/wp\/v2\/product\/171904","targetHints":{"allow":["GET"]}}],"collection":[{"href":"https:\/\/ueberlebenskunst.at\/survivalshop\/wp-json\/wp\/v2\/product"}],"about":[{"href":"https:\/\/ueberlebenskunst.at\/survivalshop\/wp-json\/wp\/v2\/types\/product"}],"replies":[{"embeddable":true,"href":"https:\/\/ueberlebenskunst.at\/survivalshop\/wp-json\/wp\/v2\/comments?post=171904"}],"wp:featuredmedia":[{"embeddable":true,"href":"https:\/\/ueberlebenskunst.at\/survivalshop\/wp-json\/wp\/v2\/media\/171907"}],"wp:attachment":[{"href":"https:\/\/ueberlebenskunst.at\/survivalshop\/wp-json\/wp\/v2\/media?parent=171904"}],"wp:term":[{"taxonomy":"product_brand","embeddable":true,"href":"https:\/\/ueberlebenskunst.at\/survivalshop\/wp-json\/wp\/v2\/product_brand?post=171904"},{"taxonomy":"product_cat","embeddable":true,"href":"https:\/\/ueberlebenskunst.at\/survivalshop\/wp-json\/wp\/v2\/product_cat?post=171904"},{"taxonomy":"product_tag","embeddable":true,"href":"https:\/\/ueberlebenskunst.at\/survivalshop\/wp-json\/wp\/v2\/product_tag?post=171904"}],"curies":[{"name":"wp","href":"https:\/\/api.w.org\/{rel}","templated":true}]}}