{"id":171644,"date":"2024-09-02T13:35:16","date_gmt":"2024-09-02T11:35:16","guid":{"rendered":"https:\/\/ueberlebenskunst.at\/survivalshop\/?post_type=product&#038;p=171644"},"modified":"2026-05-04T15:48:45","modified_gmt":"2026-05-04T13:48:45","slug":"xxl-feuerstahl-b-ware","status":"publish","type":"product","link":"https:\/\/ueberlebenskunst.at\/survivalshop\/shop\/xxl-feuerstahl-b-ware\/","title":{"rendered":"B-Ware XXL Feuerstahl Schwarz mit PA6 Griff"},"content":{"rendered":"<p>B-Ware bedeutet, dass das Produkt kleinere Unsch\u00f6nheiten, kleine Besch\u00e4digungen am Feuerstahl aufweist oder nicht immer ganz perfekt ist. Diese Unsch\u00f6nheiten w\u00fcrdest du aber nach mehrmaligen Benutzen des Feuerstahls ohnehin nicht mehr merken. Bitte nur dann kaufen, wenn dir bewusst ist, dass du keine 100%ige A-Ware bekommst.<\/p>\n<p>Qualit\u00e4t aus \u00d6sterreich: Der Griff dieses XXL Feuerstabs wurde im Spritzgussverfahren hergestellt, die Einzelteile in \u00d6sterreich im Hause Reini Rossmann montiert und einer strengen Qualit\u00e4tspr\u00fcfung unterzogen.<br \/>\nEinfache Anwendung: Dank der speziellen Zusammensetzung des Feuerstahl werden extrem hei\u00dfe Funken erzeugt.<br \/>\nExtreme Bedingungen: Unser Feuerstarter ist f\u00fcr Notfall Survival Situationen ausgelegt und ist auch im nassen Zustand anwendbar. Aber auch f\u00fcr Camping, Bushcraft, Trekking und Krisenvorbereitung.<br \/>\nPerfektes Notfall Feuerzeug: Unser Feuerstein hat Im Innen des Griff einen wasserfesten Hohlraum, in dem Zunder transportiert werden kann.<\/p>\n<h3><strong>Produktdaten:<\/strong><\/h3>\n<ul>\n<li>Farbe: Schwarz<\/li>\n<li>Abmessungen: nur Feuerstahl: 120 x 12 mm, komplett: 205 mm x D = 25 mm<\/li>\n<\/ul>\n<h3><strong>Lieferumfang:<\/strong><\/h3>\n<ul>\n<li>Feuerstahl mit Griff<\/li>\n<li>Elastisches Cord<\/li>\n<li>Gummidichtung<\/li>\n<li>Striker<\/li>\n<li>Beads<\/li>\n<li>Zunder<\/li>\n<li><strong>ACHTUNG: auf den Produktbildern befindet sich optionales Zubeh\u00f6r, das im Lieferumfang NICHT enthalten ist.<\/strong><\/li>\n<\/ul>\n<h3><strong>Passendes, extra erh\u00e4ltliches Zubeh\u00f6r (nicht im Lieferumfang enthalten):<\/strong><\/h3>\n<ul>\n<li><a href=\"https:\/\/ueberlebenskunst.at\/survivalshop\/shop\/striker-mit-griff-fuer-den-letzten-feuerstahl-deines-lebens\/\" target=\"_blank\" rel=\"noopener\">Striker mit Griff<\/a><\/li>\n<li><a href=\"https:\/\/ueberlebenskunst.at\/survivalshop\/shop\/guertelhalter-fuer-xxl-feuerstahl-mit-griff-aus-der-rr-werkstatt\/\" target=\"_blank\" rel=\"noopener\">G\u00fcrtelhalter f\u00fcr XXL Feuerstahl<\/a><\/li>\n<\/ul>\n<h3><strong>Bedienungs- &amp; Pflegeanleitung:<\/strong><\/h3>\n<ul>\n<li>Die Reinigung mit Wasser und Seife ist m\u00f6glich.<\/li>\n<li>Du solltest das Produkt nicht direkt in die N\u00e4he von Feuer oder anderen Hitzequellen legen!<\/li>\n<li>Wird das Produkt \u00fcber l\u00e4ngere Zeit sehr kalten Temperaturen unter 0 \u00b0C ausgesetzt, solltest du<br \/>\nin dem Moment darauf achten, dass keine starken Belastungen darauf einwirken.<\/li>\n<\/ul>\n<p>Unsere Produkte sind nicht f\u00fcr Kinder unter 3 Jahren geeignet. Es besteht Verschluckungsgefahr.<\/p>\n<p><a href=\"https:\/\/ueberlebenskunst.at\/survivalshop\/wp-content\/uploads\/2021\/11\/Logo_Kubotan.png\"><img decoding=\"async\" class=\"alignnone size-medium wp-image-179572\" src=\"https:\/\/ueberlebenskunst.at\/survivalshop\/wp-content\/uploads\/2021\/11\/Logo_Kubotan-300x94.png\" alt=\"\" width=\"300\" height=\"94\" srcset=\"https:\/\/ueberlebenskunst.at\/survivalshop\/wp-content\/uploads\/2021\/11\/Logo_Kubotan-300x94.png 300w, https:\/\/ueberlebenskunst.at\/survivalshop\/wp-content\/uploads\/2021\/11\/Logo_Kubotan-64x20.png 64w, https:\/\/ueberlebenskunst.at\/survivalshop\/wp-content\/uploads\/2021\/11\/Logo_Kubotan.png 537w\" sizes=\"(max-width: 300px) 100vw, 300px\" \/><\/a><\/p>\n","protected":false},"excerpt":{"rendered":"<p>B-Ware bedeutet, dass das Produkt kleinere Unsch\u00f6nheiten, kleine Besch\u00e4digungen am Feuerstahl aufweist oder nicht immer ganz perfekt ist. Diese Unsch\u00f6nheiten w\u00fcrdest du aber nach mehrmaligen Benutzen des Feuerstahls ohnehin nicht mehr merken. Bitte nur dann kaufen, wenn dir bewusst ist, dass du keine 100%ige A-Ware bekommst. Qualit\u00e4t aus \u00d6sterreich: Der Griff dieses XXL Feuerstabs wurde [&hellip;]<\/p>\n","protected":false},"featured_media":184833,"comment_status":"open","ping_status":"closed","template":"","meta":{"_acf_changed":false},"product_brand":[],"product_cat":[2352,1945],"product_tag":[2557,236,613,885,1273],"class_list":{"0":"post-171644","1":"product","2":"type-product","3":"status-publish","4":"has-post-thumbnail","6":"product_cat-b-ware","7":"product_cat-survivalausruestung","8":"product_tag-bf2025","9":"product_tag-feuerstahl","10":"product_tag-notfallausruestung","11":"product_tag-oma-liste","12":"product_tag-reini-rossmann","14":"first","15":"instock","16":"sale","17":"taxable","18":"shipping-taxable","19":"purchasable","20":"product-type-simple"},"acf":[],"yoast_head":"<!-- This site is optimized with the Yoast SEO plugin v27.1.1 - https:\/\/yoast.com\/product\/yoast-seo-wordpress\/ -->\n<title>B-Ware XXL Feuerstahl Schwarz mit PA6 Griff - Reini Rossmann - Survival Shop<\/title>\n<meta name=\"robots\" content=\"index, follow, max-snippet:-1, max-image-preview:large, max-video-preview:-1\" \/>\n<link rel=\"canonical\" href=\"https:\/\/ueberlebenskunst.at\/survivalshop\/shop\/xxl-feuerstahl-b-ware\/\" \/>\n<meta property=\"og:locale\" content=\"de_DE\" \/>\n<meta property=\"og:type\" content=\"article\" \/>\n<meta property=\"og:title\" content=\"B-Ware XXL Feuerstahl Schwarz mit PA6 Griff - Reini Rossmann - Survival Shop\" \/>\n<meta property=\"og:description\" content=\"B-Ware bedeutet, dass das Produkt kleinere Unsch\u00f6nheiten, kleine Besch\u00e4digungen am Feuerstahl aufweist oder nicht immer ganz perfekt ist. Diese Unsch\u00f6nheiten w\u00fcrdest du aber nach mehrmaligen Benutzen des Feuerstahls ohnehin nicht mehr merken. Bitte nur dann kaufen, wenn dir bewusst ist, dass du keine 100%ige A-Ware bekommst. Qualit\u00e4t aus \u00d6sterreich: Der Griff dieses XXL Feuerstabs wurde [&hellip;]\" \/>\n<meta property=\"og:url\" content=\"https:\/\/ueberlebenskunst.at\/survivalshop\/shop\/xxl-feuerstahl-b-ware\/\" \/>\n<meta property=\"og:site_name\" content=\"Reini Rossmann - Survival Shop\" \/>\n<meta property=\"article:publisher\" content=\"https:\/\/www.facebook.com\/survival24.org\/\" \/>\n<meta property=\"article:modified_time\" content=\"2026-05-04T13:48:45+00:00\" \/>\n<meta property=\"og:image\" content=\"https:\/\/ueberlebenskunst.at\/survivalshop\/wp-content\/uploads\/2024\/09\/FG_B-Ware.jpg\" \/>\n\t<meta property=\"og:image:width\" content=\"400\" \/>\n\t<meta property=\"og:image:height\" content=\"417\" \/>\n\t<meta property=\"og:image:type\" content=\"image\/jpeg\" \/>\n<meta name=\"twitter:card\" content=\"summary_large_image\" \/>\n<meta name=\"twitter:label1\" content=\"Gesch\u00e4tzte Lesezeit\" \/>\n\t<meta name=\"twitter:data1\" content=\"2\u00a0Minuten\" \/>\n<script type=\"application\/ld+json\" class=\"yoast-schema-graph\">{\"@context\":\"https:\/\/schema.org\",\"@graph\":[{\"@type\":\"WebPage\",\"@id\":\"https:\/\/ueberlebenskunst.at\/survivalshop\/shop\/xxl-feuerstahl-b-ware\/\",\"url\":\"https:\/\/ueberlebenskunst.at\/survivalshop\/shop\/xxl-feuerstahl-b-ware\/\",\"name\":\"B-Ware XXL Feuerstahl Schwarz mit PA6 Griff - Reini Rossmann - Survival Shop\",\"isPartOf\":{\"@id\":\"https:\/\/ueberlebenskunst.at\/survivalshop\/#website\"},\"primaryImageOfPage\":{\"@id\":\"https:\/\/ueberlebenskunst.at\/survivalshop\/shop\/xxl-feuerstahl-b-ware\/#primaryimage\"},\"image\":{\"@id\":\"https:\/\/ueberlebenskunst.at\/survivalshop\/shop\/xxl-feuerstahl-b-ware\/#primaryimage\"},\"thumbnailUrl\":\"https:\/\/ueberlebenskunst.at\/survivalshop\/wp-content\/uploads\/2024\/09\/FG_B-Ware.jpg\",\"datePublished\":\"2024-09-02T11:35:16+00:00\",\"dateModified\":\"2026-05-04T13:48:45+00:00\",\"breadcrumb\":{\"@id\":\"https:\/\/ueberlebenskunst.at\/survivalshop\/shop\/xxl-feuerstahl-b-ware\/#breadcrumb\"},\"inLanguage\":\"de\",\"potentialAction\":[{\"@type\":\"ReadAction\",\"target\":[\"https:\/\/ueberlebenskunst.at\/survivalshop\/shop\/xxl-feuerstahl-b-ware\/\"]}]},{\"@type\":\"ImageObject\",\"inLanguage\":\"de\",\"@id\":\"https:\/\/ueberlebenskunst.at\/survivalshop\/shop\/xxl-feuerstahl-b-ware\/#primaryimage\",\"url\":\"https:\/\/ueberlebenskunst.at\/survivalshop\/wp-content\/uploads\/2024\/09\/FG_B-Ware.jpg\",\"contentUrl\":\"https:\/\/ueberlebenskunst.at\/survivalshop\/wp-content\/uploads\/2024\/09\/FG_B-Ware.jpg\",\"width\":400,\"height\":417},{\"@type\":\"BreadcrumbList\",\"@id\":\"https:\/\/ueberlebenskunst.at\/survivalshop\/shop\/xxl-feuerstahl-b-ware\/#breadcrumb\",\"itemListElement\":[{\"@type\":\"ListItem\",\"position\":1,\"name\":\"Startseite\",\"item\":\"https:\/\/ueberlebenskunst.at\/survivalshop\/\"},{\"@type\":\"ListItem\",\"position\":2,\"name\":\"Shop\",\"item\":\"https:\/\/ueberlebenskunst.at\/survivalshop\/shop\/\"},{\"@type\":\"ListItem\",\"position\":3,\"name\":\"B-Ware XXL Feuerstahl Schwarz mit PA6 Griff\"}]},{\"@type\":\"WebSite\",\"@id\":\"https:\/\/ueberlebenskunst.at\/survivalshop\/#website\",\"url\":\"https:\/\/ueberlebenskunst.at\/survivalshop\/\",\"name\":\"Reini Rossmann - Survival Shop\",\"description\":\"Survival Shop f\u00fcr Survival, Bushcraft und Prepper\",\"potentialAction\":[{\"@type\":\"SearchAction\",\"target\":{\"@type\":\"EntryPoint\",\"urlTemplate\":\"https:\/\/ueberlebenskunst.at\/survivalshop\/?s={search_term_string}\"},\"query-input\":{\"@type\":\"PropertyValueSpecification\",\"valueRequired\":true,\"valueName\":\"search_term_string\"}}],\"inLanguage\":\"de\"}]}<\/script>\n<!-- \/ Yoast SEO plugin. -->","yoast_head_json":{"title":"B-Ware XXL Feuerstahl Schwarz mit PA6 Griff - Reini Rossmann - Survival Shop","robots":{"index":"index","follow":"follow","max-snippet":"max-snippet:-1","max-image-preview":"max-image-preview:large","max-video-preview":"max-video-preview:-1"},"canonical":"https:\/\/ueberlebenskunst.at\/survivalshop\/shop\/xxl-feuerstahl-b-ware\/","og_locale":"de_DE","og_type":"article","og_title":"B-Ware XXL Feuerstahl Schwarz mit PA6 Griff - Reini Rossmann - Survival Shop","og_description":"B-Ware bedeutet, dass das Produkt kleinere Unsch\u00f6nheiten, kleine Besch\u00e4digungen am Feuerstahl aufweist oder nicht immer ganz perfekt ist. Diese Unsch\u00f6nheiten w\u00fcrdest du aber nach mehrmaligen Benutzen des Feuerstahls ohnehin nicht mehr merken. Bitte nur dann kaufen, wenn dir bewusst ist, dass du keine 100%ige A-Ware bekommst. Qualit\u00e4t aus \u00d6sterreich: Der Griff dieses XXL Feuerstabs wurde [&hellip;]","og_url":"https:\/\/ueberlebenskunst.at\/survivalshop\/shop\/xxl-feuerstahl-b-ware\/","og_site_name":"Reini Rossmann - Survival Shop","article_publisher":"https:\/\/www.facebook.com\/survival24.org\/","article_modified_time":"2026-05-04T13:48:45+00:00","og_image":[{"width":400,"height":417,"url":"https:\/\/ueberlebenskunst.at\/survivalshop\/wp-content\/uploads\/2024\/09\/FG_B-Ware.jpg","type":"image\/jpeg"}],"twitter_card":"summary_large_image","twitter_misc":{"Gesch\u00e4tzte Lesezeit":"2\u00a0Minuten"},"schema":{"@context":"https:\/\/schema.org","@graph":[{"@type":"WebPage","@id":"https:\/\/ueberlebenskunst.at\/survivalshop\/shop\/xxl-feuerstahl-b-ware\/","url":"https:\/\/ueberlebenskunst.at\/survivalshop\/shop\/xxl-feuerstahl-b-ware\/","name":"B-Ware XXL Feuerstahl Schwarz mit PA6 Griff - Reini Rossmann - Survival Shop","isPartOf":{"@id":"https:\/\/ueberlebenskunst.at\/survivalshop\/#website"},"primaryImageOfPage":{"@id":"https:\/\/ueberlebenskunst.at\/survivalshop\/shop\/xxl-feuerstahl-b-ware\/#primaryimage"},"image":{"@id":"https:\/\/ueberlebenskunst.at\/survivalshop\/shop\/xxl-feuerstahl-b-ware\/#primaryimage"},"thumbnailUrl":"https:\/\/ueberlebenskunst.at\/survivalshop\/wp-content\/uploads\/2024\/09\/FG_B-Ware.jpg","datePublished":"2024-09-02T11:35:16+00:00","dateModified":"2026-05-04T13:48:45+00:00","breadcrumb":{"@id":"https:\/\/ueberlebenskunst.at\/survivalshop\/shop\/xxl-feuerstahl-b-ware\/#breadcrumb"},"inLanguage":"de","potentialAction":[{"@type":"ReadAction","target":["https:\/\/ueberlebenskunst.at\/survivalshop\/shop\/xxl-feuerstahl-b-ware\/"]}]},{"@type":"ImageObject","inLanguage":"de","@id":"https:\/\/ueberlebenskunst.at\/survivalshop\/shop\/xxl-feuerstahl-b-ware\/#primaryimage","url":"https:\/\/ueberlebenskunst.at\/survivalshop\/wp-content\/uploads\/2024\/09\/FG_B-Ware.jpg","contentUrl":"https:\/\/ueberlebenskunst.at\/survivalshop\/wp-content\/uploads\/2024\/09\/FG_B-Ware.jpg","width":400,"height":417},{"@type":"BreadcrumbList","@id":"https:\/\/ueberlebenskunst.at\/survivalshop\/shop\/xxl-feuerstahl-b-ware\/#breadcrumb","itemListElement":[{"@type":"ListItem","position":1,"name":"Startseite","item":"https:\/\/ueberlebenskunst.at\/survivalshop\/"},{"@type":"ListItem","position":2,"name":"Shop","item":"https:\/\/ueberlebenskunst.at\/survivalshop\/shop\/"},{"@type":"ListItem","position":3,"name":"B-Ware XXL Feuerstahl Schwarz mit PA6 Griff"}]},{"@type":"WebSite","@id":"https:\/\/ueberlebenskunst.at\/survivalshop\/#website","url":"https:\/\/ueberlebenskunst.at\/survivalshop\/","name":"Reini Rossmann - Survival Shop","description":"Survival Shop f\u00fcr Survival, Bushcraft und Prepper","potentialAction":[{"@type":"SearchAction","target":{"@type":"EntryPoint","urlTemplate":"https:\/\/ueberlebenskunst.at\/survivalshop\/?s={search_term_string}"},"query-input":{"@type":"PropertyValueSpecification","valueRequired":true,"valueName":"search_term_string"}}],"inLanguage":"de"}]}},"_links":{"self":[{"href":"https:\/\/ueberlebenskunst.at\/survivalshop\/wp-json\/wp\/v2\/product\/171644","targetHints":{"allow":["GET"]}}],"collection":[{"href":"https:\/\/ueberlebenskunst.at\/survivalshop\/wp-json\/wp\/v2\/product"}],"about":[{"href":"https:\/\/ueberlebenskunst.at\/survivalshop\/wp-json\/wp\/v2\/types\/product"}],"replies":[{"embeddable":true,"href":"https:\/\/ueberlebenskunst.at\/survivalshop\/wp-json\/wp\/v2\/comments?post=171644"}],"wp:featuredmedia":[{"embeddable":true,"href":"https:\/\/ueberlebenskunst.at\/survivalshop\/wp-json\/wp\/v2\/media\/184833"}],"wp:attachment":[{"href":"https:\/\/ueberlebenskunst.at\/survivalshop\/wp-json\/wp\/v2\/media?parent=171644"}],"wp:term":[{"taxonomy":"product_brand","embeddable":true,"href":"https:\/\/ueberlebenskunst.at\/survivalshop\/wp-json\/wp\/v2\/product_brand?post=171644"},{"taxonomy":"product_cat","embeddable":true,"href":"https:\/\/ueberlebenskunst.at\/survivalshop\/wp-json\/wp\/v2\/product_cat?post=171644"},{"taxonomy":"product_tag","embeddable":true,"href":"https:\/\/ueberlebenskunst.at\/survivalshop\/wp-json\/wp\/v2\/product_tag?post=171644"}],"curies":[{"name":"wp","href":"https:\/\/api.w.org\/{rel}","templated":true}]}}