{"id":171591,"date":"2024-09-02T08:58:36","date_gmt":"2024-09-02T06:58:36","guid":{"rendered":"https:\/\/ueberlebenskunst.at\/survivalshop\/?post_type=product&#038;p=171591"},"modified":"2026-05-08T00:08:25","modified_gmt":"2026-05-07T22:08:25","slug":"ek-archery-revo-7-ersatzmagazin","status":"publish","type":"product","link":"https:\/\/ueberlebenskunst.at\/survivalshop\/shop\/ek-archery-revo-7-ersatzmagazin\/","title":{"rendered":"EK Archery REVO 7 Ersatzmagazin"},"content":{"rendered":"<p>Ersatzmagazin f\u00fcr die REVO 7 Armbrust f\u00fcr 7 Bolzen.<\/p>\n<h3>Produktdaten:<\/h3>\n<ul>\n<li>Nur kompatibel mit <a href=\"https:\/\/ueberlebenskunst.at\/survivalshop\/shop\/ek-archery-revo-7-pistolenarmbrust\/\" target=\"_blank\" rel=\"noopener\">REVO 7 Armbrust<\/a><\/li>\n<li>Fassungsverm\u00f6gen 7 Bolzen<\/li>\n<\/ul>\n<h3>Lieferumfang:<\/h3>\n<ul>\n<li>1x 7-Schuss-Magazin<\/li>\n<li>Es sind KEINE Bolzen dabei<\/li>\n<\/ul>\n<div class=\"flex max-w-full flex-col flex-grow\">\n<div class=\"min-h-[20px] text-message flex w-full flex-col items-end gap-2 break-words [.text-message+&amp;]:mt-5 overflow-x-auto whitespace-pre-wrap\" dir=\"auto\" data-message-author-role=\"assistant\" data-message-id=\"583e9786-4dfb-4b89-aac3-dab2c2542075\">\n<div class=\"flex w-full flex-col gap-1 empty:hidden first:pt-[3px]\">\n<div class=\"markdown prose w-full break-words dark:prose-invert light\">\n<h3>Empfohlenes, optionales (separat erh\u00e4ltliches) Zubeh\u00f6r:<\/h3>\n<\/div>\n<\/div>\n<\/div>\n<\/div>\n<ul>\n<li><a href=\"https:\/\/ueberlebenskunst.at\/survivalshop\/shop\/ek-archery-revo-7-wurfarm\/\" target=\"_blank\" rel=\"noopener\">Wurfarme 30, 60, 90 oder 120 lbs<\/a><\/li>\n<li><a href=\"https:\/\/ueberlebenskunst.at\/survivalshop\/shop\/ek-archery-revo-7-transport-tasche\/\" target=\"_blank\" rel=\"noopener\">Tasche f\u00fcr Revo 7<\/a><\/li>\n<li><a href=\"https:\/\/ueberlebenskunst.at\/survivalshop\/shop\/ek-archery-revo-7-pfeile\/\" target=\"_blank\" rel=\"noopener\">Pfeile f\u00fcr Revo 7<\/a><\/li>\n<li><a href=\"https:\/\/ueberlebenskunst.at\/survivalshop\/shop\/ek-vlad-sehne-fuer-wurfarm-60lbs-und-90lbs\/\" target=\"_blank\" rel=\"noopener\">Ersatzsehne<\/a><\/li>\n<\/ul>\n","protected":false},"excerpt":{"rendered":"<p>Ersatzmagazin f\u00fcr die REVO 7 Armbrust f\u00fcr 7 Bolzen. Produktdaten: Nur kompatibel mit REVO 7 Armbrust Fassungsverm\u00f6gen 7 Bolzen Lieferumfang: 1x 7-Schuss-Magazin Es sind KEINE Bolzen dabei Empfohlenes, optionales (separat erh\u00e4ltliches) Zubeh\u00f6r: Wurfarme 30, 60, 90 oder 120 lbs Tasche f\u00fcr Revo 7 Pfeile f\u00fcr Revo 7 Ersatzsehne<\/p>\n","protected":false},"featured_media":171592,"comment_status":"open","ping_status":"closed","template":"","meta":{"_acf_changed":false},"product_brand":[],"product_cat":[2332],"product_tag":[2333],"class_list":{"0":"post-171591","1":"product","2":"type-product","3":"status-publish","4":"has-post-thumbnail","6":"product_cat-ek-archery-revo-7","7":"product_tag-revo-7","9":"first","10":"instock","11":"taxable","12":"shipping-taxable","13":"purchasable","14":"product-type-simple"},"acf":[],"yoast_head":"<!-- This site is optimized with the Yoast SEO plugin v27.1.1 - https:\/\/yoast.com\/product\/yoast-seo-wordpress\/ -->\n<title>EK Archery REVO 7 Ersatzmagazin - Reini Rossmann - Survival Shop<\/title>\n<meta name=\"description\" content=\"Ersatzmagazin f\u00fcr die REVO 7 Armbrust mit 7 Bolzen.\" \/>\n<meta name=\"robots\" content=\"index, follow, max-snippet:-1, max-image-preview:large, max-video-preview:-1\" \/>\n<link rel=\"canonical\" href=\"https:\/\/ueberlebenskunst.at\/survivalshop\/shop\/ek-archery-revo-7-ersatzmagazin\/\" \/>\n<meta property=\"og:locale\" content=\"de_DE\" \/>\n<meta property=\"og:type\" content=\"article\" \/>\n<meta property=\"og:title\" content=\"EK Archery REVO 7 Ersatzmagazin - Reini Rossmann - Survival Shop\" \/>\n<meta property=\"og:description\" content=\"Ersatzmagazin f\u00fcr die REVO 7 Armbrust mit 7 Bolzen.\" \/>\n<meta property=\"og:url\" content=\"https:\/\/ueberlebenskunst.at\/survivalshop\/shop\/ek-archery-revo-7-ersatzmagazin\/\" \/>\n<meta property=\"og:site_name\" content=\"Reini Rossmann - Survival Shop\" \/>\n<meta property=\"article:publisher\" content=\"https:\/\/www.facebook.com\/survival24.org\/\" \/>\n<meta property=\"article:modified_time\" content=\"2026-05-07T22:08:25+00:00\" \/>\n<meta property=\"og:image\" content=\"https:\/\/ueberlebenskunst.at\/survivalshop\/wp-content\/uploads\/2024\/09\/B10070.jpg\" \/>\n\t<meta property=\"og:image:width\" content=\"400\" \/>\n\t<meta property=\"og:image:height\" content=\"399\" \/>\n\t<meta property=\"og:image:type\" content=\"image\/jpeg\" \/>\n<meta name=\"twitter:card\" content=\"summary_large_image\" \/>\n<meta name=\"twitter:label1\" content=\"Gesch\u00e4tzte Lesezeit\" \/>\n\t<meta name=\"twitter:data1\" content=\"1\u00a0Minute\" \/>\n<script type=\"application\/ld+json\" class=\"yoast-schema-graph\">{\"@context\":\"https:\/\/schema.org\",\"@graph\":[{\"@type\":\"WebPage\",\"@id\":\"https:\/\/ueberlebenskunst.at\/survivalshop\/shop\/ek-archery-revo-7-ersatzmagazin\/\",\"url\":\"https:\/\/ueberlebenskunst.at\/survivalshop\/shop\/ek-archery-revo-7-ersatzmagazin\/\",\"name\":\"EK Archery REVO 7 Ersatzmagazin - Reini Rossmann - Survival Shop\",\"isPartOf\":{\"@id\":\"https:\/\/ueberlebenskunst.at\/survivalshop\/#website\"},\"primaryImageOfPage\":{\"@id\":\"https:\/\/ueberlebenskunst.at\/survivalshop\/shop\/ek-archery-revo-7-ersatzmagazin\/#primaryimage\"},\"image\":{\"@id\":\"https:\/\/ueberlebenskunst.at\/survivalshop\/shop\/ek-archery-revo-7-ersatzmagazin\/#primaryimage\"},\"thumbnailUrl\":\"https:\/\/ueberlebenskunst.at\/survivalshop\/wp-content\/uploads\/2024\/09\/B10070.jpg\",\"datePublished\":\"2024-09-02T06:58:36+00:00\",\"dateModified\":\"2026-05-07T22:08:25+00:00\",\"description\":\"Ersatzmagazin f\u00fcr die REVO 7 Armbrust mit 7 Bolzen.\",\"breadcrumb\":{\"@id\":\"https:\/\/ueberlebenskunst.at\/survivalshop\/shop\/ek-archery-revo-7-ersatzmagazin\/#breadcrumb\"},\"inLanguage\":\"de\",\"potentialAction\":[{\"@type\":\"ReadAction\",\"target\":[\"https:\/\/ueberlebenskunst.at\/survivalshop\/shop\/ek-archery-revo-7-ersatzmagazin\/\"]}]},{\"@type\":\"ImageObject\",\"inLanguage\":\"de\",\"@id\":\"https:\/\/ueberlebenskunst.at\/survivalshop\/shop\/ek-archery-revo-7-ersatzmagazin\/#primaryimage\",\"url\":\"https:\/\/ueberlebenskunst.at\/survivalshop\/wp-content\/uploads\/2024\/09\/B10070.jpg\",\"contentUrl\":\"https:\/\/ueberlebenskunst.at\/survivalshop\/wp-content\/uploads\/2024\/09\/B10070.jpg\",\"width\":400,\"height\":399},{\"@type\":\"BreadcrumbList\",\"@id\":\"https:\/\/ueberlebenskunst.at\/survivalshop\/shop\/ek-archery-revo-7-ersatzmagazin\/#breadcrumb\",\"itemListElement\":[{\"@type\":\"ListItem\",\"position\":1,\"name\":\"Startseite\",\"item\":\"https:\/\/ueberlebenskunst.at\/survivalshop\/\"},{\"@type\":\"ListItem\",\"position\":2,\"name\":\"Shop\",\"item\":\"https:\/\/ueberlebenskunst.at\/survivalshop\/shop\/\"},{\"@type\":\"ListItem\",\"position\":3,\"name\":\"EK Archery REVO 7 Ersatzmagazin\"}]},{\"@type\":\"WebSite\",\"@id\":\"https:\/\/ueberlebenskunst.at\/survivalshop\/#website\",\"url\":\"https:\/\/ueberlebenskunst.at\/survivalshop\/\",\"name\":\"Reini Rossmann - Survival Shop\",\"description\":\"Survival Shop f\u00fcr Survival, Bushcraft und Prepper\",\"potentialAction\":[{\"@type\":\"SearchAction\",\"target\":{\"@type\":\"EntryPoint\",\"urlTemplate\":\"https:\/\/ueberlebenskunst.at\/survivalshop\/?s={search_term_string}\"},\"query-input\":{\"@type\":\"PropertyValueSpecification\",\"valueRequired\":true,\"valueName\":\"search_term_string\"}}],\"inLanguage\":\"de\"}]}<\/script>\n<!-- \/ Yoast SEO plugin. -->","yoast_head_json":{"title":"EK Archery REVO 7 Ersatzmagazin - Reini Rossmann - Survival Shop","description":"Ersatzmagazin f\u00fcr die REVO 7 Armbrust mit 7 Bolzen.","robots":{"index":"index","follow":"follow","max-snippet":"max-snippet:-1","max-image-preview":"max-image-preview:large","max-video-preview":"max-video-preview:-1"},"canonical":"https:\/\/ueberlebenskunst.at\/survivalshop\/shop\/ek-archery-revo-7-ersatzmagazin\/","og_locale":"de_DE","og_type":"article","og_title":"EK Archery REVO 7 Ersatzmagazin - Reini Rossmann - Survival Shop","og_description":"Ersatzmagazin f\u00fcr die REVO 7 Armbrust mit 7 Bolzen.","og_url":"https:\/\/ueberlebenskunst.at\/survivalshop\/shop\/ek-archery-revo-7-ersatzmagazin\/","og_site_name":"Reini Rossmann - Survival Shop","article_publisher":"https:\/\/www.facebook.com\/survival24.org\/","article_modified_time":"2026-05-07T22:08:25+00:00","og_image":[{"width":400,"height":399,"url":"https:\/\/ueberlebenskunst.at\/survivalshop\/wp-content\/uploads\/2024\/09\/B10070.jpg","type":"image\/jpeg"}],"twitter_card":"summary_large_image","twitter_misc":{"Gesch\u00e4tzte Lesezeit":"1\u00a0Minute"},"schema":{"@context":"https:\/\/schema.org","@graph":[{"@type":"WebPage","@id":"https:\/\/ueberlebenskunst.at\/survivalshop\/shop\/ek-archery-revo-7-ersatzmagazin\/","url":"https:\/\/ueberlebenskunst.at\/survivalshop\/shop\/ek-archery-revo-7-ersatzmagazin\/","name":"EK Archery REVO 7 Ersatzmagazin - Reini Rossmann - Survival Shop","isPartOf":{"@id":"https:\/\/ueberlebenskunst.at\/survivalshop\/#website"},"primaryImageOfPage":{"@id":"https:\/\/ueberlebenskunst.at\/survivalshop\/shop\/ek-archery-revo-7-ersatzmagazin\/#primaryimage"},"image":{"@id":"https:\/\/ueberlebenskunst.at\/survivalshop\/shop\/ek-archery-revo-7-ersatzmagazin\/#primaryimage"},"thumbnailUrl":"https:\/\/ueberlebenskunst.at\/survivalshop\/wp-content\/uploads\/2024\/09\/B10070.jpg","datePublished":"2024-09-02T06:58:36+00:00","dateModified":"2026-05-07T22:08:25+00:00","description":"Ersatzmagazin f\u00fcr die REVO 7 Armbrust mit 7 Bolzen.","breadcrumb":{"@id":"https:\/\/ueberlebenskunst.at\/survivalshop\/shop\/ek-archery-revo-7-ersatzmagazin\/#breadcrumb"},"inLanguage":"de","potentialAction":[{"@type":"ReadAction","target":["https:\/\/ueberlebenskunst.at\/survivalshop\/shop\/ek-archery-revo-7-ersatzmagazin\/"]}]},{"@type":"ImageObject","inLanguage":"de","@id":"https:\/\/ueberlebenskunst.at\/survivalshop\/shop\/ek-archery-revo-7-ersatzmagazin\/#primaryimage","url":"https:\/\/ueberlebenskunst.at\/survivalshop\/wp-content\/uploads\/2024\/09\/B10070.jpg","contentUrl":"https:\/\/ueberlebenskunst.at\/survivalshop\/wp-content\/uploads\/2024\/09\/B10070.jpg","width":400,"height":399},{"@type":"BreadcrumbList","@id":"https:\/\/ueberlebenskunst.at\/survivalshop\/shop\/ek-archery-revo-7-ersatzmagazin\/#breadcrumb","itemListElement":[{"@type":"ListItem","position":1,"name":"Startseite","item":"https:\/\/ueberlebenskunst.at\/survivalshop\/"},{"@type":"ListItem","position":2,"name":"Shop","item":"https:\/\/ueberlebenskunst.at\/survivalshop\/shop\/"},{"@type":"ListItem","position":3,"name":"EK Archery REVO 7 Ersatzmagazin"}]},{"@type":"WebSite","@id":"https:\/\/ueberlebenskunst.at\/survivalshop\/#website","url":"https:\/\/ueberlebenskunst.at\/survivalshop\/","name":"Reini Rossmann - Survival Shop","description":"Survival Shop f\u00fcr Survival, Bushcraft und Prepper","potentialAction":[{"@type":"SearchAction","target":{"@type":"EntryPoint","urlTemplate":"https:\/\/ueberlebenskunst.at\/survivalshop\/?s={search_term_string}"},"query-input":{"@type":"PropertyValueSpecification","valueRequired":true,"valueName":"search_term_string"}}],"inLanguage":"de"}]}},"_links":{"self":[{"href":"https:\/\/ueberlebenskunst.at\/survivalshop\/wp-json\/wp\/v2\/product\/171591","targetHints":{"allow":["GET"]}}],"collection":[{"href":"https:\/\/ueberlebenskunst.at\/survivalshop\/wp-json\/wp\/v2\/product"}],"about":[{"href":"https:\/\/ueberlebenskunst.at\/survivalshop\/wp-json\/wp\/v2\/types\/product"}],"replies":[{"embeddable":true,"href":"https:\/\/ueberlebenskunst.at\/survivalshop\/wp-json\/wp\/v2\/comments?post=171591"}],"wp:featuredmedia":[{"embeddable":true,"href":"https:\/\/ueberlebenskunst.at\/survivalshop\/wp-json\/wp\/v2\/media\/171592"}],"wp:attachment":[{"href":"https:\/\/ueberlebenskunst.at\/survivalshop\/wp-json\/wp\/v2\/media?parent=171591"}],"wp:term":[{"taxonomy":"product_brand","embeddable":true,"href":"https:\/\/ueberlebenskunst.at\/survivalshop\/wp-json\/wp\/v2\/product_brand?post=171591"},{"taxonomy":"product_cat","embeddable":true,"href":"https:\/\/ueberlebenskunst.at\/survivalshop\/wp-json\/wp\/v2\/product_cat?post=171591"},{"taxonomy":"product_tag","embeddable":true,"href":"https:\/\/ueberlebenskunst.at\/survivalshop\/wp-json\/wp\/v2\/product_tag?post=171591"}],"curies":[{"name":"wp","href":"https:\/\/api.w.org\/{rel}","templated":true}]}}