{"id":171049,"date":"2024-08-26T18:27:02","date_gmt":"2024-08-26T16:27:02","guid":{"rendered":"https:\/\/ueberlebenskunst.at\/survivalshop\/?post_type=product&#038;p=171049"},"modified":"2026-03-24T18:58:39","modified_gmt":"2026-03-24T17:58:39","slug":"big-beaver-ersatzscheide","status":"publish","type":"product","link":"https:\/\/ueberlebenskunst.at\/survivalshop\/shop\/big-beaver-ersatzscheide\/","title":{"rendered":"Big Beaver Ersatzscheide"},"content":{"rendered":"<p>Die Big Beaver Ersatzscheide ist f\u00fcr all jene gedacht, die entweder die bestehende Scheide verloren haben (was wir nicht wirklich hoffen :)) oder die sicherheitshalber eine zweite Scheide besitzen m\u00f6chten, oder aber eine Fixmontage auf einen Rucksack durchf\u00fchren, um dann zwischen Arbeiten am G\u00fcrtel bzw. mit der Umh\u00e4ngeschlaufe und auf die Montage f\u00fcr den Rucksack tauschen wollen.<\/p>\n<p>Bitte beachte, dass im Lieferumfang weder der Schulterriemen noch ein Tek-Lok oder ein Dangler oder Dangler-Adapter enthalten ist. Du kaufst hier nur die Scheide allein.<\/p>\n<p>Wenn du dich f\u00fcr den Schulterriemen interessierst, dann gebe ich dir hier den Link: Schulterriemen<\/p>\n<p>Bitte beachte, dass der Schulterriemen nur in den Dangler montiert werden kann. Die hier vorliegende Ersatzscheide f\u00fcr den K4 Big Beaver aus dem Hause Reini Rossmann ist nur als Ersatz bei Verlust oder Besch\u00e4digung (was wir nat\u00fcrlich auch nicht hoffen :)) oder Fixmontagen gedacht.<\/p>\n<p>Gewicht: 102 g<\/p>\n","protected":false},"excerpt":{"rendered":"<p>Die Big Beaver Ersatzscheide ist f\u00fcr all jene gedacht, die entweder die bestehende Scheide verloren haben (was wir nicht wirklich hoffen :)) oder die sicherheitshalber eine zweite Scheide besitzen m\u00f6chten, oder aber eine Fixmontage auf einen Rucksack durchf\u00fchren, um dann zwischen Arbeiten am G\u00fcrtel bzw. mit der Umh\u00e4ngeschlaufe und auf die Montage f\u00fcr den Rucksack [&hellip;]<\/p>\n","protected":false},"featured_media":171050,"comment_status":"open","ping_status":"closed","template":"","meta":{"_acf_changed":false},"product_brand":[],"product_cat":[1949],"product_tag":[1680,2344],"class_list":{"0":"post-171049","1":"product","2":"type-product","3":"status-publish","4":"has-post-thumbnail","6":"product_cat-zubehoer","7":"product_tag-big-beaver","8":"product_tag-ersatzscheide","10":"first","11":"instock","12":"taxable","13":"shipping-taxable","14":"purchasable","15":"product-type-simple"},"acf":[],"yoast_head":"<!-- This site is optimized with the Yoast SEO plugin v27.1.1 - https:\/\/yoast.com\/product\/yoast-seo-wordpress\/ -->\n<title>Big Beaver Ersatzscheide - Reini Rossmann - Survival Shop<\/title>\n<meta name=\"robots\" content=\"index, follow, max-snippet:-1, max-image-preview:large, max-video-preview:-1\" \/>\n<link rel=\"canonical\" href=\"https:\/\/ueberlebenskunst.at\/survivalshop\/shop\/big-beaver-ersatzscheide\/\" \/>\n<meta property=\"og:locale\" content=\"de_DE\" \/>\n<meta property=\"og:type\" content=\"article\" \/>\n<meta property=\"og:title\" content=\"Big Beaver Ersatzscheide - Reini Rossmann - Survival Shop\" \/>\n<meta property=\"og:description\" content=\"Die Big Beaver Ersatzscheide ist f\u00fcr all jene gedacht, die entweder die bestehende Scheide verloren haben (was wir nicht wirklich hoffen :)) oder die sicherheitshalber eine zweite Scheide besitzen m\u00f6chten, oder aber eine Fixmontage auf einen Rucksack durchf\u00fchren, um dann zwischen Arbeiten am G\u00fcrtel bzw. mit der Umh\u00e4ngeschlaufe und auf die Montage f\u00fcr den Rucksack [&hellip;]\" \/>\n<meta property=\"og:url\" content=\"https:\/\/ueberlebenskunst.at\/survivalshop\/shop\/big-beaver-ersatzscheide\/\" \/>\n<meta property=\"og:site_name\" content=\"Reini Rossmann - Survival Shop\" \/>\n<meta property=\"article:publisher\" content=\"https:\/\/www.facebook.com\/survival24.org\/\" \/>\n<meta property=\"article:modified_time\" content=\"2026-03-24T17:58:39+00:00\" \/>\n<meta property=\"og:image\" content=\"https:\/\/ueberlebenskunst.at\/survivalshop\/wp-content\/uploads\/2024\/08\/BigBeaverErsatzscheide.jpg\" \/>\n\t<meta property=\"og:image:width\" content=\"400\" \/>\n\t<meta property=\"og:image:height\" content=\"400\" \/>\n\t<meta property=\"og:image:type\" content=\"image\/jpeg\" \/>\n<meta name=\"twitter:card\" content=\"summary_large_image\" \/>\n<meta name=\"twitter:label1\" content=\"Gesch\u00e4tzte Lesezeit\" \/>\n\t<meta name=\"twitter:data1\" content=\"1\u00a0Minute\" \/>\n<script type=\"application\/ld+json\" class=\"yoast-schema-graph\">{\"@context\":\"https:\/\/schema.org\",\"@graph\":[{\"@type\":\"WebPage\",\"@id\":\"https:\/\/ueberlebenskunst.at\/survivalshop\/shop\/big-beaver-ersatzscheide\/\",\"url\":\"https:\/\/ueberlebenskunst.at\/survivalshop\/shop\/big-beaver-ersatzscheide\/\",\"name\":\"Big Beaver Ersatzscheide - Reini Rossmann - Survival Shop\",\"isPartOf\":{\"@id\":\"https:\/\/ueberlebenskunst.at\/survivalshop\/#website\"},\"primaryImageOfPage\":{\"@id\":\"https:\/\/ueberlebenskunst.at\/survivalshop\/shop\/big-beaver-ersatzscheide\/#primaryimage\"},\"image\":{\"@id\":\"https:\/\/ueberlebenskunst.at\/survivalshop\/shop\/big-beaver-ersatzscheide\/#primaryimage\"},\"thumbnailUrl\":\"https:\/\/ueberlebenskunst.at\/survivalshop\/wp-content\/uploads\/2024\/08\/BigBeaverErsatzscheide.jpg\",\"datePublished\":\"2024-08-26T16:27:02+00:00\",\"dateModified\":\"2026-03-24T17:58:39+00:00\",\"breadcrumb\":{\"@id\":\"https:\/\/ueberlebenskunst.at\/survivalshop\/shop\/big-beaver-ersatzscheide\/#breadcrumb\"},\"inLanguage\":\"de\",\"potentialAction\":[{\"@type\":\"ReadAction\",\"target\":[\"https:\/\/ueberlebenskunst.at\/survivalshop\/shop\/big-beaver-ersatzscheide\/\"]}]},{\"@type\":\"ImageObject\",\"inLanguage\":\"de\",\"@id\":\"https:\/\/ueberlebenskunst.at\/survivalshop\/shop\/big-beaver-ersatzscheide\/#primaryimage\",\"url\":\"https:\/\/ueberlebenskunst.at\/survivalshop\/wp-content\/uploads\/2024\/08\/BigBeaverErsatzscheide.jpg\",\"contentUrl\":\"https:\/\/ueberlebenskunst.at\/survivalshop\/wp-content\/uploads\/2024\/08\/BigBeaverErsatzscheide.jpg\",\"width\":400,\"height\":400},{\"@type\":\"BreadcrumbList\",\"@id\":\"https:\/\/ueberlebenskunst.at\/survivalshop\/shop\/big-beaver-ersatzscheide\/#breadcrumb\",\"itemListElement\":[{\"@type\":\"ListItem\",\"position\":1,\"name\":\"Startseite\",\"item\":\"https:\/\/ueberlebenskunst.at\/survivalshop\/\"},{\"@type\":\"ListItem\",\"position\":2,\"name\":\"Shop\",\"item\":\"https:\/\/ueberlebenskunst.at\/survivalshop\/shop\/\"},{\"@type\":\"ListItem\",\"position\":3,\"name\":\"Big Beaver Ersatzscheide\"}]},{\"@type\":\"WebSite\",\"@id\":\"https:\/\/ueberlebenskunst.at\/survivalshop\/#website\",\"url\":\"https:\/\/ueberlebenskunst.at\/survivalshop\/\",\"name\":\"Reini Rossmann - Survival Shop\",\"description\":\"Survival Shop f\u00fcr Survival, Bushcraft und Prepper\",\"potentialAction\":[{\"@type\":\"SearchAction\",\"target\":{\"@type\":\"EntryPoint\",\"urlTemplate\":\"https:\/\/ueberlebenskunst.at\/survivalshop\/?s={search_term_string}\"},\"query-input\":{\"@type\":\"PropertyValueSpecification\",\"valueRequired\":true,\"valueName\":\"search_term_string\"}}],\"inLanguage\":\"de\"}]}<\/script>\n<!-- \/ Yoast SEO plugin. -->","yoast_head_json":{"title":"Big Beaver Ersatzscheide - Reini Rossmann - Survival Shop","robots":{"index":"index","follow":"follow","max-snippet":"max-snippet:-1","max-image-preview":"max-image-preview:large","max-video-preview":"max-video-preview:-1"},"canonical":"https:\/\/ueberlebenskunst.at\/survivalshop\/shop\/big-beaver-ersatzscheide\/","og_locale":"de_DE","og_type":"article","og_title":"Big Beaver Ersatzscheide - Reini Rossmann - Survival Shop","og_description":"Die Big Beaver Ersatzscheide ist f\u00fcr all jene gedacht, die entweder die bestehende Scheide verloren haben (was wir nicht wirklich hoffen :)) oder die sicherheitshalber eine zweite Scheide besitzen m\u00f6chten, oder aber eine Fixmontage auf einen Rucksack durchf\u00fchren, um dann zwischen Arbeiten am G\u00fcrtel bzw. mit der Umh\u00e4ngeschlaufe und auf die Montage f\u00fcr den Rucksack [&hellip;]","og_url":"https:\/\/ueberlebenskunst.at\/survivalshop\/shop\/big-beaver-ersatzscheide\/","og_site_name":"Reini Rossmann - Survival Shop","article_publisher":"https:\/\/www.facebook.com\/survival24.org\/","article_modified_time":"2026-03-24T17:58:39+00:00","og_image":[{"width":400,"height":400,"url":"https:\/\/ueberlebenskunst.at\/survivalshop\/wp-content\/uploads\/2024\/08\/BigBeaverErsatzscheide.jpg","type":"image\/jpeg"}],"twitter_card":"summary_large_image","twitter_misc":{"Gesch\u00e4tzte Lesezeit":"1\u00a0Minute"},"schema":{"@context":"https:\/\/schema.org","@graph":[{"@type":"WebPage","@id":"https:\/\/ueberlebenskunst.at\/survivalshop\/shop\/big-beaver-ersatzscheide\/","url":"https:\/\/ueberlebenskunst.at\/survivalshop\/shop\/big-beaver-ersatzscheide\/","name":"Big Beaver Ersatzscheide - Reini Rossmann - Survival Shop","isPartOf":{"@id":"https:\/\/ueberlebenskunst.at\/survivalshop\/#website"},"primaryImageOfPage":{"@id":"https:\/\/ueberlebenskunst.at\/survivalshop\/shop\/big-beaver-ersatzscheide\/#primaryimage"},"image":{"@id":"https:\/\/ueberlebenskunst.at\/survivalshop\/shop\/big-beaver-ersatzscheide\/#primaryimage"},"thumbnailUrl":"https:\/\/ueberlebenskunst.at\/survivalshop\/wp-content\/uploads\/2024\/08\/BigBeaverErsatzscheide.jpg","datePublished":"2024-08-26T16:27:02+00:00","dateModified":"2026-03-24T17:58:39+00:00","breadcrumb":{"@id":"https:\/\/ueberlebenskunst.at\/survivalshop\/shop\/big-beaver-ersatzscheide\/#breadcrumb"},"inLanguage":"de","potentialAction":[{"@type":"ReadAction","target":["https:\/\/ueberlebenskunst.at\/survivalshop\/shop\/big-beaver-ersatzscheide\/"]}]},{"@type":"ImageObject","inLanguage":"de","@id":"https:\/\/ueberlebenskunst.at\/survivalshop\/shop\/big-beaver-ersatzscheide\/#primaryimage","url":"https:\/\/ueberlebenskunst.at\/survivalshop\/wp-content\/uploads\/2024\/08\/BigBeaverErsatzscheide.jpg","contentUrl":"https:\/\/ueberlebenskunst.at\/survivalshop\/wp-content\/uploads\/2024\/08\/BigBeaverErsatzscheide.jpg","width":400,"height":400},{"@type":"BreadcrumbList","@id":"https:\/\/ueberlebenskunst.at\/survivalshop\/shop\/big-beaver-ersatzscheide\/#breadcrumb","itemListElement":[{"@type":"ListItem","position":1,"name":"Startseite","item":"https:\/\/ueberlebenskunst.at\/survivalshop\/"},{"@type":"ListItem","position":2,"name":"Shop","item":"https:\/\/ueberlebenskunst.at\/survivalshop\/shop\/"},{"@type":"ListItem","position":3,"name":"Big Beaver Ersatzscheide"}]},{"@type":"WebSite","@id":"https:\/\/ueberlebenskunst.at\/survivalshop\/#website","url":"https:\/\/ueberlebenskunst.at\/survivalshop\/","name":"Reini Rossmann - Survival Shop","description":"Survival Shop f\u00fcr Survival, Bushcraft und Prepper","potentialAction":[{"@type":"SearchAction","target":{"@type":"EntryPoint","urlTemplate":"https:\/\/ueberlebenskunst.at\/survivalshop\/?s={search_term_string}"},"query-input":{"@type":"PropertyValueSpecification","valueRequired":true,"valueName":"search_term_string"}}],"inLanguage":"de"}]}},"_links":{"self":[{"href":"https:\/\/ueberlebenskunst.at\/survivalshop\/wp-json\/wp\/v2\/product\/171049","targetHints":{"allow":["GET"]}}],"collection":[{"href":"https:\/\/ueberlebenskunst.at\/survivalshop\/wp-json\/wp\/v2\/product"}],"about":[{"href":"https:\/\/ueberlebenskunst.at\/survivalshop\/wp-json\/wp\/v2\/types\/product"}],"replies":[{"embeddable":true,"href":"https:\/\/ueberlebenskunst.at\/survivalshop\/wp-json\/wp\/v2\/comments?post=171049"}],"wp:featuredmedia":[{"embeddable":true,"href":"https:\/\/ueberlebenskunst.at\/survivalshop\/wp-json\/wp\/v2\/media\/171050"}],"wp:attachment":[{"href":"https:\/\/ueberlebenskunst.at\/survivalshop\/wp-json\/wp\/v2\/media?parent=171049"}],"wp:term":[{"taxonomy":"product_brand","embeddable":true,"href":"https:\/\/ueberlebenskunst.at\/survivalshop\/wp-json\/wp\/v2\/product_brand?post=171049"},{"taxonomy":"product_cat","embeddable":true,"href":"https:\/\/ueberlebenskunst.at\/survivalshop\/wp-json\/wp\/v2\/product_cat?post=171049"},{"taxonomy":"product_tag","embeddable":true,"href":"https:\/\/ueberlebenskunst.at\/survivalshop\/wp-json\/wp\/v2\/product_tag?post=171049"}],"curies":[{"name":"wp","href":"https:\/\/api.w.org\/{rel}","templated":true}]}}