{"id":169959,"date":"2024-08-21T11:14:14","date_gmt":"2024-08-21T09:14:14","guid":{"rendered":"https:\/\/ueberlebenskunst.at\/survivalshop\/?post_type=product&#038;p=169959"},"modified":"2026-04-14T18:29:28","modified_gmt":"2026-04-14T16:29:28","slug":"ek-archery-revo-7-transport-tasche","status":"publish","type":"product","link":"https:\/\/ueberlebenskunst.at\/survivalshop\/shop\/ek-archery-revo-7-transport-tasche\/","title":{"rendered":"EK Archery REVO 7 Transport-Tasche"},"content":{"rendered":"<p>Diese Transporttasche f\u00fcr die EK Archery REVO 7 Pistolenarmbrust besticht durch ihren au\u00dfergew\u00f6hnlichen Tragekomfort, ihr zeitloses Design und ihre hochwertige Verarbeitung. Diese Tasche wurde speziell entwickelt, um deiner Armbrust optimalen Schutz zu bieten und gleichzeitig stilvoll und funktional zu sein. Dank ihres robusten und strapazierf\u00e4higen Polyester-Materials sch\u00fctzt die Tasche die Armbrust zuverl\u00e4ssig vor \u00e4u\u00dferen Einfl\u00fcssen wie St\u00f6\u00dfen, Kratzern und Witterungseinfl\u00fcssen. Ob auf dem Weg zum Schie\u00dfstand, in die Natur oder auf Reisen bleibt die Armbrust sicher und unversehrt. Das clevere Design erm\u00f6glicht nicht nur einen einfachen Transport, sondern auch eine schnelle Zug\u00e4nglichkeit, sodass du jederzeit einsatzbereit bist. Mit dieser Tasche ist die Armbrust nicht nur bestens gesch\u00fctzt, sondern man genie\u00dft auch Komfort und\u00a0 \u00c4sthetik, die diese Tasche auszeichnen.<\/p>\n<p>Lieferumfang: 1 St\u00fcck<\/p>\n<div class=\"flex max-w-full flex-col flex-grow\">\n<div class=\"min-h-[20px] text-message flex w-full flex-col items-end gap-2 break-words [.text-message+&amp;]:mt-5 overflow-x-auto whitespace-pre-wrap\" dir=\"auto\" data-message-author-role=\"assistant\" data-message-id=\"583e9786-4dfb-4b89-aac3-dab2c2542075\">\n<div class=\"flex w-full flex-col gap-1 empty:hidden first:pt-[3px]\">\n<div class=\"markdown prose w-full break-words dark:prose-invert light\">\n<h3>Empfohlenes, optionales (separat erh\u00e4ltliches) Zubeh\u00f6r:<\/h3>\n<\/div>\n<\/div>\n<\/div>\n<\/div>\n<ul>\n<li><a href=\"https:\/\/ueberlebenskunst.at\/survivalshop\/shop\/ek-archery-revo-7-pistolenarmbrust\/\" target=\"_blank\" rel=\"noopener\">EK Archery REVO 7 Pistolenarmbrust<\/a><\/li>\n<li><a href=\"https:\/\/ueberlebenskunst.at\/survivalshop\/shop\/ek-archery-revo-7-wurfarm\/\" target=\"_blank\" rel=\"noopener\">Wurfarme<\/a><\/li>\n<li><a href=\"https:\/\/ueberlebenskunst.at\/survivalshop\/shop\/ek-archery-revo-7-pfeile\/\" target=\"_blank\" rel=\"noopener\">Pfeile f\u00fcr REVO 7<\/a><\/li>\n<li><a href=\"https:\/\/ueberlebenskunst.at\/survivalshop\/shop\/ek-vlad-sehne-fuer-wurfarm-60lbs-und-90lbs\/\" target=\"_blank\" rel=\"noopener\">Ersatzsehne<\/a><\/li>\n<\/ul>\n","protected":false},"excerpt":{"rendered":"<p>Diese Transporttasche f\u00fcr die EK Archery REVO 7 Pistolenarmbrust besticht durch ihren au\u00dfergew\u00f6hnlichen Tragekomfort, ihr zeitloses Design und ihre hochwertige Verarbeitung. Diese Tasche wurde speziell entwickelt, um deiner Armbrust optimalen Schutz zu bieten und gleichzeitig stilvoll und funktional zu sein. Dank ihres robusten und strapazierf\u00e4higen Polyester-Materials sch\u00fctzt die Tasche die Armbrust zuverl\u00e4ssig vor \u00e4u\u00dferen Einfl\u00fcssen [&hellip;]<\/p>\n","protected":false},"featured_media":169961,"comment_status":"open","ping_status":"closed","template":"","meta":{"_acf_changed":false},"product_brand":[],"product_cat":[2332],"product_tag":[2333],"class_list":{"0":"post-169959","1":"product","2":"type-product","3":"status-publish","4":"has-post-thumbnail","6":"product_cat-ek-archery-revo-7","7":"product_tag-revo-7","9":"first","10":"instock","11":"taxable","12":"shipping-taxable","13":"purchasable","14":"product-type-simple"},"acf":[],"yoast_head":"<!-- This site is optimized with the Yoast SEO plugin v27.1.1 - https:\/\/yoast.com\/product\/yoast-seo-wordpress\/ -->\n<title>EK Archery REVO 7 Transport-Tasche - Reini Rossmann - Survival Shop<\/title>\n<meta name=\"description\" content=\"Die REVO 7 Armbrusttasche besticht durch ihren au\u00dfergew\u00f6hnlichen Tragekomfort, ihr zeitloses Design und ihre hochwertige Verarbeitung. Diese Tasche wurde speziell entwickelt, um deiner Armbrust optimalen Schutz zu bieten.\" \/>\n<meta name=\"robots\" content=\"index, follow, max-snippet:-1, max-image-preview:large, max-video-preview:-1\" \/>\n<link rel=\"canonical\" href=\"https:\/\/ueberlebenskunst.at\/survivalshop\/shop\/ek-archery-revo-7-transport-tasche\/\" \/>\n<meta property=\"og:locale\" content=\"de_DE\" \/>\n<meta property=\"og:type\" content=\"article\" \/>\n<meta property=\"og:title\" content=\"EK Archery REVO 7 Transport-Tasche - Reini Rossmann - Survival Shop\" \/>\n<meta property=\"og:description\" content=\"Die REVO 7 Armbrusttasche besticht durch ihren au\u00dfergew\u00f6hnlichen Tragekomfort, ihr zeitloses Design und ihre hochwertige Verarbeitung. Diese Tasche wurde speziell entwickelt, um deiner Armbrust optimalen Schutz zu bieten.\" \/>\n<meta property=\"og:url\" content=\"https:\/\/ueberlebenskunst.at\/survivalshop\/shop\/ek-archery-revo-7-transport-tasche\/\" \/>\n<meta property=\"og:site_name\" content=\"Reini Rossmann - Survival Shop\" \/>\n<meta property=\"article:publisher\" content=\"https:\/\/www.facebook.com\/survival24.org\/\" \/>\n<meta property=\"article:modified_time\" content=\"2026-04-14T16:29:28+00:00\" \/>\n<meta property=\"og:image\" content=\"https:\/\/ueberlebenskunst.at\/survivalshop\/wp-content\/uploads\/2024\/08\/B10068.jpg\" \/>\n\t<meta property=\"og:image:width\" content=\"400\" \/>\n\t<meta property=\"og:image:height\" content=\"402\" \/>\n\t<meta property=\"og:image:type\" content=\"image\/jpeg\" \/>\n<meta name=\"twitter:card\" content=\"summary_large_image\" \/>\n<meta name=\"twitter:label1\" content=\"Gesch\u00e4tzte Lesezeit\" \/>\n\t<meta name=\"twitter:data1\" content=\"1\u00a0Minute\" \/>\n<script type=\"application\/ld+json\" class=\"yoast-schema-graph\">{\"@context\":\"https:\/\/schema.org\",\"@graph\":[{\"@type\":\"WebPage\",\"@id\":\"https:\/\/ueberlebenskunst.at\/survivalshop\/shop\/ek-archery-revo-7-transport-tasche\/\",\"url\":\"https:\/\/ueberlebenskunst.at\/survivalshop\/shop\/ek-archery-revo-7-transport-tasche\/\",\"name\":\"EK Archery REVO 7 Transport-Tasche - Reini Rossmann - Survival Shop\",\"isPartOf\":{\"@id\":\"https:\/\/ueberlebenskunst.at\/survivalshop\/#website\"},\"primaryImageOfPage\":{\"@id\":\"https:\/\/ueberlebenskunst.at\/survivalshop\/shop\/ek-archery-revo-7-transport-tasche\/#primaryimage\"},\"image\":{\"@id\":\"https:\/\/ueberlebenskunst.at\/survivalshop\/shop\/ek-archery-revo-7-transport-tasche\/#primaryimage\"},\"thumbnailUrl\":\"https:\/\/ueberlebenskunst.at\/survivalshop\/wp-content\/uploads\/2024\/08\/B10068.jpg\",\"datePublished\":\"2024-08-21T09:14:14+00:00\",\"dateModified\":\"2026-04-14T16:29:28+00:00\",\"description\":\"Die REVO 7 Armbrusttasche besticht durch ihren au\u00dfergew\u00f6hnlichen Tragekomfort, ihr zeitloses Design und ihre hochwertige Verarbeitung. Diese Tasche wurde speziell entwickelt, um deiner Armbrust optimalen Schutz zu bieten.\",\"breadcrumb\":{\"@id\":\"https:\/\/ueberlebenskunst.at\/survivalshop\/shop\/ek-archery-revo-7-transport-tasche\/#breadcrumb\"},\"inLanguage\":\"de\",\"potentialAction\":[{\"@type\":\"ReadAction\",\"target\":[\"https:\/\/ueberlebenskunst.at\/survivalshop\/shop\/ek-archery-revo-7-transport-tasche\/\"]}]},{\"@type\":\"ImageObject\",\"inLanguage\":\"de\",\"@id\":\"https:\/\/ueberlebenskunst.at\/survivalshop\/shop\/ek-archery-revo-7-transport-tasche\/#primaryimage\",\"url\":\"https:\/\/ueberlebenskunst.at\/survivalshop\/wp-content\/uploads\/2024\/08\/B10068.jpg\",\"contentUrl\":\"https:\/\/ueberlebenskunst.at\/survivalshop\/wp-content\/uploads\/2024\/08\/B10068.jpg\",\"width\":400,\"height\":402},{\"@type\":\"BreadcrumbList\",\"@id\":\"https:\/\/ueberlebenskunst.at\/survivalshop\/shop\/ek-archery-revo-7-transport-tasche\/#breadcrumb\",\"itemListElement\":[{\"@type\":\"ListItem\",\"position\":1,\"name\":\"Startseite\",\"item\":\"https:\/\/ueberlebenskunst.at\/survivalshop\/\"},{\"@type\":\"ListItem\",\"position\":2,\"name\":\"Shop\",\"item\":\"https:\/\/ueberlebenskunst.at\/survivalshop\/shop\/\"},{\"@type\":\"ListItem\",\"position\":3,\"name\":\"EK Archery REVO 7 Transport-Tasche\"}]},{\"@type\":\"WebSite\",\"@id\":\"https:\/\/ueberlebenskunst.at\/survivalshop\/#website\",\"url\":\"https:\/\/ueberlebenskunst.at\/survivalshop\/\",\"name\":\"Reini Rossmann - Survival Shop\",\"description\":\"Survival Shop f\u00fcr Survival, Bushcraft und Prepper\",\"potentialAction\":[{\"@type\":\"SearchAction\",\"target\":{\"@type\":\"EntryPoint\",\"urlTemplate\":\"https:\/\/ueberlebenskunst.at\/survivalshop\/?s={search_term_string}\"},\"query-input\":{\"@type\":\"PropertyValueSpecification\",\"valueRequired\":true,\"valueName\":\"search_term_string\"}}],\"inLanguage\":\"de\"}]}<\/script>\n<!-- \/ Yoast SEO plugin. -->","yoast_head_json":{"title":"EK Archery REVO 7 Transport-Tasche - Reini Rossmann - Survival Shop","description":"Die REVO 7 Armbrusttasche besticht durch ihren au\u00dfergew\u00f6hnlichen Tragekomfort, ihr zeitloses Design und ihre hochwertige Verarbeitung. Diese Tasche wurde speziell entwickelt, um deiner Armbrust optimalen Schutz zu bieten.","robots":{"index":"index","follow":"follow","max-snippet":"max-snippet:-1","max-image-preview":"max-image-preview:large","max-video-preview":"max-video-preview:-1"},"canonical":"https:\/\/ueberlebenskunst.at\/survivalshop\/shop\/ek-archery-revo-7-transport-tasche\/","og_locale":"de_DE","og_type":"article","og_title":"EK Archery REVO 7 Transport-Tasche - Reini Rossmann - Survival Shop","og_description":"Die REVO 7 Armbrusttasche besticht durch ihren au\u00dfergew\u00f6hnlichen Tragekomfort, ihr zeitloses Design und ihre hochwertige Verarbeitung. Diese Tasche wurde speziell entwickelt, um deiner Armbrust optimalen Schutz zu bieten.","og_url":"https:\/\/ueberlebenskunst.at\/survivalshop\/shop\/ek-archery-revo-7-transport-tasche\/","og_site_name":"Reini Rossmann - Survival Shop","article_publisher":"https:\/\/www.facebook.com\/survival24.org\/","article_modified_time":"2026-04-14T16:29:28+00:00","og_image":[{"width":400,"height":402,"url":"https:\/\/ueberlebenskunst.at\/survivalshop\/wp-content\/uploads\/2024\/08\/B10068.jpg","type":"image\/jpeg"}],"twitter_card":"summary_large_image","twitter_misc":{"Gesch\u00e4tzte Lesezeit":"1\u00a0Minute"},"schema":{"@context":"https:\/\/schema.org","@graph":[{"@type":"WebPage","@id":"https:\/\/ueberlebenskunst.at\/survivalshop\/shop\/ek-archery-revo-7-transport-tasche\/","url":"https:\/\/ueberlebenskunst.at\/survivalshop\/shop\/ek-archery-revo-7-transport-tasche\/","name":"EK Archery REVO 7 Transport-Tasche - Reini Rossmann - Survival Shop","isPartOf":{"@id":"https:\/\/ueberlebenskunst.at\/survivalshop\/#website"},"primaryImageOfPage":{"@id":"https:\/\/ueberlebenskunst.at\/survivalshop\/shop\/ek-archery-revo-7-transport-tasche\/#primaryimage"},"image":{"@id":"https:\/\/ueberlebenskunst.at\/survivalshop\/shop\/ek-archery-revo-7-transport-tasche\/#primaryimage"},"thumbnailUrl":"https:\/\/ueberlebenskunst.at\/survivalshop\/wp-content\/uploads\/2024\/08\/B10068.jpg","datePublished":"2024-08-21T09:14:14+00:00","dateModified":"2026-04-14T16:29:28+00:00","description":"Die REVO 7 Armbrusttasche besticht durch ihren au\u00dfergew\u00f6hnlichen Tragekomfort, ihr zeitloses Design und ihre hochwertige Verarbeitung. Diese Tasche wurde speziell entwickelt, um deiner Armbrust optimalen Schutz zu bieten.","breadcrumb":{"@id":"https:\/\/ueberlebenskunst.at\/survivalshop\/shop\/ek-archery-revo-7-transport-tasche\/#breadcrumb"},"inLanguage":"de","potentialAction":[{"@type":"ReadAction","target":["https:\/\/ueberlebenskunst.at\/survivalshop\/shop\/ek-archery-revo-7-transport-tasche\/"]}]},{"@type":"ImageObject","inLanguage":"de","@id":"https:\/\/ueberlebenskunst.at\/survivalshop\/shop\/ek-archery-revo-7-transport-tasche\/#primaryimage","url":"https:\/\/ueberlebenskunst.at\/survivalshop\/wp-content\/uploads\/2024\/08\/B10068.jpg","contentUrl":"https:\/\/ueberlebenskunst.at\/survivalshop\/wp-content\/uploads\/2024\/08\/B10068.jpg","width":400,"height":402},{"@type":"BreadcrumbList","@id":"https:\/\/ueberlebenskunst.at\/survivalshop\/shop\/ek-archery-revo-7-transport-tasche\/#breadcrumb","itemListElement":[{"@type":"ListItem","position":1,"name":"Startseite","item":"https:\/\/ueberlebenskunst.at\/survivalshop\/"},{"@type":"ListItem","position":2,"name":"Shop","item":"https:\/\/ueberlebenskunst.at\/survivalshop\/shop\/"},{"@type":"ListItem","position":3,"name":"EK Archery REVO 7 Transport-Tasche"}]},{"@type":"WebSite","@id":"https:\/\/ueberlebenskunst.at\/survivalshop\/#website","url":"https:\/\/ueberlebenskunst.at\/survivalshop\/","name":"Reini Rossmann - Survival Shop","description":"Survival Shop f\u00fcr Survival, Bushcraft und Prepper","potentialAction":[{"@type":"SearchAction","target":{"@type":"EntryPoint","urlTemplate":"https:\/\/ueberlebenskunst.at\/survivalshop\/?s={search_term_string}"},"query-input":{"@type":"PropertyValueSpecification","valueRequired":true,"valueName":"search_term_string"}}],"inLanguage":"de"}]}},"_links":{"self":[{"href":"https:\/\/ueberlebenskunst.at\/survivalshop\/wp-json\/wp\/v2\/product\/169959","targetHints":{"allow":["GET"]}}],"collection":[{"href":"https:\/\/ueberlebenskunst.at\/survivalshop\/wp-json\/wp\/v2\/product"}],"about":[{"href":"https:\/\/ueberlebenskunst.at\/survivalshop\/wp-json\/wp\/v2\/types\/product"}],"replies":[{"embeddable":true,"href":"https:\/\/ueberlebenskunst.at\/survivalshop\/wp-json\/wp\/v2\/comments?post=169959"}],"wp:featuredmedia":[{"embeddable":true,"href":"https:\/\/ueberlebenskunst.at\/survivalshop\/wp-json\/wp\/v2\/media\/169961"}],"wp:attachment":[{"href":"https:\/\/ueberlebenskunst.at\/survivalshop\/wp-json\/wp\/v2\/media?parent=169959"}],"wp:term":[{"taxonomy":"product_brand","embeddable":true,"href":"https:\/\/ueberlebenskunst.at\/survivalshop\/wp-json\/wp\/v2\/product_brand?post=169959"},{"taxonomy":"product_cat","embeddable":true,"href":"https:\/\/ueberlebenskunst.at\/survivalshop\/wp-json\/wp\/v2\/product_cat?post=169959"},{"taxonomy":"product_tag","embeddable":true,"href":"https:\/\/ueberlebenskunst.at\/survivalshop\/wp-json\/wp\/v2\/product_tag?post=169959"}],"curies":[{"name":"wp","href":"https:\/\/api.w.org\/{rel}","templated":true}]}}