{"id":169942,"date":"2024-08-21T10:06:54","date_gmt":"2024-08-21T08:06:54","guid":{"rendered":"https:\/\/ueberlebenskunst.at\/survivalshop\/?post_type=product&#038;p=169942"},"modified":"2024-09-02T15:47:43","modified_gmt":"2024-09-02T13:47:43","slug":"ek-archery-revo-7-12-schuss-magazin","status":"seo-produkt","type":"product","link":"https:\/\/ueberlebenskunst.at\/survivalshop\/shop\/ek-archery-revo-7-12-schuss-magazin\/","title":{"rendered":"EK Archery REVO 7 Magazin 12 Schuss"},"content":{"rendered":"<p>Das Magazin ist das ideale Upgrade f\u00fcr deine <a href=\"https:\/\/ueberlebenskunst.at\/survivalshop\/shop\/ek-archery-revo-7-pistolenarmbrust\/\" target=\"_blank\" rel=\"noopener\">REVO 7<\/a>, wenn du deine Feuerkraft erheblich steigern m\u00f6chtest. Dieses innovative Magazin setzt neue Ma\u00dfst\u00e4be und erweitert die Einsatzm\u00f6glichkeiten von Armbr\u00fcsten erheblich. Mit diesem Magazin bist du bestens ger\u00fcstet, um in jeder Situation optimal vorbereitet zu sein und die REVO 7 schnell und effektiv nachladen zu k\u00f6nnen.<\/p>\n<h3>Produktdaten:<\/h3>\n<ul>\n<li>Nur kompatibel mit <a href=\"https:\/\/ueberlebenskunst.at\/survivalshop\/shop\/ek-archery-revo-7-pistolenarmbrust\/\" target=\"_blank\" rel=\"noopener\">REVO 7<\/a><\/li>\n<li>Fassungsverm\u00f6gen 12 Bolzen<\/li>\n<\/ul>\n<h3>Lieferumfang:<\/h3>\n<ul>\n<li>1x 12-Schuss-Magazin<\/li>\n<\/ul>\n<div class=\"flex max-w-full flex-col flex-grow\">\n<div class=\"min-h-[20px] text-message flex w-full flex-col items-end gap-2 break-words [.text-message+&amp;]:mt-5 overflow-x-auto whitespace-pre-wrap\" dir=\"auto\" data-message-author-role=\"assistant\" data-message-id=\"583e9786-4dfb-4b89-aac3-dab2c2542075\">\n<div class=\"flex w-full flex-col gap-1 empty:hidden first:pt-[3px]\">\n<div class=\"markdown prose w-full break-words dark:prose-invert light\">\n<h3>Empfohlenes, optionales (separat erh\u00e4ltliches) Zubeh\u00f6r:<\/h3>\n<\/div>\n<\/div>\n<\/div>\n<\/div>\n<ul>\n<li><a href=\"https:\/\/ueberlebenskunst.at\/survivalshop\/shop\/ek-archery-revo-7-wurfarm\/\" target=\"_blank\" rel=\"noopener\">Wurfarme 30, 60, 90 oder 120 lbs<\/a><\/li>\n<li><a href=\"https:\/\/ueberlebenskunst.at\/survivalshop\/shop\/ek-archery-revo-7-transport-tasche\/\" target=\"_blank\" rel=\"noopener\">Tasche f\u00fcr Revo 7<\/a><\/li>\n<li><a href=\"https:\/\/ueberlebenskunst.at\/survivalshop\/shop\/ek-archery-revo-7-pfeile\/\" target=\"_blank\" rel=\"noopener\">Pfeile f\u00fcr Revo 7<\/a><\/li>\n<li><a href=\"https:\/\/ueberlebenskunst.at\/survivalshop\/shop\/ek-vlad-sehne-fuer-wurfarm-60lbs-und-90lbs\/\" target=\"_blank\" rel=\"noopener\">Ersatzsehne<\/a><\/li>\n<\/ul>\n","protected":false},"excerpt":{"rendered":"<p>Das Magazin ist das ideale Upgrade f\u00fcr deine REVO 7, wenn du deine Feuerkraft erheblich steigern m\u00f6chtest. Dieses innovative Magazin setzt neue Ma\u00dfst\u00e4be und erweitert die Einsatzm\u00f6glichkeiten von Armbr\u00fcsten erheblich. Mit diesem Magazin bist du bestens ger\u00fcstet, um in jeder Situation optimal vorbereitet zu sein und die REVO 7 schnell und effektiv nachladen zu k\u00f6nnen. [&hellip;]<\/p>\n","protected":false},"featured_media":0,"comment_status":"open","ping_status":"closed","template":"","meta":{"_acf_changed":false},"product_brand":[],"product_cat":[2332],"product_tag":[2333],"class_list":{"0":"post-169942","1":"product","2":"type-product","3":"status-seo-produkt","5":"product_cat-ek-archery-revo-7","6":"product_tag-revo-7","8":"first","9":"outofstock","10":"taxable","11":"shipping-taxable","12":"product-type-simple"},"acf":[],"yoast_head":"<!-- This site is optimized with the Yoast SEO plugin v27.1.1 - https:\/\/yoast.com\/product\/yoast-seo-wordpress\/ -->\n<title>EK Archery REVO 7 Magazin 12 Schuss - Reini Rossmann - Survival Shop<\/title>\n<meta name=\"description\" content=\"Das 12-Schuss-Magazin ist das ideale Upgrade f\u00fcr deine REVO 7, wenn du deine Feuerkraft erheblich steigern m\u00f6chtest.\" \/>\n<meta name=\"robots\" content=\"index, follow, max-snippet:-1, max-image-preview:large, max-video-preview:-1\" \/>\n<link rel=\"canonical\" href=\"https:\/\/ueberlebenskunst.at\/survivalshop\/shop\/ek-archery-revo-7-12-schuss-magazin\/\" \/>\n<meta property=\"og:locale\" content=\"de_DE\" \/>\n<meta property=\"og:type\" content=\"article\" \/>\n<meta property=\"og:title\" content=\"EK Archery REVO 7 Magazin 12 Schuss - Reini Rossmann - Survival Shop\" \/>\n<meta property=\"og:description\" content=\"Das 12-Schuss-Magazin ist das ideale Upgrade f\u00fcr deine REVO 7, wenn du deine Feuerkraft erheblich steigern m\u00f6chtest.\" \/>\n<meta property=\"og:url\" content=\"https:\/\/ueberlebenskunst.at\/survivalshop\/shop\/ek-archery-revo-7-12-schuss-magazin\/\" \/>\n<meta property=\"og:site_name\" content=\"Reini Rossmann - Survival Shop\" \/>\n<meta property=\"article:publisher\" content=\"https:\/\/www.facebook.com\/survival24.org\/\" \/>\n<meta property=\"article:modified_time\" content=\"2024-09-02T13:47:43+00:00\" \/>\n<meta name=\"twitter:card\" content=\"summary_large_image\" \/>\n<meta name=\"twitter:label1\" content=\"Gesch\u00e4tzte Lesezeit\" \/>\n\t<meta name=\"twitter:data1\" content=\"1\u00a0Minute\" \/>\n<script type=\"application\/ld+json\" class=\"yoast-schema-graph\">{\"@context\":\"https:\/\/schema.org\",\"@graph\":[{\"@type\":\"WebPage\",\"@id\":\"https:\/\/ueberlebenskunst.at\/survivalshop\/shop\/ek-archery-revo-7-12-schuss-magazin\/\",\"url\":\"https:\/\/ueberlebenskunst.at\/survivalshop\/shop\/ek-archery-revo-7-12-schuss-magazin\/\",\"name\":\"EK Archery REVO 7 Magazin 12 Schuss - Reini Rossmann - Survival Shop\",\"isPartOf\":{\"@id\":\"https:\/\/ueberlebenskunst.at\/survivalshop\/#website\"},\"datePublished\":\"2024-08-21T08:06:54+00:00\",\"dateModified\":\"2024-09-02T13:47:43+00:00\",\"description\":\"Das 12-Schuss-Magazin ist das ideale Upgrade f\u00fcr deine REVO 7, wenn du deine Feuerkraft erheblich steigern m\u00f6chtest.\",\"breadcrumb\":{\"@id\":\"https:\/\/ueberlebenskunst.at\/survivalshop\/shop\/ek-archery-revo-7-12-schuss-magazin\/#breadcrumb\"},\"inLanguage\":\"de\",\"potentialAction\":[{\"@type\":\"ReadAction\",\"target\":[\"https:\/\/ueberlebenskunst.at\/survivalshop\/shop\/ek-archery-revo-7-12-schuss-magazin\/\"]}]},{\"@type\":\"BreadcrumbList\",\"@id\":\"https:\/\/ueberlebenskunst.at\/survivalshop\/shop\/ek-archery-revo-7-12-schuss-magazin\/#breadcrumb\",\"itemListElement\":[{\"@type\":\"ListItem\",\"position\":1,\"name\":\"Startseite\",\"item\":\"https:\/\/ueberlebenskunst.at\/survivalshop\/\"},{\"@type\":\"ListItem\",\"position\":2,\"name\":\"Shop\",\"item\":\"https:\/\/ueberlebenskunst.at\/survivalshop\/shop\/\"},{\"@type\":\"ListItem\",\"position\":3,\"name\":\"EK Archery REVO 7 Magazin 12 Schuss\"}]},{\"@type\":\"WebSite\",\"@id\":\"https:\/\/ueberlebenskunst.at\/survivalshop\/#website\",\"url\":\"https:\/\/ueberlebenskunst.at\/survivalshop\/\",\"name\":\"Reini Rossmann - Survival Shop\",\"description\":\"Survival Shop f\u00fcr Survival, Bushcraft und Prepper\",\"potentialAction\":[{\"@type\":\"SearchAction\",\"target\":{\"@type\":\"EntryPoint\",\"urlTemplate\":\"https:\/\/ueberlebenskunst.at\/survivalshop\/?s={search_term_string}\"},\"query-input\":{\"@type\":\"PropertyValueSpecification\",\"valueRequired\":true,\"valueName\":\"search_term_string\"}}],\"inLanguage\":\"de\"}]}<\/script>\n<!-- \/ Yoast SEO plugin. -->","yoast_head_json":{"title":"EK Archery REVO 7 Magazin 12 Schuss - Reini Rossmann - Survival Shop","description":"Das 12-Schuss-Magazin ist das ideale Upgrade f\u00fcr deine REVO 7, wenn du deine Feuerkraft erheblich steigern m\u00f6chtest.","robots":{"index":"index","follow":"follow","max-snippet":"max-snippet:-1","max-image-preview":"max-image-preview:large","max-video-preview":"max-video-preview:-1"},"canonical":"https:\/\/ueberlebenskunst.at\/survivalshop\/shop\/ek-archery-revo-7-12-schuss-magazin\/","og_locale":"de_DE","og_type":"article","og_title":"EK Archery REVO 7 Magazin 12 Schuss - Reini Rossmann - Survival Shop","og_description":"Das 12-Schuss-Magazin ist das ideale Upgrade f\u00fcr deine REVO 7, wenn du deine Feuerkraft erheblich steigern m\u00f6chtest.","og_url":"https:\/\/ueberlebenskunst.at\/survivalshop\/shop\/ek-archery-revo-7-12-schuss-magazin\/","og_site_name":"Reini Rossmann - Survival Shop","article_publisher":"https:\/\/www.facebook.com\/survival24.org\/","article_modified_time":"2024-09-02T13:47:43+00:00","twitter_card":"summary_large_image","twitter_misc":{"Gesch\u00e4tzte Lesezeit":"1\u00a0Minute"},"schema":{"@context":"https:\/\/schema.org","@graph":[{"@type":"WebPage","@id":"https:\/\/ueberlebenskunst.at\/survivalshop\/shop\/ek-archery-revo-7-12-schuss-magazin\/","url":"https:\/\/ueberlebenskunst.at\/survivalshop\/shop\/ek-archery-revo-7-12-schuss-magazin\/","name":"EK Archery REVO 7 Magazin 12 Schuss - Reini Rossmann - Survival Shop","isPartOf":{"@id":"https:\/\/ueberlebenskunst.at\/survivalshop\/#website"},"datePublished":"2024-08-21T08:06:54+00:00","dateModified":"2024-09-02T13:47:43+00:00","description":"Das 12-Schuss-Magazin ist das ideale Upgrade f\u00fcr deine REVO 7, wenn du deine Feuerkraft erheblich steigern m\u00f6chtest.","breadcrumb":{"@id":"https:\/\/ueberlebenskunst.at\/survivalshop\/shop\/ek-archery-revo-7-12-schuss-magazin\/#breadcrumb"},"inLanguage":"de","potentialAction":[{"@type":"ReadAction","target":["https:\/\/ueberlebenskunst.at\/survivalshop\/shop\/ek-archery-revo-7-12-schuss-magazin\/"]}]},{"@type":"BreadcrumbList","@id":"https:\/\/ueberlebenskunst.at\/survivalshop\/shop\/ek-archery-revo-7-12-schuss-magazin\/#breadcrumb","itemListElement":[{"@type":"ListItem","position":1,"name":"Startseite","item":"https:\/\/ueberlebenskunst.at\/survivalshop\/"},{"@type":"ListItem","position":2,"name":"Shop","item":"https:\/\/ueberlebenskunst.at\/survivalshop\/shop\/"},{"@type":"ListItem","position":3,"name":"EK Archery REVO 7 Magazin 12 Schuss"}]},{"@type":"WebSite","@id":"https:\/\/ueberlebenskunst.at\/survivalshop\/#website","url":"https:\/\/ueberlebenskunst.at\/survivalshop\/","name":"Reini Rossmann - Survival Shop","description":"Survival Shop f\u00fcr Survival, Bushcraft und Prepper","potentialAction":[{"@type":"SearchAction","target":{"@type":"EntryPoint","urlTemplate":"https:\/\/ueberlebenskunst.at\/survivalshop\/?s={search_term_string}"},"query-input":{"@type":"PropertyValueSpecification","valueRequired":true,"valueName":"search_term_string"}}],"inLanguage":"de"}]}},"_links":{"self":[{"href":"https:\/\/ueberlebenskunst.at\/survivalshop\/wp-json\/wp\/v2\/product\/169942","targetHints":{"allow":["GET"]}}],"collection":[{"href":"https:\/\/ueberlebenskunst.at\/survivalshop\/wp-json\/wp\/v2\/product"}],"about":[{"href":"https:\/\/ueberlebenskunst.at\/survivalshop\/wp-json\/wp\/v2\/types\/product"}],"replies":[{"embeddable":true,"href":"https:\/\/ueberlebenskunst.at\/survivalshop\/wp-json\/wp\/v2\/comments?post=169942"}],"wp:attachment":[{"href":"https:\/\/ueberlebenskunst.at\/survivalshop\/wp-json\/wp\/v2\/media?parent=169942"}],"wp:term":[{"taxonomy":"product_brand","embeddable":true,"href":"https:\/\/ueberlebenskunst.at\/survivalshop\/wp-json\/wp\/v2\/product_brand?post=169942"},{"taxonomy":"product_cat","embeddable":true,"href":"https:\/\/ueberlebenskunst.at\/survivalshop\/wp-json\/wp\/v2\/product_cat?post=169942"},{"taxonomy":"product_tag","embeddable":true,"href":"https:\/\/ueberlebenskunst.at\/survivalshop\/wp-json\/wp\/v2\/product_tag?post=169942"}],"curies":[{"name":"wp","href":"https:\/\/api.w.org\/{rel}","templated":true}]}}