{"id":169937,"date":"2024-08-21T09:52:03","date_gmt":"2024-08-21T07:52:03","guid":{"rendered":"https:\/\/ueberlebenskunst.at\/survivalshop\/?post_type=product&#038;p=169937"},"modified":"2026-04-28T09:50:56","modified_gmt":"2026-04-28T07:50:56","slug":"ek-archery-revo-7-pistolenarmbrust","status":"publish","type":"product","link":"https:\/\/ueberlebenskunst.at\/survivalshop\/shop\/ek-archery-revo-7-pistolenarmbrust\/","title":{"rendered":"EK Archery Pistolenarmbrust Revo7"},"content":{"rendered":"<div class=\"flex max-w-full flex-col flex-grow\">\n<div class=\"min-h-[20px] text-message flex w-full flex-col items-end gap-2 break-words [.text-message+&amp;]:mt-5 overflow-x-auto whitespace-pre-wrap\" dir=\"auto\" data-message-author-role=\"assistant\" data-message-id=\"583e9786-4dfb-4b89-aac3-dab2c2542075\">\n<div class=\"flex w-full flex-col gap-1 empty:hidden first:pt-[3px]\">\n<div class=\"markdown prose w-full break-words dark:prose-invert light\">\n<h3><span style=\"color: #ff0000;\"><strong>Die REVO 7 Armbrust ist auf Lager und sofort lieferbar!<\/strong><\/span><\/h3>\n<p>Diese taktische Pistolenarmbrust der 3. Generation setzt neue Ma\u00dfst\u00e4be mit innovativen Funktionen und beeindruckender Leistung.<\/p>\n<p>Die Revo 7 ist mit einem austauschbaren Magazin ausgestattet, das sieben Schuss fasst. Eine durchgehende obere Picatinny-Schiene erm\u00f6glicht die flexible Montage von Zubeh\u00f6r, w\u00e4hrend die schnelle und bequeme Unterhebelspanntechnik das Laden der Armbrust erleichtert. Das integrierte Armbrustschloss sorgt f\u00fcr zus\u00e4tzliche Sicherheit und Zuverl\u00e4ssigkeit. Die Wurfarme, die dank eines Schnellwechselsystems m\u00fchelos ausgetauscht werden k\u00f6nnen, sind in verschiedenen St\u00e4rken erh\u00e4ltlich: 30, 60, 90 und 120 Pfund, wobei die 90-Pfund-Version serienm\u00e4\u00dfig verbaut ist.<\/p>\n<p><iframe hcb-fetch-image-from=\"https:\/\/youtu.be\/iWZZ1McnVIA\" title=\"EK Archery: 120 lbs Wurfarm f\u00fcr die REVO im Test!\" width=\"640\" height=\"360\" src=\"https:\/\/www.youtube.com\/embed\/iWZZ1McnVIA?feature=oembed\" frameborder=\"0\" allow=\"accelerometer; autoplay; clipboard-write; encrypted-media; gyroscope; picture-in-picture; web-share\" referrerpolicy=\"strict-origin-when-cross-origin\" allowfullscreen><\/iframe><\/p>\n<p>Ein besonderes Highlight der Revo 7 sind die neu entwickelten Pfeile. Mit ihren extrem schlanken Karbonsch\u00e4ften (Durchmesser 5,5 mm) bieten sie deutlich verbesserte Flugeigenschaften im Vergleich zu den herk\u00f6mmlichen Pistolenarmbrust-Pfeilen mit einem Durchmesser von 6,3 mm. Dies f\u00fchrt zu einer h\u00f6heren Pr\u00e4zision und Durchschlagskraft. Wichtig zu beachten: Die 6,3&#8243;-Pfeile, die f\u00fcr die Modelle &#8220;Vlad&#8221; oder &#8220;Mey Interceptor&#8221; entwickelt wurden, sind nicht mit der Revo 7 kompatibel.<\/p>\n<p>Die Armbrust l\u00e4sst sich ohne Werkzeug blitzschnell in ihre Hauptbestandteile zerlegen \u2013 Korpus, Wurfarm, Picatinny-Schiene, Hinterschaft und Magazin. Dadurch ist sie einfach zu transportieren und schnell wieder einsatzbereit.<\/p>\n<p>Sicherheit hat bei der Revo 7 oberste Priorit\u00e4t. Eine Leerschuss-Sicherung verhindert, dass die Armbrust ohne Pfeil gespannt werden kann, und ein beidseitig bedienbarer Sicherungshebel sch\u00fctzt vor unbeabsichtigten Schussabgaben. Die Sicherung kann entweder automatisch nach jedem Spannvorgang aktiviert oder manuell \u00fcber einen Modus-Wahlhebel eingestellt werden.<\/p>\n<p><iframe hcb-fetch-image-from=\"https:\/\/youtu.be\/CQ-OueKo1zA\" title=\"Revo 7 Magazin Armbrust - Kaufen? Ja oder Nein???\" width=\"640\" height=\"360\" src=\"https:\/\/www.youtube.com\/embed\/CQ-OueKo1zA?feature=oembed\" frameborder=\"0\" allow=\"accelerometer; autoplay; clipboard-write; encrypted-media; gyroscope; picture-in-picture; web-share\" referrerpolicy=\"strict-origin-when-cross-origin\" allowfullscreen><\/iframe><\/p>\n<p>Dank der ausgekl\u00fcgelten Repetiertechnik kann die Revo 7 bis zu sieben Sch\u00fcsse in etwa vier Sekunden abgeben \u2013 vorausgesetzt, der Sch\u00fctze ist ge\u00fcbt. Nach jedem Schuss ist die Armbrust sofort wieder einsatzbereit, was sie \u00e4u\u00dferst effizient macht. Die Pfeile der Revo 7 erzielen beeindruckende kinetische Energiewerte:<\/p>\n<ul>\n<li>135 fps: 7,79 Joules (30 Pfund)<\/li>\n<li>180 fps: 13,85 Joules (60 Pfund)<\/li>\n<li>240 fps: 24,62 Joules (90 Pfund)<\/li>\n<li>255 fps: 27,79 Joules (120 Pfund)<\/li>\n<\/ul>\n<h3><span style=\"color: #ff0000;\">Standard-Lieferumfang Revo 7:<\/span><\/h3>\n<ul>\n<li>1x Armbrust REVO 7<\/li>\n<li>7x 6,5&#8243; Carbonbolzen<\/li>\n<li>1x Wurfarm 90 lbs<\/li>\n<li>1x Red Dot Visier<\/li>\n<li><strong>1x 7-Bolzen-Magazin<\/strong><\/li>\n<li>1x Ersatzsehne<\/li>\n<li>1x Sehnenmontierhilfe<\/li>\n<li>1x Schutzbrille<\/li>\n<li>1x Sehnenwachs<\/li>\n<li>1x Hinterschaft<\/li>\n<\/ul>\n<h3>Empfohlenes, optionales (separat erh\u00e4ltliches) Zubeh\u00f6r:<\/h3>\n<\/div>\n<\/div>\n<\/div>\n<\/div>\n<ul>\n<li><a href=\"https:\/\/ueberlebenskunst.at\/survivalshop\/shop\/ek-archery-revo-7-wurfarm\/\" target=\"_blank\" rel=\"noopener\">Wurfarme<\/a><\/li>\n<li><a href=\"https:\/\/ueberlebenskunst.at\/survivalshop\/shop\/ek-archery-revo-7-transport-tasche\/\" target=\"_blank\" rel=\"noopener\">Tasche f\u00fcr REVO 7<\/a><\/li>\n<li><a href=\"https:\/\/ueberlebenskunst.at\/survivalshop\/shop\/ek-archery-revo-7-pfeile\/\" target=\"_blank\" rel=\"noopener\">Pfeile f\u00fcr REVO 7<\/a><\/li>\n<li><a href=\"https:\/\/ueberlebenskunst.at\/survivalshop\/shop\/ek-vlad-sehne-fuer-wurfarm-60lbs-und-90lbs\/\" target=\"_blank\" rel=\"noopener\">Ersatzsehne<\/a><\/li>\n<li><a href=\"https:\/\/ueberlebenskunst.at\/survivalshop\/shop\/universal-halterung-fuer-revo7-19mm-klemmdurchmesser\/\" target=\"_blank\" rel=\"noopener\">Universal Halterung f\u00fcr REVO7<\/a><\/li>\n<li><a href=\"https:\/\/ueberlebenskunst.at\/survivalshop\/shop\/gogun-pfeile-kunststoff-revo-7-50er-pack\/\" target=\"_blank\" rel=\"noopener\">Revo 7 Pfeile aus Kunststoff &#8211; 50er Pack &#8211; perfekte \u00dcbungsbolzen<\/a><\/li>\n<\/ul>\n<p><strong>Wichtig: Die Armbrust kann nur an Personen \u00fcber 18 Jahre abgegeben werden. <\/strong><strong>Bitte lade deine Ausweiskopie beim Bestellabschluss hoch.<\/strong><\/p>\n<div class=\"mt-1 flex gap-3 empty:hidden -ml-2\">\n<div class=\"items-center justify-start rounded-xl p-1 flex\">\n<div class=\"flex items-center\"><\/div>\n<\/div>\n<\/div>\n","protected":false},"excerpt":{"rendered":"<p>Die REVO 7 Armbrust ist auf Lager und sofort lieferbar! Diese taktische Pistolenarmbrust der 3. Generation setzt neue Ma\u00dfst\u00e4be mit innovativen Funktionen und beeindruckender Leistung. Die Revo 7 ist mit einem austauschbaren Magazin ausgestattet, das sieben Schuss fasst. Eine durchgehende obere Picatinny-Schiene erm\u00f6glicht die flexible Montage von Zubeh\u00f6r, w\u00e4hrend die schnelle und bequeme Unterhebelspanntechnik das [&hellip;]<\/p>\n","protected":false},"featured_media":169939,"comment_status":"open","ping_status":"closed","template":"","meta":{"_acf_changed":false},"product_brand":[],"product_cat":[2332],"product_tag":[2333],"class_list":{"0":"post-169937","1":"product","2":"type-product","3":"status-publish","4":"has-post-thumbnail","6":"product_cat-ek-archery-revo-7","7":"product_tag-revo-7","9":"first","10":"instock","11":"taxable","12":"shipping-taxable","13":"purchasable","14":"product-type-simple"},"acf":[],"yoast_head":"<!-- This site is optimized with the Yoast SEO plugin v27.1.1 - https:\/\/yoast.com\/product\/yoast-seo-wordpress\/ -->\n<title>EK Archery Pistolenarmbrust Revo7 - Reini Rossmann - Survival Shop<\/title>\n<meta name=\"robots\" content=\"index, follow, max-snippet:-1, max-image-preview:large, max-video-preview:-1\" \/>\n<link rel=\"canonical\" href=\"https:\/\/ueberlebenskunst.at\/survivalshop\/shop\/ek-archery-revo-7-pistolenarmbrust\/\" \/>\n<meta property=\"og:locale\" content=\"de_DE\" \/>\n<meta property=\"og:type\" content=\"article\" \/>\n<meta property=\"og:title\" content=\"EK Archery Pistolenarmbrust Revo7 - Reini Rossmann - Survival Shop\" \/>\n<meta property=\"og:description\" content=\"Die REVO 7 Armbrust ist auf Lager und sofort lieferbar! Diese taktische Pistolenarmbrust der 3. Generation setzt neue Ma\u00dfst\u00e4be mit innovativen Funktionen und beeindruckender Leistung. Die Revo 7 ist mit einem austauschbaren Magazin ausgestattet, das sieben Schuss fasst. Eine durchgehende obere Picatinny-Schiene erm\u00f6glicht die flexible Montage von Zubeh\u00f6r, w\u00e4hrend die schnelle und bequeme Unterhebelspanntechnik das [&hellip;]\" \/>\n<meta property=\"og:url\" content=\"https:\/\/ueberlebenskunst.at\/survivalshop\/shop\/ek-archery-revo-7-pistolenarmbrust\/\" \/>\n<meta property=\"og:site_name\" content=\"Reini Rossmann - Survival Shop\" \/>\n<meta property=\"article:publisher\" content=\"https:\/\/www.facebook.com\/survival24.org\/\" \/>\n<meta property=\"article:modified_time\" content=\"2026-04-28T07:50:56+00:00\" \/>\n<meta property=\"og:image\" content=\"https:\/\/ueberlebenskunst.at\/survivalshop\/wp-content\/uploads\/2024\/08\/CR-122B.jpg\" \/>\n\t<meta property=\"og:image:width\" content=\"400\" \/>\n\t<meta property=\"og:image:height\" content=\"399\" \/>\n\t<meta property=\"og:image:type\" content=\"image\/jpeg\" \/>\n<meta name=\"twitter:card\" content=\"summary_large_image\" \/>\n<meta name=\"twitter:label1\" content=\"Gesch\u00e4tzte Lesezeit\" \/>\n\t<meta name=\"twitter:data1\" content=\"3\u00a0Minuten\" \/>\n<script type=\"application\/ld+json\" class=\"yoast-schema-graph\">{\"@context\":\"https:\/\/schema.org\",\"@graph\":[{\"@type\":\"WebPage\",\"@id\":\"https:\/\/ueberlebenskunst.at\/survivalshop\/shop\/ek-archery-revo-7-pistolenarmbrust\/\",\"url\":\"https:\/\/ueberlebenskunst.at\/survivalshop\/shop\/ek-archery-revo-7-pistolenarmbrust\/\",\"name\":\"EK Archery Pistolenarmbrust Revo7 - Reini Rossmann - Survival Shop\",\"isPartOf\":{\"@id\":\"https:\/\/ueberlebenskunst.at\/survivalshop\/#website\"},\"primaryImageOfPage\":{\"@id\":\"https:\/\/ueberlebenskunst.at\/survivalshop\/shop\/ek-archery-revo-7-pistolenarmbrust\/#primaryimage\"},\"image\":{\"@id\":\"https:\/\/ueberlebenskunst.at\/survivalshop\/shop\/ek-archery-revo-7-pistolenarmbrust\/#primaryimage\"},\"thumbnailUrl\":\"https:\/\/ueberlebenskunst.at\/survivalshop\/wp-content\/uploads\/2024\/08\/CR-122B.jpg\",\"datePublished\":\"2024-08-21T07:52:03+00:00\",\"dateModified\":\"2026-04-28T07:50:56+00:00\",\"breadcrumb\":{\"@id\":\"https:\/\/ueberlebenskunst.at\/survivalshop\/shop\/ek-archery-revo-7-pistolenarmbrust\/#breadcrumb\"},\"inLanguage\":\"de\",\"potentialAction\":[{\"@type\":\"ReadAction\",\"target\":[\"https:\/\/ueberlebenskunst.at\/survivalshop\/shop\/ek-archery-revo-7-pistolenarmbrust\/\"]}]},{\"@type\":\"ImageObject\",\"inLanguage\":\"de\",\"@id\":\"https:\/\/ueberlebenskunst.at\/survivalshop\/shop\/ek-archery-revo-7-pistolenarmbrust\/#primaryimage\",\"url\":\"https:\/\/ueberlebenskunst.at\/survivalshop\/wp-content\/uploads\/2024\/08\/CR-122B.jpg\",\"contentUrl\":\"https:\/\/ueberlebenskunst.at\/survivalshop\/wp-content\/uploads\/2024\/08\/CR-122B.jpg\",\"width\":400,\"height\":399},{\"@type\":\"BreadcrumbList\",\"@id\":\"https:\/\/ueberlebenskunst.at\/survivalshop\/shop\/ek-archery-revo-7-pistolenarmbrust\/#breadcrumb\",\"itemListElement\":[{\"@type\":\"ListItem\",\"position\":1,\"name\":\"Startseite\",\"item\":\"https:\/\/ueberlebenskunst.at\/survivalshop\/\"},{\"@type\":\"ListItem\",\"position\":2,\"name\":\"Shop\",\"item\":\"https:\/\/ueberlebenskunst.at\/survivalshop\/shop\/\"},{\"@type\":\"ListItem\",\"position\":3,\"name\":\"EK Archery Pistolenarmbrust Revo7\"}]},{\"@type\":\"WebSite\",\"@id\":\"https:\/\/ueberlebenskunst.at\/survivalshop\/#website\",\"url\":\"https:\/\/ueberlebenskunst.at\/survivalshop\/\",\"name\":\"Reini Rossmann - Survival Shop\",\"description\":\"Survival Shop f\u00fcr Survival, Bushcraft und Prepper\",\"potentialAction\":[{\"@type\":\"SearchAction\",\"target\":{\"@type\":\"EntryPoint\",\"urlTemplate\":\"https:\/\/ueberlebenskunst.at\/survivalshop\/?s={search_term_string}\"},\"query-input\":{\"@type\":\"PropertyValueSpecification\",\"valueRequired\":true,\"valueName\":\"search_term_string\"}}],\"inLanguage\":\"de\"}]}<\/script>\n<!-- \/ Yoast SEO plugin. -->","yoast_head_json":{"title":"EK Archery Pistolenarmbrust Revo7 - Reini Rossmann - Survival Shop","robots":{"index":"index","follow":"follow","max-snippet":"max-snippet:-1","max-image-preview":"max-image-preview:large","max-video-preview":"max-video-preview:-1"},"canonical":"https:\/\/ueberlebenskunst.at\/survivalshop\/shop\/ek-archery-revo-7-pistolenarmbrust\/","og_locale":"de_DE","og_type":"article","og_title":"EK Archery Pistolenarmbrust Revo7 - Reini Rossmann - Survival Shop","og_description":"Die REVO 7 Armbrust ist auf Lager und sofort lieferbar! Diese taktische Pistolenarmbrust der 3. Generation setzt neue Ma\u00dfst\u00e4be mit innovativen Funktionen und beeindruckender Leistung. Die Revo 7 ist mit einem austauschbaren Magazin ausgestattet, das sieben Schuss fasst. Eine durchgehende obere Picatinny-Schiene erm\u00f6glicht die flexible Montage von Zubeh\u00f6r, w\u00e4hrend die schnelle und bequeme Unterhebelspanntechnik das [&hellip;]","og_url":"https:\/\/ueberlebenskunst.at\/survivalshop\/shop\/ek-archery-revo-7-pistolenarmbrust\/","og_site_name":"Reini Rossmann - Survival Shop","article_publisher":"https:\/\/www.facebook.com\/survival24.org\/","article_modified_time":"2026-04-28T07:50:56+00:00","og_image":[{"width":400,"height":399,"url":"https:\/\/ueberlebenskunst.at\/survivalshop\/wp-content\/uploads\/2024\/08\/CR-122B.jpg","type":"image\/jpeg"}],"twitter_card":"summary_large_image","twitter_misc":{"Gesch\u00e4tzte Lesezeit":"3\u00a0Minuten"},"schema":{"@context":"https:\/\/schema.org","@graph":[{"@type":"WebPage","@id":"https:\/\/ueberlebenskunst.at\/survivalshop\/shop\/ek-archery-revo-7-pistolenarmbrust\/","url":"https:\/\/ueberlebenskunst.at\/survivalshop\/shop\/ek-archery-revo-7-pistolenarmbrust\/","name":"EK Archery Pistolenarmbrust Revo7 - Reini Rossmann - Survival Shop","isPartOf":{"@id":"https:\/\/ueberlebenskunst.at\/survivalshop\/#website"},"primaryImageOfPage":{"@id":"https:\/\/ueberlebenskunst.at\/survivalshop\/shop\/ek-archery-revo-7-pistolenarmbrust\/#primaryimage"},"image":{"@id":"https:\/\/ueberlebenskunst.at\/survivalshop\/shop\/ek-archery-revo-7-pistolenarmbrust\/#primaryimage"},"thumbnailUrl":"https:\/\/ueberlebenskunst.at\/survivalshop\/wp-content\/uploads\/2024\/08\/CR-122B.jpg","datePublished":"2024-08-21T07:52:03+00:00","dateModified":"2026-04-28T07:50:56+00:00","breadcrumb":{"@id":"https:\/\/ueberlebenskunst.at\/survivalshop\/shop\/ek-archery-revo-7-pistolenarmbrust\/#breadcrumb"},"inLanguage":"de","potentialAction":[{"@type":"ReadAction","target":["https:\/\/ueberlebenskunst.at\/survivalshop\/shop\/ek-archery-revo-7-pistolenarmbrust\/"]}]},{"@type":"ImageObject","inLanguage":"de","@id":"https:\/\/ueberlebenskunst.at\/survivalshop\/shop\/ek-archery-revo-7-pistolenarmbrust\/#primaryimage","url":"https:\/\/ueberlebenskunst.at\/survivalshop\/wp-content\/uploads\/2024\/08\/CR-122B.jpg","contentUrl":"https:\/\/ueberlebenskunst.at\/survivalshop\/wp-content\/uploads\/2024\/08\/CR-122B.jpg","width":400,"height":399},{"@type":"BreadcrumbList","@id":"https:\/\/ueberlebenskunst.at\/survivalshop\/shop\/ek-archery-revo-7-pistolenarmbrust\/#breadcrumb","itemListElement":[{"@type":"ListItem","position":1,"name":"Startseite","item":"https:\/\/ueberlebenskunst.at\/survivalshop\/"},{"@type":"ListItem","position":2,"name":"Shop","item":"https:\/\/ueberlebenskunst.at\/survivalshop\/shop\/"},{"@type":"ListItem","position":3,"name":"EK Archery Pistolenarmbrust Revo7"}]},{"@type":"WebSite","@id":"https:\/\/ueberlebenskunst.at\/survivalshop\/#website","url":"https:\/\/ueberlebenskunst.at\/survivalshop\/","name":"Reini Rossmann - Survival Shop","description":"Survival Shop f\u00fcr Survival, Bushcraft und Prepper","potentialAction":[{"@type":"SearchAction","target":{"@type":"EntryPoint","urlTemplate":"https:\/\/ueberlebenskunst.at\/survivalshop\/?s={search_term_string}"},"query-input":{"@type":"PropertyValueSpecification","valueRequired":true,"valueName":"search_term_string"}}],"inLanguage":"de"}]}},"_links":{"self":[{"href":"https:\/\/ueberlebenskunst.at\/survivalshop\/wp-json\/wp\/v2\/product\/169937","targetHints":{"allow":["GET"]}}],"collection":[{"href":"https:\/\/ueberlebenskunst.at\/survivalshop\/wp-json\/wp\/v2\/product"}],"about":[{"href":"https:\/\/ueberlebenskunst.at\/survivalshop\/wp-json\/wp\/v2\/types\/product"}],"replies":[{"embeddable":true,"href":"https:\/\/ueberlebenskunst.at\/survivalshop\/wp-json\/wp\/v2\/comments?post=169937"}],"wp:featuredmedia":[{"embeddable":true,"href":"https:\/\/ueberlebenskunst.at\/survivalshop\/wp-json\/wp\/v2\/media\/169939"}],"wp:attachment":[{"href":"https:\/\/ueberlebenskunst.at\/survivalshop\/wp-json\/wp\/v2\/media?parent=169937"}],"wp:term":[{"taxonomy":"product_brand","embeddable":true,"href":"https:\/\/ueberlebenskunst.at\/survivalshop\/wp-json\/wp\/v2\/product_brand?post=169937"},{"taxonomy":"product_cat","embeddable":true,"href":"https:\/\/ueberlebenskunst.at\/survivalshop\/wp-json\/wp\/v2\/product_cat?post=169937"},{"taxonomy":"product_tag","embeddable":true,"href":"https:\/\/ueberlebenskunst.at\/survivalshop\/wp-json\/wp\/v2\/product_tag?post=169937"}],"curies":[{"name":"wp","href":"https:\/\/api.w.org\/{rel}","templated":true}]}}