{"id":169706,"date":"2024-08-16T10:23:44","date_gmt":"2024-08-16T08:23:44","guid":{"rendered":"https:\/\/ueberlebenskunst.at\/survivalshop\/?post_type=product&#038;p=169706"},"modified":"2026-04-30T06:32:18","modified_gmt":"2026-04-30T04:32:18","slug":"boeker-boxer-edc-brown-aus-reinis-video","status":"seo-produkt","type":"product","link":"https:\/\/ueberlebenskunst.at\/survivalshop\/shop\/boeker-boxer-edc-brown-aus-reinis-video\/","title":{"rendered":"Reini Unikat Messer: B\u00f6ker Boxer EDC Brown aus Reinis Video"},"content":{"rendered":"<p><strong>Das hier angebotene Messer ist ein Unikat und wurde von Reini Rossmann in dem Youtube Video \u00fcber dieses Messer benutzt. Das bedeutet es ist keine Neuware, aber du kaufst genau das Messer aus diesem Video. Es handelt sich hierbei um einen Artikel mit Gebrauchsspuren und OHNE Verpackung. Wenn du dich f\u00fcr dieses Unikat (nur 1 St\u00fcck erh\u00e4ltlich) interessierst, dann schlag zu. Wenn du ein neues, ungebrauchtes Messer suchst, dann bitte nicht bestellen. Es handelt sich um gebrauchte Ware, die u.U. Gebrauchsspuren aufweist. Wenn du Neuware erwartest, dann bist du mit diesem Artikel nicht gl\u00fccklich. Bitte die Produktbeschreibung GENAU lesen um alle eventuellen Besch\u00e4digungen, Gebrauchsspuren und Nachteile zu erkennen.<\/strong><\/p>\n<p>Das B\u00f6ker Boxer EDC von Rapha\u00ebl Durand vereint modernste Materialien mit einer flachen, selbsttragenden Konstruktion ohne Liner und Backen. Dieses leichtgewichtige Slipjoint-Taschenmesser ist f\u00fcr alle Aufgaben des Alltags bestens geeignet. Es verf\u00fcgt \u00fcber eine Stonewash-Klinge aus pulvermetallurgischem M390-Stahl von B\u00f6hler, die mit einer gro\u00dfz\u00fcgigen Fehlsch\u00e4rfe und einem 90\u00b0-Stop ausgestattet ist. Der moderne Hochleistungsstahl mit h\u00f6chster Verschlei\u00dffestigkeit wird auf 61 HRC eisgeh\u00e4rtet. Die dekorativen Messingnieten setzen einen farblichen Akzent zu den dreidimensional gefr\u00e4sten und angenehm konturierten Griffschalen aus braunem Jute Micarta. Die Fangriemen\u00f6se ist mit einer Messingbuchse verst\u00e4rkt. Handgefertigt in der B\u00f6ker Messer-Manufaktur in Solingen.<\/p>\n<h3>Produktdaten:<\/h3>\n<ul>\n<li>Gesamtl\u00e4nge: 18,5 cm<\/li>\n<li>Klingenl\u00e4nge: 7,8 cm<\/li>\n<li>Gewicht: 71 g<\/li>\n<li>Klingenst\u00e4rke: 3 mm<\/li>\n<li>Klingenmaterial: M390<\/li>\n<li>Griffmaterial: Micarta<\/li>\n<li>Designer: Raphael Durand<\/li>\n<li>Slipjoint<\/li>\n<\/ul>\n","protected":false},"excerpt":{"rendered":"<p>Das hier angebotene Messer ist ein Unikat und wurde von Reini Rossmann in dem Youtube Video \u00fcber dieses Messer benutzt. Das bedeutet es ist keine Neuware, aber du kaufst genau das Messer aus diesem Video. Es handelt sich hierbei um einen Artikel mit Gebrauchsspuren und OHNE Verpackung. Wenn du dich f\u00fcr dieses Unikat (nur 1 [&hellip;]<\/p>\n","protected":false},"featured_media":166114,"comment_status":"open","ping_status":"closed","template":"","meta":{"_acf_changed":false},"product_brand":[],"product_cat":[426],"product_tag":[251,2251,2247],"class_list":{"0":"post-169706","1":"product","2":"type-product","3":"status-seo-produkt","4":"has-post-thumbnail","6":"product_cat-unkategorisiert","7":"product_tag-boeker","8":"product_tag-reini-rossmann-unikat","9":"product_tag-reini-rossmann-unikat-messer","11":"first","12":"outofstock","13":"sale","14":"taxable","15":"shipping-taxable","16":"product-type-simple"},"acf":[],"yoast_head":"<!-- This site is optimized with the Yoast SEO plugin v27.1.1 - https:\/\/yoast.com\/product\/yoast-seo-wordpress\/ -->\n<title>Reini Unikat Messer: B\u00f6ker Boxer EDC Brown aus Reinis Video - Reini Rossmann - Survival Shop<\/title>\n<meta name=\"description\" content=\"Das hier angebotene Messer ist ein Unikat und wurde von Reini Rossmann in dem Youtube Video \u00fcber dieses Messer benutzt. Das bedeutet es ist keine Neuware, aber du kaufst genau das Messer aus diesem Video.\" \/>\n<meta name=\"robots\" content=\"index, follow, max-snippet:-1, max-image-preview:large, max-video-preview:-1\" \/>\n<link rel=\"canonical\" href=\"https:\/\/ueberlebenskunst.at\/survivalshop\/shop\/boeker-boxer-edc-brown-aus-reinis-video\/\" \/>\n<meta property=\"og:locale\" content=\"de_DE\" \/>\n<meta property=\"og:type\" content=\"article\" \/>\n<meta property=\"og:title\" content=\"Reini Unikat Messer: B\u00f6ker Boxer EDC Brown aus Reinis Video - Reini Rossmann - Survival Shop\" \/>\n<meta property=\"og:description\" content=\"Das hier angebotene Messer ist ein Unikat und wurde von Reini Rossmann in dem Youtube Video \u00fcber dieses Messer benutzt. Das bedeutet es ist keine Neuware, aber du kaufst genau das Messer aus diesem Video.\" \/>\n<meta property=\"og:url\" content=\"https:\/\/ueberlebenskunst.at\/survivalshop\/shop\/boeker-boxer-edc-brown-aus-reinis-video\/\" \/>\n<meta property=\"og:site_name\" content=\"Reini Rossmann - Survival Shop\" \/>\n<meta property=\"article:publisher\" content=\"https:\/\/www.facebook.com\/survival24.org\/\" \/>\n<meta property=\"article:modified_time\" content=\"2026-04-30T04:32:18+00:00\" \/>\n<meta property=\"og:image\" content=\"https:\/\/ueberlebenskunst.at\/survivalshop\/wp-content\/uploads\/2024\/06\/111029.jpg\" \/>\n\t<meta property=\"og:image:width\" content=\"400\" \/>\n\t<meta property=\"og:image:height\" content=\"398\" \/>\n\t<meta property=\"og:image:type\" content=\"image\/jpeg\" \/>\n<meta name=\"twitter:card\" content=\"summary_large_image\" \/>\n<meta name=\"twitter:label1\" content=\"Gesch\u00e4tzte Lesezeit\" \/>\n\t<meta name=\"twitter:data1\" content=\"2\u00a0Minuten\" \/>\n<script type=\"application\/ld+json\" class=\"yoast-schema-graph\">{\"@context\":\"https:\/\/schema.org\",\"@graph\":[{\"@type\":\"WebPage\",\"@id\":\"https:\/\/ueberlebenskunst.at\/survivalshop\/shop\/boeker-boxer-edc-brown-aus-reinis-video\/\",\"url\":\"https:\/\/ueberlebenskunst.at\/survivalshop\/shop\/boeker-boxer-edc-brown-aus-reinis-video\/\",\"name\":\"Reini Unikat Messer: B\u00f6ker Boxer EDC Brown aus Reinis Video - Reini Rossmann - Survival Shop\",\"isPartOf\":{\"@id\":\"https:\/\/ueberlebenskunst.at\/survivalshop\/#website\"},\"primaryImageOfPage\":{\"@id\":\"https:\/\/ueberlebenskunst.at\/survivalshop\/shop\/boeker-boxer-edc-brown-aus-reinis-video\/#primaryimage\"},\"image\":{\"@id\":\"https:\/\/ueberlebenskunst.at\/survivalshop\/shop\/boeker-boxer-edc-brown-aus-reinis-video\/#primaryimage\"},\"thumbnailUrl\":\"https:\/\/ueberlebenskunst.at\/survivalshop\/wp-content\/uploads\/2024\/06\/111029.jpg\",\"datePublished\":\"2024-08-16T08:23:44+00:00\",\"dateModified\":\"2026-04-30T04:32:18+00:00\",\"description\":\"Das hier angebotene Messer ist ein Unikat und wurde von Reini Rossmann in dem Youtube Video \u00fcber dieses Messer benutzt. Das bedeutet es ist keine Neuware, aber du kaufst genau das Messer aus diesem Video.\",\"breadcrumb\":{\"@id\":\"https:\/\/ueberlebenskunst.at\/survivalshop\/shop\/boeker-boxer-edc-brown-aus-reinis-video\/#breadcrumb\"},\"inLanguage\":\"de\",\"potentialAction\":[{\"@type\":\"ReadAction\",\"target\":[\"https:\/\/ueberlebenskunst.at\/survivalshop\/shop\/boeker-boxer-edc-brown-aus-reinis-video\/\"]}]},{\"@type\":\"ImageObject\",\"inLanguage\":\"de\",\"@id\":\"https:\/\/ueberlebenskunst.at\/survivalshop\/shop\/boeker-boxer-edc-brown-aus-reinis-video\/#primaryimage\",\"url\":\"https:\/\/ueberlebenskunst.at\/survivalshop\/wp-content\/uploads\/2024\/06\/111029.jpg\",\"contentUrl\":\"https:\/\/ueberlebenskunst.at\/survivalshop\/wp-content\/uploads\/2024\/06\/111029.jpg\",\"width\":400,\"height\":398},{\"@type\":\"BreadcrumbList\",\"@id\":\"https:\/\/ueberlebenskunst.at\/survivalshop\/shop\/boeker-boxer-edc-brown-aus-reinis-video\/#breadcrumb\",\"itemListElement\":[{\"@type\":\"ListItem\",\"position\":1,\"name\":\"Startseite\",\"item\":\"https:\/\/ueberlebenskunst.at\/survivalshop\/\"},{\"@type\":\"ListItem\",\"position\":2,\"name\":\"Shop\",\"item\":\"https:\/\/ueberlebenskunst.at\/survivalshop\/shop\/\"},{\"@type\":\"ListItem\",\"position\":3,\"name\":\"Reini Unikat Messer: B\u00f6ker Boxer EDC Brown aus Reinis Video\"}]},{\"@type\":\"WebSite\",\"@id\":\"https:\/\/ueberlebenskunst.at\/survivalshop\/#website\",\"url\":\"https:\/\/ueberlebenskunst.at\/survivalshop\/\",\"name\":\"Reini Rossmann - Survival Shop\",\"description\":\"Survival Shop f\u00fcr Survival, Bushcraft und Prepper\",\"potentialAction\":[{\"@type\":\"SearchAction\",\"target\":{\"@type\":\"EntryPoint\",\"urlTemplate\":\"https:\/\/ueberlebenskunst.at\/survivalshop\/?s={search_term_string}\"},\"query-input\":{\"@type\":\"PropertyValueSpecification\",\"valueRequired\":true,\"valueName\":\"search_term_string\"}}],\"inLanguage\":\"de\"}]}<\/script>\n<!-- \/ Yoast SEO plugin. -->","yoast_head_json":{"title":"Reini Unikat Messer: B\u00f6ker Boxer EDC Brown aus Reinis Video - Reini Rossmann - Survival Shop","description":"Das hier angebotene Messer ist ein Unikat und wurde von Reini Rossmann in dem Youtube Video \u00fcber dieses Messer benutzt. Das bedeutet es ist keine Neuware, aber du kaufst genau das Messer aus diesem Video.","robots":{"index":"index","follow":"follow","max-snippet":"max-snippet:-1","max-image-preview":"max-image-preview:large","max-video-preview":"max-video-preview:-1"},"canonical":"https:\/\/ueberlebenskunst.at\/survivalshop\/shop\/boeker-boxer-edc-brown-aus-reinis-video\/","og_locale":"de_DE","og_type":"article","og_title":"Reini Unikat Messer: B\u00f6ker Boxer EDC Brown aus Reinis Video - Reini Rossmann - Survival Shop","og_description":"Das hier angebotene Messer ist ein Unikat und wurde von Reini Rossmann in dem Youtube Video \u00fcber dieses Messer benutzt. Das bedeutet es ist keine Neuware, aber du kaufst genau das Messer aus diesem Video.","og_url":"https:\/\/ueberlebenskunst.at\/survivalshop\/shop\/boeker-boxer-edc-brown-aus-reinis-video\/","og_site_name":"Reini Rossmann - Survival Shop","article_publisher":"https:\/\/www.facebook.com\/survival24.org\/","article_modified_time":"2026-04-30T04:32:18+00:00","og_image":[{"width":400,"height":398,"url":"https:\/\/ueberlebenskunst.at\/survivalshop\/wp-content\/uploads\/2024\/06\/111029.jpg","type":"image\/jpeg"}],"twitter_card":"summary_large_image","twitter_misc":{"Gesch\u00e4tzte Lesezeit":"2\u00a0Minuten"},"schema":{"@context":"https:\/\/schema.org","@graph":[{"@type":"WebPage","@id":"https:\/\/ueberlebenskunst.at\/survivalshop\/shop\/boeker-boxer-edc-brown-aus-reinis-video\/","url":"https:\/\/ueberlebenskunst.at\/survivalshop\/shop\/boeker-boxer-edc-brown-aus-reinis-video\/","name":"Reini Unikat Messer: B\u00f6ker Boxer EDC Brown aus Reinis Video - Reini Rossmann - Survival Shop","isPartOf":{"@id":"https:\/\/ueberlebenskunst.at\/survivalshop\/#website"},"primaryImageOfPage":{"@id":"https:\/\/ueberlebenskunst.at\/survivalshop\/shop\/boeker-boxer-edc-brown-aus-reinis-video\/#primaryimage"},"image":{"@id":"https:\/\/ueberlebenskunst.at\/survivalshop\/shop\/boeker-boxer-edc-brown-aus-reinis-video\/#primaryimage"},"thumbnailUrl":"https:\/\/ueberlebenskunst.at\/survivalshop\/wp-content\/uploads\/2024\/06\/111029.jpg","datePublished":"2024-08-16T08:23:44+00:00","dateModified":"2026-04-30T04:32:18+00:00","description":"Das hier angebotene Messer ist ein Unikat und wurde von Reini Rossmann in dem Youtube Video \u00fcber dieses Messer benutzt. Das bedeutet es ist keine Neuware, aber du kaufst genau das Messer aus diesem Video.","breadcrumb":{"@id":"https:\/\/ueberlebenskunst.at\/survivalshop\/shop\/boeker-boxer-edc-brown-aus-reinis-video\/#breadcrumb"},"inLanguage":"de","potentialAction":[{"@type":"ReadAction","target":["https:\/\/ueberlebenskunst.at\/survivalshop\/shop\/boeker-boxer-edc-brown-aus-reinis-video\/"]}]},{"@type":"ImageObject","inLanguage":"de","@id":"https:\/\/ueberlebenskunst.at\/survivalshop\/shop\/boeker-boxer-edc-brown-aus-reinis-video\/#primaryimage","url":"https:\/\/ueberlebenskunst.at\/survivalshop\/wp-content\/uploads\/2024\/06\/111029.jpg","contentUrl":"https:\/\/ueberlebenskunst.at\/survivalshop\/wp-content\/uploads\/2024\/06\/111029.jpg","width":400,"height":398},{"@type":"BreadcrumbList","@id":"https:\/\/ueberlebenskunst.at\/survivalshop\/shop\/boeker-boxer-edc-brown-aus-reinis-video\/#breadcrumb","itemListElement":[{"@type":"ListItem","position":1,"name":"Startseite","item":"https:\/\/ueberlebenskunst.at\/survivalshop\/"},{"@type":"ListItem","position":2,"name":"Shop","item":"https:\/\/ueberlebenskunst.at\/survivalshop\/shop\/"},{"@type":"ListItem","position":3,"name":"Reini Unikat Messer: B\u00f6ker Boxer EDC Brown aus Reinis Video"}]},{"@type":"WebSite","@id":"https:\/\/ueberlebenskunst.at\/survivalshop\/#website","url":"https:\/\/ueberlebenskunst.at\/survivalshop\/","name":"Reini Rossmann - Survival Shop","description":"Survival Shop f\u00fcr Survival, Bushcraft und Prepper","potentialAction":[{"@type":"SearchAction","target":{"@type":"EntryPoint","urlTemplate":"https:\/\/ueberlebenskunst.at\/survivalshop\/?s={search_term_string}"},"query-input":{"@type":"PropertyValueSpecification","valueRequired":true,"valueName":"search_term_string"}}],"inLanguage":"de"}]}},"_links":{"self":[{"href":"https:\/\/ueberlebenskunst.at\/survivalshop\/wp-json\/wp\/v2\/product\/169706","targetHints":{"allow":["GET"]}}],"collection":[{"href":"https:\/\/ueberlebenskunst.at\/survivalshop\/wp-json\/wp\/v2\/product"}],"about":[{"href":"https:\/\/ueberlebenskunst.at\/survivalshop\/wp-json\/wp\/v2\/types\/product"}],"replies":[{"embeddable":true,"href":"https:\/\/ueberlebenskunst.at\/survivalshop\/wp-json\/wp\/v2\/comments?post=169706"}],"wp:featuredmedia":[{"embeddable":true,"href":"https:\/\/ueberlebenskunst.at\/survivalshop\/wp-json\/wp\/v2\/media\/166114"}],"wp:attachment":[{"href":"https:\/\/ueberlebenskunst.at\/survivalshop\/wp-json\/wp\/v2\/media?parent=169706"}],"wp:term":[{"taxonomy":"product_brand","embeddable":true,"href":"https:\/\/ueberlebenskunst.at\/survivalshop\/wp-json\/wp\/v2\/product_brand?post=169706"},{"taxonomy":"product_cat","embeddable":true,"href":"https:\/\/ueberlebenskunst.at\/survivalshop\/wp-json\/wp\/v2\/product_cat?post=169706"},{"taxonomy":"product_tag","embeddable":true,"href":"https:\/\/ueberlebenskunst.at\/survivalshop\/wp-json\/wp\/v2\/product_tag?post=169706"}],"curies":[{"name":"wp","href":"https:\/\/api.w.org\/{rel}","templated":true}]}}