{"id":169690,"date":"2024-08-16T08:07:44","date_gmt":"2024-08-16T06:07:44","guid":{"rendered":"https:\/\/ueberlebenskunst.at\/survivalshop\/?post_type=product&#038;p=169690"},"modified":"2025-12-22T06:36:25","modified_gmt":"2025-12-22T05:36:25","slug":"viper-mirror-1-g10-ivory","status":"publish","type":"product","link":"https:\/\/ueberlebenskunst.at\/survivalshop\/shop\/viper-mirror-1-g10-ivory\/","title":{"rendered":"Viper Mirror 1 G10 Ivory"},"content":{"rendered":"<p>Konzentriert auf das Wesentliche und dennoch f\u00fcr viel mehr gemacht! Das Mirror 1 von Igor Bortolussi bringt eine Prise Abenteuer in den Alltag und ist ein verl\u00e4sslicher Begleiter f\u00fcr Bushcrafting, Camping und allt\u00e4gliche Aufgaben. Die feststehende Droppoint-Klinge aus M390 gleitet m\u00fchelos durch Kartons und kleine \u00c4ste und verk\u00f6rpert dabei pure Leichtigkeit. Diese Leichtigkeit setzt sich in den eleganten Linien des ergonomischen Griffs aus cremefarbenem G10 fort. Durch die Vollerlbauweise bietet das Messer herausragende Stabilit\u00e4t und sichere Handhabung. Es wird mit einer Lederscheide mit magnetischem Clip geliefert.<\/p>\n<h3>Produktdaten:<\/h3>\n<ul>\n<li>Gesamtl\u00e4nge: 17,6 cm<\/li>\n<li>Klingenl\u00e4nge: 7,9 cm<\/li>\n<li>Gewicht: 95 g<\/li>\n<li>Klingenst\u00e4rke: 3 mm<\/li>\n<li>Klingenmaterial: M390<\/li>\n<li>Griffmaterial: G10<\/li>\n<\/ul>\n","protected":false},"excerpt":{"rendered":"<p>Konzentriert auf das Wesentliche und dennoch f\u00fcr viel mehr gemacht! Das Mirror 1 von Igor Bortolussi bringt eine Prise Abenteuer in den Alltag und ist ein verl\u00e4sslicher Begleiter f\u00fcr Bushcrafting, Camping und allt\u00e4gliche Aufgaben. Die feststehende Droppoint-Klinge aus M390 gleitet m\u00fchelos durch Kartons und kleine \u00c4ste und verk\u00f6rpert dabei pure Leichtigkeit. Diese Leichtigkeit setzt sich [&hellip;]<\/p>\n","protected":false},"featured_media":169691,"comment_status":"open","ping_status":"closed","template":"","meta":{"_acf_changed":false},"product_brand":[],"product_cat":[1805],"product_tag":[984],"class_list":{"0":"post-169690","1":"product","2":"type-product","3":"status-publish","4":"has-post-thumbnail","6":"product_cat-messer-messer-tools","7":"product_tag-viper","9":"first","10":"instock","11":"taxable","12":"shipping-taxable","13":"purchasable","14":"product-type-simple"},"acf":[],"yoast_head":"<!-- This site is optimized with the Yoast SEO plugin v27.1.1 - https:\/\/yoast.com\/product\/yoast-seo-wordpress\/ -->\n<title>Viper Mirror 1 G10 Ivory - Reini Rossmann - Survival Shop<\/title>\n<meta name=\"description\" content=\"Konzentriert auf das Wesentliche und dennoch f\u00fcr viel mehr gemacht! Das Mirror 1 von Igor Bortolussi bringt eine Prise Abenteuer in den Alltag und ist ein verl\u00e4sslicher Begleiter f\u00fcr Bushcrafting, Camping und allt\u00e4gliche Aufgaben\" \/>\n<meta name=\"robots\" content=\"index, follow, max-snippet:-1, max-image-preview:large, max-video-preview:-1\" \/>\n<link rel=\"canonical\" href=\"https:\/\/ueberlebenskunst.at\/survivalshop\/shop\/viper-mirror-1-g10-ivory\/\" \/>\n<meta property=\"og:locale\" content=\"de_DE\" \/>\n<meta property=\"og:type\" content=\"article\" \/>\n<meta property=\"og:title\" content=\"Viper Mirror 1 G10 Ivory - Reini Rossmann - Survival Shop\" \/>\n<meta property=\"og:description\" content=\"Konzentriert auf das Wesentliche und dennoch f\u00fcr viel mehr gemacht! Das Mirror 1 von Igor Bortolussi bringt eine Prise Abenteuer in den Alltag und ist ein verl\u00e4sslicher Begleiter f\u00fcr Bushcrafting, Camping und allt\u00e4gliche Aufgaben\" \/>\n<meta property=\"og:url\" content=\"https:\/\/ueberlebenskunst.at\/survivalshop\/shop\/viper-mirror-1-g10-ivory\/\" \/>\n<meta property=\"og:site_name\" content=\"Reini Rossmann - Survival Shop\" \/>\n<meta property=\"article:publisher\" content=\"https:\/\/www.facebook.com\/survival24.org\/\" \/>\n<meta property=\"article:modified_time\" content=\"2025-12-22T05:36:25+00:00\" \/>\n<meta property=\"og:image\" content=\"https:\/\/ueberlebenskunst.at\/survivalshop\/wp-content\/uploads\/2024\/08\/02VP186.jpg\" \/>\n\t<meta property=\"og:image:width\" content=\"400\" \/>\n\t<meta property=\"og:image:height\" content=\"399\" \/>\n\t<meta property=\"og:image:type\" content=\"image\/jpeg\" \/>\n<meta name=\"twitter:card\" content=\"summary_large_image\" \/>\n<meta name=\"twitter:label1\" content=\"Gesch\u00e4tzte Lesezeit\" \/>\n\t<meta name=\"twitter:data1\" content=\"1\u00a0Minute\" \/>\n<script type=\"application\/ld+json\" class=\"yoast-schema-graph\">{\"@context\":\"https:\/\/schema.org\",\"@graph\":[{\"@type\":\"WebPage\",\"@id\":\"https:\/\/ueberlebenskunst.at\/survivalshop\/shop\/viper-mirror-1-g10-ivory\/\",\"url\":\"https:\/\/ueberlebenskunst.at\/survivalshop\/shop\/viper-mirror-1-g10-ivory\/\",\"name\":\"Viper Mirror 1 G10 Ivory - Reini Rossmann - Survival Shop\",\"isPartOf\":{\"@id\":\"https:\/\/ueberlebenskunst.at\/survivalshop\/#website\"},\"primaryImageOfPage\":{\"@id\":\"https:\/\/ueberlebenskunst.at\/survivalshop\/shop\/viper-mirror-1-g10-ivory\/#primaryimage\"},\"image\":{\"@id\":\"https:\/\/ueberlebenskunst.at\/survivalshop\/shop\/viper-mirror-1-g10-ivory\/#primaryimage\"},\"thumbnailUrl\":\"https:\/\/ueberlebenskunst.at\/survivalshop\/wp-content\/uploads\/2024\/08\/02VP186.jpg\",\"datePublished\":\"2024-08-16T06:07:44+00:00\",\"dateModified\":\"2025-12-22T05:36:25+00:00\",\"description\":\"Konzentriert auf das Wesentliche und dennoch f\u00fcr viel mehr gemacht! Das Mirror 1 von Igor Bortolussi bringt eine Prise Abenteuer in den Alltag und ist ein verl\u00e4sslicher Begleiter f\u00fcr Bushcrafting, Camping und allt\u00e4gliche Aufgaben\",\"breadcrumb\":{\"@id\":\"https:\/\/ueberlebenskunst.at\/survivalshop\/shop\/viper-mirror-1-g10-ivory\/#breadcrumb\"},\"inLanguage\":\"de\",\"potentialAction\":[{\"@type\":\"ReadAction\",\"target\":[\"https:\/\/ueberlebenskunst.at\/survivalshop\/shop\/viper-mirror-1-g10-ivory\/\"]}]},{\"@type\":\"ImageObject\",\"inLanguage\":\"de\",\"@id\":\"https:\/\/ueberlebenskunst.at\/survivalshop\/shop\/viper-mirror-1-g10-ivory\/#primaryimage\",\"url\":\"https:\/\/ueberlebenskunst.at\/survivalshop\/wp-content\/uploads\/2024\/08\/02VP186.jpg\",\"contentUrl\":\"https:\/\/ueberlebenskunst.at\/survivalshop\/wp-content\/uploads\/2024\/08\/02VP186.jpg\",\"width\":400,\"height\":399},{\"@type\":\"BreadcrumbList\",\"@id\":\"https:\/\/ueberlebenskunst.at\/survivalshop\/shop\/viper-mirror-1-g10-ivory\/#breadcrumb\",\"itemListElement\":[{\"@type\":\"ListItem\",\"position\":1,\"name\":\"Startseite\",\"item\":\"https:\/\/ueberlebenskunst.at\/survivalshop\/\"},{\"@type\":\"ListItem\",\"position\":2,\"name\":\"Shop\",\"item\":\"https:\/\/ueberlebenskunst.at\/survivalshop\/shop\/\"},{\"@type\":\"ListItem\",\"position\":3,\"name\":\"Viper Mirror 1 G10 Ivory\"}]},{\"@type\":\"WebSite\",\"@id\":\"https:\/\/ueberlebenskunst.at\/survivalshop\/#website\",\"url\":\"https:\/\/ueberlebenskunst.at\/survivalshop\/\",\"name\":\"Reini Rossmann - Survival Shop\",\"description\":\"Survival Shop f\u00fcr Survival, Bushcraft und Prepper\",\"potentialAction\":[{\"@type\":\"SearchAction\",\"target\":{\"@type\":\"EntryPoint\",\"urlTemplate\":\"https:\/\/ueberlebenskunst.at\/survivalshop\/?s={search_term_string}\"},\"query-input\":{\"@type\":\"PropertyValueSpecification\",\"valueRequired\":true,\"valueName\":\"search_term_string\"}}],\"inLanguage\":\"de\"}]}<\/script>\n<!-- \/ Yoast SEO plugin. -->","yoast_head_json":{"title":"Viper Mirror 1 G10 Ivory - Reini Rossmann - Survival Shop","description":"Konzentriert auf das Wesentliche und dennoch f\u00fcr viel mehr gemacht! Das Mirror 1 von Igor Bortolussi bringt eine Prise Abenteuer in den Alltag und ist ein verl\u00e4sslicher Begleiter f\u00fcr Bushcrafting, Camping und allt\u00e4gliche Aufgaben","robots":{"index":"index","follow":"follow","max-snippet":"max-snippet:-1","max-image-preview":"max-image-preview:large","max-video-preview":"max-video-preview:-1"},"canonical":"https:\/\/ueberlebenskunst.at\/survivalshop\/shop\/viper-mirror-1-g10-ivory\/","og_locale":"de_DE","og_type":"article","og_title":"Viper Mirror 1 G10 Ivory - Reini Rossmann - Survival Shop","og_description":"Konzentriert auf das Wesentliche und dennoch f\u00fcr viel mehr gemacht! Das Mirror 1 von Igor Bortolussi bringt eine Prise Abenteuer in den Alltag und ist ein verl\u00e4sslicher Begleiter f\u00fcr Bushcrafting, Camping und allt\u00e4gliche Aufgaben","og_url":"https:\/\/ueberlebenskunst.at\/survivalshop\/shop\/viper-mirror-1-g10-ivory\/","og_site_name":"Reini Rossmann - Survival Shop","article_publisher":"https:\/\/www.facebook.com\/survival24.org\/","article_modified_time":"2025-12-22T05:36:25+00:00","og_image":[{"width":400,"height":399,"url":"https:\/\/ueberlebenskunst.at\/survivalshop\/wp-content\/uploads\/2024\/08\/02VP186.jpg","type":"image\/jpeg"}],"twitter_card":"summary_large_image","twitter_misc":{"Gesch\u00e4tzte Lesezeit":"1\u00a0Minute"},"schema":{"@context":"https:\/\/schema.org","@graph":[{"@type":"WebPage","@id":"https:\/\/ueberlebenskunst.at\/survivalshop\/shop\/viper-mirror-1-g10-ivory\/","url":"https:\/\/ueberlebenskunst.at\/survivalshop\/shop\/viper-mirror-1-g10-ivory\/","name":"Viper Mirror 1 G10 Ivory - Reini Rossmann - Survival Shop","isPartOf":{"@id":"https:\/\/ueberlebenskunst.at\/survivalshop\/#website"},"primaryImageOfPage":{"@id":"https:\/\/ueberlebenskunst.at\/survivalshop\/shop\/viper-mirror-1-g10-ivory\/#primaryimage"},"image":{"@id":"https:\/\/ueberlebenskunst.at\/survivalshop\/shop\/viper-mirror-1-g10-ivory\/#primaryimage"},"thumbnailUrl":"https:\/\/ueberlebenskunst.at\/survivalshop\/wp-content\/uploads\/2024\/08\/02VP186.jpg","datePublished":"2024-08-16T06:07:44+00:00","dateModified":"2025-12-22T05:36:25+00:00","description":"Konzentriert auf das Wesentliche und dennoch f\u00fcr viel mehr gemacht! Das Mirror 1 von Igor Bortolussi bringt eine Prise Abenteuer in den Alltag und ist ein verl\u00e4sslicher Begleiter f\u00fcr Bushcrafting, Camping und allt\u00e4gliche Aufgaben","breadcrumb":{"@id":"https:\/\/ueberlebenskunst.at\/survivalshop\/shop\/viper-mirror-1-g10-ivory\/#breadcrumb"},"inLanguage":"de","potentialAction":[{"@type":"ReadAction","target":["https:\/\/ueberlebenskunst.at\/survivalshop\/shop\/viper-mirror-1-g10-ivory\/"]}]},{"@type":"ImageObject","inLanguage":"de","@id":"https:\/\/ueberlebenskunst.at\/survivalshop\/shop\/viper-mirror-1-g10-ivory\/#primaryimage","url":"https:\/\/ueberlebenskunst.at\/survivalshop\/wp-content\/uploads\/2024\/08\/02VP186.jpg","contentUrl":"https:\/\/ueberlebenskunst.at\/survivalshop\/wp-content\/uploads\/2024\/08\/02VP186.jpg","width":400,"height":399},{"@type":"BreadcrumbList","@id":"https:\/\/ueberlebenskunst.at\/survivalshop\/shop\/viper-mirror-1-g10-ivory\/#breadcrumb","itemListElement":[{"@type":"ListItem","position":1,"name":"Startseite","item":"https:\/\/ueberlebenskunst.at\/survivalshop\/"},{"@type":"ListItem","position":2,"name":"Shop","item":"https:\/\/ueberlebenskunst.at\/survivalshop\/shop\/"},{"@type":"ListItem","position":3,"name":"Viper Mirror 1 G10 Ivory"}]},{"@type":"WebSite","@id":"https:\/\/ueberlebenskunst.at\/survivalshop\/#website","url":"https:\/\/ueberlebenskunst.at\/survivalshop\/","name":"Reini Rossmann - Survival Shop","description":"Survival Shop f\u00fcr Survival, Bushcraft und Prepper","potentialAction":[{"@type":"SearchAction","target":{"@type":"EntryPoint","urlTemplate":"https:\/\/ueberlebenskunst.at\/survivalshop\/?s={search_term_string}"},"query-input":{"@type":"PropertyValueSpecification","valueRequired":true,"valueName":"search_term_string"}}],"inLanguage":"de"}]}},"_links":{"self":[{"href":"https:\/\/ueberlebenskunst.at\/survivalshop\/wp-json\/wp\/v2\/product\/169690","targetHints":{"allow":["GET"]}}],"collection":[{"href":"https:\/\/ueberlebenskunst.at\/survivalshop\/wp-json\/wp\/v2\/product"}],"about":[{"href":"https:\/\/ueberlebenskunst.at\/survivalshop\/wp-json\/wp\/v2\/types\/product"}],"replies":[{"embeddable":true,"href":"https:\/\/ueberlebenskunst.at\/survivalshop\/wp-json\/wp\/v2\/comments?post=169690"}],"wp:featuredmedia":[{"embeddable":true,"href":"https:\/\/ueberlebenskunst.at\/survivalshop\/wp-json\/wp\/v2\/media\/169691"}],"wp:attachment":[{"href":"https:\/\/ueberlebenskunst.at\/survivalshop\/wp-json\/wp\/v2\/media?parent=169690"}],"wp:term":[{"taxonomy":"product_brand","embeddable":true,"href":"https:\/\/ueberlebenskunst.at\/survivalshop\/wp-json\/wp\/v2\/product_brand?post=169690"},{"taxonomy":"product_cat","embeddable":true,"href":"https:\/\/ueberlebenskunst.at\/survivalshop\/wp-json\/wp\/v2\/product_cat?post=169690"},{"taxonomy":"product_tag","embeddable":true,"href":"https:\/\/ueberlebenskunst.at\/survivalshop\/wp-json\/wp\/v2\/product_tag?post=169690"}],"curies":[{"name":"wp","href":"https:\/\/api.w.org\/{rel}","templated":true}]}}